{"id":425,"date":"2019-02-15T12:49:06","date_gmt":"2019-02-15T12:49:06","guid":{"rendered":"https:\/\/k8s.p4.greenpeace.org\/defaultcontent\/?page_id=425"},"modified":"2026-04-02T12:58:18","modified_gmt":"2026-04-02T09:58:18","slug":"aer-curat","status":"publish","type":"page","link":"https:\/\/www.greenpeace.org\/romania\/campanii\/clima-si-energie\/aer-curat\/","title":{"rendered":"#AerCuratAcum"},"content":{"rendered":"\n                    <div class=\"wp-block-group is-vertical is-layout-flex wp-container-core-group-is-layout-8cf370e7 wp-block-group-is-layout-flex\">\n                    \n                                <p><span data-sheets-value=\"{&quot;1&quot;:2,&quot;2&quot;:&quot;Poluarea aerului este o problem\u0103 invizibil\u0103. \u00cen fiecare zi, fiecare dintre noi respir\u0103 \u00eentre 15.000 \u0219i 20.000 de litri de aer \u2013 suficient pentru a umple, \u00eentr-un an, volumul a trei baloane cu aer cald. O bun\u0103 calitate a aerului este o condi\u021bie prealabil\u0103 pentru s\u0103n\u0103tate \u0219i prosperitate. Deteriorarea pe termen lung a calit\u0103\u021bii aerului poate duce la consecin\u021be grave pentru s\u0103n\u0103tatea noastr\u0103, cum ar fi astmul, bolile cardiovasculare, cancer pulmonar, boli legate de sistemul nervos \u0219i cel de reproducere.&quot;}\" data-sheets-userformat=\"{&quot;2&quot;:4993,&quot;3&quot;:{&quot;1&quot;:0},&quot;10&quot;:1,&quot;11&quot;:4,&quot;12&quot;:0,&quot;15&quot;:&quot;arial,sans,sans-serif&quot;}\">Poluarea aerului este o problem\u0103 invizibil\u0103. \u00cen fiecare zi, fiecare dintre noi respir\u0103 \u00eentre 15.000 \u0219i 20.000 de litri de aer \u2013 suficient pentru a umple, \u00eentr-un an, volumul a trei baloane cu aer cald. <\/span>\r\n\r\n<span data-sheets-value=\"{&quot;1&quot;:2,&quot;2&quot;:&quot;Poluarea aerului este o problem\u0103 invizibil\u0103. \u00cen fiecare zi, fiecare dintre noi respir\u0103 \u00eentre 15.000 \u0219i 20.000 de litri de aer \u2013 suficient pentru a umple, \u00eentr-un an, volumul a trei baloane cu aer cald. O bun\u0103 calitate a aerului este o condi\u021bie prealabil\u0103 pentru s\u0103n\u0103tate \u0219i prosperitate. Deteriorarea pe termen lung a calit\u0103\u021bii aerului poate duce la consecin\u021be grave pentru s\u0103n\u0103tatea noastr\u0103, cum ar fi astmul, bolile cardiovasculare, cancer pulmonar, boli legate de sistemul nervos \u0219i cel de reproducere.&quot;}\" data-sheets-userformat=\"{&quot;2&quot;:4993,&quot;3&quot;:{&quot;1&quot;:0},&quot;10&quot;:1,&quot;11&quot;:4,&quot;12&quot;:0,&quot;15&quot;:&quot;arial,sans,sans-serif&quot;}\">O bun\u0103 calitate a aerului este o condi\u021bie prealabil\u0103 pentru s\u0103n\u0103tate \u0219i prosperitate. <\/span>\r\n\r\n<span data-sheets-value=\"{&quot;1&quot;:2,&quot;2&quot;:&quot;Poluarea aerului este o problem\u0103 invizibil\u0103. \u00cen fiecare zi, fiecare dintre noi respir\u0103 \u00eentre 15.000 \u0219i 20.000 de litri de aer \u2013 suficient pentru a umple, \u00eentr-un an, volumul a trei baloane cu aer cald. O bun\u0103 calitate a aerului este o condi\u021bie prealabil\u0103 pentru s\u0103n\u0103tate \u0219i prosperitate. Deteriorarea pe termen lung a calit\u0103\u021bii aerului poate duce la consecin\u021be grave pentru s\u0103n\u0103tatea noastr\u0103, cum ar fi astmul, bolile cardiovasculare, cancer pulmonar, boli legate de sistemul nervos \u0219i cel de reproducere.&quot;}\" data-sheets-userformat=\"{&quot;2&quot;:4993,&quot;3&quot;:{&quot;1&quot;:0},&quot;10&quot;:1,&quot;11&quot;:4,&quot;12&quot;:0,&quot;15&quot;:&quot;arial,sans,sans-serif&quot;}\">Deteriorarea pe termen lung a calit\u0103\u021bii aerului poate duce la consecin\u021be grave pentru s\u0103n\u0103tatea noastr\u0103, cum ar fi astmul, bolile cardiovasculare, cancer pulmonar, boli legate de sistemul nervos \u0219i cel de reproducere.<\/span><\/p>\n                            \n\n                    \n                    <\/div>\n                    \n    <div class=\"wp-block-query posts-list p4-query-loop is-custom-layout-list is-layout-flow wp-block-query-is-layout-flow\">\n        <div class=\"wp-block-group is-content-justification-space-between is-layout-flex wp-container-core-group-is-layout-3d213aab wp-block-group-is-layout-flex\"><h2 class=\"wp-block-heading\">Articole similare<\/h2>\n        <li class=\" wp-block-navigation-item see-all-link wp-block-navigation-link\"><a class=\"wp-block-navigation-item__content\"  href=\"http:\/\/www.greenpeace.org\/romania\/news-stories\/?tag=aer-curat&#038;post-type=\"><span class=\"wp-block-navigation-item__label\">See all stories<\/span><\/a><\/li>\n        \n        <\/div>\n        \n\n    <p style=\"margin-top: 24px; margin-bottom: 36px;\"><\/p>\n\n    <div class=\"wp-block-query-no-results\">\n        <p >No posts found.<\/p>\n        <\/div>\n\n    \n\n    \n<div class=\"wp-block-buttons carousel-controls is-horizontal is-content-justification-space-between is-nowrap is-layout-flex wp-container-core-buttons-is-layout-044bd602 wp-block-buttons-is-layout-flex\">\n            <div class=\"wp-block-button carousel-control-prev\"><button type=\"button\" class=\"wp-block-button__link wp-element-button\">Prev<\/button><\/div>\n        \n\n            <div class=\"wp-block-button carousel-control-next\"><button type=\"button\" class=\"wp-block-button__link wp-element-button\">Next<\/button><\/div>\n        <\/div>\n\n\n    <li class=\" wp-block-navigation-item see-all-link wp-block-navigation-link\"><a class=\"wp-block-navigation-item__content\"  href=\"http:\/\/www.greenpeace.org\/romania\/news-stories\/?tag=aer-curat&#038;post-type=\"><span class=\"wp-block-navigation-item__label\">See all stories<\/span><\/a><\/li><\/div>\n    ","protected":false},"excerpt":{"rendered":"<p>Poluarea aerului este o problem\u0103 invizibil\u0103. \u00cen fiecare zi, fiecare dintre noi respir\u0103 \u00eentre 15.000 \u0219i 20.000 de litri de aer \u2013 suficient pentru a umple, \u00eentr-un an, volumul a trei baloane cu aer cald. O bun\u0103 calitate a aerului este o condi\u021bie prealabil\u0103 pentru s\u0103n\u0103tate \u0219i prosperitate. Deteriorarea pe termen lung a calit\u0103\u021bii aerului [&hellip;]<\/p>\n","protected":false},"author":5,"featured_media":1188,"parent":60,"menu_order":0,"comment_status":"closed","ping_status":"closed","template":"","meta":{"ep_exclude_from_search":false,"p4_hide_page_title_checkbox":"","p4_title":"","p4_subtitle":"","p4_description":"","background_image_id":"","background_image":"","p4_button_title":"","p4_button_link":"","p4_button_link_checkbox":"","p4_og_title":"","p4_og_description":"","p4_og_image":"","p4_og_image_id":"","p4_seo_canonical_url":"","p4_campaign_name":"not set","p4_local_project":"not set","p4_basket_name":"not set","p4_department":"","footnotes":""},"categories":[2],"tags":[132],"class_list":["post-425","page","type-page","status-publish","has-post-thumbnail","hentry","category-clima-si-energie","tag-campanii-vechi"],"_links":{"self":[{"href":"https:\/\/www.greenpeace.org\/romania\/wp-json\/wp\/v2\/pages\/425","targetHints":{"allow":["GET"]}}],"collection":[{"href":"https:\/\/www.greenpeace.org\/romania\/wp-json\/wp\/v2\/pages"}],"about":[{"href":"https:\/\/www.greenpeace.org\/romania\/wp-json\/wp\/v2\/types\/page"}],"author":[{"embeddable":true,"href":"https:\/\/www.greenpeace.org\/romania\/wp-json\/wp\/v2\/users\/5"}],"replies":[{"embeddable":true,"href":"https:\/\/www.greenpeace.org\/romania\/wp-json\/wp\/v2\/comments?post=425"}],"version-history":[{"count":20,"href":"https:\/\/www.greenpeace.org\/romania\/wp-json\/wp\/v2\/pages\/425\/revisions"}],"predecessor-version":[{"id":11689,"href":"https:\/\/www.greenpeace.org\/romania\/wp-json\/wp\/v2\/pages\/425\/revisions\/11689"}],"up":[{"embeddable":true,"href":"https:\/\/www.greenpeace.org\/romania\/wp-json\/wp\/v2\/pages\/60"}],"wp:featuredmedia":[{"embeddable":true,"href":"https:\/\/www.greenpeace.org\/romania\/wp-json\/wp\/v2\/media\/1188"}],"wp:attachment":[{"href":"https:\/\/www.greenpeace.org\/romania\/wp-json\/wp\/v2\/media?parent=425"}],"wp:term":[{"taxonomy":"category","embeddable":true,"href":"https:\/\/www.greenpeace.org\/romania\/wp-json\/wp\/v2\/categories?post=425"},{"taxonomy":"post_tag","embeddable":true,"href":"https:\/\/www.greenpeace.org\/romania\/wp-json\/wp\/v2\/tags?post=425"}],"curies":[{"name":"wp","href":"https:\/\/api.w.org\/{rel}","templated":true}]}}