{"id":427,"date":"2019-02-15T12:50:35","date_gmt":"2019-02-15T12:50:35","guid":{"rendered":"https:\/\/k8s.p4.greenpeace.org\/defaultcontent\/?page_id=427"},"modified":"2026-04-08T11:56:49","modified_gmt":"2026-04-08T08:56:49","slug":"prosumatori","status":"publish","type":"page","link":"https:\/\/www.greenpeace.org\/romania\/campanii\/clima-si-energie\/prosumatori\/","title":{"rendered":"#Prosumatori"},"content":{"rendered":"\n                    <div class=\"wp-block-group is-vertical is-layout-flex wp-container-core-group-is-layout-8cf370e7 wp-block-group-is-layout-flex\">\n                    \n                                <p><span data-sheets-value=\"{&quot;1&quot;:2,&quot;2&quot;:&quot;Era consumatorului e pe cale s\u0103 apun\u0103. Instal\u00e2ndu-\u0219i un sistem fotovoltaic, prosumatorul - produc\u0103tor \u0219i consumator \u00een acela\u0219i timp - alege s\u0103 \u00ee\u0219i genereze singur energia din surse regenerabile, curate. Iar surplusul de energie \u00eel vinde \u00een re\u021bea!nCondi\u021biile climatice, tehnologia, \u0219i mai nou, legisla\u021bia \u0219i reglement\u0103rile din Rom\u00e2nia, permit apari\u021bia prosumatorilor pe pia\u021ba de energie. Prosumatorii pot juca un rol important \u00een transformarea sistemelor energetice actuale. Putem produce energia local, curat, echitabil.&quot;}\" data-sheets-userformat=\"{&quot;2&quot;:4993,&quot;3&quot;:{&quot;1&quot;:0},&quot;10&quot;:1,&quot;11&quot;:4,&quot;12&quot;:0,&quot;15&quot;:&quot;arial,sans,sans-serif&quot;}\">Era consumatorului e pe cale s\u0103 apun\u0103. Instal\u00e2ndu-\u0219i un sistem fotovoltaic, prosumatorul &#8211; produc\u0103tor \u0219i consumator \u00een acela\u0219i timp &#8211; alege s\u0103 \u00ee\u0219i genereze singur energia din surse regenerabile, curate. <\/span>\r\n\r\n<span data-sheets-value=\"{&quot;1&quot;:2,&quot;2&quot;:&quot;Era consumatorului e pe cale s\u0103 apun\u0103. Instal\u00e2ndu-\u0219i un sistem fotovoltaic, prosumatorul - produc\u0103tor \u0219i consumator \u00een acela\u0219i timp - alege s\u0103 \u00ee\u0219i genereze singur energia din surse regenerabile, curate. Iar surplusul de energie \u00eel vinde \u00een re\u021bea!nCondi\u021biile climatice, tehnologia, \u0219i mai nou, legisla\u021bia \u0219i reglement\u0103rile din Rom\u00e2nia, permit apari\u021bia prosumatorilor pe pia\u021ba de energie. Prosumatorii pot juca un rol important \u00een transformarea sistemelor energetice actuale. Putem produce energia local, curat, echitabil.&quot;}\" data-sheets-userformat=\"{&quot;2&quot;:4993,&quot;3&quot;:{&quot;1&quot;:0},&quot;10&quot;:1,&quot;11&quot;:4,&quot;12&quot;:0,&quot;15&quot;:&quot;arial,sans,sans-serif&quot;}\">Iar surplusul de energie \u00eel vinde \u00een re\u021bea!<\/span>\r\n\r\n<span data-sheets-value=\"{&quot;1&quot;:2,&quot;2&quot;:&quot;Era consumatorului e pe cale s\u0103 apun\u0103. Instal\u00e2ndu-\u0219i un sistem fotovoltaic, prosumatorul - produc\u0103tor \u0219i consumator \u00een acela\u0219i timp - alege s\u0103 \u00ee\u0219i genereze singur energia din surse regenerabile, curate. Iar surplusul de energie \u00eel vinde \u00een re\u021bea!nCondi\u021biile climatice, tehnologia, \u0219i mai nou, legisla\u021bia \u0219i reglement\u0103rile din Rom\u00e2nia, permit apari\u021bia prosumatorilor pe pia\u021ba de energie. Prosumatorii pot juca un rol important \u00een transformarea sistemelor energetice actuale. Putem produce energia local, curat, echitabil.&quot;}\" data-sheets-userformat=\"{&quot;2&quot;:4993,&quot;3&quot;:{&quot;1&quot;:0},&quot;10&quot;:1,&quot;11&quot;:4,&quot;12&quot;:0,&quot;15&quot;:&quot;arial,sans,sans-serif&quot;}\">Condi\u021biile climatice, tehnologia, \u0219i mai nou, legisla\u021bia \u0219i reglement\u0103rile din Rom\u00e2nia, permit apari\u021bia prosumatorilor pe pia\u021ba de energie. Prosumatorii pot juca un rol important \u00een transformarea sistemelor energetice actuale. Putem produce energia local, curat, echitabil.<\/span><\/p>\n                            \n\n                    \n                    <\/div>\n                    \n        <div class=\"wp-block-query actions-list p4-query-loop is-custom-layout-actions-list is-custom-layout-grid is-layout-grid wp-container-core-query-is-layout-29f43435 wp-block-query-is-layout-grid\"><h2 class=\"wp-block-heading\"><\/h2>\n        <p style=\"margin-top: 24px; margin-bottom: 32px;\"><\/p>\n        <div class=\"wp-block-query-no-results\">\n        <p >No posts found.<\/p>\n        <\/div>\n        \n        \n<div class=\"wp-block-buttons carousel-controls is-horizontal is-content-justification-space-between is-nowrap is-layout-flex wp-container-core-buttons-is-layout-044bd602 wp-block-buttons-is-layout-flex\">\n            <div class=\"wp-block-button carousel-control-prev\"><button type=\"button\" class=\"wp-block-button__link wp-element-button\">Prev<\/button><\/div>\n        \n\n            <div class=\"wp-block-button carousel-control-next\"><button type=\"button\" class=\"wp-block-button__link wp-element-button\">Next<\/button><\/div>\n        <\/div>\n\n        \n<div class=\"wp-block-buttons load-more-actions-container is-content-justification-center is-layout-flex wp-container-core-buttons-is-layout-16018d1d wp-block-buttons-is-layout-flex\">\n                <div class=\"wp-block-button is-style-secondary\"><button type=\"button\" class=\"wp-block-button__link wp-element-button\">Vezi mai multe<\/button><\/div>\n            \n<\/div>\n<\/div>\n        \n    <div class=\"wp-block-query posts-list p4-query-loop is-custom-layout-list is-layout-flow wp-block-query-is-layout-flow\">\n        <div class=\"wp-block-group is-content-justification-space-between is-layout-flex wp-container-core-group-is-layout-3d213aab wp-block-group-is-layout-flex\"><h2 class=\"wp-block-heading\">Articole similare<\/h2>\n        <li class=\" wp-block-navigation-item see-all-link wp-block-navigation-link\"><a class=\"wp-block-navigation-item__content\"  href=\"http:\/\/www.greenpeace.org\/romania\/news-stories\/?tag=prosumatori&#038;post-type=\"><span class=\"wp-block-navigation-item__label\">See all stories<\/span><\/a><\/li>\n        \n        <\/div>\n        \n\n    <p style=\"margin-top: 24px; margin-bottom: 36px;\"><\/p>\n\n    <div class=\"wp-block-query-no-results\">\n        <p >No posts found.<\/p>\n        <\/div>\n\n    \n\n    \n<div class=\"wp-block-buttons carousel-controls is-horizontal is-content-justification-space-between is-nowrap is-layout-flex wp-container-core-buttons-is-layout-044bd602 wp-block-buttons-is-layout-flex\">\n            <div class=\"wp-block-button carousel-control-prev\"><button type=\"button\" class=\"wp-block-button__link wp-element-button\">Prev<\/button><\/div>\n        \n\n            <div class=\"wp-block-button carousel-control-next\"><button type=\"button\" class=\"wp-block-button__link wp-element-button\">Next<\/button><\/div>\n        <\/div>\n\n\n    <li class=\" wp-block-navigation-item see-all-link wp-block-navigation-link\"><a class=\"wp-block-navigation-item__content\"  href=\"http:\/\/www.greenpeace.org\/romania\/news-stories\/?tag=prosumatori&#038;post-type=\"><span class=\"wp-block-navigation-item__label\">See all stories<\/span><\/a><\/li><\/div>\n    <div data-render=\"planet4-blocks\/happypoint\" data-attributes=\"{&quot;attributes&quot;:{&quot;id&quot;:343,&quot;focus_image&quot;:&quot;50% 50%&quot;,&quot;mailing_list_iframe&quot;:true,&quot;opacity&quot;:30,&quot;override_default_content&quot;:false,&quot;local_content_provider&quot;:&quot;none&quot;}}\"><\/div>","protected":false},"excerpt":{"rendered":"<p>Era consumatorului e pe cale s\u0103 apun\u0103. Instal\u00e2ndu-\u0219i un sistem fotovoltaic, prosumatorul &#8211; produc\u0103tor \u0219i consumator \u00een acela\u0219i timp &#8211; alege s\u0103 \u00ee\u0219i genereze singur energia din surse regenerabile, curate. Iar surplusul de energie \u00eel vinde \u00een re\u021bea! Condi\u021biile climatice, tehnologia, \u0219i mai nou, legisla\u021bia \u0219i reglement\u0103rile din Rom\u00e2nia, permit apari\u021bia prosumatorilor pe pia\u021ba de [&hellip;]<\/p>\n","protected":false},"author":5,"featured_media":634,"parent":60,"menu_order":0,"comment_status":"closed","ping_status":"closed","template":"","meta":{"ep_exclude_from_search":false,"p4_hide_page_title_checkbox":"","p4_title":"","p4_subtitle":"","p4_description":"","background_image_id":"","background_image":"","p4_button_title":"","p4_button_link":"","p4_button_link_checkbox":"","p4_og_title":"","p4_og_description":"","p4_og_image":"","p4_og_image_id":"","p4_seo_canonical_url":"","p4_campaign_name":"not set","p4_local_project":"","p4_basket_name":"not set","p4_department":"","footnotes":""},"categories":[2],"tags":[6],"class_list":["post-427","page","type-page","status-publish","has-post-thumbnail","hentry","category-clima-si-energie","tag-prosumatori-1"],"_links":{"self":[{"href":"https:\/\/www.greenpeace.org\/romania\/wp-json\/wp\/v2\/pages\/427","targetHints":{"allow":["GET"]}}],"collection":[{"href":"https:\/\/www.greenpeace.org\/romania\/wp-json\/wp\/v2\/pages"}],"about":[{"href":"https:\/\/www.greenpeace.org\/romania\/wp-json\/wp\/v2\/types\/page"}],"author":[{"embeddable":true,"href":"https:\/\/www.greenpeace.org\/romania\/wp-json\/wp\/v2\/users\/5"}],"replies":[{"embeddable":true,"href":"https:\/\/www.greenpeace.org\/romania\/wp-json\/wp\/v2\/comments?post=427"}],"version-history":[{"count":16,"href":"https:\/\/www.greenpeace.org\/romania\/wp-json\/wp\/v2\/pages\/427\/revisions"}],"predecessor-version":[{"id":12704,"href":"https:\/\/www.greenpeace.org\/romania\/wp-json\/wp\/v2\/pages\/427\/revisions\/12704"}],"up":[{"embeddable":true,"href":"https:\/\/www.greenpeace.org\/romania\/wp-json\/wp\/v2\/pages\/60"}],"wp:featuredmedia":[{"embeddable":true,"href":"https:\/\/www.greenpeace.org\/romania\/wp-json\/wp\/v2\/media\/634"}],"wp:attachment":[{"href":"https:\/\/www.greenpeace.org\/romania\/wp-json\/wp\/v2\/media?parent=427"}],"wp:term":[{"taxonomy":"category","embeddable":true,"href":"https:\/\/www.greenpeace.org\/romania\/wp-json\/wp\/v2\/categories?post=427"},{"taxonomy":"post_tag","embeddable":true,"href":"https:\/\/www.greenpeace.org\/romania\/wp-json\/wp\/v2\/tags?post=427"}],"curies":[{"name":"wp","href":"https:\/\/api.w.org\/{rel}","templated":true}]}}