{"id":429,"date":"2019-02-15T12:52:12","date_gmt":"2019-02-15T12:52:12","guid":{"rendered":"https:\/\/k8s.p4.greenpeace.org\/defaultcontent\/?page_id=429"},"modified":"2026-04-08T11:56:47","modified_gmt":"2026-04-08T08:56:47","slug":"nuclear","status":"publish","type":"page","link":"https:\/\/www.greenpeace.org\/romania\/campanii\/clima-si-energie\/nuclear\/","title":{"rendered":"#Nuclear"},"content":{"rendered":"\n                    <div class=\"wp-block-group is-vertical is-layout-flex wp-container-core-group-is-layout-8cf370e7 wp-block-group-is-layout-flex\">\n                    \n                                <p><span data-sheets-value=\"{&quot;1&quot;:2,&quot;2&quot;:&quot;Energia nuclear\u0103 reprezint\u0103 un risc inacceptabil pentru mediu \u015fi omenire. \u020an ciuda a ceea ce ne spune industria nuclear\u0103, construirea unui num\u0103r suficient de centrale nucleare pentru a reduce semnificativ gazele cu efect de ser\u0103 va costa mii de miliarde de dolari, va crea miliarde de tone de de\u015feuri radioactive extrem de d\u0103un\u0103toare \u2013 chiar letale, va contribui la proliferarea armelor nucleare \u015fi va rezulta \u00eentr-un accident de dimensiunea celui de la Cernob\u00eel o dat\u0103 la fiecare c\u00e2teva zeci de ani \u2013 sau chiar mai frecventnAvem nevoie de un sistem energetic care s\u0103 poat\u0103 combate schimb\u0103rile climatice, bazat pe energie regenerabil\u0103.n&quot;}\" data-sheets-userformat=\"{&quot;2&quot;:4993,&quot;3&quot;:{&quot;1&quot;:0},&quot;10&quot;:1,&quot;11&quot;:4,&quot;12&quot;:0,&quot;15&quot;:&quot;Arial&quot;}\">Energia nuclear\u0103 reprezint\u0103 un risc inacceptabil pentru mediu \u015fi omenire. <\/span>\r\n\r\n<span data-sheets-value=\"{&quot;1&quot;:2,&quot;2&quot;:&quot;Energia nuclear\u0103 reprezint\u0103 un risc inacceptabil pentru mediu \u015fi omenire. \u020an ciuda a ceea ce ne spune industria nuclear\u0103, construirea unui num\u0103r suficient de centrale nucleare pentru a reduce semnificativ gazele cu efect de ser\u0103 va costa mii de miliarde de dolari, va crea miliarde de tone de de\u015feuri radioactive extrem de d\u0103un\u0103toare \u2013 chiar letale, va contribui la proliferarea armelor nucleare \u015fi va rezulta \u00eentr-un accident de dimensiunea celui de la Cernob\u00eel o dat\u0103 la fiecare c\u00e2teva zeci de ani \u2013 sau chiar mai frecventnAvem nevoie de un sistem energetic care s\u0103 poat\u0103 combate schimb\u0103rile climatice, bazat pe energie regenerabil\u0103.n&quot;}\" data-sheets-userformat=\"{&quot;2&quot;:4993,&quot;3&quot;:{&quot;1&quot;:0},&quot;10&quot;:1,&quot;11&quot;:4,&quot;12&quot;:0,&quot;15&quot;:&quot;Arial&quot;}\">\u020an ciuda a ceea ce ne spune industria nuclear\u0103, construirea unui num\u0103r suficient de centrale nucleare pentru a reduce semnificativ gazele cu efect de ser\u0103 va costa mii de miliarde de dolari, va crea miliarde de tone de de\u015feuri radioactive extrem de d\u0103un\u0103toare \u2013 chiar letale, va contribui la proliferarea armelor nucleare \u015fi va rezulta \u00eentr-un accident de dimensiunea celui de la Cernob\u00eel o dat\u0103 la fiecare c\u00e2teva zeci de ani \u2013 sau chiar mai frecvent<\/span>\r\n\r\n<span data-sheets-value=\"{&quot;1&quot;:2,&quot;2&quot;:&quot;Energia nuclear\u0103 reprezint\u0103 un risc inacceptabil pentru mediu \u015fi omenire. \u020an ciuda a ceea ce ne spune industria nuclear\u0103, construirea unui num\u0103r suficient de centrale nucleare pentru a reduce semnificativ gazele cu efect de ser\u0103 va costa mii de miliarde de dolari, va crea miliarde de tone de de\u015feuri radioactive extrem de d\u0103un\u0103toare \u2013 chiar letale, va contribui la proliferarea armelor nucleare \u015fi va rezulta \u00eentr-un accident de dimensiunea celui de la Cernob\u00eel o dat\u0103 la fiecare c\u00e2teva zeci de ani \u2013 sau chiar mai frecventnAvem nevoie de un sistem energetic care s\u0103 poat\u0103 combate schimb\u0103rile climatice, bazat pe energie regenerabil\u0103.n&quot;}\" data-sheets-userformat=\"{&quot;2&quot;:4993,&quot;3&quot;:{&quot;1&quot;:0},&quot;10&quot;:1,&quot;11&quot;:4,&quot;12&quot;:0,&quot;15&quot;:&quot;Arial&quot;}\">Avem nevoie de un sistem energetic care s\u0103 poat\u0103 combate schimb\u0103rile climatice, bazat pe energie regenerabil\u0103.\r\n<\/span><\/p>\n                            \n\n                    \n                    <\/div>\n                    \n        <div class=\"wp-block-query actions-list p4-query-loop is-custom-layout-actions-list is-custom-layout-grid is-layout-grid wp-container-core-query-is-layout-29f43435 wp-block-query-is-layout-grid\"><h2 class=\"wp-block-heading\"><\/h2>\n        <p style=\"margin-top: 24px; margin-bottom: 32px;\"><\/p>\n        <div class=\"wp-block-query-no-results\">\n        <p >No posts found.<\/p>\n        <\/div>\n        \n        \n<div class=\"wp-block-buttons carousel-controls is-horizontal is-content-justification-space-between is-nowrap is-layout-flex wp-container-core-buttons-is-layout-044bd602 wp-block-buttons-is-layout-flex\">\n            <div class=\"wp-block-button carousel-control-prev\"><button type=\"button\" class=\"wp-block-button__link wp-element-button\">Prev<\/button><\/div>\n        \n\n            <div class=\"wp-block-button carousel-control-next\"><button type=\"button\" class=\"wp-block-button__link wp-element-button\">Next<\/button><\/div>\n        <\/div>\n\n        \n<div class=\"wp-block-buttons load-more-actions-container is-content-justification-center is-layout-flex wp-container-core-buttons-is-layout-16018d1d wp-block-buttons-is-layout-flex\">\n                <div class=\"wp-block-button is-style-secondary\"><button type=\"button\" class=\"wp-block-button__link wp-element-button\">Vezi mai multe<\/button><\/div>\n            \n<\/div>\n<\/div>\n        \n<figure class=\"wp-block-embed is-type-video is-provider-youtube wp-block-embed-youtube wp-embed-aspect-16-9 wp-has-aspect-ratio\"><div class=\"wp-block-embed__wrapper\">\n<lite-youtube style=\"background-image: url('https:\/\/i.ytimg.com\/vi\/R83yiqguObo\/hqdefault.jpg');\" videoid=\"R83yiqguObo\" params=\"rel=0\"><\/lite-youtube>\n<\/div><\/figure>\n","protected":false},"excerpt":{"rendered":"<p>Energia nuclear\u0103 reprezint\u0103 un risc inacceptabil pentru mediu \u015fi omenire. \u020an ciuda a ceea ce ne spune industria nuclear\u0103, construirea unui num\u0103r suficient de centrale nucleare pentru a reduce semnificativ gazele cu efect de ser\u0103 va costa mii de miliarde de dolari, va crea miliarde de tone de de\u015feuri radioactive extrem de d\u0103un\u0103toare \u2013 chiar [&hellip;]<\/p>\n","protected":false},"author":5,"featured_media":8088,"parent":60,"menu_order":0,"comment_status":"closed","ping_status":"closed","template":"","meta":{"ep_exclude_from_search":false,"p4_hide_page_title_checkbox":"","p4_title":"","p4_subtitle":"","p4_description":"","background_image_id":"","background_image":"","p4_button_title":"","p4_button_link":"","p4_button_link_checkbox":"","p4_og_title":"","p4_og_description":"","p4_og_image":"","p4_og_image_id":"","p4_seo_canonical_url":"","p4_campaign_name":"not set","p4_local_project":"not set","p4_basket_name":"not set","p4_department":"","footnotes":""},"categories":[2],"tags":[132],"class_list":["post-429","page","type-page","status-publish","has-post-thumbnail","hentry","category-clima-si-energie","tag-campanii-vechi"],"_links":{"self":[{"href":"https:\/\/www.greenpeace.org\/romania\/wp-json\/wp\/v2\/pages\/429","targetHints":{"allow":["GET"]}}],"collection":[{"href":"https:\/\/www.greenpeace.org\/romania\/wp-json\/wp\/v2\/pages"}],"about":[{"href":"https:\/\/www.greenpeace.org\/romania\/wp-json\/wp\/v2\/types\/page"}],"author":[{"embeddable":true,"href":"https:\/\/www.greenpeace.org\/romania\/wp-json\/wp\/v2\/users\/5"}],"replies":[{"embeddable":true,"href":"https:\/\/www.greenpeace.org\/romania\/wp-json\/wp\/v2\/comments?post=429"}],"version-history":[{"count":15,"href":"https:\/\/www.greenpeace.org\/romania\/wp-json\/wp\/v2\/pages\/429\/revisions"}],"predecessor-version":[{"id":12703,"href":"https:\/\/www.greenpeace.org\/romania\/wp-json\/wp\/v2\/pages\/429\/revisions\/12703"}],"up":[{"embeddable":true,"href":"https:\/\/www.greenpeace.org\/romania\/wp-json\/wp\/v2\/pages\/60"}],"wp:featuredmedia":[{"embeddable":true,"href":"https:\/\/www.greenpeace.org\/romania\/wp-json\/wp\/v2\/media\/8088"}],"wp:attachment":[{"href":"https:\/\/www.greenpeace.org\/romania\/wp-json\/wp\/v2\/media?parent=429"}],"wp:term":[{"taxonomy":"category","embeddable":true,"href":"https:\/\/www.greenpeace.org\/romania\/wp-json\/wp\/v2\/categories?post=429"},{"taxonomy":"post_tag","embeddable":true,"href":"https:\/\/www.greenpeace.org\/romania\/wp-json\/wp\/v2\/tags?post=429"}],"curies":[{"name":"wp","href":"https:\/\/api.w.org\/{rel}","templated":true}]}}