{"id":433,"date":"2019-02-19T08:04:35","date_gmt":"2019-02-19T08:04:35","guid":{"rendered":"https:\/\/k8s.p4.greenpeace.org\/defaultcontent\/?page_id=433"},"modified":"2024-03-26T14:47:07","modified_gmt":"2024-03-26T11:47:07","slug":"termeni","status":"publish","type":"page","link":"https:\/\/www.greenpeace.org\/romania\/termeni\/","title":{"rendered":"Termeni"},"content":{"rendered":"\n                    <div class=\"wp-block-group is-vertical is-layout-flex wp-container-core-group-is-layout-8cf370e7 wp-block-group-is-layout-flex\">\n                    \n                                <p>Greenpeace este o re\u021bea compus\u0103 din Greenpeace International \u0219i 27 organiza\u021bii na\u021bionale \u0219i regionale, fiecare dintre ele fiind o entitate diferit\u0103 \u0219i independent\u0103.<\/p>\n                            \n\n                    \n                    <\/div>\n                    <p>                Con\u021binutul fiec\u0103rei subsec\u021biuni greenpeace.org este publicat \u0219i administrat de entitatea corespondent\u0103. Paginile ale c\u0103ror adres\u0103 \u00eencepe cu http:\/\/www.greenpeace.org\/romania, spre exemplu, se afl\u0103 sub controlul editorial al Greenpeace Rom\u00e2nia. Pentru \u00eentreb\u0103ri \u0219i comentarii, v\u0103 rug\u0103m s\u0103 <a href=\"https:\/\/www.greenpeace.org\/international\/worldwide\/\">contacta\u021bi entitatea Greenpeace corespondent\u0103<\/a>. \u00cen mod normal pute\u021bi vedea \u00een URL, sau \u00een sec\u021biunea superioar\u0103 a fiec\u0103rei pagini care este entitatea corespondent\u0103.<\/p>\n<p>Pentru simplificare \u0219i cursivitate, acest web-site \u0219i alte publica\u021bii folosesc pur \u0219i simplu \u201dGreenpeace\u201d atunci c\u00e2nd se refer\u0103 la una sau mai multe organiza\u021bii din re\u021bea. \u00cen mod similar, cuvintele \u201dnoi\u201d \u0219i \u201dal nostru \/ale noastre\u201d pot fi folosite pentru a face referire la alte entit\u0103\u021bi din re\u021beaua Greenpeace \u0219i la angaja\u021bii, activi\u0219tii sau voluntarii lor. Birourile locale sunt uneori denumite \u201dbirouri\u201d (cu toate c\u0103 un biroul local poate avea mai multe sedii).<\/p>\n<p>&nbsp;<\/p>\n","protected":false},"excerpt":{"rendered":"<p>Greenpeace este o re\u021bea compus\u0103 din Greenpeace International \u0219i 27 organiza\u021bii na\u021bionale \u0219i regionale, fiecare dintre ele fiind o entitate diferit\u0103 \u0219i independent\u0103. Con\u021binutul fiec\u0103rei subsec\u021biuni greenpeace.org este publicat \u0219i administrat de entitatea corespondent\u0103. Paginile ale c\u0103ror adres\u0103 \u00eencepe cu http:\/\/www.greenpeace.org\/romania, spre exemplu, se afl\u0103 sub controlul editorial al Greenpeace Rom\u00e2nia. Pentru \u00eentreb\u0103ri \u0219i comentarii, [&hellip;]<\/p>\n","protected":false},"author":5,"featured_media":0,"parent":0,"menu_order":0,"comment_status":"closed","ping_status":"closed","template":"page-templates\/evergreen.php","meta":{"ep_exclude_from_search":false,"p4_hide_page_title_checkbox":"","p4_title":"","p4_subtitle":"","p4_description":"","background_image_id":"","background_image":"","p4_button_title":"","p4_button_link":"","p4_button_link_checkbox":"","p4_og_title":"","p4_og_description":"","p4_og_image":"","p4_og_image_id":"","p4_seo_canonical_url":"","p4_campaign_name":"not set","p4_local_project":"","p4_basket_name":"not set","p4_department":"","footnotes":""},"categories":[],"tags":[],"class_list":["post-433","page","type-page","status-publish","hentry"],"_links":{"self":[{"href":"https:\/\/www.greenpeace.org\/romania\/wp-json\/wp\/v2\/pages\/433","targetHints":{"allow":["GET"]}}],"collection":[{"href":"https:\/\/www.greenpeace.org\/romania\/wp-json\/wp\/v2\/pages"}],"about":[{"href":"https:\/\/www.greenpeace.org\/romania\/wp-json\/wp\/v2\/types\/page"}],"author":[{"embeddable":true,"href":"https:\/\/www.greenpeace.org\/romania\/wp-json\/wp\/v2\/users\/5"}],"replies":[{"embeddable":true,"href":"https:\/\/www.greenpeace.org\/romania\/wp-json\/wp\/v2\/comments?post=433"}],"version-history":[{"count":6,"href":"https:\/\/www.greenpeace.org\/romania\/wp-json\/wp\/v2\/pages\/433\/revisions"}],"predecessor-version":[{"id":9628,"href":"https:\/\/www.greenpeace.org\/romania\/wp-json\/wp\/v2\/pages\/433\/revisions\/9628"}],"wp:attachment":[{"href":"https:\/\/www.greenpeace.org\/romania\/wp-json\/wp\/v2\/media?parent=433"}],"wp:term":[{"taxonomy":"category","embeddable":true,"href":"https:\/\/www.greenpeace.org\/romania\/wp-json\/wp\/v2\/categories?post=433"},{"taxonomy":"post_tag","embeddable":true,"href":"https:\/\/www.greenpeace.org\/romania\/wp-json\/wp\/v2\/tags?post=433"}],"curies":[{"name":"wp","href":"https:\/\/api.w.org\/{rel}","templated":true}]}}