{"id":4668,"date":"2020-09-30T09:57:09","date_gmt":"2020-09-30T06:57:09","guid":{"rendered":"https:\/\/www.greenpeace.org\/romania\/?page_id=4668"},"modified":"2024-03-26T14:46:40","modified_gmt":"2024-03-26T11:46:40","slug":"actioneaza-acum-viitorul-tau-se-decide-pe-6-octombrie-in-parlamentul-european","status":"publish","type":"page","link":"https:\/\/www.greenpeace.org\/romania\/actioneaza-acum-viitorul-tau-se-decide-pe-6-octombrie-in-parlamentul-european\/","title":{"rendered":"Ac\u021bioneaz\u0103 acum! Viitorul t\u0103u se decide pe 6 octombrie \u00een Parlamentul European!"},"content":{"rendered":"\n                    <div class=\"wp-block-group is-vertical is-layout-flex wp-container-core-group-is-layout-8cf370e7 wp-block-group-is-layout-flex\">\n                    \n\n                    \n                    <\/div>\n                    \n<div class=\"wp-block-image caption-style-blue-overlay caption-alignment-center\"><figure class=\"aligncenter size-large is-resized\"><img loading=\"lazy\" decoding=\"async\" src=\"https:\/\/www.greenpeace.org\/static\/planet4-romania-stateless\/2020\/09\/9794b592-57a5-4295-90fc-0fe8f9db5735.jpg\" alt=\"\" class=\"wp-image-4670\" width=\"587\" height=\"492\" srcset=\"https:\/\/www.greenpeace.org\/static\/planet4-romania-stateless\/2020\/09\/9794b592-57a5-4295-90fc-0fe8f9db5735.jpg 940w, https:\/\/www.greenpeace.org\/static\/planet4-romania-stateless\/2020\/09\/9794b592-57a5-4295-90fc-0fe8f9db5735-300x251.jpg 300w, https:\/\/www.greenpeace.org\/static\/planet4-romania-stateless\/2020\/09\/9794b592-57a5-4295-90fc-0fe8f9db5735-768x644.jpg 768w, https:\/\/www.greenpeace.org\/static\/planet4-romania-stateless\/2020\/09\/9794b592-57a5-4295-90fc-0fe8f9db5735-406x340.jpg 406w\" sizes=\"auto, (max-width: 587px) 100vw, 587px\" \/><\/figure><\/div>\n\n<p><strong>Cere \u0219i tu europarlamentarilor rom\u00e2ni s\u0103 \u00ee\u021bi protejeze viitorul! Viitorul t\u0103u \u0219i al copiilor t\u0103i!<\/strong><\/p>\n\n<div class=\"wp-block-image caption-style-blue-overlay caption-alignment-center\"><figure class=\"aligncenter size-large is-resized\"><a href=\"https:\/\/act.greenpeace.org\/page\/68266\/action\/1\" target=\"_blank\" rel=\"noopener noreferrer\"><img loading=\"lazy\" decoding=\"async\" src=\"https:\/\/www.greenpeace.org\/static\/planet4-romania-stateless\/2020\/10\/1a4a5b34-actioneaza.jpg\" alt=\"\" class=\"wp-image-4696\" width=\"490\" height=\"124\" srcset=\"https:\/\/www.greenpeace.org\/static\/planet4-romania-stateless\/2020\/10\/1a4a5b34-actioneaza.jpg 351w, https:\/\/www.greenpeace.org\/static\/planet4-romania-stateless\/2020\/10\/1a4a5b34-actioneaza-300x76.jpg 300w\" sizes=\"auto, (max-width: 490px) 100vw, 490px\" \/><\/a><\/figure><\/div>\n\n<p>Vrem ca europarlamentarii rom\u00e2ni s\u0103 voteze o Lege European\u0103 a Climei care s\u0103 combat\u0103 cu adev\u0103rat schimb\u0103rile climatice. Vrem s\u0103 fim proteja\u021bi de poluare, de temperaturi ridicate \u0219i valuri de c\u0103ldur\u0103, de secet\u0103 \u0219i de de\u0219ertificare. Nu vrem un viitor sumbru, cu fenomene meteo extreme \u0219i imprevizibile. Vrem un viitor verde, unde combustibilii fosili r\u0103m\u00e2n \u00een p\u0103m\u00e2nt \u0219i sunt \u00eenlocui\u021bi cu energie regenerabil\u0103, animalele sunt protejate, iar p\u0103durile sunt conservate \u0219i extinse.<\/p>\n\n<p><a rel=\"noreferrer noopener\" href=\"https:\/\/www.ipcc.ch\/sr15\/\" target=\"_blank\">Raportul <\/a>Na\u021biunilor Unite din 2019 indic\u0103 faptul c\u0103 Europa trebuie s\u0103 \u00ee\u0219i reduc\u0103 emisiile cu cel pu\u021bin 65% p\u00e2n\u0103 \u00een 2030 pentru a men\u021bine cre\u0219terea temperaturii globale sub 1.5 C, evit\u00e2nd astfel efectele catastrofale ale \u00eenc\u0103lzirii globale.<\/p>\n\n<div class=\"wp-block-image caption-style-blue-overlay caption-alignment-center\"><figure class=\"aligncenter size-large is-resized\"><img loading=\"lazy\" decoding=\"async\" src=\"https:\/\/www.greenpeace.org\/static\/planet4-romania-stateless\/2020\/10\/e64853de-gp0stsxn6_web_size.jpg\" alt=\"\" class=\"wp-image-4695\" width=\"568\" height=\"378\" srcset=\"https:\/\/www.greenpeace.org\/static\/planet4-romania-stateless\/2020\/10\/e64853de-gp0stsxn6_web_size.jpg 800w, https:\/\/www.greenpeace.org\/static\/planet4-romania-stateless\/2020\/10\/e64853de-gp0stsxn6_web_size-300x200.jpg 300w, https:\/\/www.greenpeace.org\/static\/planet4-romania-stateless\/2020\/10\/e64853de-gp0stsxn6_web_size-768x512.jpg 768w, https:\/\/www.greenpeace.org\/static\/planet4-romania-stateless\/2020\/10\/e64853de-gp0stsxn6_web_size-510x340.jpg 510w\" sizes=\"auto, (max-width: 568px) 100vw, 568px\" \/><\/figure><\/div>\n\n<p>Pe 6&nbsp;octombrie, europarlamentarii se \u00eent\u00e2lnesc \u00een plenul Parlamentului European pentru a decide dac\u0103 voteaz\u0103 salvarea sau condamnarea continentului.<\/p>\n\n<p><strong>Aici intervii tu!<\/strong><\/p>\n\n<p>Cere \u0219i tu europarlamentarilor rom\u00e2ni s\u0103 voteze cu grij\u0103 pentru genera\u021biile viitoare, s\u0103 voteze pentru un viitor verde \u0219i echitabil, s\u0103 voteze pentru s\u0103n\u0103tatea \u0219i siguran\u021ba noastr\u0103, s\u0103 voteze pentru o reducere a emisiilor cu 65% p\u00e2n\u0103 \u00een 2030!&nbsp;<strong>Semneaz\u0103 pentru tine! Semneaz\u0103 pentru noi! Semneaz\u0103 pentru urma\u0219ii t\u0103i! Semneaz\u0103 pentru Planeta Albastr\u0103!<\/strong><\/p>\n\n<div class=\"wp-block-image caption-style-blue-overlay caption-alignment-center\"><figure class=\"aligncenter size-large is-resized\"><a href=\"https:\/\/act.greenpeace.org\/page\/68266\/action\/1\" target=\"_blank\" rel=\"noopener noreferrer\"><img loading=\"lazy\" decoding=\"async\" src=\"https:\/\/www.greenpeace.org\/static\/planet4-romania-stateless\/2020\/10\/e2b2f9d8-semneaz\u0103.jpg\" alt=\"\" class=\"wp-image-4694\" width=\"461\" height=\"141\" srcset=\"https:\/\/www.greenpeace.org\/static\/planet4-romania-stateless\/2020\/10\/e2b2f9d8-semneaz\u0103.jpg 323w, https:\/\/www.greenpeace.org\/static\/planet4-romania-stateless\/2020\/10\/e2b2f9d8-semneaz\u0103-300x92.jpg 300w\" sizes=\"auto, (max-width: 461px) 100vw, 461px\" \/><\/a><\/figure><\/div>\n\n<p><\/p>\n","protected":false},"excerpt":{"rendered":"<p>Cere \u0219i tu europarlamentarilor rom\u00e2ni s\u0103 \u00ee\u021bi protejeze viitorul! Viitorul t\u0103u \u0219i al copiilor t\u0103i! Vrem ca europarlamentarii rom\u00e2ni s\u0103 voteze o Lege European\u0103 a Climei care s\u0103 combat\u0103 cu adev\u0103rat schimb\u0103rile climatice. Vrem s\u0103 fim proteja\u021bi de poluare, de temperaturi ridicate \u0219i valuri de c\u0103ldur\u0103, de secet\u0103 \u0219i de de\u0219ertificare. Nu vrem un viitor [&hellip;]<\/p>\n","protected":false},"author":34,"featured_media":4669,"parent":0,"menu_order":0,"comment_status":"open","ping_status":"closed","template":"","meta":{"ep_exclude_from_search":false,"p4_hide_page_title_checkbox":"","p4_title":"","p4_subtitle":"","p4_description":"","background_image_id":"","background_image":"","p4_button_title":"","p4_button_link":"","p4_button_link_checkbox":"","p4_og_title":"","p4_og_description":"","p4_og_image":"","p4_og_image_id":"","p4_seo_canonical_url":"","p4_campaign_name":"not set","p4_local_project":"not set","p4_basket_name":"not set","p4_department":"","footnotes":""},"categories":[2,31],"tags":[],"class_list":["post-4668","page","type-page","status-publish","has-post-thumbnail","hentry","category-clima-si-energie","category-greenpeace"],"_links":{"self":[{"href":"https:\/\/www.greenpeace.org\/romania\/wp-json\/wp\/v2\/pages\/4668","targetHints":{"allow":["GET"]}}],"collection":[{"href":"https:\/\/www.greenpeace.org\/romania\/wp-json\/wp\/v2\/pages"}],"about":[{"href":"https:\/\/www.greenpeace.org\/romania\/wp-json\/wp\/v2\/types\/page"}],"author":[{"embeddable":true,"href":"https:\/\/www.greenpeace.org\/romania\/wp-json\/wp\/v2\/users\/34"}],"replies":[{"embeddable":true,"href":"https:\/\/www.greenpeace.org\/romania\/wp-json\/wp\/v2\/comments?post=4668"}],"version-history":[{"count":7,"href":"https:\/\/www.greenpeace.org\/romania\/wp-json\/wp\/v2\/pages\/4668\/revisions"}],"predecessor-version":[{"id":9614,"href":"https:\/\/www.greenpeace.org\/romania\/wp-json\/wp\/v2\/pages\/4668\/revisions\/9614"}],"wp:featuredmedia":[{"embeddable":true,"href":"https:\/\/www.greenpeace.org\/romania\/wp-json\/wp\/v2\/media\/4669"}],"wp:attachment":[{"href":"https:\/\/www.greenpeace.org\/romania\/wp-json\/wp\/v2\/media?parent=4668"}],"wp:term":[{"taxonomy":"category","embeddable":true,"href":"https:\/\/www.greenpeace.org\/romania\/wp-json\/wp\/v2\/categories?post=4668"},{"taxonomy":"post_tag","embeddable":true,"href":"https:\/\/www.greenpeace.org\/romania\/wp-json\/wp\/v2\/tags?post=4668"}],"curies":[{"name":"wp","href":"https:\/\/api.w.org\/{rel}","templated":true}]}}