{"id":5496,"date":"2021-02-24T17:08:45","date_gmt":"2021-02-24T14:08:45","guid":{"rendered":"https:\/\/www.greenpeace.org\/romania\/crizaclimatica\/"},"modified":"2026-04-08T11:56:20","modified_gmt":"2026-04-08T08:56:20","slug":"crizaclimatica","status":"publish","type":"page","link":"https:\/\/www.greenpeace.org\/romania\/campanii\/clima-si-energie\/crizaclimatica\/","title":{"rendered":"#Criza Climatic\u0103"},"content":{"rendered":"\n        <div class=\"wp-block-query actions-list p4-query-loop is-custom-layout-actions-list is-custom-layout-grid is-layout-grid wp-container-core-query-is-layout-29f43435 wp-block-query-is-layout-grid\"><h2 class=\"wp-block-heading\">Ce pou0163i face<\/h2>\n        <p style=\"margin-top: 24px; margin-bottom: 32px;\">Avem nevoie de implicarea ta pentru cu0103 u00eempreunu0103 suntem puternici.<\/p>\n        <div class=\"wp-block-query-no-results\">\n        <p >No posts found.<\/p>\n        <\/div>\n        \n        \n<div class=\"wp-block-buttons carousel-controls is-horizontal is-content-justification-space-between is-nowrap is-layout-flex wp-container-core-buttons-is-layout-044bd602 wp-block-buttons-is-layout-flex\">\n            <div class=\"wp-block-button carousel-control-prev\"><button type=\"button\" class=\"wp-block-button__link wp-element-button\">Prev<\/button><\/div>\n        \n\n            <div class=\"wp-block-button carousel-control-next\"><button type=\"button\" class=\"wp-block-button__link wp-element-button\">Next<\/button><\/div>\n        <\/div>\n\n        \n<div class=\"wp-block-buttons load-more-actions-container is-content-justification-center is-layout-flex wp-container-core-buttons-is-layout-16018d1d wp-block-buttons-is-layout-flex\">\n                <div class=\"wp-block-button is-style-secondary\"><button type=\"button\" class=\"wp-block-button__link wp-element-button\">Vezi mai multe<\/button><\/div>\n            \n<\/div>\n<\/div>\n        \n    <div class=\"wp-block-query posts-list p4-query-loop is-custom-layout-list is-layout-flow wp-block-query-is-layout-flow\">\n        <div class=\"wp-block-group is-content-justification-space-between is-layout-flex wp-container-core-group-is-layout-3d213aab wp-block-group-is-layout-flex\"><h2 class=\"wp-block-heading\">Articole similare<\/h2>\n        <li class=\" wp-block-navigation-item see-all-link wp-block-navigation-link\"><a class=\"wp-block-navigation-item__content\"  href=\"http:\/\/www.greenpeace.org\/romania\/news-stories\/?tag=criza-climatica\"><span class=\"wp-block-navigation-item__label\">See all stories<\/span><\/a><\/li>\n        \n        <\/div>\n        \n\n    <p style=\"margin-top: 24px; margin-bottom: 36px;\"><\/p>\n\n    \n\n    <ul class=\"wp-block-post-template is-layout-flow wp-block-post-template-is-layout-flow\"><li class=\"wp-block-post post-12090 post type-post status-publish format-standard has-post-thumbnail hentry category-greenpeace tag-criza-climatica tag-democratie-1\">\n            \n<div class=\"wp-block-columns is-layout-flex wp-container-core-columns-is-layout-9d6595d7 wp-block-columns-is-layout-flex\"><figure class=\"wp-block-post-featured-image\"><a href=\"https:\/\/www.greenpeace.org\/romania\/articol\/12090\/adauga-ti-vocea-la-scrisoarea-cetateneasca-deschisa-catre-presedintele-romaniei-razboi-ilegal-sau-pace-siguranta-oamenilor-si-un-mediu-protejat\/\" target=\"_self\"  ><img loading=\"lazy\" decoding=\"async\" width=\"1280\" height=\"720\" src=\"https:\/\/www.greenpeace.org\/static\/planet4-romania-stateless\/2026\/03\/b900dde0-trump-nicusor-dan-presidency.jpg\" class=\"attachment-post-thumbnail size-post-thumbnail wp-post-image wp-stateless-item\" alt=\"ADAUG\u0102-\u021aI VOCEA LA SCRISOAREA DESCHIS\u0102 C\u0102TRE PRE\u0218EDINTELE ROM\u00c2NIEI: R\u0102ZBOI ILEGAL SAU PACE, SIGURAN\u021aA OAMENILOR \u0218I UN MEDIU PROTEJAT\" style=\"object-fit:cover;\" srcset=\"https:\/\/www.greenpeace.org\/static\/planet4-romania-stateless\/2026\/03\/b900dde0-trump-nicusor-dan-presidency.jpg 1280w, https:\/\/www.greenpeace.org\/static\/planet4-romania-stateless\/2026\/03\/b900dde0-trump-nicusor-dan-presidency-300x169.jpg 300w, https:\/\/www.greenpeace.org\/static\/planet4-romania-stateless\/2026\/03\/b900dde0-trump-nicusor-dan-presidency-1024x576.jpg 1024w, https:\/\/www.greenpeace.org\/static\/planet4-romania-stateless\/2026\/03\/b900dde0-trump-nicusor-dan-presidency-768x432.jpg 768w, https:\/\/www.greenpeace.org\/static\/planet4-romania-stateless\/2026\/03\/b900dde0-trump-nicusor-dan-presidency-510x287.jpg 510w\" sizes=\"auto, (max-width: 1280px) 100vw, 1280px\" data-image-size=\"post-thumbnail\" data-stateless-media-bucket=\"planet4-romania-stateless\" data-stateless-media-name=\"2026\/03\/b900dde0-trump-nicusor-dan-presidency.jpg\" \/><\/a><\/figure>\n\n        <div class=\"wp-block-group is-layout-flow wp-block-group-is-layout-flow\">\n                <div class=\"wp-block-group is-layout-flex wp-block-group-is-layout-flex\"><div class=\"wp-block-post-terms\"><a href=\"https:\/\/www.greenpeace.org\/romania\/category\/greenpeace\/\">Greenpeace<\/a><\/div>\n                <div class=\"taxonomy-post_tag wp-block-post-terms\"><a href=\"https:\/\/www.greenpeace.org\/romania\/tag\/criza-climatica\/\" rel=\"tag\">CrizaClimatic\u0103<\/a><span class=\"wp-block-post-terms__separator\"> <\/span><a href=\"https:\/\/www.greenpeace.org\/romania\/tag\/democratie-1\/\" rel=\"tag\">Democra\u0163ie<\/a><\/div>\n                \n                <\/div>\n                \n        <h3 class=\"wp-block-post-title\"><a href=\"https:\/\/www.greenpeace.org\/romania\/articol\/12090\/adauga-ti-vocea-la-scrisoarea-cetateneasca-deschisa-catre-presedintele-romaniei-razboi-ilegal-sau-pace-siguranta-oamenilor-si-un-mediu-protejat\/\" target=\"_self\" >ADAUG\u0102-\u021aI VOCEA LA SCRISOAREA DESCHIS\u0102 C\u0102TRE PRE\u0218EDINTELE ROM\u00c2NIEI: R\u0102ZBOI ILEGAL SAU PACE, SIGURAN\u021aA OAMENILOR \u0218I UN MEDIU PROTEJAT<\/a><\/h3>\n        <div class=\"wp-block-post-excerpt\"><p class=\"wp-block-post-excerpt__excerpt\">Cererea Statelor Unite a fost aprobat\u0103 \u00een \u0219edin\u021ba de pe 11 martie a Consiliului Suprem de Ap\u0103rare a \u0162\u0103rii\u2026 <\/p><\/div>\n        \n        <div class=\"wp-block-group posts-list-meta is-layout-flow wp-block-group-is-layout-flow\"><span class='article-list-item-author'><a href='https:\/\/www.greenpeace.org\/romania\/author\/gp_romania\/'>Greenpeace Rom\u00e2nia<\/a><\/span>\n        <div class=\"wp-block-post-date\"><time datetime=\"2026-03-11T19:53:08+02:00\">11\/03\/2026<\/time><\/div>\n        \n        <\/div>\n        <\/div>\n        <\/div>\n\n            <\/li><li class=\"wp-block-post post-11813 post type-post status-publish format-standard has-post-thumbnail hentry category-clima-si-energie category-greenpeace tag-criza-climatica p4-page-type-comunicat-presa\">\n            \n<div class=\"wp-block-columns is-layout-flex wp-container-core-columns-is-layout-9d6595d7 wp-block-columns-is-layout-flex\"><figure class=\"wp-block-post-featured-image\"><a href=\"https:\/\/www.greenpeace.org\/romania\/comunicat-presa\/11813\/factura-de-aproape-5-trilioane-de-euro-greenpeace-expune-costurile-reale-ale-poluarii-printr-o-actiune-in-bucuresti\/\" target=\"_self\"  ><img loading=\"lazy\" decoding=\"async\" width=\"2560\" height=\"1305\" src=\"https:\/\/www.greenpeace.org\/static\/planet4-romania-stateless\/2025\/10\/ebefb4e5-dsc00154-2-scaled.jpg\" class=\"attachment-post-thumbnail size-post-thumbnail wp-post-image wp-stateless-item\" alt=\"Factura de aproape 5 trilioane de euro: Greenpeace expune costurile reale ale polu\u0103rii printr-o ac\u021biune \u00een Bucure\u0219ti\" style=\"object-fit:cover;\" srcset=\"https:\/\/www.greenpeace.org\/static\/planet4-romania-stateless\/2025\/10\/ebefb4e5-dsc00154-2-scaled.jpg 2560w, https:\/\/www.greenpeace.org\/static\/planet4-romania-stateless\/2025\/10\/ebefb4e5-dsc00154-2-300x153.jpg 300w, https:\/\/www.greenpeace.org\/static\/planet4-romania-stateless\/2025\/10\/ebefb4e5-dsc00154-2-1024x522.jpg 1024w, https:\/\/www.greenpeace.org\/static\/planet4-romania-stateless\/2025\/10\/ebefb4e5-dsc00154-2-768x392.jpg 768w, https:\/\/www.greenpeace.org\/static\/planet4-romania-stateless\/2025\/10\/ebefb4e5-dsc00154-2-1536x783.jpg 1536w, https:\/\/www.greenpeace.org\/static\/planet4-romania-stateless\/2025\/10\/ebefb4e5-dsc00154-2-2048x1044.jpg 2048w, https:\/\/www.greenpeace.org\/static\/planet4-romania-stateless\/2025\/10\/ebefb4e5-dsc00154-2-510x260.jpg 510w\" sizes=\"auto, (max-width: 2560px) 100vw, 2560px\" data-image-size=\"post-thumbnail\" data-stateless-media-bucket=\"planet4-romania-stateless\" data-stateless-media-name=\"2025\/10\/ebefb4e5-dsc00154-2-scaled.jpg\" \/><\/a><\/figure>\n\n        <div class=\"wp-block-group is-layout-flow wp-block-group-is-layout-flow\">\n                <div class=\"wp-block-group is-layout-flex wp-block-group-is-layout-flex\"><div class=\"wp-block-post-terms\"><a href=\"https:\/\/www.greenpeace.org\/romania\/category\/clima-si-energie\/\">Clim\u0103 \u0219i energie<\/a><\/div>\n                <div class=\"taxonomy-post_tag wp-block-post-terms\"><a href=\"https:\/\/www.greenpeace.org\/romania\/tag\/criza-climatica\/\" rel=\"tag\">CrizaClimatic\u0103<\/a><\/div>\n                \n                <\/div>\n                \n        <h3 class=\"wp-block-post-title\"><a href=\"https:\/\/www.greenpeace.org\/romania\/comunicat-presa\/11813\/factura-de-aproape-5-trilioane-de-euro-greenpeace-expune-costurile-reale-ale-poluarii-printr-o-actiune-in-bucuresti\/\" target=\"_self\" >Factura de aproape 5 trilioane de euro: Greenpeace expune costurile reale ale polu\u0103rii printr-o ac\u021biune \u00een Bucure\u0219ti<\/a><\/h3>\n        <div class=\"wp-block-post-excerpt\"><p class=\"wp-block-post-excerpt__excerpt\">12 activi\u0219ti Greenpeace Rom\u00e2nia au adus \u00een strad\u0103 ceea ce marile companii de petrol \u0219i gaze evit\u0103 de ani de zile: nota de plat\u0103 a crizei climatice pe care o alimenteaz\u0103. <\/p><\/div>\n        \n        <div class=\"wp-block-group posts-list-meta is-layout-flow wp-block-group-is-layout-flow\"><span class='article-list-item-author'><a href='https:\/\/www.greenpeace.org\/romania\/author\/gp_romania\/'>Greenpeace Rom\u00e2nia<\/a><\/span>\n        <div class=\"wp-block-post-date\"><time datetime=\"2025-10-24T10:18:31+03:00\">24\/10\/2025<\/time><\/div>\n        \n        <\/div>\n        <\/div>\n        <\/div>\n\n            <\/li><li class=\"wp-block-post post-11478 post type-post status-publish format-standard has-post-thumbnail hentry category-clima-si-energie category-greenpeace tag-participare-civica-2 tag-criza-climatica tag-schimbari-climatice tag-activism\">\n            \n<div class=\"wp-block-columns is-layout-flex wp-container-core-columns-is-layout-9d6595d7 wp-block-columns-is-layout-flex\"><figure class=\"wp-block-post-featured-image\"><a href=\"https:\/\/www.greenpeace.org\/romania\/articol\/11478\/fenomene-meteo-extreme-efectul-boiling-frog-si-cum-ne-implicam\/\" target=\"_self\"  ><img loading=\"lazy\" decoding=\"async\" width=\"2048\" height=\"1365\" src=\"https:\/\/www.greenpeace.org\/static\/planet4-romania-stateless\/2025\/08\/1a613142-copy-of-manifesto-graphic.jpg\" class=\"attachment-post-thumbnail size-post-thumbnail wp-post-image wp-stateless-item\" alt=\"Fenomene meteo extreme, efectul boiling frog \u0219i cum ne implic\u0103m\" style=\"object-fit:cover;\" srcset=\"https:\/\/www.greenpeace.org\/static\/planet4-romania-stateless\/2025\/08\/1a613142-copy-of-manifesto-graphic.jpg 2048w, https:\/\/www.greenpeace.org\/static\/planet4-romania-stateless\/2025\/08\/1a613142-copy-of-manifesto-graphic-300x200.jpg 300w, https:\/\/www.greenpeace.org\/static\/planet4-romania-stateless\/2025\/08\/1a613142-copy-of-manifesto-graphic-1024x683.jpg 1024w, https:\/\/www.greenpeace.org\/static\/planet4-romania-stateless\/2025\/08\/1a613142-copy-of-manifesto-graphic-768x512.jpg 768w, https:\/\/www.greenpeace.org\/static\/planet4-romania-stateless\/2025\/08\/1a613142-copy-of-manifesto-graphic-1536x1024.jpg 1536w, https:\/\/www.greenpeace.org\/static\/planet4-romania-stateless\/2025\/08\/1a613142-copy-of-manifesto-graphic-510x340.jpg 510w\" sizes=\"auto, (max-width: 2048px) 100vw, 2048px\" data-image-size=\"post-thumbnail\" data-stateless-media-bucket=\"planet4-romania-stateless\" data-stateless-media-name=\"2025\/08\/1a613142-copy-of-manifesto-graphic.jpg\" \/><\/a><\/figure>\n\n        <div class=\"wp-block-group is-layout-flow wp-block-group-is-layout-flow\">\n                <div class=\"wp-block-group is-layout-flex wp-block-group-is-layout-flex\"><div class=\"wp-block-post-terms\"><a href=\"https:\/\/www.greenpeace.org\/romania\/category\/clima-si-energie\/\">Clim\u0103 \u0219i energie<\/a><\/div>\n                <div class=\"taxonomy-post_tag wp-block-post-terms\"><a href=\"https:\/\/www.greenpeace.org\/romania\/tag\/participare-civica-2\/\" rel=\"tag\">Participare Civic\u0103<\/a><span class=\"wp-block-post-terms__separator\"> <\/span><a href=\"https:\/\/www.greenpeace.org\/romania\/tag\/criza-climatica\/\" rel=\"tag\">CrizaClimatic\u0103<\/a><span class=\"wp-block-post-terms__separator\"> <\/span><a href=\"https:\/\/www.greenpeace.org\/romania\/tag\/schimbari-climatice\/\" rel=\"tag\">SchimbariClimatice<\/a><span class=\"wp-block-post-terms__separator\"> <\/span><a href=\"https:\/\/www.greenpeace.org\/romania\/tag\/activism\/\" rel=\"tag\">Activism<\/a><\/div>\n                \n                <\/div>\n                \n        <h3 class=\"wp-block-post-title\"><a href=\"https:\/\/www.greenpeace.org\/romania\/articol\/11478\/fenomene-meteo-extreme-efectul-boiling-frog-si-cum-ne-implicam\/\" target=\"_self\" >Fenomene meteo extreme, efectul boiling frog \u0219i cum ne implic\u0103m<\/a><\/h3>\n        <div class=\"wp-block-post-excerpt\"><p class=\"wp-block-post-excerpt__excerpt\">Ne-am propus s\u0103 dedic\u0103m un spa\u021biu document\u0103rii pe care o facem asupra impactului \u0219i ce r\u0103m\u00e2ne \u00een urma fenomenelor meteo extreme.\u00a0 <\/p><\/div>\n        \n        <div class=\"wp-block-group posts-list-meta is-layout-flow wp-block-group-is-layout-flow\"><span class='article-list-item-author'><a href='https:\/\/www.greenpeace.org\/romania\/author\/gp_romania\/'>Greenpeace Rom\u00e2nia<\/a><\/span>\n        <div class=\"wp-block-post-date\"><time datetime=\"2025-08-21T09:30:17+03:00\">21\/08\/2025<\/time><\/div>\n        \n        <\/div>\n        <\/div>\n        <\/div>\n\n            <\/li><\/ul>\n\n    \n<div class=\"wp-block-buttons carousel-controls is-horizontal is-content-justification-space-between is-nowrap is-layout-flex wp-container-core-buttons-is-layout-044bd602 wp-block-buttons-is-layout-flex\">\n            <div class=\"wp-block-button carousel-control-prev\"><button type=\"button\" class=\"wp-block-button__link wp-element-button\">Prev<\/button><\/div>\n        \n\n            <div class=\"wp-block-button carousel-control-next\"><button type=\"button\" class=\"wp-block-button__link wp-element-button\">Next<\/button><\/div>\n        <\/div>\n\n\n    <li class=\" wp-block-navigation-item see-all-link wp-block-navigation-link\"><a class=\"wp-block-navigation-item__content\"  href=\"http:\/\/www.greenpeace.org\/romania\/news-stories\/?tag=criza-climatica\"><span class=\"wp-block-navigation-item__label\">See all stories<\/span><\/a><\/li><\/div>\n    \n    <div class=\"wp-block-query posts-list p4-query-loop is-custom-layout-grid is-layout-grid wp-container-core-query-is-layout-b8bb0bd1 wp-block-query-is-layout-grid\">\n        <div class=\"wp-block-group is-content-justification-space-between is-layout-flex wp-container-core-group-is-layout-3d213aab wp-block-group-is-layout-flex\"><h2 class=\"wp-block-heading\">Publications<\/h2>\n        <li class=\" wp-block-navigation-item see-all-link wp-block-navigation-link\"><a class=\"wp-block-navigation-item__content\"  href=\"http:\/\/www.greenpeace.org\/romania\/news-stories\/?tag=criza-climatica&#038;post-type=\"><span class=\"wp-block-navigation-item__label\">See all stories<\/span><\/a><\/li>\n        \n        <\/div>\n        \n\n    <p style=\"margin-top: 24px; margin-bottom: 36px;\"><\/p>\n\n    <div class=\"wp-block-query-no-results\">\n        <p style=\"\">No posts found.<\/p>\n        <\/div>\n\n    \n\n    \n<div class=\"wp-block-buttons carousel-controls is-horizontal is-content-justification-space-between is-nowrap is-layout-flex wp-container-core-buttons-is-layout-044bd602 wp-block-buttons-is-layout-flex\">\n            <div class=\"wp-block-button carousel-control-prev\"><button type=\"button\" class=\"wp-block-button__link wp-element-button\">Prev<\/button><\/div>\n        \n\n            <div class=\"wp-block-button carousel-control-next\"><button type=\"button\" class=\"wp-block-button__link wp-element-button\">Next<\/button><\/div>\n        <\/div>\n\n\n    <li class=\" wp-block-navigation-item see-all-link wp-block-navigation-link\"><a class=\"wp-block-navigation-item__content\"  href=\"http:\/\/www.greenpeace.org\/romania\/news-stories\/?tag=criza-climatica&#038;post-type=\"><span class=\"wp-block-navigation-item__label\">See all stories<\/span><\/a><\/li><\/div>\n    <div data-render=\"planet4-blocks\/happypoint\" data-attributes=\"{&quot;attributes&quot;:{&quot;mailing_list_iframe&quot;:true,&quot;opacity&quot;:30,&quot;override_default_content&quot;:false,&quot;local_content_provider&quot;:&quot;none&quot;}}\"><\/div>","protected":false},"excerpt":{"rendered":"","protected":false},"author":35,"featured_media":0,"parent":60,"menu_order":0,"comment_status":"closed","ping_status":"closed","template":"page-templates\/sitemap.php","meta":{"ep_exclude_from_search":false,"p4_hide_page_title_checkbox":"","p4_title":"","p4_subtitle":"","p4_description":"","background_image_id":"","background_image":"","p4_button_title":"","p4_button_link":"","p4_button_link_checkbox":"","p4_og_title":"","p4_og_description":"","p4_og_image":"","p4_og_image_id":"","p4_seo_canonical_url":"","p4_campaign_name":"Climate Emergency","p4_local_project":"not set","p4_basket_name":"Climate & Energy","p4_department":"","footnotes":""},"categories":[2],"tags":[],"class_list":["post-5496","page","type-page","status-publish","hentry","category-clima-si-energie"],"_links":{"self":[{"href":"https:\/\/www.greenpeace.org\/romania\/wp-json\/wp\/v2\/pages\/5496","targetHints":{"allow":["GET"]}}],"collection":[{"href":"https:\/\/www.greenpeace.org\/romania\/wp-json\/wp\/v2\/pages"}],"about":[{"href":"https:\/\/www.greenpeace.org\/romania\/wp-json\/wp\/v2\/types\/page"}],"author":[{"embeddable":true,"href":"https:\/\/www.greenpeace.org\/romania\/wp-json\/wp\/v2\/users\/35"}],"replies":[{"embeddable":true,"href":"https:\/\/www.greenpeace.org\/romania\/wp-json\/wp\/v2\/comments?post=5496"}],"version-history":[{"count":14,"href":"https:\/\/www.greenpeace.org\/romania\/wp-json\/wp\/v2\/pages\/5496\/revisions"}],"predecessor-version":[{"id":12684,"href":"https:\/\/www.greenpeace.org\/romania\/wp-json\/wp\/v2\/pages\/5496\/revisions\/12684"}],"up":[{"embeddable":true,"href":"https:\/\/www.greenpeace.org\/romania\/wp-json\/wp\/v2\/pages\/60"}],"wp:attachment":[{"href":"https:\/\/www.greenpeace.org\/romania\/wp-json\/wp\/v2\/media?parent=5496"}],"wp:term":[{"taxonomy":"category","embeddable":true,"href":"https:\/\/www.greenpeace.org\/romania\/wp-json\/wp\/v2\/categories?post=5496"},{"taxonomy":"post_tag","embeddable":true,"href":"https:\/\/www.greenpeace.org\/romania\/wp-json\/wp\/v2\/tags?post=5496"}],"curies":[{"name":"wp","href":"https:\/\/api.w.org\/{rel}","templated":true}]}}