{"id":5498,"date":"2021-02-24T17:19:05","date_gmt":"2021-02-24T14:19:05","guid":{"rendered":"https:\/\/www.greenpeace.org\/romania\/poluare\/"},"modified":"2026-04-08T11:56:19","modified_gmt":"2026-04-08T08:56:19","slug":"poluare","status":"publish","type":"page","link":"https:\/\/www.greenpeace.org\/romania\/poluare\/","title":{"rendered":"#Poluare"},"content":{"rendered":"\n        <div class=\"wp-block-query actions-list p4-query-loop is-custom-layout-actions-list is-custom-layout-grid is-layout-grid wp-container-core-query-is-layout-29f43435 wp-block-query-is-layout-grid\"><h2 class=\"wp-block-heading\">Ce pou0163i face<\/h2>\n        <p style=\"margin-top: 24px; margin-bottom: 32px;\">Avem nevoie de implicarea ta pentru cu0103 u00eempreunu0103 suntem puternici.<\/p>\n        <div class=\"wp-block-query-no-results\">\n        <p >No posts found.<\/p>\n        <\/div>\n        \n        \n<div class=\"wp-block-buttons carousel-controls is-horizontal is-content-justification-space-between is-nowrap is-layout-flex wp-container-core-buttons-is-layout-044bd602 wp-block-buttons-is-layout-flex\">\n            <div class=\"wp-block-button carousel-control-prev\"><button type=\"button\" class=\"wp-block-button__link wp-element-button\">Prev<\/button><\/div>\n        \n\n            <div class=\"wp-block-button carousel-control-next\"><button type=\"button\" class=\"wp-block-button__link wp-element-button\">Next<\/button><\/div>\n        <\/div>\n\n        \n<div class=\"wp-block-buttons load-more-actions-container is-content-justification-center is-layout-flex wp-container-core-buttons-is-layout-16018d1d wp-block-buttons-is-layout-flex\">\n                <div class=\"wp-block-button is-style-secondary\"><button type=\"button\" class=\"wp-block-button__link wp-element-button\">Vezi mai multe<\/button><\/div>\n            \n<\/div>\n<\/div>\n        \n    <div class=\"wp-block-query posts-list p4-query-loop is-custom-layout-list is-layout-flow wp-block-query-is-layout-flow\">\n        <div class=\"wp-block-group is-content-justification-space-between is-layout-flex wp-container-core-group-is-layout-3d213aab wp-block-group-is-layout-flex\"><h2 class=\"wp-block-heading\">Articole similare<\/h2>\n        <li class=\" wp-block-navigation-item see-all-link wp-block-navigation-link\"><a class=\"wp-block-navigation-item__content\"  href=\"http:\/\/www.greenpeace.org\/romania\/news-stories\/?tag=poluare\"><span class=\"wp-block-navigation-item__label\">See all stories<\/span><\/a><\/li>\n        \n        <\/div>\n        \n\n    <p style=\"margin-top: 24px; margin-bottom: 36px;\"><\/p>\n\n    \n\n    <ul class=\"wp-block-post-template is-layout-flow wp-block-post-template-is-layout-flow\"><li class=\"wp-block-post post-9880 post type-post status-publish format-standard has-post-thumbnail hentry category-clima-si-energie category-greenpeace tag-criza-climatica tag-natura tag-poluare tag-schimbari-climatice tag-activism\">\n            \n<div class=\"wp-block-columns is-layout-flex wp-container-core-columns-is-layout-9d6595d7 wp-block-columns-is-layout-flex\"><figure class=\"wp-block-post-featured-image\"><a href=\"https:\/\/www.greenpeace.org\/romania\/articol\/9880\/cum-sa-ai-grija-de-tine-in-timpul-valurilor-de-caldura\/\" target=\"_self\"  ><img loading=\"lazy\" decoding=\"async\" width=\"1080\" height=\"766\" src=\"https:\/\/www.greenpeace.org\/static\/planet4-romania-stateless\/2024\/07\/6c196591-1000065127.jpg\" class=\"attachment-post-thumbnail size-post-thumbnail wp-post-image wp-stateless-item\" alt=\"Cum s\u0103 ai grij\u0103 de tine \u00een timpul valurilor de c\u0103ldur\u0103\" style=\"object-fit:cover;\" srcset=\"https:\/\/www.greenpeace.org\/static\/planet4-romania-stateless\/2024\/07\/6c196591-1000065127.jpg 1080w, https:\/\/www.greenpeace.org\/static\/planet4-romania-stateless\/2024\/07\/6c196591-1000065127-300x213.jpg 300w, https:\/\/www.greenpeace.org\/static\/planet4-romania-stateless\/2024\/07\/6c196591-1000065127-1024x726.jpg 1024w, https:\/\/www.greenpeace.org\/static\/planet4-romania-stateless\/2024\/07\/6c196591-1000065127-768x545.jpg 768w, https:\/\/www.greenpeace.org\/static\/planet4-romania-stateless\/2024\/07\/6c196591-1000065127-479x340.jpg 479w\" sizes=\"auto, (max-width: 1080px) 100vw, 1080px\" data-image-size=\"post-thumbnail\" data-stateless-media-bucket=\"planet4-romania-stateless\" data-stateless-media-name=\"2024\/07\/6c196591-1000065127.jpg\" \/><\/a><\/figure>\n\n        <div class=\"wp-block-group is-layout-flow wp-block-group-is-layout-flow\">\n                <div class=\"wp-block-group is-layout-flex wp-block-group-is-layout-flex\"><div class=\"wp-block-post-terms\"><a href=\"https:\/\/www.greenpeace.org\/romania\/category\/clima-si-energie\/\">Clim\u0103 \u0219i energie<\/a><\/div>\n                <div class=\"taxonomy-post_tag wp-block-post-terms\"><a href=\"https:\/\/www.greenpeace.org\/romania\/tag\/criza-climatica\/\" rel=\"tag\">CrizaClimatic\u0103<\/a><span class=\"wp-block-post-terms__separator\"> <\/span><a href=\"https:\/\/www.greenpeace.org\/romania\/tag\/natura\/\" rel=\"tag\">Natura<\/a><span class=\"wp-block-post-terms__separator\"> <\/span><a href=\"https:\/\/www.greenpeace.org\/romania\/tag\/poluare\/\" rel=\"tag\">Poluare<\/a><span class=\"wp-block-post-terms__separator\"> <\/span><a href=\"https:\/\/www.greenpeace.org\/romania\/tag\/schimbari-climatice\/\" rel=\"tag\">SchimbariClimatice<\/a><span class=\"wp-block-post-terms__separator\"> <\/span><a href=\"https:\/\/www.greenpeace.org\/romania\/tag\/activism\/\" rel=\"tag\">Activism<\/a><\/div>\n                \n                <\/div>\n                \n        <h3 class=\"wp-block-post-title\"><a href=\"https:\/\/www.greenpeace.org\/romania\/articol\/9880\/cum-sa-ai-grija-de-tine-in-timpul-valurilor-de-caldura\/\" target=\"_self\" >Cum s\u0103 ai grij\u0103 de tine \u00een timpul valurilor de c\u0103ldur\u0103<\/a><\/h3>\n        <div class=\"wp-block-post-excerpt\"><p class=\"wp-block-post-excerpt__excerpt\">S\u0103 \u0219tii cum s\u0103 te r\u0103core\u0219ti \u0219i s\u0103 te hidratezi este vital \u00een contextul unui val de c\u0103ldur\u0103. <\/p><\/div>\n        \n        <div class=\"wp-block-group posts-list-meta is-layout-flow wp-block-group-is-layout-flow\"><span class='article-list-item-author'><a href='https:\/\/www.greenpeace.org\/romania\/author\/gp_romania\/'>Greenpeace Rom\u00e2nia<\/a><\/span>\n        <div class=\"wp-block-post-date\"><time datetime=\"2024-07-11T14:14:27+03:00\">11\/07\/2024<\/time><\/div>\n        \n        <\/div>\n        <\/div>\n        <\/div>\n\n            <\/li><li class=\"wp-block-post post-9870 post type-post status-publish format-standard has-post-thumbnail hentry category-clima-si-energie category-greenpeace tag-biodiversitate tag-clima-1 tag-climatejustice-1 tag-criza-climatica tag-democratie-1 tag-energie tag-gaz-fosil-2 tag-marea-neagra-gaz-fosil tag-natura tag-oceane tag-poluare tag-schimbari-climatice tag-activism\">\n            \n<div class=\"wp-block-columns is-layout-flex wp-container-core-columns-is-layout-9d6595d7 wp-block-columns-is-layout-flex\"><figure class=\"wp-block-post-featured-image\"><a href=\"https:\/\/www.greenpeace.org\/romania\/articol\/9870\/greenpeace-cere-demisia-ministrului-mediului-mircea-fechet-dupa-emiterea-acordului-de-mediu-pentru-proiectul-neptun-deep\/\" target=\"_self\"  ><img loading=\"lazy\" decoding=\"async\" width=\"1616\" height=\"1080\" src=\"https:\/\/www.greenpeace.org\/static\/planet4-romania-stateless\/2024\/07\/808d0780-78433-1.jpg\" class=\"attachment-post-thumbnail size-post-thumbnail wp-post-image wp-stateless-item\" alt=\"Greenpeace cere demisia ministrului Mediului, Mircea Fechet, dup\u0103 emiterea acordului de mediu pentru proiectul Neptun Deep\" style=\"object-fit:cover;\" srcset=\"https:\/\/www.greenpeace.org\/static\/planet4-romania-stateless\/2024\/07\/808d0780-78433-1.jpg 1616w, https:\/\/www.greenpeace.org\/static\/planet4-romania-stateless\/2024\/07\/808d0780-78433-1-300x200.jpg 300w, https:\/\/www.greenpeace.org\/static\/planet4-romania-stateless\/2024\/07\/808d0780-78433-1-1024x684.jpg 1024w, https:\/\/www.greenpeace.org\/static\/planet4-romania-stateless\/2024\/07\/808d0780-78433-1-768x513.jpg 768w, https:\/\/www.greenpeace.org\/static\/planet4-romania-stateless\/2024\/07\/808d0780-78433-1-1536x1027.jpg 1536w, https:\/\/www.greenpeace.org\/static\/planet4-romania-stateless\/2024\/07\/808d0780-78433-1-510x340.jpg 510w\" sizes=\"auto, (max-width: 1616px) 100vw, 1616px\" data-image-size=\"post-thumbnail\" data-stateless-media-bucket=\"planet4-romania-stateless\" data-stateless-media-name=\"2024\/07\/808d0780-78433-1.jpg\" \/><\/a><\/figure>\n\n        <div class=\"wp-block-group is-layout-flow wp-block-group-is-layout-flow\">\n                <div class=\"wp-block-group is-layout-flex wp-block-group-is-layout-flex\"><div class=\"wp-block-post-terms\"><a href=\"https:\/\/www.greenpeace.org\/romania\/category\/clima-si-energie\/\">Clim\u0103 \u0219i energie<\/a><\/div>\n                <div class=\"taxonomy-post_tag wp-block-post-terms\"><a href=\"https:\/\/www.greenpeace.org\/romania\/tag\/biodiversitate\/\" rel=\"tag\">Biodiversitate<\/a><span class=\"wp-block-post-terms__separator\"> <\/span><a href=\"https:\/\/www.greenpeace.org\/romania\/tag\/clima-1\/\" rel=\"tag\">Clim\u0103<\/a><span class=\"wp-block-post-terms__separator\"> <\/span><a href=\"https:\/\/www.greenpeace.org\/romania\/tag\/climatejustice-1\/\" rel=\"tag\">ClimateJustice<\/a><span class=\"wp-block-post-terms__separator\"> <\/span><a href=\"https:\/\/www.greenpeace.org\/romania\/tag\/criza-climatica\/\" rel=\"tag\">CrizaClimatic\u0103<\/a><span class=\"wp-block-post-terms__separator\"> <\/span><a href=\"https:\/\/www.greenpeace.org\/romania\/tag\/democratie-1\/\" rel=\"tag\">Democra\u0163ie<\/a><span class=\"wp-block-post-terms__separator\"> <\/span><a href=\"https:\/\/www.greenpeace.org\/romania\/tag\/energie\/\" rel=\"tag\">Energie<\/a><span class=\"wp-block-post-terms__separator\"> <\/span><a href=\"https:\/\/www.greenpeace.org\/romania\/tag\/gaz-fosil-2\/\" rel=\"tag\">Gaz Fosil<\/a><span class=\"wp-block-post-terms__separator\"> <\/span><a href=\"https:\/\/www.greenpeace.org\/romania\/tag\/marea-neagra-gaz-fosil\/\" rel=\"tag\">Marea Neagra<\/a><span class=\"wp-block-post-terms__separator\"> <\/span><a href=\"https:\/\/www.greenpeace.org\/romania\/tag\/natura\/\" rel=\"tag\">Natura<\/a><span class=\"wp-block-post-terms__separator\"> <\/span><a href=\"https:\/\/www.greenpeace.org\/romania\/tag\/oceane\/\" rel=\"tag\">Oceane<\/a><span class=\"wp-block-post-terms__separator\"> <\/span><a href=\"https:\/\/www.greenpeace.org\/romania\/tag\/poluare\/\" rel=\"tag\">Poluare<\/a><span class=\"wp-block-post-terms__separator\"> <\/span><a href=\"https:\/\/www.greenpeace.org\/romania\/tag\/schimbari-climatice\/\" rel=\"tag\">SchimbariClimatice<\/a><span class=\"wp-block-post-terms__separator\"> <\/span><a href=\"https:\/\/www.greenpeace.org\/romania\/tag\/activism\/\" rel=\"tag\">Activism<\/a><\/div>\n                \n                <\/div>\n                \n        <h3 class=\"wp-block-post-title\"><a href=\"https:\/\/www.greenpeace.org\/romania\/articol\/9870\/greenpeace-cere-demisia-ministrului-mediului-mircea-fechet-dupa-emiterea-acordului-de-mediu-pentru-proiectul-neptun-deep\/\" target=\"_self\" >Greenpeace cere demisia ministrului Mediului, Mircea Fechet, dup\u0103 emiterea acordului de mediu pentru proiectul Neptun Deep<\/a><\/h3>\n        <div class=\"wp-block-post-excerpt\"><p class=\"wp-block-post-excerpt__excerpt\">Organiza\u021bia de mediu Greenpeace condamn\u0103 emiterea acordului de mediu pentru proiectul Neptun Deep: \u201eO procedur\u0103 viciat\u0103 \u0219i executat\u0103 pe repede \u00eenainte f\u0103r\u0103 a lua \u00een considerare \u00eengrijor\u0103rile oamenilor\u201d.\u00a0 <\/p><\/div>\n        \n        <div class=\"wp-block-group posts-list-meta is-layout-flow wp-block-group-is-layout-flow\"><span class='article-list-item-author'><a href='https:\/\/www.greenpeace.org\/romania\/author\/gp_romania\/'>Greenpeace Rom\u00e2nia<\/a><\/span>\n        <div class=\"wp-block-post-date\"><time datetime=\"2024-07-04T10:37:33+03:00\">04\/07\/2024<\/time><\/div>\n        \n        <\/div>\n        <\/div>\n        <\/div>\n\n            <\/li><li class=\"wp-block-post post-9849 post type-post status-publish format-standard has-post-thumbnail hentry category-clima-si-energie category-greenpeace tag-clima-1 tag-climatejustice-1 tag-criza-climatica tag-democratie-1 tag-energie tag-gaz-fosil-2 tag-marea-neagra-gaz-fosil tag-natura tag-oceane tag-poluare tag-schimbari-climatice tag-activism\">\n            \n<div class=\"wp-block-columns is-layout-flex wp-container-core-columns-is-layout-9d6595d7 wp-block-columns-is-layout-flex\"><figure class=\"wp-block-post-featured-image\"><a href=\"https:\/\/www.greenpeace.org\/romania\/articol\/9849\/un-an-de-campanie-impotriva-neptun-deep\/\" target=\"_self\"  ><img loading=\"lazy\" decoding=\"async\" width=\"2560\" height=\"1707\" src=\"https:\/\/www.greenpeace.org\/static\/planet4-romania-stateless\/2024\/06\/3022da28-copy-of-bun-mic01821-1-scaled.jpg\" class=\"attachment-post-thumbnail size-post-thumbnail wp-post-image wp-stateless-item\" alt=\"Un an de campanie \u00eempotriva Neptun Deep\" style=\"object-fit:cover;\" srcset=\"https:\/\/www.greenpeace.org\/static\/planet4-romania-stateless\/2024\/06\/3022da28-copy-of-bun-mic01821-1-scaled.jpg 2560w, https:\/\/www.greenpeace.org\/static\/planet4-romania-stateless\/2024\/06\/3022da28-copy-of-bun-mic01821-1-300x200.jpg 300w, https:\/\/www.greenpeace.org\/static\/planet4-romania-stateless\/2024\/06\/3022da28-copy-of-bun-mic01821-1-1024x683.jpg 1024w, https:\/\/www.greenpeace.org\/static\/planet4-romania-stateless\/2024\/06\/3022da28-copy-of-bun-mic01821-1-768x512.jpg 768w, https:\/\/www.greenpeace.org\/static\/planet4-romania-stateless\/2024\/06\/3022da28-copy-of-bun-mic01821-1-1536x1024.jpg 1536w, https:\/\/www.greenpeace.org\/static\/planet4-romania-stateless\/2024\/06\/3022da28-copy-of-bun-mic01821-1-2048x1366.jpg 2048w, https:\/\/www.greenpeace.org\/static\/planet4-romania-stateless\/2024\/06\/3022da28-copy-of-bun-mic01821-1-510x340.jpg 510w\" sizes=\"auto, (max-width: 2560px) 100vw, 2560px\" data-image-size=\"post-thumbnail\" data-stateless-media-bucket=\"planet4-romania-stateless\" data-stateless-media-name=\"2024\/06\/3022da28-copy-of-bun-mic01821-1-scaled.jpg\" \/><\/a><\/figure>\n\n        <div class=\"wp-block-group is-layout-flow wp-block-group-is-layout-flow\">\n                <div class=\"wp-block-group is-layout-flex wp-block-group-is-layout-flex\"><div class=\"wp-block-post-terms\"><a href=\"https:\/\/www.greenpeace.org\/romania\/category\/clima-si-energie\/\">Clim\u0103 \u0219i energie<\/a><\/div>\n                <div class=\"taxonomy-post_tag wp-block-post-terms\"><a href=\"https:\/\/www.greenpeace.org\/romania\/tag\/clima-1\/\" rel=\"tag\">Clim\u0103<\/a><span class=\"wp-block-post-terms__separator\"> <\/span><a href=\"https:\/\/www.greenpeace.org\/romania\/tag\/climatejustice-1\/\" rel=\"tag\">ClimateJustice<\/a><span class=\"wp-block-post-terms__separator\"> <\/span><a href=\"https:\/\/www.greenpeace.org\/romania\/tag\/criza-climatica\/\" rel=\"tag\">CrizaClimatic\u0103<\/a><span class=\"wp-block-post-terms__separator\"> <\/span><a href=\"https:\/\/www.greenpeace.org\/romania\/tag\/democratie-1\/\" rel=\"tag\">Democra\u0163ie<\/a><span class=\"wp-block-post-terms__separator\"> <\/span><a href=\"https:\/\/www.greenpeace.org\/romania\/tag\/energie\/\" rel=\"tag\">Energie<\/a><span class=\"wp-block-post-terms__separator\"> <\/span><a href=\"https:\/\/www.greenpeace.org\/romania\/tag\/gaz-fosil-2\/\" rel=\"tag\">Gaz Fosil<\/a><span class=\"wp-block-post-terms__separator\"> <\/span><a href=\"https:\/\/www.greenpeace.org\/romania\/tag\/marea-neagra-gaz-fosil\/\" rel=\"tag\">Marea Neagra<\/a><span class=\"wp-block-post-terms__separator\"> <\/span><a href=\"https:\/\/www.greenpeace.org\/romania\/tag\/natura\/\" rel=\"tag\">Natura<\/a><span class=\"wp-block-post-terms__separator\"> <\/span><a href=\"https:\/\/www.greenpeace.org\/romania\/tag\/oceane\/\" rel=\"tag\">Oceane<\/a><span class=\"wp-block-post-terms__separator\"> <\/span><a href=\"https:\/\/www.greenpeace.org\/romania\/tag\/poluare\/\" rel=\"tag\">Poluare<\/a><span class=\"wp-block-post-terms__separator\"> <\/span><a href=\"https:\/\/www.greenpeace.org\/romania\/tag\/schimbari-climatice\/\" rel=\"tag\">SchimbariClimatice<\/a><span class=\"wp-block-post-terms__separator\"> <\/span><a href=\"https:\/\/www.greenpeace.org\/romania\/tag\/activism\/\" rel=\"tag\">Activism<\/a><\/div>\n                \n                <\/div>\n                \n        <h3 class=\"wp-block-post-title\"><a href=\"https:\/\/www.greenpeace.org\/romania\/articol\/9849\/un-an-de-campanie-impotriva-neptun-deep\/\" target=\"_self\" >Un an de campanie \u00eempotriva Neptun Deep<\/a><\/h3>\n        <div class=\"wp-block-post-excerpt\"><p class=\"wp-block-post-excerpt__excerpt\">Oric\u00e2t de mic\u0103 e \u0219ansa ta, trebuie s\u0103 te mobilizezi, s\u0103 intri \u00een ring, \u0219i s\u0103 crezi p\u00e2n\u0103 la cap\u0103t c\u0103 acest proiect va fi \u00eent\u00e2rziat \u0219i \u00een cele din urm\u0103 oprit. <\/p><\/div>\n        \n        <div class=\"wp-block-group posts-list-meta is-layout-flow wp-block-group-is-layout-flow\"><span class='article-list-item-author'><a href='https:\/\/www.greenpeace.org\/romania\/author\/vlad-catuna\/'>Vlad C\u0103tun\u0103<\/a><\/span>\n        <div class=\"wp-block-post-date\"><time datetime=\"2024-06-26T11:15:15+03:00\">26\/06\/2024<\/time><\/div>\n        \n        <\/div>\n        <\/div>\n        <\/div>\n\n            <\/li><\/ul>\n\n    \n<div class=\"wp-block-buttons carousel-controls is-horizontal is-content-justification-space-between is-nowrap is-layout-flex wp-container-core-buttons-is-layout-044bd602 wp-block-buttons-is-layout-flex\">\n            <div class=\"wp-block-button carousel-control-prev\"><button type=\"button\" class=\"wp-block-button__link wp-element-button\">Prev<\/button><\/div>\n        \n\n            <div class=\"wp-block-button carousel-control-next\"><button type=\"button\" class=\"wp-block-button__link wp-element-button\">Next<\/button><\/div>\n        <\/div>\n\n\n    <li class=\" wp-block-navigation-item see-all-link wp-block-navigation-link\"><a class=\"wp-block-navigation-item__content\"  href=\"http:\/\/www.greenpeace.org\/romania\/news-stories\/?tag=poluare\"><span class=\"wp-block-navigation-item__label\">See all stories<\/span><\/a><\/li><\/div>\n    \n    <div class=\"wp-block-query posts-list p4-query-loop is-custom-layout-grid is-layout-grid wp-container-core-query-is-layout-b8bb0bd1 wp-block-query-is-layout-grid\">\n        <div class=\"wp-block-group is-content-justification-space-between is-layout-flex wp-container-core-group-is-layout-3d213aab wp-block-group-is-layout-flex\"><h2 class=\"wp-block-heading\">Publications<\/h2>\n        <li class=\" wp-block-navigation-item see-all-link wp-block-navigation-link\"><a class=\"wp-block-navigation-item__content\"  href=\"http:\/\/www.greenpeace.org\/romania\/news-stories\/?tag=poluare&#038;post-type=\"><span class=\"wp-block-navigation-item__label\">See all stories<\/span><\/a><\/li>\n        \n        <\/div>\n        \n\n    <p style=\"margin-top: 24px; margin-bottom: 36px;\"><\/p>\n\n    <div class=\"wp-block-query-no-results\">\n        <p style=\"\">No posts found.<\/p>\n        <\/div>\n\n    \n\n    \n<div class=\"wp-block-buttons carousel-controls is-horizontal is-content-justification-space-between is-nowrap is-layout-flex wp-container-core-buttons-is-layout-044bd602 wp-block-buttons-is-layout-flex\">\n            <div class=\"wp-block-button carousel-control-prev\"><button type=\"button\" class=\"wp-block-button__link wp-element-button\">Prev<\/button><\/div>\n        \n\n            <div class=\"wp-block-button carousel-control-next\"><button type=\"button\" class=\"wp-block-button__link wp-element-button\">Next<\/button><\/div>\n        <\/div>\n\n\n    <li class=\" wp-block-navigation-item see-all-link wp-block-navigation-link\"><a class=\"wp-block-navigation-item__content\"  href=\"http:\/\/www.greenpeace.org\/romania\/news-stories\/?tag=poluare&#038;post-type=\"><span class=\"wp-block-navigation-item__label\">See all stories<\/span><\/a><\/li><\/div>\n    <div data-render=\"planet4-blocks\/happypoint\" data-attributes=\"{&quot;attributes&quot;:{&quot;mailing_list_iframe&quot;:true,&quot;opacity&quot;:30,&quot;override_default_content&quot;:false,&quot;local_content_provider&quot;:&quot;none&quot;}}\"><\/div>","protected":false},"excerpt":{"rendered":"","protected":false},"author":35,"featured_media":0,"parent":0,"menu_order":0,"comment_status":"closed","ping_status":"closed","template":"","meta":{"ep_exclude_from_search":false,"p4_hide_page_title_checkbox":"","p4_title":"","p4_subtitle":"","p4_description":"","background_image_id":"","background_image":"","p4_button_title":"","p4_button_link":"","p4_button_link_checkbox":"","p4_og_title":"","p4_og_description":"","p4_og_image":"","p4_og_image_id":"","p4_seo_canonical_url":"","p4_campaign_name":"","p4_local_project":"","p4_basket_name":"","p4_department":"","footnotes":""},"categories":[],"tags":[],"class_list":["post-5498","page","type-page","status-publish","hentry"],"_links":{"self":[{"href":"https:\/\/www.greenpeace.org\/romania\/wp-json\/wp\/v2\/pages\/5498","targetHints":{"allow":["GET"]}}],"collection":[{"href":"https:\/\/www.greenpeace.org\/romania\/wp-json\/wp\/v2\/pages"}],"about":[{"href":"https:\/\/www.greenpeace.org\/romania\/wp-json\/wp\/v2\/types\/page"}],"author":[{"embeddable":true,"href":"https:\/\/www.greenpeace.org\/romania\/wp-json\/wp\/v2\/users\/35"}],"replies":[{"embeddable":true,"href":"https:\/\/www.greenpeace.org\/romania\/wp-json\/wp\/v2\/comments?post=5498"}],"version-history":[{"count":13,"href":"https:\/\/www.greenpeace.org\/romania\/wp-json\/wp\/v2\/pages\/5498\/revisions"}],"predecessor-version":[{"id":12683,"href":"https:\/\/www.greenpeace.org\/romania\/wp-json\/wp\/v2\/pages\/5498\/revisions\/12683"}],"wp:attachment":[{"href":"https:\/\/www.greenpeace.org\/romania\/wp-json\/wp\/v2\/media?parent=5498"}],"wp:term":[{"taxonomy":"category","embeddable":true,"href":"https:\/\/www.greenpeace.org\/romania\/wp-json\/wp\/v2\/categories?post=5498"},{"taxonomy":"post_tag","embeddable":true,"href":"https:\/\/www.greenpeace.org\/romania\/wp-json\/wp\/v2\/tags?post=5498"}],"curies":[{"name":"wp","href":"https:\/\/api.w.org\/{rel}","templated":true}]}}