{"id":5586,"date":"2021-03-02T12:59:04","date_gmt":"2021-03-02T09:59:04","guid":{"rendered":"https:\/\/www.greenpeace.org\/romania\/schimbariclimatice\/"},"modified":"2026-04-08T11:56:16","modified_gmt":"2026-04-08T08:56:16","slug":"schimbariclimatice","status":"publish","type":"page","link":"https:\/\/www.greenpeace.org\/romania\/schimbariclimatice\/","title":{"rendered":"#SchimbariClimatice"},"content":{"rendered":"\n        <div class=\"wp-block-query actions-list p4-query-loop is-custom-layout-actions-list is-custom-layout-grid is-layout-grid wp-container-core-query-is-layout-29f43435 wp-block-query-is-layout-grid\"><h2 class=\"wp-block-heading\">Ce pou0163i face<\/h2>\n        <p style=\"margin-top: 24px; margin-bottom: 32px;\">Avem nevoie de implicarea ta pentru cu0103 u00eempreunu0103 suntem puternici.<\/p>\n        <div class=\"wp-block-query-no-results\">\n        <p >No posts found.<\/p>\n        <\/div>\n        \n        \n<div class=\"wp-block-buttons carousel-controls is-horizontal is-content-justification-space-between is-nowrap is-layout-flex wp-container-core-buttons-is-layout-044bd602 wp-block-buttons-is-layout-flex\">\n            <div class=\"wp-block-button carousel-control-prev\"><button type=\"button\" class=\"wp-block-button__link wp-element-button\">Prev<\/button><\/div>\n        \n\n            <div class=\"wp-block-button carousel-control-next\"><button type=\"button\" class=\"wp-block-button__link wp-element-button\">Next<\/button><\/div>\n        <\/div>\n\n        \n<div class=\"wp-block-buttons load-more-actions-container is-content-justification-center is-layout-flex wp-container-core-buttons-is-layout-16018d1d wp-block-buttons-is-layout-flex\">\n                <div class=\"wp-block-button is-style-secondary\"><button type=\"button\" class=\"wp-block-button__link wp-element-button\">Vezi mai multe<\/button><\/div>\n            \n<\/div>\n<\/div>\n        \n    <div class=\"wp-block-query posts-list p4-query-loop is-custom-layout-list is-layout-flow wp-block-query-is-layout-flow\">\n        <div class=\"wp-block-group is-content-justification-space-between is-layout-flex wp-container-core-group-is-layout-3d213aab wp-block-group-is-layout-flex\"><h2 class=\"wp-block-heading\">Articole similare<\/h2>\n        <li class=\" wp-block-navigation-item see-all-link wp-block-navigation-link\"><a class=\"wp-block-navigation-item__content\"  href=\"http:\/\/www.greenpeace.org\/romania\/news-stories\/?tag=schimbariclimatice\"><span class=\"wp-block-navigation-item__label\">See all stories<\/span><\/a><\/li>\n        \n        <\/div>\n        \n\n    <p style=\"margin-top: 24px; margin-bottom: 36px;\"><\/p>\n\n    \n\n    <ul class=\"wp-block-post-template is-layout-flow wp-block-post-template-is-layout-flow\"><li class=\"wp-block-post post-11620 post type-post status-publish format-standard has-post-thumbnail hentry category-clima-si-energie tag-clima-1 tag-schimbari-climatice tag-activism tag-greenpeace-1\">\n            \n<div class=\"wp-block-columns is-layout-flex wp-container-core-columns-is-layout-9d6595d7 wp-block-columns-is-layout-flex\"><figure class=\"wp-block-post-featured-image\"><a href=\"https:\/\/www.greenpeace.org\/romania\/articol\/11620\/un-an-de-la-inundatiile-din-galati-ce-s-a-schimbat\/\" target=\"_self\"  ><img loading=\"lazy\" decoding=\"async\" width=\"8268\" height=\"6614\" src=\"https:\/\/www.greenpeace.org\/static\/planet4-romania-stateless\/2025\/08\/aca6896b-11-70x56cm-mic09308-1.jpg\" class=\"attachment-post-thumbnail size-post-thumbnail wp-post-image wp-stateless-item\" alt=\"Un an de la inunda\u021biile din Gala\u021bi.\u00a0Ce s-a schimbat?\" style=\"object-fit:cover;\" srcset=\"https:\/\/www.greenpeace.org\/static\/planet4-romania-stateless\/2025\/08\/aca6896b-11-70x56cm-mic09308-1.jpg 8268w, https:\/\/www.greenpeace.org\/static\/planet4-romania-stateless\/2025\/08\/aca6896b-11-70x56cm-mic09308-1-300x240.jpg 300w, https:\/\/www.greenpeace.org\/static\/planet4-romania-stateless\/2025\/08\/aca6896b-11-70x56cm-mic09308-1-1024x819.jpg 1024w, https:\/\/www.greenpeace.org\/static\/planet4-romania-stateless\/2025\/08\/aca6896b-11-70x56cm-mic09308-1-768x614.jpg 768w, https:\/\/www.greenpeace.org\/static\/planet4-romania-stateless\/2025\/08\/aca6896b-11-70x56cm-mic09308-1-425x340.jpg 425w\" sizes=\"auto, (max-width: 8268px) 100vw, 8268px\" data-image-size=\"post-thumbnail\" data-stateless-media-bucket=\"planet4-romania-stateless\" data-stateless-media-name=\"2025\/08\/aca6896b-11-70x56cm-mic09308-1.jpg\" \/><\/a><\/figure>\n\n        <div class=\"wp-block-group is-layout-flow wp-block-group-is-layout-flow\">\n                <div class=\"wp-block-group is-layout-flex wp-block-group-is-layout-flex\"><div class=\"wp-block-post-terms\"><a href=\"https:\/\/www.greenpeace.org\/romania\/category\/clima-si-energie\/\">Clim\u0103 \u0219i energie<\/a><\/div>\n                <div class=\"taxonomy-post_tag wp-block-post-terms\"><a href=\"https:\/\/www.greenpeace.org\/romania\/tag\/clima-1\/\" rel=\"tag\">Clim\u0103<\/a><span class=\"wp-block-post-terms__separator\"> <\/span><a href=\"https:\/\/www.greenpeace.org\/romania\/tag\/schimbari-climatice\/\" rel=\"tag\">SchimbariClimatice<\/a><span class=\"wp-block-post-terms__separator\"> <\/span><a href=\"https:\/\/www.greenpeace.org\/romania\/tag\/activism\/\" rel=\"tag\">Activism<\/a><span class=\"wp-block-post-terms__separator\"> <\/span><a href=\"https:\/\/www.greenpeace.org\/romania\/tag\/greenpeace-1\/\" rel=\"tag\">Greenpeace<\/a><\/div>\n                \n                <\/div>\n                \n        <h3 class=\"wp-block-post-title\"><a href=\"https:\/\/www.greenpeace.org\/romania\/articol\/11620\/un-an-de-la-inundatiile-din-galati-ce-s-a-schimbat\/\" target=\"_self\" >Un an de la inunda\u021biile din Gala\u021bi.\u00a0Ce s-a schimbat?<\/a><\/h3>\n        <div class=\"wp-block-post-excerpt\"><p class=\"wp-block-post-excerpt__excerpt\">A trecut un an de la inunda\u021biile devastatoare din jude\u021bul Gala\u021bi. Ploile toren\u021biale aduse de ciclonul Boris \u00een septembrie 2024 au provocat un dezastru: \u0219apte oameni \u0219i-au pierdut via\u021ba, aproape&hellip; <\/p><\/div>\n        \n        <div class=\"wp-block-group posts-list-meta is-layout-flow wp-block-group-is-layout-flow\"><span class='article-list-item-author'><a href='https:\/\/www.greenpeace.org\/romania\/author\/gp_romania\/'>Greenpeace Rom\u00e2nia<\/a><\/span>\n        <div class=\"wp-block-post-date\"><time datetime=\"2025-09-17T12:02:09+03:00\">17\/09\/2025<\/time><\/div>\n        \n        <\/div>\n        <\/div>\n        <\/div>\n\n            <\/li><li class=\"wp-block-post post-11543 post type-post status-publish format-standard has-post-thumbnail hentry category-greenpeace tag-clima-1 tag-schimbari-climatice p4-page-type-comunicat-presa\">\n            \n<div class=\"wp-block-columns is-layout-flex wp-container-core-columns-is-layout-9d6595d7 wp-block-columns-is-layout-flex\"><figure class=\"wp-block-post-featured-image\"><a href=\"https:\/\/www.greenpeace.org\/romania\/comunicat-presa\/11543\/inundatiile-aproape-s-au-dublat-fata-de-2019-datele-ro-alert-confirma\/\" target=\"_self\"  ><img loading=\"lazy\" decoding=\"async\" width=\"780\" height=\"440\" src=\"https:\/\/www.greenpeace.org\/static\/planet4-romania-stateless\/2025\/08\/b3b79710-odamad00ndamagfzad1hyzfmn2jjzde5otjmyzcxowiwmzzhndvlm2qwzdjizg.thumb_.jpg\" class=\"attachment-post-thumbnail size-post-thumbnail wp-post-image wp-stateless-item\" alt=\"Inunda\u021biile aproape s-au dublat fa\u021b\u0103 de 2019 &#8211; datele RO-ALERT confirm\u0103\" style=\"object-fit:cover;\" srcset=\"https:\/\/www.greenpeace.org\/static\/planet4-romania-stateless\/2025\/08\/b3b79710-odamad00ndamagfzad1hyzfmn2jjzde5otjmyzcxowiwmzzhndvlm2qwzdjizg.thumb_.jpg 780w, https:\/\/www.greenpeace.org\/static\/planet4-romania-stateless\/2025\/08\/b3b79710-odamad00ndamagfzad1hyzfmn2jjzde5otjmyzcxowiwmzzhndvlm2qwzdjizg.thumb_-300x169.jpg 300w, https:\/\/www.greenpeace.org\/static\/planet4-romania-stateless\/2025\/08\/b3b79710-odamad00ndamagfzad1hyzfmn2jjzde5otjmyzcxowiwmzzhndvlm2qwzdjizg.thumb_-768x433.jpg 768w, https:\/\/www.greenpeace.org\/static\/planet4-romania-stateless\/2025\/08\/b3b79710-odamad00ndamagfzad1hyzfmn2jjzde5otjmyzcxowiwmzzhndvlm2qwzdjizg.thumb_-510x288.jpg 510w\" sizes=\"auto, (max-width: 780px) 100vw, 780px\" data-image-size=\"post-thumbnail\" data-stateless-media-bucket=\"planet4-romania-stateless\" data-stateless-media-name=\"2025\/08\/b3b79710-odamad00ndamagfzad1hyzfmn2jjzde5otjmyzcxowiwmzzhndvlm2qwzdjizg.thumb_.jpg\" \/><\/a><\/figure>\n\n        <div class=\"wp-block-group is-layout-flow wp-block-group-is-layout-flow\">\n                <div class=\"wp-block-group is-layout-flex wp-block-group-is-layout-flex\"><div class=\"wp-block-post-terms\"><a href=\"https:\/\/www.greenpeace.org\/romania\/category\/greenpeace\/\">Greenpeace<\/a><\/div>\n                <div class=\"taxonomy-post_tag wp-block-post-terms\"><a href=\"https:\/\/www.greenpeace.org\/romania\/tag\/clima-1\/\" rel=\"tag\">Clim\u0103<\/a><span class=\"wp-block-post-terms__separator\"> <\/span><a href=\"https:\/\/www.greenpeace.org\/romania\/tag\/schimbari-climatice\/\" rel=\"tag\">SchimbariClimatice<\/a><\/div>\n                \n                <\/div>\n                \n        <h3 class=\"wp-block-post-title\"><a href=\"https:\/\/www.greenpeace.org\/romania\/comunicat-presa\/11543\/inundatiile-aproape-s-au-dublat-fata-de-2019-datele-ro-alert-confirma\/\" target=\"_self\" >Inunda\u021biile aproape s-au dublat fa\u021b\u0103 de 2019 &#8211; datele RO-ALERT confirm\u0103<\/a><\/h3>\n        <div class=\"wp-block-post-excerpt\"><p class=\"wp-block-post-excerpt__excerpt\">Analiza Greenpeace Rom\u00e2nia asupra datelor oficiale RO-ALERT (2019 \u2013 2025) arat\u0103 o cre\u0219tere \u00eengrijor\u0103toare a fenomenelor meteo extreme. <\/p><\/div>\n        \n        <div class=\"wp-block-group posts-list-meta is-layout-flow wp-block-group-is-layout-flow\"><span class='article-list-item-author'><a href='https:\/\/www.greenpeace.org\/romania\/author\/gp_romania\/'>Greenpeace Rom\u00e2nia<\/a><\/span>\n        <div class=\"wp-block-post-date\"><time datetime=\"2025-08-28T07:54:12+03:00\">28\/08\/2025<\/time><\/div>\n        \n        <\/div>\n        <\/div>\n        <\/div>\n\n            <\/li><li class=\"wp-block-post post-11478 post type-post status-publish format-standard has-post-thumbnail hentry category-clima-si-energie category-greenpeace tag-participare-civica-2 tag-criza-climatica tag-schimbari-climatice tag-activism\">\n            \n<div class=\"wp-block-columns is-layout-flex wp-container-core-columns-is-layout-9d6595d7 wp-block-columns-is-layout-flex\"><figure class=\"wp-block-post-featured-image\"><a href=\"https:\/\/www.greenpeace.org\/romania\/articol\/11478\/fenomene-meteo-extreme-efectul-boiling-frog-si-cum-ne-implicam\/\" target=\"_self\"  ><img loading=\"lazy\" decoding=\"async\" width=\"2048\" height=\"1365\" src=\"https:\/\/www.greenpeace.org\/static\/planet4-romania-stateless\/2025\/08\/1a613142-copy-of-manifesto-graphic.jpg\" class=\"attachment-post-thumbnail size-post-thumbnail wp-post-image wp-stateless-item\" alt=\"Fenomene meteo extreme, efectul boiling frog \u0219i cum ne implic\u0103m\" style=\"object-fit:cover;\" srcset=\"https:\/\/www.greenpeace.org\/static\/planet4-romania-stateless\/2025\/08\/1a613142-copy-of-manifesto-graphic.jpg 2048w, https:\/\/www.greenpeace.org\/static\/planet4-romania-stateless\/2025\/08\/1a613142-copy-of-manifesto-graphic-300x200.jpg 300w, https:\/\/www.greenpeace.org\/static\/planet4-romania-stateless\/2025\/08\/1a613142-copy-of-manifesto-graphic-1024x683.jpg 1024w, https:\/\/www.greenpeace.org\/static\/planet4-romania-stateless\/2025\/08\/1a613142-copy-of-manifesto-graphic-768x512.jpg 768w, https:\/\/www.greenpeace.org\/static\/planet4-romania-stateless\/2025\/08\/1a613142-copy-of-manifesto-graphic-1536x1024.jpg 1536w, https:\/\/www.greenpeace.org\/static\/planet4-romania-stateless\/2025\/08\/1a613142-copy-of-manifesto-graphic-510x340.jpg 510w\" sizes=\"auto, (max-width: 2048px) 100vw, 2048px\" data-image-size=\"post-thumbnail\" data-stateless-media-bucket=\"planet4-romania-stateless\" data-stateless-media-name=\"2025\/08\/1a613142-copy-of-manifesto-graphic.jpg\" \/><\/a><\/figure>\n\n        <div class=\"wp-block-group is-layout-flow wp-block-group-is-layout-flow\">\n                <div class=\"wp-block-group is-layout-flex wp-block-group-is-layout-flex\"><div class=\"wp-block-post-terms\"><a href=\"https:\/\/www.greenpeace.org\/romania\/category\/clima-si-energie\/\">Clim\u0103 \u0219i energie<\/a><\/div>\n                <div class=\"taxonomy-post_tag wp-block-post-terms\"><a href=\"https:\/\/www.greenpeace.org\/romania\/tag\/participare-civica-2\/\" rel=\"tag\">Participare Civic\u0103<\/a><span class=\"wp-block-post-terms__separator\"> <\/span><a href=\"https:\/\/www.greenpeace.org\/romania\/tag\/criza-climatica\/\" rel=\"tag\">CrizaClimatic\u0103<\/a><span class=\"wp-block-post-terms__separator\"> <\/span><a href=\"https:\/\/www.greenpeace.org\/romania\/tag\/schimbari-climatice\/\" rel=\"tag\">SchimbariClimatice<\/a><span class=\"wp-block-post-terms__separator\"> <\/span><a href=\"https:\/\/www.greenpeace.org\/romania\/tag\/activism\/\" rel=\"tag\">Activism<\/a><\/div>\n                \n                <\/div>\n                \n        <h3 class=\"wp-block-post-title\"><a href=\"https:\/\/www.greenpeace.org\/romania\/articol\/11478\/fenomene-meteo-extreme-efectul-boiling-frog-si-cum-ne-implicam\/\" target=\"_self\" >Fenomene meteo extreme, efectul boiling frog \u0219i cum ne implic\u0103m<\/a><\/h3>\n        <div class=\"wp-block-post-excerpt\"><p class=\"wp-block-post-excerpt__excerpt\">Ne-am propus s\u0103 dedic\u0103m un spa\u021biu document\u0103rii pe care o facem asupra impactului \u0219i ce r\u0103m\u00e2ne \u00een urma fenomenelor meteo extreme.\u00a0 <\/p><\/div>\n        \n        <div class=\"wp-block-group posts-list-meta is-layout-flow wp-block-group-is-layout-flow\"><span class='article-list-item-author'><a href='https:\/\/www.greenpeace.org\/romania\/author\/gp_romania\/'>Greenpeace Rom\u00e2nia<\/a><\/span>\n        <div class=\"wp-block-post-date\"><time datetime=\"2025-08-21T09:30:17+03:00\">21\/08\/2025<\/time><\/div>\n        \n        <\/div>\n        <\/div>\n        <\/div>\n\n            <\/li><\/ul>\n\n    \n<div class=\"wp-block-buttons carousel-controls is-horizontal is-content-justification-space-between is-nowrap is-layout-flex wp-container-core-buttons-is-layout-044bd602 wp-block-buttons-is-layout-flex\">\n            <div class=\"wp-block-button carousel-control-prev\"><button type=\"button\" class=\"wp-block-button__link wp-element-button\">Prev<\/button><\/div>\n        \n\n            <div class=\"wp-block-button carousel-control-next\"><button type=\"button\" class=\"wp-block-button__link wp-element-button\">Next<\/button><\/div>\n        <\/div>\n\n\n    <li class=\" wp-block-navigation-item see-all-link wp-block-navigation-link\"><a class=\"wp-block-navigation-item__content\"  href=\"http:\/\/www.greenpeace.org\/romania\/news-stories\/?tag=schimbariclimatice\"><span class=\"wp-block-navigation-item__label\">See all stories<\/span><\/a><\/li><\/div>\n    \n    <div class=\"wp-block-query posts-list p4-query-loop is-custom-layout-grid is-layout-grid wp-container-core-query-is-layout-b8bb0bd1 wp-block-query-is-layout-grid\">\n        <div class=\"wp-block-group is-content-justification-space-between is-layout-flex wp-container-core-group-is-layout-3d213aab wp-block-group-is-layout-flex\"><h2 class=\"wp-block-heading\">Publications<\/h2>\n        <li class=\" wp-block-navigation-item see-all-link wp-block-navigation-link\"><a class=\"wp-block-navigation-item__content\"  href=\"http:\/\/www.greenpeace.org\/romania\/news-stories\/?tag=schimbariclimatice&#038;post-type=\"><span class=\"wp-block-navigation-item__label\">See all stories<\/span><\/a><\/li>\n        \n        <\/div>\n        \n\n    <p style=\"margin-top: 24px; margin-bottom: 36px;\"><\/p>\n\n    <div class=\"wp-block-query-no-results\">\n        <p style=\"\">No posts found.<\/p>\n        <\/div>\n\n    \n\n    \n<div class=\"wp-block-buttons carousel-controls is-horizontal is-content-justification-space-between is-nowrap is-layout-flex wp-container-core-buttons-is-layout-044bd602 wp-block-buttons-is-layout-flex\">\n            <div class=\"wp-block-button carousel-control-prev\"><button type=\"button\" class=\"wp-block-button__link wp-element-button\">Prev<\/button><\/div>\n        \n\n            <div class=\"wp-block-button carousel-control-next\"><button type=\"button\" class=\"wp-block-button__link wp-element-button\">Next<\/button><\/div>\n        <\/div>\n\n\n    <li class=\" wp-block-navigation-item see-all-link wp-block-navigation-link\"><a class=\"wp-block-navigation-item__content\"  href=\"http:\/\/www.greenpeace.org\/romania\/news-stories\/?tag=schimbariclimatice&#038;post-type=\"><span class=\"wp-block-navigation-item__label\">See all stories<\/span><\/a><\/li><\/div>\n    <div data-render=\"planet4-blocks\/happypoint\" data-attributes=\"{&quot;attributes&quot;:{&quot;mailing_list_iframe&quot;:true,&quot;opacity&quot;:30,&quot;override_default_content&quot;:false,&quot;local_content_provider&quot;:&quot;none&quot;}}\"><\/div>","protected":false},"excerpt":{"rendered":"","protected":false},"author":35,"featured_media":0,"parent":0,"menu_order":0,"comment_status":"closed","ping_status":"closed","template":"","meta":{"ep_exclude_from_search":false,"p4_hide_page_title_checkbox":"","p4_title":"","p4_subtitle":"","p4_description":"","background_image_id":"","background_image":"","p4_button_title":"","p4_button_link":"","p4_button_link_checkbox":"","p4_og_title":"","p4_og_description":"","p4_og_image":"","p4_og_image_id":"","p4_seo_canonical_url":"","p4_campaign_name":"","p4_local_project":"","p4_basket_name":"","p4_department":"","footnotes":""},"categories":[],"tags":[],"class_list":["post-5586","page","type-page","status-publish","hentry"],"_links":{"self":[{"href":"https:\/\/www.greenpeace.org\/romania\/wp-json\/wp\/v2\/pages\/5586","targetHints":{"allow":["GET"]}}],"collection":[{"href":"https:\/\/www.greenpeace.org\/romania\/wp-json\/wp\/v2\/pages"}],"about":[{"href":"https:\/\/www.greenpeace.org\/romania\/wp-json\/wp\/v2\/types\/page"}],"author":[{"embeddable":true,"href":"https:\/\/www.greenpeace.org\/romania\/wp-json\/wp\/v2\/users\/35"}],"replies":[{"embeddable":true,"href":"https:\/\/www.greenpeace.org\/romania\/wp-json\/wp\/v2\/comments?post=5586"}],"version-history":[{"count":13,"href":"https:\/\/www.greenpeace.org\/romania\/wp-json\/wp\/v2\/pages\/5586\/revisions"}],"predecessor-version":[{"id":12681,"href":"https:\/\/www.greenpeace.org\/romania\/wp-json\/wp\/v2\/pages\/5586\/revisions\/12681"}],"wp:attachment":[{"href":"https:\/\/www.greenpeace.org\/romania\/wp-json\/wp\/v2\/media?parent=5586"}],"wp:term":[{"taxonomy":"category","embeddable":true,"href":"https:\/\/www.greenpeace.org\/romania\/wp-json\/wp\/v2\/categories?post=5586"},{"taxonomy":"post_tag","embeddable":true,"href":"https:\/\/www.greenpeace.org\/romania\/wp-json\/wp\/v2\/tags?post=5586"}],"curies":[{"name":"wp","href":"https:\/\/api.w.org\/{rel}","templated":true}]}}