{"id":619,"date":"2019-06-28T15:50:20","date_gmt":"2019-06-28T12:50:20","guid":{"rendered":"https:\/\/master.k8s.p4.greenpeace.org\/romania\/?page_id=619"},"modified":"2026-04-08T11:56:46","modified_gmt":"2026-04-08T08:56:46","slug":"taieri-ilegale","status":"publish","type":"page","link":"https:\/\/www.greenpeace.org\/romania\/campanii\/monitorizare-si-interventie-directa\/taieri-ilegale\/","title":{"rendered":"#T\u0103ieri ilegale"},"content":{"rendered":"\n                    <div class=\"wp-block-group is-vertical is-layout-flex wp-container-core-group-is-layout-8cf370e7 wp-block-group-is-layout-flex\">\n                    \n                                <p>\u00cen Rom\u00e2nia suprafa\u021ba acoperit\u0103 de p\u0103dure a sc\u0103zut dramatic \u00een secolul al XX-lea, ajung\u00e2nd azi la 29%. Astfel, ne afl\u0103m sub media UE de 43% \u0219i considerabil sub capacitatea \u0219i optimul calculat pentru Rom\u00e2nia de 45%. \u00cen prezent, suprafa\u021ba \u00eemp\u0103durit\u0103 este de 6.900.962 ha, circa jum\u0103tate fiind proprietate public\u0103 a statului sub administrarea Regiei Na\u021bionale a P\u0103durilor \u2013 Romsilva R.A., iar cealalt\u0103 jum\u0103tate proprietate privat\u0103 a statului, a unit\u0103\u021bilor administrativ-teritoriale, a ob\u0219tilor \u0219i a persoanelor fizice. Circa 415.000 ha de p\u0103dure apar\u021bin micilor proprietari cu suprafe\u021be sub 100 ha \u0219i nu sunt administrate, fiind astfel expuse t\u0103ierilor ilegale.<\/p>\n                            \n\n                    \n                    <\/div>\n                    \n        <div class=\"wp-block-query actions-list p4-query-loop is-custom-layout-actions-list is-custom-layout-grid is-layout-grid wp-container-core-query-is-layout-29f43435 wp-block-query-is-layout-grid\"><h2 class=\"wp-block-heading\"><\/h2>\n        <p style=\"margin-top: 24px; margin-bottom: 32px;\"><\/p>\n        <div class=\"wp-block-query-no-results\">\n        <p >No posts found.<\/p>\n        <\/div>\n        \n        \n<div class=\"wp-block-buttons carousel-controls is-horizontal is-content-justification-space-between is-nowrap is-layout-flex wp-container-core-buttons-is-layout-044bd602 wp-block-buttons-is-layout-flex\">\n            <div class=\"wp-block-button carousel-control-prev\"><button type=\"button\" class=\"wp-block-button__link wp-element-button\">Prev<\/button><\/div>\n        \n\n            <div class=\"wp-block-button carousel-control-next\"><button type=\"button\" class=\"wp-block-button__link wp-element-button\">Next<\/button><\/div>\n        <\/div>\n\n        \n<div class=\"wp-block-buttons load-more-actions-container is-content-justification-center is-layout-flex wp-container-core-buttons-is-layout-16018d1d wp-block-buttons-is-layout-flex\">\n                <div class=\"wp-block-button is-style-secondary\"><button type=\"button\" class=\"wp-block-button__link wp-element-button\">Vezi mai multe<\/button><\/div>\n            \n<\/div>\n<\/div>\n        \n    <div class=\"wp-block-query posts-list p4-query-loop is-custom-layout-list is-layout-flow wp-block-query-is-layout-flow\">\n        <div class=\"wp-block-group is-content-justification-space-between is-layout-flex wp-container-core-group-is-layout-3d213aab wp-block-group-is-layout-flex\"><h2 class=\"wp-block-heading\">Articole similare<\/h2>\n        <li class=\" wp-block-navigation-item see-all-link wp-block-navigation-link\"><a class=\"wp-block-navigation-item__content\"  href=\"http:\/\/www.greenpeace.org\/romania\/news-stories\/?tag=\"><span class=\"wp-block-navigation-item__label\">See all stories<\/span><\/a><\/li>\n        \n        <\/div>\n        \n\n    <p style=\"margin-top: 24px; margin-bottom: 36px;\"><\/p>\n\n    <div class=\"wp-block-query-no-results\">\n        <p >No posts found.<\/p>\n        <\/div>\n\n    \n\n    \n<div class=\"wp-block-buttons carousel-controls is-horizontal is-content-justification-space-between is-nowrap is-layout-flex wp-container-core-buttons-is-layout-044bd602 wp-block-buttons-is-layout-flex\">\n            <div class=\"wp-block-button carousel-control-prev\"><button type=\"button\" class=\"wp-block-button__link wp-element-button\">Prev<\/button><\/div>\n        \n\n            <div class=\"wp-block-button carousel-control-next\"><button type=\"button\" class=\"wp-block-button__link wp-element-button\">Next<\/button><\/div>\n        <\/div>\n\n\n    <li class=\" wp-block-navigation-item see-all-link wp-block-navigation-link\"><a class=\"wp-block-navigation-item__content\"  href=\"http:\/\/www.greenpeace.org\/romania\/news-stories\/?tag=\"><span class=\"wp-block-navigation-item__label\">See all stories<\/span><\/a><\/li><\/div>\n    <div data-render=\"planet4-blocks\/happypoint\" data-attributes=\"{&quot;attributes&quot;:{&quot;focus_image&quot;:&quot;50% 50%&quot;,&quot;id&quot;:736,&quot;opacity&quot;:30,&quot;override_default_content&quot;:false,&quot;local_content_provider&quot;:&quot;none&quot;}}\"><\/div>","protected":false},"excerpt":{"rendered":"<p>\u00cen Rom\u00e2nia suprafa\u021ba acoperit\u0103 de p\u0103dure a sc\u0103zut dramatic \u00een secolul al XX-lea, ajung\u00e2nd azi la 29%. Astfel, ne afl\u0103m sub media UE de 43% \u0219i considerabil sub capacitatea \u0219i optimul calculat pentru Rom\u00e2nia de 45%. \u00cen prezent, suprafa\u021ba \u00eemp\u0103durit\u0103 este de 6.900.962 ha, circa jum\u0103tate fiind proprietate public\u0103 a statului sub administrarea Regiei Na\u021bionale [&hellip;]<\/p>\n","protected":false},"author":1,"featured_media":736,"parent":54,"menu_order":0,"comment_status":"closed","ping_status":"closed","template":"","meta":{"ep_exclude_from_search":false,"p4_hide_page_title_checkbox":"","p4_title":"","p4_subtitle":"","p4_description":"","background_image_id":"","background_image":"","p4_button_title":"","p4_button_link":"","p4_button_link_checkbox":"","p4_og_title":"","p4_og_description":"","p4_og_image":"","p4_og_image_id":"","p4_seo_canonical_url":"","p4_campaign_name":"Local Campaign","p4_local_project":"not set","p4_basket_name":"Forests","p4_department":"Campaign","footnotes":""},"categories":[3],"tags":[95,45],"class_list":["post-619","page","type-page","status-publish","has-post-thumbnail","hentry","category-paduri","tag-taieri-ilegale","tag-paduri"],"_links":{"self":[{"href":"https:\/\/www.greenpeace.org\/romania\/wp-json\/wp\/v2\/pages\/619","targetHints":{"allow":["GET"]}}],"collection":[{"href":"https:\/\/www.greenpeace.org\/romania\/wp-json\/wp\/v2\/pages"}],"about":[{"href":"https:\/\/www.greenpeace.org\/romania\/wp-json\/wp\/v2\/types\/page"}],"author":[{"embeddable":true,"href":"https:\/\/www.greenpeace.org\/romania\/wp-json\/wp\/v2\/users\/1"}],"replies":[{"embeddable":true,"href":"https:\/\/www.greenpeace.org\/romania\/wp-json\/wp\/v2\/comments?post=619"}],"version-history":[{"count":16,"href":"https:\/\/www.greenpeace.org\/romania\/wp-json\/wp\/v2\/pages\/619\/revisions"}],"predecessor-version":[{"id":12702,"href":"https:\/\/www.greenpeace.org\/romania\/wp-json\/wp\/v2\/pages\/619\/revisions\/12702"}],"up":[{"embeddable":true,"href":"https:\/\/www.greenpeace.org\/romania\/wp-json\/wp\/v2\/pages\/54"}],"wp:featuredmedia":[{"embeddable":true,"href":"https:\/\/www.greenpeace.org\/romania\/wp-json\/wp\/v2\/media\/736"}],"wp:attachment":[{"href":"https:\/\/www.greenpeace.org\/romania\/wp-json\/wp\/v2\/media?parent=619"}],"wp:term":[{"taxonomy":"category","embeddable":true,"href":"https:\/\/www.greenpeace.org\/romania\/wp-json\/wp\/v2\/categories?post=619"},{"taxonomy":"post_tag","embeddable":true,"href":"https:\/\/www.greenpeace.org\/romania\/wp-json\/wp\/v2\/tags?post=619"}],"curies":[{"name":"wp","href":"https:\/\/api.w.org\/{rel}","templated":true}]}}