{"id":654,"date":"2019-06-28T18:59:24","date_gmt":"2019-06-28T15:59:24","guid":{"rendered":"https:\/\/master.k8s.p4.greenpeace.org\/romania\/?page_id=654"},"modified":"2026-04-08T11:56:45","modified_gmt":"2026-04-08T08:56:45","slug":"democratie-energetica","status":"publish","type":"page","link":"https:\/\/www.greenpeace.org\/romania\/campanii\/clima-si-energie\/democratie-energetica\/","title":{"rendered":"#Democra\u0163ie energetic\u0103"},"content":{"rendered":"\n                    <div class=\"wp-block-group is-vertical is-layout-flex wp-container-core-group-is-layout-8cf370e7 wp-block-group-is-layout-flex\">\n                    \n                                <p><span data-sheets-value=\"{&quot;1&quot;:2,&quot;2&quot;:&quot;Fiecare cet\u0103\u021bean are dreptul s\u0103 \u00ee\u0219i produc\u0103 singur energia. Prosumatorii, cooperativele energetice, comunit\u0103\u021bile locale sunt actorii care vor descentraliza felul \u00een care producem, transport\u0103m \u0219i folosim energia. Sistemele energetice trebuie s\u0103 devin\u0103 din ce \u00een ce mai eficiente \u0219i s\u0103 se bazeze exclusiv pe energie regenerabil\u0103. Energia trebuie s\u0103 se \u00eentoarc\u0103 la oameni.&quot;}\" data-sheets-userformat=\"{&quot;2&quot;:4993,&quot;3&quot;:{&quot;1&quot;:0},&quot;10&quot;:1,&quot;11&quot;:4,&quot;12&quot;:0,&quot;15&quot;:&quot;arial,sans,sans-serif&quot;}\">Fiecare cet\u0103\u021bean are dreptul s\u0103 \u00ee\u0219i produc\u0103 singur energia. <\/span>\r\n\r\n<span data-sheets-value=\"{&quot;1&quot;:2,&quot;2&quot;:&quot;Fiecare cet\u0103\u021bean are dreptul s\u0103 \u00ee\u0219i produc\u0103 singur energia. Prosumatorii, cooperativele energetice, comunit\u0103\u021bile locale sunt actorii care vor descentraliza felul \u00een care producem, transport\u0103m \u0219i folosim energia. Sistemele energetice trebuie s\u0103 devin\u0103 din ce \u00een ce mai eficiente \u0219i s\u0103 se bazeze exclusiv pe energie regenerabil\u0103. Energia trebuie s\u0103 se \u00eentoarc\u0103 la oameni.&quot;}\" data-sheets-userformat=\"{&quot;2&quot;:4993,&quot;3&quot;:{&quot;1&quot;:0},&quot;10&quot;:1,&quot;11&quot;:4,&quot;12&quot;:0,&quot;15&quot;:&quot;arial,sans,sans-serif&quot;}\">Prosumatorii, cooperativele energetice, comunit\u0103\u021bile locale sunt actorii care vor descentraliza felul \u00een care producem, transport\u0103m \u0219i folosim energia. <\/span>\r\n\r\n<span data-sheets-value=\"{&quot;1&quot;:2,&quot;2&quot;:&quot;Fiecare cet\u0103\u021bean are dreptul s\u0103 \u00ee\u0219i produc\u0103 singur energia. Prosumatorii, cooperativele energetice, comunit\u0103\u021bile locale sunt actorii care vor descentraliza felul \u00een care producem, transport\u0103m \u0219i folosim energia. Sistemele energetice trebuie s\u0103 devin\u0103 din ce \u00een ce mai eficiente \u0219i s\u0103 se bazeze exclusiv pe energie regenerabil\u0103. Energia trebuie s\u0103 se \u00eentoarc\u0103 la oameni.&quot;}\" data-sheets-userformat=\"{&quot;2&quot;:4993,&quot;3&quot;:{&quot;1&quot;:0},&quot;10&quot;:1,&quot;11&quot;:4,&quot;12&quot;:0,&quot;15&quot;:&quot;arial,sans,sans-serif&quot;}\">Sistemele energetice trebuie s\u0103 devin\u0103 din ce \u00een ce mai eficiente \u0219i s\u0103 se bazeze exclusiv pe energie regenerabil\u0103. <\/span>\r\n\r\n<span data-sheets-value=\"{&quot;1&quot;:2,&quot;2&quot;:&quot;Fiecare cet\u0103\u021bean are dreptul s\u0103 \u00ee\u0219i produc\u0103 singur energia. Prosumatorii, cooperativele energetice, comunit\u0103\u021bile locale sunt actorii care vor descentraliza felul \u00een care producem, transport\u0103m \u0219i folosim energia. Sistemele energetice trebuie s\u0103 devin\u0103 din ce \u00een ce mai eficiente \u0219i s\u0103 se bazeze exclusiv pe energie regenerabil\u0103. Energia trebuie s\u0103 se \u00eentoarc\u0103 la oameni.&quot;}\" data-sheets-userformat=\"{&quot;2&quot;:4993,&quot;3&quot;:{&quot;1&quot;:0},&quot;10&quot;:1,&quot;11&quot;:4,&quot;12&quot;:0,&quot;15&quot;:&quot;arial,sans,sans-serif&quot;}\">Energia trebuie s\u0103 se \u00eentoarc\u0103 la oameni.<\/span><\/p>\n                            \n\n                    \n                    <\/div>\n                    \n        <div class=\"wp-block-query actions-list p4-query-loop is-custom-layout-actions-list is-custom-layout-grid is-layout-grid wp-container-core-query-is-layout-29f43435 wp-block-query-is-layout-grid\"><h2 class=\"wp-block-heading\"><\/h2>\n        <p style=\"margin-top: 24px; margin-bottom: 32px;\"><\/p>\n        <div class=\"wp-block-query-no-results\">\n        <p >No posts found.<\/p>\n        <\/div>\n        \n        \n<div class=\"wp-block-buttons carousel-controls is-horizontal is-content-justification-space-between is-nowrap is-layout-flex wp-container-core-buttons-is-layout-044bd602 wp-block-buttons-is-layout-flex\">\n            <div class=\"wp-block-button carousel-control-prev\"><button type=\"button\" class=\"wp-block-button__link wp-element-button\">Prev<\/button><\/div>\n        \n\n            <div class=\"wp-block-button carousel-control-next\"><button type=\"button\" class=\"wp-block-button__link wp-element-button\">Next<\/button><\/div>\n        <\/div>\n\n        \n<div class=\"wp-block-buttons load-more-actions-container is-content-justification-center is-layout-flex wp-container-core-buttons-is-layout-16018d1d wp-block-buttons-is-layout-flex\">\n                <div class=\"wp-block-button is-style-secondary\"><button type=\"button\" class=\"wp-block-button__link wp-element-button\">Vezi mai multe<\/button><\/div>\n            \n<\/div>\n<\/div>\n        \n    <div class=\"wp-block-query posts-list p4-query-loop is-custom-layout-list is-layout-flow wp-block-query-is-layout-flow\">\n        <div class=\"wp-block-group is-content-justification-space-between is-layout-flex wp-container-core-group-is-layout-3d213aab wp-block-group-is-layout-flex\"><h2 class=\"wp-block-heading\">Articole similare<\/h2>\n        <li class=\" wp-block-navigation-item see-all-link wp-block-navigation-link\"><a class=\"wp-block-navigation-item__content\"  href=\"http:\/\/www.greenpeace.org\/romania\/news-stories\/?tag=&#038;post-type=\"><span class=\"wp-block-navigation-item__label\">See all stories<\/span><\/a><\/li>\n        \n        <\/div>\n        \n\n    <p style=\"margin-top: 24px; margin-bottom: 36px;\"><\/p>\n\n    <div class=\"wp-block-query-no-results\">\n        <p >No posts found.<\/p>\n        <\/div>\n\n    \n\n    \n<div class=\"wp-block-buttons carousel-controls is-horizontal is-content-justification-space-between is-nowrap is-layout-flex wp-container-core-buttons-is-layout-044bd602 wp-block-buttons-is-layout-flex\">\n            <div class=\"wp-block-button carousel-control-prev\"><button type=\"button\" class=\"wp-block-button__link wp-element-button\">Prev<\/button><\/div>\n        \n\n            <div class=\"wp-block-button carousel-control-next\"><button type=\"button\" class=\"wp-block-button__link wp-element-button\">Next<\/button><\/div>\n        <\/div>\n\n\n    <li class=\" wp-block-navigation-item see-all-link wp-block-navigation-link\"><a class=\"wp-block-navigation-item__content\"  href=\"http:\/\/www.greenpeace.org\/romania\/news-stories\/?tag=&#038;post-type=\"><span class=\"wp-block-navigation-item__label\">See all stories<\/span><\/a><\/li><\/div>\n    <div data-render=\"planet4-blocks\/happypoint\" data-attributes=\"{&quot;attributes&quot;:{&quot;focus_image&quot;:&quot;0% 0%&quot;,&quot;id&quot;:637,&quot;override_default_content&quot;:true,&quot;opacity&quot;:30,&quot;local_content_provider&quot;:&quot;none&quot;}}\"><\/div>","protected":false},"excerpt":{"rendered":"<p>Fiecare cet\u0103\u021bean are dreptul s\u0103 \u00ee\u0219i produc\u0103 singur energia. Prosumatorii, cooperativele energetice, comunit\u0103\u021bile locale sunt actorii care vor descentraliza felul \u00een care producem, transport\u0103m \u0219i folosim energia. Sistemele energetice trebuie s\u0103 devin\u0103 din ce \u00een ce mai eficiente \u0219i s\u0103 se bazeze exclusiv pe energie regenerabil\u0103. Energia trebuie s\u0103 se \u00eentoarc\u0103 la oameni.<\/p>\n","protected":false},"author":1,"featured_media":637,"parent":60,"menu_order":5,"comment_status":"closed","ping_status":"closed","template":"","meta":{"ep_exclude_from_search":false,"p4_hide_page_title_checkbox":"","p4_title":"","p4_subtitle":"","p4_description":"","background_image_id":"","background_image":"","p4_button_title":"","p4_button_link":"","p4_button_link_checkbox":"","p4_og_title":"","p4_og_description":"","p4_og_image":"","p4_og_image_id":"","p4_seo_canonical_url":"","p4_campaign_name":"not set","p4_local_project":"not set","p4_basket_name":"not set","p4_department":"","footnotes":""},"categories":[2],"tags":[],"class_list":["post-654","page","type-page","status-publish","has-post-thumbnail","hentry","category-clima-si-energie"],"_links":{"self":[{"href":"https:\/\/www.greenpeace.org\/romania\/wp-json\/wp\/v2\/pages\/654","targetHints":{"allow":["GET"]}}],"collection":[{"href":"https:\/\/www.greenpeace.org\/romania\/wp-json\/wp\/v2\/pages"}],"about":[{"href":"https:\/\/www.greenpeace.org\/romania\/wp-json\/wp\/v2\/types\/page"}],"author":[{"embeddable":true,"href":"https:\/\/www.greenpeace.org\/romania\/wp-json\/wp\/v2\/users\/1"}],"replies":[{"embeddable":true,"href":"https:\/\/www.greenpeace.org\/romania\/wp-json\/wp\/v2\/comments?post=654"}],"version-history":[{"count":13,"href":"https:\/\/www.greenpeace.org\/romania\/wp-json\/wp\/v2\/pages\/654\/revisions"}],"predecessor-version":[{"id":12701,"href":"https:\/\/www.greenpeace.org\/romania\/wp-json\/wp\/v2\/pages\/654\/revisions\/12701"}],"up":[{"embeddable":true,"href":"https:\/\/www.greenpeace.org\/romania\/wp-json\/wp\/v2\/pages\/60"}],"wp:featuredmedia":[{"embeddable":true,"href":"https:\/\/www.greenpeace.org\/romania\/wp-json\/wp\/v2\/media\/637"}],"wp:attachment":[{"href":"https:\/\/www.greenpeace.org\/romania\/wp-json\/wp\/v2\/media?parent=654"}],"wp:term":[{"taxonomy":"category","embeddable":true,"href":"https:\/\/www.greenpeace.org\/romania\/wp-json\/wp\/v2\/categories?post=654"},{"taxonomy":"post_tag","embeddable":true,"href":"https:\/\/www.greenpeace.org\/romania\/wp-json\/wp\/v2\/tags?post=654"}],"curies":[{"name":"wp","href":"https:\/\/api.w.org\/{rel}","templated":true}]}}