{"id":6664,"date":"2021-09-29T12:57:51","date_gmt":"2021-09-29T09:57:51","guid":{"rendered":"https:\/\/www.greenpeace.org\/romania\/cernobil\/"},"modified":"2026-04-08T11:56:14","modified_gmt":"2026-04-08T08:56:14","slug":"cernobil","status":"publish","type":"page","link":"https:\/\/www.greenpeace.org\/romania\/cernobil\/","title":{"rendered":"#Cernob\u00eel"},"content":{"rendered":"\n        <div class=\"wp-block-query actions-list p4-query-loop is-custom-layout-actions-list is-custom-layout-grid is-layout-grid wp-container-core-query-is-layout-29f43435 wp-block-query-is-layout-grid\"><h2 class=\"wp-block-heading\">Ce pou0163i face<\/h2>\n        <p style=\"margin-top: 24px; margin-bottom: 32px;\">Avem nevoie de implicarea ta pentru cu0103 u00eempreunu0103 suntem puternici.<\/p>\n        <div class=\"wp-block-query-no-results\">\n        <p >No posts found.<\/p>\n        <\/div>\n        \n        \n<div class=\"wp-block-buttons carousel-controls is-horizontal is-content-justification-space-between is-nowrap is-layout-flex wp-container-core-buttons-is-layout-044bd602 wp-block-buttons-is-layout-flex\">\n            <div class=\"wp-block-button carousel-control-prev\"><button type=\"button\" class=\"wp-block-button__link wp-element-button\">Prev<\/button><\/div>\n        \n\n            <div class=\"wp-block-button carousel-control-next\"><button type=\"button\" class=\"wp-block-button__link wp-element-button\">Next<\/button><\/div>\n        <\/div>\n\n        \n<div class=\"wp-block-buttons load-more-actions-container is-content-justification-center is-layout-flex wp-container-core-buttons-is-layout-16018d1d wp-block-buttons-is-layout-flex\">\n                <div class=\"wp-block-button is-style-secondary\"><button type=\"button\" class=\"wp-block-button__link wp-element-button\">Vezi mai multe<\/button><\/div>\n            \n<\/div>\n<\/div>\n        \n    <div class=\"wp-block-query posts-list p4-query-loop is-custom-layout-list is-layout-flow wp-block-query-is-layout-flow\">\n        <div class=\"wp-block-group is-content-justification-space-between is-layout-flex wp-container-core-group-is-layout-3d213aab wp-block-group-is-layout-flex\"><h2 class=\"wp-block-heading\">Articole similare<\/h2>\n        <li class=\" wp-block-navigation-item see-all-link wp-block-navigation-link\"><a class=\"wp-block-navigation-item__content\"  href=\"http:\/\/www.greenpeace.org\/romania\/news-stories\/?tag=cernobil\"><span class=\"wp-block-navigation-item__label\">See all stories<\/span><\/a><\/li>\n        \n        <\/div>\n        \n\n    <p style=\"margin-top: 24px; margin-bottom: 36px;\"><\/p>\n\n    \n\n    <ul class=\"wp-block-post-template is-layout-flow wp-block-post-template-is-layout-flow\"><li class=\"wp-block-post post-8840 post type-post status-publish format-standard has-post-thumbnail hentry category-clima-si-energie category-greenpeace tag-activism tag-cernobil tag-clima-1 tag-criza-climatica tag-energie tag-energie-regenerabila tag-schimbari-climatice tag-campanii-vechi\">\n            \n<div class=\"wp-block-columns is-layout-flex wp-container-core-columns-is-layout-9d6595d7 wp-block-columns-is-layout-flex\"><figure class=\"wp-block-post-featured-image\"><a href=\"https:\/\/www.greenpeace.org\/romania\/articol\/8840\/marea-problema-cu-reactoarele-nucleare-de-la-doicesti\/\" target=\"_self\"  ><img loading=\"lazy\" decoding=\"async\" width=\"3250\" height=\"1875\" src=\"https:\/\/www.greenpeace.org\/static\/planet4-romania-stateless\/2023\/09\/ca8f9478-untitled-design-4.png\" class=\"attachment-post-thumbnail size-post-thumbnail wp-post-image wp-stateless-item\" alt=\"Marea Problem\u0103 cu reactoarele nucleare de la Doice\u0219ti\" style=\"object-fit:cover;\" srcset=\"https:\/\/www.greenpeace.org\/static\/planet4-romania-stateless\/2023\/09\/ca8f9478-untitled-design-4.png 3250w, https:\/\/www.greenpeace.org\/static\/planet4-romania-stateless\/2023\/09\/ca8f9478-untitled-design-4-300x173.png 300w, https:\/\/www.greenpeace.org\/static\/planet4-romania-stateless\/2023\/09\/ca8f9478-untitled-design-4-1024x591.png 1024w, https:\/\/www.greenpeace.org\/static\/planet4-romania-stateless\/2023\/09\/ca8f9478-untitled-design-4-768x443.png 768w, https:\/\/www.greenpeace.org\/static\/planet4-romania-stateless\/2023\/09\/ca8f9478-untitled-design-4-1536x886.png 1536w, https:\/\/www.greenpeace.org\/static\/planet4-romania-stateless\/2023\/09\/ca8f9478-untitled-design-4-2048x1182.png 2048w, https:\/\/www.greenpeace.org\/static\/planet4-romania-stateless\/2023\/09\/ca8f9478-untitled-design-4-510x294.png 510w\" sizes=\"auto, (max-width: 3250px) 100vw, 3250px\" data-image-size=\"post-thumbnail\" data-stateless-media-bucket=\"planet4-romania-stateless\" data-stateless-media-name=\"2023\/09\/ca8f9478-untitled-design-4.png\" \/><\/a><\/figure>\n\n        <div class=\"wp-block-group is-layout-flow wp-block-group-is-layout-flow\">\n                <div class=\"wp-block-group is-layout-flex wp-block-group-is-layout-flex\"><div class=\"wp-block-post-terms\"><a href=\"https:\/\/www.greenpeace.org\/romania\/category\/clima-si-energie\/\">Clim\u0103 \u0219i energie<\/a><\/div>\n                <div class=\"taxonomy-post_tag wp-block-post-terms\"><a href=\"https:\/\/www.greenpeace.org\/romania\/tag\/activism\/\" rel=\"tag\">Activism<\/a><span class=\"wp-block-post-terms__separator\"> <\/span><a href=\"https:\/\/www.greenpeace.org\/romania\/tag\/cernobil\/\" rel=\"tag\">Cernob\u00eel<\/a><span class=\"wp-block-post-terms__separator\"> <\/span><a href=\"https:\/\/www.greenpeace.org\/romania\/tag\/clima-1\/\" rel=\"tag\">Clim\u0103<\/a><span class=\"wp-block-post-terms__separator\"> <\/span><a href=\"https:\/\/www.greenpeace.org\/romania\/tag\/criza-climatica\/\" rel=\"tag\">CrizaClimatic\u0103<\/a><span class=\"wp-block-post-terms__separator\"> <\/span><a href=\"https:\/\/www.greenpeace.org\/romania\/tag\/energie\/\" rel=\"tag\">Energie<\/a><span class=\"wp-block-post-terms__separator\"> <\/span><a href=\"https:\/\/www.greenpeace.org\/romania\/tag\/energie-regenerabila\/\" rel=\"tag\">Energie Regenerabil\u0103<\/a><span class=\"wp-block-post-terms__separator\"> <\/span><a href=\"https:\/\/www.greenpeace.org\/romania\/tag\/schimbari-climatice\/\" rel=\"tag\">SchimbariClimatice<\/a><span class=\"wp-block-post-terms__separator\"> <\/span><a href=\"https:\/\/www.greenpeace.org\/romania\/tag\/campanii-vechi\/\" rel=\"tag\">Campanii vechi<\/a><\/div>\n                \n                <\/div>\n                \n        <h3 class=\"wp-block-post-title\"><a href=\"https:\/\/www.greenpeace.org\/romania\/articol\/8840\/marea-problema-cu-reactoarele-nucleare-de-la-doicesti\/\" target=\"_self\" >Marea Problem\u0103 cu reactoarele nucleare de la Doice\u0219ti<\/a><\/h3>\n        <div class=\"wp-block-post-excerpt\"><p class=\"wp-block-post-excerpt__excerpt\">Vedem cum Ministrul Energiei anun\u021b\u0103 triumf\u0103tor c\u0103 ne \u00eemprumut\u0103m de c\u00e2teva miliarde de dolari ca s\u0103 construim 6 reactoare modulare de mici dimensiuni (SMR-uri) la Doice\u0219ti. Nuclearelectrica pl\u0103te\u0219te articole \u00een pres\u0103 ca s\u0103 combat\u0103 ni\u0219te mituri inventate de ei despre aceste reactoare. <\/p><\/div>\n        \n        <div class=\"wp-block-group posts-list-meta is-layout-flow wp-block-group-is-layout-flow\"><span class='article-list-item-author'><a href='https:\/\/www.greenpeace.org\/romania\/author\/mihnea-matache\/'>Mihnea Matache<\/a><\/span>\n        <div class=\"wp-block-post-date\"><time datetime=\"2023-09-06T10:13:49+03:00\">06\/09\/2023<\/time><\/div>\n        \n        <\/div>\n        <\/div>\n        <\/div>\n\n            <\/li><li class=\"wp-block-post post-8575 post type-post status-publish format-standard has-post-thumbnail hentry category-clima-si-energie category-greenpeace tag-cernobil tag-clima-1 tag-energie tag-energie-regenerabila tag-campanii-vechi\">\n            \n<div class=\"wp-block-columns is-layout-flex wp-container-core-columns-is-layout-9d6595d7 wp-block-columns-is-layout-flex\"><figure class=\"wp-block-post-featured-image\"><a href=\"https:\/\/www.greenpeace.org\/romania\/articol\/8575\/dupa-37-de-ani-de-la-cernobil-aruncam-apa-de-la-fukushima-in-oceanul-pacific\/\" target=\"_self\"  ><img loading=\"lazy\" decoding=\"async\" width=\"1376\" height=\"774\" src=\"https:\/\/www.greenpeace.org\/static\/planet4-romania-stateless\/2023\/04\/914f61a3-220311180054-02-chernobyl-1986.jpg\" class=\"attachment-post-thumbnail size-post-thumbnail wp-post-image wp-stateless-item\" alt=\"Dup\u0103 37 de ani de la Cernob\u00eel, arunc\u0103m apa de la Fukushima \u00een Oceanul Pacific\" style=\"object-fit:cover;\" srcset=\"https:\/\/www.greenpeace.org\/static\/planet4-romania-stateless\/2023\/04\/914f61a3-220311180054-02-chernobyl-1986.jpg 1376w, https:\/\/www.greenpeace.org\/static\/planet4-romania-stateless\/2023\/04\/914f61a3-220311180054-02-chernobyl-1986-300x169.jpg 300w, https:\/\/www.greenpeace.org\/static\/planet4-romania-stateless\/2023\/04\/914f61a3-220311180054-02-chernobyl-1986-1024x576.jpg 1024w, https:\/\/www.greenpeace.org\/static\/planet4-romania-stateless\/2023\/04\/914f61a3-220311180054-02-chernobyl-1986-768x432.jpg 768w, https:\/\/www.greenpeace.org\/static\/planet4-romania-stateless\/2023\/04\/914f61a3-220311180054-02-chernobyl-1986-510x287.jpg 510w\" sizes=\"auto, (max-width: 1376px) 100vw, 1376px\" data-image-size=\"post-thumbnail\" data-stateless-media-bucket=\"planet4-romania-stateless\" data-stateless-media-name=\"2023\/04\/914f61a3-220311180054-02-chernobyl-1986.jpg\" \/><\/a><\/figure>\n\n        <div class=\"wp-block-group is-layout-flow wp-block-group-is-layout-flow\">\n                <div class=\"wp-block-group is-layout-flex wp-block-group-is-layout-flex\"><div class=\"wp-block-post-terms\"><a href=\"https:\/\/www.greenpeace.org\/romania\/category\/clima-si-energie\/\">Clim\u0103 \u0219i energie<\/a><\/div>\n                <div class=\"taxonomy-post_tag wp-block-post-terms\"><a href=\"https:\/\/www.greenpeace.org\/romania\/tag\/cernobil\/\" rel=\"tag\">Cernob\u00eel<\/a><span class=\"wp-block-post-terms__separator\"> <\/span><a href=\"https:\/\/www.greenpeace.org\/romania\/tag\/clima-1\/\" rel=\"tag\">Clim\u0103<\/a><span class=\"wp-block-post-terms__separator\"> <\/span><a href=\"https:\/\/www.greenpeace.org\/romania\/tag\/energie\/\" rel=\"tag\">Energie<\/a><span class=\"wp-block-post-terms__separator\"> <\/span><a href=\"https:\/\/www.greenpeace.org\/romania\/tag\/energie-regenerabila\/\" rel=\"tag\">Energie Regenerabil\u0103<\/a><span class=\"wp-block-post-terms__separator\"> <\/span><a href=\"https:\/\/www.greenpeace.org\/romania\/tag\/campanii-vechi\/\" rel=\"tag\">Campanii vechi<\/a><\/div>\n                \n                <\/div>\n                \n        <h3 class=\"wp-block-post-title\"><a href=\"https:\/\/www.greenpeace.org\/romania\/articol\/8575\/dupa-37-de-ani-de-la-cernobil-aruncam-apa-de-la-fukushima-in-oceanul-pacific\/\" target=\"_self\" ><strong>Dup\u0103 37 de ani de la Cernob\u00eel, arunc\u0103m apa de la Fukushima \u00een Oceanul Pacific<\/strong><\/a><\/h3>\n        <div class=\"wp-block-post-excerpt\"><p class=\"wp-block-post-excerpt__excerpt\">\u201e\u00cemi amintesc \u0219i acum unde eram c\u00e2nd\u2026\u201d <\/p><\/div>\n        \n        <div class=\"wp-block-group posts-list-meta is-layout-flow wp-block-group-is-layout-flow\"><span class='article-list-item-author'><a href='https:\/\/www.greenpeace.org\/romania\/author\/mihnea-matache\/'>Mihnea Matache<\/a><\/span>\n        <div class=\"wp-block-post-date\"><time datetime=\"2023-04-26T18:06:05+03:00\">26\/04\/2023<\/time><\/div>\n        \n        <\/div>\n        <\/div>\n        <\/div>\n\n            <\/li><li class=\"wp-block-post post-6860 post type-post status-publish format-standard has-post-thumbnail hentry category-clima-si-energie category-greenpeace tag-poluare tag-criza-climatica tag-energie tag-cernobil tag-campanii-vechi\">\n            \n<div class=\"wp-block-columns is-layout-flex wp-container-core-columns-is-layout-9d6595d7 wp-block-columns-is-layout-flex\"><figure class=\"wp-block-post-featured-image\"><a href=\"https:\/\/www.greenpeace.org\/romania\/articol\/6860\/cernobil-inca-arde\/\" target=\"_self\"  ><img loading=\"lazy\" decoding=\"async\" width=\"800\" height=\"449\" src=\"https:\/\/www.greenpeace.org\/static\/planet4-romania-stateless\/2021\/11\/b81c64d6-gp0stpqa0_web_size.jpg\" class=\"attachment-post-thumbnail size-post-thumbnail wp-post-image wp-stateless-item\" alt=\"Cernob\u00eel \u00eenc\u0103 arde\" style=\"object-fit:cover;\" srcset=\"https:\/\/www.greenpeace.org\/static\/planet4-romania-stateless\/2021\/11\/b81c64d6-gp0stpqa0_web_size.jpg 800w, https:\/\/www.greenpeace.org\/static\/planet4-romania-stateless\/2021\/11\/b81c64d6-gp0stpqa0_web_size-300x168.jpg 300w, https:\/\/www.greenpeace.org\/static\/planet4-romania-stateless\/2021\/11\/b81c64d6-gp0stpqa0_web_size-768x431.jpg 768w, https:\/\/www.greenpeace.org\/static\/planet4-romania-stateless\/2021\/11\/b81c64d6-gp0stpqa0_web_size-510x286.jpg 510w\" sizes=\"auto, (max-width: 800px) 100vw, 800px\" data-image-size=\"post-thumbnail\" data-stateless-media-bucket=\"planet4-romania-stateless\" data-stateless-media-name=\"2021\/11\/b81c64d6-gp0stpqa0_web_size.jpg\" \/><\/a><\/figure>\n\n        <div class=\"wp-block-group is-layout-flow wp-block-group-is-layout-flow\">\n                <div class=\"wp-block-group is-layout-flex wp-block-group-is-layout-flex\"><div class=\"wp-block-post-terms\"><a href=\"https:\/\/www.greenpeace.org\/romania\/category\/clima-si-energie\/\">Clim\u0103 \u0219i energie<\/a><\/div>\n                <div class=\"taxonomy-post_tag wp-block-post-terms\"><a href=\"https:\/\/www.greenpeace.org\/romania\/tag\/poluare\/\" rel=\"tag\">Poluare<\/a><span class=\"wp-block-post-terms__separator\"> <\/span><a href=\"https:\/\/www.greenpeace.org\/romania\/tag\/criza-climatica\/\" rel=\"tag\">CrizaClimatic\u0103<\/a><span class=\"wp-block-post-terms__separator\"> <\/span><a href=\"https:\/\/www.greenpeace.org\/romania\/tag\/energie\/\" rel=\"tag\">Energie<\/a><span class=\"wp-block-post-terms__separator\"> <\/span><a href=\"https:\/\/www.greenpeace.org\/romania\/tag\/cernobil\/\" rel=\"tag\">Cernob\u00eel<\/a><span class=\"wp-block-post-terms__separator\"> <\/span><a href=\"https:\/\/www.greenpeace.org\/romania\/tag\/campanii-vechi\/\" rel=\"tag\">Campanii vechi<\/a><\/div>\n                \n                <\/div>\n                \n        <h3 class=\"wp-block-post-title\"><a href=\"https:\/\/www.greenpeace.org\/romania\/articol\/6860\/cernobil-inca-arde\/\" target=\"_self\" >Cernob\u00eel \u00eenc\u0103 arde<\/a><\/h3>\n        <div class=\"wp-block-post-excerpt\"><p class=\"wp-block-post-excerpt__excerpt\">\u00cen aprilie 2020, incendii forestiere uria\u0219e au f\u0103cut ravagii \u00een zona de excludere. Nu era pentru prima dat\u0103. \u00cen 35 de ani, \u00een zona de excludere au izbucnit incendii de peste 1.500 ori. Fiind una dintre cele mai mari zone naturale s\u0103lbatice din Europa, aceasta va avea nevoie de ani de zile pentru a se&hellip; <\/p><\/div>\n        \n        <div class=\"wp-block-group posts-list-meta is-layout-flow wp-block-group-is-layout-flow\"><span class='article-list-item-author'><a href='https:\/\/www.greenpeace.org\/romania\/author\/gp_romania\/'>Greenpeace Rom\u00e2nia<\/a><\/span>\n        <div class=\"wp-block-post-date\"><time datetime=\"2021-11-05T16:49:00+02:00\">05\/11\/2021<\/time><\/div>\n        \n        <\/div>\n        <\/div>\n        <\/div>\n\n            <\/li><\/ul>\n\n    \n<div class=\"wp-block-buttons carousel-controls is-horizontal is-content-justification-space-between is-nowrap is-layout-flex wp-container-core-buttons-is-layout-044bd602 wp-block-buttons-is-layout-flex\">\n            <div class=\"wp-block-button carousel-control-prev\"><button type=\"button\" class=\"wp-block-button__link wp-element-button\">Prev<\/button><\/div>\n        \n\n            <div class=\"wp-block-button carousel-control-next\"><button type=\"button\" class=\"wp-block-button__link wp-element-button\">Next<\/button><\/div>\n        <\/div>\n\n\n    <li class=\" wp-block-navigation-item see-all-link wp-block-navigation-link\"><a class=\"wp-block-navigation-item__content\"  href=\"http:\/\/www.greenpeace.org\/romania\/news-stories\/?tag=cernobil\"><span class=\"wp-block-navigation-item__label\">See all stories<\/span><\/a><\/li><\/div>\n    \n    <div class=\"wp-block-query posts-list p4-query-loop is-custom-layout-grid is-layout-grid wp-container-core-query-is-layout-b8bb0bd1 wp-block-query-is-layout-grid\">\n        <div class=\"wp-block-group is-content-justification-space-between is-layout-flex wp-container-core-group-is-layout-3d213aab wp-block-group-is-layout-flex\"><h2 class=\"wp-block-heading\">Publications<\/h2>\n        <li class=\" wp-block-navigation-item see-all-link wp-block-navigation-link\"><a class=\"wp-block-navigation-item__content\"  href=\"http:\/\/www.greenpeace.org\/romania\/news-stories\/?tag=cernobil&#038;post-type=\"><span class=\"wp-block-navigation-item__label\">See all stories<\/span><\/a><\/li>\n        \n        <\/div>\n        \n\n    <p style=\"margin-top: 24px; margin-bottom: 36px;\"><\/p>\n\n    <div class=\"wp-block-query-no-results\">\n        <p style=\"\">No posts found.<\/p>\n        <\/div>\n\n    \n\n    \n<div class=\"wp-block-buttons carousel-controls is-horizontal is-content-justification-space-between is-nowrap is-layout-flex wp-container-core-buttons-is-layout-044bd602 wp-block-buttons-is-layout-flex\">\n            <div class=\"wp-block-button carousel-control-prev\"><button type=\"button\" class=\"wp-block-button__link wp-element-button\">Prev<\/button><\/div>\n        \n\n            <div class=\"wp-block-button carousel-control-next\"><button type=\"button\" class=\"wp-block-button__link wp-element-button\">Next<\/button><\/div>\n        <\/div>\n\n\n    <li class=\" wp-block-navigation-item see-all-link wp-block-navigation-link\"><a class=\"wp-block-navigation-item__content\"  href=\"http:\/\/www.greenpeace.org\/romania\/news-stories\/?tag=cernobil&#038;post-type=\"><span class=\"wp-block-navigation-item__label\">See all stories<\/span><\/a><\/li><\/div>\n    <div data-render=\"planet4-blocks\/happypoint\" data-attributes=\"{&quot;attributes&quot;:{&quot;mailing_list_iframe&quot;:true,&quot;opacity&quot;:30,&quot;override_default_content&quot;:false,&quot;local_content_provider&quot;:&quot;none&quot;}}\"><\/div>","protected":false},"excerpt":{"rendered":"","protected":false},"author":35,"featured_media":0,"parent":0,"menu_order":0,"comment_status":"closed","ping_status":"closed","template":"","meta":{"ep_exclude_from_search":false,"p4_hide_page_title_checkbox":"","p4_title":"","p4_subtitle":"","p4_description":"","background_image_id":"","background_image":"","p4_button_title":"","p4_button_link":"","p4_button_link_checkbox":"","p4_og_title":"","p4_og_description":"","p4_og_image":"","p4_og_image_id":"","p4_seo_canonical_url":"","p4_campaign_name":"","p4_local_project":"","p4_basket_name":"","p4_department":"","footnotes":""},"categories":[],"tags":[],"class_list":["post-6664","page","type-page","status-publish","hentry"],"_links":{"self":[{"href":"https:\/\/www.greenpeace.org\/romania\/wp-json\/wp\/v2\/pages\/6664","targetHints":{"allow":["GET"]}}],"collection":[{"href":"https:\/\/www.greenpeace.org\/romania\/wp-json\/wp\/v2\/pages"}],"about":[{"href":"https:\/\/www.greenpeace.org\/romania\/wp-json\/wp\/v2\/types\/page"}],"author":[{"embeddable":true,"href":"https:\/\/www.greenpeace.org\/romania\/wp-json\/wp\/v2\/users\/35"}],"replies":[{"embeddable":true,"href":"https:\/\/www.greenpeace.org\/romania\/wp-json\/wp\/v2\/comments?post=6664"}],"version-history":[{"count":13,"href":"https:\/\/www.greenpeace.org\/romania\/wp-json\/wp\/v2\/pages\/6664\/revisions"}],"predecessor-version":[{"id":12679,"href":"https:\/\/www.greenpeace.org\/romania\/wp-json\/wp\/v2\/pages\/6664\/revisions\/12679"}],"wp:attachment":[{"href":"https:\/\/www.greenpeace.org\/romania\/wp-json\/wp\/v2\/media?parent=6664"}],"wp:term":[{"taxonomy":"category","embeddable":true,"href":"https:\/\/www.greenpeace.org\/romania\/wp-json\/wp\/v2\/categories?post=6664"},{"taxonomy":"post_tag","embeddable":true,"href":"https:\/\/www.greenpeace.org\/romania\/wp-json\/wp\/v2\/tags?post=6664"}],"curies":[{"name":"wp","href":"https:\/\/api.w.org\/{rel}","templated":true}]}}