{"id":7154,"date":"2022-02-03T11:42:28","date_gmt":"2022-02-03T08:42:28","guid":{"rendered":"https:\/\/www.greenpeace.org\/romania\/impreunapentrupaduri\/"},"modified":"2026-04-08T11:56:07","modified_gmt":"2026-04-08T08:56:07","slug":"impreunapentrupaduri","status":"publish","type":"page","link":"https:\/\/www.greenpeace.org\/romania\/impreunapentrupaduri\/","title":{"rendered":"#\u00cempreun\u0103PentruP\u0103duri"},"content":{"rendered":"\n        <div class=\"wp-block-query actions-list p4-query-loop is-custom-layout-actions-list is-custom-layout-grid is-layout-grid wp-container-core-query-is-layout-29f43435 wp-block-query-is-layout-grid\"><h2 class=\"wp-block-heading\">Ce pou0163i face<\/h2>\n        <p style=\"margin-top: 24px; margin-bottom: 32px;\">Avem nevoie de implicarea ta pentru cu0103 u00eempreunu0103 suntem puternici.<\/p>\n        <div class=\"wp-block-query-no-results\">\n        <p >No posts found.<\/p>\n        <\/div>\n        \n        \n<div class=\"wp-block-buttons carousel-controls is-horizontal is-content-justification-space-between is-nowrap is-layout-flex wp-container-core-buttons-is-layout-044bd602 wp-block-buttons-is-layout-flex\">\n            <div class=\"wp-block-button carousel-control-prev\"><button type=\"button\" class=\"wp-block-button__link wp-element-button\">Prev<\/button><\/div>\n        \n\n            <div class=\"wp-block-button carousel-control-next\"><button type=\"button\" class=\"wp-block-button__link wp-element-button\">Next<\/button><\/div>\n        <\/div>\n\n        \n<div class=\"wp-block-buttons load-more-actions-container is-content-justification-center is-layout-flex wp-container-core-buttons-is-layout-16018d1d wp-block-buttons-is-layout-flex\">\n                <div class=\"wp-block-button is-style-secondary\"><button type=\"button\" class=\"wp-block-button__link wp-element-button\">Vezi mai multe<\/button><\/div>\n            \n<\/div>\n<\/div>\n        \n    <div class=\"wp-block-query posts-list p4-query-loop is-custom-layout-list is-layout-flow wp-block-query-is-layout-flow\">\n        <div class=\"wp-block-group is-content-justification-space-between is-layout-flex wp-container-core-group-is-layout-3d213aab wp-block-group-is-layout-flex\"><h2 class=\"wp-block-heading\">Articole similare<\/h2>\n        <li class=\" wp-block-navigation-item see-all-link wp-block-navigation-link\"><a class=\"wp-block-navigation-item__content\"  href=\"http:\/\/www.greenpeace.org\/romania\/news-stories\/?tag=impreunapentrupaduri\"><span class=\"wp-block-navigation-item__label\">See all stories<\/span><\/a><\/li>\n        \n        <\/div>\n        \n\n    <p style=\"margin-top: 24px; margin-bottom: 36px;\"><\/p>\n\n    \n\n    <ul class=\"wp-block-post-template is-layout-flow wp-block-post-template-is-layout-flow\"><li class=\"wp-block-post post-10070 post type-post status-publish format-standard has-post-thumbnail hentry category-greenpeace category-paduri tag-biodiversitate tag-impreunapentrupaduri tag-greenpeace-1\">\n            \n<div class=\"wp-block-columns is-layout-flex wp-container-core-columns-is-layout-9d6595d7 wp-block-columns-is-layout-flex\"><figure class=\"wp-block-post-featured-image\"><a href=\"https:\/\/www.greenpeace.org\/romania\/articol\/10070\/ce-reprezinta-fragmentarea-habitatului-si-cum-afecteaza-biodiversitatea\/\" target=\"_self\"  ><img loading=\"lazy\" decoding=\"async\" width=\"800\" height=\"533\" src=\"https:\/\/www.greenpeace.org\/static\/planet4-romania-stateless\/2024\/10\/25753f09-gp1t345g_low-res-with-credit-line-800px.jpg\" class=\"attachment-post-thumbnail size-post-thumbnail wp-post-image wp-stateless-item\" alt=\"Ce reprezint\u0103 fragmentarea habitatului \u0219i cum afecteaz\u0103 biodiversitatea?\" style=\"object-fit:cover;\" srcset=\"https:\/\/www.greenpeace.org\/static\/planet4-romania-stateless\/2024\/10\/25753f09-gp1t345g_low-res-with-credit-line-800px.jpg 800w, https:\/\/www.greenpeace.org\/static\/planet4-romania-stateless\/2024\/10\/25753f09-gp1t345g_low-res-with-credit-line-800px-300x200.jpg 300w, https:\/\/www.greenpeace.org\/static\/planet4-romania-stateless\/2024\/10\/25753f09-gp1t345g_low-res-with-credit-line-800px-768x512.jpg 768w, https:\/\/www.greenpeace.org\/static\/planet4-romania-stateless\/2024\/10\/25753f09-gp1t345g_low-res-with-credit-line-800px-510x340.jpg 510w\" sizes=\"auto, (max-width: 800px) 100vw, 800px\" data-image-size=\"post-thumbnail\" data-stateless-media-bucket=\"planet4-romania-stateless\" data-stateless-media-name=\"2024\/10\/25753f09-gp1t345g_low-res-with-credit-line-800px.jpg\" \/><\/a><\/figure>\n\n        <div class=\"wp-block-group is-layout-flow wp-block-group-is-layout-flow\">\n                <div class=\"wp-block-group is-layout-flex wp-block-group-is-layout-flex\"><div class=\"wp-block-post-terms\"><a href=\"https:\/\/www.greenpeace.org\/romania\/category\/greenpeace\/\">Greenpeace<\/a><\/div>\n                <div class=\"taxonomy-post_tag wp-block-post-terms\"><a href=\"https:\/\/www.greenpeace.org\/romania\/tag\/biodiversitate\/\" rel=\"tag\">Biodiversitate<\/a><span class=\"wp-block-post-terms__separator\"> <\/span><a href=\"https:\/\/www.greenpeace.org\/romania\/tag\/impreunapentrupaduri\/\" rel=\"tag\">\u00cempreun\u0103PentruP\u0103duri<\/a><span class=\"wp-block-post-terms__separator\"> <\/span><a href=\"https:\/\/www.greenpeace.org\/romania\/tag\/greenpeace-1\/\" rel=\"tag\">Greenpeace<\/a><\/div>\n                \n                <\/div>\n                \n        <h3 class=\"wp-block-post-title\"><a href=\"https:\/\/www.greenpeace.org\/romania\/articol\/10070\/ce-reprezinta-fragmentarea-habitatului-si-cum-afecteaza-biodiversitatea\/\" target=\"_self\" >Ce reprezint\u0103 fragmentarea habitatului \u0219i cum afecteaz\u0103 biodiversitatea?<\/a><\/h3>\n        <div class=\"wp-block-post-excerpt\"><p class=\"wp-block-post-excerpt__excerpt\">Pentru fauna salbatic\u0103 este esen\u021bial s\u0103 aib\u0103 o zon\u0103 de reziden\u021b\u0103 ca s\u0103 supravie\u021buiasc\u0103.\u00a0 \u00cen cadrul acestui teritoriu, animalele \u0219tiu unde se afl\u0103 hrana \u0219i apa, unde sunt pericolele \u0219i unde sunt ascunz\u0103torile bune. De asemenea, ele \u00eenva\u021b\u0103 s\u0103 identifice c\u00e2nd ceva s-a schimbat \u00een zona lor de reziden\u021b\u0103. Acestea sunt familiarizate cu habitatul lor,&hellip; <\/p><\/div>\n        \n        <div class=\"wp-block-group posts-list-meta is-layout-flow wp-block-group-is-layout-flow\"><span class='article-list-item-author'><a href='https:\/\/www.greenpeace.org\/romania\/author\/gp_romania\/'>Greenpeace Rom\u00e2nia<\/a><\/span>\n        <div class=\"wp-block-post-date\"><time datetime=\"2024-10-09T11:28:07+03:00\">09\/10\/2024<\/time><\/div>\n        \n        <\/div>\n        <\/div>\n        <\/div>\n\n            <\/li><li class=\"wp-block-post post-9940 post type-post status-publish format-standard has-post-thumbnail hentry category-paduri tag-biodiversitate tag-clima-1 tag-criza-climatica tag-impreunapentrupaduri tag-natura tag-activism tag-paduri\">\n            \n<div class=\"wp-block-columns is-layout-flex wp-container-core-columns-is-layout-9d6595d7 wp-block-columns-is-layout-flex\"><figure class=\"wp-block-post-featured-image\"><a href=\"https:\/\/www.greenpeace.org\/romania\/articol\/9940\/care-e-rolul-tau-in-reteaua-complexa-a-vietii\/\" target=\"_self\"  ><img loading=\"lazy\" decoding=\"async\" width=\"800\" height=\"533\" src=\"https:\/\/www.greenpeace.org\/static\/planet4-romania-stateless\/2024\/08\/8ec61c04-gp0stwgui_low-res-with-credit-line-800px.jpg\" class=\"attachment-post-thumbnail size-post-thumbnail wp-post-image wp-stateless-item\" alt=\"Care e rolul t\u0103u \u00een re\u021beaua complex\u0103 a vie\u021bii?\" style=\"object-fit:cover;\" srcset=\"https:\/\/www.greenpeace.org\/static\/planet4-romania-stateless\/2024\/08\/8ec61c04-gp0stwgui_low-res-with-credit-line-800px.jpg 800w, https:\/\/www.greenpeace.org\/static\/planet4-romania-stateless\/2024\/08\/8ec61c04-gp0stwgui_low-res-with-credit-line-800px-300x200.jpg 300w, https:\/\/www.greenpeace.org\/static\/planet4-romania-stateless\/2024\/08\/8ec61c04-gp0stwgui_low-res-with-credit-line-800px-768x512.jpg 768w, https:\/\/www.greenpeace.org\/static\/planet4-romania-stateless\/2024\/08\/8ec61c04-gp0stwgui_low-res-with-credit-line-800px-510x340.jpg 510w\" sizes=\"auto, (max-width: 800px) 100vw, 800px\" data-image-size=\"post-thumbnail\" data-stateless-media-bucket=\"planet4-romania-stateless\" data-stateless-media-name=\"2024\/08\/8ec61c04-gp0stwgui_low-res-with-credit-line-800px.jpg\" \/><\/a><\/figure>\n\n        <div class=\"wp-block-group is-layout-flow wp-block-group-is-layout-flow\">\n                <div class=\"wp-block-group is-layout-flex wp-block-group-is-layout-flex\"><div class=\"wp-block-post-terms\"><a href=\"https:\/\/www.greenpeace.org\/romania\/category\/paduri\/\">P\u0103duri \u0219i Biodiversitate<\/a><\/div>\n                <div class=\"taxonomy-post_tag wp-block-post-terms\"><a href=\"https:\/\/www.greenpeace.org\/romania\/tag\/biodiversitate\/\" rel=\"tag\">Biodiversitate<\/a><span class=\"wp-block-post-terms__separator\"> <\/span><a href=\"https:\/\/www.greenpeace.org\/romania\/tag\/clima-1\/\" rel=\"tag\">Clim\u0103<\/a><span class=\"wp-block-post-terms__separator\"> <\/span><a href=\"https:\/\/www.greenpeace.org\/romania\/tag\/criza-climatica\/\" rel=\"tag\">CrizaClimatic\u0103<\/a><span class=\"wp-block-post-terms__separator\"> <\/span><a href=\"https:\/\/www.greenpeace.org\/romania\/tag\/impreunapentrupaduri\/\" rel=\"tag\">\u00cempreun\u0103PentruP\u0103duri<\/a><span class=\"wp-block-post-terms__separator\"> <\/span><a href=\"https:\/\/www.greenpeace.org\/romania\/tag\/natura\/\" rel=\"tag\">Natura<\/a><span class=\"wp-block-post-terms__separator\"> <\/span><a href=\"https:\/\/www.greenpeace.org\/romania\/tag\/activism\/\" rel=\"tag\">Activism<\/a><span class=\"wp-block-post-terms__separator\"> <\/span><a href=\"https:\/\/www.greenpeace.org\/romania\/tag\/paduri\/\" rel=\"tag\">P\u0103duri<\/a><\/div>\n                \n                <\/div>\n                \n        <h3 class=\"wp-block-post-title\"><a href=\"https:\/\/www.greenpeace.org\/romania\/articol\/9940\/care-e-rolul-tau-in-reteaua-complexa-a-vietii\/\" target=\"_self\" >Care e rolul t\u0103u \u00een re\u021beaua complex\u0103 a vie\u021bii?<\/a><\/h3>\n        <div class=\"wp-block-post-excerpt\"><p class=\"wp-block-post-excerpt__excerpt\">Te-ai g\u00e2ndit vreodat\u0103 c\u0103 diversitatea vie\u021bii pe P\u0103m\u00e2nt este ca o p\u00e2nz\u0103 delicat\u0103, unde fiecare fir conteaz\u0103? <\/p><\/div>\n        \n        <div class=\"wp-block-group posts-list-meta is-layout-flow wp-block-group-is-layout-flow\"><span class='article-list-item-author'><a href='https:\/\/www.greenpeace.org\/romania\/author\/gp_romania\/'>Greenpeace Rom\u00e2nia<\/a><\/span>\n        <div class=\"wp-block-post-date\"><time datetime=\"2024-08-09T16:19:46+03:00\">09\/08\/2024<\/time><\/div>\n        \n        <\/div>\n        <\/div>\n        <\/div>\n\n            <\/li><li class=\"wp-block-post post-9912 post type-post status-publish format-standard has-post-thumbnail hentry category-greenpeace category-paduri tag-activism tag-alegeri tag-biodiversitate tag-impreunapentrupaduri tag-paduri\">\n            \n<div class=\"wp-block-columns is-layout-flex wp-container-core-columns-is-layout-9d6595d7 wp-block-columns-is-layout-flex\"><figure class=\"wp-block-post-featured-image\"><a href=\"https:\/\/www.greenpeace.org\/romania\/articol\/9912\/scrisoare-deschisa-catre-presedintele-romaniei-nu-promulgati-legea-barna\/\" target=\"_self\"  ><img loading=\"lazy\" decoding=\"async\" width=\"940\" height=\"788\" src=\"https:\/\/www.greenpeace.org\/static\/planet4-romania-stateless\/2024\/07\/43bdc907-concept1_no-strings-attached.png\" class=\"attachment-post-thumbnail size-post-thumbnail wp-post-image wp-stateless-item\" alt=\"Scrisoare deschis\u0103 c\u0103tre Pre\u0219edintele Rom\u00e2niei: NU promulga\u021bi legea Barna\" style=\"object-fit:cover;\" srcset=\"https:\/\/www.greenpeace.org\/static\/planet4-romania-stateless\/2024\/07\/43bdc907-concept1_no-strings-attached.png 940w, https:\/\/www.greenpeace.org\/static\/planet4-romania-stateless\/2024\/07\/43bdc907-concept1_no-strings-attached-300x251.png 300w, https:\/\/www.greenpeace.org\/static\/planet4-romania-stateless\/2024\/07\/43bdc907-concept1_no-strings-attached-768x644.png 768w, https:\/\/www.greenpeace.org\/static\/planet4-romania-stateless\/2024\/07\/43bdc907-concept1_no-strings-attached-406x340.png 406w\" sizes=\"auto, (max-width: 940px) 100vw, 940px\" data-image-size=\"post-thumbnail\" data-stateless-media-bucket=\"planet4-romania-stateless\" data-stateless-media-name=\"2024\/07\/43bdc907-concept1_no-strings-attached.png\" \/><\/a><\/figure>\n\n        <div class=\"wp-block-group is-layout-flow wp-block-group-is-layout-flow\">\n                <div class=\"wp-block-group is-layout-flex wp-block-group-is-layout-flex\"><div class=\"wp-block-post-terms\"><a href=\"https:\/\/www.greenpeace.org\/romania\/category\/greenpeace\/\">Greenpeace<\/a><\/div>\n                <div class=\"taxonomy-post_tag wp-block-post-terms\"><a href=\"https:\/\/www.greenpeace.org\/romania\/tag\/activism\/\" rel=\"tag\">Activism<\/a><span class=\"wp-block-post-terms__separator\"> <\/span><a href=\"https:\/\/www.greenpeace.org\/romania\/tag\/alegeri\/\" rel=\"tag\">Alegeri<\/a><span class=\"wp-block-post-terms__separator\"> <\/span><a href=\"https:\/\/www.greenpeace.org\/romania\/tag\/biodiversitate\/\" rel=\"tag\">Biodiversitate<\/a><span class=\"wp-block-post-terms__separator\"> <\/span><a href=\"https:\/\/www.greenpeace.org\/romania\/tag\/impreunapentrupaduri\/\" rel=\"tag\">\u00cempreun\u0103PentruP\u0103duri<\/a><span class=\"wp-block-post-terms__separator\"> <\/span><a href=\"https:\/\/www.greenpeace.org\/romania\/tag\/paduri\/\" rel=\"tag\">P\u0103duri<\/a><\/div>\n                \n                <\/div>\n                \n        <h3 class=\"wp-block-post-title\"><a href=\"https:\/\/www.greenpeace.org\/romania\/articol\/9912\/scrisoare-deschisa-catre-presedintele-romaniei-nu-promulgati-legea-barna\/\" target=\"_self\" >Scrisoare deschis\u0103 c\u0103tre Pre\u0219edintele Rom\u00e2niei: NU promulga\u021bi legea Barna<\/a><\/h3>\n        <div class=\"wp-block-post-excerpt\"><p class=\"wp-block-post-excerpt__excerpt\">Scrisoare deschis\u0103 c\u0103tre Pre\u0219edintele Rom\u00e2niei: NU promulga\u021bi legea Barna. Derog\u0103rile de la statutul de specie strict protejat\u0103 conferit de Directiva Habitate sunt un instrument la \u00eendem\u00e2na fiec\u0103rui stat membru pentru a reduce conflictele, inclusiv cu ursul brun, \u00eens\u0103, \u00een Rom\u00e2nia, cu toate c\u0103 \u00een ultimii ani s-au aprobat cote de preven\u021bie de c\u00e2te 140 de&hellip; <\/p><\/div>\n        \n        <div class=\"wp-block-group posts-list-meta is-layout-flow wp-block-group-is-layout-flow\"><span class='article-list-item-author'><a href='https:\/\/www.greenpeace.org\/romania\/author\/gp_romania\/'>Greenpeace Rom\u00e2nia<\/a><\/span>\n        <div class=\"wp-block-post-date\"><time datetime=\"2024-07-17T13:12:36+03:00\">17\/07\/2024<\/time><\/div>\n        \n        <\/div>\n        <\/div>\n        <\/div>\n\n            <\/li><\/ul>\n\n    \n<div class=\"wp-block-buttons carousel-controls is-horizontal is-content-justification-space-between is-nowrap is-layout-flex wp-container-core-buttons-is-layout-044bd602 wp-block-buttons-is-layout-flex\">\n            <div class=\"wp-block-button carousel-control-prev\"><button type=\"button\" class=\"wp-block-button__link wp-element-button\">Prev<\/button><\/div>\n        \n\n            <div class=\"wp-block-button carousel-control-next\"><button type=\"button\" class=\"wp-block-button__link wp-element-button\">Next<\/button><\/div>\n        <\/div>\n\n\n    <li class=\" wp-block-navigation-item see-all-link wp-block-navigation-link\"><a class=\"wp-block-navigation-item__content\"  href=\"http:\/\/www.greenpeace.org\/romania\/news-stories\/?tag=impreunapentrupaduri\"><span class=\"wp-block-navigation-item__label\">See all stories<\/span><\/a><\/li><\/div>\n    \n    <div class=\"wp-block-query posts-list p4-query-loop is-custom-layout-grid is-layout-grid wp-container-core-query-is-layout-b8bb0bd1 wp-block-query-is-layout-grid\">\n        <div class=\"wp-block-group is-content-justification-space-between is-layout-flex wp-container-core-group-is-layout-3d213aab wp-block-group-is-layout-flex\"><h2 class=\"wp-block-heading\">Publications<\/h2>\n        <li class=\" wp-block-navigation-item see-all-link wp-block-navigation-link\"><a class=\"wp-block-navigation-item__content\"  href=\"http:\/\/www.greenpeace.org\/romania\/news-stories\/?tag=impreunapentrupaduri&#038;post-type=\"><span class=\"wp-block-navigation-item__label\">See all stories<\/span><\/a><\/li>\n        \n        <\/div>\n        \n\n    <p style=\"margin-top: 24px; margin-bottom: 36px;\"><\/p>\n\n    <div class=\"wp-block-query-no-results\">\n        <p style=\"\">No posts found.<\/p>\n        <\/div>\n\n    \n\n    \n<div class=\"wp-block-buttons carousel-controls is-horizontal is-content-justification-space-between is-nowrap is-layout-flex wp-container-core-buttons-is-layout-044bd602 wp-block-buttons-is-layout-flex\">\n            <div class=\"wp-block-button carousel-control-prev\"><button type=\"button\" class=\"wp-block-button__link wp-element-button\">Prev<\/button><\/div>\n        \n\n            <div class=\"wp-block-button carousel-control-next\"><button type=\"button\" class=\"wp-block-button__link wp-element-button\">Next<\/button><\/div>\n        <\/div>\n\n\n    <li class=\" wp-block-navigation-item see-all-link wp-block-navigation-link\"><a class=\"wp-block-navigation-item__content\"  href=\"http:\/\/www.greenpeace.org\/romania\/news-stories\/?tag=impreunapentrupaduri&#038;post-type=\"><span class=\"wp-block-navigation-item__label\">See all stories<\/span><\/a><\/li><\/div>\n    <div data-render=\"planet4-blocks\/happypoint\" data-attributes=\"{&quot;attributes&quot;:{&quot;mailing_list_iframe&quot;:true,&quot;opacity&quot;:30,&quot;override_default_content&quot;:false,&quot;local_content_provider&quot;:&quot;none&quot;}}\"><\/div>","protected":false},"excerpt":{"rendered":"","protected":false},"author":35,"featured_media":0,"parent":0,"menu_order":0,"comment_status":"closed","ping_status":"closed","template":"","meta":{"ep_exclude_from_search":false,"p4_hide_page_title_checkbox":"","p4_title":"","p4_subtitle":"","p4_description":"","background_image_id":"","background_image":"","p4_button_title":"","p4_button_link":"","p4_button_link_checkbox":"","p4_og_title":"","p4_og_description":"","p4_og_image":"","p4_og_image_id":"","p4_seo_canonical_url":"","p4_campaign_name":"","p4_local_project":"","p4_basket_name":"","p4_department":"","footnotes":""},"categories":[],"tags":[],"class_list":["post-7154","page","type-page","status-publish","hentry"],"_links":{"self":[{"href":"https:\/\/www.greenpeace.org\/romania\/wp-json\/wp\/v2\/pages\/7154","targetHints":{"allow":["GET"]}}],"collection":[{"href":"https:\/\/www.greenpeace.org\/romania\/wp-json\/wp\/v2\/pages"}],"about":[{"href":"https:\/\/www.greenpeace.org\/romania\/wp-json\/wp\/v2\/types\/page"}],"author":[{"embeddable":true,"href":"https:\/\/www.greenpeace.org\/romania\/wp-json\/wp\/v2\/users\/35"}],"replies":[{"embeddable":true,"href":"https:\/\/www.greenpeace.org\/romania\/wp-json\/wp\/v2\/comments?post=7154"}],"version-history":[{"count":13,"href":"https:\/\/www.greenpeace.org\/romania\/wp-json\/wp\/v2\/pages\/7154\/revisions"}],"predecessor-version":[{"id":12673,"href":"https:\/\/www.greenpeace.org\/romania\/wp-json\/wp\/v2\/pages\/7154\/revisions\/12673"}],"wp:attachment":[{"href":"https:\/\/www.greenpeace.org\/romania\/wp-json\/wp\/v2\/media?parent=7154"}],"wp:term":[{"taxonomy":"category","embeddable":true,"href":"https:\/\/www.greenpeace.org\/romania\/wp-json\/wp\/v2\/categories?post=7154"},{"taxonomy":"post_tag","embeddable":true,"href":"https:\/\/www.greenpeace.org\/romania\/wp-json\/wp\/v2\/tags?post=7154"}],"curies":[{"name":"wp","href":"https:\/\/api.w.org\/{rel}","templated":true}]}}