{"id":757,"date":"2019-07-04T14:08:08","date_gmt":"2019-07-04T11:08:08","guid":{"rendered":"https:\/\/master.k8s.p4.greenpeace.org\/romania\/?page_id=757"},"modified":"2026-03-31T15:46:30","modified_gmt":"2026-03-31T12:46:30","slug":"activist-pentru-paduri","status":"publish","type":"page","link":"https:\/\/www.greenpeace.org\/romania\/activist-pentru-paduri\/","title":{"rendered":"Vrei s\u0103 devii activist pentru p\u0103duri?"},"content":{"rendered":"\n                    <div class=\"wp-block-group is-vertical is-layout-flex wp-container-core-group-is-layout-8cf370e7 wp-block-group-is-layout-flex\">\n                    \n                                <p>Avem o comunitate pasionat\u0103 de voluntari cu care lupt\u0103m pentru protejarea p\u0103durilor<\/p>\n                            \n\n                    \n                    <\/div>\n                    <div data-render=\"planet4-blocks\/columns\" data-attributes=\"{&quot;attributes&quot;:{&quot;columns_block_style&quot;:&quot;no_image&quot;,&quot;columns&quot;:[{&quot;title&quot;:&quot;De ce este important&quot;,&quot;description&quot;:&quot;Vocea ta conteaz\\u0103! Dovad\\u0103 \\u00een acest sens e c\\u0103 aproape jum\\u0103tate din t\\u0103ierile ilegale investigate de autorit\\u0103\\u021bi sunt sesizate de c\\u0103tre cet\\u0103\\u021benii care verific\\u0103 num\\u0103rul camioanelor \\u00eenc\\u0103rcate cu lemn \\u00een aplica\\u021biile dedicate (Forest Guardians sau Inspectorul P\\u0103durii). Sistemul e ineficient \\u0219i greoi, Greenpeace lupt\\u0103 pentru a schimba asta, dar p\\u00e2n\\u0103 atunci avem nevoie \\u00een continuare de ajutorul t\\u0103u.nnVezi un transport de lemn pe drumurile Rom\\u00e2niei? Sun\\u0103 la 112 pentru a verifica legalitatea transportului!&quot;,&quot;link_new_tab&quot;:false},{&quot;title&quot;:&quot;Problema&quot;,&quot;description&quot;:&quot;Conform datelor din IFN (Ciclul II), 20 milioane de mc de lemn dispar anual f\\u0103r\\u0103 acte, \\u00eens\\u0103 \\u0219tim c\\u0103 doar 200.000 mc sunt captura\\u021bi. Rom\\u00e2nia trebuie s\\u0103 automatizeze un sistem r\\u0103mas \\u00een secolul trecut, a\\u0219a cum impune \\u0219i Uniunea European\\u0103. De\\u0219i are toate mijloacele tehnologice \\u0219i financiare la dispozi\\u021bie, Ministerul Apelor \\u0219i P\\u0103durilor a \\u00eent\\u00e2rziat ani de-a r\\u00e2ndul reformarea Sistemului de Urm\\u0103rire a Materialelor Lemnoase (SUMAL).nnSUMAL are nevoie de investi\\u021bii pentru a func\\u021biona corect, \\u00eens\\u0103 lipse\\u0219te \\u201dvoin\\u021ba politic\\u0103\\u201d.&quot;,&quot;link_new_tab&quot;:false}]}}\"><\/div>\n        <div class=\"wp-block-group is-layout-flow wp-block-group-is-layout-flow\">\n  <h2 class=\"wp-block-heading\">Tabara Greenpeace &#8211; P\u0103durea Cump\u0103na<\/h2>\n  \n        \n        \n        <figure class=\"wp-block-embed is-type-1 is-provider-youtube wp-block-embed-youtube wp-embed-aspect-16-9 wp-has-aspect-ratio\"><div class=\"wp-block-embed__wrapper\">\n        <lite-youtube style=\"background-image: url('https:\/\/i.ytimg.com\/vi\/BrNA8EVb6gg\/hqdefault.jpg');\" videoid=\"BrNA8EVb6gg\" params=\"rel=0\"><\/lite-youtube>\n        <\/div><\/figure><\/div>\n        <div data-render=\"planet4-blocks\/columns\" data-attributes=\"{&quot;attributes&quot;:{&quot;columns_block_style&quot;:&quot;tasks&quot;,&quot;columns_title&quot;:&quot;Cum te po\\u0163i implica&quot;,&quot;columns&quot;:[{&quot;title&quot;:&quot;Nu primi bani de la guverne, partide politice sau corpora\\u021bii&quot;,&quot;cta_link&quot;:&quot;https:\\\/\\\/cee.donate.greenpeace.org\\\/ro\\\/campaigns\\\/paduri&quot;,&quot;link_new_tab&quot;:true,&quot;cta_text&quot;:&quot;Doneaz\\u0103&quot;,&quot;attachment&quot;:0,&quot;description&quot;:&quot;&quot;},{&quot;title&quot;:&quot;Greenpeace este cu \\u0219i despre oameni, ac\\u021biune, solu\\u021bii pentru natur\\u0103&quot;,&quot;cta_link&quot;:&quot;https:\\\/\\\/docs.google.com\\\/forms\\\/d\\\/e\\\/1FAIpQLSeprP1P8msNtW8oO4wGdqlrX0ApHgYCmPy0zhLbu2i7laXJIQ\\\/viewform&quot;,&quot;link_new_tab&quot;:true,&quot;cta_text&quot;:&quot;Devino activist&quot;,&quot;attachment&quot;:0,&quot;description&quot;:&quot;&quot;}]}}\"><\/div><div data-render=\"planet4-blocks\/happypoint\" data-attributes=\"{&quot;attributes&quot;:{&quot;focus_image&quot;:&quot;0% 0%&quot;,&quot;mailing_list_iframe&quot;:true,&quot;opacity&quot;:30,&quot;override_default_content&quot;:false,&quot;local_content_provider&quot;:&quot;none&quot;}}\"><\/div>","protected":false},"excerpt":{"rendered":"<p>Avem o comunitate pasionat\u0103 de voluntari cu care lupt\u0103m pentru protejarea p\u0103durilor Tabara Greenpeace &#8211; P\u0103durea Cump\u0103na<\/p>\n","protected":false},"author":1,"featured_media":1231,"parent":0,"menu_order":0,"comment_status":"closed","ping_status":"closed","template":"","meta":{"ep_exclude_from_search":false,"p4_hide_page_title_checkbox":"","p4_title":"","p4_subtitle":"","p4_description":"","background_image_id":"","background_image":"","p4_button_title":"","p4_button_link":"","p4_button_link_checkbox":"","p4_og_title":"","p4_og_description":"","p4_og_image":"","p4_og_image_id":"","p4_seo_canonical_url":"","p4_campaign_name":"not set","p4_local_project":"","p4_basket_name":"not set","p4_department":"","footnotes":""},"categories":[3],"tags":[45],"class_list":["post-757","page","type-page","status-publish","has-post-thumbnail","hentry","category-paduri","tag-paduri"],"_links":{"self":[{"href":"https:\/\/www.greenpeace.org\/romania\/wp-json\/wp\/v2\/pages\/757","targetHints":{"allow":["GET"]}}],"collection":[{"href":"https:\/\/www.greenpeace.org\/romania\/wp-json\/wp\/v2\/pages"}],"about":[{"href":"https:\/\/www.greenpeace.org\/romania\/wp-json\/wp\/v2\/types\/page"}],"author":[{"embeddable":true,"href":"https:\/\/www.greenpeace.org\/romania\/wp-json\/wp\/v2\/users\/1"}],"replies":[{"embeddable":true,"href":"https:\/\/www.greenpeace.org\/romania\/wp-json\/wp\/v2\/comments?post=757"}],"version-history":[{"count":21,"href":"https:\/\/www.greenpeace.org\/romania\/wp-json\/wp\/v2\/pages\/757\/revisions"}],"predecessor-version":[{"id":10129,"href":"https:\/\/www.greenpeace.org\/romania\/wp-json\/wp\/v2\/pages\/757\/revisions\/10129"}],"wp:featuredmedia":[{"embeddable":true,"href":"https:\/\/www.greenpeace.org\/romania\/wp-json\/wp\/v2\/media\/1231"}],"wp:attachment":[{"href":"https:\/\/www.greenpeace.org\/romania\/wp-json\/wp\/v2\/media?parent=757"}],"wp:term":[{"taxonomy":"category","embeddable":true,"href":"https:\/\/www.greenpeace.org\/romania\/wp-json\/wp\/v2\/categories?post=757"},{"taxonomy":"post_tag","embeddable":true,"href":"https:\/\/www.greenpeace.org\/romania\/wp-json\/wp\/v2\/tags?post=757"}],"curies":[{"name":"wp","href":"https:\/\/api.w.org\/{rel}","templated":true}]}}