{"id":770,"date":"2019-07-04T15:49:13","date_gmt":"2019-07-04T12:49:13","guid":{"rendered":"https:\/\/master.k8s.p4.greenpeace.org\/romania\/?page_id=770"},"modified":"2026-04-08T11:56:44","modified_gmt":"2026-04-08T08:56:44","slug":"participare-civica","status":"publish","type":"page","link":"https:\/\/www.greenpeace.org\/romania\/campanii\/comunitate\/participare-civica\/","title":{"rendered":"#Participare Civic\u0103"},"content":{"rendered":"\n                    <div class=\"wp-block-group is-vertical is-layout-flex wp-container-core-group-is-layout-8cf370e7 wp-block-group-is-layout-flex\">\n                    \n                                <p><span data-sheets-value=\"{&quot;1&quot;:2,&quot;2&quot;:&quot;\u00cen septembrie 2018, sute de oameni din \u00eentreaga Europ\u0103, din locuri cu spa\u021biu democratic restr\u00e2ns, s-au \u00eent\u00e2lnit \u00een afara Var\u0219oviei timp de trei zile. Pentru a \u00eemp\u0103rt\u0103\u0219i \u0219i \u00eenv\u0103\u021ba cum s\u0103 foloseasc\u0103 puterea oamenilor \u00een lupta pentru justi\u021bie social\u0103 \u0219i de mediu. Pentru a crea schimbare. Dac\u0103 vrei s\u0103 fii la curent cu mai multe oportunit\u0103\u021bi, \u00een care s\u0103 dob\u00e2nde\u0219ti noi abilit\u0103\u021bi \u0219i inspira\u021bie, urm\u0103re\u0219te comunitatea European Changemakers. https:\/\/europeanchangemakers.org\/ro\/tabara-european-changemakers\/&quot;}\" data-sheets-userformat=\"{&quot;2&quot;:15171,&quot;3&quot;:{&quot;1&quot;:0},&quot;4&quot;:[null,2,15458009],&quot;9&quot;:0,&quot;11&quot;:4,&quot;12&quot;:0,&quot;14&quot;:[null,2,8750],&quot;15&quot;:&quot;Arial&quot;,&quot;16&quot;:9}\">\u00cen septembrie 2018, sute de oameni din \u00eentreaga Europ\u0103, din locuri cu spa\u021biu democratic restr\u00e2ns, s-au \u00eent\u00e2lnit \u00een afara Var\u0219oviei timp de trei zile. Pentru a \u00eemp\u0103rt\u0103\u0219i \u0219i \u00eenv\u0103\u021ba cum s\u0103 foloseasc\u0103 puterea oamenilor \u00een lupta pentru justi\u021bie social\u0103 \u0219i de mediu. Pentru a crea schimbare. Dac\u0103 vrei s\u0103 fii la curent cu mai multe oportunit\u0103\u021bi, \u00een care s\u0103 dob\u00e2nde\u0219ti noi abilit\u0103\u021bi \u0219i inspira\u021bie, urm\u0103re\u0219te comunitatea European Changemakers.\u00a0<\/span><\/p>\n                            \n\n                    \n                            <div class=\"wp-block-buttons is-layout-flex wp-block-buttons-is-layout-flex\">\n                            <div class=\"wp-block-button\">\n                                <a class=\"wp-block-button__link wp-element-button\" href=\"https:\/\/europeanchangemakers.org\/ro\/tabara-european-changemakers\/\" target=\"\" rel=\"noreferrer noopener\">\n                                    European Changemakers\n                                <\/a>\n                            <\/div>\n                            <\/div>\n                            \n                    <\/div>\n                    \n        <div class=\"wp-block-query actions-list p4-query-loop is-custom-layout-actions-list is-custom-layout-grid is-layout-grid wp-container-core-query-is-layout-29f43435 wp-block-query-is-layout-grid\"><h2 class=\"wp-block-heading\">Cum te po\u0163i implica<\/h2>\n        <p style=\"margin-top: 24px; margin-bottom: 32px;\"><\/p>\n        <div class=\"wp-block-query-no-results\">\n        <p >No posts found.<\/p>\n        <\/div>\n        \n        \n<div class=\"wp-block-buttons carousel-controls is-horizontal is-content-justification-space-between is-nowrap is-layout-flex wp-container-core-buttons-is-layout-044bd602 wp-block-buttons-is-layout-flex\">\n            <div class=\"wp-block-button carousel-control-prev\"><button type=\"button\" class=\"wp-block-button__link wp-element-button\">Prev<\/button><\/div>\n        \n\n            <div class=\"wp-block-button carousel-control-next\"><button type=\"button\" class=\"wp-block-button__link wp-element-button\">Next<\/button><\/div>\n        <\/div>\n\n        \n<div class=\"wp-block-buttons load-more-actions-container is-content-justification-center is-layout-flex wp-container-core-buttons-is-layout-16018d1d wp-block-buttons-is-layout-flex\">\n                <div class=\"wp-block-button is-style-secondary\"><button type=\"button\" class=\"wp-block-button__link wp-element-button\">Vezi mai multe<\/button><\/div>\n            \n<\/div>\n<\/div>\n        \n    <div class=\"wp-block-query posts-list p4-query-loop is-custom-layout-list is-layout-flow wp-block-query-is-layout-flow\">\n        <div class=\"wp-block-group is-content-justification-space-between is-layout-flex wp-container-core-group-is-layout-3d213aab wp-block-group-is-layout-flex\"><h2 class=\"wp-block-heading\">Articole similare<\/h2>\n        <li class=\" wp-block-navigation-item see-all-link wp-block-navigation-link\"><a class=\"wp-block-navigation-item__content\"  href=\"http:\/\/www.greenpeace.org\/romania\/news-stories\/?tag=participare-civica&#038;post-type=\"><span class=\"wp-block-navigation-item__label\">See all stories<\/span><\/a><\/li>\n        \n        <\/div>\n        \n\n    <p style=\"margin-top: 24px; margin-bottom: 36px;\"><\/p>\n\n    <div class=\"wp-block-query-no-results\">\n        <p >No posts found.<\/p>\n        <\/div>\n\n    \n\n    \n<div class=\"wp-block-buttons carousel-controls is-horizontal is-content-justification-space-between is-nowrap is-layout-flex wp-container-core-buttons-is-layout-044bd602 wp-block-buttons-is-layout-flex\">\n            <div class=\"wp-block-button carousel-control-prev\"><button type=\"button\" class=\"wp-block-button__link wp-element-button\">Prev<\/button><\/div>\n        \n\n            <div class=\"wp-block-button carousel-control-next\"><button type=\"button\" class=\"wp-block-button__link wp-element-button\">Next<\/button><\/div>\n        <\/div>\n\n\n    <li class=\" wp-block-navigation-item see-all-link wp-block-navigation-link\"><a class=\"wp-block-navigation-item__content\"  href=\"http:\/\/www.greenpeace.org\/romania\/news-stories\/?tag=participare-civica&#038;post-type=\"><span class=\"wp-block-navigation-item__label\">See all stories<\/span><\/a><\/li><\/div>\n    <div data-render=\"planet4-blocks\/happypoint\" data-attributes=\"{&quot;attributes&quot;:{&quot;id&quot;:276,&quot;focus_image&quot;:&quot;50% 100%&quot;,&quot;mailing_list_iframe&quot;:true,&quot;opacity&quot;:30,&quot;override_default_content&quot;:false,&quot;local_content_provider&quot;:&quot;none&quot;}}\"><\/div>","protected":false},"excerpt":{"rendered":"<p>\u00cen septembrie 2018, sute de oameni din \u00eentreaga Europ\u0103, din locuri cu spa\u021biu democratic restr\u00e2ns, s-au \u00eent\u00e2lnit \u00een afara Var\u0219oviei timp de trei zile. Pentru a \u00eemp\u0103rt\u0103\u0219i \u0219i \u00eenv\u0103\u021ba cum s\u0103 foloseasc\u0103 puterea oamenilor \u00een lupta pentru justi\u021bie social\u0103 \u0219i de mediu. Pentru a crea schimbare. Dac\u0103 vrei s\u0103 fii la curent cu mai multe [&hellip;]<\/p>\n","protected":false},"author":1,"featured_media":467,"parent":69,"menu_order":0,"comment_status":"closed","ping_status":"closed","template":"","meta":{"ep_exclude_from_search":false,"p4_hide_page_title_checkbox":"","p4_title":"","p4_subtitle":"","p4_description":"","background_image_id":"","background_image":"","p4_button_title":"","p4_button_link":"","p4_button_link_checkbox":"","p4_og_title":"","p4_og_description":"","p4_og_image":"","p4_og_image_id":"","p4_seo_canonical_url":"","p4_campaign_name":"not set","p4_local_project":"","p4_basket_name":"not set","p4_department":"","footnotes":""},"categories":[4],"tags":[8],"class_list":["post-770","page","type-page","status-publish","has-post-thumbnail","hentry","category-comunitate","tag-participare-civica-2"],"_links":{"self":[{"href":"https:\/\/www.greenpeace.org\/romania\/wp-json\/wp\/v2\/pages\/770","targetHints":{"allow":["GET"]}}],"collection":[{"href":"https:\/\/www.greenpeace.org\/romania\/wp-json\/wp\/v2\/pages"}],"about":[{"href":"https:\/\/www.greenpeace.org\/romania\/wp-json\/wp\/v2\/types\/page"}],"author":[{"embeddable":true,"href":"https:\/\/www.greenpeace.org\/romania\/wp-json\/wp\/v2\/users\/1"}],"replies":[{"embeddable":true,"href":"https:\/\/www.greenpeace.org\/romania\/wp-json\/wp\/v2\/comments?post=770"}],"version-history":[{"count":14,"href":"https:\/\/www.greenpeace.org\/romania\/wp-json\/wp\/v2\/pages\/770\/revisions"}],"predecessor-version":[{"id":12700,"href":"https:\/\/www.greenpeace.org\/romania\/wp-json\/wp\/v2\/pages\/770\/revisions\/12700"}],"up":[{"embeddable":true,"href":"https:\/\/www.greenpeace.org\/romania\/wp-json\/wp\/v2\/pages\/69"}],"wp:featuredmedia":[{"embeddable":true,"href":"https:\/\/www.greenpeace.org\/romania\/wp-json\/wp\/v2\/media\/467"}],"wp:attachment":[{"href":"https:\/\/www.greenpeace.org\/romania\/wp-json\/wp\/v2\/media?parent=770"}],"wp:term":[{"taxonomy":"category","embeddable":true,"href":"https:\/\/www.greenpeace.org\/romania\/wp-json\/wp\/v2\/categories?post=770"},{"taxonomy":"post_tag","embeddable":true,"href":"https:\/\/www.greenpeace.org\/romania\/wp-json\/wp\/v2\/tags?post=770"}],"curies":[{"name":"wp","href":"https:\/\/api.w.org\/{rel}","templated":true}]}}