{"id":774,"date":"2019-07-04T15:54:41","date_gmt":"2019-07-04T12:54:41","guid":{"rendered":"https:\/\/master.k8s.p4.greenpeace.org\/romania\/?page_id=774"},"modified":"2026-04-08T11:56:43","modified_gmt":"2026-04-08T08:56:43","slug":"activism","status":"publish","type":"page","link":"https:\/\/www.greenpeace.org\/romania\/campanii\/comunitate\/activism\/","title":{"rendered":"#Activism"},"content":{"rendered":"\n                    <div class=\"wp-block-group is-vertical is-layout-flex wp-container-core-group-is-layout-8cf370e7 wp-block-group-is-layout-flex\">\n                    \n                                <p><span data-sheets-value=\"{&quot;1&quot;:2,&quot;2&quot;:&quot;European Changemakers este o comunitate \u0219i un set de instrumente. Aici g\u0103si\u021bi instrumente practice cu pa\u0219ii necesari pentru a transforma ideile de campanie \u00een realitate. Studiile de caz v\u0103 ofer\u0103 o privire \u00een spatele scenei asupra ac\u021biunilor de baz\u0103, explor\u00e2nd tacticile \u0219i motiva\u021biile celor care vor s\u0103 contribuie la schimbare, permi\u021b\u00e2ndu-v\u0103 s\u0103 v\u0103 conecta\u021bi \u0219i s\u0103 fi\u021bi inspira\u021bi de al\u021bii ca dumneavoastr\u0103. Setul de instrumente ofer\u0103, de asemenea, \u0219ansa de a \u00eenv\u0103\u021ba de la exper\u021bi deoarece exploreaz\u0103 principiile imaginii de ansamblu din spatele modului \u00een care oamenii obi\u0219nui\u021bi pot face schimb\u0103ri extraordinare: https:\/\/europeanchangemakers.org\/ro\/#toolshttp:\/\/&quot;}\" data-sheets-userformat=\"{&quot;2&quot;:15171,&quot;3&quot;:{&quot;1&quot;:0},&quot;4&quot;:[null,2,15458009],&quot;9&quot;:0,&quot;11&quot;:4,&quot;12&quot;:0,&quot;14&quot;:[null,2,8750],&quot;15&quot;:&quot;Arial&quot;,&quot;16&quot;:9}\">European Changemakers este o comunitate \u0219i un set de instrumente. Aici g\u0103si\u021bi instrumente practice cu pa\u0219ii necesari pentru a transforma ideile de campanie \u00een realitate. Studiile de caz v\u0103 ofer\u0103 o privire \u00een spatele scenei asupra ac\u021biunilor de baz\u0103, explor\u00e2nd tacticile \u0219i motiva\u021biile celor care vor s\u0103 contribuie la schimbare, permi\u021b\u00e2ndu-v\u0103 s\u0103 v\u0103 conecta\u021bi \u0219i s\u0103 fi\u021bi inspira\u021bi de al\u021bii ca dumneavoastr\u0103. Setul de instrumente ofer\u0103, de asemenea, \u0219ansa de a \u00eenv\u0103\u021ba de la exper\u021bi deoarece exploreaz\u0103 principiile imaginii de ansamblu din spatele modului \u00een care oamenii obi\u0219nui\u021bi pot face schimb\u0103ri extraordinare.<\/span><\/p>\n                            \n\n                    \n                            <div class=\"wp-block-buttons is-layout-flex wp-block-buttons-is-layout-flex\">\n                            <div class=\"wp-block-button\">\n                                <a class=\"wp-block-button__link wp-element-button\" href=\"https:\/\/europeanchangemakers.org\/ro\/#toolshttp:\/\/\" target=\"_blank\" rel=\"noreferrer noopener\">\n                                    Setul de instrumente\n                                <\/a>\n                            <\/div>\n                            <\/div>\n                            \n                    <\/div>\n                    \n        <div class=\"wp-block-query actions-list p4-query-loop is-custom-layout-actions-list is-custom-layout-grid is-layout-grid wp-container-core-query-is-layout-29f43435 wp-block-query-is-layout-grid\"><h2 class=\"wp-block-heading\">Cum te po\u0163i implica<\/h2>\n        <p style=\"margin-top: 24px; margin-bottom: 32px;\"><\/p>\n        \n        <ul class=\"wp-block-post-template is-layout-flow wp-block-post-template-is-layout-flow\"><li class=\"wp-block-post post-12360 p4_action type-p4_action status-publish has-post-thumbnail hentry category-comunitate tag-activism action-type-petitions\">\n                <figure class=\"wp-block-post-featured-image\"><img loading=\"lazy\" decoding=\"async\" width=\"2560\" height=\"1963\" src=\"https:\/\/www.greenpeace.org\/static\/planet4-romania-stateless\/2026\/03\/75f3d37e-untitled-design-45-scaled.png\" class=\"attachment-post-thumbnail size-post-thumbnail wp-post-image wp-stateless-item\" alt=\"\" style=\"object-fit:cover;\" srcset=\"https:\/\/www.greenpeace.org\/static\/planet4-romania-stateless\/2026\/03\/75f3d37e-untitled-design-45-scaled.png 2560w, https:\/\/www.greenpeace.org\/static\/planet4-romania-stateless\/2026\/03\/75f3d37e-untitled-design-45-300x230.png 300w, https:\/\/www.greenpeace.org\/static\/planet4-romania-stateless\/2026\/03\/75f3d37e-untitled-design-45-1024x785.png 1024w, https:\/\/www.greenpeace.org\/static\/planet4-romania-stateless\/2026\/03\/75f3d37e-untitled-design-45-768x589.png 768w, https:\/\/www.greenpeace.org\/static\/planet4-romania-stateless\/2026\/03\/75f3d37e-untitled-design-45-1536x1178.png 1536w, https:\/\/www.greenpeace.org\/static\/planet4-romania-stateless\/2026\/03\/75f3d37e-untitled-design-45-2048x1570.png 2048w, https:\/\/www.greenpeace.org\/static\/planet4-romania-stateless\/2026\/03\/75f3d37e-untitled-design-45-1781x1366.png 1781w, https:\/\/www.greenpeace.org\/static\/planet4-romania-stateless\/2026\/03\/75f3d37e-untitled-design-45-443x340.png 443w\" sizes=\"auto, (max-width: 2560px) 100vw, 2560px\" data-image-size=\"post-thumbnail\" data-stateless-media-bucket=\"planet4-romania-stateless\" data-stateless-media-name=\"2026\/03\/75f3d37e-untitled-design-45-scaled.png\" \/><\/figure>\n                \n                <div class=\"wp-block-group group-stretched-link is-layout-flow wp-block-group-is-layout-flow\"><div class=\"wp-block-post-terms\">Comunitatea Greenpeace Rom\u00e2nia<\/div>\n                <h3 class=\"wp-block-post-title\"><a href=\"https:\/\/www.greenpeace.org\/romania\/petitions\/formular-de-inscriere-voluntariat-activism\/\" target=\"_self\" >Formular de \u00eenscriere voluntariat\/activism<\/a><\/h3>\n                <div class=\"wp-block-post-excerpt\"><p class=\"wp-block-post-excerpt__excerpt\">Completeaz\u0103 formularul \u0219i vino \u00een comunitatea noastr\u0103! <\/p><\/div><\/div>\n                \n                \n        <div class=\"wp-block-group read-more-nav is-layout-flow wp-block-group-is-layout-flow\"><a href=\"https:\/\/www.greenpeace.org\/romania\/petitions\/formular-de-inscriere-voluntariat-activism\/\" class=\"btn btn-primary btn-small\" aria-label=\"Implic\u0103-te\">Implic\u0103-te<\/a>\n        \n        \n        <\/div>\n        \n                <\/li><\/ul>\n        \n<div class=\"wp-block-buttons carousel-controls is-horizontal is-content-justification-space-between is-nowrap is-layout-flex wp-container-core-buttons-is-layout-044bd602 wp-block-buttons-is-layout-flex\">\n            <div class=\"wp-block-button carousel-control-prev\"><button type=\"button\" class=\"wp-block-button__link wp-element-button\">Prev<\/button><\/div>\n        \n\n            <div class=\"wp-block-button carousel-control-next\"><button type=\"button\" class=\"wp-block-button__link wp-element-button\">Next<\/button><\/div>\n        <\/div>\n\n        \n<div class=\"wp-block-buttons load-more-actions-container is-content-justification-center is-layout-flex wp-container-core-buttons-is-layout-16018d1d wp-block-buttons-is-layout-flex\">\n                <div class=\"wp-block-button is-style-secondary\"><button type=\"button\" class=\"wp-block-button__link wp-element-button\">Vezi mai multe<\/button><\/div>\n            \n<\/div>\n<\/div>\n        \n    <div class=\"wp-block-query posts-list p4-query-loop is-custom-layout-list is-layout-flow wp-block-query-is-layout-flow\">\n        <div class=\"wp-block-group is-content-justification-space-between is-layout-flex wp-container-core-group-is-layout-3d213aab wp-block-group-is-layout-flex\"><h2 class=\"wp-block-heading\">Articole similare<\/h2>\n        <li class=\" wp-block-navigation-item see-all-link wp-block-navigation-link\"><a class=\"wp-block-navigation-item__content\"  href=\"http:\/\/www.greenpeace.org\/romania\/news-stories\/?tag=activism&#038;post-type=\"><span class=\"wp-block-navigation-item__label\">See all stories<\/span><\/a><\/li>\n        \n        <\/div>\n        \n\n    <p style=\"margin-top: 24px; margin-bottom: 36px;\"><\/p>\n\n    <div class=\"wp-block-query-no-results\">\n        <p >No posts found.<\/p>\n        <\/div>\n\n    \n\n    \n<div class=\"wp-block-buttons carousel-controls is-horizontal is-content-justification-space-between is-nowrap is-layout-flex wp-container-core-buttons-is-layout-044bd602 wp-block-buttons-is-layout-flex\">\n            <div class=\"wp-block-button carousel-control-prev\"><button type=\"button\" class=\"wp-block-button__link wp-element-button\">Prev<\/button><\/div>\n        \n\n            <div class=\"wp-block-button carousel-control-next\"><button type=\"button\" class=\"wp-block-button__link wp-element-button\">Next<\/button><\/div>\n        <\/div>\n\n\n    <li class=\" wp-block-navigation-item see-all-link wp-block-navigation-link\"><a class=\"wp-block-navigation-item__content\"  href=\"http:\/\/www.greenpeace.org\/romania\/news-stories\/?tag=activism&#038;post-type=\"><span class=\"wp-block-navigation-item__label\">See all stories<\/span><\/a><\/li><\/div>\n    <div data-render=\"planet4-blocks\/happypoint\" data-attributes=\"{&quot;attributes&quot;:{&quot;id&quot;:1317,&quot;focus_image&quot;:&quot;50% 50%&quot;,&quot;mailing_list_iframe&quot;:true,&quot;opacity&quot;:30,&quot;override_default_content&quot;:false,&quot;local_content_provider&quot;:&quot;none&quot;}}\"><\/div>","protected":false},"excerpt":{"rendered":"<p>European Changemakers este o comunitate \u0219i un set de instrumente. Aici g\u0103si\u021bi instrumente practice cu pa\u0219ii necesari pentru a transforma ideile de campanie \u00een realitate. Studiile de caz v\u0103 ofer\u0103 o privire \u00een spatele scenei asupra ac\u021biunilor de baz\u0103, explor\u00e2nd tacticile \u0219i motiva\u021biile celor care vor s\u0103 contribuie la schimbare, permi\u021b\u00e2ndu-v\u0103 s\u0103 v\u0103 conecta\u021bi \u0219i [&hellip;]<\/p>\n","protected":false},"author":1,"featured_media":1490,"parent":69,"menu_order":0,"comment_status":"closed","ping_status":"closed","template":"","meta":{"ep_exclude_from_search":false,"p4_hide_page_title_checkbox":"","p4_title":"","p4_subtitle":"","p4_description":"","background_image_id":"","background_image":"","p4_button_title":"","p4_button_link":"","p4_button_link_checkbox":"","p4_og_title":"","p4_og_description":"","p4_og_image":"","p4_og_image_id":"","p4_seo_canonical_url":"","p4_campaign_name":"not set","p4_local_project":"","p4_basket_name":"not set","p4_department":"","footnotes":""},"categories":[4],"tags":[26],"class_list":["post-774","page","type-page","status-publish","has-post-thumbnail","hentry","category-comunitate","tag-activism"],"_links":{"self":[{"href":"https:\/\/www.greenpeace.org\/romania\/wp-json\/wp\/v2\/pages\/774","targetHints":{"allow":["GET"]}}],"collection":[{"href":"https:\/\/www.greenpeace.org\/romania\/wp-json\/wp\/v2\/pages"}],"about":[{"href":"https:\/\/www.greenpeace.org\/romania\/wp-json\/wp\/v2\/types\/page"}],"author":[{"embeddable":true,"href":"https:\/\/www.greenpeace.org\/romania\/wp-json\/wp\/v2\/users\/1"}],"replies":[{"embeddable":true,"href":"https:\/\/www.greenpeace.org\/romania\/wp-json\/wp\/v2\/comments?post=774"}],"version-history":[{"count":15,"href":"https:\/\/www.greenpeace.org\/romania\/wp-json\/wp\/v2\/pages\/774\/revisions"}],"predecessor-version":[{"id":12699,"href":"https:\/\/www.greenpeace.org\/romania\/wp-json\/wp\/v2\/pages\/774\/revisions\/12699"}],"up":[{"embeddable":true,"href":"https:\/\/www.greenpeace.org\/romania\/wp-json\/wp\/v2\/pages\/69"}],"wp:featuredmedia":[{"embeddable":true,"href":"https:\/\/www.greenpeace.org\/romania\/wp-json\/wp\/v2\/media\/1490"}],"wp:attachment":[{"href":"https:\/\/www.greenpeace.org\/romania\/wp-json\/wp\/v2\/media?parent=774"}],"wp:term":[{"taxonomy":"category","embeddable":true,"href":"https:\/\/www.greenpeace.org\/romania\/wp-json\/wp\/v2\/categories?post=774"},{"taxonomy":"post_tag","embeddable":true,"href":"https:\/\/www.greenpeace.org\/romania\/wp-json\/wp\/v2\/tags?post=774"}],"curies":[{"name":"wp","href":"https:\/\/api.w.org\/{rel}","templated":true}]}}