{"id":776,"date":"2019-07-04T15:58:45","date_gmt":"2019-07-04T12:58:45","guid":{"rendered":"https:\/\/master.k8s.p4.greenpeace.org\/romania\/?page_id=776"},"modified":"2026-04-08T11:56:42","modified_gmt":"2026-04-08T08:56:42","slug":"democratie","status":"publish","type":"page","link":"https:\/\/www.greenpeace.org\/romania\/campanii\/comunitate\/democratie\/","title":{"rendered":"#Democra\u0163ie"},"content":{"rendered":"\n                    <div class=\"wp-block-group is-vertical is-layout-flex wp-container-core-group-is-layout-8cf370e7 wp-block-group-is-layout-flex\">\n                    \n                                <p><span data-sheets-value=\"{&quot;1&quot;:2,&quot;2&quot;:&quot;Credem c\u0103 democra\u021bia este cel mai curat mediu \u00een care putem activa deci, \u00eempreuna cu Civil Rights Defenders, lucr\u0103m cu mi\u0219c\u0103ri europene progresiste, grupuri grassroots, dar \u0219i simpli cet\u0103\u021beni interesa\u021bi de bun\u0103starea comunit\u0103\u021bii \u00een care tr\u0103iesc, pentru a facilita implicarea civic\u0103 \u0219i a consolida capacitatea de ap\u0103rare a drepturilor \u0219i libert\u0103\u021bilor esen\u021biale.&quot;}\" data-sheets-userformat=\"{&quot;2&quot;:897,&quot;3&quot;:{&quot;1&quot;:0},&quot;10&quot;:1,&quot;11&quot;:4,&quot;12&quot;:0}\">Credem c\u0103 democra\u021bia este cel mai curat mediu \u00een care putem activa deci, \u00eempreun\u0103 cu Civil Rights Defenders, lucr\u0103m cu mi\u0219c\u0103ri europene progresiste, grupuri grassroots, dar \u0219i simpli cet\u0103\u021beni interesa\u021bi de bun\u0103starea comunit\u0103\u021bii \u00een care tr\u0103iesc, pentru a facilita implicarea civic\u0103 \u0219i a consolida capacitatea de ap\u0103rare a drepturilor \u0219i libert\u0103\u021bilor esen\u021biale.<\/span><\/p>\n                            \n\n                    \n                    <\/div>\n                    \n        <div class=\"wp-block-query actions-list p4-query-loop is-custom-layout-actions-list is-custom-layout-grid is-layout-grid wp-container-core-query-is-layout-29f43435 wp-block-query-is-layout-grid\"><h2 class=\"wp-block-heading\">Cum te po\u0163i implica<\/h2>\n        <p style=\"margin-top: 24px; margin-bottom: 32px;\"><\/p>\n        <div class=\"wp-block-query-no-results\">\n        <p >No posts found.<\/p>\n        <\/div>\n        \n        \n<div class=\"wp-block-buttons carousel-controls is-horizontal is-content-justification-space-between is-nowrap is-layout-flex wp-container-core-buttons-is-layout-044bd602 wp-block-buttons-is-layout-flex\">\n            <div class=\"wp-block-button carousel-control-prev\"><button type=\"button\" class=\"wp-block-button__link wp-element-button\">Prev<\/button><\/div>\n        \n\n            <div class=\"wp-block-button carousel-control-next\"><button type=\"button\" class=\"wp-block-button__link wp-element-button\">Next<\/button><\/div>\n        <\/div>\n\n        \n<div class=\"wp-block-buttons load-more-actions-container is-content-justification-center is-layout-flex wp-container-core-buttons-is-layout-16018d1d wp-block-buttons-is-layout-flex\">\n                <div class=\"wp-block-button is-style-secondary\"><button type=\"button\" class=\"wp-block-button__link wp-element-button\">Vezi mai multe<\/button><\/div>\n            \n<\/div>\n<\/div>\n        \n    <div class=\"wp-block-query posts-list p4-query-loop is-custom-layout-list is-layout-flow wp-block-query-is-layout-flow\">\n        <div class=\"wp-block-group is-content-justification-space-between is-layout-flex wp-container-core-group-is-layout-3d213aab wp-block-group-is-layout-flex\"><h2 class=\"wp-block-heading\">Articole similare<\/h2>\n        <li class=\" wp-block-navigation-item see-all-link wp-block-navigation-link\"><a class=\"wp-block-navigation-item__content\"  href=\"http:\/\/www.greenpeace.org\/romania\/news-stories\/?tag=democratie&#038;post-type=\"><span class=\"wp-block-navigation-item__label\">See all stories<\/span><\/a><\/li>\n        \n        <\/div>\n        \n\n    <p style=\"margin-top: 24px; margin-bottom: 36px;\"><\/p>\n\n    <div class=\"wp-block-query-no-results\">\n        <p >No posts found.<\/p>\n        <\/div>\n\n    \n\n    \n<div class=\"wp-block-buttons carousel-controls is-horizontal is-content-justification-space-between is-nowrap is-layout-flex wp-container-core-buttons-is-layout-044bd602 wp-block-buttons-is-layout-flex\">\n            <div class=\"wp-block-button carousel-control-prev\"><button type=\"button\" class=\"wp-block-button__link wp-element-button\">Prev<\/button><\/div>\n        \n\n            <div class=\"wp-block-button carousel-control-next\"><button type=\"button\" class=\"wp-block-button__link wp-element-button\">Next<\/button><\/div>\n        <\/div>\n\n\n    <li class=\" wp-block-navigation-item see-all-link wp-block-navigation-link\"><a class=\"wp-block-navigation-item__content\"  href=\"http:\/\/www.greenpeace.org\/romania\/news-stories\/?tag=democratie&#038;post-type=\"><span class=\"wp-block-navigation-item__label\">See all stories<\/span><\/a><\/li><\/div>\n    <div data-render=\"planet4-blocks\/happypoint\" data-attributes=\"{&quot;attributes&quot;:{&quot;id&quot;:1314,&quot;focus_image&quot;:&quot;50% 50%&quot;,&quot;mailing_list_iframe&quot;:true,&quot;opacity&quot;:30,&quot;override_default_content&quot;:false,&quot;local_content_provider&quot;:&quot;none&quot;}}\"><\/div>","protected":false},"excerpt":{"rendered":"<p>Credem c\u0103 democra\u021bia este cel mai curat mediu \u00een care putem activa deci, \u00eempreun\u0103 cu Civil Rights Defenders, lucr\u0103m cu mi\u0219c\u0103ri europene progresiste, grupuri grassroots, dar \u0219i simpli cet\u0103\u021beni interesa\u021bi de bun\u0103starea comunit\u0103\u021bii \u00een care tr\u0103iesc, pentru a facilita implicarea civic\u0103 \u0219i a consolida capacitatea de ap\u0103rare a drepturilor \u0219i libert\u0103\u021bilor esen\u021biale.<\/p>\n","protected":false},"author":1,"featured_media":457,"parent":69,"menu_order":0,"comment_status":"closed","ping_status":"closed","template":"","meta":{"ep_exclude_from_search":false,"p4_hide_page_title_checkbox":"","p4_title":"","p4_subtitle":"","p4_description":"","background_image_id":"","background_image":"","p4_button_title":"","p4_button_link":"","p4_button_link_checkbox":"","p4_og_title":"","p4_og_description":"","p4_og_image":"","p4_og_image_id":"","p4_seo_canonical_url":"","p4_campaign_name":"not set","p4_local_project":"","p4_basket_name":"not set","p4_department":"","footnotes":""},"categories":[4],"tags":[27],"class_list":["post-776","page","type-page","status-publish","has-post-thumbnail","hentry","category-comunitate","tag-democratie-1"],"_links":{"self":[{"href":"https:\/\/www.greenpeace.org\/romania\/wp-json\/wp\/v2\/pages\/776","targetHints":{"allow":["GET"]}}],"collection":[{"href":"https:\/\/www.greenpeace.org\/romania\/wp-json\/wp\/v2\/pages"}],"about":[{"href":"https:\/\/www.greenpeace.org\/romania\/wp-json\/wp\/v2\/types\/page"}],"author":[{"embeddable":true,"href":"https:\/\/www.greenpeace.org\/romania\/wp-json\/wp\/v2\/users\/1"}],"replies":[{"embeddable":true,"href":"https:\/\/www.greenpeace.org\/romania\/wp-json\/wp\/v2\/comments?post=776"}],"version-history":[{"count":14,"href":"https:\/\/www.greenpeace.org\/romania\/wp-json\/wp\/v2\/pages\/776\/revisions"}],"predecessor-version":[{"id":12698,"href":"https:\/\/www.greenpeace.org\/romania\/wp-json\/wp\/v2\/pages\/776\/revisions\/12698"}],"up":[{"embeddable":true,"href":"https:\/\/www.greenpeace.org\/romania\/wp-json\/wp\/v2\/pages\/69"}],"wp:featuredmedia":[{"embeddable":true,"href":"https:\/\/www.greenpeace.org\/romania\/wp-json\/wp\/v2\/media\/457"}],"wp:attachment":[{"href":"https:\/\/www.greenpeace.org\/romania\/wp-json\/wp\/v2\/media?parent=776"}],"wp:term":[{"taxonomy":"category","embeddable":true,"href":"https:\/\/www.greenpeace.org\/romania\/wp-json\/wp\/v2\/categories?post=776"},{"taxonomy":"post_tag","embeddable":true,"href":"https:\/\/www.greenpeace.org\/romania\/wp-json\/wp\/v2\/tags?post=776"}],"curies":[{"name":"wp","href":"https:\/\/api.w.org\/{rel}","templated":true}]}}