{"id":7811,"date":"2022-09-30T11:30:37","date_gmt":"2022-09-30T08:30:37","guid":{"rendered":"https:\/\/www.greenpeace.org\/romania\/?page_id=7811"},"modified":"2024-03-26T14:46:37","modified_gmt":"2024-03-26T11:46:37","slug":"comunitati-de-energie-un-ghid-practic-pentru-a-aduce-energia-in-mainile-oamenilor","status":"publish","type":"page","link":"https:\/\/www.greenpeace.org\/romania\/comunitati-de-energie-un-ghid-practic-pentru-a-aduce-energia-in-mainile-oamenilor\/","title":{"rendered":"#Comunit\u0103\u021bi de energie"},"content":{"rendered":"\n                    <div class=\"wp-block-group is-vertical is-layout-flex wp-container-core-group-is-layout-8cf370e7 wp-block-group-is-layout-flex\">\n                    \n\n                    \n                    <\/div>\n                    \n<p class=\"has-text-align-center\">Urm\u0103torii zece ani sunt foarte importan\u021bi pentru combaterea schimb\u0103rilor climatice.\u00a0<\/p>\n\n<p class=\"has-text-align-center\">Una dintre solu\u021biile la care putem apela sunt <strong>comunit\u0103\u021bile de energie<\/strong>. Dac\u0103 schimb\u0103m modul \u00een care producem \u0219i consum\u0103m energie, putem face fa\u021b\u0103 mai bine provoc\u0103rilor climatice \u0219i sociale. <\/p>\n\n<p class=\"has-text-align-center\"><strong>Dar ce este o comunitate de energie?<\/strong> Este o form\u0103 de organizare autonom\u0103 \u0219i controlat\u0103 de membrii acesteia. Oamenii dintr-o comunitate de energie se pot implica \u00een <strong>proiecte de eficien\u021b\u0103 energetic\u0103, produc\u021bie \u0219i\/sau v\u00e2nzare de energie regenerabil\u0103, transport \u0219i mobilitate, autoconsum sau stocare<\/strong>. <\/p>\n\n<p class=\"has-text-align-center\">Dintr-o comunitate de energie pot face parte <strong>cet\u0103\u021beni, \u00eentreprinderi, administra\u021bii publice, \u00eentreprinderi mici \u0219i mijlocii<\/strong>.\u00a0<\/p>\n\n<p class=\"has-text-align-center\">Prin comunit\u0103\u021bile de energie este posibil s\u0103 cre\u0103m cu to\u021bii un <strong>sistem energetic nou, echitabil, 100% regenerabil, de\u021binut de oameni \u0219i care nu compromite bun\u0103starea genera\u021biilor viitoare.<\/strong><\/p>\n\n<p class=\"has-text-align-center\"><strong>Energia e \u00een m\u00e2inile oamenilor!<\/strong><\/p>\n\n<p><\/p>\n\n<div class=\"wp-block-buttons is-content-justification-center is-layout-flex wp-container-core-buttons-is-layout-16018d1d wp-block-buttons-is-layout-flex\">\n<div class=\"wp-block-button is-style-cta\"><a class=\"wp-block-button__link wp-element-button\" href=\"https:\/\/www.greenpeace.org\/static\/planet4-romania-stateless\/2022\/07\/9acc7262-comunitatile-de-energie-un-ghid-practic-compressed.pdf\" target=\"_blank\" rel=\"noreferrer noopener\">Ghidul comunit\u0103\u021bilor de energie<\/a><\/div>\n<\/div>\n\n<p><\/p>\n\n<p><\/p>\n\n<figure class=\"wp-block-embed is-type-video is-provider-youtube wp-block-embed-youtube wp-embed-aspect-16-9 wp-has-aspect-ratio\"><div class=\"wp-block-embed__wrapper\">\n<iframe loading=\"lazy\" title=\"Comunit\u0103\u021bile de energie - o solu\u021bie pentru combaterea s\u0103r\u0103ciei energetice\" width=\"500\" height=\"281\" src=\"https:\/\/www.youtube.com\/embed\/a8-gwO52Yws?feature=oembed\" frameborder=\"0\" allow=\"accelerometer; autoplay; clipboard-write; encrypted-media; gyroscope; picture-in-picture; web-share\" referrerpolicy=\"strict-origin-when-cross-origin\" allowfullscreen><\/iframe>\n<\/div><\/figure>\n","protected":false},"excerpt":{"rendered":"<p>Urm\u0103torii zece ani sunt foarte importan\u021bi pentru combaterea schimb\u0103rilor climatice.\u00a0 Una dintre solu\u021biile la care putem apela sunt comunit\u0103\u021bile de energie. Dac\u0103 schimb\u0103m modul \u00een care producem \u0219i consum\u0103m energie, putem face fa\u021b\u0103 mai bine provoc\u0103rilor climatice \u0219i sociale. Dar ce este o comunitate de energie? Este o form\u0103 de organizare autonom\u0103 \u0219i controlat\u0103 de [&hellip;]<\/p>\n","protected":false},"author":57,"featured_media":8250,"parent":0,"menu_order":0,"comment_status":"closed","ping_status":"closed","template":"","meta":{"ep_exclude_from_search":false,"p4_hide_page_title_checkbox":"","p4_title":"","p4_subtitle":"","p4_description":"","background_image_id":"","background_image":"","p4_button_title":"","p4_button_link":"","p4_button_link_checkbox":"","p4_og_title":"","p4_og_description":"","p4_og_image":"","p4_og_image_id":"","p4_seo_canonical_url":"","p4_campaign_name":"not set","p4_local_project":"not set","p4_basket_name":"not set","p4_department":"","footnotes":""},"categories":[],"tags":[7,68],"class_list":["post-7811","page","type-page","status-publish","has-post-thumbnail","hentry","tag-energie-regenerabila","tag-energie"],"_links":{"self":[{"href":"https:\/\/www.greenpeace.org\/romania\/wp-json\/wp\/v2\/pages\/7811","targetHints":{"allow":["GET"]}}],"collection":[{"href":"https:\/\/www.greenpeace.org\/romania\/wp-json\/wp\/v2\/pages"}],"about":[{"href":"https:\/\/www.greenpeace.org\/romania\/wp-json\/wp\/v2\/types\/page"}],"author":[{"embeddable":true,"href":"https:\/\/www.greenpeace.org\/romania\/wp-json\/wp\/v2\/users\/57"}],"replies":[{"embeddable":true,"href":"https:\/\/www.greenpeace.org\/romania\/wp-json\/wp\/v2\/comments?post=7811"}],"version-history":[{"count":15,"href":"https:\/\/www.greenpeace.org\/romania\/wp-json\/wp\/v2\/pages\/7811\/revisions"}],"predecessor-version":[{"id":9613,"href":"https:\/\/www.greenpeace.org\/romania\/wp-json\/wp\/v2\/pages\/7811\/revisions\/9613"}],"wp:featuredmedia":[{"embeddable":true,"href":"https:\/\/www.greenpeace.org\/romania\/wp-json\/wp\/v2\/media\/8250"}],"wp:attachment":[{"href":"https:\/\/www.greenpeace.org\/romania\/wp-json\/wp\/v2\/media?parent=7811"}],"wp:term":[{"taxonomy":"category","embeddable":true,"href":"https:\/\/www.greenpeace.org\/romania\/wp-json\/wp\/v2\/categories?post=7811"},{"taxonomy":"post_tag","embeddable":true,"href":"https:\/\/www.greenpeace.org\/romania\/wp-json\/wp\/v2\/tags?post=7811"}],"curies":[{"name":"wp","href":"https:\/\/api.w.org\/{rel}","templated":true}]}}