{"id":8208,"date":"2023-01-19T13:02:41","date_gmt":"2023-01-19T10:02:41","guid":{"rendered":"https:\/\/www.greenpeace.org\/romania\/?page_id=8208"},"modified":"2024-03-26T14:46:34","modified_gmt":"2024-03-26T11:46:34","slug":"gaz-fosil","status":"publish","type":"page","link":"https:\/\/www.greenpeace.org\/romania\/campanii\/clima-si-energie\/gaz-fosil\/","title":{"rendered":"#Gaz Fosil"},"content":{"rendered":"\n                    <div class=\"wp-block-group is-vertical is-layout-flex wp-container-core-group-is-layout-8cf370e7 wp-block-group-is-layout-flex\">\n                    \n                                <p>Una dintre condi\u021biile cruciale pentru a r\u0103m\u00e2ne \u00een conformitate cu obiectivul climatic de 1,5 grade este eliminarea treptat\u0103 a combustibililor fosili. <\/p>\n                            \n\n                    \n                    <\/div>\n                    \n<p>Conform scenariului compatibil cu Acordul de la Paris (Scenariul PAC), c\u0103rbunele trebuie eliminat treptat p\u00e2n\u0103 \u00een 2030 \u00een UE \u0219i \u021b\u0103rile OCDE, iar gazele fosile p\u00e2n\u0103 \u00een 2035. Acest lucru este, de asemenea, \u00een concordan\u021b\u0103 cu Agen\u021bia Interna\u021bional\u0103 pentru Energie, \u00een mod tradi\u021bional conservatoare, care \u0219i-a prezentat recent foaia de parcurs pentru sectorul energetic global, conform c\u0103reia: exploatarea \u0219i dezvoltarea de noi z\u0103c\u0103minte de petrol \u0219i gaze trebuie s\u0103 se opreasc\u0103 acum dac\u0103 lumea vrea s\u0103 r\u0103m\u00e2n\u0103 \u00een limitele sigure ale \u00eenc\u0103lzirii globale \u0219i s\u0103 ating\u0103 obiectivul de zero emisii nete p\u00e2n\u0103 \u00een 2050.<br>Cu toate acestea, \u00een timp ce statele membre UE, au anun\u021bat planuri pentru a elimina treptat c\u0103rbunele din mixul energetic, gazul a devenit pentru prima dat\u0103 \u00een 2020 cel mai mare emi\u021b\u0103tor de emisii anuale de CO2 din sectorul energetic, dep\u0103\u0219ind astfel centralele pe c\u0103rbune.<\/p>\n\n<p>Este important s\u0103 recunoa\u0219tem c\u0103 gazul fosil este urm\u0103torul r\u0103uf\u0103c\u0103tor al climei.<br>Noi proiecte de extindere a infrastructurii pe gaze fosile, de la conducte de transport \u0219i distribu\u021bie, la terminale de gaz lichefiat p\u00e2n\u0103 la centrale electrice pe gaz apar \u00een toat\u0103 Europa, inclusiv \u00een Rom\u00e2nia, reprezent\u00e2nd o amenin\u021bare sever\u0103 de a ramane blocati \u00een era gazelor fosile \u0219i pun\u00e2nd \u00een pericol ambi\u021bia UE \u00een materie de clim\u0103.<br>\u00cen plus, dependen\u021ba noastr\u0103 de gaze fosile contribuie major la cre\u0219terea emisiilor globale de metan. Aceste emisii fugitive apar \u00een locurile de produc\u021bie \u0219i de-a lungul lan\u021bului de aprovizionare: produc\u021bie, extrac\u021bie, procesare, lichefiere, transport, distribu\u021bie, depozitare \u0219i utilizare. Noi investi\u021bii \u00een oricare dintre aceste etape \u2013 de la extrac\u021bie, la conducte \u0219i \u00een final la arderea gazului \u2013 ne \u00eendep\u0103rteaz\u0103 \u0219i mai mult de atingerea neutralit\u0103\u021bii climatice.<\/p>\n","protected":false},"excerpt":{"rendered":"<p>Una dintre condi\u021biile cruciale pentru a r\u0103m\u00e2ne \u00een conformitate cu obiectivul climatic de 1,5 grade este eliminarea treptat\u0103 a combustibililor fosili. Conform scenariului compatibil cu Acordul de la Paris (Scenariul PAC), c\u0103rbunele trebuie eliminat treptat p\u00e2n\u0103 \u00een 2030 \u00een UE \u0219i \u021b\u0103rile OCDE, iar gazele fosile p\u00e2n\u0103 \u00een 2035. Acest lucru este, de asemenea, \u00een [&hellip;]<\/p>\n","protected":false},"author":34,"featured_media":8243,"parent":60,"menu_order":0,"comment_status":"closed","ping_status":"closed","template":"","meta":{"ep_exclude_from_search":false,"p4_hide_page_title_checkbox":"","p4_title":"","p4_subtitle":"","p4_description":"","background_image_id":"","background_image":"","p4_button_title":"","p4_button_link":"","p4_button_link_checkbox":"","p4_og_title":"","p4_og_description":"","p4_og_image":"","p4_og_image_id":"","p4_seo_canonical_url":"","p4_campaign_name":"not set","p4_local_project":"not set","p4_basket_name":"Climate & Energy","p4_department":"","footnotes":""},"categories":[2],"tags":[102],"class_list":["post-8208","page","type-page","status-publish","has-post-thumbnail","hentry","category-clima-si-energie","tag-gaz-fosil-2"],"_links":{"self":[{"href":"https:\/\/www.greenpeace.org\/romania\/wp-json\/wp\/v2\/pages\/8208","targetHints":{"allow":["GET"]}}],"collection":[{"href":"https:\/\/www.greenpeace.org\/romania\/wp-json\/wp\/v2\/pages"}],"about":[{"href":"https:\/\/www.greenpeace.org\/romania\/wp-json\/wp\/v2\/types\/page"}],"author":[{"embeddable":true,"href":"https:\/\/www.greenpeace.org\/romania\/wp-json\/wp\/v2\/users\/34"}],"replies":[{"embeddable":true,"href":"https:\/\/www.greenpeace.org\/romania\/wp-json\/wp\/v2\/comments?post=8208"}],"version-history":[{"count":4,"href":"https:\/\/www.greenpeace.org\/romania\/wp-json\/wp\/v2\/pages\/8208\/revisions"}],"predecessor-version":[{"id":9611,"href":"https:\/\/www.greenpeace.org\/romania\/wp-json\/wp\/v2\/pages\/8208\/revisions\/9611"}],"up":[{"embeddable":true,"href":"https:\/\/www.greenpeace.org\/romania\/wp-json\/wp\/v2\/pages\/60"}],"wp:featuredmedia":[{"embeddable":true,"href":"https:\/\/www.greenpeace.org\/romania\/wp-json\/wp\/v2\/media\/8243"}],"wp:attachment":[{"href":"https:\/\/www.greenpeace.org\/romania\/wp-json\/wp\/v2\/media?parent=8208"}],"wp:term":[{"taxonomy":"category","embeddable":true,"href":"https:\/\/www.greenpeace.org\/romania\/wp-json\/wp\/v2\/categories?post=8208"},{"taxonomy":"post_tag","embeddable":true,"href":"https:\/\/www.greenpeace.org\/romania\/wp-json\/wp\/v2\/tags?post=8208"}],"curies":[{"name":"wp","href":"https:\/\/api.w.org\/{rel}","templated":true}]}}