{"id":8978,"date":"2023-10-27T16:19:02","date_gmt":"2023-10-27T13:19:02","guid":{"rendered":"https:\/\/www.greenpeace.org\/romania\/?page_id=8978"},"modified":"2025-07-02T10:35:23","modified_gmt":"2025-07-02T07:35:23","slug":"intrebari-frecvente","status":"publish","type":"page","link":"https:\/\/www.greenpeace.org\/romania\/intrebari-frecvente\/","title":{"rendered":"\u00centreb\u0103ri frecvente"},"content":{"rendered":"\n                    <div class=\"wp-block-group is-vertical is-layout-flex wp-container-core-group-is-layout-8cf370e7 wp-block-group-is-layout-flex\">\n                    \n\n                    \n                    <\/div>\n                    \n\n<div class=\"wp-block-columns block has-white-color has-dark-green-800-background-color has-text-color has-background is-layout-flex wp-container-core-columns-is-layout-9d6595d7 wp-block-columns-is-layout-flex\">\n<div class=\"wp-block-column is-layout-flow wp-block-column-is-layout-flow\">\n<figure class=\"wp-block-image aligncenter size-full is-resized force-no-lightbox force-no-caption\"><img loading=\"lazy\" decoding=\"async\" src=\"https:\/\/www.greenpeace.org\/static\/planet4-romania-stateless\/2023\/10\/f11604f7-untitled-design-12.png\" alt=\"\" class=\"wp-image-9089\" width=\"58\" height=\"58\" srcset=\"https:\/\/www.greenpeace.org\/static\/planet4-romania-stateless\/2023\/10\/f11604f7-untitled-design-12.png 250w, https:\/\/www.greenpeace.org\/static\/planet4-romania-stateless\/2023\/10\/f11604f7-untitled-design-12-150x150.png 150w\" sizes=\"auto, (max-width: 58px) 100vw, 58px\" \/><\/figure>\n\n\n\n<h3 class=\"wp-block-heading has-text-align-center\"><\/h3>\n\n\n\n<div style=\"height:16px\" aria-hidden=\"true\" class=\"wp-block-spacer\"><\/div>\n\n\n\n<div class=\"wp-block-buttons is-content-justification-center is-layout-flex wp-container-core-buttons-is-layout-16018d1d wp-block-buttons-is-layout-flex\"><\/div>\n\n\n\n<div style=\"height:16px\" aria-hidden=\"true\" class=\"wp-block-spacer\"><\/div>\n<\/div>\n<\/div>\n\n\n<section class=\"block accordion-block wp-block-planet4-blocks-accordion\"><div class=\"accordion-content\"><div class=\"accordion-headline\" name=\"Ce form\u0103 juridic\u0103 poate avea \u00een acest moment o comunitate de energie \u00een Rom\u00e2nia?\">Ce form\u0103 juridic\u0103 poate avea \u00een acest moment o comunitate de energie \u00een Rom\u00e2nia?<\/div><div class=\"panel panel-hidden\"><p class=\"accordion-text\">\u00cen prezent exist\u0103 <strong>mai multe tipuri de forme juridice<\/strong> care permit constituirea \u0219i func\u021bionarea unei comunit\u0103\u021bi de energie, \u00een principal, ca <strong>societate<\/strong> sau <strong>ONG<\/strong>.<br><br>Exist\u0103 mai multe tipuri de forme juridice \u00een care se poate constitui \u0219i func\u0163iona o comunitate de energie, \u00een principal ca societate sau ONG, \u00eens\u0103 forma cea mai potrivit\u0103 se poate decide numai la momentul c\u00e2nd se reune\u0219te grupul de persoane a c\u0103ror voin\u0163\u0103 comun\u0103 este de a crea aceast\u0103 comunitate raportat la nevoile \u0219i planurile lor de viitor.<br><br>Cite\u0219te mai multe \u00een <a href=\"https:\/\/www.greenpeace.org\/static\/planet4-romania-stateless\/2023\/03\/9bfaa5ea-analiza-a-formelor-de-organizare.pdf\">analiza Greenpeace<\/a> despre forma juridic\u0103 pe care o poate lua o comunitate de energie \u00een Rom\u00e2nia.<br><\/p><\/div><\/div><\/section>\n\n<section class=\"block accordion-block wp-block-planet4-blocks-accordion\"><div class=\"accordion-content\"><div class=\"accordion-headline\" name=\"Din ce exemple de comunit\u0103\u021bi de energie ne putem inspira?\">Din ce exemple de comunit\u0103\u021bi de energie ne putem inspira?<\/div><div class=\"panel panel-hidden\"><p class=\"accordion-text\">\u00cen Uniunea European\u0103 exist\u0103 \u00een prezent aproape 10.000 de comunit\u0103\u021bi de energie. Tipul de energie regenerabil\u0103 \u0219i scopul unei comunit\u0103\u021bi de energie poate varia \u0219i nu este vorba doar de electricitate, ci \u0219i de r\u0103cire, \u00eenc\u0103lzire, eficien\u021b\u0103 energetic\u0103 sau transport.<br><br><a href=\"https:\/\/www.partago.be\/\">Partago<\/a> este o cooperativ\u0103 din Ghent, Belgia, ce folose\u0219te la comun vehicule electrice, pentru un ora\u0219 s\u0103n\u0103tos \u0219i sustenabil. Aceasta a fost fondat\u0103 \u00een 2015 de 5 vecini care \u00ee\u0219i doreau ca p\u0103 str\u0103zile lor s\u0103 nu mai circule ma\u0219ini poluante. Cu sprijinul a 740 de localnici \u0219i c\u00e2torva mici \u00eentreprinderi, comunitatea de energie opereaz\u0103 74 de vehicule electrice \u0219i 8 sta\u021bii de \u00eenc\u0103rcare.\u00a0<br><a href=\"https:\/\/www.ourpower.coop\/\">OurPower<\/a> a \u00eenceput de la 3 prieteni fascina\u021bi de poten\u021bialul energiei verzi. Ace\u0219tia au creat o platform\u0103 online prin care pun \u00een leg\u0103tur\u0103 persoanele interesate de electricitate verde local\u0103. Platforma pune \u00een leg\u0103tur\u0103 produc\u0103torii cu consumatorii de energie verde.<br><br><a href=\"https:\/\/www.repowering.org.uk\/?fbclid=IwAR0Xovw15ED6LaMGLrybc42EBCcrdRvyDH-OEiNyz69Zm6faEaHzIgwqoTo\">Repowering London<\/a> este o organiza\u021bie nonprofit fondat\u0103 \u00een 2013 de un grup de voluntari care \u0219i-au dorit s\u0103 creeze comunit\u0103\u021bi de energie \u00een locuin\u021be sociale, ace\u0219tia instaleaz\u0103 panouri fotovoltaice pe cl\u0103diri publice. Localnicii pot deveni membri contra unei lire sterline, cotiza\u021bia le ofer\u0103 drept de vot \u00een deciziile corpora\u021biei.<br><br>Multe alte exemple ale unor comunit\u0103\u021bi de energie pot fi reg\u0103site \u00een <a href=\"https:\/\/www.greenpeace.org\/static\/planet4-romania-stateless\/2022\/07\/9acc7262-comunitatile-de-energie-un-ghid-practic-compressed.pdf\">Ghidul comunit\u0103\u021bilor de energie<\/a>.<\/p><\/div><\/div><\/section>\n\n<section class=\"block accordion-block wp-block-planet4-blocks-accordion\"><div class=\"accordion-content\"><div class=\"accordion-headline\" name=\"Poate deveni o asocia\u021bie de bloc o comunitate de energie?\">Poate deveni o asocia\u021bie de bloc o comunitate de energie?<\/div><div class=\"panel panel-hidden\"><p class=\"accordion-text\">Asocia\u021bia de bloc poate deveni prosumatoare \u0219i \u00ee\u0219i poate instala panouri fotovoltaice pe bloc. P\u00e2n\u0103 la noi reglement\u0103ri pentru consumul individual, electricitatea produs\u0103 poate fi consumat\u0103 doar \u00een spa\u021biile comune, de exemplu, pe scara blocului \u0219i lift, restul merg\u00e2nd \u00een re\u021bea.<br><br>O astfel de ini\u021biativ\u0103 a fost \u00eentreprins\u0103 de comunitatea <a href=\"https:\/\/intrevecini.ro\/\">\u00centreVecini<\/a>, care \u00eentre anii 2022 \u0219i 2023, a instalat panouri fotovoltaice pe acoperi\u0219ul unui bloc din sectorul 6, Bucure\u0219ti. Proiectul de energie comunitar\u0103 a fost o component\u0103 ce a consolidat leg\u0103turile dintre locatari, ace\u0219tia particip\u00e2nd pe parcursul ultimului an la ateliere de civism, apicultur\u0103, compost, energie verde, cre\u0219terea calit\u0103\u021bii aerului. Cite\u0219te mai multe <a href=\"https:\/\/www.greenpeace.org\/romania\/articol\/8664\/o-comunitate-de-energie-la-bloc\/\">aici<\/a>.\u00a0<\/p><\/div><\/div><\/section>\n\n<section class=\"block accordion-block wp-block-planet4-blocks-accordion\"><div class=\"accordion-content\"><div class=\"accordion-headline\" name=\"Cum se pot implica autorit\u0103\u021bile locale?\">Cum se pot implica autorit\u0103\u021bile locale?<\/div><div class=\"panel panel-hidden\"><p class=\"accordion-text\">Autorit\u0103\u021bile locale \u0219i regionale pot adopta obiective concrete legate de produc\u021bia de energie regenerabil\u0103, cum ar fi setarea unei \u021binte specifice a capacit\u0103\u021bii de produc\u021bie de energie din surse regenerabile de\u021binute de comunitate.\u00a0<br><br>Autorit\u0103\u021bile pot fi sus\u021bin\u0103tori, dar \u0219i parteneri ai unei comunit\u0103\u021bi de energie local\u0103. Acestea pot atrage <strong>finan\u021bare<\/strong>, pune la dispozi\u021bia comunit\u0103\u021bilor de energie acoperi\u0219uri ale cl\u0103dirilor publice, crea scheme de sprijin (finan\u021bare\/scutiri de taxe), terenuri, ori spa\u021bii pentru \u00eent\u00e2lnirea sau derularea proiectelor de energie comunitar\u0103.<\/p><\/div><\/div><\/section>\n\n<section class=\"block accordion-block wp-block-planet4-blocks-accordion\"><div class=\"accordion-content\"><div class=\"accordion-headline\" name=\"Ce tip de energie regenerabil\u0103 poate folosi o comunitate de energie?\">Ce tip de energie regenerabil\u0103 poate folosi o comunitate de energie?<\/div><div class=\"panel panel-hidden\"><p class=\"accordion-text\">\u00cen func\u021bie de poten\u021bialul zonei \u0219i de reglementarea legal\u0103 a comunit\u0103\u021bii tale, pute\u021bi alege dintre energia solar\u0103 fotovoltaic\u0103, eolian\u0103, hidroenergie, energie geotermal\u0103 sau o combina\u021bie a acestor tehnologii. Pute\u021bi \u00eencepe cu un tip de energie regenerabil\u0103, pentru ca apoi s\u0103 ad\u0103uga\u021bi alte tehnologii pe m\u0103sur\u0103 ce v\u0103 dezvolta\u021bi.<\/p><\/div><\/div><\/section>\n\n<section class=\"block accordion-block wp-block-planet4-blocks-accordion\"><div class=\"accordion-content\"><div class=\"accordion-headline\" name=\"Cum alegem activitatea unei comunit\u0103\u021bi de energie?\">Cum alegem activitatea unei comunit\u0103\u021bi de energie?<\/div><div class=\"panel panel-hidden\"><p class=\"accordion-text\">Discu\u021biile \u00een interiorul comunit\u0103\u021bii sunt esen\u021biale pentru a vedea care este gradul de implicare al fiec\u0103rui membru \u0219i a agrea un scop comun. Totodat\u0103 este necesar\u0103 o cartografiere a resursele naturale locale disponibile: unde bate v\u00e2ntul \u00een regiunea voastr\u0103? Unde ar fi mai bine s\u0103 amplasa\u021bi turbine eoliene sau panouri fotovoltaice? Ce acoperi\u0219uri sunt orientate spre sud sau vest \u0219i sunt expuse la mult soare?\u00a0<br><br>\u021aine\u021bi cont de faptul c\u0103 loca\u021biile pe care le alege\u021bi vor avea un impact asupra sumei de bani pe care o c\u00e2\u0219tig\u0103 proiectul vostru. Va trebui s\u0103 v\u0103 asigura\u021bi c\u0103 va fi necesar s\u0103 c\u00e2\u0219tiga\u021bi suficien\u021bi bani pentru a rambursa orice tip de \u00eemprumut pe care l-a\u021bi luat \u0219i s\u0103 corespund\u0103 cu planul vostru de afaceri.\u00a0<br><\/p><\/div><\/div><\/section>\n\n<section class=\"block accordion-block wp-block-planet4-blocks-accordion\"><div class=\"accordion-content\"><div class=\"accordion-headline\" name=\"Dac\u0103 comunitatea noastr\u0103 va produce energie cum o putem valorifica?\">Dac\u0103 comunitatea noastr\u0103 va produce energie cum o putem valorifica?<\/div><div class=\"panel panel-hidden\"><p class=\"accordion-text\">De\u0219i exist\u0103 legisla\u021bie primar\u0103 \u00een acest sens, ANRE trebuie s\u0103 aduc\u0103 clarific\u0103ri asupra cadrului de reglementare ( de exemplu, cum pot s\u0103 beneficieze membrii unei comunit\u0103\u021bi de energia produs\u0103 de comunitate).\u00a0\u00a0\u00a0<br>\u00a0<\/p><\/div><\/div><\/section>\n\n<section class=\"block accordion-block wp-block-planet4-blocks-accordion\"><div class=\"accordion-content\"><div class=\"accordion-headline\" name=\"Cum poate fi finan\u021bat\u0103 o comunitate de energie?\">Cum poate fi finan\u021bat\u0103 o comunitate de energie?<\/div><div class=\"panel panel-hidden\"><p class=\"accordion-text\">\u00cen Uniunea European\u0103, comunit\u0103\u021bile de energie pot fi finan\u021bate \u00een multe moduri diferite, prin finan\u021bare privat\u0103 \u0219i public\u0103.<br><br>Finan\u021bare privat\u0103<br><br>\u00cen general, o mare parte din finan\u021barea comunit\u0103\u021bilor energetice provine din investi\u021biile individuale ale membrilor acestora. Pentru a str\u00e2nge capitalul necesar, comunit\u0103\u021bile de energie se bazeaz\u0103 pe investi\u021bii directe din partea persoanelor fizice sau institu\u021biilor \u00een schimbul unui anumit num\u0103r de ac\u021biuni. O alt\u0103 variant\u0103 poate fi finan\u021barea proiectului prin \u00eemprumuturi. Prima op\u021biune \u2013 capitalul propriu \u2013 poate afecta autonomia comunit\u0103\u021bii de energie, \u00een timp ce \u00eemprumuturile pot pune \u00een pericol activele, \u00een cazul \u00een care nu se reu\u0219e\u0219te rambursarea datoriei.<br><br>Finan\u021bare public\u0103<br><br>Finan\u021barea public\u0103 const\u0103 \u00een granturi, \u00eemprumuturi sau o combina\u021bie a celor dou\u0103. La nivelul UE sunt disponibile mai multe forme de finan\u021bare.<\/p><\/div><\/div><\/section>\n","protected":false},"excerpt":{"rendered":"","protected":false},"author":57,"featured_media":0,"parent":0,"menu_order":0,"comment_status":"closed","ping_status":"closed","template":"","meta":{"ep_exclude_from_search":false,"p4_hide_page_title_checkbox":"","p4_title":"","p4_subtitle":"","p4_description":"","background_image_id":"","background_image":"","p4_button_title":"","p4_button_link":"","p4_button_link_checkbox":"","p4_og_title":"","p4_og_description":"","p4_og_image":"","p4_og_image_id":"","p4_seo_canonical_url":"","p4_campaign_name":"","p4_local_project":"","p4_basket_name":"","p4_department":"","footnotes":""},"categories":[],"tags":[],"class_list":["post-8978","page","type-page","status-publish","hentry"],"_links":{"self":[{"href":"https:\/\/www.greenpeace.org\/romania\/wp-json\/wp\/v2\/pages\/8978","targetHints":{"allow":["GET"]}}],"collection":[{"href":"https:\/\/www.greenpeace.org\/romania\/wp-json\/wp\/v2\/pages"}],"about":[{"href":"https:\/\/www.greenpeace.org\/romania\/wp-json\/wp\/v2\/types\/page"}],"author":[{"embeddable":true,"href":"https:\/\/www.greenpeace.org\/romania\/wp-json\/wp\/v2\/users\/57"}],"replies":[{"embeddable":true,"href":"https:\/\/www.greenpeace.org\/romania\/wp-json\/wp\/v2\/comments?post=8978"}],"version-history":[{"count":20,"href":"https:\/\/www.greenpeace.org\/romania\/wp-json\/wp\/v2\/pages\/8978\/revisions"}],"predecessor-version":[{"id":11204,"href":"https:\/\/www.greenpeace.org\/romania\/wp-json\/wp\/v2\/pages\/8978\/revisions\/11204"}],"wp:attachment":[{"href":"https:\/\/www.greenpeace.org\/romania\/wp-json\/wp\/v2\/media?parent=8978"}],"wp:term":[{"taxonomy":"category","embeddable":true,"href":"https:\/\/www.greenpeace.org\/romania\/wp-json\/wp\/v2\/categories?post=8978"},{"taxonomy":"post_tag","embeddable":true,"href":"https:\/\/www.greenpeace.org\/romania\/wp-json\/wp\/v2\/tags?post=8978"}],"curies":[{"name":"wp","href":"https:\/\/api.w.org\/{rel}","templated":true}]}}