{"id":8993,"date":"2023-11-13T16:41:01","date_gmt":"2023-11-13T13:41:01","guid":{"rendered":"https:\/\/www.greenpeace.org\/romania\/?page_id=8993"},"modified":"2025-09-23T12:59:47","modified_gmt":"2025-09-23T09:59:47","slug":"resurse","status":"publish","type":"page","link":"https:\/\/www.greenpeace.org\/romania\/resurse\/","title":{"rendered":"Resurse"},"content":{"rendered":"\n                    <div class=\"wp-block-group is-vertical is-layout-flex wp-container-core-group-is-layout-8cf370e7 wp-block-group-is-layout-flex\">\n                    \n\n                    \n                    <\/div>\n                    \n\n<div class=\"wp-block-group block is-layout-flow wp-block-group-is-layout-flow\">\n\n<div class=\"wp-block-columns are-vertically-aligned-center is-layout-flex wp-container-core-columns-is-layout-9d6595d7 wp-block-columns-is-layout-flex\">\n<div class=\"wp-block-column is-vertically-aligned-center is-layout-flow wp-block-column-is-layout-flow\" style=\"flex-basis:100%\">\n<div class=\"wp-block-group alignfull block has-beige-100-background-color has-background is-layout-flow wp-block-group-is-layout-flow\">\n<div class=\"wp-block-group container is-layout-flow wp-block-group-is-layout-flow\">\n<div style=\"height:24px\" aria-hidden=\"true\" class=\"wp-block-spacer\"><\/div>\n\n\n\n<h4 class=\"wp-block-heading\">Greenpeace<\/h4>\n\n\n\n<h4 class=\"wp-block-heading\"><\/h4>\n\n\n\n<div class=\"wp-block-group is-style-space-evenly is-vertical is-layout-flex wp-container-core-group-is-layout-8cf370e7 wp-block-group-is-layout-flex\">\n<div class=\"wp-block-columns are-vertically-aligned-top is-style-default is-layout-flex wp-container-core-columns-is-layout-9d6595d7 wp-block-columns-is-layout-flex\">\n<div class=\"wp-block-column is-vertically-aligned-top is-layout-flow wp-block-column-is-layout-flow\">\n<div class=\"wp-block-group group-stretched-link is-layout-flow wp-block-group-is-layout-flow\">\n<figure class=\"wp-block-image aligncenter size-full is-resized is-style-rounded-90 force-no-lightbox force-no-caption mb-0\"><a href=\"https:\/\/www.greenpeace.org\/static\/planet4-romania-stateless\/2022\/07\/9acc7262-comunitatile-de-energie-un-ghid-practic-compressed.pdf\"><img loading=\"lazy\" decoding=\"async\" width=\"750\" height=\"506\" src=\"https:\/\/www.greenpeace.org\/static\/planet4-romania-stateless\/2023\/10\/f80ea4d1-img_9457.jpg\" alt=\"\" class=\"wp-image-8994\" style=\"\" srcset=\"https:\/\/www.greenpeace.org\/static\/planet4-romania-stateless\/2023\/10\/f80ea4d1-img_9457.jpg 750w, https:\/\/www.greenpeace.org\/static\/planet4-romania-stateless\/2023\/10\/f80ea4d1-img_9457-300x202.jpg 300w, https:\/\/www.greenpeace.org\/static\/planet4-romania-stateless\/2023\/10\/f80ea4d1-img_9457-504x340.jpg 504w\" sizes=\"auto, (max-width: 750px) 100vw, 750px\" \/><\/a><\/figure>\n\n\n\n<div style=\"height:16px\" aria-hidden=\"true\" class=\"wp-block-spacer\"><\/div>\n\n\n\n<h5 class=\"wp-block-heading has-text-align-center\" style=\"font-size:1rem\"><a href=\"https:\/\/www.greenpeace.org\/static\/planet4-romania-stateless\/2022\/07\/9acc7262-comunitatile-de-energie-un-ghid-practic-compressed.pdf\">Ghidul comunit\u0103\u021bilor de energie<\/a><\/h5>\n<\/div>\n<\/div>\n\n\n\n<div class=\"wp-block-column is-vertically-aligned-top is-layout-flow wp-block-column-is-layout-flow\">\n<div class=\"wp-block-group group-stretched-link is-layout-flow wp-block-group-is-layout-flow\">\n<figure class=\"wp-block-image aligncenter size-full is-resized is-style-rounded-90 force-no-lightbox force-no-caption mb-0\"><a href=\"https:\/\/www.greenpeace.org\/static\/planet4-romania-stateless\/2023\/03\/9bfaa5ea-analiza-a-formelor-de-organizare.pdf\"><img loading=\"lazy\" decoding=\"async\" width=\"715\" height=\"681\" src=\"https:\/\/www.greenpeace.org\/static\/planet4-romania-stateless\/2023\/10\/a8daf009-img_9458.jpg\" alt=\"\" class=\"wp-image-8996\" style=\"\" srcset=\"https:\/\/www.greenpeace.org\/static\/planet4-romania-stateless\/2023\/10\/a8daf009-img_9458.jpg 715w, https:\/\/www.greenpeace.org\/static\/planet4-romania-stateless\/2023\/10\/a8daf009-img_9458-300x286.jpg 300w, https:\/\/www.greenpeace.org\/static\/planet4-romania-stateless\/2023\/10\/a8daf009-img_9458-357x340.jpg 357w\" sizes=\"auto, (max-width: 715px) 100vw, 715px\" \/><\/a><\/figure>\n\n\n\n<div style=\"height:16px\" aria-hidden=\"true\" class=\"wp-block-spacer\"><\/div>\n\n\n\n<h5 class=\"wp-block-heading has-text-align-center\" style=\"font-size:1rem\"><a href=\"https:\/\/www.greenpeace.org\/static\/planet4-romania-stateless\/2023\/03\/9bfaa5ea-analiza-a-formelor-de-organizare.pdf\">Analiza formelor juridice<\/a><\/h5>\n<\/div>\n\n\n\n<div class=\"wp-block-columns is-style-mobile-carousel is-layout-flex wp-container-core-columns-is-layout-9d6595d7 wp-block-columns-is-layout-flex\">\n<div class=\"wp-block-column is-layout-flow wp-block-column-is-layout-flow\" style=\"flex-basis:100%\">\n<div class=\"wp-block-columns is-layout-flex wp-container-core-columns-is-layout-9d6595d7 wp-block-columns-is-layout-flex\">\n<div class=\"wp-block-column is-vertically-aligned-center is-layout-flow wp-block-column-is-layout-flow\" style=\"flex-basis:100%\">\n<div class=\"wp-block-group alignfull group-stretched-link is-vertical is-content-justification-center is-layout-flex wp-container-core-group-is-layout-4b2eccd6 wp-block-group-is-layout-flex\">\n<figure class=\"wp-block-image aligncenter size-full is-resized is-style-rounded-90 force-no-lightbox force-no-caption mb-0\"><img loading=\"lazy\" decoding=\"async\" width=\"1654\" height=\"1654\" src=\"https:\/\/www.greenpeace.org\/static\/planet4-romania-stateless\/2024\/02\/33f8dd5e-icon-memorandum.jpg\" alt=\"\" class=\"wp-image-9442\" style=\"\" srcset=\"https:\/\/www.greenpeace.org\/static\/planet4-romania-stateless\/2024\/02\/33f8dd5e-icon-memorandum.jpg 1654w, https:\/\/www.greenpeace.org\/static\/planet4-romania-stateless\/2024\/02\/33f8dd5e-icon-memorandum-300x300.jpg 300w, https:\/\/www.greenpeace.org\/static\/planet4-romania-stateless\/2024\/02\/33f8dd5e-icon-memorandum-1024x1024.jpg 1024w, https:\/\/www.greenpeace.org\/static\/planet4-romania-stateless\/2024\/02\/33f8dd5e-icon-memorandum-150x150.jpg 150w, https:\/\/www.greenpeace.org\/static\/planet4-romania-stateless\/2024\/02\/33f8dd5e-icon-memorandum-768x768.jpg 768w, https:\/\/www.greenpeace.org\/static\/planet4-romania-stateless\/2024\/02\/33f8dd5e-icon-memorandum-1536x1536.jpg 1536w, https:\/\/www.greenpeace.org\/static\/planet4-romania-stateless\/2024\/02\/33f8dd5e-icon-memorandum-1366x1366.jpg 1366w, https:\/\/www.greenpeace.org\/static\/planet4-romania-stateless\/2024\/02\/33f8dd5e-icon-memorandum-340x340.jpg 340w\" sizes=\"auto, (max-width: 1654px) 100vw, 1654px\" \/><\/figure>\n\n\n\n<div style=\"height:0px\" aria-hidden=\"true\" class=\"wp-block-spacer wp-container-content-f9bd05ee\"><\/div>\n\n\n\n<h5 class=\"wp-block-heading has-text-align-center\" style=\"font-size:1rem\">Memorandum<\/h5>\n<\/div>\n<\/div>\n<\/div>\n<\/div>\n<\/div>\n<\/div>\n<\/div>\n<\/div>\n<\/div>\n<\/div>\n<\/div>\n<\/div>\n\n\n\n<div class=\"wp-block-group alignfull block has-beige-100-background-color has-background is-layout-flow wp-block-group-is-layout-flow\">\n<div class=\"wp-block-group container is-layout-flow wp-block-group-is-layout-flow\">\n<div style=\"height:24px\" aria-hidden=\"true\" class=\"wp-block-spacer\"><\/div>\n\n\n\n<h4 class=\"wp-block-heading\">REScoop<\/h4>\n\n\n\n<h4 class=\"wp-block-heading\">Federa\u021bia European\u0103 a Cooperativelor de Energie Regenerabil\u0103<\/h4>\n\n\n\n<h4 class=\"wp-block-heading\"><\/h4>\n\n\n\n<div class=\"wp-block-columns is-style-mobile-carousel is-layout-flex wp-container-core-columns-is-layout-9d6595d7 wp-block-columns-is-layout-flex\">\n<div class=\"wp-block-column is-layout-flow wp-block-column-is-layout-flow\">\n<div class=\"wp-block-group group-stretched-link is-layout-flow wp-block-group-is-layout-flow\">\n<figure class=\"wp-block-image aligncenter size-full is-resized is-style-rounded-90 force-no-lightbox force-no-caption mb-0\"><a href=\"https:\/\/www.greenpeace.org\/romania\/transpunerea-directivelor-europene-de-catre-statele-membre\/\"><img loading=\"lazy\" decoding=\"async\" width=\"410\" height=\"372\" src=\"https:\/\/www.greenpeace.org\/static\/planet4-romania-stateless\/2023\/10\/85e132f2-img_9459-1.jpg\" alt=\"\" class=\"wp-image-8998\" style=\"\" srcset=\"https:\/\/www.greenpeace.org\/static\/planet4-romania-stateless\/2023\/10\/85e132f2-img_9459-1.jpg 410w, https:\/\/www.greenpeace.org\/static\/planet4-romania-stateless\/2023\/10\/85e132f2-img_9459-1-300x272.jpg 300w, https:\/\/www.greenpeace.org\/static\/planet4-romania-stateless\/2023\/10\/85e132f2-img_9459-1-375x340.jpg 375w\" sizes=\"auto, (max-width: 410px) 100vw, 410px\" \/><\/a><\/figure>\n\n\n\n<div style=\"height:16px\" aria-hidden=\"true\" class=\"wp-block-spacer\"><\/div>\n\n\n\n<h5 class=\"wp-block-heading has-text-align-center\" style=\"font-size:1rem\"><a href=\"https:\/\/www.greenpeace.org\/romania\/transpunerea-directivelor-europene-de-catre-statele-membre\/\">Transpunerea directivelor europene<\/a><\/h5>\n<\/div>\n<\/div>\n\n\n\n<div class=\"wp-block-column is-layout-flow wp-block-column-is-layout-flow\">\n<div class=\"wp-block-group group-stretched-link is-layout-flow wp-block-group-is-layout-flow\">\n<figure class=\"wp-block-image aligncenter size-large is-resized is-style-rounded-90 force-no-lightbox force-no-caption mb-0\"><a href=\"https:\/\/www.greenpeace.org\/romania\/finantarea-comunitatilor-de-energie\/\"><img loading=\"lazy\" decoding=\"async\" width=\"1024\" height=\"1024\" src=\"https:\/\/www.greenpeace.org\/static\/planet4-romania-stateless\/2022\/11\/5160aa21-untitled-design-3-1024x1024.png\" alt=\"\" class=\"wp-image-7910\" style=\"\" srcset=\"https:\/\/www.greenpeace.org\/static\/planet4-romania-stateless\/2022\/11\/5160aa21-untitled-design-3-1024x1024.png 1024w, https:\/\/www.greenpeace.org\/static\/planet4-romania-stateless\/2022\/11\/5160aa21-untitled-design-3-300x300.png 300w, https:\/\/www.greenpeace.org\/static\/planet4-romania-stateless\/2022\/11\/5160aa21-untitled-design-3-150x150.png 150w, https:\/\/www.greenpeace.org\/static\/planet4-romania-stateless\/2022\/11\/5160aa21-untitled-design-3-768x768.png 768w, https:\/\/www.greenpeace.org\/static\/planet4-romania-stateless\/2022\/11\/5160aa21-untitled-design-3-1536x1536.png 1536w, https:\/\/www.greenpeace.org\/static\/planet4-romania-stateless\/2022\/11\/5160aa21-untitled-design-3-2048x2048.png 2048w, https:\/\/www.greenpeace.org\/static\/planet4-romania-stateless\/2022\/11\/5160aa21-untitled-design-3-1366x1366.png 1366w, https:\/\/www.greenpeace.org\/static\/planet4-romania-stateless\/2022\/11\/5160aa21-untitled-design-3-340x340.png 340w\" sizes=\"auto, (max-width: 1024px) 100vw, 1024px\" \/><\/a><\/figure>\n\n\n\n<div style=\"height:16px\" aria-hidden=\"true\" class=\"wp-block-spacer\"><\/div>\n\n\n\n<h5 class=\"wp-block-heading has-text-align-center\" style=\"font-size:1rem\"><a href=\"https:\/\/www.greenpeace.org\/romania\/finantarea-comunitatilor-de-energie\/\">Fonduri disponibile<\/a><\/h5>\n<\/div>\n<\/div>\n\n\n\n<div class=\"wp-block-column is-layout-flow wp-block-column-is-layout-flow\">\n<div class=\"wp-block-group group-stretched-link is-layout-flow wp-block-group-is-layout-flow\">\n<figure class=\"wp-block-image aligncenter size-large is-resized is-style-rounded-90 force-no-lightbox force-no-caption mb-0\"><a href=\"https:\/\/www.greenpeace.org\/romania\/evaluarea-barierelor-si-potentialului-comunitatilor-de-energie\/\"><img loading=\"lazy\" decoding=\"async\" width=\"1024\" height=\"576\" src=\"https:\/\/www.greenpeace.org\/static\/planet4-romania-stateless\/2023\/03\/fd56b591-untitled-design-1024x576.png\" alt=\"\" class=\"wp-image-8475\" style=\"\" srcset=\"https:\/\/www.greenpeace.org\/static\/planet4-romania-stateless\/2023\/03\/fd56b591-untitled-design-1024x576.png 1024w, https:\/\/www.greenpeace.org\/static\/planet4-romania-stateless\/2023\/03\/fd56b591-untitled-design-300x169.png 300w, https:\/\/www.greenpeace.org\/static\/planet4-romania-stateless\/2023\/03\/fd56b591-untitled-design-768x432.png 768w, https:\/\/www.greenpeace.org\/static\/planet4-romania-stateless\/2023\/03\/fd56b591-untitled-design-1536x864.png 1536w, https:\/\/www.greenpeace.org\/static\/planet4-romania-stateless\/2023\/03\/fd56b591-untitled-design-2048x1152.png 2048w, https:\/\/www.greenpeace.org\/static\/planet4-romania-stateless\/2023\/03\/fd56b591-untitled-design-510x287.png 510w\" sizes=\"auto, (max-width: 1024px) 100vw, 1024px\" \/><\/a><\/figure>\n\n\n\n<div style=\"height:16px\" aria-hidden=\"true\" class=\"wp-block-spacer\"><\/div>\n\n\n\n<h5 class=\"wp-block-heading has-text-align-center\" style=\"font-size:1rem\"><a href=\"https:\/\/www.greenpeace.org\/romania\/iii-evaluarea-barierelor-si-potentialului-comunitatilor-de-energie\/\">Evaluarea barierelor legislative<\/a><\/h5>\n<\/div>\n<\/div>\n<\/div>\n<\/div>\n<\/div>\n\n\n\n\n    <div class=\"wp-block-query posts-list p4-query-loop is-custom-layout-list is-layout-flow wp-block-query-is-layout-flow\">\n        <div class=\"wp-block-group is-content-justification-space-between is-layout-flex wp-container-core-group-is-layout-3d213aab wp-block-group-is-layout-flex\"><h2 class=\"wp-block-heading\">Articole recente<\/h2>\n        <li class=\" wp-block-navigation-item see-all-link wp-block-navigation-link\"><a class=\"wp-block-navigation-item__content\"  href=\"http:\/\/www.greenpeace.org\/romania\/news-stories\/\"><span class=\"wp-block-navigation-item__label\">See all stories<\/span><\/a><\/li>\n        \n        <\/div>\n        \n\n    <p style=\"margin-top: 24px; margin-bottom: 36px;\"><\/p>\n\n    \n\n    <ul class=\"wp-block-post-template is-layout-flow wp-block-post-template-is-layout-flow\"><li class=\"wp-block-post post-79073 post type-post status-publish format-standard has-post-thumbnail hentry category-clima-si-energie tag-gaz-fosil-2\">\n            \n<div class=\"wp-block-columns is-layout-flex wp-container-core-columns-is-layout-9d6595d7 wp-block-columns-is-layout-flex\"><figure class=\"wp-block-post-featured-image\"><a href=\"https:\/\/www.greenpeace.org\/romania\/articol\/79073\/premiera-gaslit\/\" target=\"_self\"  ><img loading=\"lazy\" decoding=\"async\" width=\"1280\" height=\"853\" src=\"https:\/\/www.greenpeace.org\/static\/planet4-romania-stateless\/2026\/04\/28de2c46-dma03444.jpg\" class=\"attachment-post-thumbnail size-post-thumbnail wp-post-image wp-stateless-item\" alt=\"\u201eEI AU PUTEREA BANILOR, DAR NOI AVEM PUTEREA OAMENILOR\u201d &#8211; Premiera filmului documentar GASLIT \u00een Rom\u00e2nia\u00a0\" style=\"object-fit:cover;\" srcset=\"https:\/\/www.greenpeace.org\/static\/planet4-romania-stateless\/2026\/04\/28de2c46-dma03444.jpg 1280w, https:\/\/www.greenpeace.org\/static\/planet4-romania-stateless\/2026\/04\/28de2c46-dma03444-300x200.jpg 300w, https:\/\/www.greenpeace.org\/static\/planet4-romania-stateless\/2026\/04\/28de2c46-dma03444-1024x682.jpg 1024w, https:\/\/www.greenpeace.org\/static\/planet4-romania-stateless\/2026\/04\/28de2c46-dma03444-768x512.jpg 768w, https:\/\/www.greenpeace.org\/static\/planet4-romania-stateless\/2026\/04\/28de2c46-dma03444-510x340.jpg 510w\" sizes=\"auto, (max-width: 1280px) 100vw, 1280px\" data-image-size=\"post-thumbnail\" data-stateless-media-bucket=\"planet4-romania-stateless\" data-stateless-media-name=\"2026\/04\/28de2c46-dma03444.jpg\" \/><\/a><\/figure>\n\n        <div class=\"wp-block-group is-layout-flow wp-block-group-is-layout-flow\">\n                <div class=\"wp-block-group is-layout-flex wp-block-group-is-layout-flex\"><div class=\"wp-block-post-terms\"><a href=\"https:\/\/www.greenpeace.org\/romania\/category\/clima-si-energie\/\">Clim\u0103 \u0219i energie<\/a><\/div>\n                <div class=\"taxonomy-post_tag wp-block-post-terms\"><a href=\"https:\/\/www.greenpeace.org\/romania\/tag\/gaz-fosil-2\/\" rel=\"tag\">Gaz Fosil<\/a><\/div>\n                \n                <\/div>\n                \n        <h3 class=\"wp-block-post-title\"><a href=\"https:\/\/www.greenpeace.org\/romania\/articol\/79073\/premiera-gaslit\/\" target=\"_self\" >\u201eEI AU PUTEREA BANILOR, DAR NOI AVEM PUTEREA OAMENILOR\u201d &#8211; Premiera filmului documentar GASLIT \u00een Rom\u00e2nia\u00a0<\/a><\/h3>\n        <div class=\"wp-block-post-excerpt\"><p class=\"wp-block-post-excerpt__excerpt\">Pe 27 aprilie, documentarul Gaslit a avut premiera \u00een Rom\u00e2nia, \u00een cadrul One World Romania, la Muzeul \u021a\u0103ranului Rom\u00e2n. <\/p><\/div>\n        \n        <div class=\"wp-block-group posts-list-meta is-layout-flow wp-block-group-is-layout-flow\"><span class='article-list-item-author'><a href='https:\/\/www.greenpeace.org\/romania\/author\/gp_romania\/'>Greenpeace Rom\u00e2nia<\/a><\/span>\n        <div class=\"wp-block-post-date\"><time datetime=\"2026-04-28T18:28:36+03:00\">28\/04\/2026<\/time><\/div>\n        \n        <\/div>\n        <\/div>\n        <\/div>\n\n            <\/li><li class=\"wp-block-post post-79021 post type-post status-publish format-standard has-post-thumbnail hentry category-clima-si-energie category-uncategorized tag-marea-neagra-gaz-fosil p4-page-type-comunicat-presa\">\n            \n<div class=\"wp-block-columns is-layout-flex wp-container-core-columns-is-layout-9d6595d7 wp-block-columns-is-layout-flex\"><figure class=\"wp-block-post-featured-image\"><a href=\"https:\/\/www.greenpeace.org\/romania\/comunicat-presa\/79021\/protest-maraton-greenpeace-romania-la-ministerul-mediului-a-refuzat-sa-primeasca-cele-peste-67-000-de-semnaturi\/\" target=\"_self\"  ><img loading=\"lazy\" decoding=\"async\" width=\"2560\" height=\"1920\" src=\"https:\/\/www.greenpeace.org\/static\/planet4-romania-stateless\/2026\/04\/9a27dee7-img_5785-scaled.jpg\" class=\"attachment-post-thumbnail size-post-thumbnail wp-post-image wp-stateless-item\" alt=\"Protest\u2013maraton Greenpeace Rom\u00e2nia la Ministerul Mediului: \u201eA refuzat s\u0103 primeasc\u0103 cele peste 67.000 de semn\u0103turi\u201d\" style=\"object-fit:cover;\" srcset=\"https:\/\/www.greenpeace.org\/static\/planet4-romania-stateless\/2026\/04\/9a27dee7-img_5785-scaled.jpg 2560w, https:\/\/www.greenpeace.org\/static\/planet4-romania-stateless\/2026\/04\/9a27dee7-img_5785-300x225.jpg 300w, https:\/\/www.greenpeace.org\/static\/planet4-romania-stateless\/2026\/04\/9a27dee7-img_5785-1024x768.jpg 1024w, https:\/\/www.greenpeace.org\/static\/planet4-romania-stateless\/2026\/04\/9a27dee7-img_5785-768x576.jpg 768w, https:\/\/www.greenpeace.org\/static\/planet4-romania-stateless\/2026\/04\/9a27dee7-img_5785-1536x1152.jpg 1536w, https:\/\/www.greenpeace.org\/static\/planet4-romania-stateless\/2026\/04\/9a27dee7-img_5785-2048x1536.jpg 2048w, https:\/\/www.greenpeace.org\/static\/planet4-romania-stateless\/2026\/04\/9a27dee7-img_5785-1821x1366.jpg 1821w, https:\/\/www.greenpeace.org\/static\/planet4-romania-stateless\/2026\/04\/9a27dee7-img_5785-453x340.jpg 453w\" sizes=\"auto, (max-width: 2560px) 100vw, 2560px\" data-image-size=\"post-thumbnail\" data-stateless-media-bucket=\"planet4-romania-stateless\" data-stateless-media-name=\"2026\/04\/9a27dee7-img_5785-scaled.jpg\" \/><\/a><\/figure>\n\n        <div class=\"wp-block-group is-layout-flow wp-block-group-is-layout-flow\">\n                <div class=\"wp-block-group is-layout-flex wp-block-group-is-layout-flex\"><div class=\"wp-block-post-terms\"><a href=\"https:\/\/www.greenpeace.org\/romania\/category\/clima-si-energie\/\">Clim\u0103 \u0219i energie<\/a><\/div>\n                <div class=\"taxonomy-post_tag wp-block-post-terms\"><a href=\"https:\/\/www.greenpeace.org\/romania\/tag\/marea-neagra-gaz-fosil\/\" rel=\"tag\">Marea Neagra<\/a><\/div>\n                \n                <\/div>\n                \n        <h3 class=\"wp-block-post-title\"><a href=\"https:\/\/www.greenpeace.org\/romania\/comunicat-presa\/79021\/protest-maraton-greenpeace-romania-la-ministerul-mediului-a-refuzat-sa-primeasca-cele-peste-67-000-de-semnaturi\/\" target=\"_self\" >Protest\u2013maraton Greenpeace Rom\u00e2nia la Ministerul Mediului: \u201eA refuzat s\u0103 primeasc\u0103 cele peste 67.000 de semn\u0103turi\u201d<\/a><\/h3>\n        <div class=\"wp-block-post-excerpt\"><p class=\"wp-block-post-excerpt__excerpt\">23 aprilie \u2013 BUCURE\u0218TI \u2013 Activi\u0219tii Greenpeace Rom\u00e2nia au ocupat ast\u0103zi trotuarul din fa\u021ba Ministerului Mediului. <\/p><\/div>\n        \n        <div class=\"wp-block-group posts-list-meta is-layout-flow wp-block-group-is-layout-flow\"><span class='article-list-item-author'><a href='https:\/\/www.greenpeace.org\/romania\/author\/gp_romania\/'>Greenpeace Rom\u00e2nia<\/a><\/span>\n        <div class=\"wp-block-post-date\"><time datetime=\"2026-04-23T09:15:07+03:00\">23\/04\/2026<\/time><\/div>\n        \n        <\/div>\n        <\/div>\n        <\/div>\n\n            <\/li><li class=\"wp-block-post post-79022 post type-post status-publish format-standard has-post-thumbnail hentry category-clima-si-energie tag-marea-neagra-gaz-fosil\">\n            \n<div class=\"wp-block-columns is-layout-flex wp-container-core-columns-is-layout-9d6595d7 wp-block-columns-is-layout-flex\"><figure class=\"wp-block-post-featured-image\"><a href=\"https:\/\/www.greenpeace.org\/romania\/articol\/79022\/%f0%9f%94%b4live-update-suntem-in-fata-ministerul-mediului-sa-predam-cele-67-000-de-semnaturi-pentru-marea-neagra\/\" target=\"_self\"  ><img loading=\"lazy\" decoding=\"async\" width=\"2560\" height=\"1920\" src=\"https:\/\/www.greenpeace.org\/static\/planet4-romania-stateless\/2026\/04\/a2c5ac4c-img_5785-scaled.jpg\" class=\"attachment-post-thumbnail size-post-thumbnail wp-post-image wp-stateless-item\" alt=\"\ud83d\udd34LIVE UPDATE Suntem \u00een fa\u021ba Ministerul Mediului s\u0103 pred\u0103m cele 67.000 de semn\u0103turi pentru Marea Neagr\u0103\" style=\"object-fit:cover;\" srcset=\"https:\/\/www.greenpeace.org\/static\/planet4-romania-stateless\/2026\/04\/a2c5ac4c-img_5785-scaled.jpg 2560w, https:\/\/www.greenpeace.org\/static\/planet4-romania-stateless\/2026\/04\/a2c5ac4c-img_5785-300x225.jpg 300w, https:\/\/www.greenpeace.org\/static\/planet4-romania-stateless\/2026\/04\/a2c5ac4c-img_5785-1024x768.jpg 1024w, https:\/\/www.greenpeace.org\/static\/planet4-romania-stateless\/2026\/04\/a2c5ac4c-img_5785-768x576.jpg 768w, https:\/\/www.greenpeace.org\/static\/planet4-romania-stateless\/2026\/04\/a2c5ac4c-img_5785-1536x1152.jpg 1536w, https:\/\/www.greenpeace.org\/static\/planet4-romania-stateless\/2026\/04\/a2c5ac4c-img_5785-2048x1536.jpg 2048w, https:\/\/www.greenpeace.org\/static\/planet4-romania-stateless\/2026\/04\/a2c5ac4c-img_5785-1821x1366.jpg 1821w, https:\/\/www.greenpeace.org\/static\/planet4-romania-stateless\/2026\/04\/a2c5ac4c-img_5785-453x340.jpg 453w\" sizes=\"auto, (max-width: 2560px) 100vw, 2560px\" data-image-size=\"post-thumbnail\" data-stateless-media-bucket=\"planet4-romania-stateless\" data-stateless-media-name=\"2026\/04\/a2c5ac4c-img_5785-scaled.jpg\" \/><\/a><\/figure>\n\n        <div class=\"wp-block-group is-layout-flow wp-block-group-is-layout-flow\">\n                <div class=\"wp-block-group is-layout-flex wp-block-group-is-layout-flex\"><div class=\"wp-block-post-terms\"><a href=\"https:\/\/www.greenpeace.org\/romania\/category\/clima-si-energie\/\">Clim\u0103 \u0219i energie<\/a><\/div>\n                <div class=\"taxonomy-post_tag wp-block-post-terms\"><a href=\"https:\/\/www.greenpeace.org\/romania\/tag\/marea-neagra-gaz-fosil\/\" rel=\"tag\">Marea Neagra<\/a><\/div>\n                \n                <\/div>\n                \n        <h3 class=\"wp-block-post-title\"><a href=\"https:\/\/www.greenpeace.org\/romania\/articol\/79022\/%f0%9f%94%b4live-update-suntem-in-fata-ministerul-mediului-sa-predam-cele-67-000-de-semnaturi-pentru-marea-neagra\/\" target=\"_self\" >\ud83d\udd34LIVE UPDATE Suntem \u00een fa\u021ba Ministerul Mediului s\u0103 pred\u0103m cele 67.000 de semn\u0103turi pentru Marea Neagr\u0103<\/a><\/h3>\n        <div class=\"wp-block-post-excerpt\"><p class=\"wp-block-post-excerpt__excerpt\">Dac\u0103 Ministerul Mediului refuz\u0103 dialogul, am mutat masa de negocieri direct \u00een strad\u0103. Suntem pe trotuar cu tabloul celor 67.000 de semn\u0103turi \u0219i nu avem de g\u00e2nd s\u0103 plec\u0103m p\u00e2n\u0103&hellip; <\/p><\/div>\n        \n        <div class=\"wp-block-group posts-list-meta is-layout-flow wp-block-group-is-layout-flow\"><span class='article-list-item-author'><a href='https:\/\/www.greenpeace.org\/romania\/author\/gp_romania\/'>Greenpeace Rom\u00e2nia<\/a><\/span>\n        <div class=\"wp-block-post-date\"><time datetime=\"2026-04-23T09:13:20+03:00\">23\/04\/2026<\/time><\/div>\n        \n        <\/div>\n        <\/div>\n        <\/div>\n\n            <\/li><\/ul>\n\n    \n<div class=\"wp-block-buttons carousel-controls is-horizontal is-content-justification-space-between is-nowrap is-layout-flex wp-container-core-buttons-is-layout-044bd602 wp-block-buttons-is-layout-flex\">\n            <div class=\"wp-block-button carousel-control-prev\"><button type=\"button\" class=\"wp-block-button__link wp-element-button\">Prev<\/button><\/div>\n        \n\n            <div class=\"wp-block-button carousel-control-next\"><button type=\"button\" class=\"wp-block-button__link wp-element-button\">Next<\/button><\/div>\n        <\/div>\n\n\n    <li class=\" wp-block-navigation-item see-all-link wp-block-navigation-link\"><a class=\"wp-block-navigation-item__content\"  href=\"http:\/\/www.greenpeace.org\/romania\/news-stories\/\"><span class=\"wp-block-navigation-item__label\">See all stories<\/span><\/a><\/li><\/div>\n    <\/div>\n\n","protected":false},"excerpt":{"rendered":"","protected":false},"author":57,"featured_media":0,"parent":0,"menu_order":0,"comment_status":"closed","ping_status":"closed","template":"","meta":{"ep_exclude_from_search":false,"p4_hide_page_title_checkbox":"","p4_title":"","p4_subtitle":"","p4_description":"","background_image_id":"","background_image":"","p4_button_title":"","p4_button_link":"","p4_button_link_checkbox":"","p4_og_title":"","p4_og_description":"","p4_og_image":"","p4_og_image_id":"","p4_seo_canonical_url":"","p4_campaign_name":"","p4_local_project":"","p4_basket_name":"","p4_department":"","footnotes":""},"categories":[],"tags":[],"class_list":["post-8993","page","type-page","status-publish","hentry"],"_links":{"self":[{"href":"https:\/\/www.greenpeace.org\/romania\/wp-json\/wp\/v2\/pages\/8993","targetHints":{"allow":["GET"]}}],"collection":[{"href":"https:\/\/www.greenpeace.org\/romania\/wp-json\/wp\/v2\/pages"}],"about":[{"href":"https:\/\/www.greenpeace.org\/romania\/wp-json\/wp\/v2\/types\/page"}],"author":[{"embeddable":true,"href":"https:\/\/www.greenpeace.org\/romania\/wp-json\/wp\/v2\/users\/57"}],"replies":[{"embeddable":true,"href":"https:\/\/www.greenpeace.org\/romania\/wp-json\/wp\/v2\/comments?post=8993"}],"version-history":[{"count":21,"href":"https:\/\/www.greenpeace.org\/romania\/wp-json\/wp\/v2\/pages\/8993\/revisions"}],"predecessor-version":[{"id":11651,"href":"https:\/\/www.greenpeace.org\/romania\/wp-json\/wp\/v2\/pages\/8993\/revisions\/11651"}],"wp:attachment":[{"href":"https:\/\/www.greenpeace.org\/romania\/wp-json\/wp\/v2\/media?parent=8993"}],"wp:term":[{"taxonomy":"category","embeddable":true,"href":"https:\/\/www.greenpeace.org\/romania\/wp-json\/wp\/v2\/categories?post=8993"},{"taxonomy":"post_tag","embeddable":true,"href":"https:\/\/www.greenpeace.org\/romania\/wp-json\/wp\/v2\/tags?post=8993"}],"curies":[{"name":"wp","href":"https:\/\/api.w.org\/{rel}","templated":true}]}}