{"id":9309,"date":"2023-12-05T13:24:46","date_gmt":"2023-12-05T10:24:46","guid":{"rendered":"https:\/\/www.greenpeace.org\/romania\/?page_id=9309"},"modified":"2024-03-26T14:46:27","modified_gmt":"2024-03-26T11:46:27","slug":"transpunerea-directivelor-europene-de-catre-statele-membre","status":"publish","type":"page","link":"https:\/\/www.greenpeace.org\/romania\/transpunerea-directivelor-europene-de-catre-statele-membre\/","title":{"rendered":"Transpunerea directivelor europene de c\u0103tre statele membre"},"content":{"rendered":"\n                    <div class=\"wp-block-group is-vertical is-layout-flex wp-container-core-group-is-layout-8cf370e7 wp-block-group-is-layout-flex\">\n                    \n\n                    \n                    <\/div>\n                    \n<p>Pentru asigurarea unui viitor sustenabil \u0219i a rezilien\u021bei energetice, statele UE au \u00eenceput s\u0103 includ\u0103 \u00een legisla\u021biile na\u021bionale dou\u0103 directive ale Comisiei Europene importante pentru comunit\u0103\u021bile de energie: <strong>Directiva Comunit\u0103\u021bilor de Energie Regenerabil\u0103<\/strong> (REC) \u0219i <strong>Directiva Comunit\u0103\u021bilor de Energie ale Cet\u0103\u021benilor<\/strong> (CEC).&nbsp;<\/p>\n\n<p>Aceste dou\u0103 acte solicit\u0103 statelor membre europene s\u0103 dezvolte cadre juridice na\u021bionale (<strong>legisla\u021bie<\/strong>) pentru a sprijini \u0219i reglementa proiectele de energie regenerabil\u0103 gestionate de comunitate, \u00eens\u0103 f\u0103r\u0103 a dicta modul concret \u00een care fiecare \u021bar\u0103 trebuie s\u0103 fac\u0103 acest lucru. Cu alte cuvinte, directivele europene doar traseaz\u0103 principiile care trebuie urm\u0103rite atunci c\u00e2nd fiecare stat \u00ee\u0219i creeaz\u0103 legisla\u021bia pentru comunit\u0103\u021bi de energie \u2013 generarea colectiv\u0103 de energie la nivel local, colaborarea comunitar\u0103, descentralizarea produc\u021biei de energie, asigurarea principiilor de incluziune \u0219i participare etc.<\/p>\n\n<p>Rom\u00e2nia a adoptat cele dou\u0103 directive prin Ordonan\u021ba de urgen\u021b\u0103 nr. 163\/2022 (REC) \u0219i Ordonan\u021ba de urgen\u021b\u0103 nr. 143\/2021 (CEC), dar <strong>nu a creat \u0219i cadrul juridic pe care aceste acte europene \u00eel solicit\u0103<\/strong>. Astfel, <strong>Rom\u00e2niei \u00eei lipse\u0219te cadrul legislativ complet \u0219i coerent care s\u0103 permit\u0103 cet\u0103\u021benilor formarea de comunit\u0103\u021bi de energie<\/strong>.&nbsp;<\/p>\n\n<p><strong>De ce este nevoie de legisla\u021bie pentru comunit\u0103\u021bile de energie? La ce ne ajut\u0103?<\/strong><\/p>\n\n<p>1. Ofer\u0103 un cadru clar care define\u0219te drepturile, obliga\u021biile \u0219i responsabilit\u0103\u021bile comunit\u0103\u021bilor de energie. Sunt stabilite modalit\u0103\u021bile de formare, func\u021bionare \u0219i guvernare, asigur\u00e2nd transparen\u021ba, responsabilitatea \u0219i protec\u021bia juridic\u0103 pentru participan\u021bi.&nbsp;<\/p>\n\n<p>2. Ajut\u0103 la protejarea intereselor membrilor comunit\u0103\u021bii de energie \u0219i ale consumatorilor. Av\u00e2nd \u00een vedere prevederi pentru pre\u021buri echitabile la energie, mecanisme de solu\u021bionare a litigiilor \u0219i standarde de asigurare a calit\u0103\u021bii.&nbsp;<\/p>\n\n<p>3. Faciliteaz\u0103 integrarea comunit\u0103\u021bilor de energie \u00een re\u021beaua \u0219i pie\u021bele energetice mai largi. Sunt definite condi\u021biile \u0219i procesele de conectare la re\u021bea.<\/p>\n\n<p>4. Stabilesc standardele tehnice \u0219i de siguran\u021b\u0103.<\/p>\n\n<p>5. Aliniaz\u0103 politici \u0219i forme de sprijin financiar, permit accesul la mecanisme de sprijin (tarife de intrare \u00een re\u021bea, stimulente fiscale, granturi sau subven\u021bii).<\/p>\n\n<p><strong>\u00cen Rom\u00e2nia, institu\u021biile responsabile pentru crearea legisla\u021biei dedicate comunit\u0103\u021bilor de energie sunt Ministerul Energiei \u0219i Autoritatea Na\u021bional\u0103 de Reglementare \u00een domeniul Energiei (A.N.R.E.). Prin ac\u021biunile pe care le derul\u0103m, urm\u0103rim ca aceste institu\u021bii s\u0103 creeze legisla\u021bia necesar\u0103 \u00een acord cu principiile stipulate prin directivele europene dedicate comunit\u0103\u021bilor de energie.<\/strong><\/p>\n","protected":false},"excerpt":{"rendered":"<p>Pentru asigurarea unui viitor sustenabil \u0219i a rezilien\u021bei energetice, statele UE au \u00eenceput s\u0103 includ\u0103 \u00een legisla\u021biile na\u021bionale dou\u0103 directive ale Comisiei Europene importante pentru comunit\u0103\u021bile de energie: Directiva Comunit\u0103\u021bilor de Energie Regenerabil\u0103 (REC) \u0219i Directiva Comunit\u0103\u021bilor de Energie ale Cet\u0103\u021benilor (CEC).&nbsp; Aceste dou\u0103 acte solicit\u0103 statelor membre europene s\u0103 dezvolte cadre juridice na\u021bionale (legisla\u021bie) [&hellip;]<\/p>\n","protected":false},"author":57,"featured_media":0,"parent":0,"menu_order":0,"comment_status":"closed","ping_status":"closed","template":"","meta":{"ep_exclude_from_search":false,"p4_hide_page_title_checkbox":"","p4_title":"","p4_subtitle":"","p4_description":"","background_image_id":"","background_image":"","p4_button_title":"","p4_button_link":"","p4_button_link_checkbox":"","p4_og_title":"","p4_og_description":"","p4_og_image":"https:\/\/www.greenpeace.org\/static\/planet4-romania-stateless\/2023\/10\/41b38cdc-background_1.png","p4_og_image_id":"9148","p4_seo_canonical_url":"","p4_campaign_name":"","p4_local_project":"","p4_basket_name":"","p4_department":"","footnotes":""},"categories":[],"tags":[],"class_list":["post-9309","page","type-page","status-publish","hentry"],"_links":{"self":[{"href":"https:\/\/www.greenpeace.org\/romania\/wp-json\/wp\/v2\/pages\/9309","targetHints":{"allow":["GET"]}}],"collection":[{"href":"https:\/\/www.greenpeace.org\/romania\/wp-json\/wp\/v2\/pages"}],"about":[{"href":"https:\/\/www.greenpeace.org\/romania\/wp-json\/wp\/v2\/types\/page"}],"author":[{"embeddable":true,"href":"https:\/\/www.greenpeace.org\/romania\/wp-json\/wp\/v2\/users\/57"}],"replies":[{"embeddable":true,"href":"https:\/\/www.greenpeace.org\/romania\/wp-json\/wp\/v2\/comments?post=9309"}],"version-history":[{"count":4,"href":"https:\/\/www.greenpeace.org\/romania\/wp-json\/wp\/v2\/pages\/9309\/revisions"}],"predecessor-version":[{"id":9606,"href":"https:\/\/www.greenpeace.org\/romania\/wp-json\/wp\/v2\/pages\/9309\/revisions\/9606"}],"wp:attachment":[{"href":"https:\/\/www.greenpeace.org\/romania\/wp-json\/wp\/v2\/media?parent=9309"}],"wp:term":[{"taxonomy":"category","embeddable":true,"href":"https:\/\/www.greenpeace.org\/romania\/wp-json\/wp\/v2\/categories?post=9309"},{"taxonomy":"post_tag","embeddable":true,"href":"https:\/\/www.greenpeace.org\/romania\/wp-json\/wp\/v2\/tags?post=9309"}],"curies":[{"name":"wp","href":"https:\/\/api.w.org\/{rel}","templated":true}]}}