{"id":9315,"date":"2023-12-05T13:46:44","date_gmt":"2023-12-05T10:46:44","guid":{"rendered":"https:\/\/www.greenpeace.org\/romania\/?page_id=9315"},"modified":"2024-03-26T14:46:26","modified_gmt":"2024-03-26T11:46:26","slug":"finantarea-comunitatilor-de-energie","status":"publish","type":"page","link":"https:\/\/www.greenpeace.org\/romania\/finantarea-comunitatilor-de-energie\/","title":{"rendered":"Finan\u021barea comunit\u0103\u021bilor de energie"},"content":{"rendered":"\n                    <div class=\"wp-block-group is-vertical is-layout-flex wp-container-core-group-is-layout-8cf370e7 wp-block-group-is-layout-flex\">\n                    \n\n                    \n                    <\/div>\n                    \n<p>\u00cenfiin\u021barea unei comunit\u0103\u021bi de energie presupune o serie de investi\u021bii precum dezvoltarea infrastructurii, achizi\u021bionarea de tehnologie \u0219i echipamente, asigurarea conformit\u0103\u021bii cu reglement\u0103rile \u00een domeniu, educarea comunit\u0103\u021bii \u0219i asigurarea mentenan\u021bei. Exist\u0103 mai multe modalit\u0103\u021bi prin care pot fi finan\u021bate astfel de proiecte, respectiv finan\u021barea comunitar\u0103 (implicarea direct\u0103 a membrilor proiectului) sau granturile \u0219i stimulentele guvernamentale.<\/p>\n\n<p><strong>Care sunt nevoile financiare pentru crearea unei comunit\u0103\u021bi de energie?&nbsp;<\/strong><\/p>\n\n<ul class=\"wp-block-list\">\n<li>Dezvoltarea infrastructurii (instalarea panourilor solare, de exemplu);<\/li>\n\n\n\n<li>Implementarea de solu\u021bii de stocare a energiei (precum bateriile);<\/li>\n\n\n\n<li>Conectarea la re\u021bea (asigurarea unei conexiuni corespunz\u0103toare la re\u021beaua electric\u0103, care poate implica anumite taxe);<\/li>\n\n\n\n<li>Tehnologie \u0219i echipamente;<\/li>\n\n\n\n<li>Asigurarea conformit\u0103\u021bii cu reglement\u0103rile (costuri cu ob\u021binerea anumitor avize, de exemplu);<\/li>\n\n\n\n<li>Activit\u0103\u021bi de educa\u021bie comunitar\u0103 (programe de con\u0219tientizare, programe de formare);<\/li>\n\n\n\n<li>\u00centre\u021binere \u0219i exploatare.<\/li>\n<\/ul>\n\n<p><strong>Care sunt modalit\u0103\u021bile de finan\u021bare a unei comunit\u0103\u021bi de energie?<\/strong><\/p>\n\n<ul class=\"wp-block-list\">\n<li>Finan\u021barea comunitar\u0103 (implic\u0103 membrii comunit\u0103\u021bii de energie care contribuie la investi\u021bia ini\u021bial\u0103, fie prin \u00eemprumuturi, cump\u0103rarea de ac\u021biuni sau accesarea altor mecanisme de finan\u021bare);<\/li>\n\n\n\n<li>Granturi \u0219i stimulente guvernamentale (utilizarea oportunit\u0103\u021bilor oferite de granturi, subven\u021bii sau stimulente fiscale oferite de stat pentru a sprijini ini\u021biativele comunit\u0103\u021bilor de energie).<\/li>\n<\/ul>\n\n<p><strong>Care sunt oportunit\u0103\u021bi de finan\u021bare la nivel european \u0219i la nivelul Rom\u00e2niei?<\/strong><\/p>\n\n<p>Comunit\u0103\u021bile de energie sunt sprijinite la nivel european prin mecanisme de finan\u021bare \u0219i politici care le faciliteaz\u0103 dezvoltarea. Acest sprijin nu se rezum\u0103 doar la fonduri, ci presupune \u0219i accesul la asisten\u021b\u0103 tehnic\u0103, consolidarea capacit\u0103\u021bilor locale sau oferirea de oportunit\u0103\u021bi pentru asocierea comunit\u0103\u021bilor de energie.&nbsp;<\/p>\n\n<p><strong>Situa\u021bia fondurilor europene \u00een Rom\u00e2nia:<\/strong><\/p>\n\n<ol class=\"wp-block-list\">\n<li><strong>Fondul de Coeziune \u0219i Fondul de Dezvoltare Regional\u0103.<\/strong> Rom\u00e2nia are alocate 31,14 miliarde de euro pentru anii 2021-2027. \u00cen cadrul acestui fond, Programul Opera\u021bional pentru Dezvoltare Durabil\u0103 \u0219i Programul Opera\u021bional pentru Tranzi\u021bie Just\u0103 sunt concentrate \u00een mod special pe realizarea obiectivele climatice \u0219i de mediu. \u00cen Rom\u00e2nia, aceste programe nu au momentan linii dedicate comunit\u0103\u021bilor de energie.<\/li>\n\n\n\n<li><strong>Fondul de Modernizare<\/strong>. Programul ajut\u0103 zece state membre s\u0103-\u0219i ating\u0103 obiectivele energetice pentru 2030, prin modernizarea infrastructurii energetice \u0219i cre\u0219terea eficien\u021bei energetice. P\u00e2n\u0103 \u00een prezent, Rom\u00e2nia nu a alocat resurse din acest fond pentru comunit\u0103\u021bile de energie.<\/li>\n\n\n\n<li><strong>Fondul de Redresare \u0219i Rezilien\u021b\u0103<\/strong>. A fost \u00eenfiin\u021bat pentru a ajuta statele Uniunii Europene s\u0103 se recupereze din pandemia de coronavirus. Comunit\u0103\u021bile de energie sunt eviden\u021biate ca instrumente de combatere a s\u0103r\u0103ciei energetice, \u00eens\u0103 nu sunt incluse \u0219i \u00een Planul Na\u021bional de Redresare \u0219i Rezilien\u021b\u0103 al Rom\u00e2niei.<\/li>\n<\/ol>\n\n<p><strong>Chiar dac\u0103 momentan Rom\u00e2nia nu are alocate fonduri pentru comunit\u0103\u021bi de energie prin aceste instrumente, lucrurile se pot schimba. Autorit\u0103\u021bile pot crea linii de finan\u021bare \u0219i derula apeluri de alocare pentru aceste resurse astfel \u00eenc\u00e2t cet\u0103\u021benii s\u0103 se poat\u0103 organiza \u00een comunit\u0103\u021bi de energie. Prin ac\u021biunile pe care le derul\u0103m, urm\u0103rim ca acest lucru s\u0103 se \u00eent\u00e2mple c\u00e2t mai repede \u0219i \u00een conformitate cu principiile democra\u021biei energetice.<\/strong><\/p>\n","protected":false},"excerpt":{"rendered":"<p>\u00cenfiin\u021barea unei comunit\u0103\u021bi de energie presupune o serie de investi\u021bii precum dezvoltarea infrastructurii, achizi\u021bionarea de tehnologie \u0219i echipamente, asigurarea conformit\u0103\u021bii cu reglement\u0103rile \u00een domeniu, educarea comunit\u0103\u021bii \u0219i asigurarea mentenan\u021bei. Exist\u0103 mai multe modalit\u0103\u021bi prin care pot fi finan\u021bate astfel de proiecte, respectiv finan\u021barea comunitar\u0103 (implicarea direct\u0103 a membrilor proiectului) sau granturile \u0219i stimulentele guvernamentale. Care [&hellip;]<\/p>\n","protected":false},"author":57,"featured_media":0,"parent":0,"menu_order":0,"comment_status":"closed","ping_status":"closed","template":"","meta":{"ep_exclude_from_search":false,"p4_hide_page_title_checkbox":"","p4_title":"","p4_subtitle":"","p4_description":"","background_image_id":"","background_image":"","p4_button_title":"","p4_button_link":"","p4_button_link_checkbox":"","p4_og_title":"","p4_og_description":"","p4_og_image":"","p4_og_image_id":"","p4_seo_canonical_url":"","p4_campaign_name":"","p4_local_project":"","p4_basket_name":"","p4_department":"","footnotes":""},"categories":[],"tags":[],"class_list":["post-9315","page","type-page","status-publish","hentry"],"_links":{"self":[{"href":"https:\/\/www.greenpeace.org\/romania\/wp-json\/wp\/v2\/pages\/9315","targetHints":{"allow":["GET"]}}],"collection":[{"href":"https:\/\/www.greenpeace.org\/romania\/wp-json\/wp\/v2\/pages"}],"about":[{"href":"https:\/\/www.greenpeace.org\/romania\/wp-json\/wp\/v2\/types\/page"}],"author":[{"embeddable":true,"href":"https:\/\/www.greenpeace.org\/romania\/wp-json\/wp\/v2\/users\/57"}],"replies":[{"embeddable":true,"href":"https:\/\/www.greenpeace.org\/romania\/wp-json\/wp\/v2\/comments?post=9315"}],"version-history":[{"count":2,"href":"https:\/\/www.greenpeace.org\/romania\/wp-json\/wp\/v2\/pages\/9315\/revisions"}],"predecessor-version":[{"id":9605,"href":"https:\/\/www.greenpeace.org\/romania\/wp-json\/wp\/v2\/pages\/9315\/revisions\/9605"}],"wp:attachment":[{"href":"https:\/\/www.greenpeace.org\/romania\/wp-json\/wp\/v2\/media?parent=9315"}],"wp:term":[{"taxonomy":"category","embeddable":true,"href":"https:\/\/www.greenpeace.org\/romania\/wp-json\/wp\/v2\/categories?post=9315"},{"taxonomy":"post_tag","embeddable":true,"href":"https:\/\/www.greenpeace.org\/romania\/wp-json\/wp\/v2\/tags?post=9315"}],"curies":[{"name":"wp","href":"https:\/\/api.w.org\/{rel}","templated":true}]}}