{"id":9318,"date":"2023-12-05T13:50:26","date_gmt":"2023-12-05T10:50:26","guid":{"rendered":"https:\/\/www.greenpeace.org\/romania\/?page_id=9318"},"modified":"2024-03-26T14:46:24","modified_gmt":"2024-03-26T11:46:24","slug":"evaluarea-barierelor-si-potentialului-comunitatilor-de-energie","status":"publish","type":"page","link":"https:\/\/www.greenpeace.org\/romania\/evaluarea-barierelor-si-potentialului-comunitatilor-de-energie\/","title":{"rendered":"\u00a0Evaluarea barierelor \u0219i poten\u021bialului comunit\u0103\u021bilor de energie"},"content":{"rendered":"\n                    <div class=\"wp-block-group is-vertical is-layout-flex wp-container-core-group-is-layout-8cf370e7 wp-block-group-is-layout-flex\">\n                    \n\n                    \n                    <\/div>\n                    \n<p>Conform Directivei Comunit\u0103\u021bilor de Energie Regenerabil\u0103 pe care a adoptat-o, Rom\u00e2nia trebuie s\u0103 evalueze barierele \u0219i poten\u021bialul comunit\u0103\u021bilor de energie. O astfel de evaluare trebuie s\u0103 urm\u0103reasc\u0103 aspecte precum: situa\u021bia reglement\u0103rilor (prezen\u021ba \u0219i consisten\u021ba acestora), a stimulentelor financiare (disponibilitatea \u0219i adecvarea acestora), a infrastructurii de re\u021bea, capacitatea proiectelor de comunit\u0103\u021bi de energie de a stimula produc\u021bia de energie curat\u0103.&nbsp;<\/p>\n\n<p>O eventual\u0103 evaluare ar putea ajuta la deblocarea \u00eentregului poten\u021bial reprezentat de comunit\u0103\u021bile de energie, dar <strong>p\u00e2n\u0103 \u00een prezent Ministerul Energiei (institu\u021bia responsabil\u0103 de coordonarea evalu\u0103rii, conform directivei transpuse de Rom\u00e2nia) nu a demarat acest proces.<\/strong><\/p>\n\n<p><\/p>\n","protected":false},"excerpt":{"rendered":"<p>Conform Directivei Comunit\u0103\u021bilor de Energie Regenerabil\u0103 pe care a adoptat-o, Rom\u00e2nia trebuie s\u0103 evalueze barierele \u0219i poten\u021bialul comunit\u0103\u021bilor de energie. O astfel de evaluare trebuie s\u0103 urm\u0103reasc\u0103 aspecte precum: situa\u021bia reglement\u0103rilor (prezen\u021ba \u0219i consisten\u021ba acestora), a stimulentelor financiare (disponibilitatea \u0219i adecvarea acestora), a infrastructurii de re\u021bea, capacitatea proiectelor de comunit\u0103\u021bi de energie de a stimula [&hellip;]<\/p>\n","protected":false},"author":57,"featured_media":0,"parent":0,"menu_order":0,"comment_status":"closed","ping_status":"closed","template":"","meta":{"ep_exclude_from_search":false,"p4_hide_page_title_checkbox":"","p4_title":"","p4_subtitle":"","p4_description":"","background_image_id":"","background_image":"","p4_button_title":"","p4_button_link":"","p4_button_link_checkbox":"","p4_og_title":"","p4_og_description":"","p4_og_image":"","p4_og_image_id":"","p4_seo_canonical_url":"","p4_campaign_name":"","p4_local_project":"","p4_basket_name":"","p4_department":"","footnotes":""},"categories":[],"tags":[],"class_list":["post-9318","page","type-page","status-publish","hentry"],"_links":{"self":[{"href":"https:\/\/www.greenpeace.org\/romania\/wp-json\/wp\/v2\/pages\/9318","targetHints":{"allow":["GET"]}}],"collection":[{"href":"https:\/\/www.greenpeace.org\/romania\/wp-json\/wp\/v2\/pages"}],"about":[{"href":"https:\/\/www.greenpeace.org\/romania\/wp-json\/wp\/v2\/types\/page"}],"author":[{"embeddable":true,"href":"https:\/\/www.greenpeace.org\/romania\/wp-json\/wp\/v2\/users\/57"}],"replies":[{"embeddable":true,"href":"https:\/\/www.greenpeace.org\/romania\/wp-json\/wp\/v2\/comments?post=9318"}],"version-history":[{"count":2,"href":"https:\/\/www.greenpeace.org\/romania\/wp-json\/wp\/v2\/pages\/9318\/revisions"}],"predecessor-version":[{"id":9604,"href":"https:\/\/www.greenpeace.org\/romania\/wp-json\/wp\/v2\/pages\/9318\/revisions\/9604"}],"wp:attachment":[{"href":"https:\/\/www.greenpeace.org\/romania\/wp-json\/wp\/v2\/media?parent=9318"}],"wp:term":[{"taxonomy":"category","embeddable":true,"href":"https:\/\/www.greenpeace.org\/romania\/wp-json\/wp\/v2\/categories?post=9318"},{"taxonomy":"post_tag","embeddable":true,"href":"https:\/\/www.greenpeace.org\/romania\/wp-json\/wp\/v2\/tags?post=9318"}],"curies":[{"name":"wp","href":"https:\/\/api.w.org\/{rel}","templated":true}]}}