{"id":9345,"date":"2023-12-13T13:00:52","date_gmt":"2023-12-13T10:00:52","guid":{"rendered":"https:\/\/www.greenpeace.org\/romania\/?page_id=9345"},"modified":"2024-03-26T14:46:23","modified_gmt":"2024-03-26T11:46:23","slug":"iii-evaluarea-barierelor-si-potentialului-comunitatilor-de-energie","status":"publish","type":"page","link":"https:\/\/www.greenpeace.org\/romania\/iii-evaluarea-barierelor-si-potentialului-comunitatilor-de-energie\/","title":{"rendered":"Evaluarea barierelor \u0219i poten\u021bialului comunit\u0103\u021bilor de energie"},"content":{"rendered":"\n                    <div class=\"wp-block-group is-vertical is-layout-flex wp-container-core-group-is-layout-8cf370e7 wp-block-group-is-layout-flex\">\n                    \n\n                    \n                    <\/div>\n                    \n<p>Conform Directivei Comunit\u0103\u021bilor de Energie Regenerabil\u0103 pe care a adoptat-o, Rom\u00e2nia trebuie s\u0103evalueze barierele \u0219i poten\u021bialul comunit\u0103\u021bilor de energie. O astfel de evaluare trebuie s\u0103 urm\u0103reasc\u0103aspecte precum: situa\u021bia reglement\u0103rilor (prezen\u021ba \u0219i consisten\u021ba acestora), a stimulentelor financiare (disponibilitatea \u0219i adecvarea acestora), a infrastructurii de re\u021bea, capacitatea proiectelor<br>de comunit\u0103\u021bi de energie de a stimula produc\u021bia de energie curat\u0103.<br><\/p>\n\n<p>O astfel de evaluare am\u0103nun\u021bit\u0103 ajut\u0103 la deblocarea \u00eentregului poten\u021bial reprezentat de comunit\u0103\u021bile de energie, dar p\u00e2n\u0103 \u00een prezent Ministerul Energiei (institu\u021bia responsabil\u0103 de coordonarea evalu\u0103rii, conform directivei transpuse de Rom\u00e2nia) nu a demarat acest proces.<\/p>\n","protected":false},"excerpt":{"rendered":"<p>Conform Directivei Comunit\u0103\u021bilor de Energie Regenerabil\u0103 pe care a adoptat-o, Rom\u00e2nia trebuie s\u0103evalueze barierele \u0219i poten\u021bialul comunit\u0103\u021bilor de energie. O astfel de evaluare trebuie s\u0103 urm\u0103reasc\u0103aspecte precum: situa\u021bia reglement\u0103rilor (prezen\u021ba \u0219i consisten\u021ba acestora), a stimulentelor financiare (disponibilitatea \u0219i adecvarea acestora), a infrastructurii de re\u021bea, capacitatea proiectelorde comunit\u0103\u021bi de energie de a stimula produc\u021bia de energie [&hellip;]<\/p>\n","protected":false},"author":57,"featured_media":0,"parent":0,"menu_order":0,"comment_status":"closed","ping_status":"closed","template":"","meta":{"ep_exclude_from_search":false,"p4_hide_page_title_checkbox":"","p4_title":"","p4_subtitle":"","p4_description":"","background_image_id":"","background_image":"","p4_button_title":"","p4_button_link":"","p4_button_link_checkbox":"","p4_og_title":"","p4_og_description":"","p4_og_image":"","p4_og_image_id":"","p4_seo_canonical_url":"","p4_campaign_name":"","p4_local_project":"","p4_basket_name":"","p4_department":"","footnotes":""},"categories":[],"tags":[],"class_list":["post-9345","page","type-page","status-publish","hentry"],"_links":{"self":[{"href":"https:\/\/www.greenpeace.org\/romania\/wp-json\/wp\/v2\/pages\/9345","targetHints":{"allow":["GET"]}}],"collection":[{"href":"https:\/\/www.greenpeace.org\/romania\/wp-json\/wp\/v2\/pages"}],"about":[{"href":"https:\/\/www.greenpeace.org\/romania\/wp-json\/wp\/v2\/types\/page"}],"author":[{"embeddable":true,"href":"https:\/\/www.greenpeace.org\/romania\/wp-json\/wp\/v2\/users\/57"}],"replies":[{"embeddable":true,"href":"https:\/\/www.greenpeace.org\/romania\/wp-json\/wp\/v2\/comments?post=9345"}],"version-history":[{"count":3,"href":"https:\/\/www.greenpeace.org\/romania\/wp-json\/wp\/v2\/pages\/9345\/revisions"}],"predecessor-version":[{"id":9603,"href":"https:\/\/www.greenpeace.org\/romania\/wp-json\/wp\/v2\/pages\/9345\/revisions\/9603"}],"wp:attachment":[{"href":"https:\/\/www.greenpeace.org\/romania\/wp-json\/wp\/v2\/media?parent=9345"}],"wp:term":[{"taxonomy":"category","embeddable":true,"href":"https:\/\/www.greenpeace.org\/romania\/wp-json\/wp\/v2\/categories?post=9345"},{"taxonomy":"post_tag","embeddable":true,"href":"https:\/\/www.greenpeace.org\/romania\/wp-json\/wp\/v2\/tags?post=9345"}],"curies":[{"name":"wp","href":"https:\/\/api.w.org\/{rel}","templated":true}]}}