{"id":10064,"date":"2025-11-04T17:25:27","date_gmt":"2025-11-04T16:25:27","guid":{"rendered":"https:\/\/www.greenpeace.org\/slovakia\/?page_id=10064"},"modified":"2025-11-05T12:43:00","modified_gmt":"2025-11-05T11:43:00","slug":"masaker-medvedov-na-slovensku","status":"publish","type":"page","link":"https:\/\/www.greenpeace.org\/slovakia\/masaker-medvedov-na-slovensku\/","title":{"rendered":"Masaker medve\u010fov na Slovensku"},"content":{"rendered":"\n<p>U\u017e dlh\u0161ie sledujeme ministerstvo \u017eivotn\u00e9ho prostredia ako organizuje <strong>hromadn\u00fd lov medve\u010fov<\/strong>, a to dokonca aj v bl\u00edzkosti hran\u00edc s Po\u013eskom. <strong>Pod\u013ea n\u00e1s je to nez\u00e1konn\u00e9!<\/strong> Pre tento lov toti\u017e nevydali po\u017eadovan\u00e9 cezhrani\u010dn\u00e9 pos\u00fadenie vplyvu na \u017eivotn\u00e9 prostredie. <strong>Preto kon\u00e1me!<\/strong> <\/p>\n\n<p>Situ\u00e1cia nie je len v\u00e1\u017ena, ale aj naliehav\u00e1. Ministerstvo vynieslo rozsudok nad 350 medve\u010fmi a m\u00e1 na ruk\u00e1ch krv doteraz zabit\u00fdch 180-tich medve\u010fov od za\u010diatku tohto roka. Ilustruj\u00fa to fotografie z lovu, ktor\u00e9 z\u00edskala iniciat\u00edva My sme les na z\u00e1klade infoz\u00e1kona. <strong><em>Upozornenie: s\u00fa ve\u013emi drastick\u00e9, klikni na ne len vtedy, ak si si ist\u00ed(\u00e1), \u017ee ich chce\u0161 vidie\u0165.<\/em><\/strong><\/p>\n\n<div class=\"wp-block-group is-layout-constrained wp-block-group-is-layout-constrained\">\n<div style=\"position: relative; width: 100%; max-width: 1000px; height: 0; min-height:300px; padding-bottom: 56.25%; overflow: hidden; margin: auto;\">\n  <iframe\n    src=\"https:\/\/cdn.knightlab.com\/libs\/juxtapose\/latest\/embed\/index.html?uid=f12494fa-b995-11f0-ba1b-0e6f42328d7d\"\n    frameborder=\"0\"\n    allowfullscreen\n    style=\"position: absolute; top: 0; left: 0; width: 100%; height: 100%; border: 0;\">\n  <\/iframe>\n<\/div>\n<\/div>\n\n<div class=\"wp-block-group is-layout-constrained wp-block-group-is-layout-constrained\">\n<div style=\"position: relative; width: 100%; max-width: 1000px; height: 0; min-height:300px; padding-bottom: 56.25%; overflow: hidden; margin: auto;\">\n  <iframe\n    src=\"https:\/\/cdn.knightlab.com\/libs\/juxtapose\/latest\/embed\/index.html?uid=0c836b72-b996-11f0-ba1b-0e6f42328d7d\"\n    frameborder=\"0\"\n    allowfullscreen\n    style=\"position: absolute; top: 0; left: 0; width: 100%; height: 100%; border: 0;\">\n  <\/iframe>\n<\/div>\n<\/div>\n\n<div class=\"wp-block-group block is-layout-flow wp-block-group-is-layout-flow\">\n<div class=\"wp-block-group is-layout-constrained wp-block-group-is-layout-constrained\">\n<div style=\"position: relative; width: 100%; max-width:650px; height: auto; min-height: 499px; p adding-bottom: 56.25%; overflow: hidden; margin: auto;\">\n  <iframe\n    src=\"https:\/\/cdn.knightlab.com\/libs\/juxtapose\/latest\/embed\/index.html?uid=25515f38-b996-11f0-ba1b-0e6f42328d7d\"\n    frameborder=\"0\"\n    allowfullscreen\n    style=\"position: absolute; top: 0; left: 0; width: 100%; height: 100%; border: 0;\">\n  <\/iframe>\n<\/div>\n<\/div>\n<\/div>\n\n<hr class=\"wp-block-separator has-alpha-channel-opacity\"\/>\n\n<p class=\"has-grey-200-background-color has-background\">V reakcii na t\u00fato \u0161okuj\u00facu prax podala organiz\u00e1cia Greenpeace s podporou environment\u00e1lnych pr\u00e1vnikov z Frank Bold s\u0165a\u017enos\u0165 na slovensk\u00fa vl\u00e1du Eur\u00f3pskej komisii.<\/p>\n\n<p>Ak chce\u0161 podpori\u0165 n\u00e1\u0161 protest proti pokra\u010duj\u00facemu zab\u00edjaniu medve\u010fov, podp\u00ed\u0161, pros\u00edm, na\u0161u v\u00fdzvu vl\u00e1de:<\/p>\n\n<div class=\"wp-block-columns are-vertically-aligned-center has-action-yellow-background-color has-background is-layout-flex wp-container-core-columns-is-layout-9d6595d7 wp-block-columns-is-layout-flex\">\n<div class=\"wp-block-column is-vertically-aligned-center is-layout-flow wp-block-column-is-layout-flow\" style=\"flex-basis:66.66%\">\n<h1 class=\"wp-block-heading\" id=\"formularz\">CHR\u00c1\u0147, NESTRIE\u013dAJ<\/h1>\n\n\n\n<h2 class=\"wp-block-heading\"><strong>Pridajte sa k n\u00e1m a po\u017eaduj aj ty ukon\u010denie masakru karpatsk\u00fdch medve\u010fov!<\/strong><\/h2>\n\n\n\n<p>Vl\u00e1da sa rozhodla ignorova\u0165 osved\u010den\u00e9 opatrenia ako predch\u00e1dza\u0165 konfliktom medzi medve\u010fmi a \u013eu\u010fmi. Namiesto toho, aby uprednostnila vedecky podlo\u017een\u00e9 rie\u0161enia, rozhodla o bezoh\u013eadnom masovom odstrele medve\u010fov. Pr\u00e1ve vedecky podlo\u017een\u00e9 rie\u0161enia Slovensku ch\u00fdbaj\u00fa.<\/p>\n\n\n\n<p><strong>Medve\u010f hned\u00fd zohr\u00e1va v karpatskom ekosyst\u00e9me k\u013e\u00fa\u010dov\u00fa \u00falohu.&nbsp;<\/strong>Pom\u00e1ha udr\u017eiava\u0165 rovnov\u00e1hu a zdravie pr\u00edrodn\u00fdch biotopov t\u00fdm, \u017ee reguluje popul\u00e1cie koristi a prispieva k regener\u00e1cii rastl\u00edn.<\/p>\n\n\n\n<p><strong>\u017divoty t\u00fdchto vz\u00e1cnych zvierat s\u00fa ohrozen\u00e9, no e\u0161te nie je&nbsp;<\/strong>neskoro. Toto zbyto\u010dn\u00e9 zab\u00edjanie m\u00f4\u017eeme zastavi\u0165.&nbsp;<strong>Pridajte sa a podp\u00ed\u0161te otvoren\u00fd list.<\/strong>&nbsp;Potrebujeme skuto\u010dn\u00e9 rie\u0161enia zalo\u017een\u00e9 na vedeck\u00fdch d\u00f4kazoch, nie politicky motivovan\u00e9 rozhodnutia, ktor\u00e9 zab\u00edjaj\u00fa vo\u013ene \u017eij\u00face zvierat\u00e1.<\/p>\n<\/div>\n\n\n\n<div class=\"wp-block-column is-vertically-aligned-center is-layout-flow wp-block-column-is-layout-flow\" style=\"flex-basis:33.33%\">\n<script charset=\"utf-8\" type=\"text\/javascript\" src=\"\/\/js-eu1.hsforms.net\/forms\/embed\/v2.js\"><\/script>\n<script>\n  hbspt.forms.create({\n    portalId: \"25233859\",\n    formId: \"8506b440-a60e-4542-81fe-502bdc19c3c3\",\n    region: \"eu1\"\n  });\n<\/script>\n<\/div>\n<\/div>\n\n<p><\/p>\n","protected":false},"excerpt":{"rendered":"<p>U\u017e dlh\u0161ie sledujeme ministerstvo \u017eivotn\u00e9ho prostredia ako organizuje hromadn\u00fd lov medve\u010fov, a to dokonca aj v bl\u00edzkosti hran\u00edc s Po\u013eskom. Pod\u013ea n\u00e1s je to nez\u00e1konn\u00e9! Pre tento lov toti\u017e nevydali po\u017eadovan\u00e9 cezhrani\u010dn\u00e9 pos\u00fadenie vplyvu na \u017eivotn\u00e9 prostredie. Preto kon\u00e1me! Situ\u00e1cia nie je len v\u00e1\u017ena, ale aj naliehav\u00e1. Ministerstvo vynieslo rozsudok nad 350 medve\u010fmi a m\u00e1 [&hellip;]<\/p>\n","protected":false},"author":60,"featured_media":9772,"parent":0,"menu_order":0,"comment_status":"closed","ping_status":"closed","template":"","meta":{"ep_exclude_from_search":false,"p4_hide_page_title_checkbox":"","p4_title":"","p4_subtitle":"","p4_description":"","background_image_id":"","background_image":"","p4_button_title":"","p4_button_link":"","p4_button_link_checkbox":"","p4_og_title":"","p4_og_description":"","p4_og_image":"","p4_og_image_id":"","p4_seo_canonical_url":"","p4_campaign_name":"","p4_local_project":"","p4_basket_name":"","p4_department":"","footnotes":""},"categories":[],"tags":[],"class_list":["post-10064","page","type-page","status-publish","has-post-thumbnail","hentry"],"_links":{"self":[{"href":"https:\/\/www.greenpeace.org\/slovakia\/wp-json\/wp\/v2\/pages\/10064","targetHints":{"allow":["GET"]}}],"collection":[{"href":"https:\/\/www.greenpeace.org\/slovakia\/wp-json\/wp\/v2\/pages"}],"about":[{"href":"https:\/\/www.greenpeace.org\/slovakia\/wp-json\/wp\/v2\/types\/page"}],"author":[{"embeddable":true,"href":"https:\/\/www.greenpeace.org\/slovakia\/wp-json\/wp\/v2\/users\/60"}],"replies":[{"embeddable":true,"href":"https:\/\/www.greenpeace.org\/slovakia\/wp-json\/wp\/v2\/comments?post=10064"}],"version-history":[{"count":10,"href":"https:\/\/www.greenpeace.org\/slovakia\/wp-json\/wp\/v2\/pages\/10064\/revisions"}],"predecessor-version":[{"id":10075,"href":"https:\/\/www.greenpeace.org\/slovakia\/wp-json\/wp\/v2\/pages\/10064\/revisions\/10075"}],"wp:featuredmedia":[{"embeddable":true,"href":"https:\/\/www.greenpeace.org\/slovakia\/wp-json\/wp\/v2\/media\/9772"}],"wp:attachment":[{"href":"https:\/\/www.greenpeace.org\/slovakia\/wp-json\/wp\/v2\/media?parent=10064"}],"wp:term":[{"taxonomy":"category","embeddable":true,"href":"https:\/\/www.greenpeace.org\/slovakia\/wp-json\/wp\/v2\/categories?post=10064"},{"taxonomy":"post_tag","embeddable":true,"href":"https:\/\/www.greenpeace.org\/slovakia\/wp-json\/wp\/v2\/tags?post=10064"}],"curies":[{"name":"wp","href":"https:\/\/api.w.org\/{rel}","templated":true}]}}