{"id":10081,"date":"2025-12-01T12:18:58","date_gmt":"2025-12-01T11:18:58","guid":{"rendered":"https:\/\/www.greenpeace.org\/slovakia\/?page_id=10081"},"modified":"2026-04-08T12:54:52","modified_gmt":"2026-04-08T10:54:52","slug":"transparentnost","status":"publish","type":"page","link":"https:\/\/www.greenpeace.org\/slovakia\/transparentnost\/","title":{"rendered":"Transparentnos\u0165"},"content":{"rendered":"\n<p>V Greenpeace ver\u00edme, \u017ee transparentnos\u0165 je d\u00f4le\u017eit\u00e1. Mysl\u00edme si, \u017ee organiz\u00e1cia m\u00f4\u017ee fungova\u0165 dobre a efekt\u00edvne, ke\u010f s\u00fa d\u00f4le\u017eit\u00e9 inform\u00e1cie o jej prev\u00e1dzke \u013eahko dostupn\u00e9. Fungovanie Greenpeace je mo\u017en\u00e9 v\u010faka darom od \u013eud\u00ed, ako ste vy. Neprij\u00edmame finan\u010dn\u00e9 dary od korpor\u00e1ci\u00ed, pr\u00e1vnick\u00fdch os\u00f4b ani vl\u00e1d, \u010di ministerstiev, dokonca ani z Eur\u00f3pskej \u00fanie. Pova\u017eujeme za obzvl\u00e1\u0161\u0165 d\u00f4le\u017eit\u00fa povinnos\u0165 ka\u017ed\u00fd rok podrobne informova\u0165 o kampaniach, na ktor\u00fdch sme v danom roku pracovali, o na\u0161ich pr\u00edjmoch a o tom, na \u010do sme ich pou\u017eili. Vo <a href=\"https:\/\/www.greenpeace.org\/slovakia\/vyrocne-spravy\/\">v\u00fdro\u010dn\u00fdch spr\u00e1vach<\/a>, ktor\u00e9 zverej\u0148ujeme na na\u0161om webe, n\u00e1jdete podrobn\u00e9 v\u00fdsledky ka\u017edoro\u010dn\u00e9ho finan\u010dn\u00e9ho auditu, ktor\u00fd si u\u017e nieko\u013eko rokov nech\u00e1vame vypracova\u0165 nad r\u00e1mec z\u00e1kona. Ak m\u00e1te \u010fal\u0161ie ot\u00e1zky, ktor\u00e9 sa t\u00fdkaj\u00fa na\u0161ej transparentnosti, ozvite sa n\u00e1m.<\/p>\n\n<p class=\"has-large-font-size\"><strong>Na\u0161e pr\u00edjmy a v\u00fddavky v \u010d\u00edslach<\/strong><\/p>\n\n<p>Ro\u010dn\u00e9 pr\u00edjmy Greenpeace Slovensko v roku 2024 dosiahli 753.227 EUR. Greenpeace Slovensko je s\u00fa\u010das\u0165ou medzin\u00e1rodnej siete nez\u00e1visl\u00fdch organiz\u00e1ci\u00ed Greenpeace, od ktorej z\u00edskal grant vo v\u00fd\u0161ke 743 825 EUR. Okrem toho na\u0161a organiz\u00e1cia z\u00edskala 2 444 EUR od da\u0148ov\u00fdch poplatn\u00edkov na Slovensku, ktor\u00ed venuj\u00fa 2 alebo 3 % zo svojej dane z pr\u00edjmov fyzick\u00fdch os\u00f4b, ako aj 6 959 EUR z in\u00fdch pr\u00edjmov.<\/p>\n\n<p>Na\u0161e v\u00fddavky za rok 2024 boli 753.227 EUR. Vynalo\u017eili sme 504.745 EUR na mzdy s\u00favisiace s na\u0161imi profesion\u00e1lnymi aktivitami a oper\u00e1ciami \u2013 vr\u00e1tane dan\u00ed, odvodov a pr\u00edspevkov pre 13 zamestnancov, ktor\u00ed pre n\u00e1s v tomto roku pracovali na slovensk\u00fdch alebo medzin\u00e1rodn\u00fdch poz\u00edci\u00e1ch. Ako kampa\u0148ov\u00e1 organiz\u00e1cia vynaklad\u00e1me finan\u010dn\u00e9 prostriedky na odborn\u00fa \u010dinnos\u0165 (laborat\u00f3rne merania, publik\u00e1cie, \u0161t\u00fadie, podujatia, anal\u00fdzy, n\u00e1klady na komunik\u00e1ciu a pod.), ktor\u00e9 dop\u013a\u0148aj\u00fa v\u00fddavky potrebn\u00e9 na prev\u00e1dzku kancel\u00e1rie (pren\u00e1jom kancel\u00e1rie, re\u017eijn\u00e9 n\u00e1klady, poplatky za \u00fa\u010dtovn\u00edctvo, audit a telekomunika\u010dn\u00e9 slu\u017eby a \u010fal\u0161ie prev\u00e1dzkov\u00e9 n\u00e1klady). S\u00fa\u010det v\u0161etk\u00fdch t\u00fdchto n\u00e1kladov &#8211; zahrnut\u00fdch ako materi\u00e1lov\u00e9 n\u00e1klady do n\u00e1\u0161ho v\u00fdkazu ziskov a str\u00e1t &#8211; v roku 2024 predstavoval 202.321 EUR. Okrem toho sme za\u00fa\u010dtovali&nbsp; 21.681 EUR na odpisy n\u00e1\u0161ho majetku a nehmotn\u00e9ho majetku, \u010fal\u0161\u00edch 24.199 EUR sme vynalo\u017eili na ostatn\u00e9 v\u00fddavky a 279 EUR na finan\u010dn\u00e9 oper\u00e1cie.<\/p>\n\n<p class=\"has-large-font-size\"><strong>Ot\u00e1zky t\u00fdkaj\u00face sa darcovstva<\/strong><\/p>\n\n<p class=\"has-white-color has-dark-green-800-background-color has-text-color has-background has-link-color has-medium-font-size wp-elements-1b6eaac0b426ef30aef3cd5236432e93\">Ako m\u00f4\u017eem podpori\u0165 Greenpeace Slovensko darom?&nbsp;<\/p>\n\n<p>Najr\u00fdchlej\u0161\u00ed sp\u00f4sob, ako podpori\u0165 Greenpeace, je platobnou kartou, ktor\u00fa po vyplnen\u00ed <a href=\"https:\/\/podporujem.greenpeace.sk\/daruj\/?utm_source=greenpeace.org&amp;utm_medium=referral&amp;utm_campaign=donate+button\">jednoduch\u00e9ho dotazn\u00edka odo\u0161lete v priebehu p\u00e1r min\u00fat.<\/a><\/p>\n\n<p class=\"has-medium-font-size\">Zdru\u017eenie Greenpeace Slovensko je mo\u017en\u00e9 podpori\u0165 aj bankov\u00fdm prevodom. \u010c\u00edslo n\u00e1\u0161ho bankov\u00e9ho \u00fa\u010dtu:<\/p>\n\n<p class=\"has-medium-font-size\"><strong>IBAN: AT97 2011 1821 2964 3405<br>BIC: GIBAATWWXXX<\/strong><\/p>\n\n<p class=\"has-medium-font-size\">K platbe uve\u010f svoje kontaktn\u00e9 \u00fadaje, aby sme ti mohli po\u010fakova\u0165 za tvoj dar a v bud\u00facnosti ti posla\u0165 \u010fal\u0161ie inform\u00e1cie.<\/p>\n\n<p class=\"has-medium-font-size\">Ako prij\u00edmaj\u00faca organiz\u00e1cia ob\u010dianskej spolo\u010dnosti registrovan\u00e1 v Not\u00e1rskom centr\u00e1lnom registri ur\u010den\u00fdch pr\u00e1vnick\u00fdch os\u00f4b sme schopn\u00ed prija\u0165 aj dary vo v\u00fd\u0161ke 2 a 3 % z dane. Na\u0161e I\u010cO je 36069086.<\/p>\n\n<p class=\"has-medium-font-size\">V s\u00fa\u010dasnosti n\u00e1s pravidelne podporuje 70 \u013eud\u00ed, priemerne sumou 8 EUR mesa\u010dne, \u010do n\u00e1m ve\u013emi pom\u00e1ha pri dlhodobom pl\u00e1novan\u00ed na\u0161ej pr\u00e1ce, no s ve\u013ekou v\u010fakou prij\u00edmame aj jednorazov\u00e9 dary. Pr\u00e1ve t\u00fdmto dot\u00e1ci\u00e1m v\u010fa\u010d\u00edme za svoju politick\u00fa a finan\u010dn\u00fa nez\u00e1vislos\u0165.<\/p>\n\n<p class=\"has-medium-font-size\">V pr\u00edpade ak\u00fdchko\u013evek ot\u00e1zok t\u00fdkaj\u00facich sa podpory n\u00e1s kontaktujte e-mailom na info.slovakia@greenpeace.org.<\/p>\n\n<p><\/p>\n\n<p class=\"has-white-color has-dark-green-800-background-color has-text-color has-background has-link-color has-medium-font-size wp-elements-4aa269671c96f5cf9ec6ca182d65ac55\">Ako pravideln\u00e1 podpora prispieva k pr\u00e1ci Greenpeace Slovensko?<\/p>\n\n<p>Na dosiahnutie na\u0161ich cie\u013eov ve\u013emi potrebujeme predv\u00eddate\u013enos\u0165, ktor\u00fa n\u00e1m poskytuj\u00fa na\u0161i pravideln\u00ed darcovia. Mnoh\u00e9 z na\u0161ich probl\u00e9mov \u2013 ako napr\u00edklad klimatick\u00fa kr\u00edzu alebo pr\u00e1cu na roz\u0161irovan\u00ed povedomia o energetick\u00fdch komunit\u00e1ch \u2013 nemo\u017eno vyrie\u0161i\u0165 za mesiac alebo dva. V\u010faka pravideln\u00e9mu darovaniu dok\u00e1\u017eeme dlhodobo pl\u00e1nova\u0165 a pracova\u0165 na ekologick\u00fdch kampaniach, ktor\u00e9 trvaj\u00fa nieko\u013eko rokov.<\/p>\n\n<p><\/p>\n\n<p class=\"has-white-color has-dark-green-800-background-color has-text-color has-background has-link-color wp-elements-81cb308c62263c559831849933c551e8\">Na \u010do Greenpeace Slovensko pou\u017eije m\u00f4j dar?<\/p>\n\n<p>Pracujeme na \u0161\u00edren\u00ed konceptu energetick\u00fdch spolo\u010denstiev a roz\u0161irovan\u00ed obnovite\u013en\u00fdch zdrojov energie. Bojujeme za bud\u00facnos\u0165 bez fos\u00edlnych pal\u00edv, bez plastov, za zdrav\u00fa kl\u00edmu a tie\u017e za klimatick\u00fa spravodlivos\u0165. Rovnako je pre n\u00e1s d\u00f4le\u017eit\u00e1 biodiverzita &#8211; ochrana lesov a n\u00e1rodn\u00fdch parkov, ako aj vz\u00e1cnych \u017eivo\u010d\u00edchov, ktor\u00ed v nich \u017eij\u00fa. Navy\u0161e ako ka\u017ed\u00e1 organiz\u00e1cia, aj my m\u00e1me prirodzene prev\u00e1dzkov\u00e9 n\u00e1klady, ktor\u00e9 pokr\u00fdvame aj z darov, ktor\u00e9 dost\u00e1vame.<\/p>\n\n<p>Na v\u00fddavky s\u00favisiace s fundraisingom sme v roku 2024 minuli 11,3 % ro\u010dn\u00e9ho rozpo\u010dtu na\u0161ej organiz\u00e1cie.<\/p>\n\n<p>Viac inform\u00e1ci\u00ed o na\u0161ich kampaniach n\u00e1jdete <a href=\"http:\/\/www.greenpeace.sk\">tu<\/a>!<\/p>\n\n<p><\/p>\n\n<p class=\"has-white-color has-dark-green-800-background-color has-text-color has-background has-link-color wp-elements-9bd46f5ed21e9920379bfff61266adb1\">M\u00f4\u017eem po\u017eiada\u0165 Greenpeace Slovensko o podporu\/financovanie ur\u010dit\u00fdch environment\u00e1lnych invest\u00edci\u00ed (napr. sol\u00e1rny park) v\u00fdmenou za m\u00f4j dar?<\/p>\n\n<p>Nie, preto\u017ee Greenpeace Slovensko sa nez\u00fa\u010dast\u0148uje \u017eiadnych invest\u00edci\u00ed. To znamen\u00e1, \u017ee nem\u00e1me mo\u017enos\u0165 prideli\u0165 podporu konkr\u00e9tnemu stavebn\u00e9mu projektu, ktor\u00fd s\u00favis\u00ed s ochranou \u017eivotn\u00e9ho prostredia.<\/p>\n\n<p><\/p>\n\n<p class=\"has-white-color has-dark-green-800-background-color has-text-color has-background has-link-color wp-elements-e00bdc410cc66c9d84bff996c5a44554\">U\u017e podporujem in\u00fa mimovl\u00e1dnu organiz\u00e1ciu. Pre\u010do by som mal darova\u0165 peniaze aj Greenpeace Slovensko?<\/p>\n\n<p>Sme ve\u013emi radi, \u017ee posil\u0148ujete dom\u00e1ci ob\u010diansky sektor!<\/p>\n\n<p>Greenpeace Slovensko neprij\u00edma \u017eiadnu finan\u010dn\u00fa podporu od \u017eiadnej politickej strany alebo spolo\u010dnosti. Na\u0161a pr\u00e1ca je mo\u017en\u00e1 len v\u010faka podpore jednotlivcov, ako si ty! Poukazujeme aj na konkr\u00e9tne environment\u00e1lne probl\u00e9my a \u013eud\u00ed, ktor\u00ed s\u00fa za ne zodpovedn\u00ed. S na\u0161imi odborn\u00edkmi pon\u00fakame skuto\u010dn\u00e9 rie\u0161enia a v pr\u00edpade potreby pou\u017e\u00edvame odv\u00e1\u017ene, nen\u00e1siln\u00e9 a kreat\u00edvne sp\u00f4soby na podporu pozit\u00edvnych zmien.<\/p>\n\n<p><\/p>\n\n<p class=\"has-white-color has-dark-green-800-background-color has-text-color has-background has-link-color wp-elements-d23982b5e0b7dfc8471b2e28911096f3\">\u010co dostanem od Greenpeace Slovensko v\u00fdmenou za moju podporu?<\/p>\n\n<p>Na\u0161e \u00faspechy s\u00fa aj tvojimi \u00faspechmi: svojim darom prispieva\u0161 k tomu, aby sa Slovensko a cel\u00e1 Zem stali \u010distej\u0161\u00edm, ob\u00fdvate\u013enej\u0161\u00edm a udr\u017eate\u013enej\u0161\u00edm miestom pre \u017eivot.<\/p>\n\n<p>Darmi pre Greenpeace Slovensko m\u00f4\u017ee\u0161 prispie\u0165 na n\u00e1\u0161 boj proti klimatickej zmene, pom\u00f4\u017ee\u0161 n\u00e1m rozv\u00edja\u0165 energetick\u00e9 spolo\u010denstv\u00e1 a obnovite\u013en\u00e9 zdroje energie, bojova\u0165 s plastov\u00fdm zne\u010disten\u00edm a v neposlednom rade tie\u017e podpor\u00ed\u0161 na\u0161e aktivity na ochranu slovenskej pr\u00edrody.<\/p>\n\n<p><\/p>\n\n<p class=\"has-large-font-size\"><strong>O financi\u00e1ch Greenpeace Slovensko<\/strong><\/p>\n\n<p class=\"has-white-color has-dark-green-800-background-color has-text-color has-background has-link-color wp-elements-9c284674f927e50583b1af909a9d8ae5\">Odkia\u013e poch\u00e1dzaj\u00fa pr\u00edjmy Greenpeace Slovensko?<\/p>\n\n<p>Na\u0161e pr\u00edjmy poch\u00e1dzaj\u00fa od darov jednotlivcov na Slovensku a ke\u010f\u017ee Greenpeace Slovensko je s\u00fa\u010das\u0165ou medzin\u00e1rodnej siete nez\u00e1visl\u00fdch Greenpeace organiz\u00e1ci\u00ed, dost\u00e1va na svoje fungovanie grant zo tejto medzin\u00e1rodnej siete. Sie\u0165 Greenpeace organiz\u00e1ci\u00ed tie\u017e prij\u00edma dary v\u00fdlu\u010dne od jednotlivcov. <strong>Neprij\u00edmame \u017eiadnu finan\u010dn\u00fa podporu od \u0161t\u00e1tov, vl\u00e1d, ministerstiev, politick\u00fdch str\u00e1n alebo korpor\u00e1ci\u00ed, \u010di Eur\u00f3pskej \u00fanie<\/strong>,<strong>aby sme si udr\u017eali na\u0161u nez\u00e1vislos\u0165.<\/strong><\/p>\n\n<p class=\"has-white-color has-text-color has-link-color wp-elements-c645e628e62f8fbab9d9726851472d16\"><\/p>\n\n<p class=\"has-white-color has-dark-green-800-background-color has-text-color has-background has-link-color wp-elements-59d23e988d9ba44a84f0f13d9c0e26db\">Ako Greenpeace Slovensko zbiera dary?<\/p>\n\n<p>Greenpeace Slovensko generuje v\u00e4\u010d\u0161inu svojich dom\u00e1cich pr\u00edjmov prostredn\u00edctvom online kampan\u00ed. Okrem toho ka\u017ed\u00fd rok zbierame dary vo v\u00fd\u0161ke 2 alebo 3 % z dane.<\/p>\n\n<p><\/p>\n\n<p class=\"has-white-color has-dark-green-800-background-color has-text-color has-background has-link-color wp-elements-26b4ec9ea2d105537fbeaabb3e4a4532\">Kde s\u00fa k dispoz\u00edcii v\u00fdro\u010dn\u00e9 spr\u00e1vy Greenpeace Slovensko?<\/p>\n\n<p>Na\u0161e v\u00fdro\u010dn\u00e9 spr\u00e1vy n\u00e1jdete <a href=\"https:\/\/www.greenpeace.org\/slovakia\/vyrocne-spravy\/\">na tejto str\u00e1nke<\/a>. V\u00fdro\u010dn\u00e1 spr\u00e1va za rok, ktor\u00fd predch\u00e1dza dan\u00e9mu vykazovan\u00e9mu roku, je od j\u00fana dan\u00e9ho roku dostupn\u00e1 na webovej str\u00e1nke.<\/p>\n\n<p><\/p>\n\n<p class=\"has-white-color has-dark-green-800-background-color has-text-color has-background has-link-color wp-elements-ee678017ff744bdc8da2d16c35c6b890\">M\u00f4\u017eem pom\u00f4c\u0165 Greenpeace Slovensko aj in\u00fdm sp\u00f4sobom ako darovan\u00edm?<\/p>\n\n<p>Samozrejme! Na\u0161a pr\u00e1ca by nebola mo\u017en\u00e1 bez na\u0161ich dobrovo\u013en\u00edkov\/\u010dok a aktivistov\/iek, ktor\u00ed\/\u00e9 k n\u00e1\u0161mu \u00faspechu prispievaj\u00fa svoj\u00edm najcennej\u0161\u00edm zdrojom, svoj\u00edm vo\u013en\u00fdm \u010dasom. D\u00f4le\u017eit\u00e9 je, \u017ee ide o dobrovo\u013en\u00edctvo: ka\u017ed\u00fd sa m\u00f4\u017ee \u00faplne slobodne rozhodn\u00fa\u0165, ak\u00fdch aktiv\u00edt sa s nami z\u00fa\u010dastn\u00ed, kedy a ko\u013eko \u010dasu im venuje. Ak sa chce\u0161 dozvedie\u0165 viac alebo sa chce\u0161 sta\u0165 aktivistom*aktivistkou, <a href=\"https:\/\/konaj.greenpeace.sk\/dobrovolnici\">klikni sem<\/a>!<\/p>\n\n<p>Na\u0161u pr\u00e1cu m\u00f4\u017ee\u0161 sledova\u0165 aj prostredn\u00edctvom n\u00e1\u0161ho <a href=\"https:\/\/www.greenpeace.org\/slovakia\/newsletter\">newslettera<\/a>&nbsp;a&nbsp;na na\u0161ej <a href=\"https:\/\/www.facebook.com\/Greenpeace.sk\">Facebookovej str\u00e1nke<\/a> alebo na <a href=\"https:\/\/www.instagram.com\/greenpeace.sk\/\">Instagrame<\/a>. \u010eakujeme, \u017ee pom\u00e1ha\u0161 \u0161\u00edri\u0165 na\u0161e inform\u00e1cie!<\/p>\n\n<p><\/p>\n\n<p class=\"has-large-font-size\"><strong>Pr\u00e1vne a technick\u00e9 ot\u00e1zky<\/strong><\/p>\n\n<p class=\"has-white-color has-dark-green-800-background-color has-text-color has-background has-link-color has-medium-font-size wp-elements-87ae164c8b5ea3f7253dfb5e4ed52f60\">\u010co zaru\u010duje, \u017ee Greenpeace Slovensko spr\u00e1vne zaobch\u00e1dza s darmi?<\/p>\n\n<p>Na\u0161e finan\u010dn\u00e9 fungovanie ka\u017edoro\u010dne posudzuje a schva\u013euje nez\u00e1visl\u00fd aud\u00edtor. Greenpeace Slovensko k tomuto kroku prist\u00fapil nad r\u00e1mec z\u00e1kona, preto\u017ee n\u00e1m z\u00e1le\u017e\u00ed na transparentnosti.<\/p>\n\n<p><\/p>\n\n<p class=\"has-white-color has-dark-green-800-background-color has-text-color has-background has-link-color wp-elements-01f9efb15a168dd637d62a6d88c0121a\">\u010co sa stane s \u00fadajmi o mojej bankovej karte a osobn\u00fdmi \u00fadajmi pri darovan\u00ed?<\/p>\n\n<p>Akon\u00e1hle vypln\u00ed\u0161 svoje \u00fadaje, tvoja podpora bude automaticky odpo\u010d\u00edtan\u00e1 z tvojej bankovej karty. Greenpeace Slovensko \u017eiadnym sp\u00f4sobom nez\u00edskava inform\u00e1cie o tvojej karte alebo o z\u00e1kladn\u00fdch \u00fadajoch, \u010d\u00edslach alebo k\u00f3doch \u00fa\u010dtu a nem\u00f4\u017ee k nim z\u00edska\u0165 pr\u00edstup. Ak sa chce\u0161 dozvedie\u0165 viac o na\u0161ej ochrane \u00fadajov, pozri si na\u0161e <a href=\"https:\/\/www.greenpeace.org\/slovakia\/ochrana-osobnych-udajov\/\">z\u00e1sady ochrany osobn\u00fdch \u00fadajov.<\/a><\/p>\n\n<p>\u00dadaje o tvojej bankovej karte nesprac\u00fava Greenpeace Slovensko, ale autorizovan\u00fd poskytovate\u013e finan\u010dn\u00fdch slu\u017eieb \u2013 rovnako ako v pr\u00edpade akejko\u013evek online transakcie (napr\u00edklad online nakupovania).<\/p>\n\n<p><\/p>\n\n<p class=\"has-white-color has-dark-green-800-background-color has-text-color has-background has-link-color wp-elements-c52933e2bf3fac70095b4dddfa2c0328\">M\u00f4\u017eem si z dan\u00ed odp\u00edsa\u0165 svoju podporu Greenpeace Slovensko?<\/p>\n\n<p>\u017dia\u013e, pod\u013ea platnej legislat\u00edvy to nie je mo\u017en\u00e9.<\/p>\n\n<p><\/p>\n\n<p class=\"has-white-color has-dark-green-800-background-color has-text-color has-background has-link-color wp-elements-df3414431ef3da9456cdec7b62d4a994\">Stanem sa \u010dlenom Greenpeace, ak aspo\u0148 raz prispejem?<\/p>\n\n<p>Nie, ale ak prispeje\u0161 na\u0161ej organiz\u00e1cii, stane\u0161 sa na\u0161\u00edm podporovate\u013eom. Ak s\u00fahlas\u00ed\u0161 so zasielan\u00edm inform\u00e1ci\u00ed o tom, \u010do rob\u00edme, budeme ti pravidelne posiela\u0165 e-maily o na\u0161ich aktu\u00e1lnych aktivit\u00e1ch. Stane\u0161 sa tie\u017e s\u00fa\u010das\u0165ou neform\u00e1lnej komunity \u013eud\u00ed, ktor\u00ed veria v pozit\u00edvne zmeny \u017eivotn\u00e9ho prostredia rovnako ako ty!<\/p>\n\n<p><\/p>\n\n<p class=\"has-white-color has-dark-green-800-background-color has-text-color has-background has-link-color wp-elements-6a85b7705cb443ce221ddb8784768245\">Je mo\u017en\u00e9 zru\u0161i\u0165 pravideln\u00e9 mesa\u010dn\u00e9 prispievanie?<\/p>\n\n<p>\u00c1no, nap\u00ed\u0161 n\u00e1m email s takouto \u017eiados\u0165ou na e-mail <a href=\"mailto:info.slovakia@greenpeace.org\">info.slovakia@greenpeace.org<\/a> a my tvoje darcovstvo obratom zru\u0161\u00edme.<\/p>\n\n<p><\/p>\n\n<p><\/p>\n\n<p class=\"has-large-font-size\"><strong>V\u00fdro\u010dn\u00e9 spr\u00e1vy<\/strong><\/p>\n\n<p class=\"has-medium-font-size\"><br>Greenpeace Slovensko p\u00f4sob\u00ed ako ob\u010dianske zdru\u017eenie, preto ka\u017edoro\u010dne zverej\u0148ujeme na\u0161u v\u00fdro\u010dn\u00fa spr\u00e1vu. N\u00e1jde\u0161 ich <a href=\"https:\/\/www.greenpeace.org\/slovakia\/vyrocne-spravy\/\">tu<\/a>.<\/p>\n\n<p class=\"has-medium-font-size\"><\/p>\n\n<p><\/p>\n","protected":false},"excerpt":{"rendered":"<p>V Greenpeace ver\u00edme, \u017ee transparentnos\u0165 je d\u00f4le\u017eit\u00e1. Mysl\u00edme si, \u017ee organiz\u00e1cia m\u00f4\u017ee fungova\u0165 dobre a efekt\u00edvne, ke\u010f s\u00fa d\u00f4le\u017eit\u00e9 inform\u00e1cie o jej prev\u00e1dzke \u013eahko dostupn\u00e9. Fungovanie Greenpeace je mo\u017en\u00e9 v\u010faka darom od \u013eud\u00ed, ako ste vy. Neprij\u00edmame finan\u010dn\u00e9 dary od korpor\u00e1ci\u00ed, pr\u00e1vnick\u00fdch os\u00f4b ani vl\u00e1d, \u010di ministerstiev, dokonca ani z Eur\u00f3pskej \u00fanie. Pova\u017eujeme za obzvl\u00e1\u0161\u0165 [&hellip;]<\/p>\n","protected":false},"author":60,"featured_media":10085,"parent":0,"menu_order":0,"comment_status":"closed","ping_status":"closed","template":"","meta":{"ep_exclude_from_search":false,"p4_hide_page_title_checkbox":"","p4_title":"","p4_subtitle":"","p4_description":"","background_image_id":"","background_image":"","p4_button_title":"","p4_button_link":"","p4_button_link_checkbox":"","p4_og_title":"","p4_og_description":"","p4_og_image":"","p4_og_image_id":"","p4_seo_canonical_url":"","p4_campaign_name":"","p4_local_project":"","p4_basket_name":"","p4_department":"","footnotes":""},"categories":[],"tags":[],"class_list":["post-10081","page","type-page","status-publish","has-post-thumbnail","hentry"],"_links":{"self":[{"href":"https:\/\/www.greenpeace.org\/slovakia\/wp-json\/wp\/v2\/pages\/10081","targetHints":{"allow":["GET"]}}],"collection":[{"href":"https:\/\/www.greenpeace.org\/slovakia\/wp-json\/wp\/v2\/pages"}],"about":[{"href":"https:\/\/www.greenpeace.org\/slovakia\/wp-json\/wp\/v2\/types\/page"}],"author":[{"embeddable":true,"href":"https:\/\/www.greenpeace.org\/slovakia\/wp-json\/wp\/v2\/users\/60"}],"replies":[{"embeddable":true,"href":"https:\/\/www.greenpeace.org\/slovakia\/wp-json\/wp\/v2\/comments?post=10081"}],"version-history":[{"count":8,"href":"https:\/\/www.greenpeace.org\/slovakia\/wp-json\/wp\/v2\/pages\/10081\/revisions"}],"predecessor-version":[{"id":10206,"href":"https:\/\/www.greenpeace.org\/slovakia\/wp-json\/wp\/v2\/pages\/10081\/revisions\/10206"}],"wp:featuredmedia":[{"embeddable":true,"href":"https:\/\/www.greenpeace.org\/slovakia\/wp-json\/wp\/v2\/media\/10085"}],"wp:attachment":[{"href":"https:\/\/www.greenpeace.org\/slovakia\/wp-json\/wp\/v2\/media?parent=10081"}],"wp:term":[{"taxonomy":"category","embeddable":true,"href":"https:\/\/www.greenpeace.org\/slovakia\/wp-json\/wp\/v2\/categories?post=10081"},{"taxonomy":"post_tag","embeddable":true,"href":"https:\/\/www.greenpeace.org\/slovakia\/wp-json\/wp\/v2\/tags?post=10081"}],"curies":[{"name":"wp","href":"https:\/\/api.w.org\/{rel}","templated":true}]}}