{"id":234,"date":"2018-05-14T12:41:07","date_gmt":"2018-05-14T10:41:07","guid":{"rendered":"https:\/\/k8s.p4.greenpeace.org\/defaultcontent\/?page_id=234"},"modified":"2026-04-08T10:57:43","modified_gmt":"2026-04-08T08:57:43","slug":"o-nas","status":"publish","type":"page","link":"https:\/\/www.greenpeace.org\/slovakia\/o-nas\/","title":{"rendered":"O n\u00e1s"},"content":{"rendered":"\n\n<div class=\"wp-block-group alignfull is-layout-flow wp-block-group-is-layout-flow\">\n<div class=\"wp-block-group container is-layout-flow wp-block-group-is-layout-flow\">\n<div class=\"wp-block-media-text alignfull has-media-on-the-right is-stacked-on-mobile is-pattern-p4-page-header is-style-parallax\"><div class=\"wp-block-media-text__content\">\n<div class=\"wp-block-group is-layout-flow wp-block-group-is-layout-flow\">\n<h1 class=\"wp-block-heading has-white-background-color has-background\">\n                            O n\u00e1s\n                        <\/h1>\n<\/div>\n\n\n\n<p style=\"font-size:1.25rem\">Niektor\u00ed sa pozr\u00fa na les a vidia len drevo. My v \u0148om vid\u00edme domov \u2013 nielen pre zvierat\u00e1, ale aj ten n\u00e1\u0161. Vid\u00edme v \u0148om minulos\u0165, ktor\u00e1 n\u00e1s formovala, aj bud\u00facnos\u0165, ktor\u00fa m\u00e1me v ruk\u00e1ch. Sme Greenpeace Slovensko.<\/p>\n<\/div><figure class=\"wp-block-media-text__media\"><img loading=\"lazy\" decoding=\"async\" width=\"2500\" height=\"1667\" src=\"https:\/\/www.greenpeace.org\/static\/planet4-slovakia-stateless\/2019\/02\/a7816c56-greenpeace-mobilizing-poeple-5c835b26-gp0286y.jpg\" alt=\"\" sizes=\"auto, (min-width: 601px) 50vw, 100vw\" srcset=\"https:\/\/www.greenpeace.org\/static\/planet4-slovakia-stateless\/2019\/02\/a7816c56-greenpeace-mobilizing-poeple-5c835b26-gp0286y.jpg 2500w, https:\/\/www.greenpeace.org\/static\/planet4-slovakia-stateless\/2019\/02\/a7816c56-greenpeace-mobilizing-poeple-5c835b26-gp0286y-300x200.jpg 300w, https:\/\/www.greenpeace.org\/static\/planet4-slovakia-stateless\/2019\/02\/a7816c56-greenpeace-mobilizing-poeple-5c835b26-gp0286y-768x512.jpg 768w, https:\/\/www.greenpeace.org\/static\/planet4-slovakia-stateless\/2019\/02\/a7816c56-greenpeace-mobilizing-poeple-5c835b26-gp0286y-1024x683.jpg 1024w, https:\/\/www.greenpeace.org\/static\/planet4-slovakia-stateless\/2019\/02\/a7816c56-greenpeace-mobilizing-poeple-5c835b26-gp0286y-2048x1366.jpg 2048w, https:\/\/www.greenpeace.org\/static\/planet4-slovakia-stateless\/2019\/02\/a7816c56-greenpeace-mobilizing-poeple-5c835b26-gp0286y-510x340.jpg 510w\" class=\"wp-image-442 size-full\"\/><\/figure><\/div>\n<\/div>\n<\/div>\n\n\n<p>Sme s\u00fa\u010das\u0165ou celosvetov\u00e9ho hnutia \u013eud\u00ed, ktor\u00ed veria, \u017ee pr\u00edroda nie je \u201etam vonku\u201c \u2013 ale \u017ee my sami sme jej s\u00fa\u010das\u0165ou. Na\u0161a pr\u00e1ca nie je len o ochrane stromov, kl\u00edmy, riek \u010di oce\u00e1nov. Je o ochrane spravodlivosti, d\u00f4stojnosti, pravdy. O obrane t\u00fdch, ktor\u00fdch hlas b\u00fdva prehliadan\u00fd \u2013 \u010di u\u017e ide o miestne komunity, alebo ekosyst\u00e9my, ktor\u00e9 nemaj\u00fa vlastn\u00fdch obhajcov. Prostredn\u00edctvom v\u00fdskumu, kampan\u00ed, ob\u010dianskeho tlaku a nen\u00e1siln\u00fdch priamych akci\u00ed upozor\u0148ujeme na to, \u010do sa pod\u013ea vplyvn\u00fdch m\u00e1 skr\u00fdva\u0165 v tie\u0148och. Neboj\u00edme sa pomenova\u0165 zodpovedn\u00fdch, \u010deli\u0165 silnej\u0161\u00edm a st\u00e1\u0165 pevne za t\u00fdm, \u010do pova\u017eujeme za spr\u00e1vne. Ver\u00edme v silu kolekt\u00edvneho konania. V to, \u017ee zmena nepr\u00edde zhora, ak ju neza\u010dneme zdola. V to, \u017ee ke\u010f sa spoj\u00edme, m\u00f4\u017eeme presadzova\u0165 z\u00e1kony, ktor\u00e9 chr\u00e1nia kl\u00edmu, lesy \u010di oce\u00e1ny \u2013 a z\u00e1rove\u0148 tvori\u0165 svet, v ktorom hodnota \u017eivota nevypl\u00fdva z jeho ceny na trhu.<\/p>\n\n<p>Nez\u00e1vislos\u0165 je pre n\u00e1s z\u00e1kladom d\u00f4veryhodnosti \u2013 neberieme peniaze od \u0161t\u00e1tov ani od firiem. N\u00e1\u0161 hlas patr\u00ed verejnosti. A preto sme ob\u010das hlasn\u00ed a rob\u00edme veci, ktor\u00e9 sa niekomu m\u00f4\u017eu zda\u0165 kontroverzn\u00e9. Greenpeace nie je iba zna\u010dka. Greenpeace je spolo\u010denstvo. Ob\u010dianska sila. Odvaha kona\u0165. A ka\u017ed\u00fd, kto ver\u00ed, \u017ee spravodliv\u00fd a zdrav\u00fd svet je mo\u017en\u00fd, u\u017e teraz patr\u00ed medzi n\u00e1s.<\/p>\n\n<h2 class=\"wp-block-heading\"><strong>Na\u0161a v\u00edzia<\/strong><\/h2>\n\n<p>Ver\u00edme, \u017ee <strong>n\u00e1dej nie je naivitou<\/strong> \u2013 je to rozhodnutie nevzd\u00e1va\u0165 sa. A \u017ee <strong>odvaha neza\u010d\u00edna v\u017edy len ve\u013ek\u00fdmi gestami, ale aj ka\u017edodenn\u00fdmi \u010dinmi<\/strong>, ktor\u00e9 rob\u00edme aj vtedy, ke\u010f sa nikto nepozer\u00e1.<\/p>\n\n<p>Na\u0161a v\u00edzia stoj\u00ed na jednoduchom, ale silnom presved\u010den\u00ed: <strong>ak sa mili\u00f3ny \u013eud\u00ed odhodlaj\u00fa kona\u0165 \u2013 svet sa zmen\u00ed.<\/strong> Preto podporujeme \u013eud\u00ed, ktor\u00ed nev\u00e1haj\u00fa ozva\u0165 sa, postavi\u0165 sa za slab\u0161\u00edch, ochr\u00e1ni\u0165 to, \u010do je krehk\u00e9 a nenahradite\u013en\u00e9 &#8211; na\u0161u pr\u00edrodu.<\/p>\n\n<p>Zdie\u013eame ich pr\u00edbehy, u\u010d\u00edme sa z ich \u010dinov, povzbudzujeme ostatn\u00fdch, aby sa neb\u00e1li vyst\u00fapi\u0165 zo svojej komfortnej z\u00f3ny \u2013 nie preto, aby boli hrdinami, ale preto, \u017ee n\u00e1m v\u0161etk\u00fdm z\u00e1le\u017e\u00ed na tom istom:<\/p>\n\n<p><strong>Zelen\u00e1, spravodliv\u00e1 a mierumilovn\u00e1 bud\u00facnos\u0165 nie je ut\u00f3pia. Je to smer, ktor\u00fdm sa vieme vyda\u0165 \u2013 ak sa na to podujmeme spolo\u010dne.<\/strong><\/p>\n\n<p>Sme presved\u010den\u00ed, \u017ee tento svet netvoria len mocn\u00ed. Tvoria ho aj \u013eudia, ktor\u00ed chr\u00e1nia pr\u00edrodu, stoja s transparentmi na protestoch, opravuj\u00fa veci namiesto toho, ayb ich vyhadzovali, u\u010dia deti o tom, \u017ee na\u0161a pr\u00edroda je nenahradite\u013en\u00e1, prepisuj\u00fa z\u00e1kony, po\u010d\u00favaj\u00fa pr\u00edrodu. <strong>Tento svet tvoria \u013eudia ako ty.<\/strong><\/p>\n\n<p>Nie sme tu preto, aby sme len sn\u00edvali o zmene. Sme tu, aby sme ju robili. Ka\u017ed\u00fd de\u0148. Spolu.<\/p>\n<div data-render=\"planet4-blocks\/columns\" data-attributes=\"{&quot;attributes&quot;:{&quot;columns_block_style&quot;:&quot;icons&quot;,&quot;columns_title&quot;:&quot;Chcete vedie\\u0165 viac?&quot;,&quot;columns_description&quot;:&quot;M\\u00e1me pre v\\u00e1s viac detailov o na\\u0161ej pr\\u00e1ci. &quot;,&quot;columns&quot;:[{&quot;title&quot;:&quot;Na\\u0161e hodnoty&quot;,&quot;description&quot;:&quot;Greenpeace vyu\\u017e\\u00edva nen\\u00e1siln\\u00fa kreat\\u00edvnu akciu na to, aby dl\\u00e1\\u017edil cestu k zelen\\u0161iemu, mierumilovnej\\u0161iemu svetu a aby konfrontoval syst\\u00e9my, ktor\\u00e9 ohrozuj\\u00fa na\\u0161e \\u017eivotn\\u00e9 prostredie.&quot;,&quot;attachment&quot;:&quot;https:\\\/\\\/www.greenpeace.org\\\/static\\\/planet4-slovakia-stateless\\\/2018\\\/06\\\/b5e31e77-values-dove.png&quot;,&quot;cta_text&quot;:&quot;Pozrite sa, za \\u010d\\u00edm si stoj\\u00edme&quot;,&quot;cta_link&quot;:&quot;https:\\\/\\\/www.greenpeace.sk\\\/slovakia\\\/nase-hodnoty\\\/&quot;,&quot;link_new_tab&quot;:true,&quot;attachment_srcset&quot;:false},{&quot;title&quot;:&quot;Na\\u0161a hist\\u00f3ria&quot;,&quot;description&quot;:&quot;V 1971, na\\u0161i zakladatelia vypl\\u00e1vali na ostrov v Arkt\\u00edde. Ich misia? Zastavi\\u0165 jadrov\\u00fa bombu. Bola to cesta, ktor\\u00e1 za\\u010dala jedno hnutie a zap\\u00edsala sa do hist\\u00f3rie.&quot;,&quot;attachment&quot;:&quot;https:\\\/\\\/www.greenpeace.org\\\/static\\\/planet4-slovakia-stateless\\\/2018\\\/06\\\/2638fccd-gp-ships.png&quot;,&quot;cta_text&quot;:&quot;Objavte na\\u0161e pr\\u00edbehy&quot;,&quot;cta_link&quot;:&quot;https:\\\/\\\/www.greenpeace.sk\\\/slovakia\\\/historia-greenpeace\\\/&quot;,&quot;link_new_tab&quot;:true,&quot;attachment_srcset&quot;:false},{&quot;title&quot;:&quot;Na\\u0161e kancel\\u00e1rie&quot;,&quot;description&quot;:&quot;Spolu s 27 nez\\u00e1visl\\u00fdmi n\\u00e1rodn\\u00fdmi\\\/region\\u00e1lnymi organiz\\u00e1ciami pracujeme priamo s komunitami v prvej l\\u00ednii, zatia\\u013e \\u010do ochra\\u0148uj\\u00fa prostredie, ktor\\u00e9 naz\\u00fdvaj\\u00fa domovom.&quot;,&quot;attachment&quot;:&quot;https:\\\/\\\/www.greenpeace.org\\\/static\\\/planet4-slovakia-stateless\\\/2018\\\/06\\\/ebfa5ed4-organisation-2.png&quot;,&quot;cta_text&quot;:&quot;Kontaktujte n\\u00e1s&quot;,&quot;cta_link&quot;:&quot;https:\\\/\\\/www.greenpeace.org\\\/international\\\/explore\\\/about\\\/worldwide\\\/&quot;,&quot;link_new_tab&quot;:true,&quot;attachment_srcset&quot;:false},{&quot;title&quot;:&quot;Na\\u0161e v\\u00fdro\\u010dn\\u00e9 spr\\u00e1vy&quot;,&quot;description&quot;:&quot;Greenpeace Slovensko je hrd\\u00fd na to, \\u017ee je s\\u00fa\\u010das\\u0165ou glob\\u00e1lnej siete Greenpeace organiz\\u00e1ci\\u00ed a s rados\\u0165ou informujeme o na\\u0161ej pr\\u00e1ci.&quot;,&quot;attachment&quot;:&quot;https:\\\/\\\/www.greenpeace.org\\\/static\\\/planet4-slovakia-stateless\\\/2018\\\/06\\\/d2984151-world-map-150x150.png&quot;,&quot;cta_text&quot;:&quot;Pre\\u010d\\u00edtajte si na\\u0161e v\\u00fdro\\u010dn\\u00e9 spr\\u00e1vy&quot;,&quot;link_new_tab&quot;:true,&quot;cta_link&quot;:&quot;https:\\\/\\\/www.greenpeace.sk\\\/slovakia\\\/vyrocne-spravy\\\/&quot;,&quot;attachment_srcset&quot;:&quot;https:\\\/\\\/www.greenpeace.org\\\/static\\\/planet4-slovakia-stateless\\\/2018\\\/06\\\/d2984151-world-map-150x150.png 150w, https:\\\/\\\/www.greenpeace.org\\\/static\\\/planet4-slovakia-stateless\\\/2018\\\/06\\\/d2984151-world-map.png 241w&quot;}],&quot;className&quot;:&quot;is-style-icons&quot;}}\"><\/div>\n<div class=\"wp-block-query actions-list p4-query-loop is-custom-layout-actions-list is-custom-layout-grid is-layout-grid wp-container-core-query-is-layout-29f43435 wp-block-query-is-layout-grid\">\n<h2 class=\"wp-block-heading\"><\/h2>\n\n\n\n<p style=\"margin-top:24px;margin-bottom:32px\"><\/p>\n\n\n<div class=\"wp-block-query-no-results\">\n\n<p>No posts found.<\/p>\n\n<\/div>\n\n\n\n\n<div class=\"wp-block-buttons carousel-controls is-horizontal is-content-justification-space-between is-nowrap is-layout-flex wp-container-core-buttons-is-layout-044bd602 wp-block-buttons-is-layout-flex\">\n<div class=\"wp-block-button carousel-control-prev\"><button type=\"button\" class=\"wp-block-button__link wp-element-button\">Prev<\/button><\/div>\n\n\n\n<div class=\"wp-block-button carousel-control-next\"><button type=\"button\" class=\"wp-block-button__link wp-element-button\">Next<\/button><\/div>\n<\/div>\n\n\n\n<div class=\"wp-block-buttons load-more-actions-container is-content-justification-center is-layout-flex wp-container-core-buttons-is-layout-16018d1d wp-block-buttons-is-layout-flex\">\n<div class=\"wp-block-button is-style-secondary\"><button type=\"button\" class=\"wp-block-button__link wp-element-button\">Na\u010d\u00edta\u0165 viac<\/button><\/div>\n<\/div>\n<\/div>\n\n<div class=\"wp-block-query posts-list p4-query-loop is-custom-layout-list is-layout-flow wp-block-query-is-layout-flow\">\n<div class=\"wp-block-group is-content-justification-space-between is-layout-flex wp-container-core-group-is-layout-3d213aab wp-block-group-is-layout-flex\">\n<h2 class=\"wp-block-heading\">S\u00favisiace \u010dl\u00e1nky<\/h2>\n\n\n<li class=\" wp-block-navigation-item see-all-link wp-block-navigation-link\"><a class=\"wp-block-navigation-item__content\"  href=\"http:\/\/www.greenpeace.org\/slovakia\/news-stories\/?tag=onas\"><span class=\"wp-block-navigation-item__label\">See all stories<\/span><\/a><\/li><\/div>\n\n\n\n<p style=\"margin-top:24px;margin-bottom:36px\"><\/p>\n\n\n\n\n<ul class=\"wp-block-post-template is-layout-flow wp-block-post-template-is-layout-flow\"><li class=\"wp-block-post post-9819 post type-post status-publish format-standard has-post-thumbnail hentry category-greenpeace tag-onas p4-page-type-publikacia\">\n\n<div class=\"wp-block-columns is-layout-flex wp-container-core-columns-is-layout-9d6595d7 wp-block-columns-is-layout-flex\"><figure class=\"wp-block-post-featured-image\"><a href=\"https:\/\/www.greenpeace.org\/slovakia\/publikacia\/9819\/vyrocna-sprava-za-rok-2024\/\" target=\"_self\"  ><img loading=\"lazy\" decoding=\"async\" width=\"1600\" height=\"1066\" src=\"https:\/\/www.greenpeace.org\/static\/planet4-slovakia-stateless\/2025\/06\/da9cdc58-spolocne_silnejsi.jpg\" class=\"attachment-post-thumbnail size-post-thumbnail wp-post-image wp-stateless-item\" alt=\"V\u00fdro\u010dn\u00e1 spr\u00e1va za rok 2024 &#8211; Greenpeace Slovensko\" style=\"object-fit:cover;\" srcset=\"https:\/\/www.greenpeace.org\/static\/planet4-slovakia-stateless\/2025\/06\/da9cdc58-spolocne_silnejsi.jpg 1600w, https:\/\/www.greenpeace.org\/static\/planet4-slovakia-stateless\/2025\/06\/da9cdc58-spolocne_silnejsi-300x200.jpg 300w, https:\/\/www.greenpeace.org\/static\/planet4-slovakia-stateless\/2025\/06\/da9cdc58-spolocne_silnejsi-1024x682.jpg 1024w, https:\/\/www.greenpeace.org\/static\/planet4-slovakia-stateless\/2025\/06\/da9cdc58-spolocne_silnejsi-768x512.jpg 768w, https:\/\/www.greenpeace.org\/static\/planet4-slovakia-stateless\/2025\/06\/da9cdc58-spolocne_silnejsi-1536x1023.jpg 1536w, https:\/\/www.greenpeace.org\/static\/planet4-slovakia-stateless\/2025\/06\/da9cdc58-spolocne_silnejsi-510x340.jpg 510w\" sizes=\"auto, (max-width: 1600px) 100vw, 1600px\" data-image-size=\"post-thumbnail\" data-stateless-media-bucket=\"planet4-slovakia-stateless\" data-stateless-media-name=\"2025\/06\/da9cdc58-spolocne_silnejsi.jpg\" \/><\/a><\/figure>\n\n\n<div class=\"wp-block-group is-layout-flow wp-block-group-is-layout-flow\">\n<div class=\"wp-block-group is-layout-flex wp-block-group-is-layout-flex\"><div class=\"wp-block-post-terms\"><a href=\"https:\/\/www.greenpeace.org\/slovakia\/category\/greenpeace\/\">Greenpeace<\/a><\/div>\n\n<div class=\"taxonomy-post_tag wp-block-post-terms\"><a href=\"https:\/\/www.greenpeace.org\/slovakia\/tag\/onas\/\" rel=\"tag\">ONas<\/a><\/div><\/div>\n\n\n<h3 class=\"wp-block-post-title\"><a href=\"https:\/\/www.greenpeace.org\/slovakia\/publikacia\/9819\/vyrocna-sprava-za-rok-2024\/\" target=\"_self\" >V\u00fdro\u010dn\u00e1 spr\u00e1va za rok 2024 &#8211; Greenpeace Slovensko<\/a><\/h3>\n\n<div class=\"wp-block-post-excerpt\"><p class=\"wp-block-post-excerpt__excerpt\">Pre\u010d\u00edtajte si na\u0161u v\u00fdro\u010dn\u00fa spr\u00e1vu za rok 2024. <\/p><\/div>\n\n\n<div class=\"wp-block-group posts-list-meta is-layout-flow wp-block-group-is-layout-flow\"><span class='article-list-item-author'>Greenpeace Slovensko<\/span>\n\n<div class=\"wp-block-post-date\"><time datetime=\"2025-06-03T14:37:01+02:00\">3 j\u00fana, 2025<\/time><\/div><\/div>\n<\/div>\n<\/div>\n\n<\/li><li class=\"wp-block-post post-9676 post type-post status-publish format-standard has-post-thumbnail hentry category-greenpeace tag-onas p4-page-type-clanok\">\n\n<div class=\"wp-block-columns is-layout-flex wp-container-core-columns-is-layout-9d6595d7 wp-block-columns-is-layout-flex\"><figure class=\"wp-block-post-featured-image\"><a href=\"https:\/\/www.greenpeace.org\/slovakia\/clanok\/9676\/greenpeace-slovensko-ma-noveho-riaditela-stal-sa-nim-marek-mikle\/\" target=\"_self\"  ><img loading=\"lazy\" decoding=\"async\" width=\"1200\" height=\"738\" src=\"https:\/\/www.greenpeace.org\/static\/planet4-slovakia-stateless\/2024\/11\/ccdfcefe-marek-mikle-e1731573909345.jpg\" class=\"attachment-post-thumbnail size-post-thumbnail wp-post-image wp-stateless-item\" alt=\"Greenpeace Slovensko m\u00e1 nov\u00e9ho riadite\u013ea. Stal sa n\u00edm Marek Mikle.\" style=\"object-fit:cover;\" srcset=\"https:\/\/www.greenpeace.org\/static\/planet4-slovakia-stateless\/2024\/11\/ccdfcefe-marek-mikle-e1731573909345.jpg 1200w, https:\/\/www.greenpeace.org\/static\/planet4-slovakia-stateless\/2024\/11\/ccdfcefe-marek-mikle-e1731573909345-300x185.jpg 300w, https:\/\/www.greenpeace.org\/static\/planet4-slovakia-stateless\/2024\/11\/ccdfcefe-marek-mikle-e1731573909345-1024x630.jpg 1024w, https:\/\/www.greenpeace.org\/static\/planet4-slovakia-stateless\/2024\/11\/ccdfcefe-marek-mikle-e1731573909345-768x472.jpg 768w, https:\/\/www.greenpeace.org\/static\/planet4-slovakia-stateless\/2024\/11\/ccdfcefe-marek-mikle-e1731573909345-510x314.jpg 510w\" sizes=\"auto, (max-width: 1200px) 100vw, 1200px\" data-image-size=\"post-thumbnail\" data-stateless-media-bucket=\"planet4-slovakia-stateless\" data-stateless-media-name=\"2024\/11\/ccdfcefe-marek-mikle-e1731573909345.jpg\" \/><\/a><\/figure>\n\n\n<div class=\"wp-block-group is-layout-flow wp-block-group-is-layout-flow\">\n<div class=\"wp-block-group is-layout-flex wp-block-group-is-layout-flex\"><div class=\"wp-block-post-terms\"><a href=\"https:\/\/www.greenpeace.org\/slovakia\/category\/greenpeace\/\">Greenpeace<\/a><\/div>\n\n<div class=\"taxonomy-post_tag wp-block-post-terms\"><a href=\"https:\/\/www.greenpeace.org\/slovakia\/tag\/onas\/\" rel=\"tag\">ONas<\/a><\/div><\/div>\n\n\n<h3 class=\"wp-block-post-title\"><a href=\"https:\/\/www.greenpeace.org\/slovakia\/clanok\/9676\/greenpeace-slovensko-ma-noveho-riaditela-stal-sa-nim-marek-mikle\/\" target=\"_self\" >Greenpeace Slovensko m\u00e1 nov\u00e9ho riadite\u013ea. Stal sa n\u00edm Marek Mikle.<\/a><\/h3>\n\n<div class=\"wp-block-post-excerpt\"><p class=\"wp-block-post-excerpt__excerpt\">Slovensk\u00e1 pobo\u010dka medzin\u00e1rodnej environment\u00e1lnej organiz\u00e1cie Greenpeace m\u00e1 nov\u00e9ho \u0161\u00e9fa. Stal sa n\u00edm dlhoro\u010dn\u00fd expert na komunik\u00e1ciu a senior manager Marek Mikle, ktor\u00fd do organiz\u00e1cie pri\u0161iel zo s\u00fakromn\u00e9ho sektora. Vystrieda tak&hellip; <\/p><\/div>\n\n\n<div class=\"wp-block-group posts-list-meta is-layout-flow wp-block-group-is-layout-flow\"><span class='article-list-item-author'>Miroslava \u00c1belov\u00e1<\/span>\n\n<div class=\"wp-block-post-date\"><time datetime=\"2024-11-14T09:45:51+01:00\">14 novembra, 2024<\/time><\/div><\/div>\n<\/div>\n<\/div>\n\n<\/li><li class=\"wp-block-post post-9626 post type-post status-publish format-standard has-post-thumbnail hentry category-greenpeace category-issues tag-mier tag-onas p4-page-type-tlacova-sprava\">\n\n<div class=\"wp-block-columns is-layout-flex wp-container-core-columns-is-layout-9d6595d7 wp-block-columns-is-layout-flex\"><figure class=\"wp-block-post-featured-image\"><a href=\"https:\/\/www.greenpeace.org\/slovakia\/tlacova-sprava\/9626\/greenpeace-otvara-kancelariu-na-ukrajine\/\" target=\"_self\"  ><img loading=\"lazy\" decoding=\"async\" width=\"1920\" height=\"1080\" src=\"https:\/\/www.greenpeace.org\/static\/planet4-slovakia-stateless\/2024\/09\/9adf699f-energo-spolocenstva-2.png\" class=\"attachment-post-thumbnail size-post-thumbnail wp-post-image wp-stateless-item\" alt=\"Greenpeace otv\u00e1ra kancel\u00e1riu na Ukrajine\u00a0\" style=\"object-fit:cover;\" srcset=\"https:\/\/www.greenpeace.org\/static\/planet4-slovakia-stateless\/2024\/09\/9adf699f-energo-spolocenstva-2.png 1920w, https:\/\/www.greenpeace.org\/static\/planet4-slovakia-stateless\/2024\/09\/9adf699f-energo-spolocenstva-2-300x169.png 300w, https:\/\/www.greenpeace.org\/static\/planet4-slovakia-stateless\/2024\/09\/9adf699f-energo-spolocenstva-2-1024x576.png 1024w, https:\/\/www.greenpeace.org\/static\/planet4-slovakia-stateless\/2024\/09\/9adf699f-energo-spolocenstva-2-768x432.png 768w, https:\/\/www.greenpeace.org\/static\/planet4-slovakia-stateless\/2024\/09\/9adf699f-energo-spolocenstva-2-1536x864.png 1536w, https:\/\/www.greenpeace.org\/static\/planet4-slovakia-stateless\/2024\/09\/9adf699f-energo-spolocenstva-2-510x287.png 510w\" sizes=\"auto, (max-width: 1920px) 100vw, 1920px\" data-image-size=\"post-thumbnail\" data-stateless-media-bucket=\"planet4-slovakia-stateless\" data-stateless-media-name=\"2024\/09\/9adf699f-energo-spolocenstva-2.png\" \/><\/a><\/figure>\n\n\n<div class=\"wp-block-group is-layout-flow wp-block-group-is-layout-flow\">\n<div class=\"wp-block-group is-layout-flex wp-block-group-is-layout-flex\"><div class=\"wp-block-post-terms\"><a href=\"https:\/\/www.greenpeace.org\/slovakia\/category\/greenpeace\/\">Greenpeace<\/a><\/div>\n\n<div class=\"taxonomy-post_tag wp-block-post-terms\"><a href=\"https:\/\/www.greenpeace.org\/slovakia\/tag\/mier\/\" rel=\"tag\">Mier<\/a><span class=\"wp-block-post-terms__separator\"> <\/span><a href=\"https:\/\/www.greenpeace.org\/slovakia\/tag\/onas\/\" rel=\"tag\">ONas<\/a><\/div><\/div>\n\n\n<h3 class=\"wp-block-post-title\"><a href=\"https:\/\/www.greenpeace.org\/slovakia\/tlacova-sprava\/9626\/greenpeace-otvara-kancelariu-na-ukrajine\/\" target=\"_self\" >Greenpeace otv\u00e1ra kancel\u00e1riu na Ukrajine\u00a0<\/a><\/h3>\n\n<div class=\"wp-block-post-excerpt\"><p class=\"wp-block-post-excerpt__excerpt\">Pod\u013ea Greenpeace ide o moment hrdosti a n\u00e1deje. Najnov\u0161ia pobo\u010dka Greenpeace v Kyjeve sa zameria na boj so zlo\u010dinmi proti pr\u00edrode a na zelen\u00fa rekon\u0161trukciu.\u00a0 <\/p><\/div>\n\n\n<div class=\"wp-block-group posts-list-meta is-layout-flow wp-block-group-is-layout-flow\"><span class='article-list-item-author'><a href='https:\/\/www.greenpeace.org\/slovakia\/author\/greenpeace-slovensko\/'>Greenpeace Slovensko<\/a><\/span>\n\n<div class=\"wp-block-post-date\"><time datetime=\"2024-09-10T13:00:53+02:00\">10 septembra, 2024<\/time><\/div><\/div>\n<\/div>\n<\/div>\n\n<\/li><\/ul>\n\n\n<div class=\"wp-block-buttons carousel-controls is-horizontal is-content-justification-space-between is-nowrap is-layout-flex wp-container-core-buttons-is-layout-044bd602 wp-block-buttons-is-layout-flex\">\n<div class=\"wp-block-button carousel-control-prev\"><button type=\"button\" class=\"wp-block-button__link wp-element-button\">Prev<\/button><\/div>\n\n\n\n<div class=\"wp-block-button carousel-control-next\"><button type=\"button\" class=\"wp-block-button__link wp-element-button\">Next<\/button><\/div>\n<\/div>\n\n\n<li class=\" wp-block-navigation-item see-all-link wp-block-navigation-link\"><a class=\"wp-block-navigation-item__content\"  href=\"http:\/\/www.greenpeace.org\/slovakia\/news-stories\/?tag=onas\"><span class=\"wp-block-navigation-item__label\">See all stories<\/span><\/a><\/li><\/div>\n<div data-render=\"planet4-blocks\/happypoint\" data-attributes=\"{&quot;attributes&quot;:{&quot;id&quot;:12023,&quot;override_default_content&quot;:true,&quot;local_content_provider&quot;:&quot;iframe_url&quot;,&quot;opacity&quot;:30}}\"><\/div>","protected":false},"excerpt":{"rendered":"<p>Sme s\u00fa\u010das\u0165ou celosvetov\u00e9ho hnutia \u013eud\u00ed, ktor\u00ed veria, \u017ee pr\u00edroda nie je \u201etam vonku\u201c \u2013 ale \u017ee my sami sme jej s\u00fa\u010das\u0165ou. Na\u0161a pr\u00e1ca nie je len o ochrane stromov, kl\u00edmy, riek \u010di oce\u00e1nov. Je o ochrane spravodlivosti, d\u00f4stojnosti, pravdy. O obrane t\u00fdch, ktor\u00fdch hlas b\u00fdva prehliadan\u00fd \u2013 \u010di u\u017e ide o miestne komunity, alebo ekosyst\u00e9my, [&hellip;]<\/p>\n","protected":false},"author":1,"featured_media":442,"parent":0,"menu_order":0,"comment_status":"closed","ping_status":"closed","template":"","meta":{"ep_exclude_from_search":false,"p4_hide_page_title_checkbox":"on","p4_title":"","p4_subtitle":"","p4_description":"","background_image_id":"","background_image":"","p4_button_title":"","p4_button_link":"","p4_button_link_checkbox":"","p4_og_title":"","p4_og_description":"","p4_og_image":"","p4_og_image_id":"","p4_seo_canonical_url":"","p4_campaign_name":"not set","p4_local_project":"","p4_basket_name":"not set","p4_department":"","footnotes":""},"categories":[21],"tags":[],"class_list":["post-234","page","type-page","status-publish","has-post-thumbnail","hentry","category-greenpeace"],"_links":{"self":[{"href":"https:\/\/www.greenpeace.org\/slovakia\/wp-json\/wp\/v2\/pages\/234","targetHints":{"allow":["GET"]}}],"collection":[{"href":"https:\/\/www.greenpeace.org\/slovakia\/wp-json\/wp\/v2\/pages"}],"about":[{"href":"https:\/\/www.greenpeace.org\/slovakia\/wp-json\/wp\/v2\/types\/page"}],"author":[{"embeddable":true,"href":"https:\/\/www.greenpeace.org\/slovakia\/wp-json\/wp\/v2\/users\/1"}],"replies":[{"embeddable":true,"href":"https:\/\/www.greenpeace.org\/slovakia\/wp-json\/wp\/v2\/comments?post=234"}],"version-history":[{"count":20,"href":"https:\/\/www.greenpeace.org\/slovakia\/wp-json\/wp\/v2\/pages\/234\/revisions"}],"predecessor-version":[{"id":10204,"href":"https:\/\/www.greenpeace.org\/slovakia\/wp-json\/wp\/v2\/pages\/234\/revisions\/10204"}],"wp:featuredmedia":[{"embeddable":true,"href":"https:\/\/www.greenpeace.org\/slovakia\/wp-json\/wp\/v2\/media\/442"}],"wp:attachment":[{"href":"https:\/\/www.greenpeace.org\/slovakia\/wp-json\/wp\/v2\/media?parent=234"}],"wp:term":[{"taxonomy":"category","embeddable":true,"href":"https:\/\/www.greenpeace.org\/slovakia\/wp-json\/wp\/v2\/categories?post=234"},{"taxonomy":"post_tag","embeddable":true,"href":"https:\/\/www.greenpeace.org\/slovakia\/wp-json\/wp\/v2\/tags?post=234"}],"curies":[{"name":"wp","href":"https:\/\/api.w.org\/{rel}","templated":true}]}}