{"id":30,"date":"2018-05-08T15:56:58","date_gmt":"2018-05-08T15:56:58","guid":{"rendered":"https:\/\/k8s.p4.greenpeace.org\/defaultcontent\/?page_id=30"},"modified":"2025-06-23T16:45:39","modified_gmt":"2025-06-23T14:45:39","slug":"postav-sa-klimatickej-krize","status":"publish","type":"page","link":"https:\/\/www.greenpeace.org\/slovakia\/konaj\/postav-sa-klimatickej-krize\/","title":{"rendered":"Postav sa klimatickej kr\u00edze"},"content":{"rendered":"\n                \n                <div class=\"wp-block-group alignfull is-layout-flow wp-block-group-is-layout-flow\">\n                \n                <div class=\"wp-block-group container is-layout-flow wp-block-group-is-layout-flow\">\n                \n                <div class=\"wp-block-media-text alignfull has-media-on-the-right is-stacked-on-mobile is-pattern-p4-page-header is-style-parallax\">\n\n                <div class=\"wp-block-media-text__content\">\n                    <div class=\"wp-block-group is-layout-flow wp-block-group-is-layout-flow\">\n                    \n                        <h1 class=\"wp-block-heading has-white-background-color has-background\">\n                            Postav sa klimatickej kr\u00edze\n                        <\/h1>\n                    <\/div>\n                \n\n                \n                        <p style=\"font-size:1.25rem\">\n                            V\u0161etci si zasl\u00fa\u017eime udr\u017eate\u013en\u00fa bud\u00facnos\u0165 na tejto plan\u00e9te. Klimatick\u00e1 kr\u00edza je tu, re\u00e1lna a aktu\u00e1lna. \u013dudia po celom svete sa sp\u00e1jaj\u00fa, aby dosiahli zmeny, ktor\u00e9 poved\u00fa k zvl\u00e1dnutiu najv\u00e4\u010d\u0161ej v\u00fdzvy, akej ako \u013eudstvo \u010del\u00edme. Spolo\u010dne mus\u00edme zatla\u010di\u0165 na vl\u00e1dy a firmy, aby podnikli kroky, ktor\u00e9 poved\u00fa k zni\u017eovaniu emisi\u00ed sklen\u00edkov\u00fdch plynov. Teraz m\u00e1me e\u0161te \u0161ancu zvr\u00e1ti\u0165 klimatick\u00fa kr\u00edzu. Dok\u00e1\u017eeme to len spolo\u010dne.\n                        <\/p>\n                    \n\n                \n\n                <\/div>\n                <figure class=\"wp-block-media-text__media\">\n                    <img loading=\"lazy\" decoding=\"async\" width=\"1200\" height=\"799\"\n                        src=\"https:\/\/www.greenpeace.org\/static\/planet4-slovakia-stateless\/2019\/11\/3e40a45a-gp0sttxta.jpg\"\n                        alt=\"\"\n                        sizes=\"auto, (min-width: 601px) 50vw, 100vw\" srcset=\"\" class=\"wp-image-1006 size-full\"\n                    \/>\n                <\/figure>\n                <\/div>\n                \n                <\/div>\n                \n                <\/div>\n                \n                <div data-render=\"planet4-blocks\/columns\" data-attributes=\"{&quot;attributes&quot;:{&quot;columns_block_style&quot;:&quot;no_image&quot;,&quot;columns&quot;:[{&quot;title&quot;:&quot;Pre\\u010do je to d\\u00f4le\\u017eit\\u00e9&quot;,&quot;description&quot;:&quot;Plan\\u00e9ta sa otep\\u013euje, moria st\\u00fapaj\\u00fa a \\u013eadovce sa topia. Extr\\u00e9mne prejavy po\\u010dasia, such\\u00e1, po\\u017eiare \\u010di naopak z\\u00e1plavy, sledujeme po celom svete v priamom prenose. Vedci bij\\u00fa na poplach a prich\\u00e1dzaj\\u00fa so st\\u00e1le alarmuj\\u00facej\\u0161\\u00edmi modelmi toho, kam ako \\u013eudstvo smerujeme a ako ni\\u010d\\u00edme jedin\\u00fa plan\\u00e9tu, na ktorej vieme \\u017ei\\u0165. My v\\u0161etci m\\u00e1me pr\\u00e1vo na klimatick\\u00fa spravodlivos\\u0165, na bezpe\\u010dn\\u00fd \\u017eivot a ochranu pr\\u00edrodn\\u00fdch zdrojov a biodiverzity. Pr\\u00e1ve teraz m\\u00e1me jedine\\u010dn\\u00fa \\u0161ancu to dosiahnu\\u0165. Klimatick\\u00e9 hnutie rastie ale mus\\u00ed r\\u00e1s\\u0165 e\\u0161te viac. Iba v spojen\\u00ed je sila, ktor\\u00e1 dosiahne zmenu.&quot;,&quot;attachment&quot;:0,&quot;cta_link&quot;:&quot;&quot;,&quot;cta_text&quot;:&quot;&quot;,&quot;link_new_tab&quot;:false},{&quot;title&quot;:&quot;Probl\\u00e9m&quot;,&quot;description&quot;:&quot;Nem\\u00e1me \\u010das viac ot\\u00e1\\u013ea\\u0165. Potrebujeme kona\\u0165, a to \\u010do naj\\u00fa\\u010dinnej\\u0161ie a najefekt\\u00edvnej\\u0161ie. Potrebujeme syst\\u00e9mov\\u00e9 zmeny, ktor\\u00e9 vedia urobi\\u0165 len vl\\u00e1dy a korpor\\u00e1cie. Posledn\\u00e9 desiatky rokov nedostato\\u010dnej \\u010dinnosti n\\u00e1m ukazuj\\u00fa, \\u017ee to bez n\\u00e1\\u0161ho tlaku to neurobia. U\\u017e nepotrebujeme viac d\\u00e1t a potvrden\\u00ed, u\\u017e nie je \\u010das diskutova\\u0165 s klimatick\\u00fdmi popiera\\u010dmi. Je \\u010das za\\u010da\\u0165 n\\u00e1ro\\u010dn\\u00fa ale plan\\u00e9tu zachra\\u0148uj\\u00facu zmenu v\\u0161etk\\u00fdch n\\u00e1s.&quot;,&quot;attachment&quot;:0,&quot;cta_link&quot;:&quot;&quot;,&quot;cta_text&quot;:&quot;&quot;,&quot;link_new_tab&quot;:false}]}}\"><\/div><div data-render=\"planet4-blocks\/gallery\" data-attributes=\"{&quot;attributes&quot;:{&quot;multiple_image&quot;:&quot;1005,1004,1003&quot;,&quot;image_data&quot;:[{&quot;url&quot;:&quot;https:\\\/\\\/www.greenpeace.org\\\/static\\\/planet4-slovakia-stateless\\\/2019\\\/11\\\/690af8ce-gp0sttbmu.jpg&quot;,&quot;focalPoint&quot;:{&quot;x&quot;:0.5,&quot;y&quot;:0.5},&quot;id&quot;:&quot;1003&quot;},{&quot;url&quot;:&quot;https:\\\/\\\/www.greenpeace.org\\\/static\\\/planet4-slovakia-stateless\\\/2019\\\/11\\\/76e23d0f-gp0stqlqj.jpg&quot;,&quot;focalPoint&quot;:{&quot;x&quot;:0.5,&quot;y&quot;:0.5},&quot;id&quot;:&quot;1004&quot;},{&quot;url&quot;:&quot;https:\\\/\\\/www.greenpeace.org\\\/static\\\/planet4-slovakia-stateless\\\/2019\\\/11\\\/afd75e82-gp0sttutb.jpg&quot;,&quot;focalPoint&quot;:{&quot;x&quot;:0.5,&quot;y&quot;:0.5},&quot;id&quot;:&quot;1005&quot;}],&quot;gallery_block_style&quot;:0,&quot;gallery_block_title&quot;:&quot;&quot;,&quot;gallery_block_description&quot;:&quot;&quot;,&quot;gallery_block_focus_points&quot;:&quot;&quot;,&quot;images&quot;:[{&quot;image_src&quot;:&quot;https:\\\/\\\/www.greenpeace.org\\\/static\\\/planet4-slovakia-stateless\\\/2019\\\/11\\\/afd75e82-gp0sttutb.jpg&quot;,&quot;image_srcset&quot;:false,&quot;image_sizes&quot;:false,&quot;alt_text&quot;:&quot;Frying Earth Action in Bratislava. \\u00a9 Greenpeace&quot;,&quot;caption&quot;:&quot;&quot;,&quot;focus_image&quot;:&quot;&quot;,&quot;credits&quot;:&quot;\\u00a9 Greenpeace&quot;},{&quot;image_src&quot;:&quot;https:\\\/\\\/www.greenpeace.org\\\/static\\\/planet4-slovakia-stateless\\\/2019\\\/11\\\/76e23d0f-gp0stqlqj.jpg&quot;,&quot;image_srcset&quot;:false,&quot;image_sizes&quot;:false,&quot;alt_text&quot;:&quot;Thai Communities join Global Break Free Activities against Fossil Fuels. \\u00a9 Arun Sooksukpai \\\/ Greenpeace&quot;,&quot;caption&quot;:&quot;&quot;,&quot;focus_image&quot;:&quot;&quot;,&quot;credits&quot;:&quot;\\u00a9 Arun Sooksukpai \\\/ Greenpeace&quot;},{&quot;image_src&quot;:&quot;https:\\\/\\\/www.greenpeace.org\\\/static\\\/planet4-slovakia-stateless\\\/2019\\\/11\\\/690af8ce-gp0sttbmu.jpg&quot;,&quot;image_srcset&quot;:false,&quot;image_sizes&quot;:false,&quot;alt_text&quot;:&quot;Fridays for Future - Global Student Strike in Prague. \\u00a9 Petr Zewlakk Vrabec \\\/ Greenpeace&quot;,&quot;caption&quot;:&quot;&quot;,&quot;focus_image&quot;:&quot;&quot;,&quot;credits&quot;:&quot;\\u00a9 Petr Zewlakk Vrabec \\\/ Greenpeace&quot;}]}}\"><\/div><div data-render=\"planet4-blocks\/columns\" data-attributes=\"{&quot;attributes&quot;:{&quot;columns_block_style&quot;:&quot;tasks&quot;,&quot;columns_title&quot;:&quot;&quot;,&quot;columns_description&quot;:&quot;&quot;,&quot;columns&quot;:[{&quot;title&quot;:&quot;Argumentuj &quot;,&quot;description&quot;:&quot;Zisti odpovede nanaj\\u010daste\\u0161ie klimatick\\u00e9 m\\u00fdty.&quot;,&quot;cta_link&quot;:&quot;www.google.com&quot;,&quot;cta_text&quot;:&quot;Zisti viac&quot;,&quot;link_new_tab&quot;:false},{&quot;title&quot;:&quot;Pridaj sa k n\\u00e1m&quot;,&quot;description&quot;:&quot;Spolu s nami m\\u00f4\\u017ee\\u0161 bojova\\u0165 za lep\\u0161ie opatrenia na klimatick\\u00fa kr\\u00edzu.&quot;,&quot;cta_link&quot;:&quot;&quot;,&quot;cta_text&quot;:&quot;&quot;,&quot;link_new_tab&quot;:false},{&quot;title&quot;:&quot;Zapoj sa do klimatick\\u00e9ho hnutia &quot;,&quot;description&quot;:&quot;Je jedno \\u010di si \\u0161tudent alebo nie, pridaj sa ku klimatick\\u00fdm \\u0161trajkom. V\\u0161etci mus\\u00edme povsta\\u0165 za kl\\u00edmu.&quot;,&quot;cta_link&quot;:&quot;https:\\\/\\\/www.facebook.com\\\/zabuducnostklimy\\\/&quot;,&quot;cta_text&quot;:&quot;Click here&quot;,&quot;link_new_tab&quot;:false}]}}\"><\/div><div data-render=\"planet4-blocks\/happypoint\" data-attributes=\"{&quot;attributes&quot;:{&quot;mailing_list_iframe&quot;:true,&quot;opacity&quot;:30,&quot;override_default_content&quot;:false,&quot;local_content_provider&quot;:&quot;none&quot;}}\"><\/div>","protected":false},"excerpt":{"rendered":"<p>V\u0161etci si zasl\u00fa\u017eime udr\u017eate\u013en\u00fa bud\u00facnos\u0165 na tejto plan\u00e9te. Klimatick\u00e1 kr\u00edza je tu, re\u00e1lna a aktu\u00e1lna.<\/p>\n","protected":false},"author":1,"featured_media":1006,"parent":9,"menu_order":0,"comment_status":"closed","ping_status":"closed","template":"","meta":{"ep_exclude_from_search":false,"p4_hide_page_title_checkbox":"on","p4_title":"","p4_subtitle":"","p4_description":"","background_image_id":"","background_image":"","p4_button_title":"","p4_button_link":"","p4_button_link_checkbox":"","p4_og_title":"","p4_og_description":"","p4_og_image":"","p4_og_image_id":"","p4_seo_canonical_url":"","p4_campaign_name":"not set","p4_local_project":"","p4_basket_name":"not set","p4_department":"","footnotes":""},"categories":[3],"tags":[6],"class_list":["post-30","page","type-page","status-publish","has-post-thumbnail","hentry","category-zmen","tag-klimatickakriza"],"_links":{"self":[{"href":"https:\/\/www.greenpeace.org\/slovakia\/wp-json\/wp\/v2\/pages\/30","targetHints":{"allow":["GET"]}}],"collection":[{"href":"https:\/\/www.greenpeace.org\/slovakia\/wp-json\/wp\/v2\/pages"}],"about":[{"href":"https:\/\/www.greenpeace.org\/slovakia\/wp-json\/wp\/v2\/types\/page"}],"author":[{"embeddable":true,"href":"https:\/\/www.greenpeace.org\/slovakia\/wp-json\/wp\/v2\/users\/1"}],"replies":[{"embeddable":true,"href":"https:\/\/www.greenpeace.org\/slovakia\/wp-json\/wp\/v2\/comments?post=30"}],"version-history":[{"count":16,"href":"https:\/\/www.greenpeace.org\/slovakia\/wp-json\/wp\/v2\/pages\/30\/revisions"}],"predecessor-version":[{"id":9840,"href":"https:\/\/www.greenpeace.org\/slovakia\/wp-json\/wp\/v2\/pages\/30\/revisions\/9840"}],"up":[{"embeddable":true,"href":"https:\/\/www.greenpeace.org\/slovakia\/wp-json\/wp\/v2\/pages\/9"}],"wp:featuredmedia":[{"embeddable":true,"href":"https:\/\/www.greenpeace.org\/slovakia\/wp-json\/wp\/v2\/media\/1006"}],"wp:attachment":[{"href":"https:\/\/www.greenpeace.org\/slovakia\/wp-json\/wp\/v2\/media?parent=30"}],"wp:term":[{"taxonomy":"category","embeddable":true,"href":"https:\/\/www.greenpeace.org\/slovakia\/wp-json\/wp\/v2\/categories?post=30"},{"taxonomy":"post_tag","embeddable":true,"href":"https:\/\/www.greenpeace.org\/slovakia\/wp-json\/wp\/v2\/tags?post=30"}],"curies":[{"name":"wp","href":"https:\/\/api.w.org\/{rel}","templated":true}]}}