{"id":423,"date":"2019-02-15T12:47:35","date_gmt":"2019-02-15T11:47:35","guid":{"rendered":"https:\/\/k8s.p4.greenpeace.org\/defaultcontent\/?page_id=423"},"modified":"2026-04-08T10:57:39","modified_gmt":"2026-04-08T08:57:39","slug":"jedlo","status":"publish","type":"page","link":"https:\/\/www.greenpeace.org\/slovakia\/objavuj\/zmen\/jedlo\/","title":{"rendered":"#Jedlo"},"content":{"rendered":"\n                    <div class=\"wp-block-group is-vertical is-layout-flex wp-container-core-group-is-layout-8cf370e7 wp-block-group-is-layout-flex\">\n                    \n                                <p><span style=\"font-weight: 400\">Jedlo n\u00e1s v\u0161etk\u00fdch sp\u00e1ja a to, \u010do jeme m\u00e1 n\u00e1sledky pre ka\u017ed\u00e9ho z n\u00e1s. V\u0161etci chceme plnohodnotn\u00fa bud\u00facnos\u0165 pre n\u00e1s a na\u0161u plan\u00e9tu. Bud\u00facnos\u0165, ktor\u00e1 zaru\u010d\u00ed, \u017ee na\u0161e deti bud\u00fa \u017ei\u0165 vo svete s \u010derstv\u00fdm vzduchom, majest\u00e1tnymi lesmi a stabilnou kl\u00edmou. Bud\u00facnos\u0165, kde v\u0161etci bud\u00fa ma\u0165 pr\u00edstup k \u010distej vode a zdrav\u00e9mu, v\u00fd\u017eivn\u00e9mu jedlu.\u00a0<\/span>\r\n<span style=\"font-weight: 400\">Av\u0161ak na\u0161a bud\u00facnos\u0165 je ohrozen\u00e1 priemyseln\u00fdm po\u013enohospod\u00e1rstvom, a to hlavne priemyselnou produkciou \u017eivo\u010d\u00ed\u0161nych v\u00fdrobkov. Intenz\u00edvna produkcia m\u00e4sa a mlieka ni\u010d\u00ed pralesy, zne\u010dis\u0165uje vodu, decimuje biodiverzitu, ohrozuje na\u0161e zdravie a v\u00fdznamne prispieva ku klimatickej kr\u00edze.\u00a0<\/span>\r\n<span style=\"font-weight: 400\">Na tom, ak\u00e9 jedlo polo\u017e\u00edme denne na tanier z\u00e1le\u017e\u00ed. Potrebujeme ur\u00fdchlene zn\u00ed\u017ei\u0165 na\u0161u spotrebu \u017eivo\u010d\u00ed\u0161nych produktov a \u017eiada\u0165 podporu prechodu na ekologick\u00e9 formy po\u013enohospod\u00e1rstva.\u00a0<\/span>\r\n<span style=\"font-weight: 400\">\u017diadajme spolu potravinov\u00fd syst\u00e9m, ktor\u00fd je spravodliv\u00fd a udr\u017eate\u013en\u00fd pre farm\u00e1rov, zvierat\u00e1 a \u017eivotn\u00e9 prostredie. <\/span><\/p>\n                            \n\n                    \n                    <\/div>\n                    \n        <div class=\"wp-block-query actions-list p4-query-loop is-custom-layout-actions-list is-custom-layout-grid is-layout-grid wp-container-core-query-is-layout-29f43435 wp-block-query-is-layout-grid\"><h2 class=\"wp-block-heading\"><\/h2>\n        <p style=\"margin-top: 24px; margin-bottom: 32px;\"><\/p>\n        <div class=\"wp-block-query-no-results\">\n        <p >No posts found.<\/p>\n        <\/div>\n        \n        \n<div class=\"wp-block-buttons carousel-controls is-horizontal is-content-justification-space-between is-nowrap is-layout-flex wp-container-core-buttons-is-layout-044bd602 wp-block-buttons-is-layout-flex\">\n            <div class=\"wp-block-button carousel-control-prev\"><button type=\"button\" class=\"wp-block-button__link wp-element-button\">Prev<\/button><\/div>\n        \n\n            <div class=\"wp-block-button carousel-control-next\"><button type=\"button\" class=\"wp-block-button__link wp-element-button\">Next<\/button><\/div>\n        <\/div>\n\n        \n<div class=\"wp-block-buttons load-more-actions-container is-content-justification-center is-layout-flex wp-container-core-buttons-is-layout-16018d1d wp-block-buttons-is-layout-flex\">\n                <div class=\"wp-block-button is-style-secondary\"><button type=\"button\" class=\"wp-block-button__link wp-element-button\">Na\u010d\u00edta\u0165 viac<\/button><\/div>\n            \n<\/div>\n<\/div>\n        \n    <div class=\"wp-block-query posts-list p4-query-loop is-custom-layout-list is-layout-flow wp-block-query-is-layout-flow\">\n        <div class=\"wp-block-group is-content-justification-space-between is-layout-flex wp-container-core-group-is-layout-3d213aab wp-block-group-is-layout-flex\"><h2 class=\"wp-block-heading\">S\u00favisiace \u010dl\u00e1nky<\/h2>\n        <li class=\" wp-block-navigation-item see-all-link wp-block-navigation-link\"><a class=\"wp-block-navigation-item__content\"  href=\"http:\/\/www.greenpeace.org\/slovakia\/news-stories\/?tag=jedlo\"><span class=\"wp-block-navigation-item__label\">See all stories<\/span><\/a><\/li>\n        \n        <\/div>\n        \n\n    <p style=\"margin-top: 24px; margin-bottom: 36px;\"><\/p>\n\n    \n\n    <ul class=\"wp-block-post-template is-layout-flow wp-block-post-template-is-layout-flow\"><li class=\"wp-block-post post-9785 post type-post status-publish format-standard has-post-thumbnail hentry category-chran category-zmen tag-jedlo tag-doprava tag-klimatickakriza p4-page-type-tlacova-sprava\">\n            \n<div class=\"wp-block-columns is-layout-flex wp-container-core-columns-is-layout-9d6595d7 wp-block-columns-is-layout-flex\"><figure class=\"wp-block-post-featured-image\"><a href=\"https:\/\/www.greenpeace.org\/slovakia\/tlacova-sprava\/9785\/greenpeace-velka-noc-moze-byt-udrzatelna-staci-par-malych-zmien\/\" target=\"_self\"  ><img loading=\"lazy\" decoding=\"async\" width=\"800\" height=\"533\" src=\"https:\/\/www.greenpeace.org\/static\/planet4-slovakia-stateless\/2025\/04\/3f5bb585-gp0stoasb_low-res-800px.jpg\" class=\"attachment-post-thumbnail size-post-thumbnail wp-post-image wp-stateless-item\" alt=\"Greenpeace: Ve\u013ek\u00e1 noc m\u00f4\u017ee by\u0165 udr\u017eate\u013en\u00e1 \u2013 sta\u010d\u00ed p\u00e1r mal\u00fdch zmien\" style=\"object-fit:cover;\" srcset=\"https:\/\/www.greenpeace.org\/static\/planet4-slovakia-stateless\/2025\/04\/3f5bb585-gp0stoasb_low-res-800px.jpg 800w, https:\/\/www.greenpeace.org\/static\/planet4-slovakia-stateless\/2025\/04\/3f5bb585-gp0stoasb_low-res-800px-300x200.jpg 300w, https:\/\/www.greenpeace.org\/static\/planet4-slovakia-stateless\/2025\/04\/3f5bb585-gp0stoasb_low-res-800px-768x512.jpg 768w, https:\/\/www.greenpeace.org\/static\/planet4-slovakia-stateless\/2025\/04\/3f5bb585-gp0stoasb_low-res-800px-510x340.jpg 510w\" sizes=\"auto, (max-width: 800px) 100vw, 800px\" data-image-size=\"post-thumbnail\" data-stateless-media-bucket=\"planet4-slovakia-stateless\" data-stateless-media-name=\"2025\/04\/3f5bb585-gp0stoasb_low-res-800px.jpg\" \/><\/a><\/figure>\n\n        <div class=\"wp-block-group is-layout-flow wp-block-group-is-layout-flow\">\n                <div class=\"wp-block-group is-layout-flex wp-block-group-is-layout-flex\"><div class=\"wp-block-post-terms\"><a href=\"https:\/\/www.greenpeace.org\/slovakia\/category\/issues\/chran\/\">Chr\u00e1\u0148<\/a><\/div>\n                <div class=\"taxonomy-post_tag wp-block-post-terms\"><a href=\"https:\/\/www.greenpeace.org\/slovakia\/tag\/jedlo\/\" rel=\"tag\">Jedlo<\/a><span class=\"wp-block-post-terms__separator\"> <\/span><a href=\"https:\/\/www.greenpeace.org\/slovakia\/tag\/doprava\/\" rel=\"tag\">Doprava<\/a><span class=\"wp-block-post-terms__separator\"> <\/span><a href=\"https:\/\/www.greenpeace.org\/slovakia\/tag\/klimatickakriza\/\" rel=\"tag\">Klimatick\u00e1Kr\u00edza<\/a><\/div>\n                \n                <\/div>\n                \n        <h3 class=\"wp-block-post-title\"><a href=\"https:\/\/www.greenpeace.org\/slovakia\/tlacova-sprava\/9785\/greenpeace-velka-noc-moze-byt-udrzatelna-staci-par-malych-zmien\/\" target=\"_self\" >Greenpeace: Ve\u013ek\u00e1 noc m\u00f4\u017ee by\u0165 udr\u017eate\u013en\u00e1 \u2013 sta\u010d\u00ed p\u00e1r mal\u00fdch zmien<\/a><\/h3>\n        <div class=\"wp-block-post-excerpt\"><p class=\"wp-block-post-excerpt__excerpt\">Zelen\u0161ie sviatky s\u00fa nielen mo\u017en\u00e9, ale aj potrebn\u00e9. Greenpeace Slovensko v predve\u013ekono\u010dnom obdob\u00ed upozor\u0148uje, \u017ee aj tradi\u010dn\u00e9 sviatky, ako je Ve\u013ek\u00e1 noc, m\u00f4\u017eu ma\u0165 v\u00fdrazn\u00e9 environment\u00e1lny vplyv \u2013 od plytvania&hellip; <\/p><\/div>\n        \n        <div class=\"wp-block-group posts-list-meta is-layout-flow wp-block-group-is-layout-flow\"><span class='article-list-item-author'>Mirka \u00c1belov\u00e1<\/span>\n        <div class=\"wp-block-post-date\"><time datetime=\"2025-04-16T11:04:30+02:00\">16 apr\u00edla, 2025<\/time><\/div>\n        \n        <\/div>\n        <\/div>\n        <\/div>\n\n            <\/li><li class=\"wp-block-post post-5643 post type-post status-publish format-standard has-post-thumbnail hentry category-chran category-greenpeace tag-jedlo p4-page-type-clanok\">\n            \n<div class=\"wp-block-columns is-layout-flex wp-container-core-columns-is-layout-9d6595d7 wp-block-columns-is-layout-flex\"><figure class=\"wp-block-post-featured-image\"><a href=\"https:\/\/www.greenpeace.org\/slovakia\/clanok\/5643\/5-tipov-na-ekologickejsiu-velku-noc\/\" target=\"_self\"  ><img loading=\"lazy\" decoding=\"async\" width=\"940\" height=\"788\" src=\"https:\/\/www.greenpeace.org\/static\/planet4-slovakia-stateless\/2024\/03\/dbc948c2-untitled-design-4.png\" class=\"attachment-post-thumbnail size-post-thumbnail wp-post-image wp-stateless-item\" alt=\"5 tipov na ekologickej\u0161iu Ve\u013ek\u00fa noc\" style=\"object-fit:cover;\" srcset=\"https:\/\/www.greenpeace.org\/static\/planet4-slovakia-stateless\/2024\/03\/dbc948c2-untitled-design-4.png 940w, https:\/\/www.greenpeace.org\/static\/planet4-slovakia-stateless\/2024\/03\/dbc948c2-untitled-design-4-300x251.png 300w, https:\/\/www.greenpeace.org\/static\/planet4-slovakia-stateless\/2024\/03\/dbc948c2-untitled-design-4-768x644.png 768w, https:\/\/www.greenpeace.org\/static\/planet4-slovakia-stateless\/2024\/03\/dbc948c2-untitled-design-4-406x340.png 406w\" sizes=\"auto, (max-width: 940px) 100vw, 940px\" data-image-size=\"post-thumbnail\" data-stateless-media-bucket=\"planet4-slovakia-stateless\" data-stateless-media-name=\"2024\/03\/dbc948c2-untitled-design-4.png\" \/><\/a><\/figure>\n\n        <div class=\"wp-block-group is-layout-flow wp-block-group-is-layout-flow\">\n                <div class=\"wp-block-group is-layout-flex wp-block-group-is-layout-flex\"><div class=\"wp-block-post-terms\"><a href=\"https:\/\/www.greenpeace.org\/slovakia\/category\/issues\/chran\/\">Chr\u00e1\u0148<\/a><\/div>\n                <div class=\"taxonomy-post_tag wp-block-post-terms\"><a href=\"https:\/\/www.greenpeace.org\/slovakia\/tag\/jedlo\/\" rel=\"tag\">Jedlo<\/a><\/div>\n                \n                <\/div>\n                \n        <h3 class=\"wp-block-post-title\"><a href=\"https:\/\/www.greenpeace.org\/slovakia\/clanok\/5643\/5-tipov-na-ekologickejsiu-velku-noc\/\" target=\"_self\" >5 tipov na ekologickej\u0161iu Ve\u013ek\u00fa noc<\/a><\/h3>\n        <div class=\"wp-block-post-excerpt\"><p class=\"wp-block-post-excerpt__excerpt\">Ak m\u00e1te chu\u0165 str\u00e1vi\u0165 ve\u013ekono\u010dn\u00e9 sviatky o \u010dosi ekologickej\u0161ie, pre\u010d\u00edtajte si na\u0161ich 5 tipov. \u00a0 <\/p><\/div>\n        \n        <div class=\"wp-block-group posts-list-meta is-layout-flow wp-block-group-is-layout-flow\"><span class='article-list-item-author'>nap\u00edsala Ter\u00e9zia Krekulova a Miroslava \u00c1belov\u00e1<\/span>\n        <div class=\"wp-block-post-date\"><time datetime=\"2024-03-26T15:43:01+01:00\">26 marca, 2024<\/time><\/div>\n        \n        <\/div>\n        <\/div>\n        <\/div>\n\n            <\/li><li class=\"wp-block-post post-5589 post type-post status-publish format-standard has-post-thumbnail hentry category-greenpeace category-zmen tag-jedlo p4-page-type-clanok\">\n            \n<div class=\"wp-block-columns is-layout-flex wp-container-core-columns-is-layout-9d6595d7 wp-block-columns-is-layout-flex\"><figure class=\"wp-block-post-featured-image\"><a href=\"https:\/\/www.greenpeace.org\/slovakia\/clanok\/5589\/co-oslabuje-nasich-polnohospodarov-zelena-dohoda-to-urcite-nie-je\/\" target=\"_self\"  ><img loading=\"lazy\" decoding=\"async\" width=\"1200\" height=\"637\" src=\"https:\/\/www.greenpeace.org\/static\/planet4-slovakia-stateless\/2024\/02\/22f1d89d-gp0stug83.webp\" class=\"attachment-post-thumbnail size-post-thumbnail wp-post-image wp-stateless-item\" alt=\"\u010co oslabuje na\u0161ich po\u013enohospod\u00e1rov? Zelen\u00e1 dohoda to ur\u010dite nie je.\" style=\"object-fit:cover;\" srcset=\"https:\/\/www.greenpeace.org\/static\/planet4-slovakia-stateless\/2024\/02\/22f1d89d-gp0stug83.webp 1200w, https:\/\/www.greenpeace.org\/static\/planet4-slovakia-stateless\/2024\/02\/22f1d89d-gp0stug83-300x159.webp 300w, https:\/\/www.greenpeace.org\/static\/planet4-slovakia-stateless\/2024\/02\/22f1d89d-gp0stug83-1024x544.webp 1024w, https:\/\/www.greenpeace.org\/static\/planet4-slovakia-stateless\/2024\/02\/22f1d89d-gp0stug83-768x408.webp 768w, https:\/\/www.greenpeace.org\/static\/planet4-slovakia-stateless\/2024\/02\/22f1d89d-gp0stug83-510x271.webp 510w\" sizes=\"auto, (max-width: 1200px) 100vw, 1200px\" data-image-size=\"post-thumbnail\" data-stateless-media-bucket=\"planet4-slovakia-stateless\" data-stateless-media-name=\"2024\/02\/22f1d89d-gp0stug83.webp\" \/><\/a><\/figure>\n\n        <div class=\"wp-block-group is-layout-flow wp-block-group-is-layout-flow\">\n                <div class=\"wp-block-group is-layout-flex wp-block-group-is-layout-flex\"><div class=\"wp-block-post-terms\"><a href=\"https:\/\/www.greenpeace.org\/slovakia\/category\/greenpeace\/\">Greenpeace<\/a><\/div>\n                <div class=\"taxonomy-post_tag wp-block-post-terms\"><a href=\"https:\/\/www.greenpeace.org\/slovakia\/tag\/jedlo\/\" rel=\"tag\">Jedlo<\/a><\/div>\n                \n                <\/div>\n                \n        <h3 class=\"wp-block-post-title\"><a href=\"https:\/\/www.greenpeace.org\/slovakia\/clanok\/5589\/co-oslabuje-nasich-polnohospodarov-zelena-dohoda-to-urcite-nie-je\/\" target=\"_self\" >\u010co oslabuje na\u0161ich po\u013enohospod\u00e1rov? Zelen\u00e1 dohoda to ur\u010dite nie je.<\/a><\/h3>\n        <div class=\"wp-block-post-excerpt\"><p class=\"wp-block-post-excerpt__excerpt\">Po\u013enohospod\u00e1ri v celej Eur\u00f3pe z\u00e1pasia s probl\u00e9mami, ktor\u00e9 ich prin\u00fatili vyjs\u0165 do ul\u00edc a protestova\u0165. Mnoh\u00e9 farmy, najm\u00e4 tie men\u0161ie, museli svoju \u010dinnos\u0165 ukon\u010di\u0165. <\/p><\/div>\n        \n        <div class=\"wp-block-group posts-list-meta is-layout-flow wp-block-group-is-layout-flow\"><span class='article-list-item-author'>Marco Contiero je odborn\u00edk na po\u013enohospod\u00e1rsku politiku v Greenpeace E\u00da. Text bol uverejnen\u00fd na webovej str\u00e1nke EUobserver. Do sloven\u010diny ho prelo\u017eila Miroslava \u00c1belov\u00e1.<\/span>\n        <div class=\"wp-block-post-date\"><time datetime=\"2024-02-19T14:16:13+01:00\">19 febru\u00e1ra, 2024<\/time><\/div>\n        \n        <\/div>\n        <\/div>\n        <\/div>\n\n            <\/li><\/ul>\n\n    \n<div class=\"wp-block-buttons carousel-controls is-horizontal is-content-justification-space-between is-nowrap is-layout-flex wp-container-core-buttons-is-layout-044bd602 wp-block-buttons-is-layout-flex\">\n            <div class=\"wp-block-button carousel-control-prev\"><button type=\"button\" class=\"wp-block-button__link wp-element-button\">Prev<\/button><\/div>\n        \n\n            <div class=\"wp-block-button carousel-control-next\"><button type=\"button\" class=\"wp-block-button__link wp-element-button\">Next<\/button><\/div>\n        <\/div>\n\n\n    <li class=\" wp-block-navigation-item see-all-link wp-block-navigation-link\"><a class=\"wp-block-navigation-item__content\"  href=\"http:\/\/www.greenpeace.org\/slovakia\/news-stories\/?tag=jedlo\"><span class=\"wp-block-navigation-item__label\">See all stories<\/span><\/a><\/li><\/div>\n    <div data-render=\"planet4-blocks\/happypoint\" data-attributes=\"{&quot;attributes&quot;:{&quot;focus_image&quot;:&quot;0% 0%&quot;,&quot;opacity&quot;:30,&quot;override_default_content&quot;:false,&quot;local_content_provider&quot;:&quot;none&quot;}}\"><\/div>","protected":false},"excerpt":{"rendered":"<p>Jedlo n\u00e1s v\u0161etk\u00fdch sp\u00e1ja a to, \u010do jeme m\u00e1 n\u00e1sledky pre ka\u017ed\u00e9ho z n\u00e1s. V\u0161etci chceme plnohodnotn\u00fa bud\u00facnos\u0165 pre n\u00e1s a na\u0161u plan\u00e9tu. Bud\u00facnos\u0165, ktor\u00e1 zaru\u010d\u00ed, \u017ee na\u0161e deti bud\u00fa \u017ei\u0165 vo svete s \u010derstv\u00fdm vzduchom, majest\u00e1tnymi lesmi a stabilnou kl\u00edmou. Bud\u00facnos\u0165, kde v\u0161etci bud\u00fa ma\u0165 pr\u00edstup k \u010distej vode a zdrav\u00e9mu, v\u00fd\u017eivn\u00e9mu jedlu.\u00a0<\/p>\n","protected":false},"author":5,"featured_media":887,"parent":54,"menu_order":0,"comment_status":"closed","ping_status":"closed","template":"","meta":{"ep_exclude_from_search":false,"p4_hide_page_title_checkbox":"","p4_title":"","p4_subtitle":"","p4_description":"","background_image_id":"","background_image":"","p4_button_title":"","p4_button_link":"","p4_button_link_checkbox":"","p4_og_title":"","p4_og_description":"","p4_og_image":"","p4_og_image_id":"","p4_seo_canonical_url":"","p4_campaign_name":"not set","p4_local_project":"","p4_basket_name":"not set","p4_department":"","footnotes":""},"categories":[3],"tags":[19],"class_list":["post-423","page","type-page","status-publish","has-post-thumbnail","hentry","category-zmen","tag-jedlo"],"_links":{"self":[{"href":"https:\/\/www.greenpeace.org\/slovakia\/wp-json\/wp\/v2\/pages\/423","targetHints":{"allow":["GET"]}}],"collection":[{"href":"https:\/\/www.greenpeace.org\/slovakia\/wp-json\/wp\/v2\/pages"}],"about":[{"href":"https:\/\/www.greenpeace.org\/slovakia\/wp-json\/wp\/v2\/types\/page"}],"author":[{"embeddable":true,"href":"https:\/\/www.greenpeace.org\/slovakia\/wp-json\/wp\/v2\/users\/5"}],"replies":[{"embeddable":true,"href":"https:\/\/www.greenpeace.org\/slovakia\/wp-json\/wp\/v2\/comments?post=423"}],"version-history":[{"count":15,"href":"https:\/\/www.greenpeace.org\/slovakia\/wp-json\/wp\/v2\/pages\/423\/revisions"}],"predecessor-version":[{"id":10201,"href":"https:\/\/www.greenpeace.org\/slovakia\/wp-json\/wp\/v2\/pages\/423\/revisions\/10201"}],"up":[{"embeddable":true,"href":"https:\/\/www.greenpeace.org\/slovakia\/wp-json\/wp\/v2\/pages\/54"}],"wp:featuredmedia":[{"embeddable":true,"href":"https:\/\/www.greenpeace.org\/slovakia\/wp-json\/wp\/v2\/media\/887"}],"wp:attachment":[{"href":"https:\/\/www.greenpeace.org\/slovakia\/wp-json\/wp\/v2\/media?parent=423"}],"wp:term":[{"taxonomy":"category","embeddable":true,"href":"https:\/\/www.greenpeace.org\/slovakia\/wp-json\/wp\/v2\/categories?post=423"},{"taxonomy":"post_tag","embeddable":true,"href":"https:\/\/www.greenpeace.org\/slovakia\/wp-json\/wp\/v2\/tags?post=423"}],"curies":[{"name":"wp","href":"https:\/\/api.w.org\/{rel}","templated":true}]}}