{"id":427,"date":"2019-02-15T12:50:35","date_gmt":"2019-02-15T11:50:35","guid":{"rendered":"https:\/\/k8s.p4.greenpeace.org\/defaultcontent\/?page_id=427"},"modified":"2025-09-23T12:06:11","modified_gmt":"2025-09-23T10:06:11","slug":"klimatickakriza","status":"publish","type":"page","link":"https:\/\/www.greenpeace.org\/slovakia\/objavuj\/zmen\/klimatickakriza\/","title":{"rendered":"#Klimatick\u00e1Kr\u00edza"},"content":{"rendered":"\n                    <div class=\"wp-block-group is-vertical is-layout-flex wp-container-core-group-is-layout-8cf370e7 wp-block-group-is-layout-flex\">\n                    \n                                <p><span style=\"font-weight: 400\">Glob\u00e1lna klimatick\u00e1 kr\u00edza je bezpochyby najv\u00e4\u010d\u0161\u00edm probl\u00e9mom, ktor\u00e9mu ako \u013eudstvo \u010del\u00edme. T\u00fdka sa ka\u017ed\u00e9ho jedn\u00e9ho z n\u00e1s. Pod\u013ea vedcov mus\u00edme zabezpe\u010di\u0165, aby priemern\u00e1 teplota nest\u00fapla nad oteplenie o 1,5 stup\u0148a Celzia. U\u017e teraz m\u00f4\u017eeme sledova\u0165, ako sa zhor\u0161uje &#8211; extr\u00e9mne prejavy po\u010dasia, such\u00e1, po\u017eiare, probl\u00e9my v po\u013enohospod\u00e1rstve, st\u00fapanie hladiny oce\u00e1nov, rozt\u00e1panie \u013eadovcov a viac. Ak nezastav\u00edme n\u00e1rast sklen\u00edkov\u00fdch plynov, odovzd\u00e1me bud\u00facim gener\u00e1ci\u00e1m odli\u0161n\u00fa plan\u00e9tu od tej, ktor\u00e1 je pre n\u00e1s samozrejmos\u0165ou.<\/span>\r\n<span style=\"font-weight: 400\">M\u00e1me m\u00e1lo \u010dasu ale e\u0161te st\u00e1le m\u00f4\u017eeme klimatick\u00fa kr\u00edzu vidie\u0165, ako pr\u00edle\u017eitos\u0165 na lep\u0161\u00ed a zdrav\u0161\u00ed \u017eivot. Vyrie\u0161i\u0165 tento probl\u00e9m m\u00f4\u017eeme len spolo\u010dne. Z\u00e1le\u017e\u00ed len od n\u00e1s \u010di sa n\u00e1m podar\u00ed presadi\u0165 s\u00e9riu opatren\u00ed, ktor\u00e9 poved\u00fa k zn\u00ed\u017eeniu emisi\u00ed sklen\u00edkov\u00fdch plynov. Potrebujeme zastavi\u0165 vyu\u017e\u00edvanie fos\u00edlnych pal\u00edv, zastavi\u0165 odles\u0148ovanie, sp\u00f4sob, ako pestujeme potraviny, drancovanie pr\u00edrodn\u00fdch zdrojov a \u0161ialene narastaj\u00facu spotrebu. Potrebujeme zmeni\u0165 to, ako fungujeme ako \u013eudstvo. D\u00e1 sa to. M\u00e1me ve\u013ea mo\u017enost\u00ed a rie\u0161en\u00ed, potrebujeme ale syst\u00e9move kroky a opatrenia. Teraz.<\/span><\/p>\n                            \n\n                    \n                    <\/div>\n                    \n        <div class=\"wp-block-query actions-list p4-query-loop is-custom-layout-actions-list is-custom-layout-grid is-layout-grid wp-container-core-query-is-layout-29f43435 wp-block-query-is-layout-grid\"><h2 class=\"wp-block-heading\"><\/h2>\n        <p style=\"margin-top: 24px; margin-bottom: 32px;\"><\/p>\n        <div class=\"wp-block-query-no-results\">\n        <p >No posts found.<\/p>\n        <\/div>\n        \n        \n<div class=\"wp-block-buttons carousel-controls is-horizontal is-content-justification-space-between is-nowrap is-layout-flex wp-container-core-buttons-is-layout-044bd602 wp-block-buttons-is-layout-flex\">\n            <div class=\"wp-block-button carousel-control-prev\"><button type=\"button\" class=\"wp-block-button__link wp-element-button\">Prev<\/button><\/div>\n        \n\n            <div class=\"wp-block-button carousel-control-next\"><button type=\"button\" class=\"wp-block-button__link wp-element-button\">Next<\/button><\/div>\n        <\/div>\n\n        \n<div class=\"wp-block-buttons load-more-actions-container is-content-justification-center is-layout-flex wp-container-core-buttons-is-layout-16018d1d wp-block-buttons-is-layout-flex\">\n                <div class=\"wp-block-button is-style-secondary\"><button type=\"button\" class=\"wp-block-button__link wp-element-button\">Na\u010d\u00edta\u0165 viac<\/button><\/div>\n            \n<\/div>\n<\/div>\n        \n    <div class=\"wp-block-query posts-list p4-query-loop is-custom-layout-list is-layout-flow wp-block-query-is-layout-flow\">\n        <div class=\"wp-block-group is-content-justification-space-between is-layout-flex wp-container-core-group-is-layout-3d213aab wp-block-group-is-layout-flex\"><h2 class=\"wp-block-heading\">S\u00favisiace \u010dl\u00e1nky<\/h2>\n        <li class=\" wp-block-navigation-item see-all-link wp-block-navigation-link\"><a class=\"wp-block-navigation-item__content\"  href=\"http:\/\/www.greenpeace.org\/slovakia\/news-stories\/\"><span class=\"wp-block-navigation-item__label\">See all stories<\/span><\/a><\/li>\n        \n        <\/div>\n        \n\n    <p style=\"margin-top: 24px; margin-bottom: 36px;\"><\/p>\n\n    \n\n    <ul class=\"wp-block-post-template is-layout-flow wp-block-post-template-is-layout-flow\"><li class=\"wp-block-post post-10184 post type-post status-publish format-standard has-post-thumbnail hentry category-uncategorized tag-klimatickakriza tag-energia tag-energetickespolocenstva p4-page-type-tlacova-sprava\">\n            \n<div class=\"wp-block-columns is-layout-flex wp-container-core-columns-is-layout-9d6595d7 wp-block-columns-is-layout-flex\"><figure class=\"wp-block-post-featured-image\"><a href=\"https:\/\/www.greenpeace.org\/slovakia\/tlacova-sprava\/10184\/zmeny-v-podmienkach-zse-opat-zhorsia-vyuzivanie-fotovoltiky-upozornuje-greenpeace\/\" target=\"_self\"  ><img loading=\"lazy\" decoding=\"async\" width=\"2560\" height=\"1917\" src=\"https:\/\/www.greenpeace.org\/static\/planet4-slovakia-stateless\/2026\/02\/6857c15d-dji_0342-1-scaled.jpg\" class=\"attachment-post-thumbnail size-post-thumbnail wp-post-image wp-stateless-item\" alt=\"Zmeny v podmienkach ZSE op\u00e4\u0165 zhor\u0161ia vyu\u017e\u00edvanie fotovoltiky, upozor\u0148uje Greenpeace\" style=\"object-fit:cover;\" srcset=\"https:\/\/www.greenpeace.org\/static\/planet4-slovakia-stateless\/2026\/02\/6857c15d-dji_0342-1-scaled.jpg 2560w, https:\/\/www.greenpeace.org\/static\/planet4-slovakia-stateless\/2026\/02\/6857c15d-dji_0342-1-300x225.jpg 300w, https:\/\/www.greenpeace.org\/static\/planet4-slovakia-stateless\/2026\/02\/6857c15d-dji_0342-1-1024x767.jpg 1024w, https:\/\/www.greenpeace.org\/static\/planet4-slovakia-stateless\/2026\/02\/6857c15d-dji_0342-1-768x575.jpg 768w, https:\/\/www.greenpeace.org\/static\/planet4-slovakia-stateless\/2026\/02\/6857c15d-dji_0342-1-1536x1150.jpg 1536w, https:\/\/www.greenpeace.org\/static\/planet4-slovakia-stateless\/2026\/02\/6857c15d-dji_0342-1-2048x1534.jpg 2048w, https:\/\/www.greenpeace.org\/static\/planet4-slovakia-stateless\/2026\/02\/6857c15d-dji_0342-1-1824x1366.jpg 1824w, https:\/\/www.greenpeace.org\/static\/planet4-slovakia-stateless\/2026\/02\/6857c15d-dji_0342-1-454x340.jpg 454w\" sizes=\"auto, (max-width: 2560px) 100vw, 2560px\" data-image-size=\"post-thumbnail\" data-stateless-media-bucket=\"planet4-slovakia-stateless\" data-stateless-media-name=\"2026\/02\/6857c15d-dji_0342-1-scaled.jpg\" \/><\/a><\/figure>\n\n        <div class=\"wp-block-group is-layout-flow wp-block-group-is-layout-flow\">\n                <div class=\"wp-block-group is-layout-flex wp-block-group-is-layout-flex\"><div class=\"wp-block-post-terms\"><a href=\"https:\/\/www.greenpeace.org\/slovakia\/category\/uncategorized\/\">Uncategorized<\/a><\/div>\n                <div class=\"taxonomy-post_tag wp-block-post-terms\"><a href=\"https:\/\/www.greenpeace.org\/slovakia\/tag\/klimatickakriza\/\" rel=\"tag\">Klimatick\u00e1Kr\u00edza<\/a><span class=\"wp-block-post-terms__separator\"> <\/span><a href=\"https:\/\/www.greenpeace.org\/slovakia\/tag\/energia\/\" rel=\"tag\">Energia<\/a><span class=\"wp-block-post-terms__separator\"> <\/span><a href=\"https:\/\/www.greenpeace.org\/slovakia\/tag\/energetickespolocenstva\/\" rel=\"tag\">Energetick\u00e9 spolo\u010denstv\u00e1<\/a><\/div>\n                \n                <\/div>\n                \n        <h3 class=\"wp-block-post-title\"><a href=\"https:\/\/www.greenpeace.org\/slovakia\/tlacova-sprava\/10184\/zmeny-v-podmienkach-zse-opat-zhorsia-vyuzivanie-fotovoltiky-upozornuje-greenpeace\/\" target=\"_self\" >Zmeny v podmienkach ZSE op\u00e4\u0165 zhor\u0161ia vyu\u017e\u00edvanie fotovoltiky, upozor\u0148uje Greenpeace<\/a><\/h3>\n        <div class=\"wp-block-post-excerpt\"><p class=\"wp-block-post-excerpt__excerpt\">Spolo\u010dnos\u0165 ZSE op\u00e4\u0165 men\u00ed podmienky pre majite\u013eov fotovoltick\u00fdch zariaden\u00ed, pri\u010dom najnov\u0161ie opatrenia znev\u00fdhodnia vyu\u017e\u00edvanie tzv. virtu\u00e1lnej bat\u00e9rie pri nab\u00edjan\u00ed elektromobilov. Upozor\u0148uje na to Greenpeace Slovensko. <\/p><\/div>\n        \n        <div class=\"wp-block-group posts-list-meta is-layout-flow wp-block-group-is-layout-flow\"><span class='article-list-item-author'>Mirka \u00c1belov\u00e1<\/span>\n        <div class=\"wp-block-post-date\"><time datetime=\"2026-03-17T13:59:22+01:00\">17 marca, 2026<\/time><\/div>\n        \n        <\/div>\n        <\/div>\n        <\/div>\n\n            <\/li><li class=\"wp-block-post post-10162 post type-post status-publish format-standard has-post-thumbnail hentry category-greenpeace category-zmen tag-klimatickakriza p4-page-type-tlacova-sprava\">\n            \n<div class=\"wp-block-columns is-layout-flex wp-container-core-columns-is-layout-9d6595d7 wp-block-columns-is-layout-flex\"><figure class=\"wp-block-post-featured-image\"><a href=\"https:\/\/www.greenpeace.org\/slovakia\/tlacova-sprava\/10162\/lng-terminal-v-bratislavskom-pristave-nebude-greenpeace-slovensko-rozhodnutie-vita\/\" target=\"_self\"  ><img loading=\"lazy\" decoding=\"async\" width=\"1200\" height=\"675\" src=\"https:\/\/www.greenpeace.org\/static\/planet4-slovakia-stateless\/2026\/02\/99002c3a-gp1svhq3.jpg\" class=\"attachment-post-thumbnail size-post-thumbnail wp-post-image wp-stateless-item\" alt=\"LNG termin\u00e1l v bratislavskom pr\u00edstave nebude. Greenpeace Slovensko rozhodnutie v\u00edta.\u00a0\" style=\"object-fit:cover;\" srcset=\"https:\/\/www.greenpeace.org\/static\/planet4-slovakia-stateless\/2026\/02\/99002c3a-gp1svhq3.jpg 1200w, https:\/\/www.greenpeace.org\/static\/planet4-slovakia-stateless\/2026\/02\/99002c3a-gp1svhq3-300x169.jpg 300w, https:\/\/www.greenpeace.org\/static\/planet4-slovakia-stateless\/2026\/02\/99002c3a-gp1svhq3-1024x576.jpg 1024w, https:\/\/www.greenpeace.org\/static\/planet4-slovakia-stateless\/2026\/02\/99002c3a-gp1svhq3-768x432.jpg 768w, https:\/\/www.greenpeace.org\/static\/planet4-slovakia-stateless\/2026\/02\/99002c3a-gp1svhq3-510x287.jpg 510w\" sizes=\"auto, (max-width: 1200px) 100vw, 1200px\" data-image-size=\"post-thumbnail\" data-stateless-media-bucket=\"planet4-slovakia-stateless\" data-stateless-media-name=\"2026\/02\/99002c3a-gp1svhq3.jpg\" \/><\/a><\/figure>\n\n        <div class=\"wp-block-group is-layout-flow wp-block-group-is-layout-flow\">\n                <div class=\"wp-block-group is-layout-flex wp-block-group-is-layout-flex\"><div class=\"wp-block-post-terms\"><a href=\"https:\/\/www.greenpeace.org\/slovakia\/category\/greenpeace\/\">Greenpeace<\/a><\/div>\n                <div class=\"taxonomy-post_tag wp-block-post-terms\"><a href=\"https:\/\/www.greenpeace.org\/slovakia\/tag\/klimatickakriza\/\" rel=\"tag\">Klimatick\u00e1Kr\u00edza<\/a><\/div>\n                \n                <\/div>\n                \n        <h3 class=\"wp-block-post-title\"><a href=\"https:\/\/www.greenpeace.org\/slovakia\/tlacova-sprava\/10162\/lng-terminal-v-bratislavskom-pristave-nebude-greenpeace-slovensko-rozhodnutie-vita\/\" target=\"_self\" >LNG termin\u00e1l v bratislavskom pr\u00edstave nebude. Greenpeace Slovensko rozhodnutie v\u00edta.\u00a0<\/a><\/h3>\n        <div class=\"wp-block-post-excerpt\"><p class=\"wp-block-post-excerpt__excerpt\">Pod\u013ea inform\u00e1ci\u00ed, ktor\u00e9 Greenpeace Slovensko z\u00edskal od Verejn\u00fdch pr\u00edstavov, a.s. na z\u00e1klade z\u00e1kona o slobodnom pr\u00edstupe k inform\u00e1ci\u00e1m, sa s realiz\u00e1ciou pl\u00e1novan\u00e9ho LNG termin\u00e1lu nepo\u010d\u00edta. Greenpeace Slovensko, ktor\u00fd proti projektu&hellip; <\/p><\/div>\n        \n        <div class=\"wp-block-group posts-list-meta is-layout-flow wp-block-group-is-layout-flow\"><span class='article-list-item-author'>Mirka \u00c1belov\u00e1<\/span>\n        <div class=\"wp-block-post-date\"><time datetime=\"2026-02-10T09:27:16+01:00\">10 febru\u00e1ra, 2026<\/time><\/div>\n        \n        <\/div>\n        <\/div>\n        <\/div>\n\n            <\/li><li class=\"wp-block-post post-10154 post type-post status-publish format-standard has-post-thumbnail hentry category-energeticke-spolocenstva category-greenpeace tag-energetickespolocenstva p4-page-type-tlacova-sprava\">\n            \n<div class=\"wp-block-columns is-layout-flex wp-container-core-columns-is-layout-9d6595d7 wp-block-columns-is-layout-flex\"><figure class=\"wp-block-post-featured-image\"><a href=\"https:\/\/www.greenpeace.org\/slovakia\/tlacova-sprava\/10154\/vlada-by-mala-podporovat-rozvoj-energetickych-komunit-myslia-si-takmer-styria-z-piatich-slovakov\/\" target=\"_self\"  ><img loading=\"lazy\" decoding=\"async\" width=\"2560\" height=\"1917\" src=\"https:\/\/www.greenpeace.org\/static\/planet4-slovakia-stateless\/2026\/02\/6857c15d-dji_0342-1-scaled.jpg\" class=\"attachment-post-thumbnail size-post-thumbnail wp-post-image wp-stateless-item\" alt=\"Vl\u00e1da by mala podporova\u0165 rozvoj energetick\u00fdch komun\u00edt &#8211; myslia si takmer \u0161tyria z piatich Slov\u00e1kov\" style=\"object-fit:cover;\" srcset=\"https:\/\/www.greenpeace.org\/static\/planet4-slovakia-stateless\/2026\/02\/6857c15d-dji_0342-1-scaled.jpg 2560w, https:\/\/www.greenpeace.org\/static\/planet4-slovakia-stateless\/2026\/02\/6857c15d-dji_0342-1-300x225.jpg 300w, https:\/\/www.greenpeace.org\/static\/planet4-slovakia-stateless\/2026\/02\/6857c15d-dji_0342-1-1024x767.jpg 1024w, https:\/\/www.greenpeace.org\/static\/planet4-slovakia-stateless\/2026\/02\/6857c15d-dji_0342-1-768x575.jpg 768w, https:\/\/www.greenpeace.org\/static\/planet4-slovakia-stateless\/2026\/02\/6857c15d-dji_0342-1-1536x1150.jpg 1536w, https:\/\/www.greenpeace.org\/static\/planet4-slovakia-stateless\/2026\/02\/6857c15d-dji_0342-1-2048x1534.jpg 2048w, https:\/\/www.greenpeace.org\/static\/planet4-slovakia-stateless\/2026\/02\/6857c15d-dji_0342-1-1824x1366.jpg 1824w, https:\/\/www.greenpeace.org\/static\/planet4-slovakia-stateless\/2026\/02\/6857c15d-dji_0342-1-454x340.jpg 454w\" sizes=\"auto, (max-width: 2560px) 100vw, 2560px\" data-image-size=\"post-thumbnail\" data-stateless-media-bucket=\"planet4-slovakia-stateless\" data-stateless-media-name=\"2026\/02\/6857c15d-dji_0342-1-scaled.jpg\" \/><\/a><\/figure>\n\n        <div class=\"wp-block-group is-layout-flow wp-block-group-is-layout-flow\">\n                <div class=\"wp-block-group is-layout-flex wp-block-group-is-layout-flex\"><div class=\"wp-block-post-terms\"><a href=\"https:\/\/www.greenpeace.org\/slovakia\/category\/issues\/energeticke-spolocenstva\/\">Energetick\u00e9 spolo\u010denstv\u00e1<\/a><\/div>\n                <div class=\"taxonomy-post_tag wp-block-post-terms\"><a href=\"https:\/\/www.greenpeace.org\/slovakia\/tag\/energetickespolocenstva\/\" rel=\"tag\">Energetick\u00e9 spolo\u010denstv\u00e1<\/a><\/div>\n                \n                <\/div>\n                \n        <h3 class=\"wp-block-post-title\"><a href=\"https:\/\/www.greenpeace.org\/slovakia\/tlacova-sprava\/10154\/vlada-by-mala-podporovat-rozvoj-energetickych-komunit-myslia-si-takmer-styria-z-piatich-slovakov\/\" target=\"_self\" >Vl\u00e1da by mala podporova\u0165 rozvoj energetick\u00fdch komun\u00edt &#8211; myslia si takmer \u0161tyria z piatich Slov\u00e1kov<\/a><\/h3>\n        <div class=\"wp-block-post-excerpt\"><p class=\"wp-block-post-excerpt__excerpt\">Slovensk\u00e1 vl\u00e1da by mala podporova\u0165 rozvoj energetick\u00fdch komun\u00edt, ktor\u00e9 vyr\u00e1baj\u00faenergiu z obnovite\u013en\u00fdch zdrojov. Zhodlo sa na tom v online prieskume 79 percent Slov\u00e1kovnaprie\u010d politickou pr\u00edslu\u0161nos\u0165ou. Reprezentat\u00edvny prieskum na vzorke 1000&hellip; <\/p><\/div>\n        \n        <div class=\"wp-block-group posts-list-meta is-layout-flow wp-block-group-is-layout-flow\"><span class='article-list-item-author'>Mirka \u00c1belov\u00e1<\/span>\n        <div class=\"wp-block-post-date\"><time datetime=\"2026-02-05T09:08:42+01:00\">5 febru\u00e1ra, 2026<\/time><\/div>\n        \n        <\/div>\n        <\/div>\n        <\/div>\n\n            <\/li><\/ul>\n\n    \n<div class=\"wp-block-buttons carousel-controls is-horizontal is-content-justification-space-between is-nowrap is-layout-flex wp-container-core-buttons-is-layout-044bd602 wp-block-buttons-is-layout-flex\">\n            <div class=\"wp-block-button carousel-control-prev\"><button type=\"button\" class=\"wp-block-button__link wp-element-button\">Prev<\/button><\/div>\n        \n\n            <div class=\"wp-block-button carousel-control-next\"><button type=\"button\" class=\"wp-block-button__link wp-element-button\">Next<\/button><\/div>\n        <\/div>\n\n\n    <li class=\" wp-block-navigation-item see-all-link wp-block-navigation-link\"><a class=\"wp-block-navigation-item__content\"  href=\"http:\/\/www.greenpeace.org\/slovakia\/news-stories\/\"><span class=\"wp-block-navigation-item__label\">See all stories<\/span><\/a><\/li><\/div>\n    <div data-render=\"planet4-blocks\/happypoint\" data-attributes=\"{&quot;attributes&quot;:{&quot;focus_image&quot;:&quot;0% 0%&quot;,&quot;opacity&quot;:30,&quot;iframe_url&quot;:&quot;&quot;,&quot;embed_code&quot;:&quot;&quot;,&quot;override_default_content&quot;:&quot;false&quot;,&quot;local_content_provider&quot;:&quot;none&quot;}}\"><\/div>","protected":false},"excerpt":{"rendered":"<p>Glob\u00e1lna klimatick\u00e1 kr\u00edza je bezpochyby najv\u00e4\u010d\u0161\u00edm probl\u00e9mom, ktor\u00e9mu ako \u013eudstvo \u010del\u00edme. T\u00fdka sa ka\u017ed\u00e9ho jedn\u00e9ho z n\u00e1s. <\/p>\n","protected":false},"author":5,"featured_media":899,"parent":54,"menu_order":0,"comment_status":"closed","ping_status":"closed","template":"","meta":{"ep_exclude_from_search":false,"p4_hide_page_title_checkbox":"","p4_title":"","p4_subtitle":"","p4_description":"","background_image_id":"","background_image":"","p4_button_title":"","p4_button_link":"","p4_button_link_checkbox":"","p4_og_title":"","p4_og_description":"","p4_og_image":"","p4_og_image_id":"","p4_seo_canonical_url":"","p4_campaign_name":"not set","p4_local_project":"","p4_basket_name":"not set","p4_department":"","footnotes":""},"categories":[3],"tags":[6],"class_list":["post-427","page","type-page","status-publish","has-post-thumbnail","hentry","category-zmen","tag-klimatickakriza"],"_links":{"self":[{"href":"https:\/\/www.greenpeace.org\/slovakia\/wp-json\/wp\/v2\/pages\/427","targetHints":{"allow":["GET"]}}],"collection":[{"href":"https:\/\/www.greenpeace.org\/slovakia\/wp-json\/wp\/v2\/pages"}],"about":[{"href":"https:\/\/www.greenpeace.org\/slovakia\/wp-json\/wp\/v2\/types\/page"}],"author":[{"embeddable":true,"href":"https:\/\/www.greenpeace.org\/slovakia\/wp-json\/wp\/v2\/users\/5"}],"replies":[{"embeddable":true,"href":"https:\/\/www.greenpeace.org\/slovakia\/wp-json\/wp\/v2\/comments?post=427"}],"version-history":[{"count":13,"href":"https:\/\/www.greenpeace.org\/slovakia\/wp-json\/wp\/v2\/pages\/427\/revisions"}],"predecessor-version":[{"id":10034,"href":"https:\/\/www.greenpeace.org\/slovakia\/wp-json\/wp\/v2\/pages\/427\/revisions\/10034"}],"up":[{"embeddable":true,"href":"https:\/\/www.greenpeace.org\/slovakia\/wp-json\/wp\/v2\/pages\/54"}],"wp:featuredmedia":[{"embeddable":true,"href":"https:\/\/www.greenpeace.org\/slovakia\/wp-json\/wp\/v2\/media\/899"}],"wp:attachment":[{"href":"https:\/\/www.greenpeace.org\/slovakia\/wp-json\/wp\/v2\/media?parent=427"}],"wp:term":[{"taxonomy":"category","embeddable":true,"href":"https:\/\/www.greenpeace.org\/slovakia\/wp-json\/wp\/v2\/categories?post=427"},{"taxonomy":"post_tag","embeddable":true,"href":"https:\/\/www.greenpeace.org\/slovakia\/wp-json\/wp\/v2\/tags?post=427"}],"curies":[{"name":"wp","href":"https:\/\/api.w.org\/{rel}","templated":true}]}}