{"id":429,"date":"2019-02-15T12:52:12","date_gmt":"2019-02-15T11:52:12","guid":{"rendered":"https:\/\/k8s.p4.greenpeace.org\/defaultcontent\/?page_id=429"},"modified":"2026-04-08T10:57:36","modified_gmt":"2026-04-08T08:57:36","slug":"lesy","status":"publish","type":"page","link":"https:\/\/www.greenpeace.org\/slovakia\/objavuj\/chran\/lesy\/","title":{"rendered":"#Lesy"},"content":{"rendered":"\n                    <div class=\"wp-block-group is-vertical is-layout-flex wp-container-core-group-is-layout-8cf370e7 wp-block-group-is-layout-flex\">\n                    \n                                <p><span data-sheets-value=\"{&quot;1&quot;:2,&quot;2&quot;:&quot;Lesy s\u00fa nesmierne vz\u00e1cne. Mus\u00edme ich chr\u00e1ni\u0165 a to pre \u013eud\u00ed, ktor\u00ed v nich \u017eij\u00fa aj pre v\u0161etk\u00fdch ostatn\u00fdch. Lesy reguluj\u00fa kl\u00edmu a s\u00fa domovom pre v\u00fdnimo\u010dn\u00e9 mno\u017estvo zvierat a rastl\u00edn. Pre nieko\u013ek\u00fdch chamtiv\u00fdch \u013eud\u00ed s\u00fa lesy len priestorom, ktor\u00fd sa m\u00e1 zmeni\u0165 na pastviny, plant\u00e1\u017ee alebo cesty, zdroje dreva \u010di miner\u00e1lov. A to nesmieme dovoli\u0165.&quot;}\" data-sheets-userformat=\"{&quot;2&quot;:769,&quot;3&quot;:{&quot;1&quot;:0},&quot;11&quot;:4,&quot;12&quot;:0}\">Lesy s\u00fa nesmierne vz\u00e1cne. Mus\u00edme ich chr\u00e1ni\u0165 a to pre \u013eud\u00ed, ktor\u00ed v nich \u017eij\u00fa aj pre v\u0161etk\u00fdch ostatn\u00fdch. Lesy reguluj\u00fa kl\u00edmu a s\u00fa domovom pre v\u00fdnimo\u010dn\u00e9 mno\u017estvo zvierat a rastl\u00edn. Pre nieko\u013ek\u00fdch chamtiv\u00fdch \u013eud\u00ed s\u00fa lesy len priestorom, ktor\u00fd sa m\u00e1 zmeni\u0165 na pastviny, plant\u00e1\u017ee alebo cesty, zdroje dreva \u010di miner\u00e1lov. A to nesmieme dovoli\u0165.<\/span><\/p>\n                            \n\n                    \n                    <\/div>\n                    \n        <div class=\"wp-block-query actions-list p4-query-loop is-custom-layout-actions-list is-custom-layout-grid is-layout-grid wp-container-core-query-is-layout-29f43435 wp-block-query-is-layout-grid\"><h2 class=\"wp-block-heading\"><\/h2>\n        <p style=\"margin-top: 24px; margin-bottom: 32px;\"><\/p>\n        <div class=\"wp-block-query-no-results\">\n        <p >No posts found.<\/p>\n        <\/div>\n        \n        \n<div class=\"wp-block-buttons carousel-controls is-horizontal is-content-justification-space-between is-nowrap is-layout-flex wp-container-core-buttons-is-layout-044bd602 wp-block-buttons-is-layout-flex\">\n            <div class=\"wp-block-button carousel-control-prev\"><button type=\"button\" class=\"wp-block-button__link wp-element-button\">Prev<\/button><\/div>\n        \n\n            <div class=\"wp-block-button carousel-control-next\"><button type=\"button\" class=\"wp-block-button__link wp-element-button\">Next<\/button><\/div>\n        <\/div>\n\n        \n<div class=\"wp-block-buttons load-more-actions-container is-content-justification-center is-layout-flex wp-container-core-buttons-is-layout-16018d1d wp-block-buttons-is-layout-flex\">\n                <div class=\"wp-block-button is-style-secondary\"><button type=\"button\" class=\"wp-block-button__link wp-element-button\">Na\u010d\u00edta\u0165 viac<\/button><\/div>\n            \n<\/div>\n<\/div>\n        \n    <div class=\"wp-block-query posts-list p4-query-loop is-custom-layout-list is-layout-flow wp-block-query-is-layout-flow\">\n        <div class=\"wp-block-group is-content-justification-space-between is-layout-flex wp-container-core-group-is-layout-3d213aab wp-block-group-is-layout-flex\"><h2 class=\"wp-block-heading\">S\u00favisiace \u010dl\u00e1nky<\/h2>\n        <li class=\" wp-block-navigation-item see-all-link wp-block-navigation-link\"><a class=\"wp-block-navigation-item__content\"  href=\"http:\/\/www.greenpeace.org\/slovakia\/news-stories\/?tag=lesy\"><span class=\"wp-block-navigation-item__label\">See all stories<\/span><\/a><\/li>\n        \n        <\/div>\n        \n\n    <p style=\"margin-top: 24px; margin-bottom: 36px;\"><\/p>\n\n    \n\n    <ul class=\"wp-block-post-template is-layout-flow wp-block-post-template-is-layout-flow\"><li class=\"wp-block-post post-9833 post type-post status-publish format-standard has-post-thumbnail hentry category-chran category-energeticke-spolocenstva category-zmen tag-energia tag-energetickespolocenstva tag-klimatickakriza tag-oceany tag-lesy tag-plasty tag-spotreba p4-page-type-tlacova-sprava\">\n            \n<div class=\"wp-block-columns is-layout-flex wp-container-core-columns-is-layout-9d6595d7 wp-block-columns-is-layout-flex\"><figure class=\"wp-block-post-featured-image\"><a href=\"https:\/\/www.greenpeace.org\/slovakia\/tlacova-sprava\/9833\/nove-znepokojujuce-varovanie-na-udrzanie-oteplenia-o-15-c-svetu-podla-vedcov-zostavaju-tri-roky\/\" target=\"_self\"  ><img loading=\"lazy\" decoding=\"async\" width=\"1080\" height=\"1350\" src=\"https:\/\/www.greenpeace.org\/static\/planet4-slovakia-stateless\/2025\/06\/d0c21f47-3-roky-na-zachranu-15-\u00b0c.png\" class=\"attachment-post-thumbnail size-post-thumbnail wp-post-image wp-stateless-item\" alt=\"Nov\u00e9 znepokojuj\u00face varovanie: na udr\u017eanie oteplenia o 1,5 \u00b0C svetu pod\u013ea vedcov zost\u00e1vaj\u00fa tri roky\" style=\"object-fit:cover;\" srcset=\"https:\/\/www.greenpeace.org\/static\/planet4-slovakia-stateless\/2025\/06\/d0c21f47-3-roky-na-zachranu-15-\u00b0c.png 1080w, https:\/\/www.greenpeace.org\/static\/planet4-slovakia-stateless\/2025\/06\/d0c21f47-3-roky-na-zachranu-15-\u00b0c-240x300.png 240w, https:\/\/www.greenpeace.org\/static\/planet4-slovakia-stateless\/2025\/06\/d0c21f47-3-roky-na-zachranu-15-\u00b0c-819x1024.png 819w, https:\/\/www.greenpeace.org\/static\/planet4-slovakia-stateless\/2025\/06\/d0c21f47-3-roky-na-zachranu-15-\u00b0c-768x960.png 768w, https:\/\/www.greenpeace.org\/static\/planet4-slovakia-stateless\/2025\/06\/d0c21f47-3-roky-na-zachranu-15-\u00b0c-272x340.png 272w\" sizes=\"auto, (max-width: 1080px) 100vw, 1080px\" data-image-size=\"post-thumbnail\" data-stateless-media-bucket=\"planet4-slovakia-stateless\" data-stateless-media-name=\"2025\/06\/d0c21f47-3-roky-na-zachranu-15-\u00b0c.png\" \/><\/a><\/figure>\n\n        <div class=\"wp-block-group is-layout-flow wp-block-group-is-layout-flow\">\n                <div class=\"wp-block-group is-layout-flex wp-block-group-is-layout-flex\"><div class=\"wp-block-post-terms\"><a href=\"https:\/\/www.greenpeace.org\/slovakia\/category\/issues\/chran\/\">Chr\u00e1\u0148<\/a><\/div>\n                <div class=\"taxonomy-post_tag wp-block-post-terms\"><a href=\"https:\/\/www.greenpeace.org\/slovakia\/tag\/energia\/\" rel=\"tag\">Energia<\/a><span class=\"wp-block-post-terms__separator\"> <\/span><a href=\"https:\/\/www.greenpeace.org\/slovakia\/tag\/energetickespolocenstva\/\" rel=\"tag\">Energetick\u00e9 spolo\u010denstv\u00e1<\/a><span class=\"wp-block-post-terms__separator\"> <\/span><a href=\"https:\/\/www.greenpeace.org\/slovakia\/tag\/klimatickakriza\/\" rel=\"tag\">Klimatick\u00e1Kr\u00edza<\/a><span class=\"wp-block-post-terms__separator\"> <\/span><a href=\"https:\/\/www.greenpeace.org\/slovakia\/tag\/oceany\/\" rel=\"tag\">Oce\u00e1ny<\/a><span class=\"wp-block-post-terms__separator\"> <\/span><a href=\"https:\/\/www.greenpeace.org\/slovakia\/tag\/lesy\/\" rel=\"tag\">Lesy<\/a><span class=\"wp-block-post-terms__separator\"> <\/span><a href=\"https:\/\/www.greenpeace.org\/slovakia\/tag\/plasty\/\" rel=\"tag\">Plasty<\/a><span class=\"wp-block-post-terms__separator\"> <\/span><a href=\"https:\/\/www.greenpeace.org\/slovakia\/tag\/spotreba\/\" rel=\"tag\">Spotreba<\/a><\/div>\n                \n                <\/div>\n                \n        <h3 class=\"wp-block-post-title\"><a href=\"https:\/\/www.greenpeace.org\/slovakia\/tlacova-sprava\/9833\/nove-znepokojujuce-varovanie-na-udrzanie-oteplenia-o-15-c-svetu-podla-vedcov-zostavaju-tri-roky\/\" target=\"_self\" >Nov\u00e9 znepokojuj\u00face varovanie: na udr\u017eanie oteplenia o 1,5 \u00b0C svetu pod\u013ea vedcov zost\u00e1vaj\u00fa tri roky<\/a><\/h3>\n        <div class=\"wp-block-post-excerpt\"><p class=\"wp-block-post-excerpt__excerpt\">Pod\u013ea nov\u00fdch vedeck\u00fdch \u00fadajov n\u00e1m zost\u00e1vaj\u00fa len tri roky na to, aby sme udr\u017eali cie\u013e Par\u00ed\u017eskej dohody o obmedzen\u00ed glob\u00e1lneho otep\u013eovania na 1,5 \u00b0C. V\u0161etky krajiny sveta, vr\u00e1tane Slovenska, musia&hellip; <\/p><\/div>\n        \n        <div class=\"wp-block-group posts-list-meta is-layout-flow wp-block-group-is-layout-flow\"><span class='article-list-item-author'>Mirka \u00c1belov\u00e1<\/span>\n        <div class=\"wp-block-post-date\"><time datetime=\"2025-06-20T11:43:18+02:00\">20 j\u00fana, 2025<\/time><\/div>\n        \n        <\/div>\n        <\/div>\n        <\/div>\n\n            <\/li><li class=\"wp-block-post post-9771 post type-post status-publish format-standard has-post-thumbnail hentry category-chran category-greenpeace tag-lesy p4-page-type-tlacova-sprava\">\n            \n<div class=\"wp-block-columns is-layout-flex wp-container-core-columns-is-layout-9d6595d7 wp-block-columns-is-layout-flex\"><figure class=\"wp-block-post-featured-image\"><a href=\"https:\/\/www.greenpeace.org\/slovakia\/tlacova-sprava\/9771\/odstrel-slovenskych-medvedov-ohrozuje-ekologicku-integritu-sirsieho-karpatskeho-regionu\/\" target=\"_self\"  ><img loading=\"lazy\" decoding=\"async\" width=\"800\" height=\"533\" src=\"https:\/\/www.greenpeace.org\/static\/planet4-slovakia-stateless\/2025\/04\/c143ebda-gp1t346c_low-res-with-credit-line-800px.jpg\" class=\"attachment-post-thumbnail size-post-thumbnail wp-post-image wp-stateless-item\" alt=\"Odstrel slovensk\u00fdch medve\u010fov ohrozuje ekologick\u00fa integritu \u0161ir\u0161ieho karpatsk\u00e9ho regi\u00f3nu\" style=\"object-fit:cover;\" srcset=\"https:\/\/www.greenpeace.org\/static\/planet4-slovakia-stateless\/2025\/04\/c143ebda-gp1t346c_low-res-with-credit-line-800px.jpg 800w, https:\/\/www.greenpeace.org\/static\/planet4-slovakia-stateless\/2025\/04\/c143ebda-gp1t346c_low-res-with-credit-line-800px-300x200.jpg 300w, https:\/\/www.greenpeace.org\/static\/planet4-slovakia-stateless\/2025\/04\/c143ebda-gp1t346c_low-res-with-credit-line-800px-768x512.jpg 768w, https:\/\/www.greenpeace.org\/static\/planet4-slovakia-stateless\/2025\/04\/c143ebda-gp1t346c_low-res-with-credit-line-800px-510x340.jpg 510w\" sizes=\"auto, (max-width: 800px) 100vw, 800px\" data-image-size=\"post-thumbnail\" data-stateless-media-bucket=\"planet4-slovakia-stateless\" data-stateless-media-name=\"2025\/04\/c143ebda-gp1t346c_low-res-with-credit-line-800px.jpg\" \/><\/a><\/figure>\n\n        <div class=\"wp-block-group is-layout-flow wp-block-group-is-layout-flow\">\n                <div class=\"wp-block-group is-layout-flex wp-block-group-is-layout-flex\"><div class=\"wp-block-post-terms\"><a href=\"https:\/\/www.greenpeace.org\/slovakia\/category\/issues\/chran\/\">Chr\u00e1\u0148<\/a><\/div>\n                <div class=\"taxonomy-post_tag wp-block-post-terms\"><a href=\"https:\/\/www.greenpeace.org\/slovakia\/tag\/lesy\/\" rel=\"tag\">Lesy<\/a><\/div>\n                \n                <\/div>\n                \n        <h3 class=\"wp-block-post-title\"><a href=\"https:\/\/www.greenpeace.org\/slovakia\/tlacova-sprava\/9771\/odstrel-slovenskych-medvedov-ohrozuje-ekologicku-integritu-sirsieho-karpatskeho-regionu\/\" target=\"_self\" >Odstrel slovensk\u00fdch medve\u010fov ohrozuje ekologick\u00fa integritu \u0161ir\u0161ieho karpatsk\u00e9ho regi\u00f3nu<\/a><\/h3>\n        <div class=\"wp-block-post-excerpt\"><p class=\"wp-block-post-excerpt__excerpt\">Vl\u00e1da schv\u00e1lila pl\u00e1n usmrti\u0165 350 medve\u010fov &#8211; \u010do je alarmuj\u00facim d\u00f4kazom nespr\u00e1vnej alebo neexistuj\u00facej politiky ochrany pr\u00edrody a mana\u017ementu medve\u010fov. Toto rozhodnutie znamen\u00e1 \u00fapln\u00e9 zlyhanie slovensk\u00e9ho ministerstva \u017eivotn\u00e9ho prostredia pod&hellip; <\/p><\/div>\n        \n        <div class=\"wp-block-group posts-list-meta is-layout-flow wp-block-group-is-layout-flow\"><span class='article-list-item-author'>Mirka \u00c1belov\u00e1<\/span>\n        <div class=\"wp-block-post-date\"><time datetime=\"2025-04-02T15:50:58+02:00\">2 apr\u00edla, 2025<\/time><\/div>\n        \n        <\/div>\n        <\/div>\n        <\/div>\n\n            <\/li><li class=\"wp-block-post post-9662 post type-post status-publish format-standard has-post-thumbnail hentry category-greenpeace category-zmen tag-klimatickakriza tag-lesy p4-page-type-tlacova-sprava\">\n            \n<div class=\"wp-block-columns is-layout-flex wp-container-core-columns-is-layout-9d6595d7 wp-block-columns-is-layout-flex\"><figure class=\"wp-block-post-featured-image\"><a href=\"https:\/\/www.greenpeace.org\/slovakia\/tlacova-sprava\/9662\/peticiu-za-odstupenie-vedenia-rezortu-zivotneho-prostredia-podpisalo-uz-25-tisic-ludi\/\" target=\"_self\"  ><img loading=\"lazy\" decoding=\"async\" width=\"1200\" height=\"630\" src=\"https:\/\/www.greenpeace.org\/static\/planet4-slovakia-stateless\/2024\/11\/a659266a-og-image.png\" class=\"attachment-post-thumbnail size-post-thumbnail wp-post-image wp-stateless-item\" alt=\"Pet\u00edciu za odst\u00fapenie vedenia rezortu \u017eivotn\u00e9ho prostredia podp\u00edsalo u\u017e 25-tis\u00edc \u013eud\u00ed.\" style=\"object-fit:cover;\" srcset=\"https:\/\/www.greenpeace.org\/static\/planet4-slovakia-stateless\/2024\/11\/a659266a-og-image.png 1200w, https:\/\/www.greenpeace.org\/static\/planet4-slovakia-stateless\/2024\/11\/a659266a-og-image-300x158.png 300w, https:\/\/www.greenpeace.org\/static\/planet4-slovakia-stateless\/2024\/11\/a659266a-og-image-1024x538.png 1024w, https:\/\/www.greenpeace.org\/static\/planet4-slovakia-stateless\/2024\/11\/a659266a-og-image-768x403.png 768w, https:\/\/www.greenpeace.org\/static\/planet4-slovakia-stateless\/2024\/11\/a659266a-og-image-510x268.png 510w\" sizes=\"auto, (max-width: 1200px) 100vw, 1200px\" data-image-size=\"post-thumbnail\" data-stateless-media-bucket=\"planet4-slovakia-stateless\" data-stateless-media-name=\"2024\/11\/a659266a-og-image.png\" \/><\/a><\/figure>\n\n        <div class=\"wp-block-group is-layout-flow wp-block-group-is-layout-flow\">\n                <div class=\"wp-block-group is-layout-flex wp-block-group-is-layout-flex\"><div class=\"wp-block-post-terms\"><a href=\"https:\/\/www.greenpeace.org\/slovakia\/category\/greenpeace\/\">Greenpeace<\/a><\/div>\n                <div class=\"taxonomy-post_tag wp-block-post-terms\"><a href=\"https:\/\/www.greenpeace.org\/slovakia\/tag\/klimatickakriza\/\" rel=\"tag\">Klimatick\u00e1Kr\u00edza<\/a><span class=\"wp-block-post-terms__separator\"> <\/span><a href=\"https:\/\/www.greenpeace.org\/slovakia\/tag\/lesy\/\" rel=\"tag\">Lesy<\/a><\/div>\n                \n                <\/div>\n                \n        <h3 class=\"wp-block-post-title\"><a href=\"https:\/\/www.greenpeace.org\/slovakia\/tlacova-sprava\/9662\/peticiu-za-odstupenie-vedenia-rezortu-zivotneho-prostredia-podpisalo-uz-25-tisic-ludi\/\" target=\"_self\" >Pet\u00edciu za odst\u00fapenie vedenia rezortu \u017eivotn\u00e9ho prostredia podp\u00edsalo u\u017e 25-tis\u00edc \u013eud\u00ed.<\/a><\/h3>\n        <div class=\"wp-block-post-excerpt\"><p class=\"wp-block-post-excerpt__excerpt\">Odchod ministra \u017eivotn\u00e9ho prostredia Tom\u00e1\u0161a Tarabu a jeho tajomn\u00edkov u\u017e \u017eiada viac ako 25-tis\u00edc \u013eud\u00ed. D\u00f4vodom s\u00fa syst\u00e9mov\u00e9 zlyhania vedenia rezortu, ni\u010denie odborn\u00fdch kapac\u00edt a likvid\u00e1cia \u0161tandardov ochrany pr\u00edrody. D\u00f4vody&hellip; <\/p><\/div>\n        \n        <div class=\"wp-block-group posts-list-meta is-layout-flow wp-block-group-is-layout-flow\"><span class='article-list-item-author'>Greenpeace Slovensko<\/span>\n        <div class=\"wp-block-post-date\"><time datetime=\"2024-11-04T13:46:49+01:00\">4 novembra, 2024<\/time><\/div>\n        \n        <\/div>\n        <\/div>\n        <\/div>\n\n            <\/li><\/ul>\n\n    \n<div class=\"wp-block-buttons carousel-controls is-horizontal is-content-justification-space-between is-nowrap is-layout-flex wp-container-core-buttons-is-layout-044bd602 wp-block-buttons-is-layout-flex\">\n            <div class=\"wp-block-button carousel-control-prev\"><button type=\"button\" class=\"wp-block-button__link wp-element-button\">Prev<\/button><\/div>\n        \n\n            <div class=\"wp-block-button carousel-control-next\"><button type=\"button\" class=\"wp-block-button__link wp-element-button\">Next<\/button><\/div>\n        <\/div>\n\n\n    <li class=\" wp-block-navigation-item see-all-link wp-block-navigation-link\"><a class=\"wp-block-navigation-item__content\"  href=\"http:\/\/www.greenpeace.org\/slovakia\/news-stories\/?tag=lesy\"><span class=\"wp-block-navigation-item__label\">See all stories<\/span><\/a><\/li><\/div>\n    <div data-render=\"planet4-blocks\/happypoint\" data-attributes=\"{&quot;attributes&quot;:{&quot;focus_image&quot;:&quot;0% 0%&quot;,&quot;mailing_list_iframe&quot;:true,&quot;opacity&quot;:30,&quot;override_default_content&quot;:false,&quot;local_content_provider&quot;:&quot;none&quot;}}\"><\/div>","protected":false},"excerpt":{"rendered":"<p>Lesy s\u00fa nesmierne vz\u00e1cne. Mus\u00edme ich chr\u00e1ni\u0165 a to pre \u013eud\u00ed, ktor\u00ed v nich \u017eij\u00fa aj pre v\u0161etk\u00fdch ostatn\u00fdch.<\/p>\n","protected":false},"author":30,"featured_media":902,"parent":60,"menu_order":0,"comment_status":"closed","ping_status":"closed","template":"","meta":{"ep_exclude_from_search":false,"p4_hide_page_title_checkbox":"","p4_title":"","p4_subtitle":"","p4_description":"","background_image_id":"","background_image":"","p4_button_title":"","p4_button_link":"","p4_button_link_checkbox":"","p4_og_title":"","p4_og_description":"","p4_og_image":"","p4_og_image_id":"","p4_seo_canonical_url":"","p4_campaign_name":"not set","p4_local_project":"","p4_basket_name":"not set","p4_department":"","footnotes":""},"categories":[2],"tags":[8],"class_list":["post-429","page","type-page","status-publish","has-post-thumbnail","hentry","category-chran","tag-lesy"],"_links":{"self":[{"href":"https:\/\/www.greenpeace.org\/slovakia\/wp-json\/wp\/v2\/pages\/429","targetHints":{"allow":["GET"]}}],"collection":[{"href":"https:\/\/www.greenpeace.org\/slovakia\/wp-json\/wp\/v2\/pages"}],"about":[{"href":"https:\/\/www.greenpeace.org\/slovakia\/wp-json\/wp\/v2\/types\/page"}],"author":[{"embeddable":true,"href":"https:\/\/www.greenpeace.org\/slovakia\/wp-json\/wp\/v2\/users\/30"}],"replies":[{"embeddable":true,"href":"https:\/\/www.greenpeace.org\/slovakia\/wp-json\/wp\/v2\/comments?post=429"}],"version-history":[{"count":16,"href":"https:\/\/www.greenpeace.org\/slovakia\/wp-json\/wp\/v2\/pages\/429\/revisions"}],"predecessor-version":[{"id":10199,"href":"https:\/\/www.greenpeace.org\/slovakia\/wp-json\/wp\/v2\/pages\/429\/revisions\/10199"}],"up":[{"embeddable":true,"href":"https:\/\/www.greenpeace.org\/slovakia\/wp-json\/wp\/v2\/pages\/60"}],"wp:featuredmedia":[{"embeddable":true,"href":"https:\/\/www.greenpeace.org\/slovakia\/wp-json\/wp\/v2\/media\/902"}],"wp:attachment":[{"href":"https:\/\/www.greenpeace.org\/slovakia\/wp-json\/wp\/v2\/media?parent=429"}],"wp:term":[{"taxonomy":"category","embeddable":true,"href":"https:\/\/www.greenpeace.org\/slovakia\/wp-json\/wp\/v2\/categories?post=429"},{"taxonomy":"post_tag","embeddable":true,"href":"https:\/\/www.greenpeace.org\/slovakia\/wp-json\/wp\/v2\/tags?post=429"}],"curies":[{"name":"wp","href":"https:\/\/api.w.org\/{rel}","templated":true}]}}