{"id":433,"date":"2019-02-19T08:04:35","date_gmt":"2019-02-19T08:04:35","guid":{"rendered":"https:\/\/k8s.p4.greenpeace.org\/defaultcontent\/?page_id=433"},"modified":"2024-03-26T12:45:54","modified_gmt":"2024-03-26T11:45:54","slug":"vseobecne-podmienky","status":"publish","type":"page","link":"https:\/\/www.greenpeace.org\/slovakia\/vseobecne-podmienky\/","title":{"rendered":"V\u0161eobecn\u00e9 podmienky"},"content":{"rendered":"\n                    <div class=\"wp-block-group is-vertical is-layout-flex wp-container-core-group-is-layout-8cf370e7 wp-block-group-is-layout-flex\">\n                    \n                                <p><span style=\"font-weight: 400\">Greenpeace je sie\u0165ou, ktor\u00e1 zah\u0155\u0148a organiz\u00e1ciu Greenpeace International a 27 n\u00e1rodn\u00fdch a region\u00e1lnych organiz\u00e1ci\u00ed Greenpeace, z ktor\u00fdch ka\u017ed\u00e1 je samostatnou a nez\u00e1vislou jednotkou.<\/span><\/p>\n                            \n\n                    \n                    <\/div>\n                    \n<p>Obsah ka\u017edej podsekcie greenpeace.org zverej\u0148uje a riadi konkr\u00e9tna jednotka. Str\u00e1nky, ktor\u00fdch adresy za\u010d\u00ednaj\u00fa napr. <a href=\"http:\/\/www.greenpeace.org\/international\">http:\/\/www.greenpeace.org\/international<\/a>, s\u00fa pod \u00fazemnou spr\u00e1vou Greenpeace International. Pri ak\u00fdchko\u013evek ot\u00e1zkach, koment\u00e1roch \u010di sp\u00e4tnej v\u00e4zbe kontaktujte, pros\u00edm, zodpovedn\u00fa organiza\u010dn\u00fa zlo\u017eku (kancel\u00e1riu alebo skupinu) Greenpeace. V\u0161eobecne je v URL alebo v hornej \u010dasti str\u00e1nky vidite\u013en\u00e9, pod ktor\u00fa organiza\u010dn\u00fa jednotku spad\u00e1 pr\u00e1ve nav\u0161t\u00edven\u00e1 sekcia.\u00a0<\/p>\n\n<p>V z\u00e1ujme pohodlia t\u00e1to str\u00e1nka aj in\u00e9 publik\u00e1cie pou\u017e\u00edvaj\u00fa pri odkazovan\u00e9 na jednu \u010di viacer\u00e9 organiz\u00e1cie, ktor\u00e9 s\u00fa s\u00fa\u010das\u0165ou na\u0161ej siete, iba slovo ,,Greenpeace\u201d. Rovnako slov\u00e1 ,,my\u201d, ,,n\u00e1s\u201d, ,,n\u00e1\u0161\u201d m\u00f4\u017eu odkazova\u0165 na in\u00e9 jednotky v r\u00e1mci na\u0161ej siete a ich pr\u00edslu\u0161n\u00fdch zamestnancov, aktivistov a dobrovo\u013en\u00edkov. N\u00e1rodn\u00e9 alebo region\u00e1lne kancel\u00e1rie ob\u010das ozna\u010dujeme len ako ,,kancel\u00e1rie\u201d, i ke\u010f fyzicky m\u00f4\u017eu ma\u0165 viac ne\u017e len jednu kancel\u00e1riu.<\/p>\n","protected":false},"excerpt":{"rendered":"<p>Greenpeace je sie\u0165ou, ktor\u00e1 zah\u0155\u0148a organiz\u00e1ciu Greenpeace International a 27 n\u00e1rodn\u00fdch a region\u00e1lnych organiz\u00e1ci\u00ed Greenpeace, z ktor\u00fdch ka\u017ed\u00e1 je samostatnou a nez\u00e1vislou jednotkou. Obsah ka\u017edej podsekcie greenpeace.org zverej\u0148uje a riadi konkr\u00e9tna jednotka. Str\u00e1nky, ktor\u00fdch adresy za\u010d\u00ednaj\u00fa napr. http:\/\/www.greenpeace.org\/international, s\u00fa pod \u00fazemnou spr\u00e1vou Greenpeace International. Pri ak\u00fdchko\u013evek ot\u00e1zkach, koment\u00e1roch \u010di sp\u00e4tnej v\u00e4zbe kontaktujte, pros\u00edm, zodpovedn\u00fa organiza\u010dn\u00fa [&hellip;]<\/p>\n","protected":false},"author":5,"featured_media":0,"parent":0,"menu_order":0,"comment_status":"closed","ping_status":"closed","template":"page-templates\/evergreen.php","meta":{"ep_exclude_from_search":false,"p4_hide_page_title_checkbox":"","p4_title":"","p4_subtitle":"","p4_description":"","background_image_id":"","background_image":"","p4_button_title":"","p4_button_link":"","p4_button_link_checkbox":"","p4_og_title":"","p4_og_description":"","p4_og_image":"","p4_og_image_id":"","p4_seo_canonical_url":"","p4_campaign_name":"not set","p4_local_project":"","p4_basket_name":"not set","p4_department":"","footnotes":""},"categories":[],"tags":[13],"class_list":["post-433","page","type-page","status-publish","hentry","tag-onas"],"_links":{"self":[{"href":"https:\/\/www.greenpeace.org\/slovakia\/wp-json\/wp\/v2\/pages\/433","targetHints":{"allow":["GET"]}}],"collection":[{"href":"https:\/\/www.greenpeace.org\/slovakia\/wp-json\/wp\/v2\/pages"}],"about":[{"href":"https:\/\/www.greenpeace.org\/slovakia\/wp-json\/wp\/v2\/types\/page"}],"author":[{"embeddable":true,"href":"https:\/\/www.greenpeace.org\/slovakia\/wp-json\/wp\/v2\/users\/5"}],"replies":[{"embeddable":true,"href":"https:\/\/www.greenpeace.org\/slovakia\/wp-json\/wp\/v2\/comments?post=433"}],"version-history":[{"count":5,"href":"https:\/\/www.greenpeace.org\/slovakia\/wp-json\/wp\/v2\/pages\/433\/revisions"}],"predecessor-version":[{"id":10152,"href":"https:\/\/www.greenpeace.org\/slovakia\/wp-json\/wp\/v2\/pages\/433\/revisions\/10152"}],"wp:attachment":[{"href":"https:\/\/www.greenpeace.org\/slovakia\/wp-json\/wp\/v2\/media?parent=433"}],"wp:term":[{"taxonomy":"category","embeddable":true,"href":"https:\/\/www.greenpeace.org\/slovakia\/wp-json\/wp\/v2\/categories?post=433"},{"taxonomy":"post_tag","embeddable":true,"href":"https:\/\/www.greenpeace.org\/slovakia\/wp-json\/wp\/v2\/tags?post=433"}],"curies":[{"name":"wp","href":"https:\/\/api.w.org\/{rel}","templated":true}]}}