{"id":60,"date":"2018-05-09T13:35:15","date_gmt":"2018-05-09T11:35:15","guid":{"rendered":"https:\/\/k8s.p4.greenpeace.org\/defaultcontent\/?page_id=60"},"modified":"2026-04-08T10:57:44","modified_gmt":"2026-04-08T08:57:44","slug":"chran","status":"publish","type":"page","link":"https:\/\/www.greenpeace.org\/slovakia\/objavuj\/chran\/","title":{"rendered":"Chr\u00e1\u0148"},"content":{"rendered":"\n                    <div class=\"wp-block-group is-vertical is-layout-flex wp-container-core-group-is-layout-8cf370e7 wp-block-group-is-layout-flex\">\n                    \n                                <p><span data-sheets-value=\"{&quot;1&quot;:2,&quot;2&quot;:&quot;Existuj\u00fa nenahradite\u013en\u00e9 veci, ktor\u00e9 zabezpe\u010duj\u00fa, \u017ee m\u00f4\u017eeme existova\u0165 na tejto Zemi. Existuj\u00fa hodnoty, ktor\u00e9 n\u00e1m pom\u00e1haj\u00fa ma\u0165 lep\u0161\u00ed \u017eivot. A tie si zasluhuj\u00fa ochranu pred chamtivos\u0165ou a bezoh\u013eadnos\u0165ou.&quot;}\" data-sheets-userformat=\"{&quot;2&quot;:13249,&quot;3&quot;:{&quot;1&quot;:0},&quot;9&quot;:0,&quot;10&quot;:1,&quot;11&quot;:4,&quot;12&quot;:0,&quot;15&quot;:&quot;Arial&quot;,&quot;16&quot;:10}\">Existuj\u00fa nenahradite\u013en\u00e9 veci, ktor\u00e9 zabezpe\u010duj\u00fa, \u017ee m\u00f4\u017eeme existova\u0165 na tejto Zemi. Existuj\u00fa hodnoty, ktor\u00e9 n\u00e1m pom\u00e1haj\u00fa ma\u0165 lep\u0161\u00ed \u017eivot. A tie si zasluhuj\u00fa ochranu pred chamtivos\u0165ou a bezoh\u013eadnos\u0165ou.<\/span><\/p>\n                            \n\n                    \n                    <\/div>\n                    <div data-render=\"planet4-blocks\/gallery\" data-attributes=\"{&quot;attributes&quot;:{&quot;gallery_block_title&quot;:&quot;Na\\u0161a v\\u00edzia&quot;,&quot;gallery_block_description&quot;:&quot;Zachovanie pr\\u00edrodn\\u00e9ho bohatstva na\\u0161ej Zeme je nevyhnutn\\u00e9, aby sme dok\\u00e1zali na tejto plan\\u00e9te zotrva\\u0165. Na to, aby sme mohli presadzova\\u0165 zmeny a chr\\u00e1ni\\u0165 pr\\u00edrodu potrebujeme zodpovedn\\u00fa demokratick\\u00fa spolo\\u010dnos\\u0165.&quot;,&quot;multiple_image&quot;:&quot;934,933,931&quot;,&quot;image_data&quot;:[{&quot;url&quot;:&quot;https:\\\/\\\/www.greenpeace.org\\\/static\\\/planet4-slovakia-stateless\\\/2019\\\/11\\\/e0bf521b-gp1stopd.jpg&quot;,&quot;focalPoint&quot;:{&quot;x&quot;:0.5,&quot;y&quot;:0.5},&quot;id&quot;:&quot;931&quot;},{&quot;url&quot;:&quot;https:\\\/\\\/www.greenpeace.org\\\/static\\\/planet4-slovakia-stateless\\\/2019\\\/11\\\/ffa0df30-gp0stsse6.jpg&quot;,&quot;focalPoint&quot;:{&quot;x&quot;:0.5,&quot;y&quot;:0.5},&quot;id&quot;:&quot;933&quot;},{&quot;url&quot;:&quot;https:\\\/\\\/www.greenpeace.org\\\/static\\\/planet4-slovakia-stateless\\\/2019\\\/11\\\/8411275b-gp0stpy4u.jpg&quot;,&quot;focalPoint&quot;:{&quot;x&quot;:0.5,&quot;y&quot;:0.5},&quot;id&quot;:&quot;934&quot;}],&quot;gallery_block_style&quot;:0,&quot;gallery_block_focus_points&quot;:&quot;&quot;,&quot;images&quot;:[{&quot;image_src&quot;:&quot;https:\\\/\\\/www.greenpeace.org\\\/static\\\/planet4-slovakia-stateless\\\/2019\\\/11\\\/8411275b-gp0stpy4u.jpg&quot;,&quot;image_srcset&quot;:false,&quot;image_sizes&quot;:false,&quot;alt_text&quot;:&quot;Munduruku Children Swimming in Tapaj\\u00f3s River in the Amazon. \\u00a9 Ot\\u00e1vio Almeida \\\/ Greenpeace&quot;,&quot;caption&quot;:&quot;&quot;,&quot;focus_image&quot;:&quot;&quot;,&quot;credits&quot;:&quot;\\u00a9 Ot\\u00e1vio Almeida \\\/ Greenpeace&quot;},{&quot;image_src&quot;:&quot;https:\\\/\\\/www.greenpeace.org\\\/static\\\/planet4-slovakia-stateless\\\/2019\\\/11\\\/ffa0df30-gp0stsse6.jpg&quot;,&quot;image_srcset&quot;:false,&quot;image_sizes&quot;:false,&quot;alt_text&quot;:&quot;Novaky12 Solidarity Manifestation in Finland. \\u00a9 Greenpeace&quot;,&quot;caption&quot;:&quot;&quot;,&quot;focus_image&quot;:&quot;&quot;,&quot;credits&quot;:&quot;\\u00a9 Greenpeace&quot;},{&quot;image_src&quot;:&quot;https:\\\/\\\/www.greenpeace.org\\\/static\\\/planet4-slovakia-stateless\\\/2019\\\/11\\\/e0bf521b-gp1stopd.jpg&quot;,&quot;image_srcset&quot;:false,&quot;image_sizes&quot;:false,&quot;alt_text&quot;:&quot;Demonstration for a Fairer and Greener Europe at EU Summit in Bratislava. \\u00a9 Tomas Halasz \\\/ Greenpeace&quot;,&quot;caption&quot;:&quot;&quot;,&quot;focus_image&quot;:&quot;&quot;,&quot;credits&quot;:&quot;\\u00a9 Tomas Halasz \\\/ Greenpeace&quot;}]}}\"><\/div>\n<h3 class=\"wp-block-heading\">Pozri si na\u0161e kampane<\/h3>\n<div data-render=\"planet4-blocks\/columns\" data-attributes=\"{&quot;attributes&quot;:{&quot;columns_block_style&quot;:&quot;image&quot;,&quot;columns_title&quot;:&quot;&quot;,&quot;className&quot;:&quot;is-style-image&quot;,&quot;columns_description&quot;:&quot;&quot;,&quot;columns&quot;:[{&quot;attachment&quot;:&quot;https:\\\/\\\/www.greenpeace.org\\\/static\\\/planet4-slovakia-stateless\\\/2021\\\/04\\\/482a343e-gp0stsjuv_high_res-510x331.jpg&quot;,&quot;title&quot;:&quot;#Oce\\u00e1ny&quot;,&quot;cta_link&quot;:&quot;http:\\\/\\\/www.greenpeace.org\\\/slovakia\\\/tag\\\/oceany\\\/&quot;,&quot;attachment_srcset&quot;:&quot;https:\\\/\\\/www.greenpeace.org\\\/static\\\/planet4-slovakia-stateless\\\/2021\\\/04\\\/482a343e-gp0stsjuv_high_res-510x331.jpg 510w, https:\\\/\\\/www.greenpeace.org\\\/static\\\/planet4-slovakia-stateless\\\/2021\\\/04\\\/482a343e-gp0stsjuv_high_res-300x195.jpg 300w, https:\\\/\\\/www.greenpeace.org\\\/static\\\/planet4-slovakia-stateless\\\/2021\\\/04\\\/482a343e-gp0stsjuv_high_res-1024x665.jpg 1024w, https:\\\/\\\/www.greenpeace.org\\\/static\\\/planet4-slovakia-stateless\\\/2021\\\/04\\\/482a343e-gp0stsjuv_high_res-768x498.jpg 768w, https:\\\/\\\/www.greenpeace.org\\\/static\\\/planet4-slovakia-stateless\\\/2021\\\/04\\\/482a343e-gp0stsjuv_high_res-1536x997.jpg 1536w, https:\\\/\\\/www.greenpeace.org\\\/static\\\/planet4-slovakia-stateless\\\/2021\\\/04\\\/482a343e-gp0stsjuv_high_res-2048x1329.jpg 2048w, https:\\\/\\\/www.greenpeace.org\\\/static\\\/planet4-slovakia-stateless\\\/2021\\\/04\\\/482a343e-gp0stsjuv_high_res-scaled-e1618475267730.jpg 640w&quot;},{&quot;attachment&quot;:&quot;https:\\\/\\\/www.greenpeace.org\\\/static\\\/planet4-slovakia-stateless\\\/2019\\\/11\\\/00a02414-gp018s8.jpg&quot;,&quot;title&quot;:&quot;#Mier&quot;,&quot;cta_link&quot;:&quot;http:\\\/\\\/www.greenpeace.org\\\/slovakia\\\/tag\\\/mier\\\/&quot;,&quot;attachment_srcset&quot;:false},{&quot;attachment&quot;:&quot;https:\\\/\\\/www.greenpeace.org\\\/static\\\/planet4-slovakia-stateless\\\/2019\\\/11\\\/fbdd2e67-gp0str3iq.jpg&quot;,&quot;title&quot;:&quot;#Lesy&quot;,&quot;cta_link&quot;:&quot;http:\\\/\\\/www.greenpeace.org\\\/slovakia\\\/tag\\\/lesy\\\/&quot;,&quot;attachment_srcset&quot;:false}]}}\"><\/div>\n<h3 class=\"wp-block-heading\">\u010cl\u00e1nky o t\u00fdchto kampaniach<\/h3>\n\n        <div class=\"wp-block-query actions-list p4-query-loop is-custom-layout-actions-list is-custom-layout-grid is-layout-grid wp-container-core-query-is-layout-29f43435 wp-block-query-is-layout-grid\"><h2 class=\"wp-block-heading\"><\/h2>\n        <p style=\"margin-top: 24px; margin-bottom: 32px;\"><\/p>\n        <div class=\"wp-block-query-no-results\">\n        <p >No posts found.<\/p>\n        <\/div>\n        \n        \n<div class=\"wp-block-buttons carousel-controls is-horizontal is-content-justification-space-between is-nowrap is-layout-flex wp-container-core-buttons-is-layout-044bd602 wp-block-buttons-is-layout-flex\">\n            <div class=\"wp-block-button carousel-control-prev\"><button type=\"button\" class=\"wp-block-button__link wp-element-button\">Prev<\/button><\/div>\n        \n\n            <div class=\"wp-block-button carousel-control-next\"><button type=\"button\" class=\"wp-block-button__link wp-element-button\">Next<\/button><\/div>\n        <\/div>\n\n        \n<div class=\"wp-block-buttons load-more-actions-container is-content-justification-center is-layout-flex wp-container-core-buttons-is-layout-16018d1d wp-block-buttons-is-layout-flex\">\n                <div class=\"wp-block-button is-style-secondary\"><button type=\"button\" class=\"wp-block-button__link wp-element-button\">Na\u010d\u00edta\u0165 viac<\/button><\/div>\n            \n<\/div>\n<\/div>\n        \n    <div class=\"wp-block-query posts-list p4-query-loop is-custom-layout-grid is-layout-grid wp-container-core-query-is-layout-b8bb0bd1 wp-block-query-is-layout-grid\">\n        <div class=\"wp-block-group is-content-justification-space-between is-layout-flex wp-container-core-group-is-layout-3d213aab wp-block-group-is-layout-flex\"><h2 class=\"wp-block-heading\"><\/h2>\n        <li class=\" wp-block-navigation-item see-all-link wp-block-navigation-link\"><a class=\"wp-block-navigation-item__content\"  href=\"http:\/\/www.greenpeace.org\/slovakia\/news-stories\/?tag=lesy\"><span class=\"wp-block-navigation-item__label\">See all stories<\/span><\/a><\/li>\n        \n        <\/div>\n        \n\n    <p style=\"margin-top: 24px; margin-bottom: 36px;\"><\/p>\n\n    \n\n    <ul class=\"wp-block-post-template is-layout-flow wp-block-post-template-is-layout-flow\"><li class=\"wp-block-post post-9833 post type-post status-publish format-standard has-post-thumbnail hentry category-chran category-energeticke-spolocenstva category-zmen tag-energia tag-energetickespolocenstva tag-klimatickakriza tag-oceany tag-lesy tag-plasty tag-spotreba p4-page-type-tlacova-sprava\">\n            \n<div class=\"wp-block-columns is-layout-flex wp-container-core-columns-is-layout-9d6595d7 wp-block-columns-is-layout-flex\"><figure class=\"wp-block-post-featured-image\"><a href=\"https:\/\/www.greenpeace.org\/slovakia\/tlacova-sprava\/9833\/nove-znepokojujuce-varovanie-na-udrzanie-oteplenia-o-15-c-svetu-podla-vedcov-zostavaju-tri-roky\/\" target=\"_self\"  ><img loading=\"lazy\" decoding=\"async\" width=\"1080\" height=\"1350\" src=\"https:\/\/www.greenpeace.org\/static\/planet4-slovakia-stateless\/2025\/06\/d0c21f47-3-roky-na-zachranu-15-\u00b0c.png\" class=\"attachment-post-thumbnail size-post-thumbnail wp-post-image wp-stateless-item\" alt=\"Nov\u00e9 znepokojuj\u00face varovanie: na udr\u017eanie oteplenia o 1,5 \u00b0C svetu pod\u013ea vedcov zost\u00e1vaj\u00fa tri roky\" style=\"object-fit:cover;\" srcset=\"https:\/\/www.greenpeace.org\/static\/planet4-slovakia-stateless\/2025\/06\/d0c21f47-3-roky-na-zachranu-15-\u00b0c.png 1080w, https:\/\/www.greenpeace.org\/static\/planet4-slovakia-stateless\/2025\/06\/d0c21f47-3-roky-na-zachranu-15-\u00b0c-240x300.png 240w, https:\/\/www.greenpeace.org\/static\/planet4-slovakia-stateless\/2025\/06\/d0c21f47-3-roky-na-zachranu-15-\u00b0c-819x1024.png 819w, https:\/\/www.greenpeace.org\/static\/planet4-slovakia-stateless\/2025\/06\/d0c21f47-3-roky-na-zachranu-15-\u00b0c-768x960.png 768w, https:\/\/www.greenpeace.org\/static\/planet4-slovakia-stateless\/2025\/06\/d0c21f47-3-roky-na-zachranu-15-\u00b0c-272x340.png 272w\" sizes=\"auto, (max-width: 1080px) 100vw, 1080px\" data-image-size=\"post-thumbnail\" data-stateless-media-bucket=\"planet4-slovakia-stateless\" data-stateless-media-name=\"2025\/06\/d0c21f47-3-roky-na-zachranu-15-\u00b0c.png\" \/><\/a><\/figure>\n\n        <div class=\"wp-block-group is-layout-flow wp-block-group-is-layout-flow\">\n                <div class=\"wp-block-group is-layout-flow wp-block-group-is-layout-flow\"><div class=\"wp-block-post-terms\"><a href=\"https:\/\/www.greenpeace.org\/slovakia\/category\/issues\/chran\/\">Chr\u00e1\u0148<\/a><\/div>\n                <div class=\"taxonomy-post_tag wp-block-post-terms\"><a href=\"https:\/\/www.greenpeace.org\/slovakia\/tag\/energia\/\" rel=\"tag\">Energia<\/a><span class=\"wp-block-post-terms__separator\"> <\/span><a href=\"https:\/\/www.greenpeace.org\/slovakia\/tag\/energetickespolocenstva\/\" rel=\"tag\">Energetick\u00e9 spolo\u010denstv\u00e1<\/a><span class=\"wp-block-post-terms__separator\"> <\/span><a href=\"https:\/\/www.greenpeace.org\/slovakia\/tag\/klimatickakriza\/\" rel=\"tag\">Klimatick\u00e1Kr\u00edza<\/a><span class=\"wp-block-post-terms__separator\"> <\/span><a href=\"https:\/\/www.greenpeace.org\/slovakia\/tag\/oceany\/\" rel=\"tag\">Oce\u00e1ny<\/a><span class=\"wp-block-post-terms__separator\"> <\/span><a href=\"https:\/\/www.greenpeace.org\/slovakia\/tag\/lesy\/\" rel=\"tag\">Lesy<\/a><span class=\"wp-block-post-terms__separator\"> <\/span><a href=\"https:\/\/www.greenpeace.org\/slovakia\/tag\/plasty\/\" rel=\"tag\">Plasty<\/a><span class=\"wp-block-post-terms__separator\"> <\/span><a href=\"https:\/\/www.greenpeace.org\/slovakia\/tag\/spotreba\/\" rel=\"tag\">Spotreba<\/a><\/div>\n                \n                <\/div>\n                \n        <h3 class=\"wp-block-post-title\"><a href=\"https:\/\/www.greenpeace.org\/slovakia\/tlacova-sprava\/9833\/nove-znepokojujuce-varovanie-na-udrzanie-oteplenia-o-15-c-svetu-podla-vedcov-zostavaju-tri-roky\/\" target=\"_self\" >Nov\u00e9 znepokojuj\u00face varovanie: na udr\u017eanie oteplenia o 1,5 \u00b0C svetu pod\u013ea vedcov zost\u00e1vaj\u00fa tri roky<\/a><\/h3>\n        <div class=\"wp-block-post-excerpt\"><p class=\"wp-block-post-excerpt__excerpt\">Pod\u013ea nov\u00fdch vedeck\u00fdch \u00fadajov n\u00e1m zost\u00e1vaj\u00fa len tri roky na to, aby sme udr\u017eali cie\u013e Par\u00ed\u017eskej dohody o obmedzen\u00ed glob\u00e1lneho otep\u013eovania na 1,5 \u00b0C. V\u0161etky krajiny sveta, vr\u00e1tane Slovenska, musia&hellip; <\/p><\/div>\n        \n        <div class=\"wp-block-group posts-list-meta is-layout-flow wp-block-group-is-layout-flow\"><span class='article-list-item-author'>Mirka \u00c1belov\u00e1<\/span>\n        <div class=\"wp-block-post-date\"><time datetime=\"2025-06-20T11:43:18+02:00\">20 j\u00fana, 2025<\/time><\/div>\n        \n        <\/div>\n        <\/div>\n        <\/div>\n\n            <\/li><li class=\"wp-block-post post-9771 post type-post status-publish format-standard has-post-thumbnail hentry category-chran category-greenpeace tag-lesy p4-page-type-tlacova-sprava\">\n            \n<div class=\"wp-block-columns is-layout-flex wp-container-core-columns-is-layout-9d6595d7 wp-block-columns-is-layout-flex\"><figure class=\"wp-block-post-featured-image\"><a href=\"https:\/\/www.greenpeace.org\/slovakia\/tlacova-sprava\/9771\/odstrel-slovenskych-medvedov-ohrozuje-ekologicku-integritu-sirsieho-karpatskeho-regionu\/\" target=\"_self\"  ><img loading=\"lazy\" decoding=\"async\" width=\"800\" height=\"533\" src=\"https:\/\/www.greenpeace.org\/static\/planet4-slovakia-stateless\/2025\/04\/c143ebda-gp1t346c_low-res-with-credit-line-800px.jpg\" class=\"attachment-post-thumbnail size-post-thumbnail wp-post-image wp-stateless-item\" alt=\"Odstrel slovensk\u00fdch medve\u010fov ohrozuje ekologick\u00fa integritu \u0161ir\u0161ieho karpatsk\u00e9ho regi\u00f3nu\" style=\"object-fit:cover;\" srcset=\"https:\/\/www.greenpeace.org\/static\/planet4-slovakia-stateless\/2025\/04\/c143ebda-gp1t346c_low-res-with-credit-line-800px.jpg 800w, https:\/\/www.greenpeace.org\/static\/planet4-slovakia-stateless\/2025\/04\/c143ebda-gp1t346c_low-res-with-credit-line-800px-300x200.jpg 300w, https:\/\/www.greenpeace.org\/static\/planet4-slovakia-stateless\/2025\/04\/c143ebda-gp1t346c_low-res-with-credit-line-800px-768x512.jpg 768w, https:\/\/www.greenpeace.org\/static\/planet4-slovakia-stateless\/2025\/04\/c143ebda-gp1t346c_low-res-with-credit-line-800px-510x340.jpg 510w\" sizes=\"auto, (max-width: 800px) 100vw, 800px\" data-image-size=\"post-thumbnail\" data-stateless-media-bucket=\"planet4-slovakia-stateless\" data-stateless-media-name=\"2025\/04\/c143ebda-gp1t346c_low-res-with-credit-line-800px.jpg\" \/><\/a><\/figure>\n\n        <div class=\"wp-block-group is-layout-flow wp-block-group-is-layout-flow\">\n                <div class=\"wp-block-group is-layout-flow wp-block-group-is-layout-flow\"><div class=\"wp-block-post-terms\"><a href=\"https:\/\/www.greenpeace.org\/slovakia\/category\/issues\/chran\/\">Chr\u00e1\u0148<\/a><\/div>\n                <div class=\"taxonomy-post_tag wp-block-post-terms\"><a href=\"https:\/\/www.greenpeace.org\/slovakia\/tag\/lesy\/\" rel=\"tag\">Lesy<\/a><\/div>\n                \n                <\/div>\n                \n        <h3 class=\"wp-block-post-title\"><a href=\"https:\/\/www.greenpeace.org\/slovakia\/tlacova-sprava\/9771\/odstrel-slovenskych-medvedov-ohrozuje-ekologicku-integritu-sirsieho-karpatskeho-regionu\/\" target=\"_self\" >Odstrel slovensk\u00fdch medve\u010fov ohrozuje ekologick\u00fa integritu \u0161ir\u0161ieho karpatsk\u00e9ho regi\u00f3nu<\/a><\/h3>\n        <div class=\"wp-block-post-excerpt\"><p class=\"wp-block-post-excerpt__excerpt\">Vl\u00e1da schv\u00e1lila pl\u00e1n usmrti\u0165 350 medve\u010fov &#8211; \u010do je alarmuj\u00facim d\u00f4kazom nespr\u00e1vnej alebo neexistuj\u00facej politiky ochrany pr\u00edrody a mana\u017ementu medve\u010fov. Toto rozhodnutie znamen\u00e1 \u00fapln\u00e9 zlyhanie slovensk\u00e9ho ministerstva \u017eivotn\u00e9ho prostredia pod&hellip; <\/p><\/div>\n        \n        <div class=\"wp-block-group posts-list-meta is-layout-flow wp-block-group-is-layout-flow\"><span class='article-list-item-author'>Mirka \u00c1belov\u00e1<\/span>\n        <div class=\"wp-block-post-date\"><time datetime=\"2025-04-02T15:50:58+02:00\">2 apr\u00edla, 2025<\/time><\/div>\n        \n        <\/div>\n        <\/div>\n        <\/div>\n\n            <\/li><li class=\"wp-block-post post-9742 post type-post status-publish format-standard has-post-thumbnail hentry category-greenpeace tag-mier tag-energia p4-page-type-clanok\">\n            \n<div class=\"wp-block-columns is-layout-flex wp-container-core-columns-is-layout-9d6595d7 wp-block-columns-is-layout-flex\"><figure class=\"wp-block-post-featured-image\"><a href=\"https:\/\/www.greenpeace.org\/slovakia\/clanok\/9742\/po-troch-rokoch-ruska-invazia-na-ukrajinu-ktoru-pohanaju-fosilne-paliva-pokracuje\/\" target=\"_self\"  ><img loading=\"lazy\" decoding=\"async\" width=\"800\" height=\"498\" src=\"https:\/\/www.greenpeace.org\/static\/planet4-slovakia-stateless\/2025\/03\/20fecee9-image.png\" class=\"attachment-post-thumbnail size-post-thumbnail wp-post-image wp-stateless-item\" alt=\"Po troch rokoch: Rusk\u00e1 inv\u00e1zia na Ukrajinu, ktor\u00fa poh\u00e1\u0148aj\u00fa fos\u00edlne paliv\u00e1, pokra\u010duje\" style=\"object-fit:cover;\" srcset=\"https:\/\/www.greenpeace.org\/static\/planet4-slovakia-stateless\/2025\/03\/20fecee9-image.png 800w, https:\/\/www.greenpeace.org\/static\/planet4-slovakia-stateless\/2025\/03\/20fecee9-image-300x187.png 300w, https:\/\/www.greenpeace.org\/static\/planet4-slovakia-stateless\/2025\/03\/20fecee9-image-768x478.png 768w, https:\/\/www.greenpeace.org\/static\/planet4-slovakia-stateless\/2025\/03\/20fecee9-image-510x317.png 510w\" sizes=\"auto, (max-width: 800px) 100vw, 800px\" data-image-size=\"post-thumbnail\" data-stateless-media-bucket=\"planet4-slovakia-stateless\" data-stateless-media-name=\"2025\/03\/20fecee9-image.png\" \/><\/a><\/figure>\n\n        <div class=\"wp-block-group is-layout-flow wp-block-group-is-layout-flow\">\n                <div class=\"wp-block-group is-layout-flow wp-block-group-is-layout-flow\"><div class=\"wp-block-post-terms\"><a href=\"https:\/\/www.greenpeace.org\/slovakia\/category\/greenpeace\/\">Greenpeace<\/a><\/div>\n                <div class=\"taxonomy-post_tag wp-block-post-terms\"><a href=\"https:\/\/www.greenpeace.org\/slovakia\/tag\/mier\/\" rel=\"tag\">Mier<\/a><span class=\"wp-block-post-terms__separator\"> <\/span><a href=\"https:\/\/www.greenpeace.org\/slovakia\/tag\/energia\/\" rel=\"tag\">Energia<\/a><\/div>\n                \n                <\/div>\n                \n        <h3 class=\"wp-block-post-title\"><a href=\"https:\/\/www.greenpeace.org\/slovakia\/clanok\/9742\/po-troch-rokoch-ruska-invazia-na-ukrajinu-ktoru-pohanaju-fosilne-paliva-pokracuje\/\" target=\"_self\" >Po troch rokoch: Rusk\u00e1 inv\u00e1zia na Ukrajinu, ktor\u00fa poh\u00e1\u0148aj\u00fa fos\u00edlne paliv\u00e1, pokra\u010duje<\/a><\/h3>\n        <div class=\"wp-block-post-excerpt\"><p class=\"wp-block-post-excerpt__excerpt\">Natalia Gozak a Daryna Rogachuk \u2022 5 min \u010ditania \u2022 prelo\u017eila Mirka \u00c1belov\u00e1 <\/p><\/div>\n        \n        <div class=\"wp-block-group posts-list-meta is-layout-flow wp-block-group-is-layout-flow\"><span class='article-list-item-author'>Mirka \u00c1belov\u00e1<\/span>\n        <div class=\"wp-block-post-date\"><time datetime=\"2025-03-04T16:20:01+01:00\">4 marca, 2025<\/time><\/div>\n        \n        <\/div>\n        <\/div>\n        <\/div>\n\n            <\/li><li class=\"wp-block-post post-9662 post type-post status-publish format-standard has-post-thumbnail hentry category-greenpeace category-zmen tag-klimatickakriza tag-lesy p4-page-type-tlacova-sprava\">\n            \n<div class=\"wp-block-columns is-layout-flex wp-container-core-columns-is-layout-9d6595d7 wp-block-columns-is-layout-flex\"><figure class=\"wp-block-post-featured-image\"><a href=\"https:\/\/www.greenpeace.org\/slovakia\/tlacova-sprava\/9662\/peticiu-za-odstupenie-vedenia-rezortu-zivotneho-prostredia-podpisalo-uz-25-tisic-ludi\/\" target=\"_self\"  ><img loading=\"lazy\" decoding=\"async\" width=\"1200\" height=\"630\" src=\"https:\/\/www.greenpeace.org\/static\/planet4-slovakia-stateless\/2024\/11\/a659266a-og-image.png\" class=\"attachment-post-thumbnail size-post-thumbnail wp-post-image wp-stateless-item\" alt=\"Pet\u00edciu za odst\u00fapenie vedenia rezortu \u017eivotn\u00e9ho prostredia podp\u00edsalo u\u017e 25-tis\u00edc \u013eud\u00ed.\" style=\"object-fit:cover;\" srcset=\"https:\/\/www.greenpeace.org\/static\/planet4-slovakia-stateless\/2024\/11\/a659266a-og-image.png 1200w, https:\/\/www.greenpeace.org\/static\/planet4-slovakia-stateless\/2024\/11\/a659266a-og-image-300x158.png 300w, https:\/\/www.greenpeace.org\/static\/planet4-slovakia-stateless\/2024\/11\/a659266a-og-image-1024x538.png 1024w, https:\/\/www.greenpeace.org\/static\/planet4-slovakia-stateless\/2024\/11\/a659266a-og-image-768x403.png 768w, https:\/\/www.greenpeace.org\/static\/planet4-slovakia-stateless\/2024\/11\/a659266a-og-image-510x268.png 510w\" sizes=\"auto, (max-width: 1200px) 100vw, 1200px\" data-image-size=\"post-thumbnail\" data-stateless-media-bucket=\"planet4-slovakia-stateless\" data-stateless-media-name=\"2024\/11\/a659266a-og-image.png\" \/><\/a><\/figure>\n\n        <div class=\"wp-block-group is-layout-flow wp-block-group-is-layout-flow\">\n                <div class=\"wp-block-group is-layout-flow wp-block-group-is-layout-flow\"><div class=\"wp-block-post-terms\"><a href=\"https:\/\/www.greenpeace.org\/slovakia\/category\/greenpeace\/\">Greenpeace<\/a><\/div>\n                <div class=\"taxonomy-post_tag wp-block-post-terms\"><a href=\"https:\/\/www.greenpeace.org\/slovakia\/tag\/klimatickakriza\/\" rel=\"tag\">Klimatick\u00e1Kr\u00edza<\/a><span class=\"wp-block-post-terms__separator\"> <\/span><a href=\"https:\/\/www.greenpeace.org\/slovakia\/tag\/lesy\/\" rel=\"tag\">Lesy<\/a><\/div>\n                \n                <\/div>\n                \n        <h3 class=\"wp-block-post-title\"><a href=\"https:\/\/www.greenpeace.org\/slovakia\/tlacova-sprava\/9662\/peticiu-za-odstupenie-vedenia-rezortu-zivotneho-prostredia-podpisalo-uz-25-tisic-ludi\/\" target=\"_self\" >Pet\u00edciu za odst\u00fapenie vedenia rezortu \u017eivotn\u00e9ho prostredia podp\u00edsalo u\u017e 25-tis\u00edc \u013eud\u00ed.<\/a><\/h3>\n        <div class=\"wp-block-post-excerpt\"><p class=\"wp-block-post-excerpt__excerpt\">Odchod ministra \u017eivotn\u00e9ho prostredia Tom\u00e1\u0161a Tarabu a jeho tajomn\u00edkov u\u017e \u017eiada viac ako 25-tis\u00edc \u013eud\u00ed. D\u00f4vodom s\u00fa syst\u00e9mov\u00e9 zlyhania vedenia rezortu, ni\u010denie odborn\u00fdch kapac\u00edt a likvid\u00e1cia \u0161tandardov ochrany pr\u00edrody. D\u00f4vody&hellip; <\/p><\/div>\n        \n        <div class=\"wp-block-group posts-list-meta is-layout-flow wp-block-group-is-layout-flow\"><span class='article-list-item-author'>Greenpeace Slovensko<\/span>\n        <div class=\"wp-block-post-date\"><time datetime=\"2024-11-04T13:46:49+01:00\">4 novembra, 2024<\/time><\/div>\n        \n        <\/div>\n        <\/div>\n        <\/div>\n\n            <\/li><\/ul>\n\n    \n<div class=\"wp-block-buttons carousel-controls is-horizontal is-content-justification-space-between is-nowrap is-layout-flex wp-container-core-buttons-is-layout-044bd602 wp-block-buttons-is-layout-flex\">\n            <div class=\"wp-block-button carousel-control-prev\"><button type=\"button\" class=\"wp-block-button__link wp-element-button\">Prev<\/button><\/div>\n        \n\n            <div class=\"wp-block-button carousel-control-next\"><button type=\"button\" class=\"wp-block-button__link wp-element-button\">Next<\/button><\/div>\n        <\/div>\n\n\n    <li class=\" wp-block-navigation-item see-all-link wp-block-navigation-link\"><a class=\"wp-block-navigation-item__content\"  href=\"http:\/\/www.greenpeace.org\/slovakia\/news-stories\/?tag=lesy\"><span class=\"wp-block-navigation-item__label\">See all stories<\/span><\/a><\/li><\/div>\n    <div data-render=\"planet4-blocks\/happypoint\" data-attributes=\"{&quot;attributes&quot;:{&quot;focus_image&quot;:&quot;0% 0%&quot;,&quot;mailing_list_iframe&quot;:true,&quot;id&quot;:74,&quot;opacity&quot;:30,&quot;override_default_content&quot;:false,&quot;local_content_provider&quot;:&quot;none&quot;}}\"><\/div>","protected":false},"excerpt":{"rendered":"<p>Existuj\u00fa nenahradite\u013en\u00e9 veci, ktor\u00e9 zabezpe\u010duj\u00fa, \u017ee m\u00f4\u017eeme existova\u0165 na tejto Zemi.<\/p>\n","protected":false},"author":5,"featured_media":935,"parent":11,"menu_order":0,"comment_status":"closed","ping_status":"closed","template":"","meta":{"ep_exclude_from_search":false,"p4_hide_page_title_checkbox":"","p4_title":"","p4_subtitle":"","p4_description":"","background_image_id":"","background_image":"","p4_button_title":"","p4_button_link":"","p4_button_link_checkbox":"","p4_og_title":"","p4_og_description":"","p4_og_image":"","p4_og_image_id":"","p4_seo_canonical_url":"","p4_campaign_name":"not set","p4_local_project":"not set","p4_basket_name":"not set","p4_department":"","footnotes":""},"categories":[2],"tags":[8,17,24],"class_list":["post-60","page","type-page","status-publish","has-post-thumbnail","hentry","category-chran","tag-lesy","tag-mier","tag-oceany"],"_links":{"self":[{"href":"https:\/\/www.greenpeace.org\/slovakia\/wp-json\/wp\/v2\/pages\/60","targetHints":{"allow":["GET"]}}],"collection":[{"href":"https:\/\/www.greenpeace.org\/slovakia\/wp-json\/wp\/v2\/pages"}],"about":[{"href":"https:\/\/www.greenpeace.org\/slovakia\/wp-json\/wp\/v2\/types\/page"}],"author":[{"embeddable":true,"href":"https:\/\/www.greenpeace.org\/slovakia\/wp-json\/wp\/v2\/users\/5"}],"replies":[{"embeddable":true,"href":"https:\/\/www.greenpeace.org\/slovakia\/wp-json\/wp\/v2\/comments?post=60"}],"version-history":[{"count":20,"href":"https:\/\/www.greenpeace.org\/slovakia\/wp-json\/wp\/v2\/pages\/60\/revisions"}],"predecessor-version":[{"id":10205,"href":"https:\/\/www.greenpeace.org\/slovakia\/wp-json\/wp\/v2\/pages\/60\/revisions\/10205"}],"up":[{"embeddable":true,"href":"https:\/\/www.greenpeace.org\/slovakia\/wp-json\/wp\/v2\/pages\/11"}],"wp:featuredmedia":[{"embeddable":true,"href":"https:\/\/www.greenpeace.org\/slovakia\/wp-json\/wp\/v2\/media\/935"}],"wp:attachment":[{"href":"https:\/\/www.greenpeace.org\/slovakia\/wp-json\/wp\/v2\/media?parent=60"}],"wp:term":[{"taxonomy":"category","embeddable":true,"href":"https:\/\/www.greenpeace.org\/slovakia\/wp-json\/wp\/v2\/categories?post=60"},{"taxonomy":"post_tag","embeddable":true,"href":"https:\/\/www.greenpeace.org\/slovakia\/wp-json\/wp\/v2\/tags?post=60"}],"curies":[{"name":"wp","href":"https:\/\/api.w.org\/{rel}","templated":true}]}}