{"id":877,"date":"2019-11-20T16:13:34","date_gmt":"2019-11-20T15:13:34","guid":{"rendered":"https:\/\/master.k8s.p4.greenpeace.org\/slovakia\/?page_id=877"},"modified":"2019-11-20T16:14:15","modified_gmt":"2019-11-20T15:14:15","slug":"pravidla-nasej-komunity","status":"publish","type":"page","link":"https:\/\/www.greenpeace.org\/slovakia\/pravidla-nasej-komunity\/","title":{"rendered":"Pravidl\u00e1 na\u0161ej komunity"},"content":{"rendered":"\n<h3 class=\"wp-block-heading\">Sta\u0148te sa s\u00fa\u010das\u0165ou komunity Greenpeace<\/h3>\n\n<p>Usilujeme sa, aby sme sa svet v\u010faka n\u00e1m stal zelen\u0161\u00edm a mierumilovnej\u0161\u00edm. Naozaj d\u00f4le\u017eitou pom\u00f4ckou k dosiahnutiu tohto cie\u013ea je jednoduch\u00e1, otvoren\u00e1 a \u00faprimn\u00e1 komunik\u00e1cia.<\/p>\n\n<p>\tVer\u00edme, \u017ee ka\u017ed\u00fd by mal dosta\u0165 \u0161ancu prejavi\u0165 svoj n\u00e1zor v dobrej viere, \u017ee sa na\u0161e n\u00e1zory stretn\u00fa a dok\u00e1\u017eeme n\u00e1js\u0165 nie\u010do spolo\u010dn\u00e9. V\u017edy sa sna\u017e\u00edme n\u00e1js\u0165 cestu kompromisov, po ktorej sa v\u0161etci posunieme smerom k lep\u0161ej bud\u00facnosti.<\/p>\n\n<p>\tPr\u00e1ve toto je d\u00f4vodom, pre\u010do sekciu koment\u00e1rov pri na\u0161ich pr\u00edspevkoch pova\u017eujeme za bezpe\u010dn\u00fd priestor, kde sa v\u0161etci, vr\u00e1tane t\u00fdch, ktor\u00ed maj\u00fa na vec odli\u0161n\u00fd poh\u013ead ako my, m\u00f4\u017eu slobodne vyjadri\u0165, slu\u0161ne diskutova\u0165 a vymie\u0148a\u0165 si n\u00e1zory.<\/p>\n\n<p>\tSme otvoren\u00ed diskusi\u00e1m a debat\u00e1m, ke\u010f\u017ee ver\u00edme, \u017ee pr\u00e1ve z nich \u010dasto vych\u00e1dzaj\u00fa najlep\u0161ie n\u00e1pady. S rados\u0165ou sledujeme \u013eud\u00ed, ktor\u00ed sa odu\u0161evnene stavaj\u00fa za svoje presved\u010denia a popri tom maj\u00fa mo\u017enos\u0165 dosta\u0165 sa k nov\u00fdm n\u00e1zorom alebo poh\u013eadom na dan\u00e9 probl\u00e9my. Stoj\u00edme si v\u0161ak za t\u00fdm, \u017ee ak maj\u00fa by\u0165 tak\u00e9to konverz\u00e1cie plodn\u00e9, musia by\u0165 zdvoril\u00e9 a \u00faprimn\u00e9.<\/p>\n\n<p>\tPreto \u017eiadame v\u0161etk\u00fdch, ktor\u00ed sa chc\u00fa vyjadri\u0165 v akejko\u013evek konverz\u00e1cii na na\u0161ej str\u00e1nke \u2013 a to zah\u0155\u0148a i t\u00fdch, ktor\u00ed p\u00ed\u0161u v mene organiz\u00e1cie Greenpeace \u2013 aby dodr\u017eiavali nasleduj\u00face z\u00e1kladn\u00e9 pravidl\u00e1:<br><\/p>\n\n<ol class=\"wp-block-list\"><li>V\u017edy <strong>hovorte pravdu<\/strong>.<\/li><li>\u00daprimne <strong>povedzte, kto ste a pre\u010do ste tu<\/strong>. Ak reprezentujete vl\u00e1dnu alebo korpor\u00e1tnu organiz\u00e1ciu, ak v\u00e1s za va\u0161e vyjadrenia platia, alebo nast\u00e1va ak\u00fdko\u013evek konflikt z\u00e1ujmov, st\u00e1le ste v konverz\u00e1cii v\u00edtan\u00ed. Pros\u00edme v\u00e1s v\u0161ak o to, aby ste ostatn\u00fdch informovali o svojom p\u00f4vode, aby sme v\u0161etci lep\u0161ie ch\u00e1pali s\u00favislosti.<\/li><li>Vo svojom prejave <strong>bu\u010fte slu\u0161n\u00ed a zdvoril\u00ed<\/strong>. Nehovorte ostatn\u00fdm veci, ak\u00e9 by ste nechceli, aby ostatn\u00ed hovorili v\u00e1m. Preto si tu nepros\u00edme: diskrimina\u010dn\u00e9 koment\u00e1re, osobn\u00e9 \u00fatoky, vulgarizmy, hanliv\u00e9 vyjadrenia \u010di podnecovanie k n\u00e1siliu.<\/li><li><strong>Dovo\u013ete komuko\u013evek, aby sa tie\u017e zapojil<\/strong> \u2013 ak prid\u00e1te prive\u013ea pr\u00edspevkov po sebe, m\u00f4\u017eeme v\u00e1m ich vymaza\u0165, preto rad\u0161ej nechajte priestor na vyjadrenie aj ostatn\u00fdm.<\/li><li><strong>Neodbo\u010dujte od p\u00f4vodnej t\u00e9my<\/strong> diskusie \u2013 pom\u00f4\u017eete t\u00fdm \u010fal\u0161\u00edm \u013eu\u010fom, ktor\u00ed sa do nej chc\u00fa tie\u017e zapoji\u0165.<\/li><li><strong>Toto nie je inzercia<\/strong>. Pon\u00fakame priestor na debaty o d\u00f4le\u017eit\u00fdch probl\u00e9moch, tak\u017ee v\u00e1s pros\u00edme o to, aby ste sa zdr\u017eali akejko\u013evek obchodnej alebo reklamnej aktivity, ke\u010f\u017ee nevy\u017eiadan\u00e9 pr\u00edspevky tu absol\u00fatne netolerujeme.<\/li><\/ol>\n\n<p>Ak sa budete dr\u017ea\u0165 t\u00fdchto pravidiel, ur\u010dite v\u00e1s nezablokujeme, ani nevyma\u017eeme va\u0161e pr\u00edspevky \u2013 aj keby sme s va\u0161imi tvrdeniami nes\u00fahlasili.<\/p>\n\n<p>Ver\u00edme, \u017ee sloboda prejavu a mo\u017enos\u0165 otvorene si vymie\u0148a\u0165 n\u00e1zory s\u00fa neuverite\u013ene d\u00f4le\u017eit\u00e9, preto sa ich sna\u017e\u00edme akt\u00edvne chr\u00e1ni\u0165. Ak zist\u00edme, \u017ee ste len internetov\u00fd troll, alebo sa tu vyd\u00e1vate za niekoho in\u00e9ho, podnikneme kroky za zachovanie podstaty na\u0161ej komunity. Tieto kroky zah\u0155\u0148aj\u00fa vymaz\u00e1vanie koment\u00e1rov, odstra\u0148ovanie reklamn\u00e9ho obsahu z koment\u00e1rov, uzavieranie diskusi\u00ed alebo dokonca blokovanie \u00fa\u010dtov. Tie\u017e m\u00f4\u017eeme vypn\u00fa\u0165 koment\u00e1re pri ur\u010dit\u00fdch pr\u00edspevkoch alebo na celej webstr\u00e1nke v pr\u00edpade podozrenia z organizovan\u00e9ho \u00fatoku na na\u0161u komunitu.<\/p>\n\n<p>Vyz\u00fdvame preto ka\u017ed\u00e9ho, kto nadobudne dojem, \u017ee sa na na\u0161ej str\u00e1nke za\u010dalo dia\u0165 nie\u010do nekal\u00e9, aby n\u00e1s \u010do najsk\u00f4r informoval.<\/p>\n\n<p>Sna\u017e\u00edme sa uis\u0165ova\u0165, \u017ee v\u0161etky inform\u00e1cie na na\u0161ej str\u00e1nke s\u00fa pravdiv\u00e9, presn\u00e9 a s\u00fahlasia s na\u0161imi n\u00e1zormi a hodnotami. Obsah a koment\u00e1re v\u0161ak p\u00ed\u0161u \u010dlenovia a \u010dlenky komunity, ktor\u00ed s\u00fa len oby\u010dajn\u00ed \u013eudia \u2013 rovnako, ako vy. Z va\u0161ej strany teda ver\u00edme v pochopenie toho, \u017ee tieto vyjadrenia nemusia v\u017edy nutne s\u00fahlasi\u0165 s n\u00e1zormi Greenpeace Slovensko alebo in\u00fdch kancel\u00e1ri\u00ed&nbsp; &nbsp; &nbsp; &nbsp; Greenpeace. Ak h\u013ead\u00e1te ofici\u00e1lne vyjadrenia Greenpeace  Slovensko, odpor\u00fa\u010dame vyh\u013eada\u0165 na\u0161e tla\u010dov\u00e9 materi\u00e1ly a publik\u00e1cie alebo kontaktova\u0165 na\u0161e tla\u010dov\u00e9 oddelenie.<br><\/p>\n","protected":false},"excerpt":{"rendered":"<p>Sta\u0148te sa s\u00fa\u010das\u0165ou komunity Greenpeace Usilujeme sa, aby sme sa svet v\u010faka n\u00e1m stal zelen\u0161\u00edm a mierumilovnej\u0161\u00edm. Naozaj d\u00f4le\u017eitou pom\u00f4ckou k dosiahnutiu tohto cie\u013ea je jednoduch\u00e1, otvoren\u00e1 a \u00faprimn\u00e1 komunik\u00e1cia. Ver\u00edme, \u017ee ka\u017ed\u00fd by mal dosta\u0165 \u0161ancu prejavi\u0165 svoj n\u00e1zor v dobrej viere, \u017ee sa na\u0161e n\u00e1zory stretn\u00fa a dok\u00e1\u017eeme n\u00e1js\u0165 nie\u010do spolo\u010dn\u00e9. V\u017edy sa [&hellip;]<\/p>\n","protected":false},"author":1,"featured_media":0,"parent":0,"menu_order":0,"comment_status":"closed","ping_status":"closed","template":"page-templates\/evergreen.php","meta":{"ep_exclude_from_search":false,"p4_hide_page_title_checkbox":"","p4_title":"","p4_subtitle":"","p4_description":"","background_image_id":"","background_image":"","p4_button_title":"","p4_button_link":"","p4_button_link_checkbox":"","p4_og_title":"","p4_og_description":"","p4_og_image":"","p4_og_image_id":"","p4_seo_canonical_url":"","p4_campaign_name":"not set","p4_local_project":"","p4_basket_name":"not set","p4_department":"","footnotes":""},"categories":[21],"tags":[13],"class_list":["post-877","page","type-page","status-publish","hentry","category-greenpeace","tag-onas"],"_links":{"self":[{"href":"https:\/\/www.greenpeace.org\/slovakia\/wp-json\/wp\/v2\/pages\/877","targetHints":{"allow":["GET"]}}],"collection":[{"href":"https:\/\/www.greenpeace.org\/slovakia\/wp-json\/wp\/v2\/pages"}],"about":[{"href":"https:\/\/www.greenpeace.org\/slovakia\/wp-json\/wp\/v2\/types\/page"}],"author":[{"embeddable":true,"href":"https:\/\/www.greenpeace.org\/slovakia\/wp-json\/wp\/v2\/users\/1"}],"replies":[{"embeddable":true,"href":"https:\/\/www.greenpeace.org\/slovakia\/wp-json\/wp\/v2\/comments?post=877"}],"version-history":[{"count":2,"href":"https:\/\/www.greenpeace.org\/slovakia\/wp-json\/wp\/v2\/pages\/877\/revisions"}],"predecessor-version":[{"id":880,"href":"https:\/\/www.greenpeace.org\/slovakia\/wp-json\/wp\/v2\/pages\/877\/revisions\/880"}],"wp:attachment":[{"href":"https:\/\/www.greenpeace.org\/slovakia\/wp-json\/wp\/v2\/media?parent=877"}],"wp:term":[{"taxonomy":"category","embeddable":true,"href":"https:\/\/www.greenpeace.org\/slovakia\/wp-json\/wp\/v2\/categories?post=877"},{"taxonomy":"post_tag","embeddable":true,"href":"https:\/\/www.greenpeace.org\/slovakia\/wp-json\/wp\/v2\/tags?post=877"}],"curies":[{"name":"wp","href":"https:\/\/api.w.org\/{rel}","templated":true}]}}