{"id":8978,"date":"2023-10-27T16:19:02","date_gmt":"2023-10-27T13:19:02","guid":{"rendered":"https:\/\/www.greenpeace.org\/romania\/?page_id=8978"},"modified":"2025-07-02T09:22:37","modified_gmt":"2025-07-02T07:22:37","slug":"intrebari-frecvente","status":"publish","type":"page","link":"https:\/\/www.greenpeace.org\/slovakia\/intrebari-frecvente\/","title":{"rendered":"FAQs"},"content":{"rendered":"\n\n<h2 class=\"wp-block-heading has-dark-green-800-color has-action-yellow-background-color has-text-color has-background has-link-color wp-elements-3be7144bf5e150589379675a2c860ad7\">Naj\u010dastej\u0161ie ot\u00e1zky a odpovede<\/h2>\n\n\n<section class=\"block accordion-block wp-block-planet4-blocks-accordion is-style-light\"><div class=\"accordion-content\"><div class=\"accordion-headline\" name=\"Je potrebn\u00e9 b\u00fdva\u0165 v tej istej budove, aby sme mohli zdie\u013ea\u0165 energiu? \">Je potrebn\u00e9 b\u00fdva\u0165 v tej istej budove, aby sme mohli zdie\u013ea\u0165 energiu? <\/div><div class=\"panel panel-hidden\"><p class=\"accordion-text\">Nie, nie je. Nemus\u00edte b\u00fdva\u0165 v tej istej budove, dokonca ani v susedn\u00fdch budov\u00e1ch. Zdie\u013eanie sa t\u00fdka r\u00f4znych subjektov p\u00f4sobiacich v r\u00e1mci jedn\u00e9ho V\u00daC a je mo\u017en\u00e9, aby sa o energiu delili susedstv\u00e1, ob\u010dania alebo dokonca mal\u00e9 susedn\u00e9 obce.<\/p><\/div><\/div><\/section>\n\n<section class=\"block accordion-block wp-block-planet4-blocks-accordion is-style-light\"><div class=\"accordion-content\"><div class=\"accordion-headline\" name=\"Tak\u017ee sa to t\u00fdka aj \u013eud\u00ed b\u00fdvaj\u00facich v byte? \u010co ke\u010f nem\u00e1m rodinn\u00fd dom a som v panel\u00e1ku v podn\u00e1jme? \">Tak\u017ee sa to t\u00fdka aj \u013eud\u00ed b\u00fdvaj\u00facich v byte? \u010co ke\u010f nem\u00e1m rodinn\u00fd dom a som v panel\u00e1ku v podn\u00e1jme? <\/div><div class=\"panel panel-hidden\"><p class=\"accordion-text\">\u00c1no, aj vtedy m\u00f4\u017eete by\u0165 s\u00fa\u010das\u0165ou energetick\u00e9ho spolo\u010denstva. To m\u00f4\u017ee by\u0165 na \u00farovni panel\u00e1ku, ulice s rodinn\u00fdmi domami \u010di celej obce a pod. V panel\u00e1ku zdie\u013eate zelen\u00fa energiu medzi spolo\u010dn\u00fdmi priestormi domu a jednotliv\u00fdmi bytmi.<\/p><\/div><\/div><\/section>\n\n<section class=\"block accordion-block wp-block-planet4-blocks-accordion is-style-light\"><div class=\"accordion-content\"><div class=\"accordion-headline\" name=\"Ako m\u00f4\u017eem vst\u00fapi\u0165 do energetick\u00e9ho spolo\u010denstva? Treba nie\u010do plati\u0165? \">Ako m\u00f4\u017eem vst\u00fapi\u0165 do energetick\u00e9ho spolo\u010denstva? Treba nie\u010do plati\u0165? <\/div><div class=\"panel panel-hidden\"><p class=\"accordion-text\">\u00da\u010das\u0165 je dobrovo\u013en\u00e1 a m\u00f4\u017ee sa zapoji\u0165 ka\u017ed\u00fd, kto prejav\u00ed z\u00e1ujem prostredn\u00edctvom \u017eiadosti o \u010dlenstvo. Na vstup je potrebn\u00e9 by\u0165 s\u00fa\u010das\u0165ou opr\u00e1vnen\u00fdch subjektov stanoven\u00fdch z\u00e1konom (fyzick\u00e9 osoby, mal\u00e9 a stredn\u00e9 podniky, administrat\u00edvne budovy \u010di samospr\u00e1vy, obce a pod.) a, by\u0165 spotrebite\u013eom alebo v\u00fdrobcom energie. Formu pr\u00edspevku alebo formu podielu na spolo\u010dn\u00fdch n\u00e1kladoch spolo\u010denstva si zvolia jednotliv\u00ed \u010dlenovia. Na \u00favod odpor\u00fa\u010dame spoji\u0165 sa s nami a my v\u00e1m porad\u00edme, ako za\u010da\u0165.<\/p><\/div><\/div><\/section>\n\n<section class=\"block accordion-block wp-block-planet4-blocks-accordion is-style-light\"><div class=\"accordion-content\"><div class=\"accordion-headline\" name=\"Je potrebn\u00e9 nie\u010do in\u0161talova\u0165 alebo upravi\u0165, aby som sa mohol\/mohla zapoji\u0165 do energetick\u00e9ho spolo\u010denstva?\">Je potrebn\u00e9 nie\u010do in\u0161talova\u0165 alebo upravi\u0165, aby som sa mohol\/mohla zapoji\u0165 do energetick\u00e9ho spolo\u010denstva?<\/div><div class=\"panel panel-hidden\"><p class=\"accordion-text\">Nie! \u00da\u010das\u0165 v energetickom spolo\u010denstve si nevy\u017eaduje \u017eiadne \u0161peci\u00e1lne \u00fapravy ani in\u0161tal\u00e1ciu \u010fal\u0161\u00edch zariaden\u00ed. Sta\u010d\u00ed v\u00e1m inteligentn\u00fd mera\u010d (IMS) a s\u00fahlas s meran\u00edm. Toto prihl\u00e1senie sa vykon\u00e1va na port\u00e1li inteligentn\u00e9ho mera\u010da v\u00e1\u0161ho prev\u00e1dzkovate\u013ea siete a je potrebn\u00e9 na vykon\u00e1vanie vy\u00fa\u010dtovania v r\u00e1mci energetickej komunity. Treba ale myslie\u0165 na to, \u017ee in\u0161tal\u00e1cia IMS je zo strany distribu\u010dnej spolo\u010dnosti spoplatnen\u00e1, ale m\u00f4\u017ee by\u0165 predmetom refund\u00e1cie (podpory) zo strany spolo\u010denstva\/komunity. Energetick\u00e9 spolo\u010denstvo vie dokonca prij\u00edma\u0165 aj dota\u010dn\u00e9 n\u00e1stroje, ktor\u00e9 dok\u00e1\u017eu pokry\u0165 napr\u00edklad vybudovanie bat\u00e9riov\u00e9ho \u00falo\u017eiska a pod.\u00a0<\/p><\/div><\/div><\/section>\n\n<section class=\"block accordion-block wp-block-planet4-blocks-accordion is-style-light\"><div class=\"accordion-content\"><div class=\"accordion-headline\" name=\"\u010co sa stane s mojim s\u00fa\u010dasn\u00fdm dod\u00e1vate\u013eom elektriny? \">\u010co sa stane s mojim s\u00fa\u010dasn\u00fdm dod\u00e1vate\u013eom elektriny? <\/div><div class=\"panel panel-hidden\"><p class=\"accordion-text\">Zmluva s predch\u00e1dzaj\u00facim dod\u00e1vate\u013eom elektriny zost\u00e1va v platnosti. Energetick\u00e9 spolo\u010denstvo je doplnkovou mo\u017enos\u0165ou. To znamen\u00e1, \u017ee ak nebude k dispoz\u00edcii dostatok elektriny od energetick\u00e9ho spolo\u010denstva, svetl\u00e1 nezostan\u00fa zhasnut\u00e9! V takom pr\u00edpade bude elektrinu dod\u00e1va\u0165 vami zvolen\u00fd dod\u00e1vate\u013e energie za dohodnut\u00fdch podmienok.<\/p><\/div><\/div><\/section>\n\n<section class=\"block accordion-block wp-block-planet4-blocks-accordion is-style-light\"><div class=\"accordion-content\"><div class=\"accordion-headline\" name=\"M\u00f4\u017eem si v energetickom spolo\u010denstve privyrobi\u0165 predajom prebyto\u010dnej energie? \">M\u00f4\u017eem si v energetickom spolo\u010denstve privyrobi\u0165 predajom prebyto\u010dnej energie? <\/div><div class=\"panel panel-hidden\"><p class=\"accordion-text\">Prebyto\u010dn\u00fa energiu viete posiela\u0165 sp\u00e4\u0165 do siete a \u201czdie\u013ea\u0165\u201d ju niekomu in\u00e9mu, kto m\u00e1 o \u0148u z\u00e1ujem, pr\u00edpadne \u010fal\u0161iemu energetick\u00e9mu spolo\u010denstvu za dohodnut\u00fa protihodnotu. \u00da\u010das\u0165 v energetickom spolo\u010denstve nie je obchodnou \u010dinnos\u0165ou. Cie\u013eom energetick\u00e9ho spolo\u010denstva nie je dosahovanie zisku, ale budovanie syst\u00e9mu lok\u00e1lnej udr\u017eate\u013enej a efekt\u00edvnej energetickej v\u00fdroby a spotreby, ktor\u00e1 \u0161etr\u00ed va\u0161e peniaze a ako bonus berie oh\u013ead na pr\u00edrodu a plan\u00e9tu.<\/p><\/div><\/div><\/section>\n\n<section class=\"block accordion-block wp-block-planet4-blocks-accordion is-style-light\"><div class=\"accordion-content\"><div class=\"accordion-headline\" name=\"Kto je to &quot;prosumer&quot;? \">Kto je to &#8222;prosumer&#8220;? <\/div><div class=\"panel panel-hidden\"><p class=\"accordion-text\">Slovo \u201eprosumer\u201c je spojen\u00edm pojmov \u201ev\u00fdrobca\u201c a \u201espotrebite\u013e\u201c. Znamen\u00e1 to, \u017ee osoba m\u00f4\u017ee by\u0165 s\u00fa\u010dasne v\u00fdrobcom aj spotrebite\u013eom energie. Prosumenti decentralizuj\u00fa v\u00fdrobu energie, a preto s\u00fa d\u00f4le\u017eitou s\u00fa\u010das\u0165ou energetickej transform\u00e1cie.<\/p><\/div><\/div><\/section>\n\n<section class=\"block accordion-block wp-block-planet4-blocks-accordion is-style-light\"><div class=\"accordion-content\"><div class=\"accordion-headline\" name=\"Pre\u010do sa t\u00e9me energetick\u00fdch spolo\u010denstiev venuje Greenpeace? \u010co rob\u00edte v tomto smere? \">Pre\u010do sa t\u00e9me energetick\u00fdch spolo\u010denstiev venuje Greenpeace? \u010co rob\u00edte v tomto smere? <\/div><div class=\"panel panel-hidden\"><p class=\"accordion-text\">V r\u00e1mci zvy\u0161ovania povedomia o energetick\u00fdch spolo\u010denstv\u00e1ch a o podpore obnovite\u013en\u00fdch zdrojov energie na Slovensku sa sna\u017e\u00edme presadzova\u0165 mas\u00edvny rozvoj energetick\u00fdch spolo\u010denstiev a zjednodu\u0161ova\u0165 proces ich zakladania. Je to bud\u00facnos\u0165 v\u00fdroby skuto\u010dne \u010distej energie a Slovensko m\u00e1 obrovsk\u00fd potenci\u00e1l. Z\u00e1rove\u0148 chceme pom\u00f4c\u0165 \u013eu\u010fom zn\u00ed\u017ei\u0165 ich n\u00e1klady za energie, by\u0165 menej z\u00e1visl\u00fdmi od centralizovan\u00e9ho syst\u00e9mu a hlavne, energetick\u00e9 spolo\u010denstv\u00e1 s\u00fa jedn\u00fdm z rie\u0161en\u00ed, ako bojova\u0165 s klimatickou kr\u00edzou.\u00a0<\/p><\/div><\/div><\/section>\n","protected":false},"excerpt":{"rendered":"","protected":false},"author":36,"featured_media":9089,"parent":0,"menu_order":0,"comment_status":"closed","ping_status":"closed","template":"","meta":{"ep_exclude_from_search":false,"p4_hide_page_title_checkbox":"on","p4_title":"","p4_subtitle":"","p4_description":"","background_image_id":"","background_image":"","p4_button_title":"","p4_button_link":"","p4_button_link_checkbox":"","p4_og_title":"","p4_og_description":"","p4_og_image":"","p4_og_image_id":"","p4_seo_canonical_url":"","p4_campaign_name":"","p4_local_project":"","p4_basket_name":"","p4_department":"","footnotes":""},"categories":[],"tags":[],"class_list":["post-8978","page","type-page","status-publish","has-post-thumbnail","hentry"],"_links":{"self":[{"href":"https:\/\/www.greenpeace.org\/slovakia\/wp-json\/wp\/v2\/pages\/8978","targetHints":{"allow":["GET"]}}],"collection":[{"href":"https:\/\/www.greenpeace.org\/slovakia\/wp-json\/wp\/v2\/pages"}],"about":[{"href":"https:\/\/www.greenpeace.org\/slovakia\/wp-json\/wp\/v2\/types\/page"}],"author":[{"embeddable":true,"href":"https:\/\/www.greenpeace.org\/slovakia\/wp-json\/wp\/v2\/users\/36"}],"replies":[{"embeddable":true,"href":"https:\/\/www.greenpeace.org\/slovakia\/wp-json\/wp\/v2\/comments?post=8978"}],"version-history":[{"count":20,"href":"https:\/\/www.greenpeace.org\/slovakia\/wp-json\/wp\/v2\/pages\/8978\/revisions"}],"predecessor-version":[{"id":9917,"href":"https:\/\/www.greenpeace.org\/slovakia\/wp-json\/wp\/v2\/pages\/8978\/revisions\/9917"}],"wp:featuredmedia":[{"embeddable":true,"href":"https:\/\/www.greenpeace.org\/slovakia\/wp-json\/wp\/v2\/media\/9089"}],"wp:attachment":[{"href":"https:\/\/www.greenpeace.org\/slovakia\/wp-json\/wp\/v2\/media?parent=8978"}],"wp:term":[{"taxonomy":"category","embeddable":true,"href":"https:\/\/www.greenpeace.org\/slovakia\/wp-json\/wp\/v2\/categories?post=8978"},{"taxonomy":"post_tag","embeddable":true,"href":"https:\/\/www.greenpeace.org\/slovakia\/wp-json\/wp\/v2\/tags?post=8978"}],"curies":[{"name":"wp","href":"https:\/\/api.w.org\/{rel}","templated":true}]}}