{"id":8993,"date":"2023-11-13T16:41:01","date_gmt":"2023-11-13T13:41:01","guid":{"rendered":"https:\/\/www.greenpeace.org\/romania\/?page_id=8993"},"modified":"2025-04-09T18:36:58","modified_gmt":"2025-04-09T16:36:58","slug":"resurse","status":"publish","type":"page","link":"https:\/\/www.greenpeace.org\/slovakia\/resurse\/","title":{"rendered":"Materi\u00e1ly"},"content":{"rendered":"\n\n<div class=\"wp-block-group block is-layout-flow wp-block-group-is-layout-flow\">\n\n<div class=\"wp-block-columns are-vertically-aligned-center is-layout-flex wp-container-core-columns-is-layout-9d6595d7 wp-block-columns-is-layout-flex\">\n<div class=\"wp-block-column is-vertically-aligned-center is-layout-flow wp-block-column-is-layout-flow\" style=\"flex-basis:100%\">\n<div class=\"wp-block-group alignfull block has-beige-100-background-color has-background is-layout-flow wp-block-group-is-layout-flow\">\n<div class=\"wp-block-group container is-layout-flow wp-block-group-is-layout-flow\">\n<div style=\"height:24px\" aria-hidden=\"true\" class=\"wp-block-spacer\"><\/div>\n\n\n\n<h4 class=\"wp-block-heading has-dark-green-800-color has-action-yellow-background-color has-text-color has-background has-link-color wp-elements-c1c331167cc4e8b76c4061307fa08c97\">Materi\u00e1ly na stiahnutie &#8211; pribudn\u00fa \u010doskoro<\/h4>\n\n\n\n<h4 class=\"wp-block-heading\"><\/h4>\n\n\n\n<div class=\"wp-block-group is-style-space-evenly is-vertical is-layout-flex wp-container-core-group-is-layout-8cf370e7 wp-block-group-is-layout-flex\">\n<div class=\"wp-block-columns are-vertically-aligned-top is-style-default is-layout-flex wp-container-core-columns-is-layout-9d6595d7 wp-block-columns-is-layout-flex\">\n<div class=\"wp-block-column is-vertically-aligned-top is-layout-flow wp-block-column-is-layout-flow\">\n<div class=\"wp-block-group group-stretched-link is-layout-flow wp-block-group-is-layout-flow\">\n<figure class=\"wp-block-image aligncenter size-full is-resized is-style-rounded-90 force-no-lightbox force-no-caption mb-0\"><a href=\"https:\/\/www.greenpeace.org\/static\/planet4-romania-stateless\/2022\/07\/9acc7262-comunitatile-de-energie-un-ghid-practic-compressed.pdf\"><img loading=\"lazy\" decoding=\"async\" width=\"750\" height=\"506\" src=\"https:\/\/storage.googleapis.com\/planet4-slovakia-stateless\/2024\/05\/f80ea4d1-img_9457.jpg\" alt=\"\" class=\"wp-image-8994\" style=\"\" srcset=\"https:\/\/www.greenpeace.org\/static\/planet4-slovakia-stateless\/2024\/05\/f80ea4d1-img_9457.jpg 750w, https:\/\/www.greenpeace.org\/static\/planet4-slovakia-stateless\/2024\/05\/f80ea4d1-img_9457-300x202.jpg 300w, https:\/\/www.greenpeace.org\/static\/planet4-slovakia-stateless\/2024\/05\/f80ea4d1-img_9457-504x340.jpg 504w\" sizes=\"auto, (max-width: 750px) 100vw, 750px\" \/><\/a><\/figure>\n\n\n\n<div style=\"height:16px\" aria-hidden=\"true\" class=\"wp-block-spacer\"><\/div>\n\n\n\n<h5 class=\"wp-block-heading has-text-align-center\" style=\"font-size:1rem\">REScoop Pr\u00edru\u010dka komunitnej energetiky <a href=\"https:\/\/www.greenpeace.org\/static\/planet4-romania-stateless\/2022\/07\/9acc7262-comunitatile-de-energie-un-ghid-practic-compressed.pdf\">v slovenskom jazyku <\/a><\/h5>\n<\/div>\n<\/div>\n\n\n\n<div class=\"wp-block-column is-vertically-aligned-top is-layout-flow wp-block-column-is-layout-flow\">\n<div class=\"wp-block-group group-stretched-link is-layout-flow wp-block-group-is-layout-flow\">\n<figure class=\"wp-block-image aligncenter size-full is-resized is-style-rounded-90 force-no-lightbox force-no-caption mb-0\"><a href=\"https:\/\/www.greenpeace.org\/static\/planet4-romania-stateless\/2023\/03\/9bfaa5ea-analiza-a-formelor-de-organizare.pdf\"><img loading=\"lazy\" decoding=\"async\" width=\"715\" height=\"681\" src=\"https:\/\/storage.googleapis.com\/planet4-slovakia-stateless\/2024\/05\/a8daf009-img_9458.jpg\" alt=\"\" class=\"wp-image-8996\" style=\"\" srcset=\"https:\/\/www.greenpeace.org\/static\/planet4-slovakia-stateless\/2024\/05\/a8daf009-img_9458.jpg 715w, https:\/\/www.greenpeace.org\/static\/planet4-slovakia-stateless\/2024\/05\/a8daf009-img_9458-300x286.jpg 300w, https:\/\/www.greenpeace.org\/static\/planet4-slovakia-stateless\/2024\/05\/a8daf009-img_9458-357x340.jpg 357w\" sizes=\"auto, (max-width: 715px) 100vw, 715px\" \/><\/a><\/figure>\n\n\n\n<div style=\"height:16px\" aria-hidden=\"true\" class=\"wp-block-spacer\"><\/div>\n\n\n\n<h5 class=\"wp-block-heading has-text-align-center\" style=\"font-size:1rem\"><a href=\"https:\/\/www.greenpeace.org\/static\/planet4-romania-stateless\/2023\/03\/9bfaa5ea-analiza-a-formelor-de-organizare.pdf\">Anal\u00fdza <\/a><\/h5>\n<\/div>\n\n\n\n<div class=\"wp-block-columns is-style-mobile-carousel is-layout-flex wp-container-core-columns-is-layout-9d6595d7 wp-block-columns-is-layout-flex\">\n<div class=\"wp-block-column is-layout-flow wp-block-column-is-layout-flow\" style=\"flex-basis:100%\">\n<div class=\"wp-block-columns is-layout-flex wp-container-core-columns-is-layout-9d6595d7 wp-block-columns-is-layout-flex\"><\/div>\n<\/div>\n<\/div>\n<\/div>\n<\/div>\n<\/div>\n<\/div>\n<\/div>\n<\/div>\n<\/div>\n\n<\/div>\n\n","protected":false},"excerpt":{"rendered":"","protected":false},"author":36,"featured_media":8994,"parent":0,"menu_order":0,"comment_status":"closed","ping_status":"closed","template":"","meta":{"ep_exclude_from_search":false,"p4_hide_page_title_checkbox":"on","p4_title":"","p4_subtitle":"","p4_description":"","background_image_id":"","background_image":"","p4_button_title":"","p4_button_link":"","p4_button_link_checkbox":"","p4_og_title":"","p4_og_description":"","p4_og_image":"","p4_og_image_id":"","p4_seo_canonical_url":"","p4_campaign_name":"","p4_local_project":"","p4_basket_name":"","p4_department":"","footnotes":""},"categories":[],"tags":[],"class_list":["post-8993","page","type-page","status-publish","has-post-thumbnail","hentry"],"_links":{"self":[{"href":"https:\/\/www.greenpeace.org\/slovakia\/wp-json\/wp\/v2\/pages\/8993","targetHints":{"allow":["GET"]}}],"collection":[{"href":"https:\/\/www.greenpeace.org\/slovakia\/wp-json\/wp\/v2\/pages"}],"about":[{"href":"https:\/\/www.greenpeace.org\/slovakia\/wp-json\/wp\/v2\/types\/page"}],"author":[{"embeddable":true,"href":"https:\/\/www.greenpeace.org\/slovakia\/wp-json\/wp\/v2\/users\/36"}],"replies":[{"embeddable":true,"href":"https:\/\/www.greenpeace.org\/slovakia\/wp-json\/wp\/v2\/comments?post=8993"}],"version-history":[{"count":7,"href":"https:\/\/www.greenpeace.org\/slovakia\/wp-json\/wp\/v2\/pages\/8993\/revisions"}],"predecessor-version":[{"id":9783,"href":"https:\/\/www.greenpeace.org\/slovakia\/wp-json\/wp\/v2\/pages\/8993\/revisions\/9783"}],"wp:featuredmedia":[{"embeddable":true,"href":"https:\/\/www.greenpeace.org\/slovakia\/wp-json\/wp\/v2\/media\/8994"}],"wp:attachment":[{"href":"https:\/\/www.greenpeace.org\/slovakia\/wp-json\/wp\/v2\/media?parent=8993"}],"wp:term":[{"taxonomy":"category","embeddable":true,"href":"https:\/\/www.greenpeace.org\/slovakia\/wp-json\/wp\/v2\/categories?post=8993"},{"taxonomy":"post_tag","embeddable":true,"href":"https:\/\/www.greenpeace.org\/slovakia\/wp-json\/wp\/v2\/tags?post=8993"}],"curies":[{"name":"wp","href":"https:\/\/api.w.org\/{rel}","templated":true}]}}