{"id":9,"date":"2018-05-08T14:32:38","date_gmt":"2018-05-08T12:32:38","guid":{"rendered":"https:\/\/k8s.p4.greenpeace.org\/defaultcontent\/?page_id=9"},"modified":"2026-03-11T15:32:51","modified_gmt":"2026-03-11T14:32:51","slug":"konaj","status":"publish","type":"page","link":"https:\/\/www.greenpeace.org\/slovakia\/konaj\/","title":{"rendered":"\u010co m\u00f4\u017ee\u0161 robi\u0165?"},"content":{"rendered":"\n<div class=\"wp-block-group is-vertical is-layout-flex wp-container-core-group-is-layout-8cf370e7 wp-block-group-is-layout-flex\">\n<p><span style=\"font-weight: 400\"><strong>To, \u010do rob\u00edme, rob\u00edme v\u017edy so zanieten\u00edm. \u010casto sa sna\u017e\u00edme o veci, ktor\u00e9 in\u00ed pova\u017euj\u00fa za nemo\u017en\u00e9. Sme akt\u00edvni \u013eudia, ktor\u00ed sa nemienia vzda\u0165 n\u00e1deje, roztr\u00fasen\u00ed po celom svete a dokopy rob\u00edme miliardy odv\u00e1\u017enych \u010dinov. Pridaj sa k n\u00e1m u\u017e dnes!<\/strong><\/span><\/p>\n<\/div>\n\n<div class=\"wp-block-query actions-list p4-query-loop is-custom-layout-actions-list is-custom-layout-grid is-layout-grid wp-container-core-query-is-layout-29f43435 wp-block-query-is-layout-grid\">\n<h2 class=\"wp-block-heading\">Bu\u010f akt\u00edvny*a s Greenpeace<\/h2>\n\n\n\n<p>Existuje ve\u013ea mo\u017enost\u00ed, ako sa pripoji\u0165 ku Greenpeace. Zdie\u013eaj na\u0161e pet\u00edcie na soci\u00e1lnych sie\u0165ach, rozbehni vlastn\u00fa kampa\u0148, ozvi sa n\u00e1m a sta\u0148 sa na\u0161\u00edm dobrovo\u013en\u00edkom \u010di <a href=\"https:\/\/podporujem.greenpeace.sk\/aktivizmus\/\" data-type=\"link\" data-id=\"https:\/\/podporujem.greenpeace.sk\/aktivizmus\/\">aktivistkou<\/a>. Na\u0161a Zem je zranite\u013en\u00e1 (rovnako, ako n\u00e1\u0161 \u017eivot na nej) a zasl\u00fa\u017ei si \u013eud\u00ed, ktor\u00ed sa za \u0148u postavia. Potrebuje rie\u0161enia probl\u00e9mov. Potrebuje aj teba.<\/p>\n\n\n\n<div class=\"wp-block-buttons carousel-controls is-horizontal is-content-justification-space-between is-nowrap is-layout-flex wp-container-core-buttons-is-layout-044bd602 wp-block-buttons-is-layout-flex\">\n<div class=\"wp-block-button carousel-control-prev\"><button type=\"button\" class=\"wp-block-button__link wp-element-button\">Prev<\/button><\/div>\n\n\n\n<div class=\"wp-block-button carousel-control-next\"><button type=\"button\" class=\"wp-block-button__link wp-element-button\">Next<\/button><\/div>\n<\/div>\n\n\n\n<div class=\"wp-block-buttons load-more-actions-container is-content-justification-center is-layout-flex wp-container-core-buttons-is-layout-16018d1d wp-block-buttons-is-layout-flex\">\n<div class=\"wp-block-button is-style-secondary\"><button type=\"button\" class=\"wp-block-button__link wp-element-button\">Na\u010d\u00edta\u0165 viac<\/button><\/div>\n<\/div>\n<\/div>\n\n<h2 class=\"wp-block-heading\"><mark style=\"background-color:var(--gp-green-500)\" class=\"has-inline-color\">AKTIVIZMUS<\/mark><\/h2>\n\n<div class=\"wp-block-columns is-layout-flex wp-container-core-columns-is-layout-9d6595d7 wp-block-columns-is-layout-flex\">\n<div class=\"wp-block-column is-layout-flow wp-block-column-is-layout-flow\" style=\"flex-basis:66.66%\">\n<p>Na\u0161i aktivisti a aktivistky sa m\u00f4\u017eu z\u00fa\u010dast\u0148ova\u0165 na priamych nen\u00e1siln\u00fdch akci\u00e1ch a protestoch Greenpeace a spolu s nami tak upriamova\u0165 pozornos\u0165 na aktu\u00e1lne probl\u00e9my a mobilizova\u0165 \u013eud\u00ed k \u010dinom. Podmienkou \u00fa\u010dasti na priamych nen\u00e1siln\u00fdch akci\u00e1ch (aktivizmus) je vek nad 18 rokov.<\/p>\n<\/div>\n\n\n\n<div class=\"wp-block-column is-layout-flow wp-block-column-is-layout-flow\" style=\"flex-basis:33.33%\">\n<figure class=\"wp-block-image size-full\"><img loading=\"lazy\" decoding=\"async\" width=\"800\" height=\"533\" src=\"https:\/\/www.greenpeace.org\/static\/planet4-slovakia-stateless\/2026\/03\/9af35aa4-gp0su84z5_low-res-with-credit-line-800px.jpg\" alt=\"\" class=\"wp-image-10176\" srcset=\"https:\/\/www.greenpeace.org\/static\/planet4-slovakia-stateless\/2026\/03\/9af35aa4-gp0su84z5_low-res-with-credit-line-800px.jpg 800w, https:\/\/www.greenpeace.org\/static\/planet4-slovakia-stateless\/2026\/03\/9af35aa4-gp0su84z5_low-res-with-credit-line-800px-300x200.jpg 300w, https:\/\/www.greenpeace.org\/static\/planet4-slovakia-stateless\/2026\/03\/9af35aa4-gp0su84z5_low-res-with-credit-line-800px-768x512.jpg 768w, https:\/\/www.greenpeace.org\/static\/planet4-slovakia-stateless\/2026\/03\/9af35aa4-gp0su84z5_low-res-with-credit-line-800px-510x340.jpg 510w\" sizes=\"auto, (max-width: 800px) 100vw, 800px\" \/><\/figure>\n<\/div>\n<\/div>\n\n<h2 class=\"wp-block-heading has-text-align-left\" style=\"text-transform:uppercase\"><mark style=\"background-color:var(--gp-green-500)\" class=\"has-inline-color\">Zdie\u013eaj na\u0161e pet\u00edcie<\/mark><\/h2>\n\n<p>Pom\u00f4\u017e n\u00e1m dosta\u0165 d\u00f4le\u017eit\u00e9 t\u00e9my medzi viac \u013eud\u00ed. Zdie\u013eaj na\u0161e pet\u00edcie, kampane a \u010dl\u00e1nky na soci\u00e1lnych sie\u0165ach alebo medzi priate\u013emi. Aj jednoduch\u00e9 zdie\u013eanie m\u00f4\u017ee v\u00fdrazne zv\u00fd\u0161i\u0165 dosah na\u0161ich iniciat\u00edv.<\/p>\n\n<h2 class=\"wp-block-heading has-text-align-left\" style=\"text-transform:uppercase\"><mark style=\"background-color:var(--gp-green-500)\" class=\"has-inline-color\">Rozpr\u00e1vaj o n\u00e1s vo svojom okol\u00ed<\/mark><\/h2>\n\n<p>Ak ver\u00ed\u0161 v na\u0161u pr\u00e1cu, povedz o nej svojim priate\u013eom, kolegom alebo rodine. Osobn\u00e9 odpor\u00fa\u010danie je jeden z najsilnej\u0161\u00edch sp\u00f4sobov, ako m\u00f4\u017ee komunita r\u00e1s\u0165.<\/p>\n\n<h2 class=\"wp-block-heading has-text-align-left\" style=\"text-transform:uppercase\"><mark style=\"background-color:var(--gp-green-500)\" class=\"has-inline-color\">Podpor n\u00e1s finan\u010dne<\/mark><\/h2>\n\n<p>Ak chce\u0161 podpori\u0165 na\u0161u pr\u00e1cu, m\u00f4\u017ee\u0161 tak urobi\u0165 aj finan\u010dne.<\/p>\n\n<ul class=\"wp-block-list\">\n<li><strong>Pravideln\u00fd dar<\/strong> n\u00e1m pom\u00e1ha pl\u00e1nova\u0165 dlhodob\u00e9 projekty a kampane.<\/li>\n\n\n\n<li><strong>Jednorazov\u00fd pr\u00edspevok<\/strong> je r\u00fdchly sp\u00f4sob, ako n\u00e1s podpori\u0165 pr\u00e1ve vtedy, ke\u010f to najviac potrebujeme.<\/li>\n<\/ul>\n\n<div class=\"wp-block-buttons is-layout-flex wp-block-buttons-is-layout-flex\">\n<div class=\"wp-block-button\"><a class=\"wp-block-button__link wp-element-button\" href=\"https:\/\/podporujem.greenpeace.sk\/daruj\/?utm_source=greenpeace.org&amp;utm_medium=referral&amp;utm_campaign=donate+button\">Chcem darova\u0165<\/a><\/div>\n<\/div>\n\n<ul class=\"wp-block-list\">\n<li>M\u00f4\u017ee\u0161 n\u00e1m tie\u017e venova\u0165 <strong>2 % z dan\u00ed<\/strong>, ktor\u00e9 pom\u00e1haj\u00fa financova\u0165 na\u0161e aktivity bez toho, aby \u0165a to st\u00e1lo nie\u010do navy\u0161e.<\/li>\n<\/ul>\n\n<div class=\"wp-block-buttons is-layout-flex wp-block-buttons-is-layout-flex\">\n<div class=\"wp-block-button\"><a class=\"wp-block-button__link wp-element-button\" href=\"https:\/\/www.greenpeace.org\/slovakia\/darujte-2-percenta\/\">Chcem predvyplnen\u00fd formul\u00e1r<\/a><\/div>\n<\/div>\n\n<hr class=\"wp-block-separator has-alpha-channel-opacity\"\/>\n\n<h2 class=\"wp-block-heading has-text-align-left\" style=\"text-transform:uppercase\"><mark style=\"background-color:var(--gp-green-500)\" class=\"has-inline-color\">Prihl\u00e1s sa DO newslettera<\/mark><\/h2>\n\n<div style=\"overflow:hidden;position:relative;padding:2rem;margin:1rem;\">\n<img decoding=\"async\" style=\"object-position:50% 50%;opacity:0.3;object-fit:cover;position:absolute;left:0;top:0;height:100%;width:100%;filter:blur(2px);\" src=\"https:\/\/www.greenpeace.org\/static\/planet4-slovakia-stateless\/2018\/05\/ea8f1af6-gp0stq27a_web_size_with_credit_line.jpg\" alt=\"\"><div style=\"position:relative;\">\n<h2>Zelen\u00fd newsletter Greenpeace Slovensko<\/h2>\n<p style=\"font-weight:bold;\">Tvoja pravideln\u00e1 d\u00e1vka kampa\u0148ov\u00fdch noviniek, eko tipov, enviro \u010dl\u00e1nkov a v\u00ed\u0165azstiev Greenpeace.<\/p>\n<script charset=\"utf-8\" type=\"text\/javascript\" src=\"\/\/js-eu1.hsforms.net\/forms\/embed\/v2.js\"><\/script>\n<script>\n  hbspt.forms.create({\n    region: \"eu1\",\n    portalId: \"25233859\",\n    formId: \"a0ec173b-e043-4ac1-8be2-cdea203f562f\"\n  });\n<\/script>\n<\/div><\/div>\n<div data-render=\"planet4-blocks\/happypoint\" data-attributes=\"{&quot;attributes&quot;:{&quot;focus_image&quot;:&quot;50% 50%&quot;,&quot;opacity&quot;:40,&quot;id&quot;:15,&quot;use_embed_code&quot;:true,&quot;override_default_content&quot;:true,&quot;local_content_provider&quot;:&quot;none&quot;}}\"><\/div>","protected":false},"excerpt":{"rendered":"<p>V\u017edy kon\u00e1me s n\u00e1dejou a zanieten\u00edm. Sna\u017e\u00edme sa aj o nemo\u017en\u00e9. Sme v\u0161edn\u00ed \u013eudia roztr\u00fasen\u00ed po celom svete a vrh\u00e1me sa na miliardy odv\u00e1\u017en\u00fdch \u010dinov. Pridajte sa k n\u00e1m u\u017e dnes!<\/p>\n","protected":false},"author":1,"featured_media":1162,"parent":0,"menu_order":0,"comment_status":"closed","ping_status":"closed","template":"","meta":{"ep_exclude_from_search":false,"p4_hide_page_title_checkbox":"","p4_title":"","p4_subtitle":"","p4_description":"","background_image_id":"","background_image":"","p4_button_title":"","p4_button_link":"","p4_button_link_checkbox":"","p4_og_title":"","p4_og_description":"","p4_og_image":"","p4_og_image_id":"","p4_seo_canonical_url":"","p4_campaign_name":"not set","p4_local_project":"not set","p4_basket_name":"not set","p4_department":"","footnotes":""},"categories":[],"tags":[],"class_list":["post-9","page","type-page","status-publish","has-post-thumbnail","hentry"],"_links":{"self":[{"href":"https:\/\/www.greenpeace.org\/slovakia\/wp-json\/wp\/v2\/pages\/9","targetHints":{"allow":["GET"]}}],"collection":[{"href":"https:\/\/www.greenpeace.org\/slovakia\/wp-json\/wp\/v2\/pages"}],"about":[{"href":"https:\/\/www.greenpeace.org\/slovakia\/wp-json\/wp\/v2\/types\/page"}],"author":[{"embeddable":true,"href":"https:\/\/www.greenpeace.org\/slovakia\/wp-json\/wp\/v2\/users\/1"}],"replies":[{"embeddable":true,"href":"https:\/\/www.greenpeace.org\/slovakia\/wp-json\/wp\/v2\/comments?post=9"}],"version-history":[{"count":20,"href":"https:\/\/www.greenpeace.org\/slovakia\/wp-json\/wp\/v2\/pages\/9\/revisions"}],"predecessor-version":[{"id":10181,"href":"https:\/\/www.greenpeace.org\/slovakia\/wp-json\/wp\/v2\/pages\/9\/revisions\/10181"}],"wp:featuredmedia":[{"embeddable":true,"href":"https:\/\/www.greenpeace.org\/slovakia\/wp-json\/wp\/v2\/media\/1162"}],"wp:attachment":[{"href":"https:\/\/www.greenpeace.org\/slovakia\/wp-json\/wp\/v2\/media?parent=9"}],"wp:term":[{"taxonomy":"category","embeddable":true,"href":"https:\/\/www.greenpeace.org\/slovakia\/wp-json\/wp\/v2\/categories?post=9"},{"taxonomy":"post_tag","embeddable":true,"href":"https:\/\/www.greenpeace.org\/slovakia\/wp-json\/wp\/v2\/tags?post=9"}],"curies":[{"name":"wp","href":"https:\/\/api.w.org\/{rel}","templated":true}]}}