{"id":965,"date":"2019-11-21T16:13:16","date_gmt":"2019-11-21T15:13:16","guid":{"rendered":"https:\/\/master.k8s.p4.greenpeace.org\/slovakia\/?page_id=965"},"modified":"2026-01-20T13:32:27","modified_gmt":"2026-01-20T12:32:27","slug":"nase-hodnoty","status":"publish","type":"page","link":"https:\/\/www.greenpeace.org\/slovakia\/nase-hodnoty\/","title":{"rendered":"Na\u0161e hodnoty"},"content":{"rendered":"\n<figure class=\"wp-block-image\"><img loading=\"lazy\" decoding=\"async\" width=\"1199\" height=\"798\" src=\"https:\/\/www.greenpeace.org\/static\/planet4-slovakia-stateless\/2026\/01\/58497463-gp03bmg.jpg\" title=\"Raising a Wind Turbine in Durban. \u00a9 Shayne Robinson \/ Greenpeace\" alt=\"Raising a Wind Turbine in Durban. \u00a9 Shayne Robinson \/ Greenpeace\" class=\"wp-image-10104\" srcset=\"https:\/\/www.greenpeace.org\/static\/planet4-slovakia-stateless\/2026\/01\/58497463-gp03bmg.jpg 1199w, https:\/\/www.greenpeace.org\/static\/planet4-slovakia-stateless\/2026\/01\/58497463-gp03bmg-300x200.jpg 300w, https:\/\/www.greenpeace.org\/static\/planet4-slovakia-stateless\/2026\/01\/58497463-gp03bmg-1024x682.jpg 1024w, https:\/\/www.greenpeace.org\/static\/planet4-slovakia-stateless\/2026\/01\/58497463-gp03bmg-768x511.jpg 768w, https:\/\/www.greenpeace.org\/static\/planet4-slovakia-stateless\/2026\/01\/58497463-gp03bmg-510x340.jpg 510w\" sizes=\"auto, (max-width: 1199px) 100vw, 1199px\" \/><figcaption><div class=\"credit icon-left\"> \u00a9 Shayne Robinson \/ Greenpeace<\/div><\/figcaption><\/figure>\n\n<p>Pr\u00e1ca Greenpeace je zalo\u017een\u00e1 na viacer\u00fdch z\u00e1sad\u00e1ch. Odr\u00e1\u017eaj\u00fa sa vo v\u0161etk\u00fdch na\u0161ich kampaniach a riadime sa nimi, \u010doko\u013evek rob\u00edme, kdeko\u013evek to rob\u00edme.<\/p>\n\n<p>Greenpeace je nez\u00e1visl\u00e1 kampa\u0148ov\u00e1 organiz\u00e1cia, ktor\u00e1 vyu\u017e\u00edva mierov\u00fa, kreat\u00edvnu konfront\u00e1ciu na odhalenie glob\u00e1lnych environment\u00e1lnych probl\u00e9mov a vyv\u00edja rie\u0161enia pre zelen\u00fa a mierov\u00fa bud\u00facnos\u0165.<\/p>\n\n<ul class=\"wp-block-list\">\n<li><a href=\"#nasa-misia\" data-type=\"internal\" data-id=\"#nasa-misia\">Na\u0161a Misia<\/a><\/li>\n\n\n\n<li><a href=\"#vnutorne-hodnoty\" data-type=\"internal\" data-id=\"#vnutorne-hodnoty\">Na\u0161e vn\u00fatorn\u00e9 hodnoty<\/a><\/li>\n\n\n\n<li><a href=\"#ziskavanie-financii\" data-type=\"internal\" data-id=\"#ziskavanie-financii\">Z\u00e1sady z\u00edskavania finan\u010dn\u00fdch prostriedkov<\/a><\/li>\n\n\n\n<li><a href=\"#transparentnost\" data-type=\"internal\" data-id=\"#transparentnost\">Transparentnos\u0165 a zodpovednos\u0165<\/a><\/li>\n\n\n\n<li><a href=\"#integrita\" data-type=\"internal\" data-id=\"#integrita\">Syst\u00e9m integrity<\/a><\/li>\n\n\n\n<li><a href=\"#rovnost\" data-type=\"internal\" data-id=\"#rovnost\">Rovnos\u0165, rozmanitos\u0165 a inkl\u00fazia<\/a><\/li>\n<\/ul>\n\n<h3 class=\"wp-block-heading\" id=\"nasa-misia\">Na\u0161a misia<\/h3>\n\n<p>Sna\u017e\u00edme sa o to, aby Zem zostala miestom, kde m\u00f4\u017ee \u017eivot existova\u0165 a rozv\u00edja\u0165 sa v celej svojej rozmanitosti.<\/p>\n\n<p>To znamen\u00e1, \u017ee chceme:<\/p>\n\n<ul class=\"wp-block-list\">\n<li><strong>ochra\u0148ova\u0165<\/strong> biodiverzitu vo v\u0161etk\u00fdch form\u00e1ch<\/li>\n\n\n\n<li><strong>predch\u00e1dza\u0165<\/strong> zne\u010disteniu a zneu\u017e\u00edvaniu svetov\u00fdch oce\u00e1nov, pevn\u00edn, vzduchu a sladk\u00fdch v\u00f4d<\/li>\n\n\n\n<li><strong>ukon\u010di\u0165 <\/strong>v\u0161etky nukle\u00e1rne hrozby<\/li>\n\n\n\n<li><strong>presadzova\u0165<\/strong> mier, svetov\u00e9 odzbrojenie a nen\u00e1silnos\u0165<\/li>\n<\/ul>\n\n<h3 class=\"wp-block-heading\" id=\"vnutorne-hodnoty\">Na\u0161e vn\u00fatorn\u00e9 hodnoty<\/h3>\n\n<ul class=\"wp-block-list\">\n<li><strong>Osobn\u00e1 zodpovednos\u0165 a nen\u00e1silie.<\/strong> Kon\u00e1me na z\u00e1klade svedomia. To znamen\u00e1, \u017ee sme zodpovedn\u00ed za svoje \u010diny a preber\u00e1me za ne osobn\u00fa zodpovednos\u0165. Zaviazali sme sa k nen\u00e1siliu \u2014 ka\u017ed\u00fd, kto sa zap\u00e1ja do akci\u00ed Greenpeace, prech\u00e1dza \u0161kolen\u00edm zameran\u00fdm na pokojn\u00e9 a nen\u00e1siln\u00e9 spr\u00e1vanie.<\/li>\n\n\n\n<li><strong>Nez\u00e1vislos\u0165.<\/strong> Neprij\u00edmame \u017eiadne peniaze od vl\u00e1d, korpor\u00e1ci\u00ed alebo politick\u00fdch str\u00e1n. Individu\u00e1lne pr\u00edspevky, spolu s grantmi od nad\u00e1ci\u00ed, ktor\u00e9 maj\u00fa zdroje od individu\u00e1lnych prispievate\u013eov, s\u00fa jedin\u00fdmi zdrojmi n\u00e1\u0161ho financovania.<\/li>\n\n\n\n<li><strong>Greenpeace nem\u00e1 st\u00e1lych priate\u013eov ani nepriate\u013eov.<\/strong> Ak je vl\u00e1da alebo korpor\u00e1cia otvoren\u00e1 zmene, budeme s \u0148ou pracova\u0165 na dosiahnut\u00ed cie\u013eov. Obr\u00e1tite smer a budeme sp\u00e4\u0165. Na \u010dom z\u00e1le\u017e\u00ed, nie s\u00fa slov\u00e1 ale \u010diny.<\/li>\n\n\n\n<li><strong>Prin\u00e1\u0161a\u0165 rie\u0161enia.<\/strong> Nechceme len ukazova\u0165 prstom na vinn\u00edkov, pracujeme na konkr\u00e9tnych krokoch, ktor\u00e9 bud\u00fa smerova\u0165 k zelenej a mierovej bud\u00facnosti pre n\u00e1s v\u0161etk\u00fdch.\u00a0<\/li>\n<\/ul>\n\n<h3 class=\"wp-block-heading\" id=\"ziskavanie-financii\"><strong><strong>Z\u00e1sady z\u00edskavania finan\u010dn\u00fdch prostriedkov<\/strong><\/strong><\/h3>\n\n<p>V Greenpeace sme hrd\u00ed na to, \u017ee na\u0161a pr\u00e1ca je financovan\u00e1 z darov zanieten\u00fdch jednotlivcov z cel\u00e9ho sveta, ktor\u00ed sa zauj\u00edmaj\u00fa o plan\u00e9tu a chc\u00fa n\u00e1m pom\u00e1ha\u0165 pri vytv\u00e1ran\u00ed zmien alebo prostredn\u00edctvom grantov od s\u00fakromn\u00fdch nad\u00e1ci\u00ed, ktor\u00e9 zdie\u013eaj\u00fa rovnak\u00e9 hodnoty, ako my.&nbsp;<\/p>\n\n<p>Nez\u00e1vislos\u0165 je pre n\u00e1s k\u013e\u00fa\u010dov\u00e1 \u2014 je z\u00e1kladom d\u00f4veryhodnosti aj \u00fa\u010dinnej kampane. Pr\u00e1ve preto ju pova\u017eujeme za jeden z na\u0161ich hlavn\u00fdch princ\u00edpov a riadime sa \u0148ou pri v\u0161etk\u00fdch zbierkach. Neprij\u00edmame peniaze od vl\u00e1d, firiem, politick\u00fdch str\u00e1n ani medzivl\u00e1dnych organiz\u00e1ci\u00ed.<\/p>\n\n<p>V\u0161etky v\u00e4\u010d\u0161ie s\u00fakromn\u00e9 dary starostlivo preverujeme, aby sme zistili, \u010di neohrozia na\u0161u nez\u00e1vislos\u0165, integritu alebo nemaj\u00fa za cie\u013e odv\u00e1dza\u0165 pozornos\u0165 od na\u0161ich kampa\u0148ov\u00fdch prior\u00edt. Ak naraz\u00edme na probl\u00e9m, dar odmietneme alebo vr\u00e1time.<\/p>\n\n<p>Darmi \u013eudia vyjadruj\u00fa podporu na\u0161im kampaniam a aktivistom a pom\u00e1haj\u00fa n\u00e1m presadzova\u0165 d\u00f4le\u017eit\u00e9 zmeny. Pr\u00e1ve preto je pre n\u00e1s mimoriadne d\u00f4le\u017eit\u00e9, aby sme si pr\u00edspevky na\u0161ich podporovate\u013eov v\u00e1\u017eili a nakladali s nimi zodpovedne \u2014 tak, aby mali \u010do najv\u00e4\u010d\u0161\u00ed vplyv, \u010di u\u017e priamo v kampaniach, alebo aj pri \u010fal\u0161om z\u00edskavan\u00ed finan\u010dnej podpory od \u013eud\u00ed.<\/p>\n\n<p>Pri z\u00edskavan\u00ed podpory sa v\u017edy sna\u017e\u00edme vyv\u00e1\u017ei\u0165 n\u00e1klady s v\u00fdsledkami, aby sme \u010do najefekt\u00edvnej\u0161ie vyu\u017eili ka\u017ed\u00fd dar.<br>S hrdos\u0165ou preto zverej\u0148ujeme v\u0161etky n\u00e1klady na fundraising v na\u0161ich v\u00fdro\u010dn\u00fdch spr\u00e1vach \u2014 v ka\u017edej jednej pobo\u010dke Greenpeace. Z\u00e1rove\u0148 db\u00e1me na to, aby v\u0161etky sp\u00f4soby, ktor\u00fdmi z\u00edskavame financie, sp\u013a\u0148ali nielen na\u0161e intern\u00e9 princ\u00edpy, ale aj profesion\u00e1lne etick\u00e9 \u0161tandardy a osved\u010den\u00e9 postupy v krajin\u00e1ch, kde p\u00f4sob\u00edme.<\/p>\n\n<p>Ak m\u00e1 niektor\u00fd z na\u0161ich podporovate\u013eov obzvl\u00e1\u0161\u0165 bl\u00edzko k ur\u010ditej oblasti na\u0161ej pr\u00e1ce a po\u017eiada, aby bol jeho dar pou\u017eit\u00fd pr\u00e1ve na tento \u00fa\u010del, urob\u00edme v\u0161etko pre to, aby sme jeho \u017eelaniu vyhoveli.<\/p>\n\n<p>Niekedy oslovujeme na\u0161ich podporovate\u013eov alebo verejnos\u0165 s prosbou o pr\u00edspevok na konkr\u00e9tny projekt \u010di kampa\u0148.<\/p>\n\n<p>Ak vieme, \u017ee darcovia o\u010dak\u00e1vaj\u00fa, \u017ee ich peniaze bud\u00fa pou\u017eit\u00e9 presne na tento \u00fa\u010del, vedieme ich oddelene v na\u0161om \u00fa\u010dtovn\u00edctve a sledujeme ich pou\u017eitie. O tom, ko\u013eko sa vyzbieralo a ako boli financie vyu\u017eit\u00e9, n\u00e1sledne transparentne informujeme.\u00a0<br><\/p>\n\n<h3 class=\"wp-block-heading\" id=\"transparentnost\"><strong>Transparentnos\u0165 a zodpovednos\u0165<\/strong><\/h3>\n\n<p>Greenpeace akt\u00edvne pracuje na zabezpe\u010den\u00ed transparentnosti a verejnej zodpovednosti vo svojich kampaniach, z\u00edskavan\u00ed finan\u010dn\u00fdch prostriedkov a finan\u010dnom riaden\u00ed. Zav\u00e4zujeme sa zhroma\u017e\u010fova\u0165 a zverej\u0148ova\u0165 inform\u00e1cie zodpovedn\u00fdm sp\u00f4sobom. Na\u0161e pracovn\u00e9 postupy s\u00fa definovan\u00e9 v na\u0161ich Z\u00e1kladn\u00fdch princ\u00edpoch vy\u0161etrovania a komunik\u00e1cie (Essential Principles on Investigations and Communications &#8211; EPIC). Viac o t\u00fdchto \u0161tandardoch a o tom, ako poda\u0165 s\u0165a\u017enos\u0165, ak m\u00e1te pocit, \u017ee vy\u0161etrovanie alebo zverejnenie nevyhoveli t\u00fdmto princ\u00edpom, n\u00e1jdete na str\u00e1nke <a href=\"https:\/\/www.greenpeace.org\/international\/about\/epic\/\">EPIC<\/a>.<\/p>\n\n<p>Greenpeace ka\u017edoro\u010dne zverej\u0148uje spr\u00e1vy o svojej ekonomickej, environment\u00e1lnej a soci\u00e1lnej v\u00fdkonnosti. Viac o na\u0161ej pr\u00e1ci sa dozviete na str\u00e1nke <a href=\"https:\/\/www.greenpeace.org\/slovakia\/vyrocne-spravy\/\">V\u00fdro\u010dn\u00e9 spr\u00e1vy.<\/a> Greenpeace m\u00e1 zaveden\u00fd postup pre oznamovate\u013eov nespr\u00e1vneho konania (whistleblower procedure), ktor\u00fd je pr\u00edstupn\u00fd v\u0161etk\u00fdm a poskytuje ochranu v s\u00falade s holandsk\u00fdm pr\u00e1vom. Viac inform\u00e1ci\u00ed n\u00e1jdete <a href=\"https:\/\/drive.google.com\/file\/d\/16KhGOV8dey8iNyrNRKdxY9m3cs3Vr64p\/view\">tu<\/a>.<\/p>\n\n<h3 class=\"wp-block-heading\" id=\"integrita\"><strong>Syst\u00e9m integrity<\/strong><\/h3>\n\n<p>Na\u0161a pr\u00e1ca m\u00e1 zmysel len vtedy, ak za \u0148ou stoja \u013eudia s odvahou a presved\u010den\u00edm budova\u0165 lep\u0161\u00ed svet. Sila tohto hnutia \u2013 rovnako ako d\u00f4veryhodnos\u0165 a poves\u0165 Greenpeace \u2013 z\u00e1vis\u00ed od toho, \u010di dok\u00e1\u017eeme vo v\u0161etkom, \u010do rob\u00edme, udr\u017eiava\u0165 vysok\u00e9 etick\u00e9 a profesion\u00e1lne \u0161tandardy.<\/p>\n\n<p>Za toto nesieme spoluzodpovednos\u0165 v\u0161etci \u2014 v ka\u017edej kancel\u00e1rii, v ka\u017edej krajine, v ka\u017edej komunite, kde p\u00f4sob\u00edme. Spolupracujeme s \u013eu\u010fmi a komunitami na tom, aby bud\u00facnos\u0165 bola zelen\u0161ia a mierumilovnej\u0161ia \u2013 a z\u00e1rove\u0148 bezpe\u010dnej\u0161ia a spravodlivej\u0161ia aj v r\u00e1mci na\u0161ich vlastn\u00fdch \u0161trukt\u00far.<\/p>\n\n<p>Preto m\u00e1me vytvoren\u00fd pevn\u00fd r\u00e1mec a konkr\u00e9tne n\u00e1stroje, ktor\u00e9 n\u00e1m pom\u00e1haj\u00fa vytv\u00e1ra\u0165 bezpe\u010dn\u00e9 pracovn\u00e9 prostredie, predch\u00e1dza\u0165 pr\u00edpadom ob\u0165a\u017eovania, diskrimin\u00e1cie a zneu\u017e\u00edvania moci a zodpovedne ich rie\u0161i\u0165, ak k nim d\u00f4jde.<\/p>\n\n<p>Usilujeme sa o kult\u00faru organiz\u00e1cie, ktor\u00e1 sa nevyh\u00fdba konfliktom, ale naopak \u2013 vn\u00edma ich ako priestor na zmenu a u\u010denie sa. Na\u0161a integrita z\u00e1vis\u00ed od ochoty jednotlivcov aj celej organiz\u00e1cie nies\u0165 zodpovednos\u0165 a kona\u0165 f\u00e9rovo.<\/p>\n\n<p>Viac o tom, ako tento z\u00e1v\u00e4zok nap\u013a\u0148ame, n\u00e1jdete na str\u00e1nke o <a href=\"https:\/\/www.greenpeace.org\/static\/planet4-international-stateless\/2024\/03\/8a70454c-greenpeace-integrity-system-march-2024.pdf\">Syst\u00e9me integrity Greenpeace.<\/a><\/p>\n\n<h3 class=\"wp-block-heading\" id=\"rovnost\"><strong>Rovnos\u0165, rozmanitos\u0165 a inkl\u00fazia<\/strong><\/h3>\n\n<h4 class=\"wp-block-heading\"><strong>Sedem princ\u00edpov, ktor\u00fdmi sa riadime:<\/strong><\/h4>\n\n<ol class=\"wp-block-list\">\n<li>Ver\u00edme, \u017ee spravodliv\u00e9, rozmanit\u00e9 a inkluz\u00edvne prostredie v Greenpeace je nevyhnutn\u00e9, ak chceme vies\u0165 zmyslupln\u00e9 kampane, in\u0161pirova\u0165 miliardu prejavov odvahy a prispieva\u0165 k udr\u017eate\u013enej a mierumilovnej plan\u00e9te.<br><\/li>\n\n\n\n<li>Rovnos\u0165, rozmanitos\u0165 a inkl\u00fazia nie s\u00fa len s\u00fa\u010das\u0165ou na\u0161ich z\u00e1kladn\u00fdch hodn\u00f4t ako organiz\u00e1cie \u2013 ale aj hodnotami, ktor\u00fdmi sa riadime ako \u013eudia.<br><\/li>\n\n\n\n<li>Zaviazali sme sa pri\u0165ahova\u0165, rozv\u00edja\u0165 a podporova\u0165 rozmanit\u00fa komunitu dobrovo\u013en\u00edkov, pos\u00e1dok aj zamestnancov.<br><\/li>\n\n\n\n<li>Vytv\u00e1rame bezpe\u010dn\u00fa a inkluz\u00edvnu kult\u00faru, kde sa \u013eudia navz\u00e1jom re\u0161pektuj\u00fa a spr\u00e1vaj\u00fa sa k sebe s d\u00f4stojnos\u0165ou.<br><\/li>\n\n\n\n<li>Ver\u00edme v silu spolupr\u00e1ce postavenej na r\u00f4znorodosti na\u0161ich n\u00e1padov, sk\u00fasenost\u00ed a poh\u013eadov na svet, ktor\u00e9 n\u00e1m pom\u00e1haj\u00fa robi\u0165 m\u00fadre rozhodnutia a dosahova\u0165 siln\u00e9 v\u00fdsledky.<br><\/li>\n\n\n\n<li>Ka\u017ed\u00fd m\u00e1 priestor u\u010di\u0165 sa, r\u00e1s\u0165 a prevzia\u0165 zodpovednos\u0165, pri\u010dom vedome identifikujeme prek\u00e1\u017eky alebo nap\u00e4tia a akt\u00edvne na ne reagujeme.<br><\/li>\n\n\n\n<li>V\u0161etci \u2013 bez v\u00fdnimky \u2013 nesieme zodpovednos\u0165 za to, aby Greenpeace bol rozmanit\u00fdm a inkluz\u00edvnym priestorom.<\/li>\n<\/ol>\n\n<h4 class=\"wp-block-heading\"><strong>\u010co mysl\u00edme pod rovnos\u0165ou, rozmanitos\u0165ou a inkl\u00faziou?<\/strong><\/h4>\n\n<p><strong>Rozmanitos\u0165<\/strong> znamen\u00e1 oslavova\u0165 to, \u010do n\u00e1s rob\u00ed jedine\u010dn\u00fdmi \u2013 aj to, \u010do m\u00e1me rovnak\u00e9. Zah\u0155\u0148a napr\u00edklad vek, pohlavie, sexu\u00e1lnu orient\u00e1ciu, zdravotn\u00fd stav, etnick\u00fd p\u00f4vod, n\u00e1bo\u017eenstvo, spolo\u010densk\u00e9 postavenie, rodinn\u00fd stav \u010di materstvo alebo otcovstvo.<\/p>\n\n<p><strong>Inkl\u00fazia<\/strong> znamen\u00e1, \u017ee rozmanitos\u0165 nielen uzn\u00e1vame, ale ju aj akt\u00edvne presadzujeme \u2013 vytv\u00e1rame pravidl\u00e1, procesy a pracovn\u00e9 prostredie, v ktorom sa ka\u017ed\u00fd \u010dlovek m\u00f4\u017ee c\u00edti\u0165 prijat\u00fd a re\u0161pektovan\u00fd.<\/p>\n\n<p><strong>Rovnos\u0165<\/strong> je n\u00e1\u0161 kompas pri rozhodovan\u00ed \u2013 vedie n\u00e1s k spravodlivosti, nestrannosti a f\u00e9rov\u00e9mu pr\u00edstupu. Bez rovnosti nem\u00f4\u017ee existova\u0165 skuto\u010dn\u00e1 spravodlivos\u0165.<\/p>\n\n<p class=\"has-small-font-size\"><strong>*<\/strong><strong>Rozmanitos\u0165<\/strong> zah\u0155\u0148a (no neobmedzuje sa len na) vek, pohlavie, rodinn\u00fd alebo partnersk\u00fd stav, zdravotn\u00e9 znev\u00fdhodnenie, rasov\u00fd alebo etnick\u00fd p\u00f4vod, vierovyznanie alebo sveton\u00e1zor, soci\u00e1lno-ekonomick\u00e9 postavenie, tehotenstvo \u010di materstvo\/otcovstvo a sexu\u00e1lnu orient\u00e1ciu.<\/p>\n\n<p><\/p>\n","protected":false},"excerpt":{"rendered":"<p>Pr\u00e1ca Greenpeace je zalo\u017een\u00e1 na viacer\u00fdch z\u00e1sad\u00e1ch. Odr\u00e1\u017eaj\u00fa sa vo v\u0161etk\u00fdch na\u0161ich kampaniach a riadime sa nimi, \u010doko\u013evek rob\u00edme, kdeko\u013evek to rob\u00edme. Greenpeace je nez\u00e1visl\u00e1 kampa\u0148ov\u00e1 organiz\u00e1cia, ktor\u00e1 vyu\u017e\u00edva mierov\u00fa, kreat\u00edvnu konfront\u00e1ciu na odhalenie glob\u00e1lnych environment\u00e1lnych probl\u00e9mov a vyv\u00edja rie\u0161enia pre zelen\u00fa a mierov\u00fa bud\u00facnos\u0165. Na\u0161a misia Sna\u017e\u00edme sa o to, aby Zem zostala miestom, [&hellip;]<\/p>\n","protected":false},"author":1,"featured_media":10104,"parent":0,"menu_order":0,"comment_status":"closed","ping_status":"closed","template":"page-templates\/evergreen.php","meta":{"ep_exclude_from_search":false,"p4_hide_page_title_checkbox":"","p4_title":"","p4_subtitle":"","p4_description":"","background_image_id":"","background_image":"","p4_button_title":"","p4_button_link":"","p4_button_link_checkbox":"","p4_og_title":"","p4_og_description":"","p4_og_image":"","p4_og_image_id":"","p4_seo_canonical_url":"","p4_campaign_name":"not set","p4_local_project":"","p4_basket_name":"not set","p4_department":"","footnotes":""},"categories":[],"tags":[13],"class_list":["post-965","page","type-page","status-publish","has-post-thumbnail","hentry","tag-onas"],"_links":{"self":[{"href":"https:\/\/www.greenpeace.org\/slovakia\/wp-json\/wp\/v2\/pages\/965","targetHints":{"allow":["GET"]}}],"collection":[{"href":"https:\/\/www.greenpeace.org\/slovakia\/wp-json\/wp\/v2\/pages"}],"about":[{"href":"https:\/\/www.greenpeace.org\/slovakia\/wp-json\/wp\/v2\/types\/page"}],"author":[{"embeddable":true,"href":"https:\/\/www.greenpeace.org\/slovakia\/wp-json\/wp\/v2\/users\/1"}],"replies":[{"embeddable":true,"href":"https:\/\/www.greenpeace.org\/slovakia\/wp-json\/wp\/v2\/comments?post=965"}],"version-history":[{"count":5,"href":"https:\/\/www.greenpeace.org\/slovakia\/wp-json\/wp\/v2\/pages\/965\/revisions"}],"predecessor-version":[{"id":10107,"href":"https:\/\/www.greenpeace.org\/slovakia\/wp-json\/wp\/v2\/pages\/965\/revisions\/10107"}],"wp:featuredmedia":[{"embeddable":true,"href":"https:\/\/www.greenpeace.org\/slovakia\/wp-json\/wp\/v2\/media\/10104"}],"wp:attachment":[{"href":"https:\/\/www.greenpeace.org\/slovakia\/wp-json\/wp\/v2\/media?parent=965"}],"wp:term":[{"taxonomy":"category","embeddable":true,"href":"https:\/\/www.greenpeace.org\/slovakia\/wp-json\/wp\/v2\/categories?post=965"},{"taxonomy":"post_tag","embeddable":true,"href":"https:\/\/www.greenpeace.org\/slovakia\/wp-json\/wp\/v2\/tags?post=965"}],"curies":[{"name":"wp","href":"https:\/\/api.w.org\/{rel}","templated":true}]}}