{"id":9794,"date":"2025-05-05T09:36:25","date_gmt":"2025-05-05T07:36:25","guid":{"rendered":"https:\/\/www.greenpeace.org\/slovakia\/?page_id=9794"},"modified":"2025-05-05T10:44:18","modified_gmt":"2025-05-05T08:44:18","slug":"faq-medvede","status":"publish","type":"page","link":"https:\/\/www.greenpeace.org\/slovakia\/faq-medvede\/","title":{"rendered":"FAQ Medvede"},"content":{"rendered":"\n<div class=\"wp-block-buttons is-content-justification-left is-layout-flex wp-container-core-buttons-is-layout-fdcfc74e wp-block-buttons-is-layout-flex\">\n<div class=\"wp-block-button is-style-cta\"><a class=\"wp-block-button__link wp-element-button\" href=\"https:\/\/konaj.greenpeace.sk\/save-the-bears\">Podp\u00ed\u0161 otvoren\u00fd list<\/a><\/div>\n<\/div>\n\n<p><strong><mark style=\"background-color:rgba(0, 0, 0, 0)\" class=\"has-inline-color has-green-800-color\">Pre\u010do slovensk\u00e1 vl\u00e1da pl\u00e1nuje usmrti\u0165 350 medve\u010fov?<\/mark><\/strong><\/p>\n\n<p>Slovensk\u00e1 vl\u00e1da od\u00f4vod\u0148uje pl\u00e1novan\u00fd odstrel medve\u010fov n\u00e1rastom po\u010dtu incidentov s\u00favisiacich s medve\u010fmi. Hoci bezpe\u010dnos\u0165 verejnosti je nevyhnutn\u00e1, odborn\u00edci poukazuj\u00fa na to, \u017ee tieto konflikty sp\u00f4sobuj\u00fa predov\u0161etk\u00fdm \u013eudsk\u00e9 faktory, ktor\u00e9 pri\u0165ahuj\u00fa medvede &#8211; ide o nezabezpe\u010den\u00e9 odpadky a zle spravovan\u00e9 miesta na prikrmovanie raticovej zveri, pr\u00edpadne cielene vytv\u00e1ran\u00e9 vnadisk\u00e1. Probl\u00e9mom je tie\u017e napr\u00edklad vys\u00e1dzanie kukurice v podhorsk\u00fdch oblastiach, ktor\u00e1 pre medvede znamen\u00e1 jednoduch\u00fd pr\u00edstup k potrave a pribli\u017euje ich tak k \u013eu\u010fom.<\/p>\n\n<p>Existuj\u00fa osved\u010den\u00e9, nesmrtiace met\u00f3dy, ktor\u00e9 m\u00f4\u017eu pom\u00f4c\u0165 t\u00fdmto stretom predch\u00e1dza\u0165: vr\u00e1tane zabezpe\u010denia odpadkov a in\u00fdch l\u00e1kadiel alebo pou\u017eitia emetick\u00fdch chemik\u00e1li\u00ed, gumov\u00fdch projektilov a vycvi\u010den\u00fdch psov. Slovensko potrebuje prevent\u00edvne opatrenia, ku ktor\u00fdm patr\u00ed likvid\u00e1cia vnad\u00edsk a vzdel\u00e1vanie verejnosti &#8211; \u013eudia musia pozna\u0165 spr\u00e1vanie medve\u010fa, aj to, ako konfliktom s n\u00edm predch\u00e1dza\u0165, pr\u00edpadne \u010do robi\u0165 a \u010do nerobi\u0165, ak sa s n\u00edm stretneme. Rie\u0161enie z\u00e1kladn\u00fdch pr\u00ed\u010din a investovanie do vzdel\u00e1vania a prevencie je \u00fa\u010dinnej\u0161\u00ed a hum\u00e1nnej\u0161\u00ed pr\u00edstup ako masov\u00e9 odstrely medve\u010fov.&nbsp;<\/p>\n\n<p><strong><mark style=\"background-color:rgba(0, 0, 0, 0)\" class=\"has-inline-color has-green-800-color\">Je na Slovensku premno\u017een\u00fd medve\u010f? Je po\u010det medve\u010fov tak\u00fd, aby ho prostredie dok\u00e1zalo udr\u017ea\u0165?&nbsp;<\/mark><\/strong><\/p>\n\n<p>My\u0161lienku pr\u00edsnej \u201e\u00fanosnosti\u201c &#8211; maxim\u00e1lneho po\u010dtu medve\u010fov, ktor\u00fd m\u00f4\u017ee dan\u00e1 oblas\u0165 u\u017eivi\u0165 &#8211; pova\u017euje modern\u00e1 veda za zastaran\u00fa. S\u00fa\u010dasn\u00e9 ekologick\u00e9 pr\u00edstupy klad\u00fa d\u00f4raz sk\u00f4r na monitorovanie popul\u00e1ci\u00ed a riadenie spolu\u017eitia \u010dloveka a divej zveri ne\u017e na ur\u010dovanie pevn\u00fdch \u010d\u00edseln\u00fdch limitov.<\/p>\n\n<p>Po prv\u00e9, medvede neuzn\u00e1vaj\u00fa \u0161t\u00e1tne hranice. Najnov\u0161ie ofici\u00e1lne hodnotenie karpatskej popul\u00e1cie medve\u010fa hned\u00e9ho odhaduje pribli\u017ene 9 000 jedincov v celom regi\u00f3ne, \u010do zd\u00f4raz\u0148uje v\u00fdznam cezhrani\u010dn\u00e9ho \u00fasilia o ochranu.<\/p>\n\n<p>Po druh\u00e9, s\u00fa\u010dasn\u00e9 vedeck\u00e9 poznatky nepodporuj\u00fa zjednodu\u0161en\u00e9 predpoklady o po\u010dte medve\u010fov, ktor\u00e9 m\u00f4\u017ee dan\u00e1 oblas\u0165 udr\u017ea\u0165. Namiesto toho sa zameriava na monitorovanie dynamiky druhu a riadenie popul\u00e1cie, pri\u010dom prioritou je predch\u00e1dzanie konfliktom a ich zmier\u0148ovanie.<\/p>\n\n<p>Na Slovensku nie je hlavn\u00fdm probl\u00e9mom po\u010det medve\u010fov (odhady sa pohybuj\u00fa okolo 1 000 &#8211; 1 300 jedincov), ale sk\u00f4r nedostatok koherentnej a \u00fa\u010dinnej politiky mana\u017ementu medve\u010fov. Konflikty \u010dasto nevznikaj\u00fa pre samotn\u00e9 medvede a ich \u201cprobl\u00e9mov\u00e9 spr\u00e1vanie\u201d, ale pre absenciu prevent\u00edvnych opatren\u00ed &#8211; ak\u00fdmi je spr\u00e1vne nakladanie s odpadom, vzdel\u00e1vanie verejnosti a pl\u00e1novanie vyu\u017e\u00edvania krajiny &#8211; ktor\u00e9 by mohli minimalizova\u0165 stret \u013eud\u00ed s medve\u010fmi.<\/p>\n\n<p><strong><mark style=\"background-color:rgba(0, 0, 0, 0)\" class=\"has-inline-color has-green-800-color\">Kto rozhoduje o odstrele medve\u010fov?<\/mark><\/strong><\/p>\n\n<p>Na Slovensku o odstrele medve\u010fov rozhoduje vl\u00e1da, zvy\u010dajne na z\u00e1klade \u017eiadosti ministra \u017eivotn\u00e9ho prostredia, v tomto pr\u00edpade ministra Tom\u00e1\u0161a Tarabu. Vl\u00e1da vyhl\u00e1sila \u201cmimoriadnu situ\u00e1ciu\u201d&nbsp; vo viac ako 50-tich oblastiach, d\u00f4vodom je situ\u00e1cia, ktor\u00fa&nbsp; opisuje ako \u201ene\u017eiaduci v\u00fdskyt medve\u010fa hned\u00e9ho\u201c. Zd\u00e1 sa v\u0161ak, \u017ee tento pr\u00edstup je v priamom rozpore s pr\u00e1vom Eur\u00f3pskej \u00fanie. Medve\u010f hned\u00fd na Slovensku &#8211; podobne ako v celej E\u00da &#8211; je pr\u00edsne chr\u00e1nen\u00fd, a to pod\u013ea pr\u00edlohy IV Smernice E\u00da o biotopoch. Pod\u013ea nej mus\u00ed ak\u00fdko\u013evek z\u00e1sah, vr\u00e1tane odstrelu, sp\u013a\u0148a\u0165 pr\u00edsne pr\u00e1vne krit\u00e9ri\u00e1 a m\u00f4\u017ee sa pou\u017e\u00edva\u0165 len ako posledn\u00e1 mo\u017enos\u0165. Povolenie usmrtenia a\u017e 350 medve\u010fov bez toho, aby sa predt\u00fdm preuk\u00e1zalo komplexn\u00e9 \u00fasilie o predch\u00e1dzanie konfliktov medzi \u013eu\u010fmi a medve\u010fmi, je nielen neprimeran\u00e9, ale aj nezlu\u010dite\u013en\u00e9 so z\u00e1v\u00e4zkami \u010dlensk\u00fdch \u0161t\u00e1tov E\u00da.<\/p>\n\n<figure class=\"wp-block-image aligncenter size-full\"><img loading=\"lazy\" decoding=\"async\" width=\"800\" height=\"533\" src=\"https:\/\/www.greenpeace.org\/static\/planet4-slovakia-stateless\/2025\/04\/c143ebda-gp1t346c_low-res-with-credit-line-800px.jpg\" alt=\"\" class=\"wp-image-9772\" srcset=\"https:\/\/www.greenpeace.org\/static\/planet4-slovakia-stateless\/2025\/04\/c143ebda-gp1t346c_low-res-with-credit-line-800px.jpg 800w, https:\/\/www.greenpeace.org\/static\/planet4-slovakia-stateless\/2025\/04\/c143ebda-gp1t346c_low-res-with-credit-line-800px-300x200.jpg 300w, https:\/\/www.greenpeace.org\/static\/planet4-slovakia-stateless\/2025\/04\/c143ebda-gp1t346c_low-res-with-credit-line-800px-768x512.jpg 768w, https:\/\/www.greenpeace.org\/static\/planet4-slovakia-stateless\/2025\/04\/c143ebda-gp1t346c_low-res-with-credit-line-800px-510x340.jpg 510w\" sizes=\"auto, (max-width: 800px) 100vw, 800px\" \/><\/figure>\n\n<p><strong><mark style=\"background-color:rgba(0, 0, 0, 0)\" class=\"has-inline-color has-green-800-color\">V akom \u0161t\u00e1diu je proces? Je mo\u017en\u00e9 toto rozhodnutie zvr\u00e1ti\u0165?<\/mark><\/strong><\/p>\n\n<p>\u00c1no, toto rozhodnutie sa e\u0161te m\u00f4\u017ee prehodnoti\u0165 &#8211; a malo by sa prehodnoti\u0165. V\u0161etky tak\u00e9to opatrenia musia by\u0165 podlo\u017een\u00e9 vedeck\u00fdmi d\u00f4kazmi a podlieha\u0165 riadnej pr\u00e1vnej a environment\u00e1lnej kontrole. Vzh\u013eadom na zjavn\u00e9 politick\u00e9 motiv\u00e1cie, ktor\u00e9 stoja za t\u00fdmto krokom, je potrebn\u00e9 zmobilizova\u0165 verejn\u00fd tlak a spochybni\u0165 a nakoniec zvr\u00e1ti\u0165 tieto chybn\u00e9 politiky. N\u00e1\u0161 spolo\u010dn\u00fd hlas m\u00f4\u017ee pom\u00f4c\u0165 zabr\u00e1ni\u0165 zbyto\u010dn\u00e9mu zab\u00edjaniu nevinn\u00fdch zvierat a presadi\u0165 zodpovednej\u0161ie, vedecky podlo\u017een\u00e9 riadenie vo\u013ene \u017eij\u00facich zvierat.<\/p>\n\n<p><strong><mark style=\"background-color:rgba(0, 0, 0, 0)\" class=\"has-inline-color has-green-800-color\">Je lov medve\u010fov na Slovensku alebo v Eur\u00f3pskej \u00fanii leg\u00e1lny?<\/mark><\/strong><\/p>\n\n<p>Rekrea\u010dn\u00fd lov medve\u010fa hned\u00e9ho je na Slovensku a kdeko\u013evek v Eur\u00f3pskej \u00fanii zak\u00e1zan\u00fd. V\u0161etky popul\u00e1cie medve\u010fa hned\u00e9ho v E\u00da, vr\u00e1tane t\u00fdch na Slovensku, s\u00fa pr\u00edsne chr\u00e1nen\u00e9 pod\u013ea pr\u00edlohy IV Smernice E\u00da o biotopoch.<\/p>\n\n<p>Pod\u013ea <em>\u010dl\u00e1nku 12 tejto<\/em> Smernice s\u00fa \u010dlensk\u00e9 \u0161t\u00e1ty povinn\u00e9 zavies\u0165 pr\u00edsny re\u017eim ochrany t\u00fdchto druhov a v\u00fdslovne sa zakazuj\u00fa \u201ev\u0161etky formy \u00famyseln\u00e9ho odchytu alebo usmrcovania\u201c jedincov vo vo\u013enej pr\u00edrode.<\/p>\n\n<p><em>\u010cl\u00e1nok 16<\/em> s\u00edce povo\u013euje obmedzen\u00e9 v\u00fdnimky (odch\u00fdlky) z tejto ochrany, napr\u00edklad, ak treba zabr\u00e1ni\u0165 v\u00e1\u017enym \u0161kod\u00e1m alebo ak ide o ochranu verejn\u00e9ho zdravia a bezpe\u010dnosti, ale tak\u00e9to opatrenia s\u00fa leg\u00e1lne len za ve\u013emi pr\u00edsnych podmienok. V\u00fdnimky s\u00fa povolen\u00e9 len vtedy, ak: a) neexistuje \u017eiadna uspokojiv\u00e1 alternat\u00edva a b) opatrenie nem\u00e1 negat\u00edvny vplyv na priazniv\u00fd stav ochrany druhu v r\u00e1mci jeho prirodzenej oblasti v\u00fdskytu. Mysl\u00edme si, \u017ee ani jedna z t\u00fdchto podmienok nebola na Slovensku splnen\u00e1.&nbsp;<\/p>\n\n<p><strong><mark style=\"background-color:rgba(0, 0, 0, 0)\" class=\"has-inline-color has-green-800-color\">Vie Greenpeace o \u00fatokoch medve\u010fov?<\/mark><\/strong><\/p>\n\n<p>\u00c1no, sme si vedom\u00ed ned\u00e1vneho n\u00e1rastu hl\u00e1sen\u00ed o stretoch a \u00fatokoch medve\u010fov na Slovensku a st\u00fapaj\u00faceho v\u00fdskytu medve\u010fov v bl\u00edzkosti \u013eudsk\u00fdch s\u00eddiel a ve\u013emi n\u00e1s mrzia. Treba v\u0161ak poveda\u0165,&nbsp; \u017ee tieto incidenty sa ani v minulosti nezn\u00ed\u017eili odstrelom medve\u010fov.<\/p>\n\n<p>Konflikty medzi \u013eu\u010fmi a medve\u010fmi sa nevyrie\u0161ia prostredn\u00edctvom reakt\u00edvneho a politicky motivovan\u00e9ho odstrelu. Namiesto toho mus\u00ed minister \u017eivotn\u00e9ho prostredia Tom\u00e1\u0161 Taraba prevzia\u0165 zodpovednos\u0165 a kone\u010dne za\u010da\u0165 po\u010d\u00fava\u0165 odborn\u00edkov, ktor\u00ed neust\u00e1le zd\u00f4raz\u0148uj\u00fa potrebu prevent\u00edvnych opatren\u00ed. Medvede \u010dasto pri\u0165ahuj\u00fa do \u013eudsk\u00fdch oblast\u00ed nezabezpe\u010den\u00e9 odpadky, \u013eahk\u00e1 dostupnos\u0165 pestovan\u00fdch plod\u00edn a \u00famyseln\u00e9 prikrmovanie na vnadisk\u00e1ch &#8211; to s\u00fa probl\u00e9my, ktor\u00e9 sa musia systematicky za\u010da\u0165 rie\u0161i\u0165.<\/p>\n\n<p>K dobre zdokumentovan\u00fdm nesmrtiacim met\u00f3dam na odradenie medve\u010fov patr\u00ed pou\u017e\u00edvanie emetick\u00fdch l\u00e1tok, gumov\u00fdch projektilov a cvi\u010den\u00fdch psov. Nevyhnutn\u00e9 je posilni\u0165 cezhrani\u010dn\u00fa spolupr\u00e1cu v karpatskom regi\u00f3ne a za\u010da\u0165 kone\u010dne investova\u0165 do vzdel\u00e1vania verejnosti o spolu\u017eit\u00ed s medve\u010fmi. Na rozdiel od masov\u00e9ho zab\u00edjania s\u00fa tieto pr\u00edstupy vedecky podlo\u017een\u00e9 a pon\u00fakaj\u00fa skuto\u010dne udr\u017eate\u013en\u00fa cestu vpred.<\/p>\n\n<p><strong><mark style=\"background-color:rgba(0, 0, 0, 0)\" class=\"has-inline-color has-green-800-color\">Pre\u010do by mali by\u0165 Poliaci znepokojen\u00ed slovenskou politikou v oblasti mana\u017ementu medve\u010fov?<\/mark><\/strong><\/p>\n\n<p>Medvede neuzn\u00e1vaj\u00fa politick\u00e9 hranice &#8211; vo\u013ene sa pohybuj\u00fa naprie\u010d krajinami. Nov\u00fd slovensk\u00fd syst\u00e9m mana\u017ementu medve\u010fov bude ma\u0165 d\u00f4sledky \u010faleko za hranicami Slovenska a priamo ovplyvn\u00ed popul\u00e1cie medve\u010fov v susedn\u00fdch krajin\u00e1ch, ako je Po\u013esko a \u010cesko. Telemetrick\u00fd v\u00fdskum uk\u00e1zal, \u017ee viac ako 80 % medve\u010fov, ktor\u00e9 sme sledovali v Po\u013esku, pre\u0161lo aj na Slovensko. Je \u0165a\u017ek\u00e9 n\u00e1js\u0165 medve\u010fa v ju\u017enom Po\u013esku, ktor\u00fd by nebol na Slovensku. Tieto cezhrani\u010dn\u00e9 medvede &#8211; najm\u00e4 tie, ktor\u00e9 \u017eij\u00fa v bl\u00edzkosti po\u013esko-slovenskej hranice &#8211; si zvykli na potravu poskytovan\u00fa \u013eu\u010fmi, \u010do ich vystavuje vy\u0161\u0161iemu riziku \u00famrtia&nbsp; v d\u00f4sledku navrhovan\u00fdch slovensk\u00fdch pravidiel &#8211; a teda aj im re\u00e1lne hroz\u00ed odstrel. Tak\u017ee \u00e1no, po\u013esk\u00ed ob\u010dania maj\u00fa maj\u00fa pln\u00e9 pr\u00e1vo spochyb\u0148ova\u0165 rozhodnutia prijat\u00e9 na Slovensku a anga\u017eova\u0165 sa v boji proti nim. Pre\u017eitie popul\u00e1ci\u00ed medve\u010fov, ktor\u00e9 \u017eij\u00fa na \u00fazem\u00ed na\u0161ich kraj\u00edn, z\u00e1vis\u00ed od cezhrani\u010dnej spolupr\u00e1ce a zodpovedn\u00e9ho mana\u017ementu vo\u013ene \u017eij\u00facich zvierat.<\/p>\n\n<p><\/p>\n\n<figure class=\"wp-block-image aligncenter size-large\"><img loading=\"lazy\" decoding=\"async\" width=\"1024\" height=\"542\" src=\"https:\/\/www.greenpeace.org\/static\/planet4-slovakia-stateless\/2025\/04\/4b3e9b2d-img_3952.cr2_-1024x542.jpg\" alt=\"\" class=\"wp-image-9776\" srcset=\"https:\/\/www.greenpeace.org\/static\/planet4-slovakia-stateless\/2025\/04\/4b3e9b2d-img_3952.cr2_-1024x542.jpg 1024w, https:\/\/www.greenpeace.org\/static\/planet4-slovakia-stateless\/2025\/04\/4b3e9b2d-img_3952.cr2_-300x159.jpg 300w, https:\/\/www.greenpeace.org\/static\/planet4-slovakia-stateless\/2025\/04\/4b3e9b2d-img_3952.cr2_-768x406.jpg 768w, https:\/\/www.greenpeace.org\/static\/planet4-slovakia-stateless\/2025\/04\/4b3e9b2d-img_3952.cr2_-1536x813.jpg 1536w, https:\/\/www.greenpeace.org\/static\/planet4-slovakia-stateless\/2025\/04\/4b3e9b2d-img_3952.cr2_-2048x1084.jpg 2048w, https:\/\/www.greenpeace.org\/static\/planet4-slovakia-stateless\/2025\/04\/4b3e9b2d-img_3952.cr2_-510x270.jpg 510w\" sizes=\"auto, (max-width: 1024px) 100vw, 1024px\" \/><\/figure>\n\n<p><strong><mark style=\"background-color:rgba(0, 0, 0, 0)\" class=\"has-inline-color has-green-800-color\">Ak\u00e9 s\u00fa alternat\u00edvne rie\u0161enia k odstrelu medve\u010fov?<\/mark>&nbsp;<\/strong><\/p>\n\n<p>Greenpeace a odborn\u00edci na ochranu pr\u00edrody tvrdia, \u017ee s\u00fa\u010dasn\u00fd pr\u00edstup slovenskej vl\u00e1dy k prevencii konfliktov medzi medve\u010fmi a \u013eu\u010fmi je ne\u00fa\u010dinn\u00fd a \u0161kodliv\u00fd. Namiesto rozsiahleho zab\u00edjania medve\u010fov m\u00f4\u017eu osved\u010den\u00e9 nesmrtiace rie\u0161enia \u00fa\u010dinne predch\u00e1dza\u0165 konfliktom a z\u00e1rove\u0148 chr\u00e1ni\u0165 medvede.<\/p>\n\n<p>Medvede \u010dasto pri\u0165ahuj\u00fa do \u013eudsk\u00fdch s\u00eddiel nezabezpe\u010den\u00e9 odpadky, \u013eahk\u00fd pr\u00edstup k pestovan\u00fdm plodin\u00e1m a miesta na k\u0155menie, tzv. vnadisk\u00e1, ktor\u00e9 maj\u00fa ofici\u00e1lne sl\u00fa\u017ei\u0165 na l\u00e1kanie raticovej zveri, no ich obsah l\u00e1ka aj medvede. \u013dudsk\u00e1 strava je pre medvede energeticky v\u00fdhodnej\u0161ia &#8211; to je aj d\u00f4vod pre\u010do ju vyh\u013ead\u00e1vaj\u00fa napriek tomu, \u017ee jej maj\u00fa dostatok v lese. Rie\u0161enie t\u00fdchto probl\u00e9mov prostredn\u00edctvom lep\u0161ieho nakladania s odpadom, zabezpe\u010denia zdrojov potravy a vzdel\u00e1vania verejnosti m\u00f4\u017ee v\u00fdrazne zn\u00ed\u017ei\u0165 po\u010det stretov s medve\u010fmi. To, \u017ee sa po\u013eovn\u00edkom umo\u017e\u0148uje k\u0155mi\u0165 zvierat\u00e1 v biotopoch medve\u010fov, aby ich pril\u00e1kali na loveck\u00e9 \u00fa\u010dely, je nielen nezodpovedn\u00e9, ale aj nebezpe\u010dn\u00e9. T\u00e1to prax podnecuje medvede, aby si sp\u00e1jali \u013eud\u00ed s potravou, \u010do zvy\u0161uje riziko konfliktu a pod\u013ea nov\u00fdch navrhovan\u00fdch pravidiel m\u00f4\u017ee vies\u0165 k usmrteniu medve\u010fov.<\/p>\n\n<p>Nesmrtiace odstra\u0161uj\u00face prostriedky, ako s\u00fa emetick\u00e9 chemik\u00e1lie (ktor\u00e9 u medve\u010fov vyvol\u00e1vaj\u00fa miernu nevo\u013enos\u0165), gumov\u00e9 projektily a cvi\u010den\u00e9 psy, \u00fa\u010dinne odh\u00e1\u0148aj\u00fa medvede od nebezpe\u010dn\u00fdch oblast\u00ed bez toho, aby im ubl\u00ed\u017eili.<\/p>\n\n<p>Napriek opakovan\u00fdm varovaniam a n\u00e1vrhom odborn\u00edkov &#8211; vr\u00e1tane minuloro\u010dn\u00e9ho listu vedcov, v ktorom uv\u00e1dzaj\u00fa alternat\u00edvne opatrenia ako predch\u00e1dza\u0165 konfliktom &#8211; minister \u017eivotn\u00e9ho prostredia Tom\u00e1\u0161 Taraba tieto odpor\u00fa\u010dania ignoroval. Zd\u00e1 sa, \u017ee namiesto vedecky podlo\u017een\u00e9ho pr\u00edstupu vyu\u017e\u00edva problematiku medve\u010fov na politick\u00e9 ciele, \u010d\u00edm \u0161kod\u00ed ochrane divokej pr\u00edrody a zodpovednej environment\u00e1lnej politike.<\/p>\n\n<p><strong><mark style=\"background-color:rgba(0, 0, 0, 0)\" class=\"has-inline-color has-green-800-color\">Je Greenpeace proti odstrelu medve\u010fov?<\/mark><\/strong><\/p>\n\n<p>Greenpeace podporuje ochranu medve\u010fov pod\u013ea z\u00e1konov Eur\u00f3pskej \u00fanie, kde s\u00fa zaraden\u00e9 medzi chr\u00e1nen\u00e9 druhy. Aj ke\u010f za ur\u010dit\u00fdch okolnost\u00ed, napr\u00edklad v pr\u00edpade mimoriadne agres\u00edvnych jedincov, m\u00f4\u017ee by\u0165 smrtiaca kontrola medve\u010fov opodstatnen\u00e1, nikdy by nemala by\u0165 pau\u0161\u00e1lna. Rozhodnutia t\u00fdkaj\u00face sa mana\u017ementu vo\u013ene \u017eij\u00facich \u017eivo\u010d\u00edchov by mali by\u0165 zalo\u017een\u00e9 na spo\u013eahliv\u00fdch vedeck\u00fdch d\u00f4kazoch a re\u0161pektovan\u00ed pr\u00e1vne z\u00e1v\u00e4zn\u00fdch povinnost\u00ed.<\/p>\n\n<p>V pr\u00edpade nevyhnutnej potreby nie sme proti usmrcovaniu agres\u00edvnych jedincov. Posledn\u00e9 navrhovan\u00e9 slovensk\u00e9 kroky v oblasti mana\u017ementu medve\u010fov v\u0161ak tieto \u0161tandardy nesp\u013a\u0148aj\u00fa. \u017diadne d\u00f4kazy nenasved\u010duj\u00fa tomu, \u017ee by nerozli\u0161uj\u00faci odstrel medve\u010fov \u00fa\u010dinne zn\u00ed\u017eil konflikty medzi \u013eu\u010fmi a medve\u010fmi. Tak\u00e9to opatrenia m\u00f4\u017eu \u010dasto probl\u00e9m e\u0161te zhor\u0161i\u0165, preto\u017ee nar\u00fa\u0161aj\u00fa medvediu popul\u00e1ciu a destabilizuj\u00fa ekosyst\u00e9m.<\/p>\n\n<p>Strat\u00e9gie riadenia medve\u010fov musia uprednost\u0148ova\u0165 prevenciu konfliktov zalo\u017een\u00fa na osved\u010den\u00fdch met\u00f3dach, ktor\u00e9 nie s\u00fa smrtiace. V\u0161etky prijat\u00e9 opatrenia musia vych\u00e1dza\u0165 zo zaveden\u00fdch vedeck\u00fdch poznatkov a pr\u00e1vnych r\u00e1mcov. A to sa na Slovensku nedeje.<\/p>\n\n<p><strong><mark style=\"background-color:rgba(0, 0, 0, 0)\" class=\"has-inline-color has-green-800-color\">Pre\u010do si Greenpeace mysl\u00ed, \u017ee odstrel 350 medve\u010fov ro\u010dne nezn\u00ed\u017ei po\u010det smrte\u013en\u00fdch pr\u00edpadov medzi \u013eu\u010fmi a medve\u010fmi?<\/mark><\/strong><\/p>\n\n<p>Organiz\u00e1cia Greenpeace je proti masov\u00e9mu odstrelu medve\u010fov, preto\u017ee neexistuj\u00fa d\u00f4kazy, \u017ee by \u00fa\u010dinne zni\u017eoval po\u010det konfliktov medzi \u013eu\u010fmi a medve\u010fmi. V skuto\u010dnosti \u010d\u00edsla nazna\u010duj\u00fa opak. Napriek usmrteniu 144 medve\u010fov v minulom roku na Slovensku sa po\u010det hl\u00e1sen\u00fdch incidentov nezn\u00ed\u017eil. Tragickou udalos\u0165ou bolo, ke\u010f bol minul\u00fd rok pri zbieran\u00ed h\u00fab v bl\u00edzkosti Hybe smrte\u013ene napadnut\u00fd 55-ro\u010dn\u00fd mu\u017e. Tento rok sa medve\u010fovi prip\u00edsal aj \u010fal\u0161\u00ed smrte\u013en\u00fd pr\u00edpad &#8211; 59-ro\u010dn\u00fd mu\u017e na strednom Slovensku. Tieto pr\u00edpady ukazuj\u00fa, \u017ee odstrel ako prevent\u00edvna strat\u00e9gia nefunguje.<\/p>\n\n<p>Okrem toho sa mnoh\u00e9 hl\u00e1sen\u00e9 incidenty t\u00fdkaj\u00fa situ\u00e1ci\u00ed, ktor\u00fdm sa dalo pred\u00eds\u0165, \u010dasto boli vyvolan\u00e9 nevhodn\u00fdm spr\u00e1van\u00edm \u010dloveka. V jednom \u0161iroko medializovanom pr\u00edpade sa medvedica zachovala obranne po tom, ako ju vyprovokoval vo\u013ene pusten\u00fd pes mimo turistick\u00e9ho chodn\u00edka a mu\u017e, ktor\u00fd sa ju pok\u00fasil zasiahnu\u0165 sekerou &#8211; napriek tomu, \u017ee mal pri sebe sprej proti medve\u010fom.<\/p>\n\n<p>Tieto pr\u00edklady poukazuj\u00fa na hlb\u0161\u00ed probl\u00e9m: nedostatok inform\u00e1ci\u00ed o tom, ako sa pri stretnut\u00ed s medve\u010fom spr\u00e1va\u0165,&nbsp; nulov\u00e9 vzdel\u00e1vanie verejnosti a ch\u00fdbaj\u00face prevent\u00edvne opatrenia. Namiesto toho, aby minister Taraba a \u010fal\u0161\u00ed zodpovedn\u00ed \u010dinitelia&nbsp; vyu\u017e\u00edvali strach z divej zveri a vytv\u00e1rali obetn\u00fdch bar\u00e1nkov, by mali&nbsp; rad\u0161ej investova\u0165 do rie\u0161en\u00ed zalo\u017een\u00fdch na d\u00f4kazoch: vzdel\u00e1vanie, odpadov\u00e9 hospod\u00e1rstvo, kontrolovan\u00fd cestovn\u00fd ruch a \u00fa\u010dinn\u00e9 protokoly reakcie na n\u00fadzov\u00e9 situ\u00e1cie. Zab\u00edjanie \u010fal\u0161\u00edch medve\u010fov nevyrie\u0161i to, \u010do je v kone\u010dnom d\u00f4sledku probl\u00e9mom zl\u00e9ho \u013eudsk\u00e9ho hospod\u00e1renia.<\/p>\n\n<p><strong><mark style=\"background-color:rgba(0, 0, 0, 0)\" class=\"has-inline-color has-green-800-color\">Ak\u00e9 s\u00fa mo\u017en\u00e9 d\u00f4sledky odstrelu 350 medve\u010fov z celkovej popul\u00e1cie medve\u010fov? (Z h\u013eadiska soci\u00e1lnej dynamiky, stresu a genetickej stability)<\/mark><\/strong><\/p>\n\n<p>Komplexn\u00e9 d\u00f4sledky tak\u00e9hoto rozsiahleho odstrelu je \u0165a\u017ek\u00e9 predpoveda\u0165, ale mohli by by\u0165 v\u00e1\u017ene. Minister Tom\u00e1\u0161 Taraba si mal pred prijat\u00edm tak\u00e9hoto drastick\u00e9ho rozhodnutia necha\u0165 vypracova\u0165 riadne pos\u00fadenie vplyvu, najm\u00e4 vzh\u013eadom na bezprecedentn\u00fd po\u010det medve\u010fov, ktor\u00e9 pl\u00e1nuje odstr\u00e1ni\u0165 z popul\u00e1cie.<\/p>\n\n<p>Z jednej \u0161t\u00fadie o karpatskej popul\u00e1cii medve\u010fa hned\u00e9ho vypl\u00fdva, \u017ee genetick\u00e1 diverzita (rozmanitos\u0165 genetickej inform\u00e1cie v r\u00e1mci popul\u00e1cie &#8211; z poh\u013eadu vedy je <strong>vysok\u00e1 genetick\u00e1 diverzita ve\u013emi d\u00f4le\u017eit\u00e1<\/strong>, preto\u017ee zvy\u0161uje \u0161ance popul\u00e1cie pre\u017ei\u0165 zmeny v prostred\u00ed, napr\u00edklad klimatick\u00e9 zmeny, nov\u00e9 choroby alebo z\u00e1sahy \u010dloveka. Popul\u00e1cia s n\u00edzkou genetickou diverzitou je zranite\u013enej\u0161ia \u2013 ak napr\u00edklad v\u0161etky jedince zdedia t\u00fa ist\u00fa n\u00e1chylnos\u0165 na ur\u010dit\u00fa chorobu, cel\u00e1 popul\u00e1cia m\u00f4\u017ee by\u0165 ohrozen\u00e1.) slovensk\u00fdch medve\u010fov je u\u017e teraz ve\u013emi slab\u00e1, \u010do zodpoved\u00e1 popul\u00e1cii s po\u010dtom len pribli\u017ene 250 geneticky efekt\u00edvnych jedincov. Z poh\u013eadu evolu\u010dnej genetiky ide o mal\u00fa a zranite\u013en\u00fa popul\u00e1ciu. V\u00fdrazn\u00fd odstrel by mohol e\u0161te viac zn\u00ed\u017ei\u0165 genetick\u00fa diverzitu, \u010do by oslabilo dlhodob\u00fa odolnos\u0165 popul\u00e1cie a jej schopnos\u0165 prisp\u00f4sobi\u0165 sa zmen\u00e1m.<\/p>\n\n<p>Okrem toho m\u00f4\u017ee odstrel ve\u013ek\u00e9ho po\u010dtu medve\u010fov naru\u0161i\u0165 soci\u00e1lnu \u0161trukt\u00faru medvedej popul\u00e1cie. Star\u0161ie, dominantn\u00e9 jedince \u010dasto pom\u00e1haj\u00fa regulova\u0165 spr\u00e1vanie a pohyb mlad\u0161\u00edch medve\u010fov. Ich odstr\u00e1nenie m\u00f4\u017ee vies\u0165 k v\u00e4\u010d\u0161ej nestabilite, v\u00e4\u010d\u0161iemu po\u010dtu t\u00falav\u00fdch ml\u00e1\u010fat a potenci\u00e1lne v\u00e4\u010d\u0161iemu po\u010dtu stretov \u010dloveka s medve\u010fom.<\/p>\n\n<p>A napokon, intenz\u00edvny loveck\u00fd tlak m\u00f4\u017ee u pre\u017e\u00edvaj\u00facich medve\u010fov sp\u00f4sobi\u0165 chronick\u00fd stres, ktor\u00fd m\u00f4\u017ee ma\u0165 vplyv na ich zdravie, spr\u00e1vanie a reprodukciu. Zle napl\u00e1novan\u00fd odstrel by mohol sp\u00f4sobi\u0165 viac probl\u00e9mov, ako ich vyrie\u0161i\u0165, a namiesto bezpe\u010dn\u00e9ho spolu\u017eitia by mohol ohrozi\u0165 dlhodob\u00e9 pre\u017eitie medve\u010fov na Slovensku.<\/p>\n\n<div class=\"wp-block-buttons alignfull is-content-justification-center is-layout-flex wp-container-core-buttons-is-layout-16018d1d wp-block-buttons-is-layout-flex\">\n<div class=\"wp-block-button is-style-cta\"><a class=\"wp-block-button__link wp-element-button\" href=\"https:\/\/konaj.greenpeace.sk\/save-the-bears\">Podp\u00ed\u0161 otvoren\u00fd list<\/a><\/div>\n<\/div>\n\n<p><\/p>\n","protected":false},"excerpt":{"rendered":"<p>Pre\u010do slovensk\u00e1 vl\u00e1da pl\u00e1nuje usmrti\u0165 350 medve\u010fov? Slovensk\u00e1 vl\u00e1da od\u00f4vod\u0148uje pl\u00e1novan\u00fd odstrel medve\u010fov n\u00e1rastom po\u010dtu incidentov s\u00favisiacich s medve\u010fmi. Hoci bezpe\u010dnos\u0165 verejnosti je nevyhnutn\u00e1, odborn\u00edci poukazuj\u00fa na to, \u017ee tieto konflikty sp\u00f4sobuj\u00fa predov\u0161etk\u00fdm \u013eudsk\u00e9 faktory, ktor\u00e9 pri\u0165ahuj\u00fa medvede &#8211; ide o nezabezpe\u010den\u00e9 odpadky a zle spravovan\u00e9 miesta na prikrmovanie raticovej zveri, pr\u00edpadne cielene vytv\u00e1ran\u00e9 vnadisk\u00e1. [&hellip;]<\/p>\n","protected":false},"author":60,"featured_media":9772,"parent":0,"menu_order":0,"comment_status":"closed","ping_status":"closed","template":"","meta":{"ep_exclude_from_search":false,"p4_hide_page_title_checkbox":"","p4_title":"","p4_subtitle":"","p4_description":"","background_image_id":"","background_image":"","p4_button_title":"","p4_button_link":"","p4_button_link_checkbox":"","p4_og_title":"","p4_og_description":"","p4_og_image":"","p4_og_image_id":"","p4_seo_canonical_url":"","p4_campaign_name":"","p4_local_project":"","p4_basket_name":"","p4_department":"","footnotes":""},"categories":[2,21],"tags":[8],"class_list":["post-9794","page","type-page","status-publish","has-post-thumbnail","hentry","category-chran","category-greenpeace","tag-lesy"],"_links":{"self":[{"href":"https:\/\/www.greenpeace.org\/slovakia\/wp-json\/wp\/v2\/pages\/9794","targetHints":{"allow":["GET"]}}],"collection":[{"href":"https:\/\/www.greenpeace.org\/slovakia\/wp-json\/wp\/v2\/pages"}],"about":[{"href":"https:\/\/www.greenpeace.org\/slovakia\/wp-json\/wp\/v2\/types\/page"}],"author":[{"embeddable":true,"href":"https:\/\/www.greenpeace.org\/slovakia\/wp-json\/wp\/v2\/users\/60"}],"replies":[{"embeddable":true,"href":"https:\/\/www.greenpeace.org\/slovakia\/wp-json\/wp\/v2\/comments?post=9794"}],"version-history":[{"count":4,"href":"https:\/\/www.greenpeace.org\/slovakia\/wp-json\/wp\/v2\/pages\/9794\/revisions"}],"predecessor-version":[{"id":9798,"href":"https:\/\/www.greenpeace.org\/slovakia\/wp-json\/wp\/v2\/pages\/9794\/revisions\/9798"}],"wp:featuredmedia":[{"embeddable":true,"href":"https:\/\/www.greenpeace.org\/slovakia\/wp-json\/wp\/v2\/media\/9772"}],"wp:attachment":[{"href":"https:\/\/www.greenpeace.org\/slovakia\/wp-json\/wp\/v2\/media?parent=9794"}],"wp:term":[{"taxonomy":"category","embeddable":true,"href":"https:\/\/www.greenpeace.org\/slovakia\/wp-json\/wp\/v2\/categories?post=9794"},{"taxonomy":"post_tag","embeddable":true,"href":"https:\/\/www.greenpeace.org\/slovakia\/wp-json\/wp\/v2\/tags?post=9794"}],"curies":[{"name":"wp","href":"https:\/\/api.w.org\/{rel}","templated":true}]}}