{"id":992,"date":"2019-11-23T14:24:16","date_gmt":"2019-11-23T13:24:16","guid":{"rendered":"https:\/\/master.k8s.p4.greenpeace.org\/slovakia\/spotreba\/"},"modified":"2026-04-08T10:57:32","modified_gmt":"2026-04-08T08:57:32","slug":"spotreba","status":"publish","type":"page","link":"https:\/\/www.greenpeace.org\/slovakia\/spotreba\/","title":{"rendered":"#Spotreba"},"content":{"rendered":"\n                    <div class=\"wp-block-group is-vertical is-layout-flex wp-container-core-group-is-layout-8cf370e7 wp-block-group-is-layout-flex\">\n                    \n\n                    \n                    <\/div>\n                    \n        <div class=\"wp-block-query actions-list p4-query-loop is-custom-layout-actions-list is-custom-layout-grid is-layout-grid wp-container-core-query-is-layout-29f43435 wp-block-query-is-layout-grid\"><h2 class=\"wp-block-heading\">Things you can do<\/h2>\n        <p style=\"margin-top: 24px; margin-bottom: 32px;\">We want you to take action because together we&#8217;re strong.<\/p>\n        <div class=\"wp-block-query-no-results\">\n        <p >No posts found.<\/p>\n        <\/div>\n        \n        \n<div class=\"wp-block-buttons carousel-controls is-horizontal is-content-justification-space-between is-nowrap is-layout-flex wp-container-core-buttons-is-layout-044bd602 wp-block-buttons-is-layout-flex\">\n            <div class=\"wp-block-button carousel-control-prev\"><button type=\"button\" class=\"wp-block-button__link wp-element-button\">Prev<\/button><\/div>\n        \n\n            <div class=\"wp-block-button carousel-control-next\"><button type=\"button\" class=\"wp-block-button__link wp-element-button\">Next<\/button><\/div>\n        <\/div>\n\n        \n<div class=\"wp-block-buttons load-more-actions-container is-content-justification-center is-layout-flex wp-container-core-buttons-is-layout-16018d1d wp-block-buttons-is-layout-flex\">\n                <div class=\"wp-block-button is-style-secondary\"><button type=\"button\" class=\"wp-block-button__link wp-element-button\">Na\u010d\u00edta\u0165 viac<\/button><\/div>\n            \n<\/div>\n<\/div>\n        \n    <div class=\"wp-block-query posts-list p4-query-loop is-custom-layout-list is-layout-flow wp-block-query-is-layout-flow\">\n        <div class=\"wp-block-group is-content-justification-space-between is-layout-flex wp-container-core-group-is-layout-3d213aab wp-block-group-is-layout-flex\"><h2 class=\"wp-block-heading\">S\u00favisiace \u010dl\u00e1nky<\/h2>\n        <li class=\" wp-block-navigation-item see-all-link wp-block-navigation-link\"><a class=\"wp-block-navigation-item__content\"  href=\"http:\/\/www.greenpeace.org\/slovakia\/news-stories\/?tag=spotreba\"><span class=\"wp-block-navigation-item__label\">See all stories<\/span><\/a><\/li>\n        \n        <\/div>\n        \n\n    <p style=\"margin-top: 24px; margin-bottom: 36px;\"><\/p>\n\n    \n\n    <ul class=\"wp-block-post-template is-layout-flow wp-block-post-template-is-layout-flow\"><li class=\"wp-block-post post-10025 post type-post status-publish format-standard has-post-thumbnail hentry category-energeticke-spolocenstva tag-klimatickakriza tag-energia tag-spotreba tag-energetickespolocenstva p4-page-type-tlacova-sprava\">\n            \n<div class=\"wp-block-columns is-layout-flex wp-container-core-columns-is-layout-9d6595d7 wp-block-columns-is-layout-flex\"><figure class=\"wp-block-post-featured-image\"><a href=\"https:\/\/www.greenpeace.org\/slovakia\/tlacova-sprava\/10025\/energeticke-spolocenstva-mozu-obciam-a-mestam-pomoct-usetrit-financie-zhoduju-sa-starostovia-obci-lozorno-a-modrovka\/\" target=\"_self\"  ><img loading=\"lazy\" decoding=\"async\" width=\"1920\" height=\"2560\" src=\"https:\/\/www.greenpeace.org\/static\/planet4-slovakia-stateless\/2025\/09\/2ae38c9f-img_4038-scaled.jpg\" class=\"attachment-post-thumbnail size-post-thumbnail wp-post-image wp-stateless-item\" alt=\"Energetick\u00e9 spolo\u010denstv\u00e1 m\u00f4\u017eu obciam a mest\u00e1m pom\u00f4c\u0165 u\u0161etri\u0165 financie &#8211; zhoduj\u00fa sa starostovia obc\u00ed Lozorno a Modrovka\" style=\"object-fit:cover;\" srcset=\"https:\/\/www.greenpeace.org\/static\/planet4-slovakia-stateless\/2025\/09\/2ae38c9f-img_4038-scaled.jpg 1920w, https:\/\/www.greenpeace.org\/static\/planet4-slovakia-stateless\/2025\/09\/2ae38c9f-img_4038-225x300.jpg 225w, https:\/\/www.greenpeace.org\/static\/planet4-slovakia-stateless\/2025\/09\/2ae38c9f-img_4038-768x1024.jpg 768w, https:\/\/www.greenpeace.org\/static\/planet4-slovakia-stateless\/2025\/09\/2ae38c9f-img_4038-1152x1536.jpg 1152w, https:\/\/www.greenpeace.org\/static\/planet4-slovakia-stateless\/2025\/09\/2ae38c9f-img_4038-1536x2048.jpg 1536w, https:\/\/www.greenpeace.org\/static\/planet4-slovakia-stateless\/2025\/09\/2ae38c9f-img_4038-1025x1366.jpg 1025w, https:\/\/www.greenpeace.org\/static\/planet4-slovakia-stateless\/2025\/09\/2ae38c9f-img_4038-255x340.jpg 255w\" sizes=\"auto, (max-width: 1920px) 100vw, 1920px\" data-image-size=\"post-thumbnail\" data-stateless-media-bucket=\"planet4-slovakia-stateless\" data-stateless-media-name=\"2025\/09\/2ae38c9f-img_4038-scaled.jpg\" \/><\/a><\/figure>\n\n        <div class=\"wp-block-group is-layout-flow wp-block-group-is-layout-flow\">\n                <div class=\"wp-block-group is-layout-flex wp-block-group-is-layout-flex\"><div class=\"wp-block-post-terms\"><a href=\"https:\/\/www.greenpeace.org\/slovakia\/category\/issues\/energeticke-spolocenstva\/\">Energetick\u00e9 spolo\u010denstv\u00e1<\/a><\/div>\n                <div class=\"taxonomy-post_tag wp-block-post-terms\"><a href=\"https:\/\/www.greenpeace.org\/slovakia\/tag\/klimatickakriza\/\" rel=\"tag\">Klimatick\u00e1Kr\u00edza<\/a><span class=\"wp-block-post-terms__separator\"> <\/span><a href=\"https:\/\/www.greenpeace.org\/slovakia\/tag\/energia\/\" rel=\"tag\">Energia<\/a><span class=\"wp-block-post-terms__separator\"> <\/span><a href=\"https:\/\/www.greenpeace.org\/slovakia\/tag\/spotreba\/\" rel=\"tag\">Spotreba<\/a><span class=\"wp-block-post-terms__separator\"> <\/span><a href=\"https:\/\/www.greenpeace.org\/slovakia\/tag\/energetickespolocenstva\/\" rel=\"tag\">Energetick\u00e9 spolo\u010denstv\u00e1<\/a><\/div>\n                \n                <\/div>\n                \n        <h3 class=\"wp-block-post-title\"><a href=\"https:\/\/www.greenpeace.org\/slovakia\/tlacova-sprava\/10025\/energeticke-spolocenstva-mozu-obciam-a-mestam-pomoct-usetrit-financie-zhoduju-sa-starostovia-obci-lozorno-a-modrovka\/\" target=\"_self\" >Energetick\u00e9 spolo\u010denstv\u00e1 m\u00f4\u017eu obciam a mest\u00e1m pom\u00f4c\u0165 u\u0161etri\u0165 financie &#8211; zhoduj\u00fa sa starostovia obc\u00ed Lozorno a Modrovka<\/a><\/h3>\n        <div class=\"wp-block-post-excerpt\"><p class=\"wp-block-post-excerpt__excerpt\">V s\u00fa\u010dasnosti zdie\u013ea na Slovensku elektrick\u00fa energiu viac ako 2600 odberate\u013eov, ktor\u00ed od za\u010diatku roka vyzdie\u013eali 2,5-kr\u00e1t viac elektriny ne\u017e v minulom roku. K tomuto trendu sa prid\u00e1vaj\u00fa aj slovensk\u00e9&hellip; <\/p><\/div>\n        \n        <div class=\"wp-block-group posts-list-meta is-layout-flow wp-block-group-is-layout-flow\"><span class='article-list-item-author'>Mirka \u00c1belov\u00e1<\/span>\n        <div class=\"wp-block-post-date\"><time datetime=\"2025-09-16T15:32:34+02:00\">16 septembra, 2025<\/time><\/div>\n        \n        <\/div>\n        <\/div>\n        <\/div>\n\n            <\/li><li class=\"wp-block-post post-9833 post type-post status-publish format-standard has-post-thumbnail hentry category-chran category-energeticke-spolocenstva category-zmen tag-energia tag-energetickespolocenstva tag-klimatickakriza tag-oceany tag-lesy tag-plasty tag-spotreba p4-page-type-tlacova-sprava\">\n            \n<div class=\"wp-block-columns is-layout-flex wp-container-core-columns-is-layout-9d6595d7 wp-block-columns-is-layout-flex\"><figure class=\"wp-block-post-featured-image\"><a href=\"https:\/\/www.greenpeace.org\/slovakia\/tlacova-sprava\/9833\/nove-znepokojujuce-varovanie-na-udrzanie-oteplenia-o-15-c-svetu-podla-vedcov-zostavaju-tri-roky\/\" target=\"_self\"  ><img loading=\"lazy\" decoding=\"async\" width=\"1080\" height=\"1350\" src=\"https:\/\/www.greenpeace.org\/static\/planet4-slovakia-stateless\/2025\/06\/d0c21f47-3-roky-na-zachranu-15-\u00b0c.png\" class=\"attachment-post-thumbnail size-post-thumbnail wp-post-image wp-stateless-item\" alt=\"Nov\u00e9 znepokojuj\u00face varovanie: na udr\u017eanie oteplenia o 1,5 \u00b0C svetu pod\u013ea vedcov zost\u00e1vaj\u00fa tri roky\" style=\"object-fit:cover;\" srcset=\"https:\/\/www.greenpeace.org\/static\/planet4-slovakia-stateless\/2025\/06\/d0c21f47-3-roky-na-zachranu-15-\u00b0c.png 1080w, https:\/\/www.greenpeace.org\/static\/planet4-slovakia-stateless\/2025\/06\/d0c21f47-3-roky-na-zachranu-15-\u00b0c-240x300.png 240w, https:\/\/www.greenpeace.org\/static\/planet4-slovakia-stateless\/2025\/06\/d0c21f47-3-roky-na-zachranu-15-\u00b0c-819x1024.png 819w, https:\/\/www.greenpeace.org\/static\/planet4-slovakia-stateless\/2025\/06\/d0c21f47-3-roky-na-zachranu-15-\u00b0c-768x960.png 768w, https:\/\/www.greenpeace.org\/static\/planet4-slovakia-stateless\/2025\/06\/d0c21f47-3-roky-na-zachranu-15-\u00b0c-272x340.png 272w\" sizes=\"auto, (max-width: 1080px) 100vw, 1080px\" data-image-size=\"post-thumbnail\" data-stateless-media-bucket=\"planet4-slovakia-stateless\" data-stateless-media-name=\"2025\/06\/d0c21f47-3-roky-na-zachranu-15-\u00b0c.png\" \/><\/a><\/figure>\n\n        <div class=\"wp-block-group is-layout-flow wp-block-group-is-layout-flow\">\n                <div class=\"wp-block-group is-layout-flex wp-block-group-is-layout-flex\"><div class=\"wp-block-post-terms\"><a href=\"https:\/\/www.greenpeace.org\/slovakia\/category\/issues\/chran\/\">Chr\u00e1\u0148<\/a><\/div>\n                <div class=\"taxonomy-post_tag wp-block-post-terms\"><a href=\"https:\/\/www.greenpeace.org\/slovakia\/tag\/energia\/\" rel=\"tag\">Energia<\/a><span class=\"wp-block-post-terms__separator\"> <\/span><a href=\"https:\/\/www.greenpeace.org\/slovakia\/tag\/energetickespolocenstva\/\" rel=\"tag\">Energetick\u00e9 spolo\u010denstv\u00e1<\/a><span class=\"wp-block-post-terms__separator\"> <\/span><a href=\"https:\/\/www.greenpeace.org\/slovakia\/tag\/klimatickakriza\/\" rel=\"tag\">Klimatick\u00e1Kr\u00edza<\/a><span class=\"wp-block-post-terms__separator\"> <\/span><a href=\"https:\/\/www.greenpeace.org\/slovakia\/tag\/oceany\/\" rel=\"tag\">Oce\u00e1ny<\/a><span class=\"wp-block-post-terms__separator\"> <\/span><a href=\"https:\/\/www.greenpeace.org\/slovakia\/tag\/lesy\/\" rel=\"tag\">Lesy<\/a><span class=\"wp-block-post-terms__separator\"> <\/span><a href=\"https:\/\/www.greenpeace.org\/slovakia\/tag\/plasty\/\" rel=\"tag\">Plasty<\/a><span class=\"wp-block-post-terms__separator\"> <\/span><a href=\"https:\/\/www.greenpeace.org\/slovakia\/tag\/spotreba\/\" rel=\"tag\">Spotreba<\/a><\/div>\n                \n                <\/div>\n                \n        <h3 class=\"wp-block-post-title\"><a href=\"https:\/\/www.greenpeace.org\/slovakia\/tlacova-sprava\/9833\/nove-znepokojujuce-varovanie-na-udrzanie-oteplenia-o-15-c-svetu-podla-vedcov-zostavaju-tri-roky\/\" target=\"_self\" >Nov\u00e9 znepokojuj\u00face varovanie: na udr\u017eanie oteplenia o 1,5 \u00b0C svetu pod\u013ea vedcov zost\u00e1vaj\u00fa tri roky<\/a><\/h3>\n        <div class=\"wp-block-post-excerpt\"><p class=\"wp-block-post-excerpt__excerpt\">Pod\u013ea nov\u00fdch vedeck\u00fdch \u00fadajov n\u00e1m zost\u00e1vaj\u00fa len tri roky na to, aby sme udr\u017eali cie\u013e Par\u00ed\u017eskej dohody o obmedzen\u00ed glob\u00e1lneho otep\u013eovania na 1,5 \u00b0C. V\u0161etky krajiny sveta, vr\u00e1tane Slovenska, musia&hellip; <\/p><\/div>\n        \n        <div class=\"wp-block-group posts-list-meta is-layout-flow wp-block-group-is-layout-flow\"><span class='article-list-item-author'>Mirka \u00c1belov\u00e1<\/span>\n        <div class=\"wp-block-post-date\"><time datetime=\"2025-06-20T11:43:18+02:00\">20 j\u00fana, 2025<\/time><\/div>\n        \n        <\/div>\n        <\/div>\n        <\/div>\n\n            <\/li><li class=\"wp-block-post post-9803 post type-post status-publish format-standard has-post-thumbnail hentry category-greenpeace tag-energia tag-toxickelatky tag-doprava tag-klimatickakriza tag-spotreba p4-page-type-clanok\">\n            \n<div class=\"wp-block-columns is-layout-flex wp-container-core-columns-is-layout-9d6595d7 wp-block-columns-is-layout-flex\"><figure class=\"wp-block-post-featured-image\"><a href=\"https:\/\/www.greenpeace.org\/slovakia\/clanok\/9803\/ake-environmentalne-problemy-so-sebou-prinasa-vyroba-baterii-v-madarsku-a-ake-poucenia-z-toho-si-moze-zobrat-slovensko\/\" target=\"_self\"  ><img loading=\"lazy\" decoding=\"async\" width=\"1536\" height=\"1024\" src=\"https:\/\/www.greenpeace.org\/static\/planet4-slovakia-stateless\/2025\/05\/26e4ccb4-photo_01.jpg\" class=\"attachment-post-thumbnail size-post-thumbnail wp-post-image wp-stateless-item\" alt=\"Ak\u00e9 environment\u00e1lne probl\u00e9my so sebou prin\u00e1\u0161a v\u00fdroba bat\u00e9ri\u00ed v Ma\u010farsku? (a ak\u00e9 pou\u010denia z toho si m\u00f4\u017ee zobra\u0165 Slovensko)\" style=\"object-fit:cover;\" srcset=\"https:\/\/www.greenpeace.org\/static\/planet4-slovakia-stateless\/2025\/05\/26e4ccb4-photo_01.jpg 1536w, https:\/\/www.greenpeace.org\/static\/planet4-slovakia-stateless\/2025\/05\/26e4ccb4-photo_01-300x200.jpg 300w, https:\/\/www.greenpeace.org\/static\/planet4-slovakia-stateless\/2025\/05\/26e4ccb4-photo_01-1024x683.jpg 1024w, https:\/\/www.greenpeace.org\/static\/planet4-slovakia-stateless\/2025\/05\/26e4ccb4-photo_01-768x512.jpg 768w, https:\/\/www.greenpeace.org\/static\/planet4-slovakia-stateless\/2025\/05\/26e4ccb4-photo_01-510x340.jpg 510w\" sizes=\"auto, (max-width: 1536px) 100vw, 1536px\" data-image-size=\"post-thumbnail\" data-stateless-media-bucket=\"planet4-slovakia-stateless\" data-stateless-media-name=\"2025\/05\/26e4ccb4-photo_01.jpg\" \/><\/a><\/figure>\n\n        <div class=\"wp-block-group is-layout-flow wp-block-group-is-layout-flow\">\n                <div class=\"wp-block-group is-layout-flex wp-block-group-is-layout-flex\"><div class=\"wp-block-post-terms\"><a href=\"https:\/\/www.greenpeace.org\/slovakia\/category\/greenpeace\/\">Greenpeace<\/a><\/div>\n                <div class=\"taxonomy-post_tag wp-block-post-terms\"><a href=\"https:\/\/www.greenpeace.org\/slovakia\/tag\/energia\/\" rel=\"tag\">Energia<\/a><span class=\"wp-block-post-terms__separator\"> <\/span><a href=\"https:\/\/www.greenpeace.org\/slovakia\/tag\/toxickelatky\/\" rel=\"tag\">Toxick\u00e9L\u00e1tky<\/a><span class=\"wp-block-post-terms__separator\"> <\/span><a href=\"https:\/\/www.greenpeace.org\/slovakia\/tag\/doprava\/\" rel=\"tag\">Doprava<\/a><span class=\"wp-block-post-terms__separator\"> <\/span><a href=\"https:\/\/www.greenpeace.org\/slovakia\/tag\/klimatickakriza\/\" rel=\"tag\">Klimatick\u00e1Kr\u00edza<\/a><span class=\"wp-block-post-terms__separator\"> <\/span><a href=\"https:\/\/www.greenpeace.org\/slovakia\/tag\/spotreba\/\" rel=\"tag\">Spotreba<\/a><\/div>\n                \n                <\/div>\n                \n        <h3 class=\"wp-block-post-title\"><a href=\"https:\/\/www.greenpeace.org\/slovakia\/clanok\/9803\/ake-environmentalne-problemy-so-sebou-prinasa-vyroba-baterii-v-madarsku-a-ake-poucenia-z-toho-si-moze-zobrat-slovensko\/\" target=\"_self\" >Ak\u00e9 environment\u00e1lne probl\u00e9my so sebou prin\u00e1\u0161a v\u00fdroba bat\u00e9ri\u00ed v Ma\u010farsku? (a ak\u00e9 pou\u010denia z toho si m\u00f4\u017ee zobra\u0165 Slovensko)<\/a><\/h3>\n        <div class=\"wp-block-post-excerpt\"><p class=\"wp-block-post-excerpt__excerpt\">V Ma\u010farsku narast\u00e1 po\u010det protestov miestnych obyvate\u013eov proti nov\u00fdm tov\u00e1r\u0148am na v\u00fdrobu bat\u00e9ri\u00ed, ktor\u00e9 vl\u00e1da \u010dasto ozna\u010duje za invest\u00edcie strategick\u00e9ho v\u00fdznamu. Toto ozna\u010denie v\u0161ak znamen\u00e1, \u017ee investori z\u00edskavaj\u00fa v\u00fdhody v&hellip; <\/p><\/div>\n        \n        <div class=\"wp-block-group posts-list-meta is-layout-flow wp-block-group-is-layout-flow\"><span class='article-list-item-author'>Mirka \u00c1belov\u00e1<\/span>\n        <div class=\"wp-block-post-date\"><time datetime=\"2025-05-13T14:39:49+02:00\">13 m\u00e1ja, 2025<\/time><\/div>\n        \n        <\/div>\n        <\/div>\n        <\/div>\n\n            <\/li><\/ul>\n\n    \n<div class=\"wp-block-buttons carousel-controls is-horizontal is-content-justification-space-between is-nowrap is-layout-flex wp-container-core-buttons-is-layout-044bd602 wp-block-buttons-is-layout-flex\">\n            <div class=\"wp-block-button carousel-control-prev\"><button type=\"button\" class=\"wp-block-button__link wp-element-button\">Prev<\/button><\/div>\n        \n\n            <div class=\"wp-block-button carousel-control-next\"><button type=\"button\" class=\"wp-block-button__link wp-element-button\">Next<\/button><\/div>\n        <\/div>\n\n\n    <li class=\" wp-block-navigation-item see-all-link wp-block-navigation-link\"><a class=\"wp-block-navigation-item__content\"  href=\"http:\/\/www.greenpeace.org\/slovakia\/news-stories\/?tag=spotreba\"><span class=\"wp-block-navigation-item__label\">See all stories<\/span><\/a><\/li><\/div>\n    \n    <div class=\"wp-block-query posts-list p4-query-loop is-custom-layout-grid is-layout-grid wp-container-core-query-is-layout-b8bb0bd1 wp-block-query-is-layout-grid\">\n        <div class=\"wp-block-group is-content-justification-space-between is-layout-flex wp-container-core-group-is-layout-3d213aab wp-block-group-is-layout-flex\"><h2 class=\"wp-block-heading\">Publications<\/h2>\n        <li class=\" wp-block-navigation-item see-all-link wp-block-navigation-link\"><a class=\"wp-block-navigation-item__content\"  href=\"http:\/\/www.greenpeace.org\/slovakia\/news-stories\/?tag=spotreba&#038;post-type=\"><span class=\"wp-block-navigation-item__label\">See all stories<\/span><\/a><\/li>\n        \n        <\/div>\n        \n\n    <p style=\"margin-top: 24px; margin-bottom: 36px;\"><\/p>\n\n    <div class=\"wp-block-query-no-results\">\n        <p style=\"\">No posts found.<\/p>\n        <\/div>\n\n    \n\n    \n<div class=\"wp-block-buttons carousel-controls is-horizontal is-content-justification-space-between is-nowrap is-layout-flex wp-container-core-buttons-is-layout-044bd602 wp-block-buttons-is-layout-flex\">\n            <div class=\"wp-block-button carousel-control-prev\"><button type=\"button\" class=\"wp-block-button__link wp-element-button\">Prev<\/button><\/div>\n        \n\n            <div class=\"wp-block-button carousel-control-next\"><button type=\"button\" class=\"wp-block-button__link wp-element-button\">Next<\/button><\/div>\n        <\/div>\n\n\n    <li class=\" wp-block-navigation-item see-all-link wp-block-navigation-link\"><a class=\"wp-block-navigation-item__content\"  href=\"http:\/\/www.greenpeace.org\/slovakia\/news-stories\/?tag=spotreba&#038;post-type=\"><span class=\"wp-block-navigation-item__label\">See all stories<\/span><\/a><\/li><\/div>\n    <div data-render=\"planet4-blocks\/happypoint\" data-attributes=\"{&quot;attributes&quot;:{&quot;mailing_list_iframe&quot;:true,&quot;opacity&quot;:30,&quot;override_default_content&quot;:false,&quot;local_content_provider&quot;:&quot;none&quot;}}\"><\/div>","protected":false},"excerpt":{"rendered":"","protected":false},"author":1,"featured_media":0,"parent":0,"menu_order":0,"comment_status":"closed","ping_status":"closed","template":"","meta":{"ep_exclude_from_search":false,"p4_hide_page_title_checkbox":"","p4_title":"","p4_subtitle":"","p4_description":"","background_image_id":"","background_image":"","p4_button_title":"","p4_button_link":"","p4_button_link_checkbox":"","p4_og_title":"","p4_og_description":"","p4_og_image":"","p4_og_image_id":"","p4_seo_canonical_url":"","p4_campaign_name":"","p4_local_project":"","p4_basket_name":"","p4_department":"","footnotes":""},"categories":[],"tags":[],"class_list":["post-992","page","type-page","status-publish","hentry"],"_links":{"self":[{"href":"https:\/\/www.greenpeace.org\/slovakia\/wp-json\/wp\/v2\/pages\/992","targetHints":{"allow":["GET"]}}],"collection":[{"href":"https:\/\/www.greenpeace.org\/slovakia\/wp-json\/wp\/v2\/pages"}],"about":[{"href":"https:\/\/www.greenpeace.org\/slovakia\/wp-json\/wp\/v2\/types\/page"}],"author":[{"embeddable":true,"href":"https:\/\/www.greenpeace.org\/slovakia\/wp-json\/wp\/v2\/users\/1"}],"replies":[{"embeddable":true,"href":"https:\/\/www.greenpeace.org\/slovakia\/wp-json\/wp\/v2\/comments?post=992"}],"version-history":[{"count":13,"href":"https:\/\/www.greenpeace.org\/slovakia\/wp-json\/wp\/v2\/pages\/992\/revisions"}],"predecessor-version":[{"id":10196,"href":"https:\/\/www.greenpeace.org\/slovakia\/wp-json\/wp\/v2\/pages\/992\/revisions\/10196"}],"wp:attachment":[{"href":"https:\/\/www.greenpeace.org\/slovakia\/wp-json\/wp\/v2\/media?parent=992"}],"wp:term":[{"taxonomy":"category","embeddable":true,"href":"https:\/\/www.greenpeace.org\/slovakia\/wp-json\/wp\/v2\/categories?post=992"},{"taxonomy":"post_tag","embeddable":true,"href":"https:\/\/www.greenpeace.org\/slovakia\/wp-json\/wp\/v2\/tags?post=992"}],"curies":[{"name":"wp","href":"https:\/\/api.w.org\/{rel}","templated":true}]}}