{"id":11,"date":"2018-05-08T14:32:52","date_gmt":"2018-05-08T14:32:52","guid":{"rendered":"https:\/\/k8s.p4.greenpeace.org\/defaultcontent\/?page_id=11"},"modified":"2024-11-13T15:35:20","modified_gmt":"2024-11-13T15:35:20","slug":"razisci","status":"publish","type":"page","link":"https:\/\/www.greenpeace.org\/slovenia\/razisci\/","title":{"rendered":"Razi\u0161\u010di"},"content":{"rendered":"\n                \n                <div class=\"wp-block-group alignfull is-layout-flow wp-block-group-is-layout-flow\">\n                \n                <div class=\"wp-block-group container is-layout-flow wp-block-group-is-layout-flow\">\n                \n                <div class=\"wp-block-media-text alignfull has-media-on-the-right is-stacked-on-mobile is-pattern-p4-page-header is-style-parallax\">\n\n                <div class=\"wp-block-media-text__content\">\n                    <div class=\"wp-block-group is-layout-flow wp-block-group-is-layout-flow\">\n                    \n                        <h1 class=\"wp-block-heading has-white-background-color has-background\">\n                            Pravica za ljudi in planet\n                        <\/h1>\n                    <\/div>\n                \n\n                \n                        <p style=\"font-size:1.25rem\">\n                            Tu smo zato, da izpostavljamo okoljske zlo\u010dine in da oporekamo vladam ter korporacijam, ko se ne izka\u017eejo vredne svojemu pooblastilu za varovanje na\u0161ega okolja in na\u0161e prihodnosti.\n                        <\/p>\n                    \n\n                \n\n                <\/div>\n                <figure class=\"wp-block-media-text__media\">\n                    <img loading=\"lazy\" decoding=\"async\" width=\"1199\" height=\"789\"\n                        src=\"https:\/\/www.greenpeace.org\/static\/planet4-slovenia-stateless\/2019\/05\/08501f4a-gp0679.jpg\"\n                        alt=\"\"\n                        sizes=\"auto, (min-width: 601px) 50vw, 100vw\" srcset=\"https:\/\/www.greenpeace.org\/static\/planet4-slovenia-stateless\/2019\/05\/08501f4a-gp0679.jpg 1199w, https:\/\/www.greenpeace.org\/static\/planet4-slovenia-stateless\/2019\/05\/08501f4a-gp0679-300x197.jpg 300w, https:\/\/www.greenpeace.org\/static\/planet4-slovenia-stateless\/2019\/05\/08501f4a-gp0679-768x505.jpg 768w, https:\/\/www.greenpeace.org\/static\/planet4-slovenia-stateless\/2019\/05\/08501f4a-gp0679-1024x674.jpg 1024w, https:\/\/www.greenpeace.org\/static\/planet4-slovenia-stateless\/2019\/05\/08501f4a-gp0679-510x336.jpg 510w\" class=\"wp-image-1818 size-full\"\n                    \/>\n                <\/figure>\n                <\/div>\n                \n                <\/div>\n                \n                <\/div>\n                \n                \n<div class=\"wp-block-columns is-layout-flex wp-container-core-columns-is-layout-9d6595d7 wp-block-columns-is-layout-flex\">\n<div class=\"wp-block-column is-vertically-aligned-center is-layout-flow wp-block-column-is-layout-flow\">\n        <div class=\"wp-block-media-text is-stacked-on-mobile\"><figure class=\"wp-block-media-text__media\"><img loading=\"lazy\" decoding=\"async\" width=\"1199\" height=\"899\" src=\"https:\/\/www.greenpeace.org\/static\/planet4-slovenia-stateless\/2019\/05\/1652c3e1-gp0stsxnj.jpg\" alt=\"\" sizes=\"auto, (min-width: 1600px) calc((1320px - 24px) \/ 2),(min-width: 1200px) calc((1140px - 24px) \/ 2),(min-width: 992px) calc((960px - 24px) \/ 2),(min-width: 768px) calc((720px - 24px) \/ 2),(min-width: 601px) calc((540px - 24px) \/ 2),(min-width: 577px) calc((540px - 24px) \/ 1), calc(100vw - 24px)\" srcset=\"https:\/\/www.greenpeace.org\/static\/planet4-slovenia-stateless\/2019\/05\/1652c3e1-gp0stsxnj.jpg 1199w, https:\/\/www.greenpeace.org\/static\/planet4-slovenia-stateless\/2019\/05\/1652c3e1-gp0stsxnj-300x225.jpg 300w, https:\/\/www.greenpeace.org\/static\/planet4-slovenia-stateless\/2019\/05\/1652c3e1-gp0stsxnj-768x576.jpg 768w, https:\/\/www.greenpeace.org\/static\/planet4-slovenia-stateless\/2019\/05\/1652c3e1-gp0stsxnj-1024x768.jpg 1024w, https:\/\/www.greenpeace.org\/static\/planet4-slovenia-stateless\/2019\/05\/1652c3e1-gp0stsxnj-453x340.jpg 453w\" class=\"wp-image-1767 size-full\"\/><\/figure><div class=\"wp-block-media-text__content\"><h3 class=\"wp-block-heading\">Podnebje<\/h3>\n\n        <p>Podnebje se spreminja. Izzivamo mo\u010d fosilnih korporacij, krepimo podporo obnovljivi energiji in&hellip;<\/p>\n\n        <p><a href=\"https:\/\/www.greenpeace.org\/slovenia\/razisci\/podnebje\/\">Izvedi ve\u010d o tej temi<\/a><\/p><\/div><\/div>\n        \n<\/div>\n\n\n<div class=\"wp-block-column is-vertically-aligned-center is-layout-flow wp-block-column-is-layout-flow\">\n        <div class=\"wp-block-media-text is-stacked-on-mobile\"><figure class=\"wp-block-media-text__media\"><img loading=\"lazy\" decoding=\"async\" width=\"2560\" height=\"1707\" src=\"https:\/\/www.greenpeace.org\/static\/planet4-slovenia-stateless\/2022\/03\/9924247c-gp0stpr0k-scaled.jpg\" alt=\"\" sizes=\"auto, (min-width: 1600px) calc((1320px - 24px) \/ 2),(min-width: 1200px) calc((1140px - 24px) \/ 2),(min-width: 992px) calc((960px - 24px) \/ 2),(min-width: 768px) calc((720px - 24px) \/ 2),(min-width: 601px) calc((540px - 24px) \/ 2),(min-width: 577px) calc((540px - 24px) \/ 1), calc(100vw - 24px)\" srcset=\"https:\/\/www.greenpeace.org\/static\/planet4-slovenia-stateless\/2022\/03\/9924247c-gp0stpr0k-scaled.jpg 2560w, https:\/\/www.greenpeace.org\/static\/planet4-slovenia-stateless\/2022\/03\/9924247c-gp0stpr0k-300x200.jpg 300w, https:\/\/www.greenpeace.org\/static\/planet4-slovenia-stateless\/2022\/03\/9924247c-gp0stpr0k-1024x683.jpg 1024w, https:\/\/www.greenpeace.org\/static\/planet4-slovenia-stateless\/2022\/03\/9924247c-gp0stpr0k-768x512.jpg 768w, https:\/\/www.greenpeace.org\/static\/planet4-slovenia-stateless\/2022\/03\/9924247c-gp0stpr0k-1536x1024.jpg 1536w, https:\/\/www.greenpeace.org\/static\/planet4-slovenia-stateless\/2022\/03\/9924247c-gp0stpr0k-2048x1366.jpg 2048w, https:\/\/www.greenpeace.org\/static\/planet4-slovenia-stateless\/2022\/03\/9924247c-gp0stpr0k-510x340.jpg 510w\" class=\"wp-image-49663 size-full\"\/><\/figure><div class=\"wp-block-media-text__content\"><h3 class=\"wp-block-heading\">#Podnebje<\/h3>\n\n        <p>Smo na razpotju. \u010ce kot globalna skupnost ukrepa zdaj, lahko ohranimo dvig&hellip;<\/p>\n\n        \n<div class=\"wp-block-buttons carousel-controls is-layout-flex wp-block-buttons-is-layout-flex\">\n            <div class=\"wp-block-button is-style-cta\"><a target=\"_self\" href=\"https:\/\/www.greenpeace.org\/slovenia\/razisci\/podnebje\/\" class=\"wp-block-button__link wp-element-button\" rel=\"noopener\">Na\u0161a vizija in zadnje objave<\/a><\/div>\n        \n<\/div>\n<\/div><\/div>\n        \n<\/div>\n<\/div>\n\n<div class=\"wp-block-columns is-layout-flex wp-container-core-columns-is-layout-9d6595d7 wp-block-columns-is-layout-flex\">\n<div class=\"wp-block-column is-vertically-aligned-center is-layout-flow wp-block-column-is-layout-flow\">\n        <div class=\"wp-block-media-text is-stacked-on-mobile\"><figure class=\"wp-block-media-text__media\"><img loading=\"lazy\" decoding=\"async\" width=\"1200\" height=\"800\" src=\"https:\/\/www.greenpeace.org\/static\/planet4-slovenia-stateless\/2020\/08\/db8cd86c-gp0jzh.jpg\" alt=\"\" sizes=\"auto, (min-width: 1600px) calc((1320px - 24px) \/ 2),(min-width: 1200px) calc((1140px - 24px) \/ 2),(min-width: 992px) calc((960px - 24px) \/ 2),(min-width: 768px) calc((720px - 24px) \/ 2),(min-width: 601px) calc((540px - 24px) \/ 2),(min-width: 577px) calc((540px - 24px) \/ 1), calc(100vw - 24px)\" srcset=\"https:\/\/www.greenpeace.org\/static\/planet4-slovenia-stateless\/2020\/08\/db8cd86c-gp0jzh.jpg 1200w, https:\/\/www.greenpeace.org\/static\/planet4-slovenia-stateless\/2020\/08\/db8cd86c-gp0jzh-300x200.jpg 300w, https:\/\/www.greenpeace.org\/static\/planet4-slovenia-stateless\/2020\/08\/db8cd86c-gp0jzh-1024x683.jpg 1024w, https:\/\/www.greenpeace.org\/static\/planet4-slovenia-stateless\/2020\/08\/db8cd86c-gp0jzh-768x512.jpg 768w, https:\/\/www.greenpeace.org\/static\/planet4-slovenia-stateless\/2020\/08\/db8cd86c-gp0jzh-510x340.jpg 510w\" class=\"wp-image-3310 size-full\"\/><\/figure><div class=\"wp-block-media-text__content\"><h3 class=\"wp-block-heading\">Narava<\/h3>\n\n        <p>S poudarkom na velikih svetovnih gozdovih in oceanih \u017eelimo ohraniti, za\u0161\u010dititi in&hellip;<\/p>\n\n        <p><a href=\"https:\/\/www.greenpeace.org\/slovenia\/razisci\/narava\/\">Izvedi ve\u010d o tej temi<\/a><\/p><\/div><\/div>\n        \n<\/div>\n\n\n<div class=\"wp-block-column is-vertically-aligned-center is-layout-flow wp-block-column-is-layout-flow\">\n        <div class=\"wp-block-media-text is-stacked-on-mobile\"><figure class=\"wp-block-media-text__media\"><img loading=\"lazy\" decoding=\"async\" width=\"2560\" height=\"1707\" src=\"https:\/\/www.greenpeace.org\/static\/planet4-slovenia-stateless\/2020\/08\/77677cb8-gp0stttl7_high_res-scaled.jpg\" alt=\"\" sizes=\"auto, (min-width: 1600px) calc((1320px - 24px) \/ 2),(min-width: 1200px) calc((1140px - 24px) \/ 2),(min-width: 992px) calc((960px - 24px) \/ 2),(min-width: 768px) calc((720px - 24px) \/ 2),(min-width: 601px) calc((540px - 24px) \/ 2),(min-width: 577px) calc((540px - 24px) \/ 1), calc(100vw - 24px)\" srcset=\"https:\/\/www.greenpeace.org\/static\/planet4-slovenia-stateless\/2020\/08\/77677cb8-gp0stttl7_high_res-scaled.jpg 2560w, https:\/\/www.greenpeace.org\/static\/planet4-slovenia-stateless\/2020\/08\/77677cb8-gp0stttl7_high_res-300x200.jpg 300w, https:\/\/www.greenpeace.org\/static\/planet4-slovenia-stateless\/2020\/08\/77677cb8-gp0stttl7_high_res-1024x683.jpg 1024w, https:\/\/www.greenpeace.org\/static\/planet4-slovenia-stateless\/2020\/08\/77677cb8-gp0stttl7_high_res-768x512.jpg 768w, https:\/\/www.greenpeace.org\/static\/planet4-slovenia-stateless\/2020\/08\/77677cb8-gp0stttl7_high_res-1536x1024.jpg 1536w, https:\/\/www.greenpeace.org\/static\/planet4-slovenia-stateless\/2020\/08\/77677cb8-gp0stttl7_high_res-2048x1366.jpg 2048w, https:\/\/www.greenpeace.org\/static\/planet4-slovenia-stateless\/2020\/08\/77677cb8-gp0stttl7_high_res-510x340.jpg 510w\" class=\"wp-image-3338 size-full\"\/><\/figure><div class=\"wp-block-media-text__content\"><h3 class=\"wp-block-heading\">#Amazonija<\/h3>\n\n        <p>Ta neprecenljivi ekosistem je vse bolj podvr\u017een brutalnemu kr\u010denju in po\u017eiganju! Skupaj&hellip;<\/p>\n\n        \n<div class=\"wp-block-buttons carousel-controls is-layout-flex wp-block-buttons-is-layout-flex\">\n            <div class=\"wp-block-button is-style-cta\"><a target=\"_self\" href=\"https:\/\/act.greenpeace.si\/64968\" class=\"wp-block-button__link wp-element-button\" rel=\"noopener\">Pridru\u017ei se<\/a><\/div>\n        \n<\/div>\n<\/div><\/div>\n        \n<\/div>\n<\/div>\n\n<div class=\"wp-block-columns is-layout-flex wp-container-core-columns-is-layout-9d6595d7 wp-block-columns-is-layout-flex\">\n<div class=\"wp-block-column is-vertically-aligned-center is-layout-flow wp-block-column-is-layout-flow\">\n        <div class=\"wp-block-media-text is-stacked-on-mobile\"><figure class=\"wp-block-media-text__media\"><img loading=\"lazy\" decoding=\"async\" width=\"1200\" height=\"801\" src=\"https:\/\/www.greenpeace.org\/static\/planet4-slovenia-stateless\/2019\/04\/8dea7e53-gp0stphkz.jpg\" alt=\"\" sizes=\"auto, (min-width: 1600px) calc((1320px - 24px) \/ 2),(min-width: 1200px) calc((1140px - 24px) \/ 2),(min-width: 992px) calc((960px - 24px) \/ 2),(min-width: 768px) calc((720px - 24px) \/ 2),(min-width: 601px) calc((540px - 24px) \/ 2),(min-width: 577px) calc((540px - 24px) \/ 1), calc(100vw - 24px)\" srcset=\"https:\/\/www.greenpeace.org\/static\/planet4-slovenia-stateless\/2019\/04\/8dea7e53-gp0stphkz.jpg 1200w, https:\/\/www.greenpeace.org\/static\/planet4-slovenia-stateless\/2019\/04\/8dea7e53-gp0stphkz-300x200.jpg 300w, https:\/\/www.greenpeace.org\/static\/planet4-slovenia-stateless\/2019\/04\/8dea7e53-gp0stphkz-768x513.jpg 768w, https:\/\/www.greenpeace.org\/static\/planet4-slovenia-stateless\/2019\/04\/8dea7e53-gp0stphkz-1024x684.jpg 1024w, https:\/\/www.greenpeace.org\/static\/planet4-slovenia-stateless\/2019\/04\/8dea7e53-gp0stphkz-510x340.jpg 510w\" class=\"wp-image-1379 size-full\"\/><\/figure><div class=\"wp-block-media-text__content\"><h3 class=\"wp-block-heading\">Prekomerna potro\u0161nja<\/h3>\n\n        <p>Kupi, uporabi, zavrzi. Hitra hrana, hitra moda, plastika za enkratno uporabo in&hellip;<\/p>\n\n        <p><a href=\"https:\/\/www.greenpeace.org\/slovenia\/razisci\/prekomerna-potrosnja\/\">Izvedi ve\u010d o tej temi<\/a><\/p><\/div><\/div>\n        \n<\/div>\n\n\n<div class=\"wp-block-column is-vertically-aligned-center is-layout-flow wp-block-column-is-layout-flow\">\n        <div class=\"wp-block-media-text is-stacked-on-mobile\"><figure class=\"wp-block-media-text__media\"><img loading=\"lazy\" decoding=\"async\" width=\"1200\" height=\"800\" src=\"https:\/\/www.greenpeace.org\/static\/planet4-slovenia-stateless\/2019\/04\/2ab82dba-gp0stsaqc.jpg\" alt=\"\" sizes=\"auto, (min-width: 1600px) calc((1320px - 24px) \/ 2),(min-width: 1200px) calc((1140px - 24px) \/ 2),(min-width: 992px) calc((960px - 24px) \/ 2),(min-width: 768px) calc((720px - 24px) \/ 2),(min-width: 601px) calc((540px - 24px) \/ 2),(min-width: 577px) calc((540px - 24px) \/ 1), calc(100vw - 24px)\" srcset=\"https:\/\/www.greenpeace.org\/static\/planet4-slovenia-stateless\/2019\/04\/2ab82dba-gp0stsaqc.jpg 1200w, https:\/\/www.greenpeace.org\/static\/planet4-slovenia-stateless\/2019\/04\/2ab82dba-gp0stsaqc-300x200.jpg 300w, https:\/\/www.greenpeace.org\/static\/planet4-slovenia-stateless\/2019\/04\/2ab82dba-gp0stsaqc-768x512.jpg 768w, https:\/\/www.greenpeace.org\/static\/planet4-slovenia-stateless\/2019\/04\/2ab82dba-gp0stsaqc-1024x683.jpg 1024w, https:\/\/www.greenpeace.org\/static\/planet4-slovenia-stateless\/2019\/04\/2ab82dba-gp0stsaqc-510x340.jpg 510w\" class=\"wp-image-1334 size-full\"\/><\/figure><div class=\"wp-block-media-text__content\"><h3 class=\"wp-block-heading\">#Plastika<\/h3>\n\n        <p>Pozivamo ljudi po vsem svetu, da spodbujajo trgovce, korporacije in podjetja k&hellip;<\/p>\n\n        \n<div class=\"wp-block-buttons carousel-controls is-layout-flex wp-block-buttons-is-layout-flex\">\n            <div class=\"wp-block-button is-style-cta\"><a target=\"_self\" href=\"https:\/\/www.greenpeace.org\/slovenia\/tag\/plastika\/\" class=\"wp-block-button__link wp-element-button\" rel=\"noopener\">Pridru\u017ei se<\/a><\/div>\n        \n<\/div>\n<\/div><\/div>\n        \n<\/div>\n<\/div>\n<div data-render=\"planet4-blocks\/happypoint\" data-attributes=\"{&quot;attributes&quot;:{&quot;focus_image&quot;:&quot;50% 50%&quot;,&quot;opacity&quot;:21,&quot;id&quot;:1725,&quot;override_default_content&quot;:true,&quot;local_content_provider&quot;:&quot;embed_code&quot;}}\"><\/div>","protected":false},"excerpt":{"rendered":"<p>Podnebje Podnebje se spreminja. Izzivamo mo\u010d fosilnih korporacij, krepimo podporo obnovljivi energiji in&hellip; Izvedi ve\u010d o tej temi #Podnebje Smo na razpotju. \u010ce kot globalna skupnost ukrepa zdaj, lahko ohranimo dvig&hellip; Narava S poudarkom na velikih svetovnih gozdovih in oceanih \u017eelimo ohraniti, za\u0161\u010dititi in&hellip; Izvedi ve\u010d o tej temi #Amazonija Ta neprecenljivi ekosistem je vse [&hellip;]<\/p>\n","protected":false},"author":1,"featured_media":0,"parent":0,"menu_order":0,"comment_status":"closed","ping_status":"closed","template":"","meta":{"ep_exclude_from_search":false,"p4_hide_page_title_checkbox":"on","p4_title":"","p4_subtitle":"","p4_description":"","background_image_id":"","background_image":"","p4_button_title":"","p4_button_link":"","p4_button_link_checkbox":"","p4_og_title":"","p4_og_description":"","p4_og_image":"","p4_og_image_id":"","p4_seo_canonical_url":"","p4_campaign_name":"not set","p4_local_project":"not set","p4_basket_name":"not set","p4_department":"","footnotes":""},"categories":[],"tags":[],"class_list":["post-11","page","type-page","status-publish","hentry"],"_links":{"self":[{"href":"https:\/\/www.greenpeace.org\/slovenia\/wp-json\/wp\/v2\/pages\/11","targetHints":{"allow":["GET"]}}],"collection":[{"href":"https:\/\/www.greenpeace.org\/slovenia\/wp-json\/wp\/v2\/pages"}],"about":[{"href":"https:\/\/www.greenpeace.org\/slovenia\/wp-json\/wp\/v2\/types\/page"}],"author":[{"embeddable":true,"href":"https:\/\/www.greenpeace.org\/slovenia\/wp-json\/wp\/v2\/users\/1"}],"replies":[{"embeddable":true,"href":"https:\/\/www.greenpeace.org\/slovenia\/wp-json\/wp\/v2\/comments?post=11"}],"version-history":[{"count":20,"href":"https:\/\/www.greenpeace.org\/slovenia\/wp-json\/wp\/v2\/pages\/11\/revisions"}],"predecessor-version":[{"id":52028,"href":"https:\/\/www.greenpeace.org\/slovenia\/wp-json\/wp\/v2\/pages\/11\/revisions\/52028"}],"wp:attachment":[{"href":"https:\/\/www.greenpeace.org\/slovenia\/wp-json\/wp\/v2\/media?parent=11"}],"wp:term":[{"taxonomy":"category","embeddable":true,"href":"https:\/\/www.greenpeace.org\/slovenia\/wp-json\/wp\/v2\/categories?post=11"},{"taxonomy":"post_tag","embeddable":true,"href":"https:\/\/www.greenpeace.org\/slovenia\/wp-json\/wp\/v2\/tags?post=11"}],"curies":[{"name":"wp","href":"https:\/\/api.w.org\/{rel}","templated":true}]}}