{"id":1484,"date":"2019-04-10T13:26:46","date_gmt":"2019-04-10T13:26:46","guid":{"rendered":"https:\/\/master.k8s.p4.greenpeace.org\/slovenia\/?page_id=1484"},"modified":"2025-06-23T16:44:43","modified_gmt":"2025-06-23T14:44:43","slug":"kontakt","status":"publish","type":"page","link":"https:\/\/www.greenpeace.org\/slovenia\/kontakt\/","title":{"rendered":"Kontakt"},"content":{"rendered":"\n                \n                <div class=\"wp-block-group alignfull is-layout-flow wp-block-group-is-layout-flow\">\n                \n                <div class=\"wp-block-group container is-layout-flow wp-block-group-is-layout-flow\">\n                \n                <div class=\"wp-block-media-text alignfull has-media-on-the-right is-stacked-on-mobile is-pattern-p4-page-header is-style-parallax\">\n\n                <div class=\"wp-block-media-text__content\">\n                    <div class=\"wp-block-group is-layout-flow wp-block-group-is-layout-flow\">\n                    \n                        <h1 class=\"wp-block-heading has-white-background-color has-background\">\n                            Kontaktni podatki\n                        <\/h1>\n                    <\/div>\n                \n\n                \n                        <p style=\"font-size:1.25rem\">\n                            Na spletni strani ne najdete, kar i\u0161\u010dete? Stopite z nami v direktni stik! Va\u0161a vpra\u0161anja nas spodbujajo k temu, da smo \u0161e bolj\u0161i! Veseli bomo tudi va\u0161ih idej in predlogov.\n                        <\/p>\n                    \n\n                \n\n                <\/div>\n                <figure class=\"wp-block-media-text__media\">\n                    <img loading=\"lazy\" decoding=\"async\" width=\"1080\" height=\"728\"\n                        src=\"https:\/\/www.greenpeace.org\/static\/planet4-slovenia-stateless\/2023\/04\/e312d981-office1.png\"\n                        alt=\"\"\n                        sizes=\"auto, (min-width: 601px) 50vw, 100vw\" srcset=\"https:\/\/www.greenpeace.org\/static\/planet4-slovenia-stateless\/2023\/04\/e312d981-office1.png 1080w, https:\/\/www.greenpeace.org\/static\/planet4-slovenia-stateless\/2023\/04\/e312d981-office1-300x202.png 300w, https:\/\/www.greenpeace.org\/static\/planet4-slovenia-stateless\/2023\/04\/e312d981-office1-1024x690.png 1024w, https:\/\/www.greenpeace.org\/static\/planet4-slovenia-stateless\/2023\/04\/e312d981-office1-768x518.png 768w, https:\/\/www.greenpeace.org\/static\/planet4-slovenia-stateless\/2023\/04\/e312d981-office1-504x340.png 504w\" class=\"wp-image-50183 size-full\"\n                    \/>\n                <\/figure>\n                <\/div>\n                \n                <\/div>\n                \n                <\/div>\n                \n                \n<h3 class=\"wp-block-heading\"><strong>Greenpeace v Sloveniji<\/strong><\/h3>\n\n<p><strong>Naslov<\/strong>: Kotnikova 28, 1000 Ljubljana, Slovenija<\/p>\n\n<p><strong>Telefon: +386 30 404 144<\/strong><\/p>\n\n<p><strong>Elektronska po\u0161ta<\/strong>:&nbsp;<a href=\"mailto:info.si@greenpeace.org\">info.si@greenpeace.org<\/a><\/p>\n\n<hr class=\"wp-block-separator has-alpha-channel-opacity\"\/>\n\n<p>Uradni zastopnik organizacije&nbsp;Greenpeace v Sloveniji&nbsp;je&nbsp;<a class=\"zoom\" href=\"http:\/\/www.bizi.si\/DRUSTVO-PRIHODNOST\/\" target=\"_blank\" rel=\"noopener noreferrer\">Dru\u0161tvo Prihodnost<\/a>.<\/p>\n\n<p>Kontakte ostalih Greenpeaceovih pisarn po svetu najdete na <a href=\"https:\/\/www.greenpeace.org\/international\/explore\/about\/worldwide\/\">spletni strani Greenpeace International<\/a>.<\/p>\n","protected":false},"excerpt":{"rendered":"<p>Greenpeace v Sloveniji Naslov: Kotnikova 28, 1000 Ljubljana, Slovenija Telefon: +386 30 404 144 Elektronska po\u0161ta:&nbsp;info.si@greenpeace.org Uradni zastopnik organizacije&nbsp;Greenpeace v Sloveniji&nbsp;je&nbsp;Dru\u0161tvo Prihodnost. Kontakte ostalih Greenpeaceovih pisarn po svetu najdete na spletni strani Greenpeace International.<\/p>\n","protected":false},"author":23,"featured_media":0,"parent":0,"menu_order":0,"comment_status":"closed","ping_status":"closed","template":"","meta":{"ep_exclude_from_search":false,"p4_hide_page_title_checkbox":"on","p4_title":"","p4_subtitle":"","p4_description":"","background_image_id":"","background_image":"","p4_button_title":"","p4_button_link":"","p4_button_link_checkbox":"","p4_og_title":"","p4_og_description":"","p4_og_image":"","p4_og_image_id":"","p4_seo_canonical_url":"","p4_campaign_name":"not set","p4_local_project":"not set","p4_basket_name":"not set","p4_department":"","footnotes":""},"categories":[],"tags":[],"class_list":["post-1484","page","type-page","status-publish","hentry"],"_links":{"self":[{"href":"https:\/\/www.greenpeace.org\/slovenia\/wp-json\/wp\/v2\/pages\/1484","targetHints":{"allow":["GET"]}}],"collection":[{"href":"https:\/\/www.greenpeace.org\/slovenia\/wp-json\/wp\/v2\/pages"}],"about":[{"href":"https:\/\/www.greenpeace.org\/slovenia\/wp-json\/wp\/v2\/types\/page"}],"author":[{"embeddable":true,"href":"https:\/\/www.greenpeace.org\/slovenia\/wp-json\/wp\/v2\/users\/23"}],"replies":[{"embeddable":true,"href":"https:\/\/www.greenpeace.org\/slovenia\/wp-json\/wp\/v2\/comments?post=1484"}],"version-history":[{"count":20,"href":"https:\/\/www.greenpeace.org\/slovenia\/wp-json\/wp\/v2\/pages\/1484\/revisions"}],"predecessor-version":[{"id":52697,"href":"https:\/\/www.greenpeace.org\/slovenia\/wp-json\/wp\/v2\/pages\/1484\/revisions\/52697"}],"wp:attachment":[{"href":"https:\/\/www.greenpeace.org\/slovenia\/wp-json\/wp\/v2\/media?parent=1484"}],"wp:term":[{"taxonomy":"category","embeddable":true,"href":"https:\/\/www.greenpeace.org\/slovenia\/wp-json\/wp\/v2\/categories?post=1484"},{"taxonomy":"post_tag","embeddable":true,"href":"https:\/\/www.greenpeace.org\/slovenia\/wp-json\/wp\/v2\/tags?post=1484"}],"curies":[{"name":"wp","href":"https:\/\/api.w.org\/{rel}","templated":true}]}}