{"id":234,"date":"2018-05-14T12:41:07","date_gmt":"2018-05-14T12:41:07","guid":{"rendered":"https:\/\/k8s.p4.greenpeace.org\/defaultcontent\/?page_id=234"},"modified":"2025-03-13T11:15:03","modified_gmt":"2025-03-13T10:15:03","slug":"o-nas","status":"publish","type":"page","link":"https:\/\/www.greenpeace.org\/slovenia\/o-nas\/","title":{"rendered":"O nas"},"content":{"rendered":"\n\n<div class=\"wp-block-group alignfull is-layout-flow wp-block-group-is-layout-flow\">\n<div class=\"wp-block-group container is-layout-flow wp-block-group-is-layout-flow\"><\/div>\n<\/div>\n\n\n<h1 class=\"wp-block-heading\">Spoznaj nas<\/h1>\n\n<p><strong>Greenpeace obstaja zato, ker si na\u0161a Zemlja zaslu\u017ei glas.<\/strong><\/p>\n\n<figure class=\"wp-block-image size-large is-resized  caption-alignment-left\"><img loading=\"lazy\" decoding=\"async\" width=\"1024\" height=\"686\" src=\"https:\/\/www.greenpeace.org\/static\/planet4-slovenia-stateless\/2018\/01\/733a4704-gp019id-1024x686.jpg\" title=\"Posadka \u010dolna The Greenpeace. \u00a9 Greenpeace \/ Robert Keziere\" alt=\"Posadka \u010dolna The Greenpeace. \u00a9 Greenpeace \/ Robert Keziere\" class=\"wp-image-11911\" style=\"width:1024px;height:auto\" srcset=\"https:\/\/www.greenpeace.org\/static\/planet4-slovenia-stateless\/2018\/01\/733a4704-gp019id-1024x686.jpg 1024w, https:\/\/www.greenpeace.org\/static\/planet4-slovenia-stateless\/2018\/01\/733a4704-gp019id-300x201.jpg 300w, https:\/\/www.greenpeace.org\/static\/planet4-slovenia-stateless\/2018\/01\/733a4704-gp019id-768x515.jpg 768w, https:\/\/www.greenpeace.org\/static\/planet4-slovenia-stateless\/2018\/01\/733a4704-gp019id-507x340.jpg 507w, https:\/\/www.greenpeace.org\/static\/planet4-slovenia-stateless\/2018\/01\/733a4704-gp019id.jpg 1200w\" sizes=\"auto, (max-width: 1024px) 100vw, 1024px\" \/><figcaption class=\"wp-element-caption\">Posadka \u010dolna &#8220;The Greenpeace&#8221;.<div class=\"credit icon-left\"> \u00a9 Greenpeace \/ Robert Keziere<\/div><\/figcaption><\/figure>\n\n<h2 class=\"wp-block-heading\"><strong>Takrat, tako kot danes<\/strong><\/h2>\n\n<p>Greenpeace zgodba se za\u010dne leta 1971, ko skupina 12 aktivistov iz Vancouvra v Kanadi odpluje na otok Amchitka ob Aljaski, da bi prepre\u010dili ameri\u0161ki testiranje jedrskega oro\u017eja. Njihova stara ribi\u0161ka ladja se je imenovala &#8220;The Greenpeace&#8221;, denar za misijo pa so zbrali s koncertom.<\/p>\n\n<p>Ti aktivisti, ustanovitelji Greenpeacea, so upali sanjati velike sanje in verjeti, da lahko nekaj posameznikov spremeni svet. Takrat se za\u010dne Greenpeace zgodba. Na\u0161a zgodba. Svetovno gibanje, ki je aktivno \u0161e danes.<\/p>\n\n<p><strong>Neodvisnost, nenasilje, ustvarjalno soo\u010denje <\/strong>\u2013 temelji, ki so jih zastavili ustanovitelji, \u0161e danes predstavljajo osnovno vodilo delovanja Greenpeacea po vsem svetu.&nbsp;<\/p>\n\n<p>In \u0161e danes je aktivizem na\u0161e najmo\u010dnej\u0161e orodje: posamezniki, pripravljeni po\u010deti izjemne stvari za za\u0161\u010dito okolja. <\/p>\n\n<figure class=\"wp-block-embed is-type-video is-provider-youtube wp-block-embed-youtube wp-embed-aspect-16-9 wp-has-aspect-ratio\"><div class=\"wp-block-embed__wrapper\">\n<iframe loading=\"lazy\" title=\"Greenpeace: Inspiring Action\" width=\"500\" height=\"281\" src=\"https:\/\/www.youtube.com\/embed\/zVu9eawb1QY?feature=oembed\" frameborder=\"0\" allow=\"accelerometer; autoplay; clipboard-write; encrypted-media; gyroscope; picture-in-picture; web-share\" referrerpolicy=\"strict-origin-when-cross-origin\" allowfullscreen><\/iframe>\n<\/div><\/figure>\n\n<h2 class=\"wp-block-heading\"><strong>Greenpeace Slovenija<\/strong><\/h2>\n\n<p>Greenpeace je svojo pot na slovenskih tleh pri\u010del jeseni 2007, nekaj mesecev preden je Slovenija prevzela mesto predsedujo\u010de Svetu EU. Projekt, ki je bil osredoto\u010den na slovensko predsedovanje EU smo izvajali skupaj s slovensko nevladno organizacijo Umanotera in po izteku projekta sprejeli odlo\u010ditev, da s svojo prisotnostjo v Sloveniji nadaljujemo. <\/p>\n\n<p>Uradni zastopnik Greenpeace Slovenija je <a href=\"http:\/\/www.bizi.si\/DRUSTVO-PRIHODNOST\/\">Dru\u0161tvo Prihodnost<\/a>. Greenpeace Slovenija deluje pod okriljem Greenpeace Srednja in Vzhodna Evropa (CEE), s sede\u017eem na Dunaju v Avstriji.<\/p>\n\n<p><b>Ekipa Greenpeace Slovenija:<\/b><\/p>\n\n<div class=\"wp-block-media-text alignwide is-stacked-on-mobile is-vertically-aligned-top\" style=\"grid-template-columns:15% auto\"><figure class=\"wp-block-media-text__media\"><img loading=\"lazy\" decoding=\"async\" width=\"1024\" height=\"1024\" src=\"https:\/\/www.greenpeace.org\/static\/planet4-slovenia-stateless\/2024\/06\/782596df-30_5_24_mzpp_gubancfoto-4-scaled-e1718018817616-1024x1024.jpg\" alt=\"\" sizes=\"auto, (min-width: 1600px) calc((1320px - 24px) \/ 6.6667),(min-width: 1200px) calc((1140px - 24px) \/ 6.6667),(min-width: 992px) calc((960px - 24px) \/ 6.6667),(min-width: 768px) calc((720px - 24px) \/ 6.6667),(min-width: 601px) calc((540px - 24px) \/ 6.6667),(min-width: 577px) calc((540px - 24px) \/ 1), calc(100vw - 24px)\" srcset=\"https:\/\/www.greenpeace.org\/static\/planet4-slovenia-stateless\/2024\/06\/782596df-30_5_24_mzpp_gubancfoto-4-scaled-e1718018817616.jpg 1322w, https:\/\/www.greenpeace.org\/static\/planet4-slovenia-stateless\/2024\/06\/782596df-30_5_24_mzpp_gubancfoto-4-scaled-e1718018817616-300x300.jpg 300w, https:\/\/www.greenpeace.org\/static\/planet4-slovenia-stateless\/2024\/06\/782596df-30_5_24_mzpp_gubancfoto-4-scaled-e1718018817616-1024x1024.jpg 1024w, https:\/\/www.greenpeace.org\/static\/planet4-slovenia-stateless\/2024\/06\/782596df-30_5_24_mzpp_gubancfoto-4-scaled-e1718018817616-150x150.jpg 150w, https:\/\/www.greenpeace.org\/static\/planet4-slovenia-stateless\/2024\/06\/782596df-30_5_24_mzpp_gubancfoto-4-scaled-e1718018817616-768x768.jpg 768w, https:\/\/www.greenpeace.org\/static\/planet4-slovenia-stateless\/2024\/06\/782596df-30_5_24_mzpp_gubancfoto-4-scaled-e1718018817616-340x340.jpg 340w\" class=\"wp-image-50981 size-full\"\/><\/figure><div class=\"wp-block-media-text__content\">\n<p><strong>Sara Kosirnik<\/strong>, zagovorni\u0161tvo \/ <em>campaigns<\/em><\/p>\n\n\n\n<p>Elektronska po\u0161ta: <a href=\"mailto:sara.kosirnik@greenpeace.org\">sara.kosirnik@greenpeace.org<\/a><\/p>\n<\/div><\/div>\n\n<div class=\"wp-block-media-text is-stacked-on-mobile is-vertically-aligned-top\" style=\"grid-template-columns:15% auto\"><figure class=\"wp-block-media-text__media\"><img loading=\"lazy\" decoding=\"async\" width=\"1024\" height=\"1024\" src=\"https:\/\/www.greenpeace.org\/static\/planet4-slovenia-stateless\/2024\/04\/a2bbc6f1-koncajmo-dobo-premoga-scaled-1-1024x1024.jpg\" alt=\"\" sizes=\"auto, (min-width: 1600px) calc((1320px - 24px) \/ 6.6667),(min-width: 1200px) calc((1140px - 24px) \/ 6.6667),(min-width: 992px) calc((960px - 24px) \/ 6.6667),(min-width: 768px) calc((720px - 24px) \/ 6.6667),(min-width: 601px) calc((540px - 24px) \/ 6.6667),(min-width: 577px) calc((540px - 24px) \/ 1), calc(100vw - 24px)\" srcset=\"https:\/\/www.greenpeace.org\/static\/planet4-slovenia-stateless\/2024\/04\/a2bbc6f1-koncajmo-dobo-premoga-scaled-1.jpg 1244w, https:\/\/www.greenpeace.org\/static\/planet4-slovenia-stateless\/2024\/04\/a2bbc6f1-koncajmo-dobo-premoga-scaled-1-300x300.jpg 300w, https:\/\/www.greenpeace.org\/static\/planet4-slovenia-stateless\/2024\/04\/a2bbc6f1-koncajmo-dobo-premoga-scaled-1-1024x1024.jpg 1024w, https:\/\/www.greenpeace.org\/static\/planet4-slovenia-stateless\/2024\/04\/a2bbc6f1-koncajmo-dobo-premoga-scaled-1-150x150.jpg 150w, https:\/\/www.greenpeace.org\/static\/planet4-slovenia-stateless\/2024\/04\/a2bbc6f1-koncajmo-dobo-premoga-scaled-1-768x768.jpg 768w, https:\/\/www.greenpeace.org\/static\/planet4-slovenia-stateless\/2024\/04\/a2bbc6f1-koncajmo-dobo-premoga-scaled-1-340x340.jpg 340w\" class=\"wp-image-50670 size-full\"\/><\/figure><div class=\"wp-block-media-text__content\">\n<p><strong>Ale\u0161 Pirnovar<\/strong>, akcije \/ <em>actions<\/em><\/p>\n\n\n\n<p>Elektronska po\u0161ta: <a href=\"mailto:ales.pirnovar@greenpeace.org\">ales.pirnovar@greenpeace.org<\/a><\/p>\n<\/div><\/div>\n\n<div class=\"wp-block-media-text alignwide is-stacked-on-mobile is-vertically-aligned-top\" style=\"grid-template-columns:15% auto\"><figure class=\"wp-block-media-text__media\"><img loading=\"lazy\" decoding=\"async\" width=\"1024\" height=\"1024\" src=\"https:\/\/www.greenpeace.org\/static\/planet4-slovenia-stateless\/2023\/04\/dccedc17-5-1024x1024.png\" alt=\"\" sizes=\"auto, (min-width: 1600px) calc((1320px - 24px) \/ 6.6667),(min-width: 1200px) calc((1140px - 24px) \/ 6.6667),(min-width: 992px) calc((960px - 24px) \/ 6.6667),(min-width: 768px) calc((720px - 24px) \/ 6.6667),(min-width: 601px) calc((540px - 24px) \/ 6.6667),(min-width: 577px) calc((540px - 24px) \/ 1), calc(100vw - 24px)\" srcset=\"https:\/\/www.greenpeace.org\/static\/planet4-slovenia-stateless\/2023\/04\/dccedc17-5.png 1080w, https:\/\/www.greenpeace.org\/static\/planet4-slovenia-stateless\/2023\/04\/dccedc17-5-300x300.png 300w, https:\/\/www.greenpeace.org\/static\/planet4-slovenia-stateless\/2023\/04\/dccedc17-5-1024x1024.png 1024w, https:\/\/www.greenpeace.org\/static\/planet4-slovenia-stateless\/2023\/04\/dccedc17-5-150x150.png 150w, https:\/\/www.greenpeace.org\/static\/planet4-slovenia-stateless\/2023\/04\/dccedc17-5-768x768.png 768w, https:\/\/www.greenpeace.org\/static\/planet4-slovenia-stateless\/2023\/04\/dccedc17-5-340x340.png 340w\" class=\"wp-image-50195 size-full\"\/><\/figure><div class=\"wp-block-media-text__content\">\n<p><strong>Ana \u017dekar<\/strong>, administracija \/ <em>administration<\/em><\/p>\n\n\n\n<p>Elektronska po\u0161ta: <a href=\"mailto:ana.zekar@greenpeace.org\">ana.zekar@greenpeace.org<\/a><\/p>\n<\/div><\/div>\n\n<p><br>Podro\u010dja na katerih posku\u0161amo biti aktivni so \u0161tevilna, res pa je, da prevladuje problematika povezana s <strong>podnebnimi spremembami in energetskimi vpra\u0161anji<\/strong> (opu\u0161\u010danje fosilne in jedrske ter napredek obnovljive energije). Na teh dveh podro\u010djih se aktivno udejanjamo tudi v Sloveniji, medtem ko se na ostale izzive odzivamo glede na razpolo\u017eljive kapacitete.<\/p>\n\n<p>Pri svojem delu se osredoto\u010damo na tiste posameznike in skupine, ki v Sloveniji odlo\u010dajo. Gre za politike, razli\u010dne strokovnjake in ljudi, ki delajo na na\u0161ih ministrstvih in uradih. Na\u0161a glavna, a ne edina aktivnost, je spremljanje Slovenije in njenega odziva na predloge evropskih politik in predlogov zakonodaje ter kak\u0161na stali\u0161\u010da zavzema v Bruslju. Druge aktivnosti pa se nana\u0161ajo na implementacijo evropske zakonodaje ter pripravo nacionalnih usmeritev. Povezujemo tudi z ostalimi okoljskimi nevladnimi organizacijami ter strokovnjaki, s pomo\u010djo katerih lahko uspe\u0161neje dosegamo zastavljene cilje. Smo \u010dlanica <a href=\"https:\/\/www.planbzaslovenijo.si\/\" target=\"_blank\" rel=\"noreferrer noopener\">mre\u017ee Plan B za Slovenijo<\/a>.<\/p>\n\n<figure class=\"wp-block-image size-full is-resized  caption-alignment-center\"><a href=\"https:\/\/www.planbzaslovenijo.si\/\"><img loading=\"lazy\" decoding=\"async\" width=\"383\" height=\"454\" src=\"https:\/\/www.greenpeace.org\/static\/planet4-slovenia-stateless\/2023\/02\/82380eca-logo-plan-b-1.png\" alt=\"\" class=\"wp-image-50064\" style=\"width:186px;height:221px\" srcset=\"https:\/\/www.greenpeace.org\/static\/planet4-slovenia-stateless\/2023\/02\/82380eca-logo-plan-b-1.png 383w, https:\/\/www.greenpeace.org\/static\/planet4-slovenia-stateless\/2023\/02\/82380eca-logo-plan-b-1-253x300.png 253w, https:\/\/www.greenpeace.org\/static\/planet4-slovenia-stateless\/2023\/02\/82380eca-logo-plan-b-1-287x340.png 287w\" sizes=\"auto, (max-width: 383px) 100vw, 383px\" \/><\/a><\/figure>\n\n<p><strong>Na\u0161e zmage, na katere smo do sedaj najbolj ponosni, so:<\/strong><\/p>\n\n<ul class=\"wp-block-list\">\n<li>2023: <a rel=\"noreferrer noopener\" href=\"https:\/\/podpiram.greenpeace.si\/podnebni-zlocin\/\" target=\"_blank\">Otvoritev kampanje Podnebni zlo\u010din 2023<\/a><\/li>\n\n\n\n<li>2023: <a href=\"https:\/\/www.greenpeace.org\/slovenia\/blog\/50077\/zgodovinska-zmaga-za-oceane\/\" target=\"_blank\" rel=\"noreferrer noopener\">Zgodovinska zmaga za oceane!<\/a><\/li>\n\n\n\n<li>2022: <a href=\"https:\/\/glas-ljudstva.si\/drzavnozborske-volitve-2022\/\" target=\"_blank\" rel=\"noreferrer noopener\">Sooblikovanje okoljskih zahtev iniciative Glas ljudstva v okviru dr\u017eavnozborskih volitev<\/a><\/li>\n\n\n\n<li>2021: <a rel=\"noreferrer noopener\" href=\"https:\/\/www.greenpeace.org\/slovenia\/blog\/4178\/referendumska-lekcija-spremembe-lahko-dosezemo-le-skupaj\/\" target=\"_blank\">Uradni organizatorji referendumske kampanje Za pitno vodo, na kateri je z udele\u017ebo 46,46 % kar 86,75 % volilcev zavrnilo predlagani Zakon o vodah<\/a><\/li>\n\n\n\n<li>2021: <a rel=\"noreferrer noopener\" href=\"https:\/\/www.greenpeace.org\/slovenia\/blog\/49112\/vec-kot-desetletje-boja-za-cisto-okolje-in-zeleno-prihodnost-greenpeacea-v-sloveniji\/\" target=\"_blank\">Desetletje boja za \u010disto okolje in zeleno prihodnost Greenpeacea v Sloveniji<\/a><\/li>\n\n\n\n<li>2021: <a rel=\"noreferrer noopener\" href=\"https:\/\/www.greenpeace.org\/slovenia\/blog\/3784\/konferenca-konec-premoga-podnebna-kriza-evropske-politike-in-ekonomski-trendi-posnetki-predavanj\/\" target=\"_blank\">Organizacija mednarodne konference &#8220;Konec premoga: Podnebna kriza, evropske politike in ekonomski trendi&#8221;<\/a><\/li>\n\n\n\n<li><a href=\"https:\/\/www.greenpeace.org\/slovenia\/blog\/49401\/letno-porocilo-2020-greenpeace-srednja-in-vzhodna-evropa\/\" target=\"_blank\" rel=\"noreferrer noopener\">Letno poro\u010dilo o delu Greenpeacea CEE v letu 2020<\/a><\/li>\n\n\n\n<li>2020: <a rel=\"noreferrer noopener\" href=\"https:\/\/www.greenpeace.org\/slovenia\/blog\/3443\/konferenca-kriticno-o-jedrski-posnetki-predavanj\/\" target=\"_blank\">Organizacija mednarodne konference &#8220;Kriti\u010dno o jedrski energiji kot podnebni re\u0161itvi&#8221;<\/a><\/li>\n\n\n\n<li>2020: <a rel=\"noreferrer noopener\" href=\"https:\/\/www.greenpeace.org\/slovenia\/blog\/2753\/blog-zeleni-odgovor-na-krizo-covid-19\/\" target=\"_blank\">Kampanja v podporo zelenemu odgovoru na krizo Covid-19<\/a><\/li>\n\n\n\n<li>2019: <a href=\"https:\/\/www.greenpeace.org\/slovenia\/ukrepaj\/podnebna-kriza\/\">Pobuda nujnega Podnebnega poziva vladi RS<\/a><\/li>\n\n\n\n<li>2019: <a href=\"https:\/\/www.greenpeace.org\/slovenia\/sporocilo-za-javnost\/2181\/ministrstvo-za-okolje-in-prostor-prisluhnilo-argumentom-v-bran-okolja\/\">Ponovno odlo\u010danje agencije RS ali je za uvoz premoga v TE\u0160 potrebna presoja vplivov na okolje<\/a>.<\/li>\n\n\n\n<li>2019: <a href=\"https:\/\/www.greenpeace.org\/slovenia\/sporocilo-za-javnost\/1534\/greenpeaceovi-aktivisti-vracajo-plasticne-odpadke-nazaj-na-sedez-podjetja-nestle\/\">Vra\u010dilo plasti\u010dnih odpadkov nazaj na sede\u017e podjetja Nestle<\/a><\/li>\n\n\n\n<li>2018: <a href=\"https:\/\/www.greenpeace.org\/slovenia\/sporocilo-za-javnost\/949\/koncno-sosedske-soncne-elektrarne-tudi-v-sloveniji\/\">Prizadevanje za son\u010dne elektrarne in uredba \u201csosedskih\u201d son\u010dnih elektrarn<\/a><\/li>\n\n\n\n<li>2017: <a href=\"https:\/\/www.greenpeace.org\/slovenia\/sporocilo-za-javnost\/1023\/podnebni-shod-budnica-vladi\/\">Podnebni shod v zahtevo opu\u0161\u010danja fosilnih goriv<\/a> <\/li>\n<\/ul>\n<div data-hydrate=\"planet4-blocks\/gallery\" data-attributes=\"{&quot;attributes&quot;:{&quot;gallery_block_style&quot;:2,&quot;gallery_block_title&quot;:&quot;Na\\u0161a vizija&quot;,&quot;gallery_block_description&quot;:&quot;Greenpeace je neodvisna globalna organizacija, ki preko kampanj, miroljubnih protestov in\\r\\nkreativnih komunikacijskih akcij razkriva najbolj pere\\u010de globalne okoljske probleme in si prizadeva za re\\u0161itve, ki so nujne za ohranitev \\u010distega in varnega okolja za nas in prihajajo\\u010de generacije.\\r\\n\\r\\nSkupaj z na\\u0161imi podporniki se borimo z velikimi onesna\\u017eevalci, korporacijami in vladami, ki nas \\u017eelijo ujeti v stare uni\\u010dujo\\u010de vzorce. Glavni cilj na\\u0161ega dela v Sloveniji je zaustaviti nevarno segrevanje planeta in pravo\\u010dasno opustiti umazana fosilna goriva, pridru\\u017eujemo pa se tudi globalnim kampanjam, ki sku\\u0161ajo prepre\\u010diti velika onesna\\u017eenja narave kot je onesna\\u017eenost na\\u0161ih oceanov s plastiko. \\u017delimo si \\u017eiveti v svetu, ki od na\\u0161ega planeta ne zahteva ve\\u010d kot je zmo\\u017een nuditi. V svetu, kjer lahko vsi u\\u017eivamo pravico do \\u010distega okolja. V svetu, kjer \\u017eivimo dostojno, varno in obdani s pestrostjo vsega \\u017eivega sveta, ki se skriva v na\\u0161ih gozdovih in oceanih.&quot;,&quot;multiple_image&quot;:&quot;448,457,451&quot;,&quot;gallery_block_focus_points&quot;:&quot;&quot;,&quot;image_data&quot;:[],&quot;images&quot;:[{&quot;image_src&quot;:&quot;https:\\\/\\\/storage.googleapis.com\\\/planet4-slovenia-stateless-develop\\\/2019\\\/02\\\/94a102c3-petition-street-768x512.jpg&quot;,&quot;image_srcset&quot;:&quot;https:\\\/\\\/storage.googleapis.com\\\/planet4-slovenia-stateless-develop\\\/2019\\\/02\\\/94a102c3-petition-street-768x512.jpg 768w, https:\\\/\\\/storage.googleapis.com\\\/planet4-slovenia-stateless-develop\\\/2019\\\/02\\\/94a102c3-petition-street-300x200.jpg 300w, https:\\\/\\\/storage.googleapis.com\\\/planet4-slovenia-stateless-develop\\\/2019\\\/02\\\/94a102c3-petition-street-1024x683.jpg 1024w, https:\\\/\\\/storage.googleapis.com\\\/planet4-slovenia-stateless-develop\\\/2019\\\/02\\\/94a102c3-petition-street-2048x1366.jpg 2048w, https:\\\/\\\/storage.googleapis.com\\\/planet4-slovenia-stateless-develop\\\/2019\\\/02\\\/94a102c3-petition-street-510x340.jpg 510w&quot;,&quot;image_sizes&quot;:&quot;(max-width: 768px) 100vw, 768px&quot;,&quot;alt_text&quot;:&quot;&quot;,&quot;caption&quot;:&quot;Tourists sign up and pledge to break free from plastic at Batu Caves, Malaysia\\nGreenpeace volunteers and suppoters hold a waste clean-up at Batu Cave, Malaysia during Earth Day event to show their care to the nature and religious place. \\nGreenpeace is calling for the people in Malaysia to start reducing the use of single-use plastic.\\nBatu Caves is a an iconic and popular tourist attraction in Selangor. A site of a Hindu temple and shrine, It also attracts thousands of worshippers and tourists, especially during the annual Hindu festival, Thaipusam&quot;,&quot;focus_image&quot;:&quot;&quot;,&quot;credits&quot;:&quot;&quot;},{&quot;image_src&quot;:&quot;https:\\\/\\\/storage.googleapis.com\\\/planet4-slovenia-stateless-develop\\\/2019\\\/02\\\/18c96bdb-shout-gp0stpqxt_high_res-768x512.jpg&quot;,&quot;image_srcset&quot;:&quot;https:\\\/\\\/storage.googleapis.com\\\/planet4-slovenia-stateless-develop\\\/2019\\\/02\\\/18c96bdb-shout-gp0stpqxt_high_res-768x512.jpg 768w, https:\\\/\\\/storage.googleapis.com\\\/planet4-slovenia-stateless-develop\\\/2019\\\/02\\\/18c96bdb-shout-gp0stpqxt_high_res-300x200.jpg 300w, https:\\\/\\\/storage.googleapis.com\\\/planet4-slovenia-stateless-develop\\\/2019\\\/02\\\/18c96bdb-shout-gp0stpqxt_high_res-1024x683.jpg 1024w, https:\\\/\\\/storage.googleapis.com\\\/planet4-slovenia-stateless-develop\\\/2019\\\/02\\\/18c96bdb-shout-gp0stpqxt_high_res-2048x1366.jpg 2048w, https:\\\/\\\/storage.googleapis.com\\\/planet4-slovenia-stateless-develop\\\/2019\\\/02\\\/18c96bdb-shout-gp0stpqxt_high_res-510x340.jpg 510w&quot;,&quot;image_sizes&quot;:&quot;(max-width: 768px) 100vw, 768px&quot;,&quot;alt_text&quot;:&quot;&quot;,&quot;caption&quot;:&quot;Democracy Awakening Rally in front of the U.S. Capitol as allied groups came together to call for voting rights, and getting big money donations out of the political process.&quot;,&quot;focus_image&quot;:&quot;&quot;,&quot;credits&quot;:&quot;&quot;},{&quot;image_src&quot;:&quot;https:\\\/\\\/storage.googleapis.com\\\/planet4-slovenia-stateless-develop\\\/2019\\\/02\\\/d8737a2f-planet-earth-first-hand-drawing-768x509.jpg&quot;,&quot;image_srcset&quot;:&quot;https:\\\/\\\/storage.googleapis.com\\\/planet4-slovenia-stateless-develop\\\/2019\\\/02\\\/d8737a2f-planet-earth-first-hand-drawing-768x509.jpg 768w, https:\\\/\\\/storage.googleapis.com\\\/planet4-slovenia-stateless-develop\\\/2019\\\/02\\\/d8737a2f-planet-earth-first-hand-drawing-300x199.jpg 300w, https:\\\/\\\/storage.googleapis.com\\\/planet4-slovenia-stateless-develop\\\/2019\\\/02\\\/d8737a2f-planet-earth-first-hand-drawing-1024x679.jpg 1024w, https:\\\/\\\/storage.googleapis.com\\\/planet4-slovenia-stateless-develop\\\/2019\\\/02\\\/d8737a2f-planet-earth-first-hand-drawing-510x338.jpg 510w, https:\\\/\\\/storage.googleapis.com\\\/planet4-slovenia-stateless-develop\\\/2019\\\/02\\\/d8737a2f-planet-earth-first-hand-drawing.jpg 1920w&quot;,&quot;image_sizes&quot;:&quot;(max-width: 768px) 100vw, 768px&quot;,&quot;alt_text&quot;:&quot;&quot;,&quot;caption&quot;:&quot;&quot;,&quot;focus_image&quot;:&quot;&quot;,&quot;credits&quot;:&quot;&quot;}]}}\"><section class=\"block split-three-column \"><header><h2 class=\"page-section-header\">Na\u0161a vizija<\/h2><\/header><div class=\"page-section-description\">Greenpeace je neodvisna globalna organizacija, ki preko kampanj, miroljubnih protestov in\r\nkreativnih komunikacijskih akcij razkriva najbolj pere\u010de globalne okoljske probleme in si prizadeva za re\u0161itve, ki so nujne za ohranitev \u010distega in varnega okolja za nas in prihajajo\u010de generacije.\r\n\r\nSkupaj z na\u0161imi podporniki se borimo z velikimi onesna\u017eevalci, korporacijami in vladami, ki nas \u017eelijo ujeti v stare uni\u010dujo\u010de vzorce. Glavni cilj na\u0161ega dela v Sloveniji je zaustaviti nevarno segrevanje planeta in pravo\u010dasno opustiti umazana fosilna goriva, pridru\u017eujemo pa se tudi globalnim kampanjam, ki sku\u0161ajo prepre\u010diti velika onesna\u017eenja narave kot je onesna\u017eenost na\u0161ih oceanov s plastiko. \u017delimo si \u017eiveti v svetu, ki od na\u0161ega planeta ne zahteva ve\u010d kot je zmo\u017een nuditi. V svetu, kjer lahko vsi u\u017eivamo pravico do \u010distega okolja. V svetu, kjer \u017eivimo dostojno, varno in obdani s pestrostjo vsega \u017eivega sveta, ki se skriva v na\u0161ih gozdovih in oceanih.<\/div><div class=\"three-column-images row\"><\/div><\/section><\/div><div data-render=\"planet4-blocks\/happypoint\" data-attributes=\"{&quot;attributes&quot;:{&quot;focus_image&quot;:&quot;50% 50%&quot;,&quot;opacity&quot;:40,&quot;id&quot;:1725,&quot;override_default_content&quot;:true,&quot;local_content_provider&quot;:&quot;iframe_url&quot;}}\"><\/div>\n<p><\/p>\n","protected":false},"excerpt":{"rendered":"<p>Spoznaj nas Greenpeace obstaja zato, ker si na\u0161a Zemlja zaslu\u017ei glas. Takrat, tako kot danes Greenpeace zgodba se za\u010dne leta 1971, ko skupina 12 aktivistov iz Vancouvra v Kanadi odpluje na otok Amchitka ob Aljaski, da bi prepre\u010dili ameri\u0161ki testiranje jedrskega oro\u017eja. Njihova stara ribi\u0161ka ladja se je imenovala &#8220;The Greenpeace&#8221;, denar za misijo pa [&hellip;]<\/p>\n","protected":false},"author":1,"featured_media":11911,"parent":0,"menu_order":0,"comment_status":"closed","ping_status":"closed","template":"","meta":{"ep_exclude_from_search":false,"p4_hide_page_title_checkbox":"on","p4_title":"","p4_subtitle":"","p4_description":"","background_image_id":"","background_image":"","p4_button_title":"","p4_button_link":"","p4_button_link_checkbox":"","p4_og_title":"","p4_og_description":"","p4_og_image":"","p4_og_image_id":"","p4_seo_canonical_url":"","p4_campaign_name":"not set","p4_local_project":"not set","p4_basket_name":"not set","p4_department":"","footnotes":""},"categories":[1],"tags":[],"class_list":["post-234","page","type-page","status-publish","has-post-thumbnail","hentry","category-uncategorized"],"_links":{"self":[{"href":"https:\/\/www.greenpeace.org\/slovenia\/wp-json\/wp\/v2\/pages\/234","targetHints":{"allow":["GET"]}}],"collection":[{"href":"https:\/\/www.greenpeace.org\/slovenia\/wp-json\/wp\/v2\/pages"}],"about":[{"href":"https:\/\/www.greenpeace.org\/slovenia\/wp-json\/wp\/v2\/types\/page"}],"author":[{"embeddable":true,"href":"https:\/\/www.greenpeace.org\/slovenia\/wp-json\/wp\/v2\/users\/1"}],"replies":[{"embeddable":true,"href":"https:\/\/www.greenpeace.org\/slovenia\/wp-json\/wp\/v2\/comments?post=234"}],"version-history":[{"count":20,"href":"https:\/\/www.greenpeace.org\/slovenia\/wp-json\/wp\/v2\/pages\/234\/revisions"}],"predecessor-version":[{"id":52359,"href":"https:\/\/www.greenpeace.org\/slovenia\/wp-json\/wp\/v2\/pages\/234\/revisions\/52359"}],"wp:featuredmedia":[{"embeddable":true,"href":"https:\/\/www.greenpeace.org\/slovenia\/wp-json\/wp\/v2\/media\/11911"}],"wp:attachment":[{"href":"https:\/\/www.greenpeace.org\/slovenia\/wp-json\/wp\/v2\/media?parent=234"}],"wp:term":[{"taxonomy":"category","embeddable":true,"href":"https:\/\/www.greenpeace.org\/slovenia\/wp-json\/wp\/v2\/categories?post=234"},{"taxonomy":"post_tag","embeddable":true,"href":"https:\/\/www.greenpeace.org\/slovenia\/wp-json\/wp\/v2\/tags?post=234"}],"curies":[{"name":"wp","href":"https:\/\/api.w.org\/{rel}","templated":true}]}}