{"id":238,"date":"2018-05-14T12:47:19","date_gmt":"2018-05-14T12:47:19","guid":{"rendered":"https:\/\/k8s.p4.greenpeace.org\/defaultcontent\/?page_id=238"},"modified":"2025-06-23T16:44:44","modified_gmt":"2025-06-23T14:44:44","slug":"avtorske-pravice","status":"publish","type":"page","link":"https:\/\/www.greenpeace.org\/slovenia\/avtorske-pravice\/","title":{"rendered":"Avtorske pravice"},"content":{"rendered":"\n                \n                <div class=\"wp-block-group alignfull is-layout-flow wp-block-group-is-layout-flow\">\n                \n                <div class=\"wp-block-group container is-layout-flow wp-block-group-is-layout-flow\">\n                \n                <div class=\"wp-block-media-text alignfull has-media-on-the-right is-stacked-on-mobile is-pattern-p4-page-header is-style-parallax\">\n\n                <div class=\"wp-block-media-text__content\">\n                    <div class=\"wp-block-group is-layout-flow wp-block-group-is-layout-flow\">\n                    \n                        <h1 class=\"wp-block-heading has-white-background-color has-background\">\n                            Avtorske pravice\n                        <\/h1>\n                    <\/div>\n                \n\n                \n\n                \n\n                <\/div>\n                <figure class=\"wp-block-media-text__media\">\n                    <img loading=\"lazy\" decoding=\"async\" width=\"1200\" height=\"804\"\n                        src=\"https:\/\/www.greenpeace.org\/static\/planet4-slovenia-stateless\/2019\/05\/bd8ed06c-gp0tyz.jpg\"\n                        alt=\"\"\n                        sizes=\"auto, (min-width: 601px) 50vw, 100vw\" srcset=\"https:\/\/www.greenpeace.org\/static\/planet4-slovenia-stateless\/2019\/05\/bd8ed06c-gp0tyz.jpg 1200w, https:\/\/www.greenpeace.org\/static\/planet4-slovenia-stateless\/2019\/05\/bd8ed06c-gp0tyz-300x201.jpg 300w, https:\/\/www.greenpeace.org\/static\/planet4-slovenia-stateless\/2019\/05\/bd8ed06c-gp0tyz-768x515.jpg 768w, https:\/\/www.greenpeace.org\/static\/planet4-slovenia-stateless\/2019\/05\/bd8ed06c-gp0tyz-1024x686.jpg 1024w, https:\/\/www.greenpeace.org\/static\/planet4-slovenia-stateless\/2019\/05\/bd8ed06c-gp0tyz-507x340.jpg 507w\" class=\"wp-image-1810 size-full\"\n                    \/>\n                <\/figure>\n                <\/div>\n                \n                <\/div>\n                \n                <\/div>\n                \n                <div data-render=\"planet4-blocks\/submenu\" data-attributes=\"{&quot;attributes&quot;:{&quot;submenu_style&quot;:3,&quot;title&quot;:&quot;Politika avtorskih pravic&quot;,&quot;levels&quot;:[{&quot;heading&quot;:3,&quot;link&quot;:true,&quot;style&quot;:&quot;bullet&quot;}]}}\"><\/div><h3><strong>Splo\u0161no<\/strong><\/h3>\n<p>Na\u0161e gradivo, objavljeno na spletni strani <a href=\"https:\/\/www.greenpeace.org\">https:\/\/www.greenpeace.org<\/a>, je prosto dostopno za uporabo za osebne in izobra\u017eevalne namene. \u010ce \u017eelite uporabiti posnetke zaslona za u\u010dbenik ali \u010de \u017eelite katerega izmed prispevkov objaviti v va\u0161em skupnostnem glasilu, vam ni potrebno spra\u0161evati za dovoljenje, pod pogojem, da ste prebrali in upo\u0161tevate na\u0161a osnovna pravila.<\/p>\n<p>Izrecno prepovedujemo vsakr\u0161no uporabo Greenpeaceovega gradiva, objavljenega na tej spletni strani, in\/ali Greenpeaceovega imena in logotipa za:<\/p>\n<ul>\n<li>osebno ali poslovno korist, razen z izrecnim dovoljenjem, kot je opisano v nadaljevanju;<\/li>\n<li>strankarsko politi\u010dno ogla\u0161evanje ali ustvarjanje videza, da Greenpeace podpira katerega koli kandidata za javno funkcijo;<\/li>\n<li>vsakr\u0161no ustvarjanje videza, da Greenpeace podpira dolo\u010den izdelek ali politiko, kadar tak\u0161ne podpore ni izrecno dal sam Greenpeace;<\/li>\n<li>vsakr\u0161no ustvarjanje videza, da Greenpeace podpira ali je povezan s spletnimi stranmi, za katere Greenpeace po lastni presoji ugotovi, da so nezakonite ali neprimerne, ki vsebujejo nespodobno, nasilno, nestrpno, obrekljivo ali spolno nazorno vsebino ali gradivo;<\/li>\n<li>vsakr\u0161no la\u017eno predstavljanje samega sebe kot Greenpeaceovega urada, zaposlenega, zastopnika ali uradnega predstavnika, ali kakr\u0161no koli la\u017eno navajanje, da zbirate finan\u010dna sredstva ali donacije za Greenpeace.<\/li>\n<\/ul>\n<h3><strong>Povezave na na\u0161o spletno stran<\/strong><\/h3>\n<p>Zelo nam je v\u0161e\u010d, da objavljate povezave na na\u0161o spletno stran in pomagate \u0161iriti glas o na\u0161ih kampanjah za okolje. Za to ne potrebujete na\u0161ega dovoljenja. Objavite lahko povezave na na\u0161o glavno spletno stran ali na katere koli tematike, ki jih najdete na njej.<\/p>\n<h3><strong>Greenpeaceov logotip<\/strong><\/h3>\n<p>Ime \u00bbGreenpeace\u00ab, vklju\u010dno z Greenpeaceovim logotipom, je mednarodno registrirana blagovna znamka, ki pripada ustanovi Stichting Greenpeace Council. Uporaba blagovne znamke je dovoljena pod naslednjimi pogoji:<\/p>\n<ul>\n<li>da gre izklju\u010dno za referen\u010dne in nekomercialne namene;<\/li>\n<li>imena in\/ali logotipa Greenpeacea ni dovoljeno uporabljati na kakr\u0161en koli na\u010din, ki bi kazal na to ali ustvarjal vtis, da Greenpeace podpira, odobrava, sponzorira ali je povezan s kakr\u0161nimi koli izdelki, storitvami ali blagom, ki so na voljo na va\u0161i spletni strani;<\/li>\n<li>pasice z imenom in\/ali logotipom Greenpeace je dovoljeno uporabljati samo za namen povezovanja na Greenpeaceovo spletno stran, kot je to napisano na povezavi, te povezave pa morajo biti vedno aktivne povezave.<\/li>\n<li>imena in\/ali logotipa Greenpeacea ni dovoljeno kombinirati z nobenim drugim grafi\u010dnim elementi; prav tako ju ni dovoljeno na kakr\u0161en koli na\u010din spreminjati, vklju\u010dno s pisavami, oblikovanje, razporeditvijo, barvami ali posameznimi elementi; prav tako ju ni dovoljeno animirati, preoblikovati ali jim kakor koli druga\u010de spreminjati perspektivo ali videz;<\/li>\n<li>ime in\/ali logotip Greenpeacea ne smeta biti vidnej\u0161a od imena va\u0161e lastne spletne strani.<\/li>\n<\/ul>\n<p>\u010ce uporabljate logotip, v HTML besedilno oznako ali vidno na va\u0161i spleti strani dodajte besedilo \u00bb<strong>Blagovna znamka organizacije <\/strong><strong>Stichting Greenpeace Council<\/strong>\u00ab.<\/p>\n<p>Blagovna znamka ostane v izklju\u010dni lasti Greenpeacea International, in z njeno uporabo se strinjate, da ne boste na kakr\u0161en koli na\u010din registrirali ali posku\u0161ali registrirati blagovne znamke ali izpodbijati njene registracije.<\/p>\n<h3><strong>\u010clanki in besedila<\/strong><\/h3>\n<p>\u010clanke in besedila, katerih avtor je Greenpeace International, je dovoljeno uporabljati za osebne in izobra\u017eevalne namene. V primeru uporabe prosimo dodajte opombo: \u00bb<strong>Vir: Greenpeace (https:\/\/www.greenpeace.org)<\/strong>\u00ab in objavite tudi vse informacije o avtorjih in avtorskih pravicah, ki so navedene ob izvirnem besedilu.<\/p>\n<p>\u010clanki in besedila tretjih oseb ostanejo intelektualna lastnina in avtorska pravica teh tretjih oseb, in pravice za uporabo je potrebno pridobiti od teh originalnih virov.<\/p>\n<h3><strong>Fotografije\/slike<\/strong><\/h3>\n<p>Kadar informacije o avtorskih pravicah niso na voljo, bodi si v spremljajo\u010dem napisu ali vgrajene v samo fotografijo, jih je mogo\u010de pridobiti tako, da z desno tipko mi\u0161ke kliknete na fotografijo ter izberete mo\u017enost \u00bbPreveri\u00ab (\u00bbInspect\u00ab) oziroma \u00bbVe\u010d informacij\u00ab (\u00bbView Info\u00ab).<\/p>\n<p>\u00a9 = Vse pravice pridr\u017eane s strani navedene osebe ali subjektov. \u2013 Razlage drugih simbolov oz. uporabljenih licenc ter pravic, ki izhajajo iz njih, si lahko ogledate <a href=\"https:\/\/creativecommons.org\/share-your-work\/licensing-types-examples\/\">tukaj<\/a>.<\/p>\n<p>Za dostop do fotografij za prenos ter v primeru kakr\u0161nih koli vpra\u0161anj glede licenciranja ali avtorskih pravic obi\u0161\u010dite spletno stran <a href=\"http:\/\/media.greenpeace.org\/?_ga=2.58072942.555081399.1556108862-2109276.1556108862\">media.greenpeace.org<\/a>.<\/p>\n<p>Za kakr\u0161no koli drugo uporabo (na primer za uporabo slik oz. fotografij za osebno ali poslovno korist) je potrebno dovoljenje <a href=\"http:\/\/media.greenpeace.org\/?_ga=2.58072942.555081399.1556108862-2109276.1556108862\">medijske knji\u017enice<\/a> Greenpeacea International. Komercialna uporaba katere koli fotografije\/slike Greenpeace brez dovoljenja pomeni kr\u0161itev avtorskih pravic in lahko kr\u0161i tudi druge pravice.<\/p>\n<p>Slike\/fotografije za uporabo v publikacijah v velikosti, primerni za reprodukcijo (velikost datoteke pribli\u017eno 8 megabajtov), ki jih Greenpeace po\u0161ilja novinarjem in tiskovnim agencijam, morajo biti uporabljene v 14 dneh, arhiviranje in\/ali nadaljnja prodaja teh slik\/fotografij pa je strogo prepovedana. Po preteku \u0161tirinajstih dni nas za pridobitev dovoljenja za objavo <a href=\"http:\/\/media.greenpeace.org\/ContactUs?_ga=2.58072942.555081399.1556108862-2109276.1556108862\">kontaktirajte<\/a>.<\/p>\n<h3><strong>Videoposnetki<\/strong><\/h3>\n<p>Za uporabo videoposnetkov veljajo enaki pogoji kot za gradivo, navedeno zgoraj. Vendar pa so vsi na\u0161i videoposnetki na voljo za prenos.<\/p>\n","protected":false},"excerpt":{"rendered":"<p>Splo\u0161no Na\u0161e gradivo, objavljeno na spletni strani https:\/\/www.greenpeace.org, je prosto dostopno za uporabo za osebne in izobra\u017eevalne namene. \u010ce \u017eelite uporabiti posnetke zaslona za u\u010dbenik ali \u010de \u017eelite katerega izmed prispevkov objaviti v va\u0161em skupnostnem glasilu, vam ni potrebno spra\u0161evati za dovoljenje, pod pogojem, da ste prebrali in upo\u0161tevate na\u0161a osnovna pravila. Izrecno prepovedujemo vsakr\u0161no [&hellip;]<\/p>\n","protected":false},"author":1,"featured_media":0,"parent":0,"menu_order":0,"comment_status":"closed","ping_status":"closed","template":"page-templates\/evergreen.php","meta":{"ep_exclude_from_search":false,"p4_hide_page_title_checkbox":"on","p4_title":"","p4_subtitle":"","p4_description":"","background_image_id":"","background_image":"","p4_button_title":"","p4_button_link":"","p4_button_link_checkbox":"","p4_og_title":"","p4_og_description":"","p4_og_image":"","p4_og_image_id":"","p4_seo_canonical_url":"","p4_campaign_name":"not set","p4_local_project":"","p4_basket_name":"not set","p4_department":"","footnotes":""},"categories":[1],"tags":[],"class_list":["post-238","page","type-page","status-publish","hentry","category-uncategorized"],"_links":{"self":[{"href":"https:\/\/www.greenpeace.org\/slovenia\/wp-json\/wp\/v2\/pages\/238","targetHints":{"allow":["GET"]}}],"collection":[{"href":"https:\/\/www.greenpeace.org\/slovenia\/wp-json\/wp\/v2\/pages"}],"about":[{"href":"https:\/\/www.greenpeace.org\/slovenia\/wp-json\/wp\/v2\/types\/page"}],"author":[{"embeddable":true,"href":"https:\/\/www.greenpeace.org\/slovenia\/wp-json\/wp\/v2\/users\/1"}],"replies":[{"embeddable":true,"href":"https:\/\/www.greenpeace.org\/slovenia\/wp-json\/wp\/v2\/comments?post=238"}],"version-history":[{"count":10,"href":"https:\/\/www.greenpeace.org\/slovenia\/wp-json\/wp\/v2\/pages\/238\/revisions"}],"predecessor-version":[{"id":52699,"href":"https:\/\/www.greenpeace.org\/slovenia\/wp-json\/wp\/v2\/pages\/238\/revisions\/52699"}],"wp:attachment":[{"href":"https:\/\/www.greenpeace.org\/slovenia\/wp-json\/wp\/v2\/media?parent=238"}],"wp:term":[{"taxonomy":"category","embeddable":true,"href":"https:\/\/www.greenpeace.org\/slovenia\/wp-json\/wp\/v2\/categories?post=238"},{"taxonomy":"post_tag","embeddable":true,"href":"https:\/\/www.greenpeace.org\/slovenia\/wp-json\/wp\/v2\/tags?post=238"}],"curies":[{"name":"wp","href":"https:\/\/api.w.org\/{rel}","templated":true}]}}