{"id":240,"date":"2018-05-14T12:50:41","date_gmt":"2018-05-14T12:50:41","guid":{"rendered":"https:\/\/k8s.p4.greenpeace.org\/defaultcontent\/?page_id=240"},"modified":"2025-06-23T16:44:44","modified_gmt":"2025-06-23T14:44:44","slug":"politika-skupnosti","status":"publish","type":"page","link":"https:\/\/www.greenpeace.org\/slovenia\/politika-skupnosti\/","title":{"rendered":"Politika skupnosti"},"content":{"rendered":"\n                \n                <div class=\"wp-block-group alignfull is-layout-flow wp-block-group-is-layout-flow\">\n                \n                <div class=\"wp-block-group container is-layout-flow wp-block-group-is-layout-flow\">\n                \n                <div class=\"wp-block-media-text alignfull has-media-on-the-right is-stacked-on-mobile is-pattern-p4-page-header is-style-parallax\">\n\n                <div class=\"wp-block-media-text__content\">\n                    <div class=\"wp-block-group is-layout-flow wp-block-group-is-layout-flow\">\n                    \n                        <h1 class=\"wp-block-heading has-white-background-color has-background\">\n                            Politika skupnosti\n                        <\/h1>\n                    <\/div>\n                \n\n                \n                        <p style=\"font-size:1.25rem\">\n                            Prepri\u010dani smo, da si vsak zaslu\u017ei prilo\u017enost, da izrazi svoje mnenje, v upanju, da bomo na\u0161li skupno stali\u0161\u010de. Trudimo se dose\u010di kompromis, s katerim bomo vsi napredovali proti lep\u0161i prihodnosti.\n                        <\/p>\n                    \n\n                \n\n                <\/div>\n                <figure class=\"wp-block-media-text__media\">\n                    <img loading=\"lazy\" decoding=\"async\" width=\"600\" height=\"400\"\n                        src=\"https:\/\/www.greenpeace.org\/static\/planet4-slovenia-stateless\/2019\/03\/449e54e6-449e54e6-126066_218084.jpg\"\n                        alt=\"\"\n                        sizes=\"auto, (min-width: 601px) 50vw, 100vw\" srcset=\"https:\/\/www.greenpeace.org\/static\/planet4-slovenia-stateless\/2019\/03\/449e54e6-449e54e6-126066_218084.jpg 600w, https:\/\/www.greenpeace.org\/static\/planet4-slovenia-stateless\/2019\/03\/449e54e6-449e54e6-126066_218084-300x200.jpg 300w, https:\/\/www.greenpeace.org\/static\/planet4-slovenia-stateless\/2019\/03\/449e54e6-449e54e6-126066_218084-510x340.jpg 510w\" class=\"wp-image-889 size-full\"\n                    \/>\n                <\/figure>\n                <\/div>\n                \n                <\/div>\n                \n                <\/div>\n                \n                <p>                Zato je razdelek s komentarji na\u0161ih prispevkov tako pomemben varen prostor, kjer lahko vsi, tudi tisti, ki se ne strinjajo z na\u0161o vizijo, sodelujejo v pogovoru in med sabo izmenjujejo svoje poglede.<\/p>\n<p>Spodbujamo razpravo in pogovor, ker verjamemo, da se iz tega pogosto porodijo najbolj\u0161e ideje. Zelo nam je v\u0161e\u010d, ko vidimo, da se ljudje strastno zavzemajo za to, v kar verjamejo, ter imajo prilo\u017enost prisluhniti novim idejam ali novim pogledom na dolo\u010den problem. Vendar pa smo trdno prepri\u010dani, da morajo biti tak\u0161ni pogovori iskreni in spo\u0161tljivi, \u010de \u017eelimo, da so koristni.<\/p>\n<p>Zato vse, ki si \u017eelijo prispevati k pogovorom na tej spletni strani, vklju\u010dno z ljudmi, ki objavljajo mnenja v imenu Greenpeacea, pozivamo, da upo\u0161tevajo naslednja preprosta pravila:<\/p>\n<ul>\n<li><strong>Bodite resnicoljubni<\/strong><\/li>\n<li><strong>Iskreno povejte, kdo ste <\/strong>in zakaj ste tukaj. \u010ce zastopate interese podjetij ali dr\u017eav, \u010de vas pla\u010dujejo za va\u0161a mnenja ali ste v navzkri\u017eju interesov, lahko sodelujete v pogovoru. Vendar pa prosimo, da to vsem razkrijete, zato da bo jasen kontekst v ozadju va\u0161ih komentarjev.<\/li>\n<li><strong>Bodite vljudni in spo\u0161tljivi<\/strong> pri izra\u017eanju svojih mnenj. Ne govorite drugim stvari, za katere ne bi \u017eeleli, da bi jih drugi govorili vam. To pomeni, da se vzdr\u017eite diskriminatornih komentarjev, osebnih napadov, neprimernega jezika, obrekovanja in vsakr\u0161nega pozivanja k nasilju.<\/li>\n<li><strong>Dopustite vsakemu, da sodeluje v razpravi<\/strong> \u2013 pridr\u017eujemo si pravico, da odstranimo va\u0161e objave, \u010de po nepotrebnem objavljate svoje komentarje enega za drugim, zato si ne prisvajajte celotnega prostora za komentarje.<\/li>\n<li><strong>Osredoto\u010dite se na temo pogovora<\/strong>, saj bodo tako tudi ostali ljudje la\u017eje sodelovali v pogovoru.<\/li>\n<li><strong>Pogovarjajte se, in ne prodajajte. <\/strong>To je prostor za pogovor o pomembnih vpra\u0161anjih, ki ni namenjen komercialni dejavnosti ali mno\u017ei\u010dni promociji. Imamo politiko ni\u010delne tolerance do ne\u017eelenih objav.<\/li>\n<\/ul>\n<p>\u010ce boste spo\u0161tovali zgornja pravila, vam ne bomo prepovedali objavljanja ali brisali va\u0161ih komentarjev, ker se ne bi strinjali s tem, kar govorite.<\/p>\n<p>Verjamemo, da sta svoboda govora in prosta izmenjava idej izjemno pomembni, zato si aktivno prizadevamo za njuno za\u0161\u010dito. Bomo pa v primeru nadlegovanja ali la\u017enega predstavljanja ukrepali, z namenom varovanja duha na\u0161e skupnosti. Ti ukrepi lahko vklju\u010dujejo skrivanje oz. brisanje va\u0161ih komentarjev, posege v komentarje zaradi brisanja promocijskih vsebin, zapiranja tem ali celo izklju\u010ditve \/ brisanja uporabni\u0161kih ra\u010dunov. Lahko tudi izklopimo mo\u017enost komentiranja za dolo\u010dene teme ali na celotni spletni strani, \u010de presodimo, da gre za organiziran napad.<\/p>\n<p>Vse \u010dlane skupnosti, ki menijo, da se kdo vede na zgoraj opisani na\u010din, pozivamo, da tak\u0161no dejavnost prijavijo na\u0161emu <a href=\"mailto:info.si@greenpeace.org\">spletnemu skrbniku<\/a>.<\/p>\n<p>Trudimo se, da je celotna vsebina na\u0161e spletne strani to\u010dna in skladna z na\u0161imi stali\u0161\u010di in vrednotami. Vendar pa vsebino in komentarje, ki jih objavljajo \u010dlani na\u0161e skupnosti, pi\u0161ejo obi\u010dajni ljudje, kot ste vi. Upamo, da razumete, da njihova mnenja ne odra\u017eajo nujno Greenpeacea International ali katere koli nacionalne oz. regionalne organizacije Greenpeace. \u010ce \u017eelite uraden odziv Greenpeacea International, si oglejte na\u0161a sporo\u010dila za javnost, publikacije in vsebinske strani, ali pa pi\u0161ite na\u0161i <a href=\"mailto:pressdesk.int@greenpeace.org\">pisarni<\/a>.<\/p>\n<p>Politika skupnosti velja za na\u0161o spletno stran in vse spletne kanale, ki jih upravljamo (npr. <a href=\"https:\/\/www.facebook.com\/greenpeacesi\/\">Facebook<\/a>, <a href=\"https:\/\/twitter.com\/greenpeacesi\">Twitter<\/a>, <a href=\"https:\/\/www.instagram.com\/greenpeaceceevsloveniji\/\">Instagram<\/a> in druge).<\/p>\n","protected":false},"excerpt":{"rendered":"<p>Zato je razdelek s komentarji na\u0161ih prispevkov tako pomemben varen prostor, kjer lahko vsi, tudi tisti, ki se ne strinjajo z na\u0161o vizijo, sodelujejo v pogovoru in med sabo izmenjujejo svoje poglede. Spodbujamo razpravo in pogovor, ker verjamemo, da se iz tega pogosto porodijo najbolj\u0161e ideje. Zelo nam je v\u0161e\u010d, ko vidimo, da se ljudje [&hellip;]<\/p>\n","protected":false},"author":1,"featured_media":0,"parent":0,"menu_order":0,"comment_status":"closed","ping_status":"closed","template":"page-templates\/evergreen.php","meta":{"ep_exclude_from_search":false,"p4_hide_page_title_checkbox":"on","p4_title":"","p4_subtitle":"","p4_description":"","background_image_id":"","background_image":"","p4_button_title":"","p4_button_link":"","p4_button_link_checkbox":"","p4_og_title":"","p4_og_description":"","p4_og_image":"","p4_og_image_id":"","p4_seo_canonical_url":"","p4_campaign_name":"not set","p4_local_project":"","p4_basket_name":"not set","p4_department":"","footnotes":""},"categories":[1],"tags":[],"class_list":["post-240","page","type-page","status-publish","hentry","category-uncategorized"],"_links":{"self":[{"href":"https:\/\/www.greenpeace.org\/slovenia\/wp-json\/wp\/v2\/pages\/240","targetHints":{"allow":["GET"]}}],"collection":[{"href":"https:\/\/www.greenpeace.org\/slovenia\/wp-json\/wp\/v2\/pages"}],"about":[{"href":"https:\/\/www.greenpeace.org\/slovenia\/wp-json\/wp\/v2\/types\/page"}],"author":[{"embeddable":true,"href":"https:\/\/www.greenpeace.org\/slovenia\/wp-json\/wp\/v2\/users\/1"}],"replies":[{"embeddable":true,"href":"https:\/\/www.greenpeace.org\/slovenia\/wp-json\/wp\/v2\/comments?post=240"}],"version-history":[{"count":10,"href":"https:\/\/www.greenpeace.org\/slovenia\/wp-json\/wp\/v2\/pages\/240\/revisions"}],"predecessor-version":[{"id":52698,"href":"https:\/\/www.greenpeace.org\/slovenia\/wp-json\/wp\/v2\/pages\/240\/revisions\/52698"}],"wp:attachment":[{"href":"https:\/\/www.greenpeace.org\/slovenia\/wp-json\/wp\/v2\/media?parent=240"}],"wp:term":[{"taxonomy":"category","embeddable":true,"href":"https:\/\/www.greenpeace.org\/slovenia\/wp-json\/wp\/v2\/categories?post=240"},{"taxonomy":"post_tag","embeddable":true,"href":"https:\/\/www.greenpeace.org\/slovenia\/wp-json\/wp\/v2\/tags?post=240"}],"curies":[{"name":"wp","href":"https:\/\/api.w.org\/{rel}","templated":true}]}}