{"id":2653,"date":"2020-03-26T14:20:34","date_gmt":"2020-03-26T14:20:34","guid":{"rendered":"https:\/\/www.greenpeace.org\/slovenia\/gozdovi\/"},"modified":"2026-04-08T10:56:20","modified_gmt":"2026-04-08T08:56:20","slug":"gozdovi","status":"publish","type":"page","link":"https:\/\/www.greenpeace.org\/slovenia\/gozdovi\/","title":{"rendered":"#Gozdovi"},"content":{"rendered":"\n                    <div class=\"wp-block-group is-vertical is-layout-flex wp-container-core-group-is-layout-8cf370e7 wp-block-group-is-layout-flex\">\n                    \n                                <p>Na\u0161i gozdovi so neprecenljivi. Moramo jih za\u0161\u010dititi za ljudstva, ki \u017eivijo v njih in ljudi nasplo\u0161no. \r\n\r\nGozdovi uravnavajo podnebje in so dom ne\u0161tetim rastlinam in \u017eivalim. \r\n\r\nToda za nekatere so gozdovi samo zemlja, ki \u010daka, da postane pa\u0161nik, nasad ali cesta, ali pa predstavljajo vir lesa, gume in drugih mineralov.<\/p>\n                            \n\n                    \n                    <\/div>\n                    \n        <div class=\"wp-block-query actions-list p4-query-loop is-custom-layout-actions-list is-custom-layout-grid is-layout-grid wp-container-core-query-is-layout-29f43435 wp-block-query-is-layout-grid\"><h2 class=\"wp-block-heading\">Stvari, ki jih lahko storite<\/h2>\n        <p style=\"margin-top: 24px; margin-bottom: 32px;\">u017delimo da ukrepate, saj smo skupaj mou010dneju0161i.<\/p>\n        \n        <ul class=\"wp-block-post-template is-layout-flow wp-block-post-template-is-layout-flow\"><li class=\"wp-block-post post-79152 p4_action type-p4_action status-publish has-post-thumbnail hentry category-narava tag-gozdovi action-type-petitions\">\n                <figure class=\"wp-block-post-featured-image\"><img loading=\"lazy\" decoding=\"async\" width=\"800\" height=\"533\" src=\"https:\/\/www.greenpeace.org\/static\/planet4-slovenia-stateless\/2025\/09\/2a1e48b6-gp0stwqr6_low-res-with-credit-line-800px.jpg\" class=\"attachment-post-thumbnail size-post-thumbnail wp-post-image wp-stateless-item\" alt=\"\" style=\"object-fit:cover;\" srcset=\"https:\/\/www.greenpeace.org\/static\/planet4-slovenia-stateless\/2025\/09\/2a1e48b6-gp0stwqr6_low-res-with-credit-line-800px.jpg 800w, https:\/\/www.greenpeace.org\/static\/planet4-slovenia-stateless\/2025\/09\/2a1e48b6-gp0stwqr6_low-res-with-credit-line-800px-300x200.jpg 300w, https:\/\/www.greenpeace.org\/static\/planet4-slovenia-stateless\/2025\/09\/2a1e48b6-gp0stwqr6_low-res-with-credit-line-800px-768x512.jpg 768w, https:\/\/www.greenpeace.org\/static\/planet4-slovenia-stateless\/2025\/09\/2a1e48b6-gp0stwqr6_low-res-with-credit-line-800px-510x340.jpg 510w\" sizes=\"auto, (max-width: 800px) 100vw, 800px\" data-image-size=\"post-thumbnail\" data-stateless-media-bucket=\"planet4-slovenia-stateless\" data-stateless-media-name=\"2025\/09\/2a1e48b6-gp0stwqr6_low-res-with-credit-line-800px.jpg\" \/><\/figure>\n                \n                <div class=\"wp-block-group group-stretched-link is-layout-flow wp-block-group-is-layout-flow\"><div class=\"wp-block-post-terms\">Narava<\/div>\n                <h3 class=\"wp-block-post-title\"><a href=\"https:\/\/www.greenpeace.org\/slovenia\/petitions\/doniraj-za-ekspedicijo-v-romunijo\/\" target=\"_self\" >Doniraj za ekspedicijo v Romunijo<\/a><\/h3>\n                <div class=\"wp-block-post-excerpt\"><p class=\"wp-block-post-excerpt__excerpt\">Poleti smo stali sredi starodavnih gozdov Karpatov v Romuniji. To, kar smo tam odkrili, nas preganja \u0161e danes: poseki in mogo\u010dna stoletna drevesa zravnana do \u0161torov. Potrebujemo 4.000 \u20ac za vrnitev v Romunijo in nadaljevanje pritiska na Ikeo! <\/p><\/div><\/div>\n                \n                \n        <div class=\"wp-block-group read-more-nav is-layout-flow wp-block-group-is-layout-flow\"><a href=\"https:\/\/www.greenpeace.org\/slovenia\/petitions\/doniraj-za-ekspedicijo-v-romunijo\/\" class=\"btn btn-primary btn-small\" aria-label=\"ukrepaj\">Doniraj danes<\/a>\n        \n        \n        <\/div>\n        \n                <\/li><li class=\"wp-block-post post-79035 p4_action type-p4_action status-publish has-post-thumbnail hentry category-narava tag-gozdovi action-type-petitions\">\n                <figure class=\"wp-block-post-featured-image\"><img loading=\"lazy\" decoding=\"async\" width=\"1199\" height=\"899\" src=\"https:\/\/www.greenpeace.org\/static\/planet4-slovenia-stateless\/2019\/12\/514f86a5-gp0sttlla.jpg\" class=\"attachment-post-thumbnail size-post-thumbnail wp-post-image wp-stateless-item\" alt=\"Forest Destruction in Finland. \u00a9 Jani Sipil\u00e4 \/ Greenpeace\" style=\"object-fit:cover;\" srcset=\"https:\/\/www.greenpeace.org\/static\/planet4-slovenia-stateless\/2019\/12\/514f86a5-gp0sttlla.jpg 1199w, https:\/\/www.greenpeace.org\/static\/planet4-slovenia-stateless\/2019\/12\/514f86a5-gp0sttlla-300x225.jpg 300w, https:\/\/www.greenpeace.org\/static\/planet4-slovenia-stateless\/2019\/12\/514f86a5-gp0sttlla-1024x768.jpg 1024w, https:\/\/www.greenpeace.org\/static\/planet4-slovenia-stateless\/2019\/12\/514f86a5-gp0sttlla-768x576.jpg 768w, https:\/\/www.greenpeace.org\/static\/planet4-slovenia-stateless\/2019\/12\/514f86a5-gp0sttlla-453x340.jpg 453w\" sizes=\"auto, (max-width: 1199px) 100vw, 1199px\" data-image-size=\"post-thumbnail\" data-stateless-media-bucket=\"planet4-slovenia-stateless\" data-stateless-media-name=\"2019\/12\/514f86a5-gp0sttlla.jpg\" \/><\/figure>\n                \n                <div class=\"wp-block-group group-stretched-link is-layout-flow wp-block-group-is-layout-flow\"><div class=\"wp-block-post-terms\">Narava<\/div>\n                <h3 class=\"wp-block-post-title\"><a href=\"https:\/\/www.greenpeace.org\/slovenia\/petitions\/zascitimo-gozdove\/\" target=\"_self\" >Peticija za za\u0161\u010dito gozdov<\/a><\/h3>\n                <div class=\"wp-block-post-excerpt\"><p class=\"wp-block-post-excerpt__excerpt\">\u010ceprav korporacije in vlade \u017ee leta obljubljajo konec uni\u010devanja gozdov, vsako leto znova izginjajo stoletna drevesa \u2013 tako doma kot po svetu. Dovolj je praznih obljub! \u010casa za odla\u0161anje ni ve\u010d! <\/p><\/div><\/div>\n                \n                \n        <div class=\"wp-block-group read-more-nav is-layout-flow wp-block-group-is-layout-flow\"><a href=\"https:\/\/www.greenpeace.org\/slovenia\/petitions\/zascitimo-gozdove\/\" class=\"btn btn-primary btn-small\" aria-label=\"Pridru\u017ei se\">Pridru\u017ei se<\/a>\n        \n        \n        <\/div>\n        \n                <\/li><li class=\"wp-block-post post-53104 p4_action type-p4_action status-publish has-post-thumbnail hentry category-narava tag-gozdovi action-type-act\">\n                <figure class=\"wp-block-post-featured-image\"><img loading=\"lazy\" decoding=\"async\" width=\"2560\" height=\"1707\" src=\"https:\/\/www.greenpeace.org\/static\/planet4-slovenia-stateless\/2025\/10\/d10d20e2-gp0su6o5b-scaled.jpg\" class=\"attachment-post-thumbnail size-post-thumbnail wp-post-image wp-stateless-item\" alt=\"\" style=\"object-fit:cover;\" srcset=\"https:\/\/www.greenpeace.org\/static\/planet4-slovenia-stateless\/2025\/10\/d10d20e2-gp0su6o5b-scaled.jpg 2560w, https:\/\/www.greenpeace.org\/static\/planet4-slovenia-stateless\/2025\/10\/d10d20e2-gp0su6o5b-300x200.jpg 300w, https:\/\/www.greenpeace.org\/static\/planet4-slovenia-stateless\/2025\/10\/d10d20e2-gp0su6o5b-1024x683.jpg 1024w, https:\/\/www.greenpeace.org\/static\/planet4-slovenia-stateless\/2025\/10\/d10d20e2-gp0su6o5b-768x512.jpg 768w, https:\/\/www.greenpeace.org\/static\/planet4-slovenia-stateless\/2025\/10\/d10d20e2-gp0su6o5b-1536x1024.jpg 1536w, https:\/\/www.greenpeace.org\/static\/planet4-slovenia-stateless\/2025\/10\/d10d20e2-gp0su6o5b-2048x1366.jpg 2048w, https:\/\/www.greenpeace.org\/static\/planet4-slovenia-stateless\/2025\/10\/d10d20e2-gp0su6o5b-510x340.jpg 510w\" sizes=\"auto, (max-width: 2560px) 100vw, 2560px\" data-image-size=\"post-thumbnail\" data-stateless-media-bucket=\"planet4-slovenia-stateless\" data-stateless-media-name=\"2025\/10\/d10d20e2-gp0su6o5b-scaled.jpg\" \/><\/figure>\n                \n                <div class=\"wp-block-group group-stretched-link is-layout-flow wp-block-group-is-layout-flow\"><div class=\"wp-block-post-terms\">Narava<\/div>\n                <h3 class=\"wp-block-post-title\"><a href=\"https:\/\/www.greenpeace.org\/slovenia\/act\/poziv-ikea\/\" target=\"_self\" >Pozovi IKEO: dovolj uni\u010devanja gozdov!<\/a><\/h3>\n                <div class=\"wp-block-post-excerpt\"><p class=\"wp-block-post-excerpt__excerpt\">Po\u0161lji sporo\u010dilo Ikei Slovenija in ji povej, da je dovolj uni\u010devanja dragocenih gozdov za poceni pohi\u0161tvo! Predlagano besedilo spodaj lahko po\u0161ljete tako, kot je zapisano, ali pa ga po \u017eelji prilagodite. Prosimo, da pri pisanju ohranite spo\u0161tljiv ton komunikacije. Za kaj sploh gre? Lani smo razkrili, da proizvajalci pohi\u0161tva za podjetje IKEA uporabljajo les iz&hellip; <\/p><\/div><\/div>\n                \n                \n        <div class=\"wp-block-group read-more-nav is-layout-flow wp-block-group-is-layout-flow\"><a href=\"https:\/\/www.greenpeace.org\/slovenia\/act\/poziv-ikea\/\" class=\"btn btn-primary btn-small\" aria-label=\"ukrepaj\">Po\u0161lji poziv<\/a>\n        \n        \n        <\/div>\n        \n                <\/li><\/ul>\n        \n<div class=\"wp-block-buttons carousel-controls is-horizontal is-content-justification-space-between is-nowrap is-layout-flex wp-container-core-buttons-is-layout-044bd602 wp-block-buttons-is-layout-flex\">\n            <div class=\"wp-block-button carousel-control-prev\"><button type=\"button\" class=\"wp-block-button__link wp-element-button\">Prev<\/button><\/div>\n        \n\n            <div class=\"wp-block-button carousel-control-next\"><button type=\"button\" class=\"wp-block-button__link wp-element-button\">Next<\/button><\/div>\n        <\/div>\n\n        \n<div class=\"wp-block-buttons load-more-actions-container is-content-justification-center is-layout-flex wp-container-core-buttons-is-layout-16018d1d wp-block-buttons-is-layout-flex\">\n                <div class=\"wp-block-button is-style-secondary\"><button type=\"button\" class=\"wp-block-button__link wp-element-button\">Nalo\u017ei ve\u010d<\/button><\/div>\n            \n<\/div>\n<\/div>\n        \n    <div class=\"wp-block-query posts-list p4-query-loop is-custom-layout-list is-layout-flow wp-block-query-is-layout-flow\">\n        <div class=\"wp-block-group is-content-justification-space-between is-layout-flex wp-container-core-group-is-layout-3d213aab wp-block-group-is-layout-flex\"><h2 class=\"wp-block-heading\">Sorodni \u010dlanki<\/h2>\n        <li class=\" wp-block-navigation-item see-all-link wp-block-navigation-link\"><a class=\"wp-block-navigation-item__content\"  href=\"http:\/\/www.greenpeace.org\/slovenia\/news-stories\/?tag=gozdovi\"><span class=\"wp-block-navigation-item__label\">See all stories<\/span><\/a><\/li>\n        \n        <\/div>\n        \n\n    <p style=\"margin-top: 24px; margin-bottom: 36px;\"><\/p>\n\n    \n\n    <ul class=\"wp-block-post-template is-layout-flow wp-block-post-template-is-layout-flow\"><li class=\"wp-block-post post-79081 post type-post status-publish format-standard has-post-thumbnail hentry category-narava tag-gozdovi p4-page-type-blog\">\n            \n<div class=\"wp-block-columns is-layout-flex wp-container-core-columns-is-layout-9d6595d7 wp-block-columns-is-layout-flex\"><figure class=\"wp-block-post-featured-image\"><a href=\"https:\/\/www.greenpeace.org\/slovenia\/blog\/79081\/stanje-gozdov-v-evropi\/\" target=\"_self\"  ><img loading=\"lazy\" decoding=\"async\" width=\"1280\" height=\"720\" src=\"https:\/\/www.greenpeace.org\/static\/planet4-slovenia-stateless\/2026\/04\/78672c6c-forest-blog-thumbnail.jpg\" class=\"attachment-post-thumbnail size-post-thumbnail wp-post-image wp-stateless-item\" alt=\"Stanje gozdov v Evropi\" style=\"object-fit:cover;\" srcset=\"https:\/\/www.greenpeace.org\/static\/planet4-slovenia-stateless\/2026\/04\/78672c6c-forest-blog-thumbnail.jpg 1280w, https:\/\/www.greenpeace.org\/static\/planet4-slovenia-stateless\/2026\/04\/78672c6c-forest-blog-thumbnail-300x169.jpg 300w, https:\/\/www.greenpeace.org\/static\/planet4-slovenia-stateless\/2026\/04\/78672c6c-forest-blog-thumbnail-1024x576.jpg 1024w, https:\/\/www.greenpeace.org\/static\/planet4-slovenia-stateless\/2026\/04\/78672c6c-forest-blog-thumbnail-768x432.jpg 768w, https:\/\/www.greenpeace.org\/static\/planet4-slovenia-stateless\/2026\/04\/78672c6c-forest-blog-thumbnail-510x287.jpg 510w\" sizes=\"auto, (max-width: 1280px) 100vw, 1280px\" data-image-size=\"post-thumbnail\" data-stateless-media-bucket=\"planet4-slovenia-stateless\" data-stateless-media-name=\"2026\/04\/78672c6c-forest-blog-thumbnail.jpg\" \/><\/a><\/figure>\n\n        <div class=\"wp-block-group is-layout-flow wp-block-group-is-layout-flow\">\n                <div class=\"wp-block-group is-layout-flex wp-block-group-is-layout-flex\"><div class=\"wp-block-post-terms\"><a href=\"https:\/\/www.greenpeace.org\/slovenia\/category\/teme\/narava\/\">Narava<\/a><\/div>\n                <div class=\"taxonomy-post_tag wp-block-post-terms\"><a href=\"https:\/\/www.greenpeace.org\/slovenia\/tag\/gozdovi\/\" rel=\"tag\">Gozdovi<\/a><\/div>\n                \n                <\/div>\n                \n        <h3 class=\"wp-block-post-title\"><a href=\"https:\/\/www.greenpeace.org\/slovenia\/blog\/79081\/stanje-gozdov-v-evropi\/\" target=\"_self\" >Stanje gozdov v Evropi<\/a><\/h3>\n        <div class=\"wp-block-post-excerpt\"><p class=\"wp-block-post-excerpt__excerpt\">Evropski gozdovi na prvi pogled delujejo kot zgodba o uspehu. Skoraj 40 % povr\u0161ine Evrope je pokrite z gozdovi, njihova skupna povr\u0161ina pa se je od leta 1990 celo pove\u010dala&hellip; <\/p><\/div>\n        \n        <div class=\"wp-block-group posts-list-meta is-layout-flow wp-block-group-is-layout-flow\"><span class='article-list-item-author'>Greenpeace Slovenija<\/span>\n        <div class=\"wp-block-post-date\"><time datetime=\"2026-04-02T15:35:42+02:00\">2 aprila, 2026<\/time><\/div>\n        \n        <\/div>\n        <\/div>\n        <\/div>\n\n            <\/li><li class=\"wp-block-post post-78899 post type-post status-publish format-standard has-post-thumbnail hentry category-narava tag-gozdovi p4-page-type-blog\">\n            \n<div class=\"wp-block-columns is-layout-flex wp-container-core-columns-is-layout-9d6595d7 wp-block-columns-is-layout-flex\"><figure class=\"wp-block-post-featured-image\"><a href=\"https:\/\/www.greenpeace.org\/slovenia\/blog\/78899\/4-velicastna-drevesa-sveta\/\" target=\"_self\"  ><img loading=\"lazy\" decoding=\"async\" width=\"1005\" height=\"630\" src=\"https:\/\/www.greenpeace.org\/static\/planet4-slovenia-stateless\/2026\/01\/fe6df9a4-4-velicastna-drevesa-sveta.jpg\" class=\"attachment-post-thumbnail size-post-thumbnail wp-post-image wp-stateless-item\" alt=\"4 veli\u010dastna drevesa sveta\" style=\"object-fit:cover;\" srcset=\"https:\/\/www.greenpeace.org\/static\/planet4-slovenia-stateless\/2026\/01\/fe6df9a4-4-velicastna-drevesa-sveta.jpg 1005w, https:\/\/www.greenpeace.org\/static\/planet4-slovenia-stateless\/2026\/01\/fe6df9a4-4-velicastna-drevesa-sveta-300x188.jpg 300w, https:\/\/www.greenpeace.org\/static\/planet4-slovenia-stateless\/2026\/01\/fe6df9a4-4-velicastna-drevesa-sveta-768x481.jpg 768w, https:\/\/www.greenpeace.org\/static\/planet4-slovenia-stateless\/2026\/01\/fe6df9a4-4-velicastna-drevesa-sveta-510x320.jpg 510w\" sizes=\"auto, (max-width: 1005px) 100vw, 1005px\" data-image-size=\"post-thumbnail\" data-stateless-media-bucket=\"planet4-slovenia-stateless\" data-stateless-media-name=\"2026\/01\/fe6df9a4-4-velicastna-drevesa-sveta.jpg\" \/><\/a><\/figure>\n\n        <div class=\"wp-block-group is-layout-flow wp-block-group-is-layout-flow\">\n                <div class=\"wp-block-group is-layout-flex wp-block-group-is-layout-flex\"><div class=\"wp-block-post-terms\"><a href=\"https:\/\/www.greenpeace.org\/slovenia\/category\/teme\/narava\/\">Narava<\/a><\/div>\n                <div class=\"taxonomy-post_tag wp-block-post-terms\"><a href=\"https:\/\/www.greenpeace.org\/slovenia\/tag\/gozdovi\/\" rel=\"tag\">Gozdovi<\/a><\/div>\n                \n                <\/div>\n                \n        <h3 class=\"wp-block-post-title\"><a href=\"https:\/\/www.greenpeace.org\/slovenia\/blog\/78899\/4-velicastna-drevesa-sveta\/\" target=\"_self\" >4 veli\u010dastna drevesa sveta<\/a><\/h3>\n        <div class=\"wp-block-post-excerpt\"><p class=\"wp-block-post-excerpt__excerpt\">V \u017eivalskem svetu je gibanje marsikdaj klju\u010d do pre\u017eivetja. Drevesa te izbire nimajo. Ker drevesa ne morejo zbe\u017eati, so se morala nau\u010diti vzdr\u017eati. <\/p><\/div>\n        \n        <div class=\"wp-block-group posts-list-meta is-layout-flow wp-block-group-is-layout-flow\"><span class='article-list-item-author'><a href='https:\/\/www.greenpeace.org\/slovenia\/author\/ikavgic\/'>Ines Kavgi\u0107, Greenpeace<\/a><\/span>\n        <div class=\"wp-block-post-date\"><time datetime=\"2026-01-20T16:40:05+01:00\">20 januarja, 2026<\/time><\/div>\n        \n        <\/div>\n        <\/div>\n        <\/div>\n\n            <\/li><li class=\"wp-block-post post-78786 post type-post status-publish format-standard has-post-thumbnail hentry category-narava tag-gozdovi p4-page-type-blog\">\n            \n<div class=\"wp-block-columns is-layout-flex wp-container-core-columns-is-layout-9d6595d7 wp-block-columns-is-layout-flex\"><figure class=\"wp-block-post-featured-image\"><a href=\"https:\/\/www.greenpeace.org\/slovenia\/blog\/78786\/karpati-zelena-hrbtenica-evrope-ki-potrebuje-naso-pomoc\/\" target=\"_self\"  ><img loading=\"lazy\" decoding=\"async\" width=\"1600\" height=\"1212\" src=\"https:\/\/www.greenpeace.org\/static\/planet4-slovenia-stateless\/2025\/12\/8c1a79b2-karpati2.jpg\" class=\"attachment-post-thumbnail size-post-thumbnail wp-post-image wp-stateless-item\" alt=\"Karpati \u2013 zelena hrbtenica Evrope, ki potrebuje na\u0161o pomo\u010d\" style=\"object-fit:cover;\" srcset=\"https:\/\/www.greenpeace.org\/static\/planet4-slovenia-stateless\/2025\/12\/8c1a79b2-karpati2.jpg 1600w, https:\/\/www.greenpeace.org\/static\/planet4-slovenia-stateless\/2025\/12\/8c1a79b2-karpati2-300x227.jpg 300w, https:\/\/www.greenpeace.org\/static\/planet4-slovenia-stateless\/2025\/12\/8c1a79b2-karpati2-1024x776.jpg 1024w, https:\/\/www.greenpeace.org\/static\/planet4-slovenia-stateless\/2025\/12\/8c1a79b2-karpati2-768x582.jpg 768w, https:\/\/www.greenpeace.org\/static\/planet4-slovenia-stateless\/2025\/12\/8c1a79b2-karpati2-1536x1164.jpg 1536w, https:\/\/www.greenpeace.org\/static\/planet4-slovenia-stateless\/2025\/12\/8c1a79b2-karpati2-449x340.jpg 449w\" sizes=\"auto, (max-width: 1600px) 100vw, 1600px\" data-image-size=\"post-thumbnail\" data-stateless-media-bucket=\"planet4-slovenia-stateless\" data-stateless-media-name=\"2025\/12\/8c1a79b2-karpati2.jpg\" \/><\/a><\/figure>\n\n        <div class=\"wp-block-group is-layout-flow wp-block-group-is-layout-flow\">\n                <div class=\"wp-block-group is-layout-flex wp-block-group-is-layout-flex\"><div class=\"wp-block-post-terms\"><a href=\"https:\/\/www.greenpeace.org\/slovenia\/category\/teme\/narava\/\">Narava<\/a><\/div>\n                <div class=\"taxonomy-post_tag wp-block-post-terms\"><a href=\"https:\/\/www.greenpeace.org\/slovenia\/tag\/gozdovi\/\" rel=\"tag\">Gozdovi<\/a><\/div>\n                \n                <\/div>\n                \n        <h3 class=\"wp-block-post-title\"><a href=\"https:\/\/www.greenpeace.org\/slovenia\/blog\/78786\/karpati-zelena-hrbtenica-evrope-ki-potrebuje-naso-pomoc\/\" target=\"_self\" >Karpati \u2013 zelena hrbtenica Evrope, ki potrebuje na\u0161o pomo\u010d<\/a><\/h3>\n        <div class=\"wp-block-post-excerpt\"><p class=\"wp-block-post-excerpt__excerpt\">Karpati so druga najdalj\u0161a gorska veriga v Evropi. Razprostirajo se \u010dez osem dr\u017eav \u2013 od avstrijsko-slova\u0161ke do srbsko-romunske meje \u2013 in tvorijo zeleno hrbtenico Evrope. <\/p><\/div>\n        \n        <div class=\"wp-block-group posts-list-meta is-layout-flow wp-block-group-is-layout-flow\"><span class='article-list-item-author'>\u0160pela Bandelj Ruiz, Greenpeace<\/span>\n        <div class=\"wp-block-post-date\"><time datetime=\"2025-12-10T13:54:36+01:00\">10 decembra, 2025<\/time><\/div>\n        \n        <\/div>\n        <\/div>\n        <\/div>\n\n            <\/li><\/ul>\n\n    \n<div class=\"wp-block-buttons carousel-controls is-horizontal is-content-justification-space-between is-nowrap is-layout-flex wp-container-core-buttons-is-layout-044bd602 wp-block-buttons-is-layout-flex\">\n            <div class=\"wp-block-button carousel-control-prev\"><button type=\"button\" class=\"wp-block-button__link wp-element-button\">Prev<\/button><\/div>\n        \n\n            <div class=\"wp-block-button carousel-control-next\"><button type=\"button\" class=\"wp-block-button__link wp-element-button\">Next<\/button><\/div>\n        <\/div>\n\n\n    <li class=\" wp-block-navigation-item see-all-link wp-block-navigation-link\"><a class=\"wp-block-navigation-item__content\"  href=\"http:\/\/www.greenpeace.org\/slovenia\/news-stories\/?tag=gozdovi\"><span class=\"wp-block-navigation-item__label\">See all stories<\/span><\/a><\/li><\/div>\n    \n    <div class=\"wp-block-query posts-list p4-query-loop is-custom-layout-grid is-layout-grid wp-container-core-query-is-layout-b8bb0bd1 wp-block-query-is-layout-grid\">\n        <div class=\"wp-block-group is-content-justification-space-between is-layout-flex wp-container-core-group-is-layout-3d213aab wp-block-group-is-layout-flex\"><h2 class=\"wp-block-heading\">Publications<\/h2>\n        <li class=\" wp-block-navigation-item see-all-link wp-block-navigation-link\"><a class=\"wp-block-navigation-item__content\"  href=\"http:\/\/www.greenpeace.org\/slovenia\/news-stories\/?tag=gozdovi&#038;post-type=\"><span class=\"wp-block-navigation-item__label\">See all stories<\/span><\/a><\/li>\n        \n        <\/div>\n        \n\n    <p style=\"margin-top: 24px; margin-bottom: 36px;\"><\/p>\n\n    <div class=\"wp-block-query-no-results\">\n        <p style=\"\">No posts found.<\/p>\n        <\/div>\n\n    \n\n    \n<div class=\"wp-block-buttons carousel-controls is-horizontal is-content-justification-space-between is-nowrap is-layout-flex wp-container-core-buttons-is-layout-044bd602 wp-block-buttons-is-layout-flex\">\n            <div class=\"wp-block-button carousel-control-prev\"><button type=\"button\" class=\"wp-block-button__link wp-element-button\">Prev<\/button><\/div>\n        \n\n            <div class=\"wp-block-button carousel-control-next\"><button type=\"button\" class=\"wp-block-button__link wp-element-button\">Next<\/button><\/div>\n        <\/div>\n\n\n    <li class=\" wp-block-navigation-item see-all-link wp-block-navigation-link\"><a class=\"wp-block-navigation-item__content\"  href=\"http:\/\/www.greenpeace.org\/slovenia\/news-stories\/?tag=gozdovi&#038;post-type=\"><span class=\"wp-block-navigation-item__label\">See all stories<\/span><\/a><\/li><\/div>\n    <div data-render=\"planet4-blocks\/happypoint\" data-attributes=\"{&quot;attributes&quot;:{&quot;mailing_list_iframe&quot;:true,&quot;opacity&quot;:30,&quot;override_default_content&quot;:false,&quot;local_content_provider&quot;:&quot;none&quot;}}\"><\/div>","protected":false},"excerpt":{"rendered":"<p>Na\u0161i gozdovi so neprecenljivi. Moramo jih za\u0161\u010dititi za ljudstva, ki \u017eivijo v njih in ljudi nasplo\u0161no. Gozdovi uravnavajo podnebje in so dom ne\u0161tetim rastlinam in \u017eivalim. Toda za nekatere so gozdovi samo zemlja, ki \u010daka, da postane pa\u0161nik, nasad ali cesta, ali pa predstavljajo vir lesa, gume in drugih mineralov.<\/p>\n","protected":false},"author":25,"featured_media":0,"parent":0,"menu_order":0,"comment_status":"closed","ping_status":"closed","template":"","meta":{"ep_exclude_from_search":false,"p4_hide_page_title_checkbox":"","p4_title":"","p4_subtitle":"","p4_description":"","background_image_id":"","background_image":"","p4_button_title":"","p4_button_link":"","p4_button_link_checkbox":"","p4_og_title":"","p4_og_description":"","p4_og_image":"","p4_og_image_id":"","p4_seo_canonical_url":"","p4_campaign_name":"","p4_local_project":"","p4_basket_name":"","p4_department":"","footnotes":""},"categories":[],"tags":[],"class_list":["post-2653","page","type-page","status-publish","hentry"],"_links":{"self":[{"href":"https:\/\/www.greenpeace.org\/slovenia\/wp-json\/wp\/v2\/pages\/2653","targetHints":{"allow":["GET"]}}],"collection":[{"href":"https:\/\/www.greenpeace.org\/slovenia\/wp-json\/wp\/v2\/pages"}],"about":[{"href":"https:\/\/www.greenpeace.org\/slovenia\/wp-json\/wp\/v2\/types\/page"}],"author":[{"embeddable":true,"href":"https:\/\/www.greenpeace.org\/slovenia\/wp-json\/wp\/v2\/users\/25"}],"replies":[{"embeddable":true,"href":"https:\/\/www.greenpeace.org\/slovenia\/wp-json\/wp\/v2\/comments?post=2653"}],"version-history":[{"count":14,"href":"https:\/\/www.greenpeace.org\/slovenia\/wp-json\/wp\/v2\/pages\/2653\/revisions"}],"predecessor-version":[{"id":79145,"href":"https:\/\/www.greenpeace.org\/slovenia\/wp-json\/wp\/v2\/pages\/2653\/revisions\/79145"}],"wp:attachment":[{"href":"https:\/\/www.greenpeace.org\/slovenia\/wp-json\/wp\/v2\/media?parent=2653"}],"wp:term":[{"taxonomy":"category","embeddable":true,"href":"https:\/\/www.greenpeace.org\/slovenia\/wp-json\/wp\/v2\/categories?post=2653"},{"taxonomy":"post_tag","embeddable":true,"href":"https:\/\/www.greenpeace.org\/slovenia\/wp-json\/wp\/v2\/tags?post=2653"}],"curies":[{"name":"wp","href":"https:\/\/api.w.org\/{rel}","templated":true}]}}