{"id":2654,"date":"2020-03-26T14:25:20","date_gmt":"2020-03-26T14:25:20","guid":{"rendered":"https:\/\/www.greenpeace.org\/slovenia\/podnebje\/"},"modified":"2026-04-08T10:56:19","modified_gmt":"2026-04-08T08:56:19","slug":"podnebje","status":"publish","type":"page","link":"https:\/\/www.greenpeace.org\/slovenia\/podnebje\/","title":{"rendered":"#Podnebje"},"content":{"rendered":"\n                    <div class=\"wp-block-group is-vertical is-layout-flex wp-container-core-group-is-layout-8cf370e7 wp-block-group-is-layout-flex\">\n                    \n                                <p>Na\u0161e podnebje je bolno, vendar imamo mo\u010d, da ga ozdravimo in ustvarimo bolj zelen in enakopraven svet. \r\n\r\nEkstremni vremenski dogodki, dvig morske gladine in su\u0161e so vsi simptomi globalnega podnebja na robu propada. \r\n\r\nSmo na razpotju. \u010ce kot globalna skupnost ukrepa zdaj, lahko ohranimo dvig temperature pod katastrofalnimi ravnmi in ohranimo mo\u017enost, da ponovno stabiliziramo na\u0161e ob\u010dutljivo podnebje.\r\n\r\nKot dr\u017eavljani, potro\u0161niki in dr\u017eave lahko izberemo \u010disto energijo, varstvo gozdov in ekolo\u0161ko kmetovanje, da zmanj\u0161amo onesna\u017eevanje podnebja. \r\n\r\nSkupaj lahko ozdravimo podnebje in v procesu sodelovanja skupaj zgradimo varnej\u0161i, bolj zelen in pravi\u010dnej\u0161i svet.<\/p>\n                            \n\n                    \n                    <\/div>\n                    \n        <div class=\"wp-block-query actions-list p4-query-loop is-custom-layout-actions-list is-custom-layout-grid is-layout-grid wp-container-core-query-is-layout-29f43435 wp-block-query-is-layout-grid\"><h2 class=\"wp-block-heading\">Stvari, ki jih lahko storite<\/h2>\n        <p style=\"margin-top: 24px; margin-bottom: 32px;\">u017delimo da ukrepate, saj smo skupaj mou010dneju0161i.<\/p>\n        <div class=\"wp-block-query-no-results\">\n        <p >No posts found.<\/p>\n        <\/div>\n        \n        \n<div class=\"wp-block-buttons carousel-controls is-horizontal is-content-justification-space-between is-nowrap is-layout-flex wp-container-core-buttons-is-layout-044bd602 wp-block-buttons-is-layout-flex\">\n            <div class=\"wp-block-button carousel-control-prev\"><button type=\"button\" class=\"wp-block-button__link wp-element-button\">Prev<\/button><\/div>\n        \n\n            <div class=\"wp-block-button carousel-control-next\"><button type=\"button\" class=\"wp-block-button__link wp-element-button\">Next<\/button><\/div>\n        <\/div>\n\n        \n<div class=\"wp-block-buttons load-more-actions-container is-content-justification-center is-layout-flex wp-container-core-buttons-is-layout-16018d1d wp-block-buttons-is-layout-flex\">\n                <div class=\"wp-block-button is-style-secondary\"><button type=\"button\" class=\"wp-block-button__link wp-element-button\">Nalo\u017ei ve\u010d<\/button><\/div>\n            \n<\/div>\n<\/div>\n        \n    <div class=\"wp-block-query posts-list p4-query-loop is-custom-layout-list is-layout-flow wp-block-query-is-layout-flow\">\n        <div class=\"wp-block-group is-content-justification-space-between is-layout-flex wp-container-core-group-is-layout-3d213aab wp-block-group-is-layout-flex\"><h2 class=\"wp-block-heading\">Sorodni \u010dlanki<\/h2>\n        <li class=\" wp-block-navigation-item see-all-link wp-block-navigation-link\"><a class=\"wp-block-navigation-item__content\"  href=\"http:\/\/www.greenpeace.org\/slovenia\/news-stories\/?tag=podnebje\"><span class=\"wp-block-navigation-item__label\">See all stories<\/span><\/a><\/li>\n        \n        <\/div>\n        \n\n    <p style=\"margin-top: 24px; margin-bottom: 36px;\"><\/p>\n\n    \n\n    <ul class=\"wp-block-post-template is-layout-flow wp-block-post-template-is-layout-flow\"><li class=\"wp-block-post post-78680 post type-post status-publish format-standard has-post-thumbnail hentry category-podnebje tag-podnebje tag-cop30 p4-page-type-blog\">\n            \n<div class=\"wp-block-columns is-layout-flex wp-container-core-columns-is-layout-9d6595d7 wp-block-columns-is-layout-flex\"><figure class=\"wp-block-post-featured-image\"><a href=\"https:\/\/www.greenpeace.org\/slovenia\/blog\/78680\/cop30-dva-tedna-podnebnega-kaosa\/\" target=\"_self\"  ><img loading=\"lazy\" decoding=\"async\" width=\"1200\" height=\"857\" src=\"https:\/\/www.greenpeace.org\/static\/planet4-slovenia-stateless\/2025\/11\/efec627f-cop3.jpeg\" class=\"attachment-post-thumbnail size-post-thumbnail wp-post-image wp-stateless-item\" alt=\"COP30: Dva tedna podnebnega kaosa\" style=\"object-fit:cover;\" srcset=\"https:\/\/www.greenpeace.org\/static\/planet4-slovenia-stateless\/2025\/11\/efec627f-cop3.jpeg 1200w, https:\/\/www.greenpeace.org\/static\/planet4-slovenia-stateless\/2025\/11\/efec627f-cop3-300x214.jpeg 300w, https:\/\/www.greenpeace.org\/static\/planet4-slovenia-stateless\/2025\/11\/efec627f-cop3-1024x731.jpeg 1024w, https:\/\/www.greenpeace.org\/static\/planet4-slovenia-stateless\/2025\/11\/efec627f-cop3-768x548.jpeg 768w, https:\/\/www.greenpeace.org\/static\/planet4-slovenia-stateless\/2025\/11\/efec627f-cop3-476x340.jpeg 476w\" sizes=\"auto, (max-width: 1200px) 100vw, 1200px\" data-image-size=\"post-thumbnail\" data-stateless-media-bucket=\"planet4-slovenia-stateless\" data-stateless-media-name=\"2025\/11\/efec627f-cop3.jpeg\" \/><\/a><\/figure>\n\n        <div class=\"wp-block-group is-layout-flow wp-block-group-is-layout-flow\">\n                <div class=\"wp-block-group is-layout-flex wp-block-group-is-layout-flex\"><div class=\"wp-block-post-terms\"><a href=\"https:\/\/www.greenpeace.org\/slovenia\/category\/teme\/podnebje\/\">Podnebje<\/a><\/div>\n                <div class=\"taxonomy-post_tag wp-block-post-terms\"><a href=\"https:\/\/www.greenpeace.org\/slovenia\/tag\/podnebje\/\" rel=\"tag\">Podnebje<\/a><span class=\"wp-block-post-terms__separator\"> <\/span><a href=\"https:\/\/www.greenpeace.org\/slovenia\/tag\/cop30\/\" rel=\"tag\">cop30<\/a><\/div>\n                \n                <\/div>\n                \n        <h3 class=\"wp-block-post-title\"><a href=\"https:\/\/www.greenpeace.org\/slovenia\/blog\/78680\/cop30-dva-tedna-podnebnega-kaosa\/\" target=\"_self\" >COP30: Dva tedna podnebnega kaosa<\/a><\/h3>\n        <div class=\"wp-block-post-excerpt\"><p class=\"wp-block-post-excerpt__excerpt\">30. podnebna konferenca ZN se je kon\u010dala z dogovorom v zadnjem trenutku glede gozdnih ukrepov in razo\u010daranjem pri opustitvi fosilnih goriv. <\/p><\/div>\n        \n        <div class=\"wp-block-group posts-list-meta is-layout-flow wp-block-group-is-layout-flow\"><span class='article-list-item-author'>Sara Kosirnik<\/span>\n        <div class=\"wp-block-post-date\"><time datetime=\"2025-11-27T13:11:38+01:00\">27 novembra, 2025<\/time><\/div>\n        \n        <\/div>\n        <\/div>\n        <\/div>\n\n            <\/li><li class=\"wp-block-post post-78651 post type-post status-publish format-standard has-post-thumbnail hentry category-podnebje tag-gozdovi tag-podnebje tag-cop30 p4-page-type-blog\">\n            \n<div class=\"wp-block-columns is-layout-flex wp-container-core-columns-is-layout-9d6595d7 wp-block-columns-is-layout-flex\"><figure class=\"wp-block-post-featured-image\"><a href=\"https:\/\/www.greenpeace.org\/slovenia\/blog\/78651\/4-stvari-za-katere-se-greenpeace-bori-na-cop30\/\" target=\"_self\"  ><img loading=\"lazy\" decoding=\"async\" width=\"1200\" height=\"800\" src=\"https:\/\/www.greenpeace.org\/static\/planet4-slovenia-stateless\/2025\/11\/44ebe535-a968-466c-9151-1b34d6181d67.jpg\" class=\"attachment-post-thumbnail size-post-thumbnail wp-post-image wp-stateless-item\" alt=\"4 stvari, za katere se Greenpeace bori na COP30\" style=\"object-fit:cover;\" srcset=\"https:\/\/www.greenpeace.org\/static\/planet4-slovenia-stateless\/2025\/11\/44ebe535-a968-466c-9151-1b34d6181d67.jpg 1200w, https:\/\/www.greenpeace.org\/static\/planet4-slovenia-stateless\/2025\/11\/44ebe535-a968-466c-9151-1b34d6181d67-300x200.jpg 300w, https:\/\/www.greenpeace.org\/static\/planet4-slovenia-stateless\/2025\/11\/44ebe535-a968-466c-9151-1b34d6181d67-1024x683.jpg 1024w, https:\/\/www.greenpeace.org\/static\/planet4-slovenia-stateless\/2025\/11\/44ebe535-a968-466c-9151-1b34d6181d67-768x512.jpg 768w, https:\/\/www.greenpeace.org\/static\/planet4-slovenia-stateless\/2025\/11\/44ebe535-a968-466c-9151-1b34d6181d67-510x340.jpg 510w\" sizes=\"auto, (max-width: 1200px) 100vw, 1200px\" data-image-size=\"post-thumbnail\" data-stateless-media-bucket=\"planet4-slovenia-stateless\" data-stateless-media-name=\"2025\/11\/44ebe535-a968-466c-9151-1b34d6181d67.jpg\" \/><\/a><\/figure>\n\n        <div class=\"wp-block-group is-layout-flow wp-block-group-is-layout-flow\">\n                <div class=\"wp-block-group is-layout-flex wp-block-group-is-layout-flex\"><div class=\"wp-block-post-terms\"><a href=\"https:\/\/www.greenpeace.org\/slovenia\/category\/teme\/podnebje\/\">Podnebje<\/a><\/div>\n                <div class=\"taxonomy-post_tag wp-block-post-terms\"><a href=\"https:\/\/www.greenpeace.org\/slovenia\/tag\/gozdovi\/\" rel=\"tag\">Gozdovi<\/a><span class=\"wp-block-post-terms__separator\"> <\/span><a href=\"https:\/\/www.greenpeace.org\/slovenia\/tag\/podnebje\/\" rel=\"tag\">Podnebje<\/a><span class=\"wp-block-post-terms__separator\"> <\/span><a href=\"https:\/\/www.greenpeace.org\/slovenia\/tag\/cop30\/\" rel=\"tag\">cop30<\/a><\/div>\n                \n                <\/div>\n                \n        <h3 class=\"wp-block-post-title\"><a href=\"https:\/\/www.greenpeace.org\/slovenia\/blog\/78651\/4-stvari-za-katere-se-greenpeace-bori-na-cop30\/\" target=\"_self\" >4 stvari, za katere se Greenpeace bori na COP30<\/a><\/h3>\n        <div class=\"wp-block-post-excerpt\"><p class=\"wp-block-post-excerpt__excerpt\">Globalni akcijski na\u010drt za gozdove, da se kon\u010data kr\u010denje gozdov in propad ekosistemov &#8230; <\/p><\/div>\n        \n        <div class=\"wp-block-group posts-list-meta is-layout-flow wp-block-group-is-layout-flow\"><span class='article-list-item-author'>Sara Kosirnik<\/span>\n        <div class=\"wp-block-post-date\"><time datetime=\"2025-11-10T17:28:07+01:00\">10 novembra, 2025<\/time><\/div>\n        \n        <\/div>\n        <\/div>\n        <\/div>\n\n            <\/li><li class=\"wp-block-post post-52879 post type-post status-publish format-standard has-post-thumbnail hentry category-podnebje tag-podnebje p4-page-type-sporocilo-za-javnost\">\n            \n<div class=\"wp-block-columns is-layout-flex wp-container-core-columns-is-layout-9d6595d7 wp-block-columns-is-layout-flex\"><figure class=\"wp-block-post-featured-image\"><a href=\"https:\/\/www.greenpeace.org\/slovenia\/sporocilo-za-javnost\/52879\/prelomljene-predvolilne-obljube-poslanci-tlakujejo-pot-v-podnebni-zlom\/\" target=\"_self\"  ><img decoding=\"async\" src=\"https:\/\/www.greenpeace.org\/static\/planet4-slovenia-stateless\/2025\/07\/ab201b1b-screenshot-2025-07-14-at-17.00.50.png\" class=\"attachment-post-thumbnail size-post-thumbnail wp-post-image wp-stateless-item\" alt=\"Prelomljene predvolilne obljube: poslanci tlakujejo pot v podnebni zlom\" style=\"object-fit:cover;\" data-image-size=\"post-thumbnail\" data-stateless-media-bucket=\"planet4-slovenia-stateless\" data-stateless-media-name=\"2025\/07\/ab201b1b-screenshot-2025-07-14-at-17.00.50.png\" \/><\/a><\/figure>\n\n        <div class=\"wp-block-group is-layout-flow wp-block-group-is-layout-flow\">\n                <div class=\"wp-block-group is-layout-flex wp-block-group-is-layout-flex\"><div class=\"wp-block-post-terms\"><a href=\"https:\/\/www.greenpeace.org\/slovenia\/category\/teme\/podnebje\/\">Podnebje<\/a><\/div>\n                <div class=\"taxonomy-post_tag wp-block-post-terms\"><a href=\"https:\/\/www.greenpeace.org\/slovenia\/tag\/podnebje\/\" rel=\"tag\">Podnebje<\/a><\/div>\n                \n                <\/div>\n                \n        <h3 class=\"wp-block-post-title\"><a href=\"https:\/\/www.greenpeace.org\/slovenia\/sporocilo-za-javnost\/52879\/prelomljene-predvolilne-obljube-poslanci-tlakujejo-pot-v-podnebni-zlom\/\" target=\"_self\" >Prelomljene predvolilne obljube: poslanci tlakujejo pot v podnebni zlom<\/a><\/h3>\n        <div class=\"wp-block-post-excerpt\"><p class=\"wp-block-post-excerpt__excerpt\">Danes so poslanke in poslanci na seji Odbora za infrastrukturo odlo\u010dali o enem najpomembnej\u0161ih zakonodajnih predlogov tega mandata \u2013 o Zakonu o podnebni politiki RS. Nevladne organizacije Pravni center za&hellip; <\/p><\/div>\n        \n        <div class=\"wp-block-group posts-list-meta is-layout-flow wp-block-group-is-layout-flow\"><span class='article-list-item-author'>Sara Kosirnik<\/span>\n        <div class=\"wp-block-post-date\"><time datetime=\"2025-07-14T19:35:34+02:00\">14 julija, 2025<\/time><\/div>\n        \n        <\/div>\n        <\/div>\n        <\/div>\n\n            <\/li><\/ul>\n\n    \n<div class=\"wp-block-buttons carousel-controls is-horizontal is-content-justification-space-between is-nowrap is-layout-flex wp-container-core-buttons-is-layout-044bd602 wp-block-buttons-is-layout-flex\">\n            <div class=\"wp-block-button carousel-control-prev\"><button type=\"button\" class=\"wp-block-button__link wp-element-button\">Prev<\/button><\/div>\n        \n\n            <div class=\"wp-block-button carousel-control-next\"><button type=\"button\" class=\"wp-block-button__link wp-element-button\">Next<\/button><\/div>\n        <\/div>\n\n\n    <li class=\" wp-block-navigation-item see-all-link wp-block-navigation-link\"><a class=\"wp-block-navigation-item__content\"  href=\"http:\/\/www.greenpeace.org\/slovenia\/news-stories\/?tag=podnebje\"><span class=\"wp-block-navigation-item__label\">See all stories<\/span><\/a><\/li><\/div>\n    \n    <div class=\"wp-block-query posts-list p4-query-loop is-custom-layout-grid is-layout-grid wp-container-core-query-is-layout-b8bb0bd1 wp-block-query-is-layout-grid\">\n        <div class=\"wp-block-group is-content-justification-space-between is-layout-flex wp-container-core-group-is-layout-3d213aab wp-block-group-is-layout-flex\"><h2 class=\"wp-block-heading\">Publications<\/h2>\n        <li class=\" wp-block-navigation-item see-all-link wp-block-navigation-link\"><a class=\"wp-block-navigation-item__content\"  href=\"http:\/\/www.greenpeace.org\/slovenia\/news-stories\/?tag=podnebje&#038;post-type=\"><span class=\"wp-block-navigation-item__label\">See all stories<\/span><\/a><\/li>\n        \n        <\/div>\n        \n\n    <p style=\"margin-top: 24px; margin-bottom: 36px;\"><\/p>\n\n    <div class=\"wp-block-query-no-results\">\n        <p style=\"\">No posts found.<\/p>\n        <\/div>\n\n    \n\n    \n<div class=\"wp-block-buttons carousel-controls is-horizontal is-content-justification-space-between is-nowrap is-layout-flex wp-container-core-buttons-is-layout-044bd602 wp-block-buttons-is-layout-flex\">\n            <div class=\"wp-block-button carousel-control-prev\"><button type=\"button\" class=\"wp-block-button__link wp-element-button\">Prev<\/button><\/div>\n        \n\n            <div class=\"wp-block-button carousel-control-next\"><button type=\"button\" class=\"wp-block-button__link wp-element-button\">Next<\/button><\/div>\n        <\/div>\n\n\n    <li class=\" wp-block-navigation-item see-all-link wp-block-navigation-link\"><a class=\"wp-block-navigation-item__content\"  href=\"http:\/\/www.greenpeace.org\/slovenia\/news-stories\/?tag=podnebje&#038;post-type=\"><span class=\"wp-block-navigation-item__label\">See all stories<\/span><\/a><\/li><\/div>\n    <div data-render=\"planet4-blocks\/happypoint\" data-attributes=\"{&quot;attributes&quot;:{&quot;mailing_list_iframe&quot;:true,&quot;opacity&quot;:30,&quot;override_default_content&quot;:false,&quot;local_content_provider&quot;:&quot;none&quot;}}\"><\/div>","protected":false},"excerpt":{"rendered":"<p>Na\u0161e podnebje je bolno, vendar imamo mo\u010d, da ga ozdravimo in ustvarimo bolj zelen in enakopraven svet. Ekstremni vremenski dogodki, dvig morske gladine in su\u0161e so vsi simptomi globalnega podnebja na robu propada. Smo na razpotju. \u010ce kot globalna skupnost ukrepa zdaj, lahko ohranimo dvig temperature pod katastrofalnimi ravnmi in ohranimo mo\u017enost, da ponovno stabiliziramo [&hellip;]<\/p>\n","protected":false},"author":25,"featured_media":0,"parent":0,"menu_order":0,"comment_status":"closed","ping_status":"closed","template":"","meta":{"ep_exclude_from_search":false,"p4_hide_page_title_checkbox":"","p4_title":"","p4_subtitle":"","p4_description":"","background_image_id":"","background_image":"","p4_button_title":"","p4_button_link":"","p4_button_link_checkbox":"","p4_og_title":"","p4_og_description":"","p4_og_image":"","p4_og_image_id":"","p4_seo_canonical_url":"","p4_campaign_name":"","p4_local_project":"","p4_basket_name":"","p4_department":"","footnotes":""},"categories":[],"tags":[],"class_list":["post-2654","page","type-page","status-publish","hentry"],"_links":{"self":[{"href":"https:\/\/www.greenpeace.org\/slovenia\/wp-json\/wp\/v2\/pages\/2654","targetHints":{"allow":["GET"]}}],"collection":[{"href":"https:\/\/www.greenpeace.org\/slovenia\/wp-json\/wp\/v2\/pages"}],"about":[{"href":"https:\/\/www.greenpeace.org\/slovenia\/wp-json\/wp\/v2\/types\/page"}],"author":[{"embeddable":true,"href":"https:\/\/www.greenpeace.org\/slovenia\/wp-json\/wp\/v2\/users\/25"}],"replies":[{"embeddable":true,"href":"https:\/\/www.greenpeace.org\/slovenia\/wp-json\/wp\/v2\/comments?post=2654"}],"version-history":[{"count":14,"href":"https:\/\/www.greenpeace.org\/slovenia\/wp-json\/wp\/v2\/pages\/2654\/revisions"}],"predecessor-version":[{"id":79144,"href":"https:\/\/www.greenpeace.org\/slovenia\/wp-json\/wp\/v2\/pages\/2654\/revisions\/79144"}],"wp:attachment":[{"href":"https:\/\/www.greenpeace.org\/slovenia\/wp-json\/wp\/v2\/media?parent=2654"}],"wp:term":[{"taxonomy":"category","embeddable":true,"href":"https:\/\/www.greenpeace.org\/slovenia\/wp-json\/wp\/v2\/categories?post=2654"},{"taxonomy":"post_tag","embeddable":true,"href":"https:\/\/www.greenpeace.org\/slovenia\/wp-json\/wp\/v2\/tags?post=2654"}],"curies":[{"name":"wp","href":"https:\/\/api.w.org\/{rel}","templated":true}]}}