{"id":2686,"date":"2020-04-14T09:44:20","date_gmt":"2020-04-14T09:44:20","guid":{"rendered":"https:\/\/www.greenpeace.org\/slovenia\/koronavirus\/"},"modified":"2026-04-08T10:56:16","modified_gmt":"2026-04-08T08:56:16","slug":"koronavirus","status":"publish","type":"page","link":"https:\/\/www.greenpeace.org\/slovenia\/koronavirus\/","title":{"rendered":"#KoronaVirus"},"content":{"rendered":"\n                    <div class=\"wp-block-group is-vertical is-layout-flex wp-container-core-group-is-layout-8cf370e7 wp-block-group-is-layout-flex\">\n                    \n                                <p>[Stran v nastajanju] \u017divljenje v celotni Evropi in ve\u010djem delu sveta se je zaradi pandemije virusa COVID-19 prakti\u010dno ustavilo. Na\u0161i otroci so namesto v vrtcih oz. \u0161olah ostali doma, \u0161tevilni med nami smo pisarni\u0161ko okolje ustvarili prav tako doma, stroka in znane osebe nas pozivajo naj &#8211; tako je, ostanemo doma. Izjeme so zdravstveno osebje, zaposleni v \u017eivilskih trgovinah, lekarnah, bencinskih servisih, kmetje idr., kateri s svojim delom in po\u017ertvovalnostjo skrbijo, da nove razmere ne vplivajo na oskrbo ljudi s hrano, zdravili in energijo. V na\u0161ih video sestankih se sicer ob\u010dasno pojavijo na\u0161i otroci in tudi doma\u010di ljubljen\u010dki, a na\u0161e delo se kljub temu nadaljuje. Trenutna zdravstvena kriza je velikanska prilo\u017enost za za\u010detek nekaterih bistvenih sprememb na\u0161ih \u017eivljenj, na\u0161ega gospodarstva in tudi odnosa ljudi do narave. Milijardne investicije dr\u017eav naj spodbujajo podnebju prijazne re\u0161itve, na okolje in zdravje osredoto\u010denemu kmetijstvu ter trajnostni mobilnosti. Sedaj je \u010das, da oblikujemo bolj zeleno, zdravo in odporno gospodarstvo, ki v ospredje postavlja ljudi in planet! Tako bomo za ceno ene hkrati za\u010deli re\u0161evati tudi druge pomembne izzive sedanjosti, kot so npr. podnebna kriza, izguba biotske raznovrstnosti in neenakost med ljudmi.<\/p>\n                            \n\n                    \n                    <\/div>\n                    \n        <div class=\"wp-block-query actions-list p4-query-loop is-custom-layout-actions-list is-custom-layout-grid is-layout-grid wp-container-core-query-is-layout-29f43435 wp-block-query-is-layout-grid\"><h2 class=\"wp-block-heading\">Stvari, ki jih lahko storite<\/h2>\n        <p style=\"margin-top: 24px; margin-bottom: 32px;\">\u017delimo da ukrepate, saj smo skupaj mo\u010dnej\u0161i.<\/p>\n        <div class=\"wp-block-query-no-results\">\n        <p >No posts found.<\/p>\n        <\/div>\n        \n        \n<div class=\"wp-block-buttons carousel-controls is-horizontal is-content-justification-space-between is-nowrap is-layout-flex wp-container-core-buttons-is-layout-044bd602 wp-block-buttons-is-layout-flex\">\n            <div class=\"wp-block-button carousel-control-prev\"><button type=\"button\" class=\"wp-block-button__link wp-element-button\">Prev<\/button><\/div>\n        \n\n            <div class=\"wp-block-button carousel-control-next\"><button type=\"button\" class=\"wp-block-button__link wp-element-button\">Next<\/button><\/div>\n        <\/div>\n\n        \n<div class=\"wp-block-buttons load-more-actions-container is-content-justification-center is-layout-flex wp-container-core-buttons-is-layout-16018d1d wp-block-buttons-is-layout-flex\">\n                <div class=\"wp-block-button is-style-secondary\"><button type=\"button\" class=\"wp-block-button__link wp-element-button\">Nalo\u017ei ve\u010d<\/button><\/div>\n            \n<\/div>\n<\/div>\n        \n    <div class=\"wp-block-query posts-list p4-query-loop is-custom-layout-list is-layout-flow wp-block-query-is-layout-flow\">\n        <div class=\"wp-block-group is-content-justification-space-between is-layout-flex wp-container-core-group-is-layout-3d213aab wp-block-group-is-layout-flex\"><h2 class=\"wp-block-heading\">Sorodni \u010dlanki<\/h2>\n        <li class=\" wp-block-navigation-item see-all-link wp-block-navigation-link\"><a class=\"wp-block-navigation-item__content\"  href=\"http:\/\/www.greenpeace.org\/slovenia\/news-stories\/?tag=koronavirus\"><span class=\"wp-block-navigation-item__label\">See all stories<\/span><\/a><\/li>\n        \n        <\/div>\n        \n\n    <p style=\"margin-top: 24px; margin-bottom: 36px;\"><\/p>\n\n    \n\n    <ul class=\"wp-block-post-template is-layout-flow wp-block-post-template-is-layout-flow\"><li class=\"wp-block-post post-3992 post type-post status-publish format-standard has-post-thumbnail hentry category-narava tag-podnebje tag-koronavirus p4-page-type-sporocilo-za-javnost\">\n            \n<div class=\"wp-block-columns is-layout-flex wp-container-core-columns-is-layout-9d6595d7 wp-block-columns-is-layout-flex\"><figure class=\"wp-block-post-featured-image\"><a href=\"https:\/\/www.greenpeace.org\/slovenia\/sporocilo-za-javnost\/3992\/akcija-ustavimo-gradnjo-vizjakovega-nabrezja\/\" target=\"_self\"  ><img loading=\"lazy\" decoding=\"async\" width=\"2560\" height=\"1709\" src=\"https:\/\/www.greenpeace.org\/static\/planet4-slovenia-stateless\/2021\/05\/4d04a224-dsc_5385-scaled.jpg\" class=\"attachment-post-thumbnail size-post-thumbnail wp-post-image wp-stateless-item\" alt=\"Akcija: Ustavimo gradnjo \u201cVizjakovega nabre\u017eja\u201d\" style=\"object-fit:cover;\" srcset=\"https:\/\/www.greenpeace.org\/static\/planet4-slovenia-stateless\/2021\/05\/4d04a224-dsc_5385-scaled.jpg 2560w, https:\/\/www.greenpeace.org\/static\/planet4-slovenia-stateless\/2021\/05\/4d04a224-dsc_5385-300x200.jpg 300w, https:\/\/www.greenpeace.org\/static\/planet4-slovenia-stateless\/2021\/05\/4d04a224-dsc_5385-1024x684.jpg 1024w, https:\/\/www.greenpeace.org\/static\/planet4-slovenia-stateless\/2021\/05\/4d04a224-dsc_5385-768x513.jpg 768w, https:\/\/www.greenpeace.org\/static\/planet4-slovenia-stateless\/2021\/05\/4d04a224-dsc_5385-1536x1025.jpg 1536w, https:\/\/www.greenpeace.org\/static\/planet4-slovenia-stateless\/2021\/05\/4d04a224-dsc_5385-2048x1367.jpg 2048w, https:\/\/www.greenpeace.org\/static\/planet4-slovenia-stateless\/2021\/05\/4d04a224-dsc_5385-2046x1366.jpg 2046w, https:\/\/www.greenpeace.org\/static\/planet4-slovenia-stateless\/2021\/05\/4d04a224-dsc_5385-510x340.jpg 510w\" sizes=\"auto, (max-width: 2560px) 100vw, 2560px\" data-image-size=\"post-thumbnail\" data-stateless-media-bucket=\"planet4-slovenia-stateless\" data-stateless-media-name=\"2021\/05\/4d04a224-dsc_5385-scaled.jpg\" \/><\/a><\/figure>\n\n        <div class=\"wp-block-group is-layout-flow wp-block-group-is-layout-flow\">\n                <div class=\"wp-block-group is-layout-flex wp-block-group-is-layout-flex\"><div class=\"wp-block-post-terms\"><a href=\"https:\/\/www.greenpeace.org\/slovenia\/category\/teme\/narava\/\">Narava<\/a><\/div>\n                <div class=\"taxonomy-post_tag wp-block-post-terms\"><a href=\"https:\/\/www.greenpeace.org\/slovenia\/tag\/podnebje\/\" rel=\"tag\">Podnebje<\/a><span class=\"wp-block-post-terms__separator\"> <\/span><a href=\"https:\/\/www.greenpeace.org\/slovenia\/tag\/koronavirus\/\" rel=\"tag\">Koronavirus<\/a><\/div>\n                \n                <\/div>\n                \n        <h3 class=\"wp-block-post-title\"><a href=\"https:\/\/www.greenpeace.org\/slovenia\/sporocilo-za-javnost\/3992\/akcija-ustavimo-gradnjo-vizjakovega-nabrezja\/\" target=\"_self\" >Akcija: Ustavimo gradnjo \u201cVizjakovega nabre\u017eja\u201d<\/a><\/h3>\n        <div class=\"wp-block-post-excerpt\"><p class=\"wp-block-post-excerpt__excerpt\">Ljubljana, 15. 5. 2021 &#8211; Danes aktivisti Greenpeace Slovenija na rekreacijskih povr\u0161inah ob reki Savi opozorjajo na mo\u017ene \u0161kodljive posledice, ki jih prina\u0161ajo nova dolo\u010dila Zakona o vodah izpod rok&hellip; <\/p><\/div>\n        \n        <div class=\"wp-block-group posts-list-meta is-layout-flow wp-block-group-is-layout-flow\"><span class='article-list-item-author'>Greenpeace v Sloveniji<\/span>\n        <div class=\"wp-block-post-date\"><time datetime=\"2021-05-15T10:10:43+02:00\">15 maja, 2021<\/time><\/div>\n        \n        <\/div>\n        <\/div>\n        <\/div>\n\n            <\/li><li class=\"wp-block-post post-3731 post type-post status-publish format-standard has-post-thumbnail hentry category-narava tag-podnebje tag-gozdovi tag-koronavirus p4-page-type-blog\">\n            \n<div class=\"wp-block-columns is-layout-flex wp-container-core-columns-is-layout-9d6595d7 wp-block-columns-is-layout-flex\"><figure class=\"wp-block-post-featured-image\"><a href=\"https:\/\/www.greenpeace.org\/slovenia\/blog\/3731\/zapolnili-smo-nabiralnik-ministrstva-za-okolje-in-prostor\/\" target=\"_self\"  ><img loading=\"lazy\" decoding=\"async\" width=\"871\" height=\"484\" src=\"https:\/\/www.greenpeace.org\/static\/planet4-slovenia-stateless\/2021\/02\/159b0dc0-untitled.png\" class=\"attachment-post-thumbnail size-post-thumbnail wp-post-image wp-stateless-item\" alt=\"Zapolnili smo nabiralnik Ministrstva za okolje in prostor\" style=\"object-fit:cover;\" srcset=\"https:\/\/www.greenpeace.org\/static\/planet4-slovenia-stateless\/2021\/02\/159b0dc0-untitled.png 871w, https:\/\/www.greenpeace.org\/static\/planet4-slovenia-stateless\/2021\/02\/159b0dc0-untitled-300x167.png 300w, https:\/\/www.greenpeace.org\/static\/planet4-slovenia-stateless\/2021\/02\/159b0dc0-untitled-768x427.png 768w, https:\/\/www.greenpeace.org\/static\/planet4-slovenia-stateless\/2021\/02\/159b0dc0-untitled-510x283.png 510w\" sizes=\"auto, (max-width: 871px) 100vw, 871px\" data-image-size=\"post-thumbnail\" data-stateless-media-bucket=\"planet4-slovenia-stateless\" data-stateless-media-name=\"2021\/02\/159b0dc0-untitled.png\" \/><\/a><\/figure>\n\n        <div class=\"wp-block-group is-layout-flow wp-block-group-is-layout-flow\">\n                <div class=\"wp-block-group is-layout-flex wp-block-group-is-layout-flex\"><div class=\"wp-block-post-terms\"><a href=\"https:\/\/www.greenpeace.org\/slovenia\/category\/teme\/narava\/\">Narava<\/a><\/div>\n                <div class=\"taxonomy-post_tag wp-block-post-terms\"><a href=\"https:\/\/www.greenpeace.org\/slovenia\/tag\/podnebje\/\" rel=\"tag\">Podnebje<\/a><span class=\"wp-block-post-terms__separator\"> <\/span><a href=\"https:\/\/www.greenpeace.org\/slovenia\/tag\/gozdovi\/\" rel=\"tag\">Gozdovi<\/a><span class=\"wp-block-post-terms__separator\"> <\/span><a href=\"https:\/\/www.greenpeace.org\/slovenia\/tag\/koronavirus\/\" rel=\"tag\">Koronavirus<\/a><\/div>\n                \n                <\/div>\n                \n        <h3 class=\"wp-block-post-title\"><a href=\"https:\/\/www.greenpeace.org\/slovenia\/blog\/3731\/zapolnili-smo-nabiralnik-ministrstva-za-okolje-in-prostor\/\" target=\"_self\" >Zapolnili smo nabiralnik Ministrstva za okolje in prostor<\/a><\/h3>\n        <div class=\"wp-block-post-excerpt\"><p class=\"wp-block-post-excerpt__excerpt\">Danes, 11. februarja ob polno\u010di, se zaklju\u010duje javna razprava v zvezi s predlaganimi spremembami Zakona o varstvu okolja. Ker gre za pomembne spremembe, ki bodo mo\u010dno vplivale na izvajanje dolo\u010denih&hellip; <\/p><\/div>\n        \n        <div class=\"wp-block-group posts-list-meta is-layout-flow wp-block-group-is-layout-flow\"><span class='article-list-item-author'>Greenpeace v Sloveniji<\/span>\n        <div class=\"wp-block-post-date\"><time datetime=\"2021-02-11T09:34:40+01:00\">11 februarja, 2021<\/time><\/div>\n        \n        <\/div>\n        <\/div>\n        <\/div>\n\n            <\/li><li class=\"wp-block-post post-3690 post type-post status-publish format-standard has-post-thumbnail hentry category-podnebje tag-podnebje tag-koronavirus p4-page-type-sporocilo-za-javnost\">\n            \n<div class=\"wp-block-columns is-layout-flex wp-container-core-columns-is-layout-9d6595d7 wp-block-columns-is-layout-flex\"><figure class=\"wp-block-post-featured-image\"><a href=\"https:\/\/www.greenpeace.org\/slovenia\/sporocilo-za-javnost\/3690\/predsednik-biden-katero-prihodnost-boste-prinesli\/\" target=\"_self\"  ><img loading=\"lazy\" decoding=\"async\" width=\"1920\" height=\"2560\" src=\"https:\/\/www.greenpeace.org\/static\/planet4-slovenia-stateless\/2021\/01\/73f20b15-u.s.-embassy-biden-photo_083628-scaled.jpg\" class=\"attachment-post-thumbnail size-post-thumbnail wp-post-image wp-stateless-item\" alt=\"Predsednik Biden, katero prihodnost boste prinesli?\" style=\"object-fit:cover;\" srcset=\"https:\/\/www.greenpeace.org\/static\/planet4-slovenia-stateless\/2021\/01\/73f20b15-u.s.-embassy-biden-photo_083628-scaled.jpg 1920w, https:\/\/www.greenpeace.org\/static\/planet4-slovenia-stateless\/2021\/01\/73f20b15-u.s.-embassy-biden-photo_083628-225x300.jpg 225w, https:\/\/www.greenpeace.org\/static\/planet4-slovenia-stateless\/2021\/01\/73f20b15-u.s.-embassy-biden-photo_083628-768x1024.jpg 768w, https:\/\/www.greenpeace.org\/static\/planet4-slovenia-stateless\/2021\/01\/73f20b15-u.s.-embassy-biden-photo_083628-1152x1536.jpg 1152w, https:\/\/www.greenpeace.org\/static\/planet4-slovenia-stateless\/2021\/01\/73f20b15-u.s.-embassy-biden-photo_083628-1536x2048.jpg 1536w, https:\/\/www.greenpeace.org\/static\/planet4-slovenia-stateless\/2021\/01\/73f20b15-u.s.-embassy-biden-photo_083628-1025x1366.jpg 1025w, https:\/\/www.greenpeace.org\/static\/planet4-slovenia-stateless\/2021\/01\/73f20b15-u.s.-embassy-biden-photo_083628-255x340.jpg 255w\" sizes=\"auto, (max-width: 1920px) 100vw, 1920px\" data-image-size=\"post-thumbnail\" data-stateless-media-bucket=\"planet4-slovenia-stateless\" data-stateless-media-name=\"2021\/01\/73f20b15-u.s.-embassy-biden-photo_083628-scaled.jpg\" \/><\/a><\/figure>\n\n        <div class=\"wp-block-group is-layout-flow wp-block-group-is-layout-flow\">\n                <div class=\"wp-block-group is-layout-flex wp-block-group-is-layout-flex\"><div class=\"wp-block-post-terms\"><a href=\"https:\/\/www.greenpeace.org\/slovenia\/category\/teme\/podnebje\/\">Podnebje<\/a><\/div>\n                <div class=\"taxonomy-post_tag wp-block-post-terms\"><a href=\"https:\/\/www.greenpeace.org\/slovenia\/tag\/podnebje\/\" rel=\"tag\">Podnebje<\/a><span class=\"wp-block-post-terms__separator\"> <\/span><a href=\"https:\/\/www.greenpeace.org\/slovenia\/tag\/koronavirus\/\" rel=\"tag\">Koronavirus<\/a><\/div>\n                \n                <\/div>\n                \n        <h3 class=\"wp-block-post-title\"><a href=\"https:\/\/www.greenpeace.org\/slovenia\/sporocilo-za-javnost\/3690\/predsednik-biden-katero-prihodnost-boste-prinesli\/\" target=\"_self\" >Predsednik Biden, katero prihodnost boste prinesli?<\/a><\/h3>\n        <div class=\"wp-block-post-excerpt\"><p class=\"wp-block-post-excerpt__excerpt\">Greenpeace ZDA in umetnik Shepard Fairey v skupni kampanji spra\u0161ujeta predsednika Bidena: Katero prihodnost boste prinesli? <\/p><\/div>\n        \n        <div class=\"wp-block-group posts-list-meta is-layout-flow wp-block-group-is-layout-flow\"><span class='article-list-item-author'>Greenpeace v Sloveniji<\/span>\n        <div class=\"wp-block-post-date\"><time datetime=\"2021-01-26T16:56:04+01:00\">26 januarja, 2021<\/time><\/div>\n        \n        <\/div>\n        <\/div>\n        <\/div>\n\n            <\/li><\/ul>\n\n    \n<div class=\"wp-block-buttons carousel-controls is-horizontal is-content-justification-space-between is-nowrap is-layout-flex wp-container-core-buttons-is-layout-044bd602 wp-block-buttons-is-layout-flex\">\n            <div class=\"wp-block-button carousel-control-prev\"><button type=\"button\" class=\"wp-block-button__link wp-element-button\">Prev<\/button><\/div>\n        \n\n            <div class=\"wp-block-button carousel-control-next\"><button type=\"button\" class=\"wp-block-button__link wp-element-button\">Next<\/button><\/div>\n        <\/div>\n\n\n    <li class=\" wp-block-navigation-item see-all-link wp-block-navigation-link\"><a class=\"wp-block-navigation-item__content\"  href=\"http:\/\/www.greenpeace.org\/slovenia\/news-stories\/?tag=koronavirus\"><span class=\"wp-block-navigation-item__label\">See all stories<\/span><\/a><\/li><\/div>\n    \n    <div class=\"wp-block-query posts-list p4-query-loop is-custom-layout-grid is-layout-grid wp-container-core-query-is-layout-b8bb0bd1 wp-block-query-is-layout-grid\">\n        <div class=\"wp-block-group is-content-justification-space-between is-layout-flex wp-container-core-group-is-layout-3d213aab wp-block-group-is-layout-flex\"><h2 class=\"wp-block-heading\">Publications<\/h2>\n        <li class=\" wp-block-navigation-item see-all-link wp-block-navigation-link\"><a class=\"wp-block-navigation-item__content\"  href=\"http:\/\/www.greenpeace.org\/slovenia\/news-stories\/?tag=koronavirus&#038;post-type=\"><span class=\"wp-block-navigation-item__label\">See all stories<\/span><\/a><\/li>\n        \n        <\/div>\n        \n\n    <p style=\"margin-top: 24px; margin-bottom: 36px;\"><\/p>\n\n    <div class=\"wp-block-query-no-results\">\n        <p style=\"\">No posts found.<\/p>\n        <\/div>\n\n    \n\n    \n<div class=\"wp-block-buttons carousel-controls is-horizontal is-content-justification-space-between is-nowrap is-layout-flex wp-container-core-buttons-is-layout-044bd602 wp-block-buttons-is-layout-flex\">\n            <div class=\"wp-block-button carousel-control-prev\"><button type=\"button\" class=\"wp-block-button__link wp-element-button\">Prev<\/button><\/div>\n        \n\n            <div class=\"wp-block-button carousel-control-next\"><button type=\"button\" class=\"wp-block-button__link wp-element-button\">Next<\/button><\/div>\n        <\/div>\n\n\n    <li class=\" wp-block-navigation-item see-all-link wp-block-navigation-link\"><a class=\"wp-block-navigation-item__content\"  href=\"http:\/\/www.greenpeace.org\/slovenia\/news-stories\/?tag=koronavirus&#038;post-type=\"><span class=\"wp-block-navigation-item__label\">See all stories<\/span><\/a><\/li><\/div>\n    <div data-render=\"planet4-blocks\/happypoint\" data-attributes=\"{&quot;attributes&quot;:{&quot;opacity&quot;:30,&quot;mailing_list_iframe&quot;:true,&quot;override_default_content&quot;:false,&quot;local_content_provider&quot;:&quot;none&quot;}}\"><\/div>","protected":false},"excerpt":{"rendered":"<p>[Stran v nastajanju] \u017divljenje v celotni Evropi in ve\u010djem delu sveta se je zaradi pandemije virusa COVID-19 prakti\u010dno ustavilo. Na\u0161i otroci so namesto v vrtcih oz. \u0161olah ostali doma, \u0161tevilni med nami smo pisarni\u0161ko okolje ustvarili prav tako doma, stroka in znane osebe nas pozivajo naj &#8211; tako je, ostanemo doma. Izjeme so zdravstveno osebje, [&hellip;]<\/p>\n","protected":false},"author":25,"featured_media":0,"parent":0,"menu_order":0,"comment_status":"closed","ping_status":"closed","template":"","meta":{"ep_exclude_from_search":false,"p4_hide_page_title_checkbox":"","p4_title":"","p4_subtitle":"","p4_description":"","background_image_id":"","background_image":"","p4_button_title":"","p4_button_link":"","p4_button_link_checkbox":"","p4_og_title":"","p4_og_description":"","p4_og_image":"","p4_og_image_id":"","p4_seo_canonical_url":"","p4_campaign_name":"not set","p4_local_project":"","p4_basket_name":"not set","p4_department":"","footnotes":""},"categories":[],"tags":[],"class_list":["post-2686","page","type-page","status-publish","hentry"],"_links":{"self":[{"href":"https:\/\/www.greenpeace.org\/slovenia\/wp-json\/wp\/v2\/pages\/2686","targetHints":{"allow":["GET"]}}],"collection":[{"href":"https:\/\/www.greenpeace.org\/slovenia\/wp-json\/wp\/v2\/pages"}],"about":[{"href":"https:\/\/www.greenpeace.org\/slovenia\/wp-json\/wp\/v2\/types\/page"}],"author":[{"embeddable":true,"href":"https:\/\/www.greenpeace.org\/slovenia\/wp-json\/wp\/v2\/users\/25"}],"replies":[{"embeddable":true,"href":"https:\/\/www.greenpeace.org\/slovenia\/wp-json\/wp\/v2\/comments?post=2686"}],"version-history":[{"count":14,"href":"https:\/\/www.greenpeace.org\/slovenia\/wp-json\/wp\/v2\/pages\/2686\/revisions"}],"predecessor-version":[{"id":79143,"href":"https:\/\/www.greenpeace.org\/slovenia\/wp-json\/wp\/v2\/pages\/2686\/revisions\/79143"}],"wp:attachment":[{"href":"https:\/\/www.greenpeace.org\/slovenia\/wp-json\/wp\/v2\/media?parent=2686"}],"wp:term":[{"taxonomy":"category","embeddable":true,"href":"https:\/\/www.greenpeace.org\/slovenia\/wp-json\/wp\/v2\/categories?post=2686"},{"taxonomy":"post_tag","embeddable":true,"href":"https:\/\/www.greenpeace.org\/slovenia\/wp-json\/wp\/v2\/tags?post=2686"}],"curies":[{"name":"wp","href":"https:\/\/api.w.org\/{rel}","templated":true}]}}