{"id":28,"date":"2018-05-08T15:55:28","date_gmt":"2018-05-08T15:55:28","guid":{"rendered":"https:\/\/k8s.p4.greenpeace.org\/defaultcontent\/?page_id=28"},"modified":"2025-09-23T12:07:23","modified_gmt":"2025-09-23T10:07:23","slug":"osvobodimo-se-plastike","status":"publish","type":"page","link":"https:\/\/www.greenpeace.org\/slovenia\/ukrepaj\/osvobodimo-se-plastike\/","title":{"rendered":"Naredimo konec onesna\u017eevanju s plastiko za enkratno uporabo!"},"content":{"rendered":"\n                \n                <div class=\"wp-block-group alignfull is-layout-flow wp-block-group-is-layout-flow\">\n                \n                <div class=\"wp-block-group container is-layout-flow wp-block-group-is-layout-flow\">\n                \n                <div class=\"wp-block-media-text alignfull has-media-on-the-right is-stacked-on-mobile is-pattern-p4-page-header is-style-parallax\">\n\n                <div class=\"wp-block-media-text__content\">\n                    <div class=\"wp-block-group is-layout-flow wp-block-group-is-layout-flow\">\n                    \n                        <h1 class=\"wp-block-heading has-white-background-color has-background\">\n                            Naredimo konec onesna\u017eevanju s plastiko za enkratno uporabo!\n                        <\/h1>\n                    <\/div>\n                \n\n                \n\n                \n\n                <\/div>\n                <figure class=\"wp-block-media-text__media\">\n                    <img loading=\"lazy\" decoding=\"async\" width=\"800\" height=\"535\"\n                        src=\"https:\/\/www.greenpeace.org\/static\/planet4-slovenia-stateless\/2020\/07\/46875ad5-gp0stpywj_web_size_with_credit_line-1.jpg\"\n                        alt=\"\"\n                        sizes=\"auto, (min-width: 601px) 50vw, 100vw\" srcset=\"https:\/\/www.greenpeace.org\/static\/planet4-slovenia-stateless\/2020\/07\/46875ad5-gp0stpywj_web_size_with_credit_line-1.jpg 800w, https:\/\/www.greenpeace.org\/static\/planet4-slovenia-stateless\/2020\/07\/46875ad5-gp0stpywj_web_size_with_credit_line-1-300x201.jpg 300w, https:\/\/www.greenpeace.org\/static\/planet4-slovenia-stateless\/2020\/07\/46875ad5-gp0stpywj_web_size_with_credit_line-1-768x514.jpg 768w, https:\/\/www.greenpeace.org\/static\/planet4-slovenia-stateless\/2020\/07\/46875ad5-gp0stpywj_web_size_with_credit_line-1-508x340.jpg 508w\" class=\"wp-image-3195 size-full\"\n                    \/>\n                <\/figure>\n                <\/div>\n                \n                <\/div>\n                \n                <\/div>\n                \n                <p>Vsako minuto vsakega dne, vse dni v letu, v na\u0161ih oceanih pristane za en smetarski tovornjak plastike. <strong>V obdobju pandemije se je koli\u010dina plasti\u010dnih odpadkov, kot so na primer rokavice za enkratno uporabo in maske, \u0161e pove\u010dala.<\/strong> <strong>Na\u0161 planet se vse bolj du\u0161i v odpadni plastiki.<\/strong><\/p>\n<p>Podjetja nas \u017ee predolgo silijo v kupovanje njihovih izdelkov s plasti\u010dno embala\u017eo, prakti\u010dno nemogo\u010de je kupiti stvari, brez da bi bile zavite v plastiko. Dolga leta nas prepri\u010dujejo, da sta re\u0161itvi recikliranje in bolj\u0161e ravnanje z odpadki ter da je odgovornost za nastale odpadke le na nas. Edini na\u010din, da se kot dru\u017eba osvobodimo onesna\u017eenja s plastiko je, da najprej<strong> ZMANJ\u0160AMO proizvodnjo in porabo plastike za enkratno uporabo<\/strong>. Ustvariti moramo sisteme, ki bodo omogo\u010dali ponovno uporabo in polnjenje, saj bomo le s tem kon\u010dali dobo plastike za enkratno uporabo.<\/p>\n<p>Ne bomo se mogli preprosto \u00bbizreciklirati\u00ab ven iz te krize globalnega onesna\u017eenja s plastiko &#8212; <strong>zato se nam pridru\u017ei \u0161e danes!<\/strong><\/p>\n<p>\u00a0<\/p>\n\n<div class=\"wp-block-buttons is-horizontal is-content-justification-center is-layout-flex wp-container-core-buttons-is-layout-499968f5 wp-block-buttons-is-layout-flex\">\n<div class=\"wp-block-button has-custom-width wp-block-button__width-50 is-style-cta\"><a class=\"wp-block-button__link wp-element-button\" href=\"https:\/\/act.greenpeace.si\/osvobodimo-se-plastike\">PODPIRAM KAMPANJO OSVOBODIMO SE PLASTIKE!<\/a><\/div>\n<\/div>\n\n<div class=\"wp-block-planet4-blocks-counter\" data-render=\"planet4-blocks\/counter\" data-attributes=\"{&quot;attributes&quot;:{&quot;title&quot;:&quot;Dosedanja podpora kampanji proti plasti\u010dnemu onesna\u017eenju&quot;,&quot;description&quot;:&quot;Greenpeaceovo kampanjo proti plastiki je podprlo preko 7 milijonov ljudi iz celega sveta. V Sloveniji se je tej kampanji do sedaj pridru\u017eilo \u017ee preko 17 tiso\u010d ljudi!&quot;,&quot;completed&quot;:18050,&quot;completed_api&quot;:&quot;&quot;,&quot;target&quot;:20000,&quot;text&quot;:&quot;&quot;,&quot;style&quot;:&quot;bar&quot;},&quot;innerBlocks&quot;:[]}\"><\/div>\n\n<figure class=\"wp-block-image aligncenter size-full is-style-rounded\"><img loading=\"lazy\" decoding=\"async\" width=\"800\" height=\"533\" src=\"https:\/\/www.greenpeace.org\/static\/planet4-slovenia-stateless\/2020\/07\/97b96878-gp0stscdj_web_size.jpg\" alt=\"\" class=\"wp-image-3200\" srcset=\"https:\/\/www.greenpeace.org\/static\/planet4-slovenia-stateless\/2020\/07\/97b96878-gp0stscdj_web_size.jpg 800w, https:\/\/www.greenpeace.org\/static\/planet4-slovenia-stateless\/2020\/07\/97b96878-gp0stscdj_web_size-300x200.jpg 300w, https:\/\/www.greenpeace.org\/static\/planet4-slovenia-stateless\/2020\/07\/97b96878-gp0stscdj_web_size-768x512.jpg 768w, https:\/\/www.greenpeace.org\/static\/planet4-slovenia-stateless\/2020\/07\/97b96878-gp0stscdj_web_size-510x340.jpg 510w\" sizes=\"auto, (max-width: 800px) 100vw, 800px\" \/><figcaption class=\"wp-element-caption\">Plasti\u010dna embala\u017ea ob sadju in zelenjavi. (c) Greenpeace<\/figcaption><\/figure>\n<\/p>\n\n    <div class=\"wp-block-query posts-list p4-query-loop is-custom-layout-list is-layout-flow wp-block-query-is-layout-flow\">\n        <div class=\"wp-block-group is-content-justification-space-between is-layout-flex wp-container-core-group-is-layout-3d213aab wp-block-group-is-layout-flex\"><h2 class=\"wp-block-heading\">Zadnje objave<\/h2>\n        <li class=\" wp-block-navigation-item see-all-link wp-block-navigation-link\"><a class=\"wp-block-navigation-item__content\"  href=\"http:\/\/www.greenpeace.org\/slovenia\/news-stories\/?tag=plastika&#038;post-type=blog\"><span class=\"wp-block-navigation-item__label\">See all stories<\/span><\/a><\/li>\n        \n        <\/div>\n        \n\n    <p style=\"margin-top: 24px; margin-bottom: 36px;\"><\/p>\n\n    \n\n    <ul class=\"wp-block-post-template is-layout-flow wp-block-post-template-is-layout-flow\"><li class=\"wp-block-post post-50052 post type-post status-publish format-standard has-post-thumbnail hentry category-prekomerna-potrosnja tag-detox tag-plastika p4-page-type-blog\">\n            \n<div class=\"wp-block-columns is-layout-flex wp-container-core-columns-is-layout-9d6595d7 wp-block-columns-is-layout-flex\"><figure class=\"wp-block-post-featured-image\"><a href=\"https:\/\/www.greenpeace.org\/slovenia\/blog\/50052\/zgodba-o-greenpeacu-in-nevarnih-kemikalijah\/\" target=\"_self\"  ><img loading=\"lazy\" decoding=\"async\" width=\"477\" height=\"393\" src=\"https:\/\/www.greenpeace.org\/static\/planet4-slovenia-stateless\/2023\/02\/d8763809-screenshot-2023-02-16-ewz.png\" class=\"attachment-post-thumbnail size-post-thumbnail wp-post-image wp-stateless-item\" alt=\"Zgodba o Greenpeacu in nevarnih kemikalijah\" style=\"object-fit:cover;\" srcset=\"https:\/\/www.greenpeace.org\/static\/planet4-slovenia-stateless\/2023\/02\/d8763809-screenshot-2023-02-16-ewz.png 477w, https:\/\/www.greenpeace.org\/static\/planet4-slovenia-stateless\/2023\/02\/d8763809-screenshot-2023-02-16-ewz-300x247.png 300w, https:\/\/www.greenpeace.org\/static\/planet4-slovenia-stateless\/2023\/02\/d8763809-screenshot-2023-02-16-ewz-413x340.png 413w\" sizes=\"auto, (max-width: 477px) 100vw, 477px\" data-image-size=\"post-thumbnail\" data-stateless-media-bucket=\"planet4-slovenia-stateless\" data-stateless-media-name=\"2023\/02\/d8763809-screenshot-2023-02-16-ewz.png\" \/><\/a><\/figure>\n\n        <div class=\"wp-block-group is-layout-flow wp-block-group-is-layout-flow\">\n                <div class=\"wp-block-group is-layout-flex wp-block-group-is-layout-flex\"><div class=\"wp-block-post-terms\"><a href=\"https:\/\/www.greenpeace.org\/slovenia\/category\/teme\/prekomerna-potrosnja\/\">Prekomerna potro\u0161nja<\/a><\/div>\n                <div class=\"taxonomy-post_tag wp-block-post-terms\"><a href=\"https:\/\/www.greenpeace.org\/slovenia\/tag\/detox\/\" rel=\"tag\">Detox<\/a><span class=\"wp-block-post-terms__separator\"> <\/span><a href=\"https:\/\/www.greenpeace.org\/slovenia\/tag\/plastika\/\" rel=\"tag\">Plastika<\/a><\/div>\n                \n                <\/div>\n                \n        <h3 class=\"wp-block-post-title\"><a href=\"https:\/\/www.greenpeace.org\/slovenia\/blog\/50052\/zgodba-o-greenpeacu-in-nevarnih-kemikalijah\/\" target=\"_self\" >Zgodba o Greenpeacu in nevarnih kemikalijah<\/a><\/h3>\n        <div class=\"wp-block-post-excerpt\"><p class=\"wp-block-post-excerpt__excerpt\">Na prelomu tiso\u010dletja je bila Evropa v klju\u010dnem obdobju razvoja svoje politike o kemikalijah, znane kot uredba REACH. Ta naj bi bistveno izbolj\u0161ala na\u010din regulacije in uporabe kemikalij po vsej&hellip; <\/p><\/div>\n        \n        <div class=\"wp-block-group posts-list-meta is-layout-flow wp-block-group-is-layout-flow\"><span class='article-list-item-author'>Matja\u017e Dove\u010dar, Greenpeace<\/span>\n        <div class=\"wp-block-post-date\"><time datetime=\"2023-02-16T11:45:37+01:00\">16 februarja, 2023<\/time><\/div>\n        \n        <\/div>\n        <\/div>\n        <\/div>\n\n            <\/li><li class=\"wp-block-post post-49960 post type-post status-publish format-standard has-post-thumbnail hentry category-prekomerna-potrosnja tag-plastika tag-greenpeace p4-page-type-blog\">\n            \n<div class=\"wp-block-columns is-layout-flex wp-container-core-columns-is-layout-9d6595d7 wp-block-columns-is-layout-flex\"><figure class=\"wp-block-post-featured-image\"><a href=\"https:\/\/www.greenpeace.org\/slovenia\/blog\/49960\/namesto-crnega-ta-teden-obelezimo-zeleni-petek\/\" target=\"_self\"  ><img loading=\"lazy\" decoding=\"async\" width=\"1080\" height=\"1068\" src=\"https:\/\/www.greenpeace.org\/static\/planet4-slovenia-stateless\/2022\/11\/bf9b01fc-screenshot_20211127-065759_instagram.jpg\" class=\"attachment-post-thumbnail size-post-thumbnail wp-post-image wp-stateless-item\" alt=\"Namesto \u010drnega &#8211; ta teden obele\u017eimo zeleni petek \ud83d\udc9a\" style=\"object-fit:cover;\" srcset=\"https:\/\/www.greenpeace.org\/static\/planet4-slovenia-stateless\/2022\/11\/bf9b01fc-screenshot_20211127-065759_instagram.jpg 1080w, https:\/\/www.greenpeace.org\/static\/planet4-slovenia-stateless\/2022\/11\/bf9b01fc-screenshot_20211127-065759_instagram-300x297.jpg 300w, https:\/\/www.greenpeace.org\/static\/planet4-slovenia-stateless\/2022\/11\/bf9b01fc-screenshot_20211127-065759_instagram-1024x1013.jpg 1024w, https:\/\/www.greenpeace.org\/static\/planet4-slovenia-stateless\/2022\/11\/bf9b01fc-screenshot_20211127-065759_instagram-768x759.jpg 768w, https:\/\/www.greenpeace.org\/static\/planet4-slovenia-stateless\/2022\/11\/bf9b01fc-screenshot_20211127-065759_instagram-344x340.jpg 344w\" sizes=\"auto, (max-width: 1080px) 100vw, 1080px\" data-image-size=\"post-thumbnail\" data-stateless-media-bucket=\"planet4-slovenia-stateless\" data-stateless-media-name=\"2022\/11\/bf9b01fc-screenshot_20211127-065759_instagram.jpg\" \/><\/a><\/figure>\n\n        <div class=\"wp-block-group is-layout-flow wp-block-group-is-layout-flow\">\n                <div class=\"wp-block-group is-layout-flex wp-block-group-is-layout-flex\"><div class=\"wp-block-post-terms\"><a href=\"https:\/\/www.greenpeace.org\/slovenia\/category\/teme\/prekomerna-potrosnja\/\">Prekomerna potro\u0161nja<\/a><\/div>\n                <div class=\"taxonomy-post_tag wp-block-post-terms\"><a href=\"https:\/\/www.greenpeace.org\/slovenia\/tag\/plastika\/\" rel=\"tag\">Plastika<\/a><span class=\"wp-block-post-terms__separator\"> <\/span><a href=\"https:\/\/www.greenpeace.org\/slovenia\/tag\/greenpeace\/\" rel=\"tag\">Greenpeace<\/a><\/div>\n                \n                <\/div>\n                \n        <h3 class=\"wp-block-post-title\"><a href=\"https:\/\/www.greenpeace.org\/slovenia\/blog\/49960\/namesto-crnega-ta-teden-obelezimo-zeleni-petek\/\" target=\"_self\" >Namesto \u010drnega &#8211; ta teden obele\u017eimo zeleni petek \ud83d\udc9a<\/a><\/h3>\n        <div class=\"wp-block-post-excerpt\"><p class=\"wp-block-post-excerpt__excerpt\">Prepri\u010dani smo, da so tudi va\u0161i predalniki klasi\u010dne in elektronske po\u0161te te dni preplavljeni z \u201codli\u010dnimi ponudbami Black Friday\u201d. Raznovrstni oglasi nam vse glasneje sporo\u010dajo, da nikoli ve\u010d ne bo&hellip; <\/p><\/div>\n        \n        <div class=\"wp-block-group posts-list-meta is-layout-flow wp-block-group-is-layout-flow\"><span class='article-list-item-author'>Greenpeace v Sloveniji<\/span>\n        <div class=\"wp-block-post-date\"><time datetime=\"2022-11-23T10:31:16+01:00\">23 novembra, 2022<\/time><\/div>\n        \n        <\/div>\n        <\/div>\n        <\/div>\n\n            <\/li><li class=\"wp-block-post post-49470 post type-post status-publish format-standard has-post-thumbnail hentry category-prekomerna-potrosnja tag-plastika p4-page-type-blog\">\n            \n<div class=\"wp-block-columns is-layout-flex wp-container-core-columns-is-layout-9d6595d7 wp-block-columns-is-layout-flex\"><figure class=\"wp-block-post-featured-image\"><a href=\"https:\/\/www.greenpeace.org\/slovenia\/blog\/49470\/animirana-plasticna-zgodba-iz-juzne-koreje\/\" target=\"_self\"  ><img loading=\"lazy\" decoding=\"async\" width=\"1920\" height=\"1080\" src=\"https:\/\/www.greenpeace.org\/static\/planet4-slovenia-stateless\/2021\/12\/a635950e-plastic-story.png\" class=\"attachment-post-thumbnail size-post-thumbnail wp-post-image wp-stateless-item\" alt=\"Animirana &#8220;plasti\u010dna zgodba&#8221; iz Ju\u017ene Koreje\" style=\"object-fit:cover;\" srcset=\"https:\/\/www.greenpeace.org\/static\/planet4-slovenia-stateless\/2021\/12\/a635950e-plastic-story.png 1920w, https:\/\/www.greenpeace.org\/static\/planet4-slovenia-stateless\/2021\/12\/a635950e-plastic-story-300x169.png 300w, https:\/\/www.greenpeace.org\/static\/planet4-slovenia-stateless\/2021\/12\/a635950e-plastic-story-1024x576.png 1024w, https:\/\/www.greenpeace.org\/static\/planet4-slovenia-stateless\/2021\/12\/a635950e-plastic-story-768x432.png 768w, https:\/\/www.greenpeace.org\/static\/planet4-slovenia-stateless\/2021\/12\/a635950e-plastic-story-1536x864.png 1536w, https:\/\/www.greenpeace.org\/static\/planet4-slovenia-stateless\/2021\/12\/a635950e-plastic-story-510x287.png 510w\" sizes=\"auto, (max-width: 1920px) 100vw, 1920px\" data-image-size=\"post-thumbnail\" data-stateless-media-bucket=\"planet4-slovenia-stateless\" data-stateless-media-name=\"2021\/12\/a635950e-plastic-story.png\" \/><\/a><\/figure>\n\n        <div class=\"wp-block-group is-layout-flow wp-block-group-is-layout-flow\">\n                <div class=\"wp-block-group is-layout-flex wp-block-group-is-layout-flex\"><div class=\"wp-block-post-terms\"><a href=\"https:\/\/www.greenpeace.org\/slovenia\/category\/teme\/prekomerna-potrosnja\/\">Prekomerna potro\u0161nja<\/a><\/div>\n                <div class=\"taxonomy-post_tag wp-block-post-terms\"><a href=\"https:\/\/www.greenpeace.org\/slovenia\/tag\/plastika\/\" rel=\"tag\">Plastika<\/a><\/div>\n                \n                <\/div>\n                \n        <h3 class=\"wp-block-post-title\"><a href=\"https:\/\/www.greenpeace.org\/slovenia\/blog\/49470\/animirana-plasticna-zgodba-iz-juzne-koreje\/\" target=\"_self\" >Animirana &#8220;plasti\u010dna zgodba&#8221; iz Ju\u017ene Koreje<\/a><\/h3>\n        <div class=\"wp-block-post-excerpt\"><p class=\"wp-block-post-excerpt__excerpt\">Plasi\u010dna zgodba je postavljena v leto 2050, je ne\u017ena zgodba o vnukinji in dedku, ki si skupaj delita vsakdanje trenutke sredi onesna\u017eenja s plastiko, ki so ga desetletja prej povzro\u010dile korporacije. <\/p><\/div>\n        \n        <div class=\"wp-block-group posts-list-meta is-layout-flow wp-block-group-is-layout-flow\"><span class='article-list-item-author'>Greenpeace Slovenija<\/span>\n        <div class=\"wp-block-post-date\"><time datetime=\"2021-12-17T09:16:45+01:00\">17 decembra, 2021<\/time><\/div>\n        \n        <\/div>\n        <\/div>\n        <\/div>\n\n            <\/li><li class=\"wp-block-post post-3284 post type-post status-publish format-standard has-post-thumbnail hentry category-prekomerna-potrosnja tag-plastika tag-koronavirus p4-page-type-blog\">\n            \n<div class=\"wp-block-columns is-layout-flex wp-container-core-columns-is-layout-9d6595d7 wp-block-columns-is-layout-flex\"><figure class=\"wp-block-post-featured-image\"><a href=\"https:\/\/www.greenpeace.org\/slovenia\/blog\/3284\/maske-za-ponovno-uporabo-za-zascito-ljudi-in-planeta\/\" target=\"_self\"  ><img loading=\"lazy\" decoding=\"async\" width=\"1500\" height=\"1500\" src=\"https:\/\/www.greenpeace.org\/static\/planet4-slovenia-stateless\/2020\/07\/c15b5d1c-ppe-slide-1-si.jpg\" class=\"attachment-post-thumbnail size-post-thumbnail wp-post-image wp-stateless-item\" alt=\"Maske za ponovno uporabo &#8211; za za\u0161\u010dito ljudi in planeta\" style=\"object-fit:cover;\" srcset=\"https:\/\/www.greenpeace.org\/static\/planet4-slovenia-stateless\/2020\/07\/c15b5d1c-ppe-slide-1-si.jpg 1500w, https:\/\/www.greenpeace.org\/static\/planet4-slovenia-stateless\/2020\/07\/c15b5d1c-ppe-slide-1-si-300x300.jpg 300w, https:\/\/www.greenpeace.org\/static\/planet4-slovenia-stateless\/2020\/07\/c15b5d1c-ppe-slide-1-si-1024x1024.jpg 1024w, https:\/\/www.greenpeace.org\/static\/planet4-slovenia-stateless\/2020\/07\/c15b5d1c-ppe-slide-1-si-150x150.jpg 150w, https:\/\/www.greenpeace.org\/static\/planet4-slovenia-stateless\/2020\/07\/c15b5d1c-ppe-slide-1-si-768x768.jpg 768w, https:\/\/www.greenpeace.org\/static\/planet4-slovenia-stateless\/2020\/07\/c15b5d1c-ppe-slide-1-si-1366x1366.jpg 1366w, https:\/\/www.greenpeace.org\/static\/planet4-slovenia-stateless\/2020\/07\/c15b5d1c-ppe-slide-1-si-340x340.jpg 340w\" sizes=\"auto, (max-width: 1500px) 100vw, 1500px\" data-image-size=\"post-thumbnail\" data-stateless-media-bucket=\"planet4-slovenia-stateless\" data-stateless-media-name=\"2020\/07\/c15b5d1c-ppe-slide-1-si.jpg\" \/><\/a><\/figure>\n\n        <div class=\"wp-block-group is-layout-flow wp-block-group-is-layout-flow\">\n                <div class=\"wp-block-group is-layout-flex wp-block-group-is-layout-flex\"><div class=\"wp-block-post-terms\"><a href=\"https:\/\/www.greenpeace.org\/slovenia\/category\/teme\/prekomerna-potrosnja\/\">Prekomerna potro\u0161nja<\/a><\/div>\n                <div class=\"taxonomy-post_tag wp-block-post-terms\"><a href=\"https:\/\/www.greenpeace.org\/slovenia\/tag\/plastika\/\" rel=\"tag\">Plastika<\/a><span class=\"wp-block-post-terms__separator\"> <\/span><a href=\"https:\/\/www.greenpeace.org\/slovenia\/tag\/koronavirus\/\" rel=\"tag\">Koronavirus<\/a><\/div>\n                \n                <\/div>\n                \n        <h3 class=\"wp-block-post-title\"><a href=\"https:\/\/www.greenpeace.org\/slovenia\/blog\/3284\/maske-za-ponovno-uporabo-za-zascito-ljudi-in-planeta\/\" target=\"_self\" >Maske za ponovno uporabo &#8211; za za\u0161\u010dito ljudi in planeta<\/a><\/h3>\n        <div class=\"wp-block-post-excerpt\"><p class=\"wp-block-post-excerpt__excerpt\">Medtem ko pandemija COVID-19 \u0161e naprej pusto\u0161i po dr\u017eavah, kot so ZDA in Brazilija, znanstveniki po vsem svetu poudarjajo pomen no\u0161enja mask za obraz, da bi prepre\u010dili prenos virusa. <\/p><\/div>\n        \n        <div class=\"wp-block-group posts-list-meta is-layout-flow wp-block-group-is-layout-flow\"><span class='article-list-item-author'>Greenpeace v Sloveniji<\/span>\n        <div class=\"wp-block-post-date\"><time datetime=\"2020-07-29T08:46:28+02:00\">29 julija, 2020<\/time><\/div>\n        \n        <\/div>\n        <\/div>\n        <\/div>\n\n            <\/li><li class=\"wp-block-post post-3273 post type-post status-publish format-standard has-post-thumbnail hentry category-prekomerna-potrosnja tag-plastika p4-page-type-blog\">\n            \n<div class=\"wp-block-columns is-layout-flex wp-container-core-columns-is-layout-9d6595d7 wp-block-columns-is-layout-flex\"><figure class=\"wp-block-post-featured-image\"><a href=\"https:\/\/www.greenpeace.org\/slovenia\/blog\/3273\/5-nasvetov-s-katerimi-boste-druzinske-clane-in-prijatelje-prepricali-da-zmanjsajo-kolicino-odpadkov\/\" target=\"_self\"  ><img loading=\"lazy\" decoding=\"async\" width=\"1200\" height=\"795\" src=\"https:\/\/www.greenpeace.org\/static\/planet4-slovenia-stateless\/2020\/07\/287f01af-gp0sts32t.jpg\" class=\"attachment-post-thumbnail size-post-thumbnail wp-post-image wp-stateless-item\" alt=\"5 nasvetov, s katerimi boste dru\u017einske \u010dlane in prijatelje prepri\u010dali, da zmanj\u0161ajo koli\u010dino odpadkov\" style=\"object-fit:cover;\" srcset=\"https:\/\/www.greenpeace.org\/static\/planet4-slovenia-stateless\/2020\/07\/287f01af-gp0sts32t.jpg 1200w, https:\/\/www.greenpeace.org\/static\/planet4-slovenia-stateless\/2020\/07\/287f01af-gp0sts32t-300x199.jpg 300w, https:\/\/www.greenpeace.org\/static\/planet4-slovenia-stateless\/2020\/07\/287f01af-gp0sts32t-1024x678.jpg 1024w, https:\/\/www.greenpeace.org\/static\/planet4-slovenia-stateless\/2020\/07\/287f01af-gp0sts32t-768x509.jpg 768w, https:\/\/www.greenpeace.org\/static\/planet4-slovenia-stateless\/2020\/07\/287f01af-gp0sts32t-510x338.jpg 510w\" sizes=\"auto, (max-width: 1200px) 100vw, 1200px\" data-image-size=\"post-thumbnail\" data-stateless-media-bucket=\"planet4-slovenia-stateless\" data-stateless-media-name=\"2020\/07\/287f01af-gp0sts32t.jpg\" \/><\/a><\/figure>\n\n        <div class=\"wp-block-group is-layout-flow wp-block-group-is-layout-flow\">\n                <div class=\"wp-block-group is-layout-flex wp-block-group-is-layout-flex\"><div class=\"wp-block-post-terms\"><a href=\"https:\/\/www.greenpeace.org\/slovenia\/category\/teme\/prekomerna-potrosnja\/\">Prekomerna potro\u0161nja<\/a><\/div>\n                <div class=\"taxonomy-post_tag wp-block-post-terms\"><a href=\"https:\/\/www.greenpeace.org\/slovenia\/tag\/plastika\/\" rel=\"tag\">Plastika<\/a><\/div>\n                \n                <\/div>\n                \n        <h3 class=\"wp-block-post-title\"><a href=\"https:\/\/www.greenpeace.org\/slovenia\/blog\/3273\/5-nasvetov-s-katerimi-boste-druzinske-clane-in-prijatelje-prepricali-da-zmanjsajo-kolicino-odpadkov\/\" target=\"_self\" >5 nasvetov, s katerimi boste dru\u017einske \u010dlane in prijatelje prepri\u010dali, da zmanj\u0161ajo koli\u010dino odpadkov<\/a><\/h3>\n        <div class=\"wp-block-post-excerpt\"><p class=\"wp-block-post-excerpt__excerpt\">Zelo dobro razumete slabosti plastike, ampak ko va\u0161e ideje posredujete drugim, opazite, da drugi za te slabosti niso pretirano dojemljivi. &#8220;No\u010dem&#8221;, &#8220;Ni priro\u010dno&#8221;, &#8220;Ni higiensko&#8221;, &#8220;No\u010dem biti okolju prijazen\/a&#8221; \u2026&hellip; <\/p><\/div>\n        \n        <div class=\"wp-block-group posts-list-meta is-layout-flow wp-block-group-is-layout-flow\"><span class='article-list-item-author'><a href='https:\/\/www.greenpeace.org\/slovenia\/author\/ikavgic\/'>Ines Kavgi\u0107, Greenpeace<\/a><\/span>\n        <div class=\"wp-block-post-date\"><time datetime=\"2020-07-24T10:45:43+02:00\">24 julija, 2020<\/time><\/div>\n        \n        <\/div>\n        <\/div>\n        <\/div>\n\n            <\/li><\/ul>\n\n    \n<div class=\"wp-block-buttons carousel-controls is-horizontal is-content-justification-space-between is-nowrap is-layout-flex wp-container-core-buttons-is-layout-044bd602 wp-block-buttons-is-layout-flex\">\n            <div class=\"wp-block-button carousel-control-prev\"><button type=\"button\" class=\"wp-block-button__link wp-element-button\">Prev<\/button><\/div>\n        \n\n            <div class=\"wp-block-button carousel-control-next\"><button type=\"button\" class=\"wp-block-button__link wp-element-button\">Next<\/button><\/div>\n        <\/div>\n\n\n    <li class=\" wp-block-navigation-item see-all-link wp-block-navigation-link\"><a class=\"wp-block-navigation-item__content\"  href=\"http:\/\/www.greenpeace.org\/slovenia\/news-stories\/?tag=plastika&#038;post-type=blog\"><span class=\"wp-block-navigation-item__label\">See all stories<\/span><\/a><\/li><\/div>\n    ","protected":false},"excerpt":{"rendered":"<p>Na\u0161 planet se du\u0161i v odpadni plastiki. \u010cas je, da vsi skupaj (vklju\u010dno s podjetji in politiki) kon\u010damo dobo plastike za enkratno uporabo.<\/p>\n","protected":false},"author":1,"featured_media":2283,"parent":9,"menu_order":3,"comment_status":"closed","ping_status":"closed","template":"","meta":{"ep_exclude_from_search":false,"p4_hide_page_title_checkbox":"on","p4_title":"","p4_subtitle":"","p4_description":"","background_image_id":"","background_image":"","p4_button_title":"","p4_button_link":"","p4_button_link_checkbox":"","p4_og_title":"Osvobodimo se plastike","p4_og_description":"<p>Na\u0161 planet se du\u0161i v odpadni plastiki. \u010cas je, da vsi skupaj (vklju\u010dno s podjetji in politiki) kon\u010damo dobo plastike za enkratno uporabo.<\/p>","p4_og_image":"","p4_og_image_id":"","p4_seo_canonical_url":"","p4_campaign_name":"not set","p4_local_project":"not set","p4_basket_name":"not set","p4_department":"","footnotes":""},"categories":[42],"tags":[22],"class_list":["post-28","page","type-page","status-publish","has-post-thumbnail","hentry","category-prekomerna-potrosnja","tag-plastika"],"_links":{"self":[{"href":"https:\/\/www.greenpeace.org\/slovenia\/wp-json\/wp\/v2\/pages\/28","targetHints":{"allow":["GET"]}}],"collection":[{"href":"https:\/\/www.greenpeace.org\/slovenia\/wp-json\/wp\/v2\/pages"}],"about":[{"href":"https:\/\/www.greenpeace.org\/slovenia\/wp-json\/wp\/v2\/types\/page"}],"author":[{"embeddable":true,"href":"https:\/\/www.greenpeace.org\/slovenia\/wp-json\/wp\/v2\/users\/1"}],"replies":[{"embeddable":true,"href":"https:\/\/www.greenpeace.org\/slovenia\/wp-json\/wp\/v2\/comments?post=28"}],"version-history":[{"count":20,"href":"https:\/\/www.greenpeace.org\/slovenia\/wp-json\/wp\/v2\/pages\/28\/revisions"}],"predecessor-version":[{"id":53099,"href":"https:\/\/www.greenpeace.org\/slovenia\/wp-json\/wp\/v2\/pages\/28\/revisions\/53099"}],"up":[{"embeddable":true,"href":"https:\/\/www.greenpeace.org\/slovenia\/wp-json\/wp\/v2\/pages\/9"}],"wp:featuredmedia":[{"embeddable":true,"href":"https:\/\/www.greenpeace.org\/slovenia\/wp-json\/wp\/v2\/media\/2283"}],"wp:attachment":[{"href":"https:\/\/www.greenpeace.org\/slovenia\/wp-json\/wp\/v2\/media?parent=28"}],"wp:term":[{"taxonomy":"category","embeddable":true,"href":"https:\/\/www.greenpeace.org\/slovenia\/wp-json\/wp\/v2\/categories?post=28"},{"taxonomy":"post_tag","embeddable":true,"href":"https:\/\/www.greenpeace.org\/slovenia\/wp-json\/wp\/v2\/tags?post=28"}],"curies":[{"name":"wp","href":"https:\/\/api.w.org\/{rel}","templated":true}]}}