{"id":3386,"date":"2020-09-17T11:54:38","date_gmt":"2020-09-17T11:54:38","guid":{"rendered":"https:\/\/www.greenpeace.org\/slovenia\/trajnostnamobilnost\/"},"modified":"2026-04-08T10:56:12","modified_gmt":"2026-04-08T08:56:12","slug":"trajnostnamobilnost","status":"publish","type":"page","link":"https:\/\/www.greenpeace.org\/slovenia\/trajnostnamobilnost\/","title":{"rendered":"#TrajnostnaMobilnost"},"content":{"rendered":"\n                    <div class=\"wp-block-group is-vertical is-layout-flex wp-container-core-group-is-layout-8cf370e7 wp-block-group-is-layout-flex\">\n                    \n                                <p>Avtomobilska in letalska industrija radi promovirata svoje izdelke kot statusni simbol, vendar se moramo zavedati, da ti produkti samo \u0161e bolj poglabljajo podnebno krizo.  Ve\u010d kot \u010detrtina toplogrednih plinov v EU pride iz prometa, in ta podatek niti ne vklju\u010duje izpustov, ki jih proizvede petrokemijska industrija za proizvodnjo bencina in dizla. \u0160e bolj zaskrbljujo\u010de je, da v zadnjih letih ti izpusti \u0161e naprej nara\u0161\u010dajo.\r\n\r\nVemo in verjamemo, da je mogo\u010de razviti mobilnost, ki je okolju bolj prijazna in pravi\u010dnej\u0161a do vseh dru\u017ebenih skupin, hkrati pa tudi bolj varna za uporabnike od obstoje\u010de. Potrebno pa se bo postopno osvoboditi oprijema avtomobilske, letalske in naftne industrije.<\/p>\n                            \n\n                    \n                    <\/div>\n                    \n        <div class=\"wp-block-query actions-list p4-query-loop is-custom-layout-actions-list is-custom-layout-grid is-layout-grid wp-container-core-query-is-layout-29f43435 wp-block-query-is-layout-grid\"><h2 class=\"wp-block-heading\">Stvari, ki jih lahko storite<\/h2>\n        <p style=\"margin-top: 24px; margin-bottom: 32px;\">u017delimo da ukrepate, saj smo skupaj mou010dneju0161i.<\/p>\n        <div class=\"wp-block-query-no-results\">\n        <p >No posts found.<\/p>\n        <\/div>\n        \n        \n<div class=\"wp-block-buttons carousel-controls is-horizontal is-content-justification-space-between is-nowrap is-layout-flex wp-container-core-buttons-is-layout-044bd602 wp-block-buttons-is-layout-flex\">\n            <div class=\"wp-block-button carousel-control-prev\"><button type=\"button\" class=\"wp-block-button__link wp-element-button\">Prev<\/button><\/div>\n        \n\n            <div class=\"wp-block-button carousel-control-next\"><button type=\"button\" class=\"wp-block-button__link wp-element-button\">Next<\/button><\/div>\n        <\/div>\n\n        \n<div class=\"wp-block-buttons load-more-actions-container is-content-justification-center is-layout-flex wp-container-core-buttons-is-layout-16018d1d wp-block-buttons-is-layout-flex\">\n                <div class=\"wp-block-button is-style-secondary\"><button type=\"button\" class=\"wp-block-button__link wp-element-button\">Nalo\u017ei ve\u010d<\/button><\/div>\n            \n<\/div>\n<\/div>\n        \n    <div class=\"wp-block-query posts-list p4-query-loop is-custom-layout-list is-layout-flow wp-block-query-is-layout-flow\">\n        <div class=\"wp-block-group is-content-justification-space-between is-layout-flex wp-container-core-group-is-layout-3d213aab wp-block-group-is-layout-flex\"><h2 class=\"wp-block-heading\">Sorodni \u010dlanki<\/h2>\n        <li class=\" wp-block-navigation-item see-all-link wp-block-navigation-link\"><a class=\"wp-block-navigation-item__content\"  href=\"http:\/\/www.greenpeace.org\/slovenia\/news-stories\/?tag=trajnostnamobilnost\"><span class=\"wp-block-navigation-item__label\">See all stories<\/span><\/a><\/li>\n        \n        <\/div>\n        \n\n    <p style=\"margin-top: 24px; margin-bottom: 36px;\"><\/p>\n\n    \n\n    <ul class=\"wp-block-post-template is-layout-flow wp-block-post-template-is-layout-flow\"><li class=\"wp-block-post post-52031 post type-post status-publish format-standard has-post-thumbnail hentry category-podnebje tag-aktivizem tag-greenpeace tag-obnovljivivirienergije tag-trajnostnamobilnost tag-podnebje\">\n            \n<div class=\"wp-block-columns is-layout-flex wp-container-core-columns-is-layout-9d6595d7 wp-block-columns-is-layout-flex\"><figure class=\"wp-block-post-featured-image\"><a href=\"https:\/\/www.greenpeace.org\/slovenia\/blog\/52031\/besedam-naj-sledijo-dejanja-odpravite-okolju-skodljive-subvencije-poziv-vladi-ob-cop29-in-sprejemanju-podnebnega-zakona\/\" target=\"_self\"  ><img loading=\"lazy\" decoding=\"async\" width=\"2560\" height=\"1706\" src=\"https:\/\/www.greenpeace.org\/static\/planet4-slovenia-stateless\/2024\/11\/52dd7e44-novinarska-konferenca-18-11_pobuda-za-odpravo-subvencij-za-fosilna-goriva-scaled.jpeg\" class=\"attachment-post-thumbnail size-post-thumbnail wp-post-image wp-stateless-item\" alt=\"Besedam naj sledijo dejanja \u2013 odpravite okolju \u0161kodljive subvencije Poziv vladi ob COP29 in sprejemanju Podnebnega zakona\" style=\"object-fit:cover;\" srcset=\"https:\/\/www.greenpeace.org\/static\/planet4-slovenia-stateless\/2024\/11\/52dd7e44-novinarska-konferenca-18-11_pobuda-za-odpravo-subvencij-za-fosilna-goriva-scaled.jpeg 2560w, https:\/\/www.greenpeace.org\/static\/planet4-slovenia-stateless\/2024\/11\/52dd7e44-novinarska-konferenca-18-11_pobuda-za-odpravo-subvencij-za-fosilna-goriva-300x200.jpeg 300w, https:\/\/www.greenpeace.org\/static\/planet4-slovenia-stateless\/2024\/11\/52dd7e44-novinarska-konferenca-18-11_pobuda-za-odpravo-subvencij-za-fosilna-goriva-1024x682.jpeg 1024w, https:\/\/www.greenpeace.org\/static\/planet4-slovenia-stateless\/2024\/11\/52dd7e44-novinarska-konferenca-18-11_pobuda-za-odpravo-subvencij-za-fosilna-goriva-768x512.jpeg 768w, https:\/\/www.greenpeace.org\/static\/planet4-slovenia-stateless\/2024\/11\/52dd7e44-novinarska-konferenca-18-11_pobuda-za-odpravo-subvencij-za-fosilna-goriva-1536x1024.jpeg 1536w, https:\/\/www.greenpeace.org\/static\/planet4-slovenia-stateless\/2024\/11\/52dd7e44-novinarska-konferenca-18-11_pobuda-za-odpravo-subvencij-za-fosilna-goriva-2048x1366.jpeg 2048w, https:\/\/www.greenpeace.org\/static\/planet4-slovenia-stateless\/2024\/11\/52dd7e44-novinarska-konferenca-18-11_pobuda-za-odpravo-subvencij-za-fosilna-goriva-510x340.jpeg 510w\" sizes=\"auto, (max-width: 2560px) 100vw, 2560px\" data-image-size=\"post-thumbnail\" data-stateless-media-bucket=\"planet4-slovenia-stateless\" data-stateless-media-name=\"2024\/11\/52dd7e44-novinarska-konferenca-18-11_pobuda-za-odpravo-subvencij-za-fosilna-goriva-scaled.jpeg\" \/><\/a><\/figure>\n\n        <div class=\"wp-block-group is-layout-flow wp-block-group-is-layout-flow\">\n                <div class=\"wp-block-group is-layout-flex wp-block-group-is-layout-flex\"><div class=\"wp-block-post-terms\"><a href=\"https:\/\/www.greenpeace.org\/slovenia\/category\/teme\/podnebje\/\">Podnebje<\/a><\/div>\n                <div class=\"taxonomy-post_tag wp-block-post-terms\"><a href=\"https:\/\/www.greenpeace.org\/slovenia\/tag\/aktivizem\/\" rel=\"tag\">Aktivizem<\/a><span class=\"wp-block-post-terms__separator\"> <\/span><a href=\"https:\/\/www.greenpeace.org\/slovenia\/tag\/greenpeace\/\" rel=\"tag\">Greenpeace<\/a><span class=\"wp-block-post-terms__separator\"> <\/span><a href=\"https:\/\/www.greenpeace.org\/slovenia\/tag\/obnovljivivirienergije\/\" rel=\"tag\">Obnovljivi viri energije<\/a><span class=\"wp-block-post-terms__separator\"> <\/span><a href=\"https:\/\/www.greenpeace.org\/slovenia\/tag\/trajnostnamobilnost\/\" rel=\"tag\">Trajnostna mobilnost<\/a><span class=\"wp-block-post-terms__separator\"> <\/span><a href=\"https:\/\/www.greenpeace.org\/slovenia\/tag\/podnebje\/\" rel=\"tag\">Podnebje<\/a><\/div>\n                \n                <\/div>\n                \n        <h3 class=\"wp-block-post-title\"><a href=\"https:\/\/www.greenpeace.org\/slovenia\/blog\/52031\/besedam-naj-sledijo-dejanja-odpravite-okolju-skodljive-subvencije-poziv-vladi-ob-cop29-in-sprejemanju-podnebnega-zakona\/\" target=\"_self\" >Besedam naj sledijo dejanja \u2013 odpravite okolju \u0161kodljive subvencije Poziv vladi ob COP29 in sprejemanju Podnebnega zakona<\/a><\/h3>\n        <div class=\"wp-block-post-excerpt\"><p class=\"wp-block-post-excerpt__excerpt\">Ljubljana, 18. 11. 2024: Ob boku 29. Konference Zdru\u017eenih narodov opodnebnih spremembah&#8230; <\/p><\/div>\n        \n        <div class=\"wp-block-group posts-list-meta is-layout-flow wp-block-group-is-layout-flow\"><span class='article-list-item-author'>Greenpeace Slovenija<\/span>\n        <div class=\"wp-block-post-date\"><time datetime=\"2024-11-18T11:59:00+01:00\">18 novembra, 2024<\/time><\/div>\n        \n        <\/div>\n        <\/div>\n        <\/div>\n\n            <\/li><li class=\"wp-block-post post-50430 post type-post status-publish format-standard has-post-thumbnail hentry category-podnebje tag-trajnostnamobilnost\">\n            \n<div class=\"wp-block-columns is-layout-flex wp-container-core-columns-is-layout-9d6595d7 wp-block-columns-is-layout-flex\"><figure class=\"wp-block-post-featured-image\"><a href=\"https:\/\/www.greenpeace.org\/slovenia\/blog\/50430\/greenpeaceova-analiza-bozicno-in-novoletno-potovanje-v-in-iz-ljubljane-z-vlakom-24-drazje-kot-z-letalom\/\" target=\"_self\"  ><img loading=\"lazy\" decoding=\"async\" width=\"1080\" height=\"1080\" src=\"https:\/\/www.greenpeace.org\/static\/planet4-slovenia-stateless\/2023\/12\/1af6740e-greenpeace-sm.png\" class=\"attachment-post-thumbnail size-post-thumbnail wp-post-image wp-stateless-item\" alt=\"Greenpeaceova analiza: Bo\u017ei\u010dno in novoletno potovanje v in iz Ljubljane z vlakom 24 % dra\u017eje kot z letalom\" style=\"object-fit:cover;\" srcset=\"https:\/\/www.greenpeace.org\/static\/planet4-slovenia-stateless\/2023\/12\/1af6740e-greenpeace-sm.png 1080w, https:\/\/www.greenpeace.org\/static\/planet4-slovenia-stateless\/2023\/12\/1af6740e-greenpeace-sm-300x300.png 300w, https:\/\/www.greenpeace.org\/static\/planet4-slovenia-stateless\/2023\/12\/1af6740e-greenpeace-sm-1024x1024.png 1024w, https:\/\/www.greenpeace.org\/static\/planet4-slovenia-stateless\/2023\/12\/1af6740e-greenpeace-sm-150x150.png 150w, https:\/\/www.greenpeace.org\/static\/planet4-slovenia-stateless\/2023\/12\/1af6740e-greenpeace-sm-768x768.png 768w, https:\/\/www.greenpeace.org\/static\/planet4-slovenia-stateless\/2023\/12\/1af6740e-greenpeace-sm-340x340.png 340w\" sizes=\"auto, (max-width: 1080px) 100vw, 1080px\" data-image-size=\"post-thumbnail\" data-stateless-media-bucket=\"planet4-slovenia-stateless\" data-stateless-media-name=\"2023\/12\/1af6740e-greenpeace-sm.png\" \/><\/a><\/figure>\n\n        <div class=\"wp-block-group is-layout-flow wp-block-group-is-layout-flow\">\n                <div class=\"wp-block-group is-layout-flex wp-block-group-is-layout-flex\"><div class=\"wp-block-post-terms\"><a href=\"https:\/\/www.greenpeace.org\/slovenia\/category\/teme\/podnebje\/\">Podnebje<\/a><\/div>\n                <div class=\"taxonomy-post_tag wp-block-post-terms\"><a href=\"https:\/\/www.greenpeace.org\/slovenia\/tag\/trajnostnamobilnost\/\" rel=\"tag\">Trajnostna mobilnost<\/a><\/div>\n                \n                <\/div>\n                \n        <h3 class=\"wp-block-post-title\"><a href=\"https:\/\/www.greenpeace.org\/slovenia\/blog\/50430\/greenpeaceova-analiza-bozicno-in-novoletno-potovanje-v-in-iz-ljubljane-z-vlakom-24-drazje-kot-z-letalom\/\" target=\"_self\" >Greenpeaceova analiza: Bo\u017ei\u010dno in novoletno potovanje v in iz Ljubljane z vlakom 24 % dra\u017eje kot z letalom<\/a><\/h3>\n        <div class=\"wp-block-post-excerpt\"><p class=\"wp-block-post-excerpt__excerpt\">V \u010dasu, ko se Slovenci odpravljamo domov, da obi\u0161\u010demo dru\u017eino in prijatelje, ali potujemo na po\u010ditnice za bo\u017ei\u010d in novo leto, je Greenpeace primerjal stro\u0161ke \u017eelezni\u0161kega in letalskega potovanja med&hellip; <\/p><\/div>\n        \n        <div class=\"wp-block-group posts-list-meta is-layout-flow wp-block-group-is-layout-flow\"><span class='article-list-item-author'>Greenpeace v Sloveniji<\/span>\n        <div class=\"wp-block-post-date\"><time datetime=\"2023-12-20T12:30:59+01:00\">20 decembra, 2023<\/time><\/div>\n        \n        <\/div>\n        <\/div>\n        <\/div>\n\n            <\/li><li class=\"wp-block-post post-50365 post type-post status-publish format-standard has-post-thumbnail hentry category-uncategorized tag-trajnostnamobilnost\">\n            \n<div class=\"wp-block-columns is-layout-flex wp-container-core-columns-is-layout-9d6595d7 wp-block-columns-is-layout-flex\"><figure class=\"wp-block-post-featured-image\"><a href=\"https:\/\/www.greenpeace.org\/slovenia\/blog\/50365\/evropske-drzave-so-v-zadnjih-treh-desetletjih-porabile-66-vec-za-ceste-kot-za-zeleznice-kar-je-mocno-skrcilo-zeleznisko-omrezje-kaze-nova-analiza\/\" target=\"_self\"  ><img loading=\"lazy\" decoding=\"async\" width=\"1200\" height=\"900\" src=\"https:\/\/www.greenpeace.org\/static\/planet4-slovenia-stateless\/2023\/09\/6ed8dd43-fund-rail-not-road_credit-mitja-kobal_greenpeace.jpg\" class=\"attachment-post-thumbnail size-post-thumbnail wp-post-image wp-stateless-item\" alt=\"Evropske dr\u017eave so v zadnjih treh desetletjih porabile 66 % ve\u010d za ceste kot za \u017eeleznice, kar je mo\u010dno skr\u010dilo \u017eelezni\u0161ko omre\u017eje, ka\u017ee nova analiza\" style=\"object-fit:cover;\" srcset=\"https:\/\/www.greenpeace.org\/static\/planet4-slovenia-stateless\/2023\/09\/6ed8dd43-fund-rail-not-road_credit-mitja-kobal_greenpeace.jpg 1200w, https:\/\/www.greenpeace.org\/static\/planet4-slovenia-stateless\/2023\/09\/6ed8dd43-fund-rail-not-road_credit-mitja-kobal_greenpeace-300x225.jpg 300w, https:\/\/www.greenpeace.org\/static\/planet4-slovenia-stateless\/2023\/09\/6ed8dd43-fund-rail-not-road_credit-mitja-kobal_greenpeace-1024x768.jpg 1024w, https:\/\/www.greenpeace.org\/static\/planet4-slovenia-stateless\/2023\/09\/6ed8dd43-fund-rail-not-road_credit-mitja-kobal_greenpeace-768x576.jpg 768w, https:\/\/www.greenpeace.org\/static\/planet4-slovenia-stateless\/2023\/09\/6ed8dd43-fund-rail-not-road_credit-mitja-kobal_greenpeace-453x340.jpg 453w\" sizes=\"auto, (max-width: 1200px) 100vw, 1200px\" data-image-size=\"post-thumbnail\" data-stateless-media-bucket=\"planet4-slovenia-stateless\" data-stateless-media-name=\"2023\/09\/6ed8dd43-fund-rail-not-road_credit-mitja-kobal_greenpeace.jpg\" \/><\/a><\/figure>\n\n        <div class=\"wp-block-group is-layout-flow wp-block-group-is-layout-flow\">\n                <div class=\"wp-block-group is-layout-flex wp-block-group-is-layout-flex\"><div class=\"wp-block-post-terms\"><a href=\"https:\/\/www.greenpeace.org\/slovenia\/category\/uncategorized\/\">Uncategorized<\/a><\/div>\n                <div class=\"taxonomy-post_tag wp-block-post-terms\"><a href=\"https:\/\/www.greenpeace.org\/slovenia\/tag\/trajnostnamobilnost\/\" rel=\"tag\">Trajnostna mobilnost<\/a><\/div>\n                \n                <\/div>\n                \n        <h3 class=\"wp-block-post-title\"><a href=\"https:\/\/www.greenpeace.org\/slovenia\/blog\/50365\/evropske-drzave-so-v-zadnjih-treh-desetletjih-porabile-66-vec-za-ceste-kot-za-zeleznice-kar-je-mocno-skrcilo-zeleznisko-omrezje-kaze-nova-analiza\/\" target=\"_self\" >Evropske dr\u017eave so v zadnjih treh desetletjih porabile 66 % ve\u010d za ceste kot za \u017eeleznice, kar je mo\u010dno skr\u010dilo \u017eelezni\u0161ko omre\u017eje, ka\u017ee nova analiza<\/a><\/h3>\n        <div class=\"wp-block-post-excerpt\"><p class=\"wp-block-post-excerpt__excerpt\">Ljubljana, 19. 9. 2023 \u2013 Evropa je v zadnjih 30 letih sistemati\u010dno izstradala svoja regionalna in lokalna \u017eelezni\u0161ka omre\u017eja, medtem pa \u010drpala trilijone v ceste za avtomobile na naftni pogon,&hellip; <\/p><\/div>\n        \n        <div class=\"wp-block-group posts-list-meta is-layout-flow wp-block-group-is-layout-flow\"><span class='article-list-item-author'>Greenpeace v Sloveniji<\/span>\n        <div class=\"wp-block-post-date\"><time datetime=\"2023-09-19T11:14:32+02:00\">19 septembra, 2023<\/time><\/div>\n        \n        <\/div>\n        <\/div>\n        <\/div>\n\n            <\/li><\/ul>\n\n    \n<div class=\"wp-block-buttons carousel-controls is-horizontal is-content-justification-space-between is-nowrap is-layout-flex wp-container-core-buttons-is-layout-044bd602 wp-block-buttons-is-layout-flex\">\n            <div class=\"wp-block-button carousel-control-prev\"><button type=\"button\" class=\"wp-block-button__link wp-element-button\">Prev<\/button><\/div>\n        \n\n            <div class=\"wp-block-button carousel-control-next\"><button type=\"button\" class=\"wp-block-button__link wp-element-button\">Next<\/button><\/div>\n        <\/div>\n\n\n    <li class=\" wp-block-navigation-item see-all-link wp-block-navigation-link\"><a class=\"wp-block-navigation-item__content\"  href=\"http:\/\/www.greenpeace.org\/slovenia\/news-stories\/?tag=trajnostnamobilnost\"><span class=\"wp-block-navigation-item__label\">See all stories<\/span><\/a><\/li><\/div>\n    \n    <div class=\"wp-block-query posts-list p4-query-loop is-custom-layout-grid is-layout-grid wp-container-core-query-is-layout-b8bb0bd1 wp-block-query-is-layout-grid\">\n        <div class=\"wp-block-group is-content-justification-space-between is-layout-flex wp-container-core-group-is-layout-3d213aab wp-block-group-is-layout-flex\"><h2 class=\"wp-block-heading\">Publications<\/h2>\n        <li class=\" wp-block-navigation-item see-all-link wp-block-navigation-link\"><a class=\"wp-block-navigation-item__content\"  href=\"http:\/\/www.greenpeace.org\/slovenia\/news-stories\/?tag=trajnostnamobilnost&#038;post-type=\"><span class=\"wp-block-navigation-item__label\">See all stories<\/span><\/a><\/li>\n        \n        <\/div>\n        \n\n    <p style=\"margin-top: 24px; margin-bottom: 36px;\"><\/p>\n\n    <div class=\"wp-block-query-no-results\">\n        <p style=\"\">No posts found.<\/p>\n        <\/div>\n\n    \n\n    \n<div class=\"wp-block-buttons carousel-controls is-horizontal is-content-justification-space-between is-nowrap is-layout-flex wp-container-core-buttons-is-layout-044bd602 wp-block-buttons-is-layout-flex\">\n            <div class=\"wp-block-button carousel-control-prev\"><button type=\"button\" class=\"wp-block-button__link wp-element-button\">Prev<\/button><\/div>\n        \n\n            <div class=\"wp-block-button carousel-control-next\"><button type=\"button\" class=\"wp-block-button__link wp-element-button\">Next<\/button><\/div>\n        <\/div>\n\n\n    <li class=\" wp-block-navigation-item see-all-link wp-block-navigation-link\"><a class=\"wp-block-navigation-item__content\"  href=\"http:\/\/www.greenpeace.org\/slovenia\/news-stories\/?tag=trajnostnamobilnost&#038;post-type=\"><span class=\"wp-block-navigation-item__label\">See all stories<\/span><\/a><\/li><\/div>\n    <div data-render=\"planet4-blocks\/happypoint\" data-attributes=\"{&quot;attributes&quot;:{&quot;mailing_list_iframe&quot;:true,&quot;opacity&quot;:30,&quot;override_default_content&quot;:false,&quot;local_content_provider&quot;:&quot;none&quot;}}\"><\/div>","protected":false},"excerpt":{"rendered":"<p>Avtomobilska in letalska industrija radi promovirata svoje izdelke kot statusni simbol, vendar se moramo zavedati, da ti produkti samo \u0161e bolj poglabljajo podnebno krizo. Ve\u010d kot \u010detrtina toplogrednih plinov v EU pride iz prometa, in ta podatek niti ne vklju\u010duje izpustov, ki jih proizvede petrokemijska industrija za proizvodnjo bencina in dizla. \u0160e bolj zaskrbljujo\u010de je, [&hellip;]<\/p>\n","protected":false},"author":25,"featured_media":0,"parent":0,"menu_order":0,"comment_status":"closed","ping_status":"closed","template":"","meta":{"ep_exclude_from_search":false,"p4_hide_page_title_checkbox":"","p4_title":"","p4_subtitle":"","p4_description":"","background_image_id":"","background_image":"","p4_button_title":"","p4_button_link":"","p4_button_link_checkbox":"","p4_og_title":"","p4_og_description":"","p4_og_image":"","p4_og_image_id":"","p4_seo_canonical_url":"","p4_campaign_name":"","p4_local_project":"","p4_basket_name":"","p4_department":"","footnotes":""},"categories":[],"tags":[],"class_list":["post-3386","page","type-page","status-publish","hentry"],"_links":{"self":[{"href":"https:\/\/www.greenpeace.org\/slovenia\/wp-json\/wp\/v2\/pages\/3386","targetHints":{"allow":["GET"]}}],"collection":[{"href":"https:\/\/www.greenpeace.org\/slovenia\/wp-json\/wp\/v2\/pages"}],"about":[{"href":"https:\/\/www.greenpeace.org\/slovenia\/wp-json\/wp\/v2\/types\/page"}],"author":[{"embeddable":true,"href":"https:\/\/www.greenpeace.org\/slovenia\/wp-json\/wp\/v2\/users\/25"}],"replies":[{"embeddable":true,"href":"https:\/\/www.greenpeace.org\/slovenia\/wp-json\/wp\/v2\/comments?post=3386"}],"version-history":[{"count":14,"href":"https:\/\/www.greenpeace.org\/slovenia\/wp-json\/wp\/v2\/pages\/3386\/revisions"}],"predecessor-version":[{"id":79141,"href":"https:\/\/www.greenpeace.org\/slovenia\/wp-json\/wp\/v2\/pages\/3386\/revisions\/79141"}],"wp:attachment":[{"href":"https:\/\/www.greenpeace.org\/slovenia\/wp-json\/wp\/v2\/media?parent=3386"}],"wp:term":[{"taxonomy":"category","embeddable":true,"href":"https:\/\/www.greenpeace.org\/slovenia\/wp-json\/wp\/v2\/categories?post=3386"},{"taxonomy":"post_tag","embeddable":true,"href":"https:\/\/www.greenpeace.org\/slovenia\/wp-json\/wp\/v2\/tags?post=3386"}],"curies":[{"name":"wp","href":"https:\/\/api.w.org\/{rel}","templated":true}]}}